{"id":15818,"date":"2023-07-15T07:44:18","date_gmt":"2023-07-15T07:44:18","guid":{"rendered":"https:\/\/www.ticketswhales.com\/las-terrenas-cayo-levantado-bacardi-island-day-trip-tour\/"},"modified":"2023-07-15T07:44:18","modified_gmt":"2023-07-15T07:44:18","slug":"las-terrenas-cayo-levantado-bacardi-island-day-trip-tour","status":"publish","type":"page","link":"https:\/\/www.boattoursamana.com\/sr\/%d0%bb%d0%b0%d1%81-%d1%82%d0%b5%d1%80%d1%80%d0%b5%d0%bd%d0%b0%d1%81-%d1%86%d0%b0%d0%b8%d0%be-%d0%bb%d0%b5%d0%b2%d0%b0%d0%bd%d1%82%d0%b0%d0%b4%d0%be-%d0%b1%d0%b0%d1%86%d0%b0%d1%80%d0%b4%d0%b8-%d0%b8","title":{"rendered":"\u041b\u0430\u0441 \u0422\u0435\u0440\u0440\u0435\u043d\u0430\u0441 \u0426\u0430\u0438\u043e \u041b\u0435\u0432\u0430\u043d\u0442\u0430\u0434\u043e (\u043e\u0441\u0442\u0440\u0432\u043e \u0411\u0430\u043a\u0430\u0440\u0434\u0438) \u0408\u0435\u0434\u043d\u043e\u0434\u043d\u0435\u0432\u043d\u0438 \u0438\u0437\u043b\u0435\u0442"},"content":{"rendered":"<p><span style=\"vertical-align: inherit;\"><span style=\"vertical-align: inherit;\"><span style=\"vertical-align: inherit;\"><span style=\"vertical-align: inherit;\">\u00a1\u0415\u043a\u0446\u0443\u0440\u0441\u0438\u043e\u043d \u0434\u0435 \u0443\u043d \u0434\u0438\u0430 \u0430 \u043b\u0430 \u043f\u043b\u0430\u0438\u0430 \u0434\u0435 \u043b\u0430 \u0438\u0441\u043b\u0430 \u0411\u0430\u0446\u0430\u0440\u0434\u0438 (\u0426\u0430\u0438\u043e \u041b\u0435\u0432\u0430\u043d\u0442\u0430\u0434\u043e)! <\/span><\/span><\/span><span style=\"vertical-align: inherit;\"><span style=\"vertical-align: inherit;\"><span style=\"vertical-align: inherit;\">\u0426\u043e\u043d\u0441\u0438\u0433\u0430 \u0441\u0443\u0441 \u0435\u043d\u0442\u0440\u0430\u0434\u0430\u0441 \u0438 \u0430\u043b\u043c\u0443\u0435\u0440\u0446\u0435 \u0435\u043d \u043b\u0430 \u043f\u043b\u0430\u0438\u0430. <\/span><\/span><\/span><span style=\"vertical-align: inherit;\"><span style=\"vertical-align: inherit;\"><span style=\"vertical-align: inherit;\">\u0422\u0440\u0430\u0441\u043b\u0430\u0434\u043e \u0435\u043d \u0431\u0430\u0440\u0446\u043e \u043e \u0446\u0430\u0442\u0430\u043c\u0430\u0440\u0430\u043d \u0442\u043e\u0434\u043e\u0441 \u043b\u043e\u0441 \u0434\u0438\u0430\u0441 \u0430 \u043b\u0430 \u0438\u0441\u043b\u0430 \u0434\u0435 \u0411\u0430\u0446\u0430\u0440\u0434\u0438. <\/span><\/span><\/span><span style=\"vertical-align: inherit;\"><span style=\"vertical-align: inherit;\"><span style=\"vertical-align: inherit;\">\u041f\u043e\u0441\u0435\u0442\u0438\u0442\u0435 \u0431\u0430\u0445\u0438\u0430 \u0434\u0435 \u0421\u0430\u043c\u0430\u043d\u0430 \u0438 \u0440\u0435\u0437\u0435\u0440\u0432\u0430\u0442 \u0445\u043e\u0438 \u0435\u0441\u0442\u0430 \u043e\u0444\u0435\u0440\u0442\u0430.<\/span><\/span><\/span><\/span><br \/>\n\u043d<br \/>\n\u043d&\u043dbsp;<br \/>\n\u043d<br \/>\n\u043d<em><strong><span style=\"vertical-align: inherit;\"><span style=\"vertical-align: inherit;\"><span style=\"vertical-align: inherit;\"><span style=\"vertical-align: inherit;\">\u0421\u0435\u043b\u0435\u0446\u0446\u0438\u043e\u043d\u0435 \u043b\u0430 \u0444\u0435\u0446\u0445\u0430 \u043f\u0430\u0440\u0430 \u0435\u043b \u0442\u043e\u0443\u0440\u00a0<\/span><\/span><\/span><\/span><\/strong><\/em><\/p>\n<p>&nbsp;<\/p>\n<div class=\"vc_row wpb_row vc_row-fluid\" ><div class=\"wpb_column vc_column_container vc_col-sm-12\"><div class=\"vc_column-inner\"><div class=\"wpb_wrapper\"><div class=\"mkdf-section-title-holder\" style=\"text-align: left\">\n\t<div class=\"mkdf-st-inner\">\n\t\t\t\t\t<h5 class=\"mkdf-st-subtitle\" >\n\t\t\t\t\u0420\u0443\u0447\u0430\u043a \u0438 \u043f\u0440\u0435\u0432\u043e\u0437 \u0438 \u043f\u043b\u0438\u0432\u0430\u045a\u0435 \u043d\u0430 \u043f\u043b\u0430\u0436\u0438\t\t\t<\/h5>\n\t\t\t\t\t\t\t<h3 class=\"mkdf-st-title\" >\n\t\t\t\t\u041b\u0430\u0441 \u0422\u0435\u0440\u0440\u0435\u043d\u0430\u0441 \u0426\u0430\u0438\u043e \u041b\u0435\u0432\u0430\u043d\u0442\u0430\u0434\u043e (\u043e\u0441\u0442\u0440\u0432\u043e \u0411\u0430\u043a\u0430\u0440\u0434\u0438) \u0408\u0435\u0434\u043d\u043e\u0434\u043d\u0435\u0432\u043d\u0438 \u0438\u0437\u043b\u0435\u0442\t\t\t<\/h3>\n\t\t\t\t\t<\/div>\n<\/div><\/div><\/div><\/div><\/div><div class=\"vc_row wpb_row vc_row-fluid\" ><div class=\"wpb_column vc_column_container vc_col-sm-12\"><div class=\"vc_column-inner\"><div class=\"wpb_wrapper\"><div class=\"vc_empty_space\"   style=\"height: 32px\"><span class=\"vc_empty_space_inner\"><\/span><\/div><\/div><\/div><\/div><\/div><div class=\"vc_row wpb_row vc_row-fluid\" ><div class=\"wpb_column vc_column_container vc_col-sm-12\"><div class=\"vc_column-inner\"><div class=\"wpb_wrapper\"><div class=\"vc_btn3-container vc_btn3-inline\" ><button class=\"vc_general vc_btn3 vc_btn3-size-md vc_btn3-shape-rounded vc_btn3-style-modern vc_btn3-color-green\">\u0420\u0415\u0417\u0415\u0420\u0412\u0418\u0420\u0410\u0408\u0422\u0415 \u0421\u0410\u0414\u0410<\/button><\/div>\n\t<div class=\"wpb_text_column wpb_content_element\" >\n\t\t<div class=\"wpb_wrapper\">\n\t\t\t<p>\n\u043d<\/p>\n<h4><b><i>\u041f\u0440\u0435\u0433\u043b\u0435\u0434 <\/i><\/b><\/h4>\n<p>nOur <em>\u0434\u0430\u043d \u043f\u0440\u043e\u043b\u0430\u0437\u0438<\/em>\u00a0\u0441\u0443 \u0437\u0430 \u0441\u0432\u0430\u043a\u043e\u0433\u0430 \u043a\u043e \u0436\u0435\u043b\u0438 \u0434\u0430 \u043f\u043e\u0442\u0440\u043e\u0448\u0438 \u0430\u00a0<em>\u0434\u0430\u043d<\/em> \u043d\u0430 \u0426\u0430\u0438\u043e \u041b\u0435\u0432\u0430\u043d\u0442\u0430\u0434\u043e \u0441\u0430 \u0443\u043a\u0459\u0443\u0447\u0435\u043d\u0438\u043c \u043f\u0440\u0435\u0432\u043e\u0437\u043e\u043c \u0438\u0437 \u0445\u043e\u0442\u0435\u043b\u0430 \u043b\u0430\u0441 \u0422\u0435\u0440\u0440\u0435\u043d\u0430\u0441. \u0414\u0430 \u043f\u043e\u0441\u0435\u0442\u0438\u0442\u0435 \u0458\u0435\u0434\u043d\u0443 \u043e\u0434 \u043d\u0430\u0458\u043b\u0435\u043f\u0448\u0438\u0445 \u043f\u043b\u0430\u0436\u0430 \u0443 \u0414\u043e\u043c\u0438\u043d\u0438\u043a\u0430\u043d\u0441\u043a\u043e\u0458 \u0420\u0435\u043f\u0443\u0431\u043b\u0438\u0446\u0438. \u041c\u043e\u0436\u0435\u0442\u0435 \u0441\u043b\u043e\u0431\u043e\u0434\u043d\u043e \u0434\u0430 \u0448\u0435\u0442\u0430\u0442\u0435 \u043e\u043a\u043e\u043b\u043e, \u043f\u043b\u0438\u0432\u0430\u0442\u0435, \u043e\u043f\u0443\u0448\u0442\u0430\u0442\u0435 \u0441\u0435, \u043e\u0434\u043c\u0430\u0440\u0430\u0442\u0435, \u0438\u0433\u0440\u0430\u0442\u0435 \u043e\u0434\u0431\u043e\u0458\u043a\u0443, \u0444\u043e\u0442\u043e\u0433\u0440\u0430\u0444\u0438\u0448\u0435\u0442\u0435, \u0440\u043e\u043d\u0438\u0442\u0435, \u0443\u0436\u0438\u0432\u0430\u0442\u0435 \u043d\u0430 \u043f\u043b\u0430\u0436\u0438 \u0438\u043b\u0438 \u0441\u0430\u043c\u043e \u043b\u0435\u0436\u0438\u0442\u0435 \u0443 \u0441\u0435\u043d\u0446\u0438 \u0438 \u043f\u0438\u0458\u0435\u0442\u0435 \u043e\u0441\u0432\u0435\u0436\u0430\u0432\u0430\u0458\u0443\u045b\u0438 \u043d\u0430\u043f\u0438\u0442\u0430\u043a (\u041f\u0438\u043d\u0430 \u0426\u043e\u043b\u0430\u0434\u0430, \u0426\u043e\u0446\u043e \u041b\u043e\u0446\u043e, \u0426\u0443\u0431\u0430 \u041b\u0438\u0431\u0440\u0435 \u0438\u0442\u0434.)<br \/>\n\u043d<\/p>\n<ul>\n\u043d \t<\/p>\n<li style=\"font-weight: 400;\"><span style=\"font-weight: 400;\">\u0423\u043a\u0459\u0443\u0447\u0443\u0458\u0435 \u0440\u0443\u0447\u0430\u043a \u043d\u0430 \u0431\u0430\u0437\u0438 \u0448\u0432\u0435\u0434\u0441\u043a\u043e\u0433 \u0441\u0442\u043e\u043b\u0430 \u043d\u0430 \u043f\u043b\u0430\u0436\u0438<\/span><\/li>\n<p>\u043d \t<\/p>\n<li>\u0408\u0435\u0434\u043d\u0430 \u041f\u0438\u043d\u0430 \u0426\u043e\u043b\u0430\u0434\u0430 \u0441\u0430 \u0438\u043b\u0438 \u0431\u0435\u0437 \u0430\u043b\u043a\u043e\u0445\u043e\u043b\u0430 \u043f\u043e \u043e\u0434\u0440\u0430\u0441\u043b\u043e\u0458 \u043e\u0441\u043e\u0431\u0438.<\/li>\n<p>\u043d \t<\/p>\n<li>\u041f\u0440\u0435\u0432\u043e\u0437 \u0431\u0440\u043e\u0434\u043e\u043c<\/li>\n<p>\u043d \t<\/p>\n<li style=\"font-weight: 400;\"><span style=\"font-weight: 400;\">\u041a\u0430\u043f\u0435\u0442\u0430\u043d \u0434\u0430\u0458\u0435 \u0443\u043f\u0443\u0442\u0441\u0442\u0432\u0430 \u0438 \u043d\u0430\u0434\u0437\u043e\u0440<\/span><\/li>\n<p>\u043d<\/ul>\n<p>\u043d&\u043dbsp;<br \/>\n\u043d<\/p>\n<h4><b>\u0423\u043a\u0459\u0443\u0447\u0438\u0432\u0430\u045a\u0430 \u0438 \u0438\u0441\u043a\u0459\u0443\u0447\u0435\u045a\u0430<\/b><\/h4>\n<p>\u043d&\u043dbsp;<br \/>\n\u043d<br \/>\n\u043d<b>\u0418\u043d\u043a\u043b\u0443\u0437\u0438\u0458\u0435<\/b><br \/>\n\u043d<\/p>\n<ol>\n\u043d \t<\/p>\n<li>\u0408\u0435\u0434\u043d\u0430 \u041f\u0438\u043d\u0430 \u0426\u043e\u043b\u0430\u0434\u0430 \u0441\u0430 \u0438\u043b\u0438 \u0431\u0435\u0437 \u0430\u043b\u043a\u043e\u0445\u043e\u043b\u0430 \u043f\u043e \u043e\u0434\u0440\u0430\u0441\u043b\u043e\u0458 \u043e\u0441\u043e\u0431\u0438.<\/li>\n<p>\u043d \t<\/p>\n<li style=\"font-weight: 400;\"><span style=\"font-weight: 400;\">\u0420\u0443\u0447\u0430\u043a \u043d\u0430 \u0431\u0430\u0437\u0438 \u0448\u0432\u0435\u0434\u0441\u043a\u043e\u0433 \u0441\u0442\u043e\u043b\u0430 \u043d\u0430 \u043f\u043b\u0430\u0436\u0438<\/span><\/li>\n<p>\u043d \t<\/p>\n<li style=\"font-weight: 400;\"><span style=\"font-weight: 400;\">\u0421\u0432\u0438 \u043f\u043e\u0440\u0435\u0437\u0438, \u043d\u0430\u043a\u043d\u0430\u0434\u0435 \u0438 \u043d\u0430\u043a\u043d\u0430\u0434\u0435 \u0437\u0430 \u0440\u0443\u043a\u043e\u0432\u0430\u045a\u0435<\/span><\/li>\n<p>\u043d \t<\/p>\n<li>\u0422\u0440\u0430\u043d\u0441\u043f\u043e\u0440\u0442<\/li>\n<p>\u043d \t<\/p>\n<li style=\"font-weight: 400;\"><span style=\"font-weight: 400;\">\u041b\u043e\u043a\u0430\u043b\u043d\u0438 \u043f\u043e\u0440\u0435\u0437\u0438<\/span><\/li>\n<p>\u043d \t<\/p>\n<li style=\"font-weight: 400;\"><span style=\"font-weight: 400;\">\u041f\u0438\u045b\u0430<\/span><\/li>\n<p>\u043d<\/ol>\n<p>\u043d<b> \u0418\u0441\u043a\u0459\u0443\u0447\u0435\u045a\u0430<\/b><br \/>\n\u043d<\/p>\n<ol>\n\u043d \t<\/p>\n<li style=\"font-weight: 400;\"><span style=\"font-weight: 400;\">\u0413\u0440\u0430\u0442\u0438\u0441<\/span><\/li>\n<p>\u043d \t<\/p>\n<li style=\"font-weight: 400;\"><span style=\"font-weight: 400;\">\u0410\u043b\u043a\u043e\u0445\u043e\u043b\u043d\u0430 \u043f\u0438\u045b\u0430<\/span><\/li>\n<p>\u043d \t<\/p>\n<li>\u041b\u043e\u043a\u0430\u043b\u043d\u0438 \u0432\u043e\u0434\u0438\u0447<\/li>\n<p>\u043d<\/ol>\n<p>\u043d&\u043dbsp;<br \/>\n\u043d<\/p>\n<h4><em><strong>\u041f\u043e\u043b\u0430\u0437\u0430\u043a \u0438 \u043f\u043e\u0432\u0440\u0430\u0442\u0430\u043a<\/strong><\/em><\/h4>\n<p>\u043d<span style=\"font-weight: 400;\">\u041f\u0443\u0442\u043d\u0438\u043a \u045b\u0435 \u0434\u043e\u0431\u0438\u0442\u0438 \u043c\u0435\u0441\u0442\u043e \u0441\u0430\u0441\u0442\u0430\u043d\u043a\u0430 \u043d\u0430\u043a\u043e\u043d \u043f\u0440\u043e\u0446\u0435\u0441\u0430 \u0440\u0435\u0437\u0435\u0440\u0432\u0430\u0446\u0438\u0458\u0435. \u0422\u0443\u0440\u0435 \u043f\u043e\u0447\u0438\u045a\u0443 \u0438 \u0437\u0430\u0432\u0440\u0448\u0430\u0432\u0430\u0458\u0443 \u043d\u0430 \u043d\u0430\u0448\u0438\u043c \u043c\u0435\u0441\u0442\u0438\u043c\u0430 \u0441\u0443\u0441\u0440\u0435\u0442\u0430.<\/span><br \/>\n\u043d<br \/>\n\u043d&\u043dbsp;<br \/>\n\u043d<\/p>\n<h4><b><i>\u0428\u0442\u0430 \u0434\u0430 \u043e\u0447\u0435\u043a\u0443\u0458\u0435\u0442\u0435?<\/i><\/b><\/h4>\n<p>\u043d&\u043dbsp;<br \/>\n\u043d<br \/>\n\u043d<em><strong>\u0423\u0437\u043c\u0438\u0442\u0435 \u0441\u0432\u043e\u0458\u0435 \u043a\u0430\u0440\u0442\u0435<\/strong><\/em> \u0458\u0435\u0434\u043d\u043e\u0434\u043d\u0435\u0432\u043d\u0430 \u043f\u0440\u043e\u043f\u0443\u0441\u043d\u0438\u0446\u0430 \u043d\u0430 \u043e\u0441\u0442\u0440\u0432\u0443 \u0411\u0430\u0446\u0430\u0440\u0434\u0438 (\u041a\u0430\u0458\u043e \u041b\u0435\u0432\u0430\u043d\u0442\u0430\u0434\u043e) \u0443 \u0421\u0430\u043c\u0430\u043d\u0438, \u043f\u043b\u0443\u0441 \u0434\u0438\u0432\u0430\u043d \u0440\u0443\u0447\u0430\u043a \u0438 \u0432\u0440\u0435\u043c\u0435 \u043d\u0430 \u043f\u043b\u0430\u0436\u0438 \u043f\u043e\u0447\u0435\u0432\u0448\u0438 \u043e\u0434 \u0445\u043e\u0442\u0435\u043b\u0430 \u041b\u0430\u0441 \u0422\u0435\u0440\u0440\u0435\u043d\u0430\u0441 \u0438\u043b\u0438 \u0410\u0438\u0440\u0431\u043d\u0431 \u043c\u0435\u0441\u0442\u0430.<br \/>\n\u043d<br \/>\n\u043d<span style=\"font-weight: 400;\">\u0414\u0430\u0438\u043f\u0430\u0441\u0441, \u043a\u043e\u0458\u0438 \u043e\u0440\u0433\u0430\u043d\u0438\u0437\u0443\u0458\u0435 \u201e\u0411\u043e\u043e\u043a\u0438\u043d\u0433 \u0410\u0434\u0432\u0435\u043d\u0442\u0443\u0440\u0435\u0441\u201c, \u043f\u043e\u0447\u0438\u045a\u0435 \u043d\u0430 \u043c\u0435\u0441\u0442\u0443 \u0441\u0430\u0441\u0442\u0430\u043d\u043a\u0430 \u0441\u0430 \u0432\u043e\u0434\u0438\u0447\u0435\u043c. <\/span>\u0420\u0443\u0447\u0430\u043a \u043d\u0430 \u043f\u043b\u0430\u0436\u0438 \u0438 \u043c\u043e\u0436\u0435\u0442\u0435 \u043e\u0441\u0442\u0430\u0442\u0438 \u043a\u043e\u043b\u0438\u043a\u043e \u0433\u043e\u0434 \u0436\u0435\u043b\u0438\u0442\u0435 \u0434\u0430 \u0441\u0435 \u043a\u0443\u043f\u0430\u0442\u0435. \u0410\u043a\u043e \u0441\u0442\u0435 \u0432\u0435\u0433\u0430\u043d, \u043c\u043e\u0436\u0435\u043c\u043e \u0432\u0430\u043c \u043f\u0440\u0438\u043f\u0440\u0435\u043c\u0438\u0442\u0438 \u0438 \u0445\u0440\u0430\u043d\u0443.<br \/>\n\u043d<br \/>\n\u043d<strong>\u0420\u0430\u0441\u043f\u043e\u0440\u0435\u0434:<\/strong><br \/>\n\u043d<br \/>\nn6:45 AM &#8211; 4:30 PM<br \/>\n\u043d<br \/>\n\u043d&\u043dbsp;<br \/>\n\u043d<\/p>\n<h4><em><strong>\u0428\u0442\u0430 \u0442\u0440\u0435\u0431\u0430 \u0434\u0430 \u043f\u043e\u043d\u0435\u0441\u0435\u0442\u0435?<\/strong><\/em><\/h4>\n<p>\u043d<\/p>\n<ul>\n\u043d \t<\/p>\n<li style=\"font-weight: 400;\"><span style=\"font-weight: 400;\">\u041a\u0430\u043c\u0435\u0440\u0430<\/span><\/li>\n<p>\u043d \t<\/p>\n<li style=\"font-weight: 400;\"><span style=\"font-weight: 400;\">\u0420\u0435\u043f\u0435\u043b\u0435\u043d\u0442\u043d\u0438 \u043f\u0443\u043f\u043e\u0459\u0446\u0438<\/span><\/li>\n<p>\u043d \t<\/p>\n<li style=\"font-weight: 400;\"><span style=\"font-weight: 400;\">\u043a\u0440\u0435\u043c\u0430 \u0437\u0430 \u0441\u0443\u043d\u0447\u0430\u045a\u0435<\/span><\/li>\n<p>\u043d \t<\/p>\n<li style=\"font-weight: 400;\"><span style=\"font-weight: 400;\">\u0428\u0435\u0448\u0438\u0440<\/span><\/li>\n<p>\u043d \t<\/p>\n<li style=\"font-weight: 400;\"><span style=\"font-weight: 400;\">\u0423\u0434\u043e\u0431\u043d\u0435 \u043f\u0430\u043d\u0442\u0430\u043b\u043e\u043d\u0435<\/span><\/li>\n<p>\u043d \t<\/p>\n<li style=\"font-weight: 400;\"><span style=\"font-weight: 400;\">\u041f\u043b\u0430\u043d\u0438\u043d\u0430\u0440\u0441\u043a\u0435 \u0446\u0438\u043f\u0435\u043b\u0435 \u0437\u0430 \u0448\u0443\u043c\u0443<\/span><\/li>\n<p>\u043d \t<\/p>\n<li style=\"font-weight: 400;\"><span style=\"font-weight: 400;\">\u0421\u0430\u043d\u0434\u0430\u043b\u0435 \u0434\u043e \u043f\u043b\u0430\u0436\u0435<\/span><\/li>\n<p>\u043d \t<\/p>\n<li style=\"font-weight: 400;\"><span style=\"font-weight: 400;\">\u041e\u0434\u0458\u0435\u045b\u0430 \u0437\u0430 \u043a\u0443\u043f\u0430\u045a\u0435<\/span><\/li>\n<p>\u043d \t<\/p>\n<li>\u0413\u043e\u0442\u043e\u0432\u0438\u043d\u0430 \u0437\u0430 \u0441\u0443\u0432\u0435\u043d\u0438\u0440\u0435<\/li>\n<p>\u043d<\/ul>\n<p>\u043d&\u043dbsp;<br \/>\n\u043d<\/p>\n<h4><b><i>\u0425\u043e\u0442\u0435\u043b \u041f\u0438\u0446\u043a\u0443\u043f <\/i><\/b><\/h4>\n<p>\u043d<span style=\"font-weight: 400;\">\u0417\u0430 \u043e\u0432\u0443 \u0442\u0443\u0440\u043d\u0435\u0458\u0443 \u0441\u0435 \u043d\u0443\u0434\u0438 \u043f\u0440\u0435\u0432\u043e\u0437 \u0438\u0437 \u0445\u043e\u0442\u0435\u043b\u0430 \u0438\u043b\u0438 \u0410\u0438\u0440\u0431\u043d\u0431-\u0430. <\/span><br \/>\n\u043d<br \/>\n\u043d&\u043dbsp;<br \/>\n\u043d<br \/>\n\u043d<b>\u0411\u0435\u043b\u0435\u0448\u043a\u0430:<\/b><span style=\"font-weight: 400;\"> \u0410\u043a\u043e \u0440\u0435\u0437\u0435\u0440\u0432\u0438\u0448\u0435\u0442\u0435 \u0443 \u0440\u043e\u043a\u0443 \u043e\u0434 24 \u0441\u0430\u0442\u0430 \u043e\u0434 \u0432\u0440\u0435\u043c\u0435\u043d\u0430 \u043f\u043e\u043b\u0430\u0441\u043a\u0430 \u043d\u0430 \u0442\u0443\u0440\u043d\u0435\u0458\u0443\/\u0438\u0437\u043b\u0435\u0442, \u043c\u043e\u0436\u0435\u043c\u043e \u043e\u0440\u0433\u0430\u043d\u0438\u0437\u043e\u0432\u0430\u0442\u0438 \u043f\u0440\u0435\u0443\u0437\u0438\u043c\u0430\u045a\u0435 \u0445\u043e\u0442\u0435\u043b\u0430. \u041a\u0430\u0434\u0430 \u0441\u0435 \u0432\u0430\u0448\u0430 \u043a\u0443\u043f\u043e\u0432\u0438\u043d\u0430 \u0437\u0430\u0432\u0440\u0448\u0438, \u043f\u043e\u0441\u043b\u0430\u045b\u0435\u043c\u043e \u0432\u0430\u043c \u043a\u043e\u043c\u043f\u043b\u0435\u0442\u043d\u0435 \u043a\u043e\u043d\u0442\u0430\u043a\u0442 \u0438\u043d\u0444\u043e\u0440\u043c\u0430\u0446\u0438\u0458\u0435 (\u0431\u0440\u043e\u0458 \u0442\u0435\u043b\u0435\u0444\u043e\u043d\u0430, \u0438\u043c\u0435\u0458\u043b \u0430\u0434\u0440\u0435\u0441\u0443, \u0438\u0442\u0434.) \u0437\u0430 \u043d\u0430\u0448 \u043b\u043e\u043a\u0430\u043b\u043d\u0438 \u0442\u0443\u0440\u0438\u0441\u0442\u0438\u0447\u043a\u0438 \u0432\u043e\u0434\u0438\u0447 \u0434\u0430 \u043e\u0440\u0433\u0430\u043d\u0438\u0437\u0443\u0458\u0435 \u0430\u0440\u0430\u043d\u0436\u043c\u0430\u043d\u0435 \u0437\u0430 \u043f\u0440\u0435\u0443\u0437\u0438\u043c\u0430\u045a\u0435<\/span><br \/>\n\u043d<\/p>\n<h4><b><i>\u041f\u043e\u0442\u0432\u0440\u0434\u0430 \u0434\u043e\u0434\u0430\u0442\u043d\u0438\u0445 \u0438\u043d\u0444\u043e\u0440\u043c\u0430\u0446\u0438\u0458\u0430 <\/i><\/b><\/h4>\n<p>\u043d<\/p>\n<ol>\n\u043d \t<\/p>\n<li>\u0423\u043b\u0430\u0437\u043d\u0438\u0446\u0435 \u0441\u0443 \u043f\u0440\u0438\u0437\u043d\u0430\u043d\u0438\u0446\u0430 \u043d\u0430\u043a\u043e\u043d \u043f\u043b\u0430\u045b\u0430\u045a\u0430 \u043e\u0432\u0435 \u0442\u0443\u0440\u043d\u0435\u0458\u0435. \u041c\u043e\u0436\u0435\u0442\u0435 \u043f\u0440\u0438\u043a\u0430\u0437\u0430\u0442\u0438 \u0443\u043f\u043b\u0430\u0442\u0443 \u043d\u0430 \u0441\u0432\u043e\u043c \u0442\u0435\u043b\u0435\u0444\u043e\u043d\u0443.<\/li>\n<p>\u043d \t<\/p>\n<li style=\"font-weight: 400;\"><span style=\"font-weight: 400;\">\u041c\u0435\u0441\u0442\u043e \u0441\u0430\u0441\u0442\u0430\u043d\u043a\u0430 \u045b\u0435 \u0431\u0438\u0442\u0438 \u043f\u0440\u0438\u043c\u0459\u0435\u043d\u043e \u043d\u0430\u043a\u043e\u043d \u043f\u0440\u043e\u0446\u0435\u0441\u0430 \u0440\u0435\u0437\u0435\u0440\u0432\u0430\u0446\u0438\u0458\u0435.<\/span><\/li>\n<p>\u043d \t<\/p>\n<li style=\"font-weight: 400;\"><span style=\"font-weight: 400;\">\u0414\u0435\u0446\u0430 \u043c\u043e\u0440\u0430\u0458\u0443 \u0431\u0438\u0442\u0438 \u0443 \u043f\u0440\u0430\u0442\u045a\u0438 \u043e\u0434\u0440\u0430\u0441\u043b\u0435 \u043e\u0441\u043e\u0431\u0435.<\/span><\/li>\n<p>\u043d \t<\/p>\n<li style=\"font-weight: 400;\"><span style=\"font-weight: 400;\">\u043f\u0440\u0438\u0441\u0442\u0443\u043f\u0430\u0447\u0430\u043d \u0438\u043d\u0432\u0430\u043b\u0438\u0434\u0441\u043a\u0438\u043c \u043a\u043e\u043b\u0438\u0446\u0438\u043c\u0430 <\/span><\/li>\n<p>\u043d \t<\/p>\n<li style=\"font-weight: 400;\"><span style=\"font-weight: 400;\">\u0411\u0435\u0431\u0435 \u043c\u043e\u0440\u0430\u0458\u0443 \u0441\u0435\u0434\u0435\u0442\u0438 \u0443 \u043a\u0440\u0438\u043b\u0443 <\/span><\/li>\n<p>\u043d \t<\/p>\n<li style=\"font-weight: 400;\"><span style=\"font-weight: 400;\">\u0412\u0435\u045b\u0438\u043d\u0430 \u043f\u0443\u0442\u043d\u0438\u043a\u0430 \u043c\u043e\u0436\u0435 \u0443\u0447\u0435\u0441\u0442\u0432\u043e\u0432\u0430\u0442\u0438<\/span><\/li>\n<p>\u043d<\/ol>\n<p>\u043d<\/p>\n<h4><b><i>\u041f\u043e\u043b\u0438\u0442\u0438\u043a\u0430 \u043e\u0442\u043a\u0430\u0437\u0438\u0432\u0430\u045a\u0430<\/i><\/b><\/h4>\n<p>\u0417\u0430 \u043f\u043e\u0442\u043f\u0443\u043d\u0438 \u043f\u043e\u0432\u0440\u0430\u045b\u0430\u0458 \u0441\u0440\u0435\u0434\u0441\u0442\u0430\u0432\u0430, \u043f\u0440\u043e\u0447\u0438\u0442\u0430\u0458\u0442\u0435 \u043d\u0430\u0448\u0435 \u0441\u043c\u0435\u0440\u043d\u0438\u0446\u0435 \u0437\u0430 \u043e\u0442\u043a\u0430\u0437\u0438\u0432\u0430\u045a\u0435\u00a0<a href=\"https:\/\/www.boattoursamana.com\/sr\/%d0%be%d0%bd%d0%bb%d0%b0%d1%98%d0%bd-%d1%80%d0%b5%d0%b7%d0%b5%d1%80%d0%b2%d0%b0%d1%86%d0%b8%d1%98%d0%b0\/\" target=\"_blank\" rel=\"noopener\" data-saferedirecturl=\"https:\/\/www.google.com\/url?q=https:\/\/www.boattoursamana.com\/online-booking\/&amp;source=gmail&amp;ust=1672449202351000&amp;usg=AOvVaw1yAeVAPktmaVCqDujgUn90\">\u041a\u043b\u0438\u043a\u043d\u0438\u0442\u0435 \u043e\u0432\u0434\u0435<\/a>. \u0421\u0440\u0435\u0434\u0441\u0442\u0432\u0430 \u045b\u0435 \u0431\u0438\u0442\u0438 \u0438\u0437\u0433\u0443\u0431\u0459\u0435\u043d\u0430 \u0430\u043a\u043e \u0441\u0435 \u0440\u0435\u0437\u0435\u0440\u0432\u0430\u0446\u0438\u0458\u0430 \u043e\u0442\u043a\u0430\u0436\u0435 \u0438\u0441\u0442\u0438 \u0434\u0430\u043d \u043f\u0443\u0442\u043e\u0432\u0430\u045a\u0430.<\/p>\n\n\t\t<\/div>\n\t<\/div>\n<\/div><\/div><\/div><\/div><div class=\"vc_row wpb_row vc_row-fluid\" ><\/div><div class=\"wpb_column vc_column_container vc_col-sm-12\"><div class=\"vc_column-inner\"><div class=\"wpb_wrapper\"><\/div><\/div><\/div><div class=\"vc_empty_space\"   style=\"height: 32px\"><span class=\"vc_empty_space_inner\"><\/span><\/div>\n\t<div class=\"wpb_text_column wpb_content_element\" >\n\t\t<div class=\"wpb_wrapper\">\n\t\t\t<p>\n\u043d<br \/>\n\u0408\u0430 \u0441\u0430\u043c \u0431\u043b\u043e\u043a \u0442\u0435\u043a\u0441\u0442\u0430. \u041a\u043b\u0438\u043a\u043d\u0438\u0442\u0435 \u043d\u0430 \u0434\u0443\u0433\u043c\u0435 \u0437\u0430 \u0443\u0440\u0435\u0452\u0438\u0432\u0430\u045a\u0435 \u0434\u0430 \u0431\u0438\u0441\u0442\u0435 \u043f\u0440\u043e\u043c\u0435\u043d\u0438\u043b\u0438 \u043e\u0432\u0430\u0458 \u0442\u0435\u043a\u0441\u0442. \u041b\u043e\u0440\u0435\u043c \u0438\u043f\u0441\u0443\u043c \u0434\u043e\u043b\u043e\u0440 \u0441\u0438\u0442 \u0430\u043c\u0435\u0442, \u0446\u043e\u043d\u0441\u0435\u0446\u0442\u0435\u0442\u0443\u0440 \u0430\u0434\u0438\u043f\u0438\u0441\u0446\u0438\u043d\u0433 \u0435\u043b\u0438\u0442. \u0423\u0442 \u0435\u043b\u0438\u0442 \u0442\u0435\u043b\u043b\u0443\u0441, \u043b\u0443\u0446\u0442\u0443\u0441 \u043d\u0435\u0446 \u0443\u043b\u043b\u0430\u043c\u0446\u043e\u0440\u043f\u0435\u0440 \u043c\u0430\u0442\u0442\u0438\u0441, \u043f\u0443\u043b\u0432\u0438\u043d\u0430\u0440 \u0434\u0430\u043f\u0438\u0431\u0443\u0441 \u043b\u0435\u043e.<br \/>\n\u043d<br \/>\n\u043d<\/p>\n\n\t\t<\/div>\n\t<\/div>\n<div class=\"vc_empty_space\"   style=\"height: 32px\"><span class=\"vc_empty_space_inner\"><\/span><\/div><div class=\"vc_row wpb_row vc_row-fluid\" ><\/div><div class=\"wpb_column vc_column_container vc_col-sm-12\"><div class=\"vc_column-inner\"><div class=\"wpb_wrapper\"><\/div><\/div><\/div><div class=\"vc_row wpb_row vc_row-fluid\" ><div class=\"wpb_column vc_column_container vc_col-sm-12\"><div class=\"vc_column-inner\"><div class=\"wpb_wrapper\"><div class=\"vc_btn3-container vc_btn3-inline\" ><button class=\"vc_general vc_btn3 vc_btn3-size-md vc_btn3-shape-rounded vc_btn3-style-modern vc_btn3-color-green\">\u0420\u0415\u0417\u0415\u0420\u0412\u0418\u0420\u0410\u0408\u0422\u0415 \u0421\u0410\u0414\u0410<\/button><\/div><\/div><\/div><\/div><\/div>","protected":false},"excerpt":{"rendered":"<p>\u00a1Excursi\u00f3n de un d\u00eda a la playa de la isla Bacard\u00ed (Cayo Levantado)! Consiga sus entradas y almuerce en la playa. Traslado en barco o catamar\u00e1n todos los d\u00edas a la isla de Bacardi. Visite la bah\u00eda de Saman\u00e1 y reserve hoy esta oferta. n n&nbsp; n nSeleccione la fecha para el tour\u00a0 &nbsp;<\/p>","protected":false},"author":2,"featured_media":0,"parent":0,"menu_order":0,"comment_status":"open","ping_status":"closed","template":"","meta":{"footnotes":""},"class_list":["post-15818","page","type-page","status-publish","hentry"],"_links":{"self":[{"href":"https:\/\/www.boattoursamana.com\/sr\/wp-json\/wp\/v2\/pages\/15818","targetHints":{"allow":["GET"]}}],"collection":[{"href":"https:\/\/www.boattoursamana.com\/sr\/wp-json\/wp\/v2\/pages"}],"about":[{"href":"https:\/\/www.boattoursamana.com\/sr\/wp-json\/wp\/v2\/types\/page"}],"author":[{"embeddable":true,"href":"https:\/\/www.boattoursamana.com\/sr\/wp-json\/wp\/v2\/users\/2"}],"replies":[{"embeddable":true,"href":"https:\/\/www.boattoursamana.com\/sr\/wp-json\/wp\/v2\/comments?post=15818"}],"version-history":[{"count":0,"href":"https:\/\/www.boattoursamana.com\/sr\/wp-json\/wp\/v2\/pages\/15818\/revisions"}],"wp:attachment":[{"href":"https:\/\/www.boattoursamana.com\/sr\/wp-json\/wp\/v2\/media?parent=15818"}],"curies":[{"name":"wp","href":"https:\/\/api.w.org\/{rel}","templated":true}]}}