{"id":15734,"date":"2023-07-15T07:42:45","date_gmt":"2023-07-15T07:42:45","guid":{"rendered":"https:\/\/www.ticketswhales.com\/2-hours-kayak-los-haitises\/"},"modified":"2023-07-15T07:42:45","modified_gmt":"2023-07-15T07:42:45","slug":"2-hours-kayak-los-haitises","status":"publish","type":"page","link":"https:\/\/www.boattoursamana.com\/sv\/2-timmars-kajak-los-haitises","title":{"rendered":"2 timmars kajakpaddling i Los Haitises"},"content":{"rendered":"<p>Utflykt till Los Haitises nationalpark med start fr\u00e5n Sabana de la Mar eller Ca\u00f1o Hondo Hotels. Kajakpaddling i mangrovetr\u00e4den i Los Haitises nationalpark med en lokal guide. Bes\u00f6k i mangrovetr\u00e4den i Ca\u00f1o Hondo River samt en \u00f6versikt \u00f6ver San Lorenzo Bay i Los Haitises nationalpark, Sabana de la Mar Ca\u00f1o Hondo-omr\u00e5det. Om du \u00e4r intresserad av att ocks\u00e5 bes\u00f6ka grottorna, v\u00e4nligen boka 4 timmars kajakpaddling <a href=\"https:\/\/www.boattoursamana.com\/sv\/tours-excursions\/kajakpaddling\/kajakpaddling-i-los-haitises-med-reseledare-fran-cano-hondo-4-timmar\/\">resa hit.<\/a><br \/>\nn<\/p>\n<ul>\nn \t<\/p>\n<li style=\"font-weight: 400;\"><span style=\"font-weight: 400;\">Guiden inneh\u00e5ller instruktioner och \u00f6vervakning<\/span><\/li>\n<p>n \t<\/p>\n<li>Kajaker och paddlar tillg\u00e4ngliga Doble f\u00f6r tv\u00e5 personer och Simple f\u00f6r bara en person.<\/li>\n<p>n<\/ul>\n<p>n&nbsp;<br \/>\nn<br \/>\nnSt\u00e4ll in den h\u00e4r turen med en vandringsled och l\u00e4r dig mer om Los Haitises nationalparks historia med lokalbefolkningen.<br \/>\nn<br \/>\nn&nbsp;<br \/>\nn<br \/>\nn<strong>V\u00e4nligen v\u00e4lj datum f\u00f6r turn\u00e9n\u00a0<\/strong><\/p>\n<p>&nbsp;<\/p>\n<div class=\"vc_row wpb_row vc_row-fluid\" ><div class=\"wpb_column vc_column_container vc_col-sm-12\"><div class=\"vc_column-inner\"><div class=\"wpb_wrapper\"><div class=\"vc_btn3-container vc_btn3-inline\" ><a class=\"vc_general vc_btn3 vc_btn3-size-md vc_btn3-shape-rounded vc_btn3-style-modern vc_btn3-color-green\" href=\"https:\/\/bookingadventures.tours\/booking.php?tour_id=76244158e4bf48f84872b711d82fa754\" title=\"\" rel=\"noopener\">BOKA NU<\/a><\/div><div class=\"mkdf-section-title-holder\" style=\"text-align: left\">\n\t<div class=\"mkdf-st-inner\">\n\t\t\t\t\t<h5 class=\"mkdf-st-subtitle\" >\n\t\t\t\tKajaker och lokal guide\t\t\t<\/h5>\n\t\t\t\t\t\t\t<h3 class=\"mkdf-st-title\" >\n\t\t\t\tKajakpaddling i Los Haitises nationalpark med guide fr\u00e5n Ca\u00f1o Hondo 2 timmar\t\t\t<\/h3>\n\t\t\t\t\t<\/div>\n<\/div><\/div><\/div><\/div><\/div><div class=\"vc_row wpb_row vc_row-fluid\" ><div class=\"wpb_column vc_column_container vc_col-sm-12\"><div class=\"vc_column-inner\"><div class=\"wpb_wrapper\"><div class=\"vc_empty_space\"   style=\"height: 32px\"><span class=\"vc_empty_space_inner\"><\/span><\/div><\/div><\/div><\/div><\/div><div class=\"vc_row wpb_row vc_row-fluid\" ><div class=\"wpb_column vc_column_container vc_col-sm-12\"><div class=\"vc_column-inner\"><div class=\"wpb_wrapper\">\n\t<div class=\"wpb_text_column wpb_content_element\" >\n\t\t<div class=\"wpb_wrapper\">\n\t\t\t<p>\nn<\/p>\n<h4><b><i>\u00d6versikt <\/i><\/b><\/h4>\n<p>nKayaking Mangroves i Los Haitises National Park med en lokal reseguide 2 timmar. Att bes\u00f6ka mangrover i Cano Hondo River plus en \u00f6versikt \u00f6ver San Lorenzo Bay i Los Haitises nationalpark, Sabana de la mar Cano Hondo-omr\u00e5det. Om du kommer att gilla l\u00e4ngre: <a href=\"https:\/\/www.boattoursamana.com\/sv\/tours-excursions\/kajakpaddling\/kajakpaddling-i-los-haitises-med-reseledare-fran-cano-hondo-4-timmar\/\"><strong>4 timmars kajakpaddling i Los Haitises.<\/strong><\/a><br \/>\nn<\/p>\n<ul>\nn \t<\/p>\n<li style=\"font-weight: 400;\"><span style=\"font-weight: 400;\">Guiden inneh\u00e5ller instruktioner och \u00f6vervakning<\/span><\/li>\n<p>n \t<\/p>\n<li>Kajaker och paddlar tillg\u00e4ngliga Doble f\u00f6r tv\u00e5 personer och Simple f\u00f6r bara en person.<\/li>\n<p>n<\/ul>\n<p>n&nbsp;<br \/>\nn<\/p>\n<h4><b>Inkluderat och uteslutet<\/b><\/h4>\n<p>n&nbsp;<br \/>\nn<br \/>\nn<b>Inkluderat material<\/b><br \/>\nn<br \/>\nn&nbsp;<br \/>\nn<\/p>\n<ol>\nn \t<\/p>\n<li style=\"font-weight: 400;\">Kajakpaddling<\/li>\n<p>n \t<\/p>\n<li style=\"font-weight: 400;\"><span style=\"font-weight: 400;\">Alla skatter, avgifter och hanteringsavgifter<\/span><\/li>\n<p>n \t<\/p>\n<li style=\"font-weight: 400;\"><span style=\"font-weight: 400;\">Lokala skatter<\/span><\/li>\n<p>n \t<\/p>\n<li style=\"font-weight: 400;\"><span style=\"font-weight: 400;\">Lokal guide<\/span><\/li>\n<p>n<\/ol>\n<p>n<b> Undantag<\/b><br \/>\nn<\/p>\n<ol>\nn \t<\/p>\n<li style=\"font-weight: 400;\"><span style=\"font-weight: 400;\">Dricks<\/span><\/li>\n<p>n \t<\/p>\n<li style=\"font-weight: 400;\"><span style=\"font-weight: 400;\">\u00d6verf\u00f6ring<\/span><\/li>\n<p>n \t<\/p>\n<li>Lunch ing\u00e5r inte.<\/li>\n<p>n \t<\/p>\n<li>Grottor ing\u00e5r ej<\/li>\n<p>n \t<\/p>\n<li style=\"font-weight: 400;\"><span style=\"font-weight: 400;\">Alkoholhaltiga drycker<\/span><\/li>\n<p>n<\/ol>\n<p>n&nbsp;<br \/>\nn<\/p>\n<h4><em><strong>Avresa och \u00e5terkomst<\/strong><\/em><\/h4>\n<p>n<span style=\"font-weight: 400;\">Resen\u00e4ren f\u00e5r en m\u00f6tesplats efter bokningsprocessen. Turerna b\u00f6rjar och avslutas p\u00e5 v\u00e5ra m\u00f6tesplatser.<\/span><br \/>\nn<br \/>\nn&nbsp;<br \/>\nn<\/p>\n<h4><b><i>Vad kan man f\u00f6rv\u00e4nta sig?<\/i><\/b><\/h4>\n<p>n&nbsp;<br \/>\nn<br \/>\nn<em><strong>K\u00f6p dina biljetter<\/strong><\/em> bes\u00f6k 2 timmar med kajakpaddling i Ca\u00f1o Hondo River Forest (Mangroves) med de lokala reseledarna.<br \/>\nn<br \/>\nnN\u00e4r vi f\u00e5r all typ av utrustning som kr\u00e4vs f\u00f6r din s\u00e4kerhet (flytv\u00e4star, etc) b\u00f6rjar actionpaddlingen fr\u00e5n Ca\u00f1o Hondo hamnfloden.<br \/>\nn<br \/>\nn<span style=\"font-weight: 400;\">Turen, som organiseras av \"Booking Adventures\", b\u00f6rjar vid den m\u00f6tesplats som du best\u00e4mmer tillsammans med reseledaren. <\/span>Ta kajaker och \u00e5k genom mangrovetr\u00e4sk, f\u00f6rbi gamla piratgrottor och in i skyddade skogar i detta pittoreska reservat med start fr\u00e5n Cano Hondo Hotels-omr\u00e5det eller fr\u00e5n Sabana de la Mar,<br \/>\nn<\/p>\n<div class=\"body-description secondary\">\nn<br \/>\nnKom med Booking Adventures och b\u00f6rja kolla in n\u00e5gra f\u00e5gelfyllda mangrover, b\u00f6ljande kullar med frodig vegetation och grottor av <em><strong>Nationalparken Los Haitises<\/strong><\/em>. Kajakutflykt fr\u00e5n floden Cano Hondo, Sabana de la Mar. Genom mangroven och land vid den \u00f6ppna San Lorenzo-bukten, varifr\u00e5n du kan fotografera det robusta skogslandskapet. Titta mot vattnet f\u00f6r att uppt\u00e4cka <em><strong>Sj\u00f6kor<\/strong><\/em>, kr\u00e4ftdjur och <em><strong>delfiner.<\/strong><\/em><br \/>\nn<br \/>\nnOm du kommer att gilla den h\u00e4r resan l\u00e4ngre har vi ett andra alternativ: <a href=\"https:\/\/www.boattoursamana.com\/sv\/tours-excursions\/kajakpaddling\/kajakpaddling-i-los-haitises-med-reseledare-fran-cano-hondo-4-timmar\/\"><em><strong>Kajakpaddling i Los Haitises 4 timmar<\/strong><\/em><\/a><br \/>\nn<br \/>\nnTuren avslutas vid startpunkten i Los Haitises nationalpark. Vi rekommenderar denna resa kl. 06.00 i det fall du vill se <em><strong>Sj\u00f6kor<\/strong><\/em>, kr\u00e4ftdjur och <em><strong>delfiner.<\/strong><\/em><br \/>\nn<br \/>\nn<\/div>\n<p>n<em><strong>6:00 AM<\/strong><\/em> \u00e4r tidigt s\u00e5 det finns inte fortfarande b\u00e5tar vid nationalparken Los Haitises.<br \/>\nn<\/p>\n<h4><em><strong>Vad ska du ta med dig?<\/strong><\/em><\/h4>\n<p>n<\/p>\n<ul>\nn \t<\/p>\n<li style=\"font-weight: 400;\"><span style=\"font-weight: 400;\">Kamera<\/span><\/li>\n<p>n \t<\/p>\n<li style=\"font-weight: 400;\"><span style=\"font-weight: 400;\">Repellerande knoppar<\/span><\/li>\n<p>n \t<\/p>\n<li style=\"font-weight: 400;\"><span style=\"font-weight: 400;\">solkr\u00e4m<\/span><\/li>\n<p>n \t<\/p>\n<li style=\"font-weight: 400;\"><span style=\"font-weight: 400;\">Hatt<\/span><\/li>\n<p>n \t<\/p>\n<li style=\"font-weight: 400;\"><span style=\"font-weight: 400;\">Bekv\u00e4ma byxor<\/span><\/li>\n<p>n \t<\/p>\n<li style=\"font-weight: 400;\"><span style=\"font-weight: 400;\">Sandaler\u00a0<\/span><\/li>\n<p>n \t<\/p>\n<li style=\"font-weight: 400;\"><span style=\"font-weight: 400;\">Badkl\u00e4der<\/span><\/li>\n<p>n<\/ul>\n<p>n&nbsp;<br \/>\nn<\/p>\n<h4><b><i>H\u00e4mtning p\u00e5 hotellet <\/i><\/b><\/h4>\n<p>n<span style=\"font-weight: 400;\">H\u00e4mtning p\u00e5 hotell erbjuds inte f\u00f6r den h\u00e4r turen. <\/span><br \/>\nn<br \/>\nn&nbsp;<br \/>\nn<br \/>\nn<b>Observera:<\/b><span style=\"font-weight: 400;\"> Om du bokar inom 24 timmar f\u00f6re turens\/utflyktens avg\u00e5ngstid kan vi ordna h\u00e4mtning p\u00e5 hotellet mot en extra avgift. N\u00e4r ditt k\u00f6p \u00e4r klart skickar vi dig fullst\u00e4ndig kontaktinformation (telefonnummer, e-postadress etc.) till v\u00e5r lokala guide f\u00f6r att organisera upph\u00e4mtning.<\/span><br \/>\nn<\/p>\n<h4><b><i>Ytterligare information Bekr\u00e4ftelse <\/i><\/b><\/h4>\n<p>n<\/p>\n<ol>\nn \t<\/p>\n<li>Biljetterna \u00e4r kvittot efter att du har betalat denna turn\u00e9. Du kan visa betalningen p\u00e5 din telefon.<\/li>\n<p>n \t<\/p>\n<li style=\"font-weight: 400;\"><span style=\"font-weight: 400;\">M\u00f6tesplatsen kommer att meddelas efter bokningsprocessen.<\/span><\/li>\n<p>n \t<\/p>\n<li style=\"font-weight: 400;\"><span style=\"font-weight: 400;\">Barn m\u00e5ste \u00e5tf\u00f6ljas av en vuxen.<\/span><\/li>\n<p>n \t<\/p>\n<li style=\"font-weight: 400;\"><span style=\"font-weight: 400;\"> Inte rullstolsanpassad <\/span><\/li>\n<p>n \t<\/p>\n<li style=\"font-weight: 400;\"><span style=\"font-weight: 400;\">Sp\u00e4dbarn m\u00e5ste sitta i kn\u00e4vecken <\/span><\/li>\n<p>n \t<\/p>\n<li style=\"font-weight: 400;\"><span style=\"font-weight: 400;\">Rekommenderas inte f\u00f6r resen\u00e4rer med ryggproblem<\/span><\/li>\n<p>n \t<\/p>\n<li style=\"font-weight: 400;\"><span style=\"font-weight: 400;\">Rekommenderas inte f\u00f6r gravida resen\u00e4rer <\/span><\/li>\n<p>n \t<\/p>\n<li style=\"font-weight: 400;\"><span style=\"font-weight: 400;\"> Inga hj\u00e4rtproblem eller andra allvarliga medicinska tillst\u00e5nd <\/span><\/li>\n<p>n \t<\/p>\n<li style=\"font-weight: 400;\"><span style=\"font-weight: 400;\">De flesta resen\u00e4rer kan delta<\/span><\/li>\n<p>n<\/ol>\n<p>n<\/p>\n<h4><b><i>Avbokningspolicy<\/i><\/b><\/h4>\n<p>nF\u00f6r full \u00e5terbetalning, v\u00e4nligen l\u00e4s v\u00e5ra avbokningsregler\u00a0<a href=\"https:\/\/www.boattoursamana.com\/sv\/online-bokning\/\" target=\"_blank\" rel=\"noopener\" data-saferedirecturl=\"https:\/\/www.google.com\/url?q=https:\/\/www.boattoursamana.com\/online-booking\/&amp;source=gmail&amp;ust=1672532492004000&amp;usg=AOvVaw3ylqI1cdbIPTimEqEWneyd\">Klicka h\u00e4r<\/a>. Pengarna g\u00e5r f\u00f6rlorade om bokningen avbokas samma dag som resan \u00e4ger rum.<\/p>\n\n\t\t<\/div>\n\t<\/div>\n<div class=\"vc_btn3-container vc_btn3-inline\" ><a class=\"vc_general vc_btn3 vc_btn3-size-md vc_btn3-shape-rounded vc_btn3-style-modern vc_btn3-color-green\" href=\"https:\/\/bookingadventures.tours\/booking.php?tour_id=76244158e4bf48f84872b711d82fa754\" title=\"\" rel=\"noopener\">BOKA NU<\/a><\/div><\/div><\/div><\/div><\/div><div class=\"vc_row wpb_row vc_row-fluid\" ><div class=\"wpb_column vc_column_container vc_col-sm-12\"><div class=\"vc_column-inner\"><div class=\"wpb_wrapper\"><div class=\"vc_empty_space\"   style=\"height: 32px\"><span class=\"vc_empty_space_inner\"><\/span><\/div>\n\t<div class=\"wpb_text_column wpb_content_element\" >\n\t\t<div class=\"wpb_wrapper\">\n\t\t\t<p>\nn<\/p>\n<h4>Kontakta oss?<\/h4>\n<p>n<\/p>\n<h5><em><strong>Bokning av \u00e4ventyr<\/strong><\/em><\/h5>\n<p>n<em><strong>Lokalbefolkningen<\/strong> och <strong>Nationals<\/strong> Guider och g\u00e4stservice<\/em><br \/>\nn<br \/>\nn<span class=\"text-turquoise\">Reservationer:<\/span> Turer och utflykter i Dom. Rep.<br \/>\nn<br \/>\nn<img decoding=\"async\" class=\"emoji\" draggable=\"false\" src=\"https:\/\/s.w.org\/images\/core\/emoji\/11.2.0\/svg\/1f4de.svg\" alt=\" \" title=\"\"> Telefon \/ Whatsapp\u00a0 <a href=\"tel:+1-809-720-6035\">+1-809-720-6035<\/a>.<br \/>\nn<br \/>\nn<img decoding=\"async\" class=\"emoji\" draggable=\"false\" src=\"https:\/\/s.w.org\/images\/core\/emoji\/11.2.0\/svg\/1f4e9.svg\" alt=\" \" title=\"\"> <a href=\"mailto:info@bookingadventures.com.do\">info@bookingadventures.com.do<\/a><br \/>\nn<br \/>\nn<strong>Vi \u00e4r flexibla n\u00e4r det g\u00e4ller att st\u00e4lla in privata turer via Whatsapp: <a href=\"tel:+18097206035\">+18097206035.<\/a><\/strong><\/p>\n\n\t\t<\/div>\n\t<\/div>\n<div class=\"vc_empty_space\"   style=\"height: 32px\"><span class=\"vc_empty_space_inner\"><\/span><\/div><\/div><\/div><\/div><\/div><div class=\"vc_row wpb_row vc_row-fluid\" ><div class=\"wpb_column vc_column_container vc_col-sm-12\"><div class=\"vc_column-inner\"><div class=\"wpb_wrapper\"><div class=\"vc_btn3-container vc_btn3-inline\" ><a class=\"vc_general vc_btn3 vc_btn3-size-md vc_btn3-shape-rounded vc_btn3-style-modern vc_btn3-color-green\" href=\"https:\/\/bookingadventures.tours\/booking.php?tour_id=76244158e4bf48f84872b711d82fa754\" title=\"\" rel=\"noopener\">BOKA NU<\/a><\/div><\/div><\/div><\/div><\/div><div class=\"vc_row wpb_row vc_row-fluid\" ><div class=\"wpb_column vc_column_container vc_col-sm-12\"><div class=\"vc_column-inner\"><div class=\"wpb_wrapper\"><\/div><\/div><\/div><\/div>","protected":false},"excerpt":{"rendered":"<p>Excursion to Los Haitises National Park starting from Sabana de la Mar or Ca\u00f1o Hondo Hotels. Kayaking Mangroves in Los Haitises National Park with a local tour guide. Visiting Mangroves in Ca\u00f1o Hondo River plus an Overview of the San Lorenzo Bay in Los Haitises National park, Sabana de la Mar Ca\u00f1o Hondo area. If you are interested in visit also the caves please book 4 Hours Kayaking trip here. n n The guide provides instruction and Supervision n Kayaks [&hellip;]<\/p>\n","protected":false},"author":2,"featured_media":0,"parent":0,"menu_order":0,"comment_status":"open","ping_status":"closed","template":"","meta":{"footnotes":""},"class_list":["post-15734","page","type-page","status-publish","hentry"],"_links":{"self":[{"href":"https:\/\/www.boattoursamana.com\/sv\/wp-json\/wp\/v2\/pages\/15734","targetHints":{"allow":["GET"]}}],"collection":[{"href":"https:\/\/www.boattoursamana.com\/sv\/wp-json\/wp\/v2\/pages"}],"about":[{"href":"https:\/\/www.boattoursamana.com\/sv\/wp-json\/wp\/v2\/types\/page"}],"author":[{"embeddable":true,"href":"https:\/\/www.boattoursamana.com\/sv\/wp-json\/wp\/v2\/users\/2"}],"replies":[{"embeddable":true,"href":"https:\/\/www.boattoursamana.com\/sv\/wp-json\/wp\/v2\/comments?post=15734"}],"version-history":[{"count":0,"href":"https:\/\/www.boattoursamana.com\/sv\/wp-json\/wp\/v2\/pages\/15734\/revisions"}],"wp:attachment":[{"href":"https:\/\/www.boattoursamana.com\/sv\/wp-json\/wp\/v2\/media?parent=15734"}],"curies":[{"name":"wp","href":"https:\/\/api.w.org\/{rel}","templated":true}]}}