{"id":15764,"date":"2023-07-15T07:43:13","date_gmt":"2023-07-15T07:43:13","guid":{"rendered":"https:\/\/www.ticketswhales.com\/half-day-whale-watching-samana-in-catamaran-morning\/"},"modified":"2023-07-15T07:43:13","modified_gmt":"2023-07-15T07:43:13","slug":"half-day-whale-watching-samana-in-catamaran-morning","status":"publish","type":"page","link":"https:\/\/www.boattoursamana.com\/sv\/halvdag-valskadning-samana-i-katamaran-morgon","title":{"rendered":"Halvdags valsk\u00e5dning p\u00e5 Saman\u00e1 i katamaran - f\u00f6rmiddag"},"content":{"rendered":"<p>Halvdags valsk\u00e5dning i Samana Bay, Dominikanska republiken. Valsk\u00e5dning fr\u00e5n Saman\u00e1 hamn i en bekv\u00e4m katamaran. Boka valsk\u00e5dning p\u00e5 morgonen eller eftermiddagen. Boka nu denna utflykt i Samanabukten f\u00f6r en bra upplevelse av valsk\u00e5dning.<br \/>\nn<br \/>\nn<strong>Lunch ing\u00e5r inte i priset. Om du vill ha allt inkluderat \u00e4r du v\u00e4lkommen:\u00a0 <a href=\"https:\/\/www.boattoursamana.com\/sv\/tours-excursions\/tours-and-excursions\/samana-whale-watching-cayo-levantado\/\">Klicka h\u00e4r\u00a0<\/a><\/strong><br \/>\nn<br \/>\nn&nbsp;<\/p>\n<p>&nbsp;<\/p>\n<div class=\"vc_row wpb_row vc_row-fluid\" ><div class=\"wpb_column vc_column_container vc_col-sm-12\"><div class=\"vc_column-inner\"><div class=\"wpb_wrapper\"><div class=\"mkdf-section-title-holder\" style=\"text-align: left\">\n\t<div class=\"mkdf-st-inner\">\n\t\t\t\t\t<h5 class=\"mkdf-st-subtitle\" >\n\t\t\t\tF\u00f6rmiddag eller eftermiddag\t\t\t<\/h5>\n\t\t\t\t\t\t\t<h3 class=\"mkdf-st-title\" >\n\t\t\t\tHalvdags valsk\u00e5dning i katamaran i Samana\t\t\t<\/h3>\n\t\t\t\t\t<\/div>\n<\/div><div class=\"vc_empty_space\"   style=\"height: 32px\"><span class=\"vc_empty_space_inner\"><\/span><\/div><div class=\"vc_message_box vc_message_box-standard vc_message_box-rounded vc_color-info\" ><div class=\"vc_message_box-icon\"><i class=\"fas fa-info-circle\"><\/i><\/div><p><strong>Priset inkluderar inte lunch.Om du vill ha allt inkluderat \u00e4r du v\u00e4lkommen:\u00a0 <a href=\"https:\/\/www.boattoursamana.com\/sv\/tours-excursions\/tours-and-excursions\/samana-whale-watching-cayo-levantado\/\">Klicka h\u00e4r\u00a0<\/a><\/strong><\/p>\n<\/div><div class=\"vc_empty_space\"   style=\"height: 32px\"><span class=\"vc_empty_space_inner\"><\/span><\/div><\/div><\/div><\/div><\/div><div class=\"vc_row wpb_row vc_row-fluid\" ><div class=\"wpb_column vc_column_container vc_col-sm-12\"><div class=\"vc_column-inner\"><div class=\"wpb_wrapper\"><div class=\"vc_btn3-container vc_btn3-inline\" ><button class=\"vc_general vc_btn3 vc_btn3-size-md vc_btn3-shape-rounded vc_btn3-style-modern vc_btn3-color-green\">BOKA NU<\/button><\/div>\n\t<div class=\"wpb_text_column wpb_content_element\" >\n\t\t<div class=\"wpb_wrapper\">\n\t\t\t<p>\nn<\/p>\n<div class=\"vc_row wpb_row vc_row-fluid\">\nn<\/p>\n<div class=\"wpb_column vc_column_container vc_col-sm-12\">\nn<\/p>\n<div class=\"vc_column-inner\">\nn<\/p>\n<div class=\"wpb_wrapper\">\nn<\/p>\n<div class=\"wpb_text_column wpb_content_element\">\nn<\/p>\n<div class=\"wpb_wrapper\">\nn<\/p>\n<div class=\"vc_row wpb_row vc_row-fluid\">\nn<\/p>\n<div class=\"wpb_column vc_column_container vc_col-sm-12\">\nn<\/p>\n<div class=\"vc_column-inner\">\nn<\/p>\n<div class=\"wpb_wrapper\">\nn<\/p>\n<div class=\"wpb_text_column wpb_content_element\">\nn<\/p>\n<div class=\"wpb_wrapper\">\nn<\/p>\n<h4><b><i>\u00d6versikt<img decoding=\"async\" class=\"emoji\" draggable=\"false\" src=\"https:\/\/s.w.org\/images\/core\/emoji\/12.0.0-1\/svg\/1f433.svg\" alt=\" \" title=\"\"><\/i><\/b><\/h4>\n<p>n Efter att ha avbrutit v\u00e5r b\u00e5t f\u00f6r att bes\u00f6ka valarna i deras egen livsmilj\u00f6. V\u00e5ra kaptener \u00e4r utbildade f\u00f6r att se till att du ser valar.<br \/>\nn<br \/>\nnFr\u00e5n 09:00 till 12:00 eller privat minst 4 personer fr\u00e5n 13:00 till 15:30. Valsk\u00e5dningsobservatorium och efter denna Whale Whatchig-resa kommer vi tillbaka till Samanas huvudhamn.<br \/>\nn<br \/>\nn<strong>Observera:<\/strong> Den h\u00e4r turen \u00e4r inte privat. Om du vill boka en privat visning \u00e4r det bara att kontakta oss!<br \/>\nn<\/p>\n<ul>\nn \t<\/p>\n<li>Valsk\u00e5dningsresa<\/li>\n<p>n \t<\/p>\n<li>B\u00e5t Catamarn \u00f6verf\u00f6ring<\/li>\n<p>n \t<\/p>\n<li>Kaptenen ger instruktioner och \u00f6vervakning<\/li>\n<p>n \t<\/p>\n<li>Reseguide<\/li>\n<p>n<\/ul>\n<p>n&nbsp;<br \/>\nn<\/p>\n<h4><b>Inkluderat och uteslutet<\/b><\/h4>\n<p>n&nbsp;<br \/>\nn<br \/>\nn<b>Inkluderat material<\/b><br \/>\nn<\/p>\n<ol>\nn \t<\/p>\n<li>Reseguide<\/li>\n<p>n \t<\/p>\n<li>Katamaran eller b\u00e5ttur<\/li>\n<p>n \t<\/p>\n<li>Alla skatter, avgifter och hanteringsavgifter<\/li>\n<p>n \t<\/p>\n<li>Lokala skatter<\/li>\n<p>n<\/ol>\n<p>n<b>Undantag<\/b><br \/>\nn<\/p>\n<ol>\nn \t<\/p>\n<li>Dricks<\/li>\n<p>n \t<\/p>\n<li>\u00d6verf\u00f6ringsbil<\/li>\n<p>n \t<\/p>\n<li>Alkoholhaltiga drycker<\/li>\n<p>n \t<\/p>\n<li>Drycker<\/li>\n<p>n \t<\/p>\n<li>Dramamintabletter (valfritt)<\/li>\n<p>n \t<\/p>\n<li>Intr\u00e4desavgifter till helgedomen. (armband)<\/li>\n<p>n<\/ol>\n<p>n&nbsp;<br \/>\nn<\/p>\n<h4><em><strong>Avresa och \u00e5terkomst<\/strong><\/em><\/h4>\n<p>n Resen\u00e4ren kommer att f\u00e5 en m\u00f6tesplats efter bokningsprocessen. Turerna startar och slutar i v\u00e5ra m\u00f6tesplatser.<br \/>\nn<\/p>\n<h3>Halvdags valsk\u00e5dning i katamaran i Samana<\/h3>\n<p>n<\/p>\n<h4><b><i>Vad kan man f\u00f6rv\u00e4nta sig?<\/i><\/b><\/h4>\n<p>n&nbsp;<br \/>\nn<br \/>\nn<em><strong>K\u00f6p dina biljetter<\/strong><\/em> f\u00f6r en halvdagstur med valsk\u00e5dning i Saman\u00e1bukten.<br \/>\nn<br \/>\nnValsk\u00e5dningsresan halvdag, organiserad av &quot;Booking Adventures&quot; startar vid m\u00f6tesplatsen med reseguiden. Lunch p\u00e5 stranden \u00e4r <strong>inte<\/strong> ing\u00e5r i denna tur.<br \/>\nn<br \/>\nn&nbsp;<br \/>\nn<br \/>\nn<strong>Tidtabell:<\/strong><br \/>\nn<br \/>\nn9:00 \u2013 12:30<br \/>\nn<br \/>\nn1: 00.00 \u2013 15.30. (Det \u00e4r mest en privat resa med minst 4 personer eller kontakta oss).<br \/>\nn<br \/>\nn<\/div>\n<p>nTiden kan f\u00f6r\u00e4ndras beroende p\u00e5 hur m\u00e5nga valar vi ser.<br \/>\nn<\/p>\n<div class=\"wpb_wrapper\">\nn<br \/>\nn&nbsp;<br \/>\nn<\/p>\n<h4><em><strong>Vad ska du ta med dig?<\/strong><\/em><\/h4>\n<p>n<\/p>\n<ul>\nn \t<\/p>\n<li>Kamera<\/li>\n<p>n \t<\/p>\n<li>Repellerande knoppar<\/li>\n<p>n \t<\/p>\n<li>solkr\u00e4m<\/li>\n<p>n \t<\/p>\n<li>Hatt<\/li>\n<p>n \t<\/p>\n<li>Bekv\u00e4ma byxor<\/li>\n<p>n \t<\/p>\n<li>Badkl\u00e4der<\/li>\n<p>n \t<\/p>\n<li>Kontanter f\u00f6r souvenirer<\/li>\n<p>n<\/ul>\n<p>n&nbsp;<br \/>\nn<\/p>\n<h4><b><i>H\u00e4mtning p\u00e5 hotellet<\/i><\/b><\/h4>\n<p>nHotellh\u00e4mtning erbjuds inte f\u00f6r denna turn\u00e9.<br \/>\nn<br \/>\nn&nbsp;<br \/>\nn<br \/>\nn<b>Observera:<\/b>\u00a0Om du bokar inom 24 timmar f\u00f6re turens\/utflyktens avg\u00e5ngstid kan vi ordna h\u00e4mtning p\u00e5 hotellet mot en extra avgift. N\u00e4r ditt k\u00f6p \u00e4r klart skickar vi dig fullst\u00e4ndig kontaktinformation (telefonnummer, e-postadress etc.) till v\u00e5r lokala guide f\u00f6r att organisera upph\u00e4mtning.<br \/>\nn<\/p>\n<h4><b><i>Ytterligare information Bekr\u00e4ftelse<\/i><\/b><\/h4>\n<p>n<\/p>\n<ol>\nn \t<\/p>\n<li>Biljetterna \u00e4r kvittot efter att du har betalat denna turn\u00e9. Du kan visa betalningen p\u00e5 din telefon.<\/li>\n<p>n \t<\/p>\n<li>M\u00f6tesplatsen kommer att meddelas efter bokningsprocessen.<\/li>\n<p>n \t<\/p>\n<li>Barn m\u00e5ste \u00e5tf\u00f6ljas av en vuxen.<\/li>\n<p>n \t<\/p>\n<li>rullstolstillg\u00e4nglig<\/li>\n<p>n \t<\/p>\n<li>Sp\u00e4dbarn m\u00e5ste sitta i kn\u00e4vecken<\/li>\n<p>n \t<\/p>\n<li>De flesta resen\u00e4rer kan delta<\/li>\n<p>n<\/ol>\n<p>n<\/p>\n<h4><b><i>Avbokningspolicy<\/i><\/b><\/h4>\n<p>nF\u00f6r full \u00e5terbetalning, v\u00e4nligen l\u00e4s v\u00e5ra avbokningsregler\u00a0<a href=\"https:\/\/www.boattoursamana.com\/sv\/online-bokning\/\" target=\"_blank\" rel=\"noopener\" data-saferedirecturl=\"https:\/\/www.google.com\/url?q=https:\/\/www.boattoursamana.com\/online-booking\/&amp;source=gmail&amp;ust=1672449202351000&amp;usg=AOvVaw1yAeVAPktmaVCqDujgUn90\">Klicka h\u00e4r<\/a>. Pengarna g\u00e5r f\u00f6rlorade om bokningen avbokas samma dag som resan \u00e4ger rum.<br \/>\nn<br \/>\nn<\/div>\n<p>n\n<\/p><\/div>\n<p>n\n<\/p><\/div>\n<p>n\n<\/p><\/div>\n<p>n\n<\/p><\/div>\n<p>n\n<\/p><\/div>\n<p>n\n<\/p><\/div>\n<p>n\n<\/p><\/div>\n<p>n\n<\/p><\/div>\n<p>n\n<\/p><\/div>\n<p>n\n<\/p><\/div>\n<p>n\n<\/p><\/div>\n<p>n<\/p>\n<div class=\"vc_row wpb_row vc_row-fluid\">\nn<\/p>\n<div class=\"wpb_column vc_column_container vc_col-sm-12\">\nn<\/p>\n<div class=\"vc_column-inner\">\nn<\/p>\n<div class=\"wpb_wrapper\">\nn<\/p>\n<div class=\"vc_empty_space\"><\/div>\n<p>n<\/p>\n<div class=\"wpb_text_column wpb_content_element\">\nn<\/p>\n<div class=\"wpb_wrapper\">\nn<\/p>\n<h4>Kontakta oss?<\/h4>\n<p>n<\/p>\n<h5><b><i>TUR VALAR SAMANA<\/i><\/b><\/h5>\n<p>n<em><strong>Lokalbefolkningen<\/strong>\u00a0och\u00a0<strong>Nationals<\/strong>\u00a0Guider och g\u00e4stservice<\/em><br \/>\nn<br \/>\nn<span class=\"text-turquoise\">Reservationer:<\/span>\u00a0Turer och utflykter i Dom. Rep.<br \/>\nn<br \/>\nn<img decoding=\"async\" class=\"emoji\" draggable=\"false\" src=\"https:\/\/s.w.org\/images\/core\/emoji\/11.2.0\/svg\/1f4de.svg\" alt=\" \" title=\"\">\u00a0Telefon \/ Whatsapp\u00a0\u00a0<a href=\"tel:+1-809-720-6035\">+1-809-720-6035<\/a>.<br \/>\nn<br \/>\nn<img decoding=\"async\" class=\"emoji\" draggable=\"false\" src=\"https:\/\/s.w.org\/images\/core\/emoji\/11.2.0\/svg\/1f4e9.svg\" alt=\" \" title=\"\">\u00a0<a href=\"mailto:info@bookingadventures.com.do\">info@bookingadventures.com.do<\/a><br \/>\nn<br \/>\nn<strong>Vi \u00e4r flexibla n\u00e4r det g\u00e4ller att st\u00e4lla in privata turer via Whatsapp:\u00a0<a href=\"tel:+18097206035\">+18097206035.<\/a><\/strong><br \/>\nn<br \/>\nn<\/div>\n<p>n\n<\/p><\/div>\n<p>n\n<\/p><\/div>\n<p>n\n<\/p><\/div>\n<p>n\n<\/p><\/div>\n<p>n\n<\/p><\/div>\n<p>n<\/p>\n\n\t\t<\/div>\n\t<\/div>\n<div class=\"vc_message_box vc_message_box-standard vc_message_box-rounded vc_color-info\" ><div class=\"vc_message_box-icon\"><i class=\"fas fa-info-circle\"><\/i><\/div><p><strong>Priset inkluderar inte lunch.Om du vill ha allt inkluderat \u00e4r du v\u00e4lkommen:\u00a0 <a href=\"https:\/\/www.boattoursamana.com\/sv\/tours-excursions\/tours-and-excursions\/samana-whale-watching-cayo-levantado\/\">Klicka h\u00e4r\u00a0<\/a><\/strong><\/p>\n<\/div><\/div><\/div><\/div><\/div><div class=\"vc_row wpb_row vc_row-fluid\" ><div class=\"wpb_column vc_column_container vc_col-sm-12\"><div class=\"vc_column-inner\"><div class=\"wpb_wrapper\"><div class=\"vc_btn3-container vc_btn3-inline\" ><button class=\"vc_general vc_btn3 vc_btn3-size-md vc_btn3-shape-rounded vc_btn3-style-modern vc_btn3-color-green\">BOKA NU<\/button><\/div><\/div><\/div><\/div><\/div>","protected":false},"excerpt":{"rendered":"<p>Half-Day Whale Watching Samana Bay, Dominican Republic. Whale Watching from Saman\u00e1 port in a comfortable Catamaran. Book in the Morning or Afternoon trips for Whale watching. Book Now this excursion in Samana bay for a Good whale watching trip experience. n nPrice do not include Lunch. If you will like all include please:\u00a0 Click here\u00a0 n n&nbsp; &nbsp;<\/p>","protected":false},"author":2,"featured_media":0,"parent":0,"menu_order":0,"comment_status":"open","ping_status":"closed","template":"","meta":{"footnotes":""},"class_list":["post-15764","page","type-page","status-publish","hentry"],"_links":{"self":[{"href":"https:\/\/www.boattoursamana.com\/sv\/wp-json\/wp\/v2\/pages\/15764","targetHints":{"allow":["GET"]}}],"collection":[{"href":"https:\/\/www.boattoursamana.com\/sv\/wp-json\/wp\/v2\/pages"}],"about":[{"href":"https:\/\/www.boattoursamana.com\/sv\/wp-json\/wp\/v2\/types\/page"}],"author":[{"embeddable":true,"href":"https:\/\/www.boattoursamana.com\/sv\/wp-json\/wp\/v2\/users\/2"}],"replies":[{"embeddable":true,"href":"https:\/\/www.boattoursamana.com\/sv\/wp-json\/wp\/v2\/comments?post=15764"}],"version-history":[{"count":0,"href":"https:\/\/www.boattoursamana.com\/sv\/wp-json\/wp\/v2\/pages\/15764\/revisions"}],"wp:attachment":[{"href":"https:\/\/www.boattoursamana.com\/sv\/wp-json\/wp\/v2\/media?parent=15764"}],"curies":[{"name":"wp","href":"https:\/\/api.w.org\/{rel}","templated":true}]}}