{"id":15765,"date":"2023-07-15T07:43:13","date_gmt":"2023-07-15T07:43:13","guid":{"rendered":"https:\/\/www.ticketswhales.com\/day-pass-cano-hondo-natural-pools-lunch-included\/"},"modified":"2023-07-15T07:43:13","modified_gmt":"2023-07-15T07:43:13","slug":"day-pass-cano-hondo-natural-pools-lunch-included","status":"publish","type":"page","link":"https:\/\/www.boattoursamana.com\/sv\/dag-pass-cano-hondo-naturpooler-lunch-inkluderat-3","title":{"rendered":"Dagspass Ca\u00f1o Hondo - naturliga pooler och lunch ing\u00e5r"},"content":{"rendered":"<p>K\u00f6p en dagsbiljett till naturliga simbass\u00e4nger p\u00e5 Ca\u00f1o Hondo Hotel i Los Haitises nationalpark, Sabana de la Mar. Lunch ing\u00e5r i priset.<br \/>\nn<br \/>\nnF\u00f6r mer information, v\u00e4nligen kontakta oss.<\/p>\n<p>&nbsp;<\/p>\n<div class=\"vc_row wpb_row vc_row-fluid\" ><div class=\"wpb_column vc_column_container vc_col-sm-12\"><div class=\"vc_column-inner\"><div class=\"wpb_wrapper\"><div class=\"vc_message_box vc_message_box-standard vc_message_box-rounded vc_color-info\" ><div class=\"vc_message_box-icon\"><i class=\"fas fa-info-circle\"><\/i><\/div><p>Boka l\u00e5ga priser p\u00e5 rum i Cano Hondo <a href=\"http:\/\/dominican-republic-hotels.com\/hotel\/cano-hondo-hotel-eco-lodge\/\" rel=\"noopener\">Klicka h\u00e4r.<\/a><\/p>\n<\/div><div class=\"vc_btn3-container vc_btn3-inline\" ><button class=\"vc_general vc_btn3 vc_btn3-size-md vc_btn3-shape-rounded vc_btn3-style-modern vc_btn3-color-green\">BOKA NU<\/button><\/div>\n\t<div class=\"wpb_text_column wpb_content_element\" >\n\t\t<div class=\"wpb_wrapper\">\n\t\t\t<p>\nn<\/p>\n<div class=\"vc_row wpb_row vc_row-fluid\">\nn<\/p>\n<div class=\"wpb_column vc_column_container vc_col-sm-12\">\nn<\/p>\n<div class=\"vc_column-inner\">\nn<\/p>\n<div class=\"wpb_wrapper\">\nn<\/p>\n<div class=\"wpb_text_column wpb_content_element\">\nn<\/p>\n<div class=\"wpb_wrapper\">\nn<\/p>\n<h2 class=\"mkdf-single-product-title\">Dagspass Ca\u00f1o Hondo - naturliga pooler och lunch ing\u00e5r<\/h2>\n<p>n<\/p>\n<h4><b><i>Beskrivning<\/i><\/b><\/h4>\n<p>nCa\u00f1o Hondo Day Pass Biljett till v\u00e5ra naturliga utomhuspooler med lunch med buff\u00e9 ing\u00e5r. Varje dag fr\u00e5n 8:30 till 17:00.<br \/>\nn<\/p>\n<div class=\"wpb_text_column wpb_content_element\">\nn<\/p>\n<div class=\"wpb_wrapper\">\nn<br \/>\nPooler \u00e4r helt biologiska utan behov av klor eller kemikalier som utvecklar sin egen naturliga ekologi och balanserade ekosystem genom att vara utformade och byggda p\u00e5 ett visst s\u00e4tt. N\u00e4r balansen \u00e4r uppn\u00e5dd \u00e4r vattnet naturligt klart som i en fj\u00e4llsj\u00f6.<br \/>\nn<br \/>\nn<\/div>\n<p>n\n<\/p><\/div>\n<p>n<\/p>\n<div class=\"wpb_text_column wpb_content_element\">\nn<\/p>\n<div class=\"wpb_wrapper\">\nn<br \/>\nn<strong>Njut av naturliga Eco-pooler som sm\u00e4lter vackert in i det fridfulla och ursprungliga landskapet i Los Haitises National Park, Sabana de la Mar. <\/strong><br \/>\nn<\/p>\n<p style=\"text-align: center;\"><strong>Tillbringa en h\u00e4rlig dag med din familj eller dina v\u00e4nner.<\/strong><\/p>\n<p>n<br \/>\nn\n<\/div>\n<p>n\n<\/p><\/div>\n<p>n&nbsp;<br \/>\nn<\/p>\n<h3><b>Inkludering y Exkludering<\/b><\/h3>\n<p>n<b>Inkluderat material<\/b><br \/>\nn<\/p>\n<ol>\nn \t<\/p>\n<li>Lunch - buff\u00e9<\/li>\n<p>n \t<\/p>\n<li>Intr\u00e4de till naturliga simbass\u00e4nger<\/li>\n<p>n<\/ol>\n<p>n<b>Undantag (ing\u00e5r ej)<\/b><br \/>\nn<\/p>\n<ol>\nn \t<\/p>\n<li>Transport<\/li>\n<p>n \t<\/p>\n<li>Alkoholhaltiga drycker<\/li>\n<p>n<\/ol>\n<p>n&nbsp;<br \/>\nn<\/p>\n<h4><em><strong>Varf\u00f6r k\u00f6pa biljetten?<\/strong><\/em><\/h4>\n<p>Vi ber er att g\u00f6ra en f\u00f6rhandsbokning s\u00e5 att vi kan reservera plats i v\u00e5r restaurang och f\u00f6rbereda lunchbuff\u00e9n f\u00f6r er. N\u00e4r du har gjort bokningen kommer v\u00e5ra representanter att kontakta dig f\u00f6r att ge dig mer information - hur du kommer till v\u00e5r plats, vad \u00e4r menyn f\u00f6r lunchbuff\u00e9n och f\u00f6r att svara p\u00e5 alla dina fr\u00e5gor.<br \/>\nn<br \/>\nn<strong>Obs: Gratis f\u00f6r barn under 3 \u00e5r. Barn mellan 4 och 10 \u00e5r betalar endast halva priset.<\/strong><br \/>\nn<\/p>\n<h2 style=\"text-align: center;\"><strong>Mineralvattenpooler designade och byggda med k\u00e4nsla f\u00f6r detaljer och kreativitet.<\/strong><\/h2>\n<p>n<strong>Tid:<\/strong><br \/>\nn<br \/>\nn8:30 \u2013 17:00<br \/>\nn<br \/>\nn&nbsp;<br \/>\nn<\/p>\n<h4><em><strong>Vad b\u00f6r du ta med dig?<\/strong><\/em><\/h4>\n<p>n<\/p>\n<ul>\nn \t<\/p>\n<li>Camara<\/li>\n<p>n \t<\/p>\n<li>\u00a0Avvisande<\/li>\n<p>n \t<\/p>\n<li>Solkr\u00e4m<\/li>\n<p>n<\/ul>\n<p>n&nbsp;<br \/>\nn<\/p>\n<h4><i>Transport: <\/i><\/h4>\n<p>nTransport ing\u00e5r inte.<br \/>\nn<br \/>\nn<b>Nota: Om du vill ha en \u00f6verf\u00f6ring, v\u00e4nligen kontakta oss.<\/b><br \/>\nn<\/p>\n<h4><b><i>Avbokningsregler<\/i><\/b><\/h4>\n<p>F\u00f6r full \u00e5terbetalning, l\u00e4s v\u00e5ra avbokningsregler i sidfoten p\u00e5 webbplatsen.<br \/>\nn<br \/>\nn\n<\/div>\n<p>n\n<\/p><\/div>\n<p>n\n<\/p><\/div>\n<p>n\n<\/p><\/div>\n<p>n\n<\/p><\/div>\n<p>n\n<\/p><\/div>\n<p>n<\/p>\n<div class=\"vc_row wpb_row vc_row-fluid\">\nn<\/p>\n<div class=\"wpb_column vc_column_container vc_col-sm-12\">\nn<\/p>\n<div class=\"vc_column-inner\">\nn<\/p>\n<div class=\"wpb_wrapper\">\nn<\/p>\n<div class=\"wpb_text_column wpb_content_element\">\nn<\/p>\n<div class=\"wpb_wrapper\">\nn<br \/>\nn&nbsp;<br \/>\nn<\/p>\n<h3 style=\"text-align: center;\">Du kan ocks\u00e5 njuta av m\u00e5nga aktiviteter och utflykter med lokal reseguide.<\/h3>\n<p>n<strong>F\u00f6rteckning \u00f6ver aktiviteter:<\/strong><br \/>\nnZip foder<br \/>\nnKl\u00e4ttring p\u00e5 bergv\u00e4ggar<br \/>\nn Ridning<br \/>\nnGuidade eller sj\u00e4lvguidade vandringar i Los Haitises<br \/>\nnKajakpaddling i Los Haitises<br \/>\nnGuidade b\u00e5tturer till Los Haitises<br \/>\nnValsk\u00e5dning (fr\u00e5n 15 januari \u2013 20 mars)<br \/>\nnGuidad f\u00e5gelsk\u00e5dning<br \/>\nnCayo Levantado\/Bacardi \u00f6<br \/>\nnDjurliv och natur<br \/>\nn Vattenfallen El Limon, Samana<br \/>\nn<br \/>\nn<strong>F\u00f6r mer information om aktiviteter och utflykter, v\u00e4nligen kontakta oss. Du kan ocks\u00e5 <a href=\"http:\/\/haitises.com\/\" rel=\"noopener\">Boka h\u00e4r.<\/a><\/strong><br \/>\nn<\/p>\n<h4><b><i>Avbokningspolicy<\/i><\/b><\/h4>\n<p>nF\u00f6r full \u00e5terbetalning, v\u00e4nligen l\u00e4s v\u00e5ra avbokningsregler\u00a0<a href=\"https:\/\/www.boattoursamana.com\/sv\/online-bokning\/\" target=\"_blank\" rel=\"noopener\" data-saferedirecturl=\"https:\/\/www.google.com\/url?q=https:\/\/www.boattoursamana.com\/online-booking\/&amp;source=gmail&amp;ust=1672449202351000&amp;usg=AOvVaw1yAeVAPktmaVCqDujgUn90\">Klicka h\u00e4r<\/a>. Pengarna g\u00e5r f\u00f6rlorade om bokningen avbokas samma dag som resan \u00e4ger rum.<br \/>\nn<br \/>\nn<\/div>\n<p>n\n<\/p><\/div>\n<p>n\n<\/p><\/div>\n<p>n\n<\/p><\/div>\n<p>n\n<\/p><\/div>\n<p>n\n<\/p><\/div>\n<p>n<\/p>\n\n\t\t<\/div>\n\t<\/div>\n<\/div><\/div><\/div><\/div><div class=\"vc_row wpb_row vc_row-fluid\" ><div class=\"wpb_column vc_column_container vc_col-sm-12\"><div class=\"vc_column-inner\"><div class=\"wpb_wrapper\"><div class=\"vc_btn3-container vc_btn3-inline\" ><button class=\"vc_general vc_btn3 vc_btn3-size-md vc_btn3-shape-rounded vc_btn3-style-modern vc_btn3-color-green\">BOKA NU<\/button><\/div><\/div><\/div><\/div><\/div>","protected":false},"excerpt":{"rendered":"<p>Buy a Day Pass Ticket Natural Swimming Pools at Ca\u00f1o Hondo Hotel in the Los Haitises National Park, Sabana de la Mar. Lunch is included. n nFor more information, please contact us. &nbsp;<\/p>","protected":false},"author":2,"featured_media":0,"parent":0,"menu_order":0,"comment_status":"open","ping_status":"closed","template":"","meta":{"footnotes":""},"class_list":["post-15765","page","type-page","status-publish","hentry"],"_links":{"self":[{"href":"https:\/\/www.boattoursamana.com\/sv\/wp-json\/wp\/v2\/pages\/15765","targetHints":{"allow":["GET"]}}],"collection":[{"href":"https:\/\/www.boattoursamana.com\/sv\/wp-json\/wp\/v2\/pages"}],"about":[{"href":"https:\/\/www.boattoursamana.com\/sv\/wp-json\/wp\/v2\/types\/page"}],"author":[{"embeddable":true,"href":"https:\/\/www.boattoursamana.com\/sv\/wp-json\/wp\/v2\/users\/2"}],"replies":[{"embeddable":true,"href":"https:\/\/www.boattoursamana.com\/sv\/wp-json\/wp\/v2\/comments?post=15765"}],"version-history":[{"count":0,"href":"https:\/\/www.boattoursamana.com\/sv\/wp-json\/wp\/v2\/pages\/15765\/revisions"}],"wp:attachment":[{"href":"https:\/\/www.boattoursamana.com\/sv\/wp-json\/wp\/v2\/media?parent=15765"}],"curies":[{"name":"wp","href":"https:\/\/api.w.org\/{rel}","templated":true}]}}