{"id":15770,"date":"2023-07-15T07:43:40","date_gmt":"2023-07-15T07:43:40","guid":{"rendered":"https:\/\/www.ticketswhales.com\/parasailing-tour-from-punta-cana-95-usd\/"},"modified":"2023-07-15T07:43:40","modified_gmt":"2023-07-15T07:43:40","slug":"parasailing-tour-from-punta-cana-95-usd","status":"publish","type":"page","link":"https:\/\/www.boattoursamana.com\/sv\/parasailing-tour-from-punta-cana-95-usd","title":{"rendered":"Fallsk\u00e4rmsflygning fr\u00e5n Punta Cana 95 USD."},"content":{"rendered":"<p><span style=\"vertical-align: inherit;\"><span style=\"vertical-align: inherit;\">Parasailing i Punta Cana \u00e4r ett otroligt \u00e4ventyr och en av de b\u00e4sta sakerna du kan g\u00f6ra i Punta Cana. <\/span><span style=\"vertical-align: inherit;\">La costa desde 200 pies en el aire, mientras navega, es absolutamente impresionante.<\/span><\/span><br \/>\nn<br \/>\nn<span style=\"vertical-align: inherit;\"><span style=\"vertical-align: inherit;\">Parasailing \u00e4r en upplevelse som \u00e4r enkel och rolig f\u00f6r alla familjemedlemmar. <\/span><span style=\"vertical-align: inherit;\">Som det fr\u00e4msta f\u00f6retaget f\u00f6r parasailing och \u00e4ventyr i Dominikanska republiken \u00e4r v\u00e5r parasailingutrustning en av de mest erfarna i Punta Cana, med mer \u00e4n 16 \u00e5rs erfarenhet av flygresor. <\/span><span style=\"vertical-align: inherit;\">Du kan njuta av 15 minuters flygresa och njuta av den fantastiska panoramavyn.<\/span><\/span><br \/>\nn<br \/>\nn&nbsp;<br \/>\nn<br \/>\nn<em><strong><span style=\"vertical-align: inherit;\"><span style=\"vertical-align: inherit;\">V\u00e4lj datum f\u00f6r turen\u00a0<\/span><\/span><\/strong><\/em><\/p>\n<p>&nbsp;<\/p>\n<div class=\"vc_row wpb_row vc_row-fluid\" ><div class=\"wpb_column vc_column_container vc_col-sm-12\"><div class=\"vc_column-inner\"><div class=\"wpb_wrapper\">\n\t<div class=\"wpb_text_column wpb_content_element\" >\n\t\t<div class=\"wpb_wrapper\">\n\t\t\t<p>u<\/p>\n\n\t\t<\/div>\n\t<\/div>\n<\/div><\/div><\/div><\/div><div class=\"vc_row wpb_row vc_row-fluid\" ><div class=\"wpb_column vc_column_container vc_col-sm-12\"><div class=\"vc_column-inner\"><div class=\"wpb_wrapper\"><div class=\"mkdf-section-title-holder\" style=\"text-align: left\">\n\t<div class=\"mkdf-st-inner\">\n\t\t\t\t\t<h5 class=\"mkdf-st-subtitle\" >\n\t\t\t\tFr\u00e5n Punta Cana Hotell\t\t\t<\/h5>\n\t\t\t\t\t\t\t<h3 class=\"mkdf-st-title\" >\n\t\t\t\tParasailingtur fr\u00e5n Punta Cana\t\t\t<\/h3>\n\t\t\t\t\t\t\t<p class=\"mkdf-st-text\" >\n\t\t\t\tObservera: Turen b\u00f6rjar kl. 7.00 beroende p\u00e5 var du h\u00e4mtar hotellet.Tiden kan \u00e4ndras. Extra kostnader f\u00f6r upph\u00e4mtning i omr\u00e5den som inte anges i v\u00e5r beskrivning.\t\t\t<\/p>\n\t\t\t<\/div>\n<\/div><\/div><\/div><\/div><\/div><div class=\"vc_row wpb_row vc_row-fluid\" ><div class=\"wpb_column vc_column_container vc_col-sm-12\"><div class=\"vc_column-inner\"><div class=\"wpb_wrapper\"><div class=\"vc_empty_space\"   style=\"height: 32px\"><span class=\"vc_empty_space_inner\"><\/span><\/div><\/div><\/div><\/div><\/div><div class=\"vc_row wpb_row vc_row-fluid\" ><div class=\"wpb_column vc_column_container vc_col-sm-12\"><div class=\"vc_column-inner\"><div class=\"wpb_wrapper\"><div class=\"vc_btn3-container vc_btn3-inline\" ><button class=\"vc_general vc_btn3 vc_btn3-size-md vc_btn3-shape-rounded vc_btn3-style-modern vc_btn3-color-green\">BOKA NU<\/button><\/div>\n\t<div class=\"wpb_text_column wpb_content_element\" >\n\t\t<div class=\"wpb_wrapper\">\n\t\t\t<p>\nn<\/p>\n<h4><b><i>\u00d6versikt <\/i><\/b><\/h4>\n<p>n<\/p>\n<div>\nn<br \/>\n\u00c5k med parasail \u00f6ver Punta Cana\/Bavaros kustlinje under denna 40 minuter l\u00e5nga aktivitet som startar i Punta Cana. Dra nytta av expertisen hos ett av de mest erfarna parasailf\u00f6retagen i Dominikanska republiken, med \u00f6ver 60 000 flygningar sedan 2001. F\u00e5 en hisnande utsikt \u00f6ver str\u00e4nderna, det turkosa vattnet och de vidstr\u00e4ckta semesterorterna som kantar kusten medan du flyger hundratals meter upp i luften. Ta med solskydd, badkl\u00e4der och \u00e4ventyrslust. Scenisk flygresa Res med b\u00e5t och se sev\u00e4rdheterna fr\u00e5n vattnet Val av morgon- eller eftermiddagsavg\u00e5ng Gratis h\u00e4mtning och l\u00e4mning p\u00e5 hotellet ing\u00e5r.<br \/>\nn<br \/>\nn<\/div>\n<p>n<\/p>\n<ul class=\"vcs-highlights\">\nn \t<\/p>\n<li>Val av flera avg\u00e5ngar under hela dagen<\/li>\n<p>n \t<\/p>\n<li>Njut av fantastisk utsikt fr\u00e5n luften<\/li>\n<p>n \t<\/p>\n<li>Familjev\u00e4nlig<\/li>\n<p>n \t<\/p>\n<li>H\u00e4mtning fr\u00e5n en centralt bel\u00e4gen m\u00f6tesplats<\/li>\n<p>n \t<\/p>\n<li>Romantisk upplevelse, perfekt f\u00f6r par<\/li>\n<p>n<\/ul>\n<p>n&nbsp;<br \/>\nn<\/p>\n<h4><b>Inkluderat och uteslutet<\/b><\/h4>\n<p>n&nbsp;<br \/>\nn<br \/>\nn<b>Inkluderat material<\/b><br \/>\nn<br \/>\nn&nbsp;<br \/>\nn<\/p>\n<ol>\nn \t<\/p>\n<li>Tur till parasalering<\/li>\n<p>n \t<\/p>\n<li>Upph\u00e4mtning med buss fr\u00e5n ditt hotell<\/li>\n<p>n \t<\/p>\n<li style=\"font-weight: 400;\"><span style=\"font-weight: 400;\">Alla skatter, avgifter och hanteringsavgifter<\/span><\/li>\n<p>n \t<\/p>\n<li style=\"font-weight: 400;\"><span style=\"font-weight: 400;\">Lokala skatter<\/span><\/li>\n<p>n \t<\/p>\n<li style=\"font-weight: 400;\"><span style=\"font-weight: 400;\">Drycker<\/span><\/li>\n<p>n<\/ol>\n<p>n<b> Undantag<\/b><br \/>\nn<\/p>\n<ol>\nn \t<\/p>\n<li style=\"font-weight: 400;\"><span style=\"font-weight: 400;\">Dricks<\/span><\/li>\n<p>n \t<\/p>\n<li>Lunch<\/li>\n<p>n<\/ol>\n<p>n&nbsp;<br \/>\nn<\/p>\n<h4><em><strong>Avresa och \u00e5terkomst<\/strong><\/em><\/h4>\n<p>n<span style=\"font-weight: 400;\">Resen\u00e4ren f\u00e5r en m\u00f6tesplats efter bokningsprocessen. Turerna b\u00f6rjar och avslutas p\u00e5 v\u00e5ra m\u00f6tesplatser.<\/span><br \/>\nn<br \/>\nn&nbsp;<br \/>\nn<\/p>\n<h4><b><i>Vad kan man f\u00f6rv\u00e4nta sig?<\/i><\/b><\/h4>\n<p>F\u00f6rest\u00e4ll dig att du \u00e4r upph\u00f6jd 150 fot i luften, att den svala vinden smeker ditt ansikte medan du kopplar av med en spektakul\u00e4r utsikt \u00f6ver Bavaros och Punta Canas kust. Sluta f\u00f6rest\u00e4lla dig och f\u00f6lj med oss p\u00e5 den sp\u00e4nnande \u00e5kturen med parasailing, en verkligt of\u00f6rgl\u00f6mlig upplevelse. Du beh\u00f6ver bara solkr\u00e4m och badkl\u00e4der, medan du njuter av sp\u00e4nningen under \u00e5kturen. Flyg med Dominikanska republikens fr\u00e4msta parasailf\u00f6retag. Med \u00f6ver 60 000 flygningar sedan 2001 \u00e4r v\u00e5ra skickliga kaptener och bes\u00e4ttningar bland de mest erfarna i branschen.<br \/>\nn<br \/>\nn<strong>Tidtabell:<\/strong><br \/>\nn<br \/>\nn7:00 AM &#8211; 7:00 PM&#8230; Time change depending on were in Punta Cana you are located.<br \/>\nn<br \/>\nn&nbsp;<br \/>\nn<\/p>\n<h4><em><strong>Vad ska du ta med dig?<\/strong><\/em><\/h4>\n<p>n<\/p>\n<ul>\nn \t<\/p>\n<li style=\"font-weight: 400;\"><span style=\"font-weight: 400;\">Kamera<\/span><\/li>\n<p>n \t<\/p>\n<li style=\"font-weight: 400;\"><span style=\"font-weight: 400;\">Repellerande knoppar<\/span><\/li>\n<p>n \t<\/p>\n<li style=\"font-weight: 400;\"><span style=\"font-weight: 400;\">solkr\u00e4m<\/span><\/li>\n<p>n \t<\/p>\n<li style=\"font-weight: 400;\"><span style=\"font-weight: 400;\">Hatt<\/span><\/li>\n<p>n \t<\/p>\n<li style=\"font-weight: 400;\"><span style=\"font-weight: 400;\">Bekv\u00e4ma byxor<\/span><\/li>\n<p>n \t<\/p>\n<li style=\"font-weight: 400;\"><span style=\"font-weight: 400;\">Vandringsskor f\u00f6r skogen<\/span><\/li>\n<p>n \t<\/p>\n<li style=\"font-weight: 400;\"><span style=\"font-weight: 400;\">Sandaler till stranden<\/span><\/li>\n<p>n \t<\/p>\n<li style=\"font-weight: 400;\"><span style=\"font-weight: 400;\">Badkl\u00e4der<\/span><\/li>\n<p>n \t<\/p>\n<li>Kontanter f\u00f6r souvenirer<\/li>\n<p>n<\/ul>\n<p>n&nbsp;<br \/>\nn<\/p>\n<h4><b><i>H\u00e4mtning p\u00e5 hotellet <\/i><\/b><\/h4>\n<p>n<span style=\"font-weight: 400;\">Upph\u00e4mtning av resen\u00e4rer erbjuds!<\/span><br \/>\nn<br \/>\nn<span style=\"font-weight: 400;\">Vi h\u00e4mtar upp fr\u00e5n alla hotell i Punta Cana. Platsen f\u00f6r upph\u00e4mtning \u00e4r hotellets lobby<br \/>\nnOm du bor i en l\u00e4genhet i omr\u00e5det kommer vi att h\u00e4mta dig vid l\u00e4genheten eller vid ing\u00e5ngen till n\u00e4rmaste resort.. Vi st\u00e4ller in att Pick up kontaktar oss via Whatsapp.<\/span><br \/>\nn<br \/>\nn<b>Observera:<\/b><span style=\"font-weight: 400;\"> Om du bokar inom 24 timmar f\u00f6re turens\/utflyktens avg\u00e5ngstid kan vi ordna h\u00e4mtning p\u00e5 hotellet. N\u00e4r ditt k\u00f6p \u00e4r klart skickar vi dig fullst\u00e4ndig kontaktinformation (telefonnummer, e-postadress etc.) till v\u00e5r lokala guide f\u00f6r att organisera upph\u00e4mtning.<\/span><br \/>\nn<\/p>\n<h4><b><i>Ytterligare information Bekr\u00e4ftelse <\/i><\/b><\/h4>\n<p>n<\/p>\n<ol>\nn \t<\/p>\n<li>Biljetterna \u00e4r kvittot efter att du har betalat denna turn\u00e9. Du kan visa betalningen p\u00e5 din telefon.<\/li>\n<p>n \t<\/p>\n<li style=\"font-weight: 400;\"><span style=\"font-weight: 400;\">M\u00f6tesplatsen kommer att meddelas efter bokningsprocessen.<\/span><\/li>\n<p>n \t<\/p>\n<li style=\"font-weight: 400;\"><span style=\"font-weight: 400;\">Barn m\u00e5ste \u00e5tf\u00f6ljas av en vuxen.<\/span><\/li>\n<p>n \t<\/p>\n<li style=\"font-weight: 400;\"><span style=\"font-weight: 400;\">rullstolstillg\u00e4nglig <\/span><\/li>\n<p>n \t<\/p>\n<li style=\"font-weight: 400;\"><span style=\"font-weight: 400;\">Sp\u00e4dbarn m\u00e5ste sitta i kn\u00e4vecken <\/span><\/li>\n<p>n \t<\/p>\n<li style=\"font-weight: 400;\"><span style=\"font-weight: 400;\">De flesta resen\u00e4rer kan delta<\/span><\/li>\n<p>n<\/ol>\n<p>n<\/p>\n<h4><b><i>Avbokningspolicy<\/i><\/b><\/h4>\n<p>nF\u00f6r full \u00e5terbetalning, v\u00e4nligen l\u00e4s v\u00e5ra avbokningsregler\u00a0<a href=\"https:\/\/www.boattoursamana.com\/sv\/online-bokning\/\" target=\"_blank\" rel=\"noopener\" data-saferedirecturl=\"https:\/\/www.google.com\/url?q=https:\/\/www.boattoursamana.com\/online-booking\/&amp;source=gmail&amp;ust=1672532492004000&amp;usg=AOvVaw3ylqI1cdbIPTimEqEWneyd\">Klicka h\u00e4r<\/a>. Pengarna g\u00e5r f\u00f6rlorade om bokningen avbokas samma dag som resan \u00e4ger rum.<\/p>\n\n\t\t<\/div>\n\t<\/div>\n<\/div><\/div><\/div><\/div><div class=\"vc_row wpb_row vc_row-fluid\" ><div class=\"wpb_column vc_column_container vc_col-sm-12\"><div class=\"vc_column-inner\"><div class=\"wpb_wrapper\">\n\t<div class=\"wpb_text_column wpb_content_element\" >\n\t\t<div class=\"wpb_wrapper\">\n\t\t\t<p>\nn<\/p>\n<h4>Kontakta oss?<\/h4>\n<p>n<\/p>\n<h5><em><strong>Bokning av \u00e4ventyr<\/strong><\/em><\/h5>\n<p>n<em><strong>Lokalbefolkningen<\/strong> och <strong>Nationals<\/strong> Guider och g\u00e4stservice<\/em><br \/>\nn<br \/>\nn<span class=\"text-turquoise\">Reservationer:<\/span> Turer och utflykter i Dom. Rep.<\/p>\n\n\t\t<\/div>\n\t<\/div>\n<\/div><\/div><\/div><\/div><div class=\"vc_row wpb_row vc_row-fluid\" ><\/div><div class=\"wpb_column vc_column_container vc_col-sm-12\"><div class=\"vc_column-inner\"><div class=\"wpb_wrapper\"><\/div><\/div><\/div>\n\t<div class=\"wpb_text_column wpb_content_element\" >\n\t\t<div class=\"wpb_wrapper\">\n\t\t\t<p>\nn<br \/>\nnJag \u00e4r textblock. Klicka p\u00e5 knappen Redigera f\u00f6r att \u00e4ndra denna text. Lorem ipsum dolor sit amet, consectetur adipiscing elit. Ut elit tellus, luctus nec ullamcorper mattis, pulvinar dapibus leo.<br \/>\nn<br \/>\nn<\/p>\n\n\t\t<\/div>\n\t<\/div>\n<div class=\"vc_empty_space\"   style=\"height: 32px\"><span class=\"vc_empty_space_inner\"><\/span><\/div><div class=\"vc_row wpb_row vc_row-fluid\" ><div class=\"wpb_column vc_column_container vc_col-sm-12\"><div class=\"vc_column-inner\"><div class=\"wpb_wrapper\"><div class=\"vc_btn3-container vc_btn3-inline\" ><button class=\"vc_general vc_btn3 vc_btn3-size-md vc_btn3-shape-rounded vc_btn3-style-modern vc_btn3-color-green\">BOKA NU<\/button><\/div><\/div><\/div><\/div><\/div>","protected":false},"excerpt":{"rendered":"<p>Parasailing en Punta Cana es una aventura incre\u00edble y una de las mejores cosas para hacer en Punta Cana. La costa desde 200 pies en el aire, mientras navega, es absolutamente impresionante. n nEl parasailing es una experiencia sencilla y divertida para todos los miembros de la familia. Como la principal empresa de parasailing y aventura en Rep\u00fablica Dominicana, nuestro equipo de Parasailing se encuentra entre los m\u00e1s experimentados en Punta Cana, con m\u00e1s de 16 a\u00f1os de experiencia en [&hellip;]<\/p>\n","protected":false},"author":2,"featured_media":0,"parent":0,"menu_order":0,"comment_status":"open","ping_status":"closed","template":"","meta":{"footnotes":""},"class_list":["post-15770","page","type-page","status-publish","hentry"],"_links":{"self":[{"href":"https:\/\/www.boattoursamana.com\/sv\/wp-json\/wp\/v2\/pages\/15770","targetHints":{"allow":["GET"]}}],"collection":[{"href":"https:\/\/www.boattoursamana.com\/sv\/wp-json\/wp\/v2\/pages"}],"about":[{"href":"https:\/\/www.boattoursamana.com\/sv\/wp-json\/wp\/v2\/types\/page"}],"author":[{"embeddable":true,"href":"https:\/\/www.boattoursamana.com\/sv\/wp-json\/wp\/v2\/users\/2"}],"replies":[{"embeddable":true,"href":"https:\/\/www.boattoursamana.com\/sv\/wp-json\/wp\/v2\/comments?post=15770"}],"version-history":[{"count":0,"href":"https:\/\/www.boattoursamana.com\/sv\/wp-json\/wp\/v2\/pages\/15770\/revisions"}],"wp:attachment":[{"href":"https:\/\/www.boattoursamana.com\/sv\/wp-json\/wp\/v2\/media?parent=15770"}],"curies":[{"name":"wp","href":"https:\/\/api.w.org\/{rel}","templated":true}]}}