{"id":15774,"date":"2023-07-15T07:43:40","date_gmt":"2023-07-15T07:43:40","guid":{"rendered":"https:\/\/www.ticketswhales.com\/whale-watching-2023-in-punta-cana-cap-cana-to-samana-bay-cayo-levantado-bacardi-island-from-hotels\/"},"modified":"2023-07-15T07:43:40","modified_gmt":"2023-07-15T07:43:40","slug":"whale-watching-2023-in-punta-cana-cap-cana-to-samana-bay-cayo-levantado-bacardi-island-from-hotels","status":"publish","type":"page","link":"https:\/\/www.boattoursamana.com\/sv\/valskadning-2023-i-punta-cana-cap-cana-till-samana-bay-cayo-levantado-bacardi-island-fran-hotell","title":{"rendered":"Valsk\u00e5dning 2023 i Punta Cana \/ Cap Cana till Saman\u00e1 Bay + Cayo Levantado (Bacardi Island) fr\u00e5n hotell."},"content":{"rendered":"<p>Fr\u00e5n hotellen i Punta Cana njuter vi av de vackra landskapen i den orientaliska bergskedjan n\u00e4r vi k\u00f6r norr om Punta Cana innan vi kommer fram till den lilla fiskebyn Miches vid Samanabuktens s\u00f6dra strand. D\u00e4r \u00e4ter du en snabb frukost innan du g\u00e5r ombord p\u00e5 b\u00e5ten till Samana. Vi kryssar djupt in i bukten f\u00f6r att titta p\u00e5 valar. Vi kommer f\u00f6rst till Cayo Levantado, \u00e4ven k\u00e4nd som Bacardi Island p\u00e5 grund av dess stora likhet med str\u00e4nderna som Bacardi Rum en g\u00e5ng anv\u00e4nde f\u00f6r sina ber\u00f6mda reklamfilmer. Cayo Levantado \u00e4r inget annat \u00e4n en tropisk oas - en liten \u00f6 mitt ute i havet med turkost vatten och vit sand.<br \/>\nn<br \/>\nnDenna tur kan eller inte inkludera stopp kl\u00a0<strong>Vattenfallet Limon<\/strong>. F\u00f6r att boka samma resa med vattenfall v\u00e4nligen <a href=\"https:\/\/www.boattoursamana.com\/sv\/tours-excursions\/fees-entrace\/samana-valskadning-cayo-levantado-bacardi-island-limon-vattenfall-fran-punta-cana-hotell\/\">KLICKA H\u00c4R.<\/a><br \/>\nn<br \/>\nn&nbsp;<br \/>\nn<br \/>\nn&nbsp;<br \/>\nn<br \/>\nn<em><strong>V\u00e4lj datum f\u00f6r utflykten:<\/strong><\/em><\/p>\n<p>&nbsp;<\/p>\n<div class=\"vc_row wpb_row vc_row-fluid\" ><div class=\"wpb_column vc_column_container vc_col-sm-12\"><div class=\"vc_column-inner\"><div class=\"wpb_wrapper\"><div class=\"mkdf-section-title-holder\" style=\"text-align: left\">\n\t<div class=\"mkdf-st-inner\">\n\t\t\t\t\t<h5 class=\"mkdf-st-subtitle\" >\n\t\t\t\tUpph\u00e4mtning fr\u00e5n hotell och Cayo Levantado (Bacardi Island).\t\t\t<\/h5>\n\t\t\t\t\t\t\t<h3 class=\"mkdf-st-title\" >\n\t\t\t\tValsk\u00e5dning 2023 i Punta Cana\/Cap Cana till Samana Bay\t\t\t<\/h3>\n\t\t\t\t\t<\/div>\n<\/div><\/div><\/div><\/div><\/div><div class=\"vc_row wpb_row vc_row-fluid\" ><div class=\"wpb_column vc_column_container vc_col-sm-12\"><div class=\"vc_column-inner\"><div class=\"wpb_wrapper\"><div class=\"vc_btn3-container vc_btn3-inline\" ><button class=\"vc_general vc_btn3 vc_btn3-size-md vc_btn3-shape-rounded vc_btn3-style-modern vc_btn3-color-green\">BOKA NU<\/button><\/div>\n\t<div class=\"wpb_text_column wpb_content_element\" >\n\t\t<div class=\"wpb_wrapper\">\n\t\t\t<p>\nn<\/p>\n<div class=\"vc_row wpb_row vc_row-fluid\">\nn<\/p>\n<div class=\"wpb_column vc_column_container vc_col-sm-12\">\nn<\/p>\n<div class=\"vc_column-inner\">\nn<\/p>\n<div class=\"wpb_wrapper\">\nn<\/p>\n<div class=\"wpb_text_column wpb_content_element\">\nn<\/p>\n<div class=\"wpb_wrapper\">\nn<\/p>\n<div class=\"vc_row wpb_row vc_row-fluid\">\nn<\/p>\n<div class=\"wpb_column vc_column_container vc_col-sm-12\">\nn<\/p>\n<div class=\"vc_column-inner\">\nn<\/p>\n<div class=\"wpb_wrapper\">\nn<\/p>\n<div class=\"wpb_text_column wpb_content_element\">\nn<\/p>\n<div class=\"wpb_wrapper\">\nn<\/p>\n<h4><b><i>\u00d6versikt<img decoding=\"async\" class=\"emoji\" draggable=\"false\" src=\"https:\/\/s.w.org\/images\/core\/emoji\/12.0.0-1\/svg\/1f433.svg\" alt=\" \" title=\"\"><\/i><\/b><\/h4>\n<p>nWhale Punta Cana, valsk\u00e5dning i Saman\u00e1 Bay och bes\u00f6k Cayo Levantado under denna heldagsutflykt fr\u00e5n Punta Cana hotell. Res till Saman\u00e1-bukten ombord p\u00e5 en bekv\u00e4m, luftkonditionerad buss och \u00f6verf\u00f6r sedan till en b\u00e5tkatamaran vid Miches. Kryssa ut i det \u00f6ppna vattnet f\u00f6r att leta efter baljor av kn\u00f6lvalar som bes\u00f6ker f\u00f6r att h\u00e4cka och ha sina kalvar i omr\u00e5det. L\u00e4r dig om beteendet och biologin hos dessa marina d\u00e4ggdjur fr\u00e5n din expertguide. Forts\u00e4tt till Cayo Levantado, eller Bacardi Island, f\u00f6r lunch p\u00e5 stranden och ett dopp i det azurbl\u00e5 vattnet innan du \u00e5terv\u00e4nder till Punta Cana.<br \/>\nn<br \/>\nn&nbsp;<br \/>\nn<br \/>\nn<strong>Observera: <\/strong>Denna rundtur kan inkludera eller inte inkludera stopp vid\u00a0<strong>Vattenfallet Limon<\/strong>. F\u00f6r att boka samma resa med vattenfallen v\u00e4nligen <a href=\"https:\/\/www.boattoursamana.com\/sv\/tours-excursions\/fees-entrace\/samana-valskadning-cayo-levantado-bacardi-island-limon-vattenfall-fran-punta-cana-hotell\/\">KLICKA H\u00c4R.<\/a><br \/>\nn<br \/>\nn&nbsp;<br \/>\nn<\/p>\n<ul>\nn \t<\/p>\n<li>Valsk\u00e5dningsresa<\/li>\n<p>n \t<\/p>\n<li>Intr\u00e4desavgifter till observatoriet<\/li>\n<p>n \t<\/p>\n<li>Inkluderar lunchbuff\u00e9 p\u00e5 stranden<\/li>\n<p>n \t<\/p>\n<li>Transfer till b\u00e5t<\/li>\n<p>n \t<\/p>\n<li>Transfer fr\u00e5n hotell i Punta Cana<\/li>\n<p>n \t<\/p>\n<li>Kaptenen ger instruktioner och \u00f6vervakning<\/li>\n<p>n \t<\/p>\n<li>Reseguide<\/li>\n<p>n<\/ul>\n<p>n&nbsp;<br \/>\nn<\/p>\n<h4><b>Inkluderat och uteslutet<\/b><\/h4>\n<p>n&nbsp;<br \/>\nn<br \/>\nn<b>Inkluderat material<\/b><br \/>\nn<br \/>\nn&nbsp;<br \/>\nn<\/p>\n<ol>\nn \t<\/p>\n<li>Lunchbuff\u00e9 p\u00e5 stranden<\/li>\n<p>n \t<\/p>\n<li>Reseguide<\/li>\n<p>n \t<\/p>\n<li>Katamaran eller b\u00e5ttur<\/li>\n<p>n \t<\/p>\n<li>Alla skatter, avgifter och hanteringsavgifter<\/li>\n<p>n \t<\/p>\n<li>Lokala skatter<\/li>\n<p>n \t<\/p>\n<li>Drycker<\/li>\n<p>n<\/ol>\n<p>n<b>Undantag<\/b><br \/>\nn<\/p>\n<ol>\nn \t<\/p>\n<li>Dricks<\/li>\n<p>n<\/ol>\n<p>n&nbsp;<br \/>\nn<\/p>\n<h4><em><strong>Avresa och \u00e5terkomst<\/strong><\/em><\/h4>\n<p>nHotellh\u00e4mtning erbjuds f\u00f6r denna turn\u00e9. I Notes Skriv bara namnet p\u00e5 hotellet f\u00f6r att h\u00e4mta dig. Vi h\u00e4mtar p\u00e5 alla hotell i Punta Cana.<br \/>\nn<br \/>\nn&nbsp;<br \/>\nn<\/p>\n<h3>Valsk\u00e5dning 2023 i Punta Cana\/Cap Cana till Samana Bay + Cayo Levantado (Bacardi Island) fr\u00e5n hotell.<\/h3>\n<p>n<\/p>\n<h4><b><i>Vad kan man f\u00f6rv\u00e4nta sig?<\/i><\/b><\/h4>\n<p>nKom p\u00e5 n\u00e4ra h\u00e5ll med Dominikanska republikens milda havsj\u00e4ttar under denna 12-timmars kn\u00f6lvalsk\u00e5dningsutflykt p\u00e5 S\u00e1mana Bay. Tillbringa en of\u00f6rgl\u00f6mlig dag med att observera de tusentals valar som flockas till \u00f6n varje \u00e5r f\u00f6r att para sig, mata och leka i dess varma tropiska vatten. N\u00e4r du observerar dessa vackra varelser kommer du att njuta av unika insikter fr\u00e5n din expertguide f\u00f6r valsk\u00e5dning. Avsluta dagen med en inkluderad lunch och strandtid p\u00e5 vackra Cayo Levantado Island. Hotelltransport tur och retur ing\u00e5r ocks\u00e5.<br \/>\nn<br \/>\nnFr\u00e5n 09.00 till 12.00 Valsk\u00e5dningsobservatorium och efter denna valresa bes\u00f6ker vi Bacardi Island \/ Cayo Levantado. P\u00e5 Bacardi Island kommer lunchbuff\u00e9 fr\u00e5n typisk dominikansk stil att tillhandah\u00e5llas (ris, b\u00f6nor, fisk, sallader ...). N\u00e4r lunchen \u00e4r klar f\u00e5r du bada till 16:30. Turen kommer att avslutas kl. 17.00 i samma hamn varifr\u00e5n den b\u00f6rjar ombord p\u00e5 v\u00e5r katamaran och deras buss tillbaka till Punta Cana Hotels.<br \/>\nn<br \/>\nnDenna tur kan eller inte inkludera stopp kl\u00a0<strong>Vattenfallet Limon<\/strong>. F\u00f6r att boka samma resa med vattenfallen v\u00e4nligen <a href=\"https:\/\/www.boattoursamana.com\/sv\/tours-excursions\/fees-entrace\/samana-valskadning-cayo-levantado-bacardi-island-limon-vattenfall-fran-punta-cana-hotell\/\">KLICKA H\u00c4R.<\/a><br \/>\nn<br \/>\nn<strong>Tidtabell:<\/strong><br \/>\nn<br \/>\nn6:00 \u2013 7:00 Upph\u00e4mtning av kunder fr\u00e5n de olika hotellen<br \/>\nn07:00 Avg\u00e5ng till Las Canitas i Sabana de la mar<br \/>\nn08:15 Ankomst till den privata kajen<br \/>\nn08:15 \u2013 8:40 Frukosttid (sm\u00f6rg\u00e5sar, muffins, te, kaffe, juicer)<br \/>\nn8:45 Ombordstigning f\u00f6r att b\u00f6rja v\u00e5r resa till fristaden f\u00f6r kn\u00f6lvalarna i Samana<br \/>\nn11:00 S\u00f6k efter valarna under en 45-minutersperiod- Detta \u00e4r tidpunkten som f\u00f6ljer av regeringens regler.<br \/>\nn11:45 Bege dig till Cayo Levantado i Samana Bay<br \/>\nn12:30 Ankomst till Cayo Levantado<br \/>\nn13:00 Lunchtid (lunchbuff\u00e9, typisk dominikansk)*<br \/>\nn13:45 \u2013 15:30 Fritid i Cayo Levantado<br \/>\nn15:00 \u2013 15:45 Ombord igen riktning tillbaka till Miches<br \/>\nn17:00 Ankomst till Miches och avresa till hotellen i Punta Cana<br \/>\nn19:30 \u2013 20:00 Ankomst till hotell i Punta Cana<br \/>\nn<br \/>\nn<strong>* Lunchmeny (typiskt dominikanskt)<br \/>\nn<\/strong>Ris, grillad kyckling eller grillad fisk, sallad, gr\u00f6nsaker, f\u00e4rsk frukt.<br \/>\nn<br \/>\nn<strong>*Kunder som v\u00e4ljer att l\u00e4gga till stoppet vid vattenfallet El Limon efter valsk\u00e5dningen kommer att flytta till vattenfallet ad kommer att ha mindre tid att spendera i Cayo Levantado.<\/strong><br \/>\nn<br \/>\nnDenna tur kan eller inte inkludera stopp kl\u00a0<strong>Vattenfallet Limon<\/strong>. F\u00f6r att boka samma resa med vattenfallen v\u00e4nligen <a href=\"https:\/\/www.boattoursamana.com\/sv\/tours-excursions\/fees-entrace\/samana-valskadning-cayo-levantado-bacardi-island-limon-vattenfall-fran-punta-cana-hotell\/\">KLICKA H\u00c4R.<\/a><br \/>\nn<br \/>\nn&nbsp;<br \/>\nn<\/p>\n<h4><em><strong>Vad ska du ta med dig?<\/strong><\/em><\/h4>\n<p>n<\/p>\n<ul>\nn \t<\/p>\n<li>Kamera<\/li>\n<p>n \t<\/p>\n<li>Repellerande knoppar<\/li>\n<p>n \t<\/p>\n<li>solkr\u00e4m<\/li>\n<p>n \t<\/p>\n<li>Hatt<\/li>\n<p>n \t<\/p>\n<li>Bekv\u00e4ma byxor<\/li>\n<p>n \t<\/p>\n<li>Sandaler till stranden<\/li>\n<p>n \t<\/p>\n<li>Badkl\u00e4der<\/li>\n<p>n \t<\/p>\n<li>Kontanter f\u00f6r souvenirer<\/li>\n<p>n<\/ul>\n<p>n&nbsp;<br \/>\nn<\/p>\n<h4><b><i>H\u00e4mtning p\u00e5 hotellet<\/i><\/b><\/h4>\n<p>nHotellh\u00e4mtning erbjuds f\u00f6r denna turn\u00e9. I Notes Skriv bara namnet p\u00e5 hotellet f\u00f6r att h\u00e4mta dig. Vi h\u00e4mtar p\u00e5 alla hotell i Punta Cana.<br \/>\nn<br \/>\nn&nbsp;<br \/>\nn<br \/>\nn<b>Observera:<\/b> Om du bokar inom 24 timmar f\u00f6re avresan f\u00f6r turen\/utflykten kan vi ordna upph\u00e4mtning p\u00e5 hotellet. N\u00e4r ditt k\u00f6p \u00e4r slutf\u00f6rt skickar vi dig fullst\u00e4ndig kontaktinformation (telefonnummer, e-postadress etc.) f\u00f6r v\u00e5r lokala reseguide f\u00f6r att organisera upph\u00e4mtningsarrangemang.<br \/>\nn<\/p>\n<h4><b><i>Ytterligare information Bekr\u00e4ftelse<\/i><\/b><\/h4>\n<p>n<\/p>\n<ol>\nn \t<\/p>\n<li>Biljetterna \u00e4r kvittot efter att du har betalat denna turn\u00e9. Du kan visa betalningen p\u00e5 din telefon.<\/li>\n<p>n \t<\/p>\n<li>M\u00f6tesplatsen kommer att meddelas efter bokningsprocessen.<\/li>\n<p>n \t<\/p>\n<li>Barn m\u00e5ste \u00e5tf\u00f6ljas av en vuxen.<\/li>\n<p>n \t<\/p>\n<li>rullstolstillg\u00e4nglig<\/li>\n<p>n \t<\/p>\n<li>Sp\u00e4dbarn m\u00e5ste sitta i kn\u00e4vecken<\/li>\n<p>n \t<\/p>\n<li>De flesta resen\u00e4rer kan delta<\/li>\n<p>n<\/ol>\n<p>n<\/p>\n<h5><b><i>Avbokningspolicy<\/i><\/b><\/h5>\n<p>nF\u00f6r full \u00e5terbetalning, v\u00e4nligen l\u00e4s v\u00e5ra avbokningsregler\u00a0<a href=\"https:\/\/www.boattoursamana.com\/sv\/online-bokning\/\" target=\"_blank\" rel=\"noopener\" data-saferedirecturl=\"https:\/\/www.google.com\/url?q=https:\/\/www.boattoursamana.com\/online-booking\/&amp;source=gmail&amp;ust=1672532492004000&amp;usg=AOvVaw3ylqI1cdbIPTimEqEWneyd\">Klicka h\u00e4r<\/a>. Pengarna g\u00e5r f\u00f6rlorade om bokningen avbokas samma dag som resan \u00e4ger rum.<br \/>\nn<br \/>\nn<\/div>\n<p>n\n<\/p><\/div>\n<p>n\n<\/p><\/div>\n<p>n\n<\/p><\/div>\n<p>n\n<\/p><\/div>\n<p>n\n<\/p><\/div>\n<p>n\n<\/p><\/div>\n<p>n\n<\/p><\/div>\n<p>n\n<\/p><\/div>\n<p>n\n<\/p><\/div>\n<p>n\n<\/p><\/div>\n<p>n\n<\/p><\/div>\n<p>n<\/p>\n<div class=\"vc_row wpb_row vc_row-fluid\">\nn<\/p>\n<div class=\"wpb_column vc_column_container vc_col-sm-12\">\nn<\/p>\n<div class=\"vc_column-inner\">\nn<\/p>\n<div class=\"wpb_wrapper\">\nn<\/p>\n<div class=\"vc_empty_space\"><\/div>\n<p>n<\/p>\n<div class=\"wpb_text_column wpb_content_element\">\nn<\/p>\n<div class=\"wpb_wrapper\">\nn<\/p>\n<h4>Kontakta oss?<\/h4>\n<p>n<\/p>\n<h5><b><i>TUR VALAR SAMANA<\/i><\/b><\/h5>\n<p>n<em><strong>Lokalbefolkningen<\/strong>\u00a0och\u00a0<strong>Nationals<\/strong>\u00a0Guider och g\u00e4stservice<\/em><br \/>\nn<br \/>\nn<span class=\"text-turquoise\">Reservationer:<\/span>\u00a0Turer och utflykter i Dom. Rep.<br \/>\nn<br \/>\nn<img decoding=\"async\" class=\"emoji\" draggable=\"false\" src=\"https:\/\/s.w.org\/images\/core\/emoji\/11.2.0\/svg\/1f4de.svg\" alt=\" \" title=\"\">\u00a0Telefon \/ Whatsapp\u00a0\u00a0<a href=\"tel:+1-809-720-6035\">+1-809-720-6035<\/a>.<br \/>\nn<br \/>\nn<img decoding=\"async\" class=\"emoji\" draggable=\"false\" src=\"https:\/\/s.w.org\/images\/core\/emoji\/11.2.0\/svg\/1f4e9.svg\" alt=\" \" title=\"\">\u00a0<a href=\"mailto:info@bookingadventures.com.do\">info@bookingadventures.com.do<\/a><br \/>\nn<br \/>\nn<strong>Vi \u00e4r flexibla n\u00e4r det g\u00e4ller att st\u00e4lla in privata turer via Whatsapp:\u00a0<a href=\"tel:+18097206035\">+18097206035.<\/a><\/strong><br \/>\nn<br \/>\nn<\/div>\n<p>n\n<\/p><\/div>\n<p>n\n<\/p><\/div>\n<p>n\n<\/p><\/div>\n<p>n\n<\/p><\/div>\n<p>n\n<\/p><\/div>\n<p>n<\/p>\n\n\t\t<\/div>\n\t<\/div>\n<\/div><\/div><\/div><\/div><div class=\"vc_row wpb_row vc_row-fluid\" ><div class=\"wpb_column vc_column_container vc_col-sm-12\"><div class=\"vc_column-inner\"><div class=\"wpb_wrapper\"><div class=\"vc_btn3-container vc_btn3-inline\" ><button class=\"vc_general vc_btn3 vc_btn3-size-md vc_btn3-shape-rounded vc_btn3-style-modern vc_btn3-color-green\">BOKA NU<\/button><\/div><\/div><\/div><\/div><\/div>","protected":false},"excerpt":{"rendered":"<p>From the Punta Cana hotels, we&#8217;ll enjoy the beautiful landscapes of the Oriental Mountain Range as we drive north of Punta Cana before arriving in the small fishing village of Miches at the southern shores of Samana Bay. There you will enjoy a quick breakfast prior to boarding the boat to Samana. We&#8217;ll cruise deep into the bay to whale watch. We will first reach Cayo Levantado, also known as Bacardi Island because of its close resemblance to the beaches [&hellip;]<\/p>\n","protected":false},"author":2,"featured_media":0,"parent":0,"menu_order":0,"comment_status":"open","ping_status":"closed","template":"","meta":{"footnotes":""},"class_list":["post-15774","page","type-page","status-publish","hentry"],"_links":{"self":[{"href":"https:\/\/www.boattoursamana.com\/sv\/wp-json\/wp\/v2\/pages\/15774","targetHints":{"allow":["GET"]}}],"collection":[{"href":"https:\/\/www.boattoursamana.com\/sv\/wp-json\/wp\/v2\/pages"}],"about":[{"href":"https:\/\/www.boattoursamana.com\/sv\/wp-json\/wp\/v2\/types\/page"}],"author":[{"embeddable":true,"href":"https:\/\/www.boattoursamana.com\/sv\/wp-json\/wp\/v2\/users\/2"}],"replies":[{"embeddable":true,"href":"https:\/\/www.boattoursamana.com\/sv\/wp-json\/wp\/v2\/comments?post=15774"}],"version-history":[{"count":0,"href":"https:\/\/www.boattoursamana.com\/sv\/wp-json\/wp\/v2\/pages\/15774\/revisions"}],"wp:attachment":[{"href":"https:\/\/www.boattoursamana.com\/sv\/wp-json\/wp\/v2\/media?parent=15774"}],"curies":[{"name":"wp","href":"https:\/\/api.w.org\/{rel}","templated":true}]}}