{"id":15780,"date":"2023-07-15T07:43:40","date_gmt":"2023-07-15T07:43:40","guid":{"rendered":"https:\/\/www.ticketswhales.com\/birdwatching-punta-cana-birding-tours-from-punta-cana-to-los-haitises-national-park\/"},"modified":"2023-07-15T07:43:40","modified_gmt":"2023-07-15T07:43:40","slug":"birdwatching-punta-cana-birding-tours-from-punta-cana-to-los-haitises-national-park","status":"publish","type":"page","link":"https:\/\/www.boattoursamana.com\/sv\/birdwatching-punta-cana-birding-tours-from-punta-cana-to-los-haitises-national-park-2","title":{"rendered":"F\u00e5gelsk\u00e5dning i Punta Cana - F\u00e5gelsk\u00e5dningsturer fr\u00e5n Punta Cana till Los Haitises nationalpark"},"content":{"rendered":"<p><span style=\"vertical-align: inherit;\"><span style=\"vertical-align: inherit;\">Observaci\u00f3n de aves Ma\u00f1ana completa en los senderos de la Selva Tropical del Parque Nacional Los Haitises. <\/span><span style=\"vertical-align: inherit;\">Parken har en stor variation av arter av f\u00e5glar och djur och \u00e4r en favorit f\u00f6r observat\u00f6rer av f\u00e5glar. <\/span><span style=\"vertical-align: inherit;\">\u00c4ven om antalet bes\u00f6kare kan vara h\u00f6gre \u00e4n p\u00e5 andra st\u00e4llen, inneb\u00e4r Cano Hondos l\u00e4ge i ett omr\u00e5de som \u00e4r mycket h\u00f6gt bel\u00e4get i landet att den tropiska naturen \u00e4r mer \u00f6ppen med f\u00e4rre kakao- och caf\u00e9odlingar, vilket underl\u00e4ttar observationen av det vilda livet. <\/span><span style=\"vertical-align: inherit;\">Detta \u00e4r en privat resa. <\/span><span style=\"vertical-align: inherit;\">Du kan v\u00e4lja ett tillf\u00e4lle f\u00f6r att b\u00f6rja med observationen av f\u00e5glar och n\u00e4r du ska \u00e5terv\u00e4nda till Punta Cana.<\/span><\/span><br \/>\nn<br \/>\nn<em><strong><span style=\"vertical-align: inherit;\"><span style=\"vertical-align: inherit;\">V\u00e4lj datum f\u00f6r aktiviteten.<\/span><\/span><\/strong><\/em><\/p>\n<p>&nbsp;<\/p>\n<div class=\"vc_row wpb_row vc_row-fluid\" ><div class=\"wpb_column vc_column_container vc_col-sm-12\"><div class=\"vc_column-inner\"><div class=\"wpb_wrapper\"><div class=\"mkdf-section-title-holder\" style=\"text-align: left\">\n\t<div class=\"mkdf-st-inner\">\n\t\t\t\t\t<h5 class=\"mkdf-st-subtitle\" >\n\t\t\t\tF\u00e5gelsk\u00e5dning i Los Haitises nationalpark\t\t\t<\/h5>\n\t\t\t\t\t\t\t<h3 class=\"mkdf-st-title\" >\n\t\t\t\tF\u00e5gelsk\u00e5dningsturer fr\u00e5n Punta Cana till Los Haitises nationalpark\t\t\t<\/h3>\n\t\t\t\t\t<\/div>\n<\/div><\/div><\/div><\/div><\/div><div class=\"vc_row wpb_row vc_row-fluid\" ><\/div><div class=\"wpb_column vc_column_container vc_col-sm-12\"><div class=\"vc_column-inner\"><div class=\"wpb_wrapper\"><\/div><\/div><\/div>\n\t<div class=\"wpb_text_column wpb_content_element\" >\n\t\t<div class=\"wpb_wrapper\">\n\t\t\t<p>\nn<br \/>\nnJag \u00e4r textblock. Klicka p\u00e5 knappen Redigera f\u00f6r att \u00e4ndra denna text. Lorem ipsum dolor sit amet, consectetur adipiscing elit. Ut elit tellus, luctus nec ullamcorper mattis, pulvinar dapibus leo.<br \/>\nn<br \/>\nn<\/p>\n\n\t\t<\/div>\n\t<\/div>\n<div class=\"vc_row wpb_row vc_row-fluid\" ><\/div><div class=\"wpb_column vc_column_container vc_col-sm-12\"><div class=\"vc_column-inner\"><div class=\"wpb_wrapper\"><\/div><\/div><\/div>\n\t<div class=\"wpb_text_column wpb_content_element\" >\n\t\t<div class=\"wpb_wrapper\">\n\t\t\t<p>\nn<br \/>\nnJag \u00e4r textblock. Klicka p\u00e5 knappen Redigera f\u00f6r att \u00e4ndra denna text. Lorem ipsum dolor sit amet, consectetur adipiscing elit. Ut elit tellus, luctus nec ullamcorper mattis, pulvinar dapibus leo.<br \/>\nn<br \/>\nn<\/p>\n\n\t\t<\/div>\n\t<\/div>\n<div class=\"vc_row wpb_row vc_row-fluid\" ><div class=\"wpb_column vc_column_container vc_col-sm-12\"><div class=\"vc_column-inner\"><div class=\"wpb_wrapper\"><\/div><\/div><\/div><\/div>","protected":false},"excerpt":{"rendered":"<p>Observaci\u00f3n de aves Ma\u00f1ana completa en los senderos de la Selva Tropical del Parque Nacional Los Haitises. Este parque tiene una gran variedad de especies de aves y animales y es el favorito de los observadores de aves. Si bien el n\u00famero visto puede ser m\u00e1s alto que en otros lugares, la ubicaci\u00f3n de Cano Hondo en un \u00e1rea levemente h\u00fameda del pa\u00eds significa que la selva tropical es m\u00e1s abierta con menos plantaciones de cacao y caf\u00e9, lo que [&hellip;]<\/p>\n","protected":false},"author":2,"featured_media":0,"parent":0,"menu_order":0,"comment_status":"open","ping_status":"closed","template":"","meta":{"footnotes":""},"class_list":["post-15780","page","type-page","status-publish","hentry"],"_links":{"self":[{"href":"https:\/\/www.boattoursamana.com\/sv\/wp-json\/wp\/v2\/pages\/15780","targetHints":{"allow":["GET"]}}],"collection":[{"href":"https:\/\/www.boattoursamana.com\/sv\/wp-json\/wp\/v2\/pages"}],"about":[{"href":"https:\/\/www.boattoursamana.com\/sv\/wp-json\/wp\/v2\/types\/page"}],"author":[{"embeddable":true,"href":"https:\/\/www.boattoursamana.com\/sv\/wp-json\/wp\/v2\/users\/2"}],"replies":[{"embeddable":true,"href":"https:\/\/www.boattoursamana.com\/sv\/wp-json\/wp\/v2\/comments?post=15780"}],"version-history":[{"count":0,"href":"https:\/\/www.boattoursamana.com\/sv\/wp-json\/wp\/v2\/pages\/15780\/revisions"}],"wp:attachment":[{"href":"https:\/\/www.boattoursamana.com\/sv\/wp-json\/wp\/v2\/media?parent=15780"}],"curies":[{"name":"wp","href":"https:\/\/api.w.org\/{rel}","templated":true}]}}