{"id":15795,"date":"2023-07-15T07:43:59","date_gmt":"2023-07-15T07:43:59","guid":{"rendered":"https:\/\/www.ticketswhales.com\/snorkel-cayo-levantado-and-farola-island-snorkeling\/"},"modified":"2023-07-15T07:43:59","modified_gmt":"2023-07-15T07:43:59","slug":"snorkel-cayo-levantado-and-farola-island-snorkeling","status":"publish","type":"page","link":"https:\/\/www.boattoursamana.com\/sv\/snorkel-cayo-levantado-och-farola-oarna-snorkeling-2","title":{"rendered":"Snorkla Cayo Levantado och Farola Island Snorkling"},"content":{"rendered":"<p><span style=\"vertical-align: inherit;\"><span style=\"vertical-align: inherit;\">Vi kommer att uppt\u00e4cka Cayo Levantado och Cayo Farola, som \u00e4r speciella sm\u00e5 \u00f6ar i Saman\u00e1-bahnen och som erbjuder ett extraordin\u00e4rt marina liv, \u00a1que incluye tortugas, ballenas jorobadas, langostas y delfines!<\/span><\/span><br \/>\nn<br \/>\nn<span style=\"vertical-align: inherit;\"><span style=\"vertical-align: inherit;\">Notera: \u00a1Este tour es privado!<\/span><\/span><br \/>\nn<br \/>\nn&nbsp;<br \/>\nn<br \/>\nn<em><strong><span style=\"vertical-align: inherit;\"><span style=\"vertical-align: inherit;\">V\u00e4lj datum f\u00f6r utflykten:<\/span><\/span><\/strong><\/em><\/p>\n<p>&nbsp;<\/p>\n<div class=\"vc_row wpb_row vc_row-fluid\" ><div class=\"wpb_column vc_column_container vc_col-sm-12\"><div class=\"vc_column-inner\"><div class=\"wpb_wrapper\"><div class=\"vc_empty_space\"   style=\"height: 32px\"><span class=\"vc_empty_space_inner\"><\/span><\/div><div class=\"mkdf-section-title-holder\" style=\"text-align: left\">\n\t<div class=\"mkdf-st-inner\">\n\t\t\t\t\t<h5 class=\"mkdf-st-subtitle\" >\n\t\t\t\tFr\u00e5n Saman\u00e1 hamn Privat tur\t\t\t<\/h5>\n\t\t\t\t\t\t\t<h3 class=\"mkdf-st-title\" >\n\t\t\t\tSnorkla Cayo Levantado och Farola Island Snorkling\t\t\t<\/h3>\n\t\t\t\t\t<\/div>\n<\/div><div class=\"vc_empty_space\"   style=\"height: 32px\"><span class=\"vc_empty_space_inner\"><\/span><\/div><\/div><\/div><\/div><\/div><div class=\"vc_row wpb_row vc_row-fluid\" ><div class=\"wpb_column vc_column_container vc_col-sm-12\"><div class=\"vc_column-inner\"><div class=\"wpb_wrapper\">\n\t<div class=\"wpb_text_column wpb_content_element\" >\n\t\t<div class=\"wpb_wrapper\">\n\t\t\t<p>\nn<\/p>\n<div class=\"vc_row wpb_row vc_row-fluid\">\nn<\/p>\n<div class=\"wpb_column vc_column_container vc_col-sm-12\">\nn<\/p>\n<div class=\"vc_column-inner\">\nn<\/p>\n<div class=\"wpb_wrapper\">\nn<\/p>\n<div class=\"wpb_text_column wpb_content_element\">\nn<\/p>\n<div class=\"wpb_wrapper\">\nn<\/p>\n<div class=\"vc_row wpb_row vc_row-fluid\">\nn<\/p>\n<div class=\"wpb_column vc_column_container vc_col-sm-12\">\nn<\/p>\n<div class=\"vc_column-inner\">\nn<\/p>\n<div class=\"wpb_wrapper\">\nn<\/p>\n<div class=\"wpb_text_column wpb_content_element\">\nn<\/p>\n<div class=\"wpb_wrapper\">\nn<\/p>\n<h4><b><i>\u00d6versikt<\/i><\/b><\/h4>\n<p>nVi kommer att turnera p\u00e5 \u00f6n Cayo Levantado och Farola, \u00e4r speciella sm\u00e5 \u00f6ar i Samanabukten som \u00e4r hem f\u00f6r extraordin\u00e4rt marint liv \u2013 inklusive sk\u00f6ldpaddor, kn\u00f6lvalar, hummer och delfiner!<br \/>\nn<br \/>\nn<strong>Observera:<\/strong> Den h\u00e4r turen \u00e4r privat. (Bara du och din familj eller v\u00e4nner och reseledaren).<br \/>\nn<br \/>\nn&nbsp;<br \/>\nn<\/p>\n<h4><b>Inkluderat och uteslutet<\/b><\/h4>\n<p>n&nbsp;<br \/>\nn<br \/>\nn<b>Inkluderat material<\/b><br \/>\nn<br \/>\nn&nbsp;<br \/>\nn<\/p>\n<ol>\nn \t<\/p>\n<li>Reseguide<\/li>\n<p>n \t<\/p>\n<li>B\u00e5tresa<\/li>\n<p>n \t<\/p>\n<li>Flytv\u00e4st<\/li>\n<p>n \t<\/p>\n<li>Snorkelutrustning<\/li>\n<p>n \t<\/p>\n<li>Alla skatter, avgifter och hanteringsavgifter<\/li>\n<p>n \t<\/p>\n<li>Lokala skatter<\/li>\n<p>n \t<\/p>\n<li>Drycker (en flaska vatten per person)<\/li>\n<p>n<\/ol>\n<p>n<b>Undantag<\/b><br \/>\nn<\/p>\n<ol>\nn \t<\/p>\n<li>Dricks<\/li>\n<p>n \t<\/p>\n<li>Lunch (extra kostnad 15 USD) per person.<\/li>\n<p>n \t<\/p>\n<li>Lunch med hummer (extra kostnad 25 USD) per person.<\/li>\n<p>n \t<\/p>\n<li>\u00d6verf\u00f6ringsbil<\/li>\n<p>n \t<\/p>\n<li>Alkoholhaltiga drycker<\/li>\n<p>n<\/ol>\n<p>n&nbsp;<br \/>\nn<\/p>\n<h4><em><strong>Avresa och \u00e5terkomst<\/strong><\/em><\/h4>\n<p>nDenna resa b\u00f6rjar kl. 8.03 och slutar omkring kl. 12.15. Men eftersom det blir en privat resa kan du st\u00e4lla in tid f\u00f6r start och slut.<br \/>\nn<br \/>\nn Resen\u00e4ren kommer att f\u00e5 en m\u00f6tesplats efter bokningsprocessen. Turerna startar och slutar i v\u00e5ra m\u00f6tesplatser.<br \/>\nn<br \/>\nn&nbsp;<br \/>\nn<\/p>\n<h4><b><i>Vad kan man f\u00f6rv\u00e4nta sig?<\/i><\/b><\/h4>\n<p>Snorkelutflykt med en expertguide f\u00f6r att njuta av det marina djurlivet fr\u00e5n ytan, med fenor och mask; Vi kommer att uppt\u00e4cka den paradisiska \u00f6n Cayo Levantado, snorkla p\u00e5 tv\u00e5 olika st\u00e4llen under resan och njuta av denna fascinerande strand som inte har tillg\u00e5ng till fordon (varaktighet 4 timmar).<br \/>\nn<br \/>\nnVi \u00e5ker fr\u00e5n m\u00f6tesplatsen i Samanas huvudhamn klockan 8:30 p\u00e5 morgonen, efter 25 minuters navigering kommer vi fram till den f\u00f6rsta snorklingsplatsen som heter Cayo Farola, vi kommer att snorkla 45 minuter och forts\u00e4tta till Cayo Levantado-stranden, d\u00e4r vi kan simma . , snorkla lite mer eller bara njut av denna fantastiska strand.<br \/>\nn<br \/>\nnVi kommer att njuta av en sm\u00f6rg\u00e5s, rom, l\u00e4sk och vatten och klockan 12 p\u00e5 dagen \u00e5ker vi tillbaka till Samanas hamn eller stannar p\u00e5 Cayo levantado. Efter detta kommer vi tillbaka till startpunkten. Andra saker att notera alla utflykter g\u00f6rs med b\u00e5t.<br \/>\nn<br \/>\nn<strong>Tidtabell:<\/strong><br \/>\nn<br \/>\nn8:30 \u2013 12:15<br \/>\nn<br \/>\nn&nbsp;<br \/>\nn<\/p>\n<h4><em><strong>Vad ska du ta med dig?<\/strong><\/em><\/h4>\n<p>n<\/p>\n<ul>\nn \t<\/p>\n<li>Kamera<\/li>\n<p>n \t<\/p>\n<li>Handduk<\/li>\n<p>n \t<\/p>\n<li>Skydd mot solen<\/li>\n<p>n \t<\/p>\n<li>Hatt<\/li>\n<p>n \t<\/p>\n<li>Bekv\u00e4ma byxor och skor<\/li>\n<p>n \t<\/p>\n<li>Sandaler till stranden<\/li>\n<p>n \t<\/p>\n<li>Badkl\u00e4der<\/li>\n<p>n \t<\/p>\n<li>Kontanter f\u00f6r souvenirer<\/li>\n<p>n<\/ul>\n<p>n&nbsp;<br \/>\nn<\/p>\n<h4><b><i>H\u00e4mtning p\u00e5 hotellet<\/i><\/b><\/h4>\n<p>nHotellh\u00e4mtning erbjuds inte f\u00f6r denna turn\u00e9.<br \/>\nn<br \/>\nn&nbsp;<br \/>\nn<br \/>\nn<b>Observera:<\/b>\u00a0Om du bokar inom 24 timmar f\u00f6re turens\/utflyktens avg\u00e5ngstid kan vi ordna h\u00e4mtning p\u00e5 hotellet mot en extra avgift. N\u00e4r ditt k\u00f6p \u00e4r klart skickar vi dig fullst\u00e4ndig kontaktinformation (telefonnummer, e-postadress etc.) till v\u00e5r lokala guide f\u00f6r att organisera upph\u00e4mtning.<br \/>\nn<\/p>\n<h4><b><i>Ytterligare information Bekr\u00e4ftelse<\/i><\/b><\/h4>\n<p>n<\/p>\n<ol>\nn \t<\/p>\n<li>Biljetterna \u00e4r kvittot efter att du har betalat denna turn\u00e9. Du kan visa betalningen p\u00e5 din telefon.<\/li>\n<p>n \t<\/p>\n<li>M\u00f6tesplatsen kommer att meddelas efter bokningsprocessen.<\/li>\n<p>n \t<\/p>\n<li>Barn m\u00e5ste \u00e5tf\u00f6ljas av en vuxen.<\/li>\n<p>n \t<\/p>\n<li>rullstolstillg\u00e4nglig<\/li>\n<p>n \t<\/p>\n<li>Sp\u00e4dbarn m\u00e5ste sitta i kn\u00e4vecken<\/li>\n<p>n \t<\/p>\n<li>De flesta resen\u00e4rer kan delta<\/li>\n<p>n<\/ol>\n<p>n<\/p>\n<h4><b><i>Avbokningspolicy<\/i><\/b><\/h4>\n<p>nF\u00f6r full \u00e5terbetalning, v\u00e4nligen l\u00e4s v\u00e5ra avbokningsregler\u00a0<a href=\"https:\/\/www.boattoursamana.com\/sv\/online-bokning\/\" target=\"_blank\" rel=\"noopener\" data-saferedirecturl=\"https:\/\/www.google.com\/url?q=https:\/\/www.boattoursamana.com\/online-booking\/&amp;source=gmail&amp;ust=1672449202351000&amp;usg=AOvVaw1yAeVAPktmaVCqDujgUn90\">Klicka h\u00e4r<\/a>. Pengarna g\u00e5r f\u00f6rlorade om bokningen avbokas samma dag som resan \u00e4ger rum.<br \/>\nn<br \/>\nn<\/div>\n<p>n\n<\/p><\/div>\n<p>n\n<\/p><\/div>\n<p>n\n<\/p><\/div>\n<p>n\n<\/p><\/div>\n<p>n\n<\/p><\/div>\n<p>n\n<\/p><\/div>\n<p>n\n<\/p><\/div>\n<p>n\n<\/p><\/div>\n<p>n\n<\/p><\/div>\n<p>n\n<\/p><\/div>\n<p>n\n<\/p><\/div>\n<p>n<\/p>\n<div class=\"vc_row wpb_row vc_row-fluid\">\nn<\/p>\n<div class=\"wpb_column vc_column_container vc_col-sm-12\">\nn<\/p>\n<div class=\"vc_column-inner\">\nn<\/p>\n<div class=\"wpb_wrapper\">\nn<\/p>\n<div class=\"wpb_text_column wpb_content_element\">\nn<\/p>\n<div class=\"wpb_wrapper\">\nn<\/p>\n<h4>Kontakta oss?<\/h4>\n<p>n<\/p>\n<h5><b><i>Bokning av \u00e4ventyr<\/i><\/b><\/h5>\n<p>n<em><strong>Lokalbefolkningen<\/strong>\u00a0och\u00a0<strong>Nationals<\/strong>\u00a0Guider och g\u00e4stservice<\/em><br \/>\nn<br \/>\nn<span class=\"text-turquoise\">Reservationer:<\/span>\u00a0Turer och utflykter i Dom. Rep.<br \/>\nn<br \/>\nn<img decoding=\"async\" class=\"emoji\" draggable=\"false\" src=\"https:\/\/s.w.org\/images\/core\/emoji\/11.2.0\/svg\/1f4de.svg\" alt=\" \" title=\"\">\u00a0Telefon \/ Whatsapp\u00a0\u00a0<a href=\"tel:+1-809-720-6035\">+1-809-720-6035<\/a>.<br \/>\nn<br \/>\nn<img decoding=\"async\" class=\"emoji\" draggable=\"false\" src=\"https:\/\/s.w.org\/images\/core\/emoji\/11.2.0\/svg\/1f4e9.svg\" alt=\" \" title=\"\">\u00a0<a href=\"mailto:info@bookingadventures.com.do\">info@bookingadventures.com.do<\/a><br \/>\nn<br \/>\nn<strong>Vi \u00e4r flexibla n\u00e4r det g\u00e4ller att st\u00e4lla in privata turer via Whatsapp:\u00a0<a href=\"tel:+18097206035\">+18097206035.<\/a><\/strong><br \/>\nn<br \/>\nn<\/div>\n<p>n\n<\/p><\/div>\n<p>n\n<\/p><\/div>\n<p>n\n<\/p><\/div>\n<p>n\n<\/p><\/div>\n<p>n\n<\/p><\/div>\n<p>n<\/p>\n\n\t\t<\/div>\n\t<\/div>\n<\/div><\/div><\/div><\/div>","protected":false},"excerpt":{"rendered":"<p>Estaremos recorriendo la isla Cayo Levantado y Cayo Farola, son peque\u00f1as islas especiales en la bah\u00eda de Saman\u00e1 que albergan una vida marina extraordinaria, \u00a1que incluye tortugas, ballas jorobadas, langostas y delfines! n Notera: \u00a1Este tour es privado! n n n nSeleccione la fecha de la excursi\u00f3n: &nbsp;<\/p>","protected":false},"author":2,"featured_media":0,"parent":0,"menu_order":0,"comment_status":"open","ping_status":"closed","template":"","meta":{"footnotes":""},"class_list":["post-15795","page","type-page","status-publish","hentry"],"_links":{"self":[{"href":"https:\/\/www.boattoursamana.com\/sv\/wp-json\/wp\/v2\/pages\/15795","targetHints":{"allow":["GET"]}}],"collection":[{"href":"https:\/\/www.boattoursamana.com\/sv\/wp-json\/wp\/v2\/pages"}],"about":[{"href":"https:\/\/www.boattoursamana.com\/sv\/wp-json\/wp\/v2\/types\/page"}],"author":[{"embeddable":true,"href":"https:\/\/www.boattoursamana.com\/sv\/wp-json\/wp\/v2\/users\/2"}],"replies":[{"embeddable":true,"href":"https:\/\/www.boattoursamana.com\/sv\/wp-json\/wp\/v2\/comments?post=15795"}],"version-history":[{"count":0,"href":"https:\/\/www.boattoursamana.com\/sv\/wp-json\/wp\/v2\/pages\/15795\/revisions"}],"wp:attachment":[{"href":"https:\/\/www.boattoursamana.com\/sv\/wp-json\/wp\/v2\/media?parent=15795"}],"curies":[{"name":"wp","href":"https:\/\/api.w.org\/{rel}","templated":true}]}}