{"id":15798,"date":"2023-07-15T07:43:59","date_gmt":"2023-07-15T07:43:59","guid":{"rendered":"https:\/\/www.ticketswhales.com\/bahia-de-las-aguilas-beach-day-trip-by-boat-day-pass-pedernales\/"},"modified":"2023-07-15T07:43:59","modified_gmt":"2023-07-15T07:43:59","slug":"bahia-de-las-aguilas-beach-day-trip-by-boat-day-pass-pedernales","status":"publish","type":"page","link":"https:\/\/www.boattoursamana.com\/sv\/bahia-de-las-aguilas-stranden-dag-trip-med-bat-dag-passera-pedernales-2","title":{"rendered":"Bah\u00eda de las Aguilas: dagsutflykt till stranden med b\u00e5t - Day Pass - Pedernales"},"content":{"rendered":"<p><span style=\"vertical-align: inherit;\"><span style=\"vertical-align: inherit;\">Compre un boleto de un d\u00eda a Bah\u00eda las \u00c1guilas desde las \u00e1reas de Pedernales. <\/span><span style=\"vertical-align: inherit;\">Njut av en dag med lek och deja fluir el \u00e1nimo, lejos fr\u00e5n las zonas tur\u00edsticas y de todo el estr\u00e9s. <\/span><span style=\"vertical-align: inherit;\">Ven y descubre el Parque Nacional Jaragua y Bah\u00eda de las \u00c1guilas. <\/span><span style=\"vertical-align: inherit;\">Conduzca por una hermosa carretera con impresionantes vistas del peque\u00f1o puerto y el pueblo pesquero de Cabo Rojo. <\/span><span style=\"vertical-align: inherit;\">En Las Cuevas, abordar\u00e1 un bote que lo llevar\u00e1 en viaje de 15 minutos a una de las playas naturales m\u00e1s hermosas del mundo. <\/span><span style=\"vertical-align: inherit;\">Las arenas de la Bah\u00eda de las \u00c1guilas son v\u00edrgenes y la bah\u00eda cubre 8 km. <\/span><span style=\"vertical-align: inherit;\">Experimentera med en kostnadskr\u00e4vande paisaje med kristallklara vattendrag som lyser i toner som g\u00e5r fr\u00e5n turkos till azurbl\u00e5 \u00f3palo som skymtar i horisonten. <\/span><span style=\"vertical-align: inherit;\">El almuerzo se sirve en la playa, nadar o bucear y explorar este para\u00edso natural virgen.<\/span><\/span><br \/>\nn<br \/>\nn&nbsp;<br \/>\nn<br \/>\nn<strong><span style=\"vertical-align: inherit;\"><span style=\"vertical-align: inherit;\">V\u00e4lj vilken dag du vill resa:<\/span><\/span><\/strong><\/p>\n<p>&nbsp;<\/p>\n<div class=\"vc_row wpb_row vc_row-fluid\" ><div class=\"wpb_column vc_column_container vc_col-sm-12\"><div class=\"vc_column-inner\"><div class=\"wpb_wrapper\"><div class=\"mkdf-section-title-holder\" style=\"text-align: left\">\n\t<div class=\"mkdf-st-inner\">\n\t\t\t\t\t<h5 class=\"mkdf-st-subtitle\" >\n\t\t\t\tDagspass - snorkling och lunch\t\t\t<\/h5>\n\t\t\t\t\t\t\t<h3 class=\"mkdf-st-title\" >\n\t\t\t\tBah\u00eda de las Aguilas: dagsutflykt till stranden med b\u00e5t\t\t\t<\/h3>\n\t\t\t\t\t<\/div>\n<\/div><\/div><\/div><\/div><\/div><div class=\"vc_row wpb_row vc_row-fluid\" ><div class=\"wpb_column vc_column_container vc_col-sm-12\"><div class=\"vc_column-inner\"><div class=\"wpb_wrapper\">\n\t<div class=\"wpb_text_column wpb_content_element\" >\n\t\t<div class=\"wpb_wrapper\">\n\t\t\t<p>\nn<\/p>\n<h4><b><i>\u00d6versikt<\/i><\/b><\/h4>\n<p>nNjut av en dag p\u00e5 stranden och l\u00e5t andan fl\u00f6da, l\u00e5ngt bort fr\u00e5n turistomr\u00e5dena och all stress. Kom och uppt\u00e4ck nationalparken Jaragua och Bahia de las \u00c1guilas. K\u00f6r l\u00e4ngs en vacker v\u00e4g med hisnande utsikt \u00f6ver den lilla hamnen och fiskebyn Cabo Rojo. I Las Cuevas g\u00e5r du ombord p\u00e5 en b\u00e5t som tar dig p\u00e5 en 15-minuters resa till en av v\u00e4rldens vackraste naturstr\u00e4nder. Sanden i Bah\u00eda de las Aguilas \u00e4r or\u00f6rd och viken t\u00e4cker 8 km. Upplev ett exceptionellt kustlandskap med kristallklart vatten som lyser i nyanser fr\u00e5n turkost till opalbl\u00e5tt och sm\u00e4lter in i horisonten. Lunch serveras p\u00e5 stranden, ta en simtur eller snorkla och utforska detta or\u00f6rda naturparadis.<br \/>\nn<br \/>\nn&nbsp;<br \/>\nn<\/p>\n<ul>\nn \t<\/p>\n<li>Lokal guide med erfarenhet av s\u00e4kerhet i omr\u00e5det.<\/li>\n<p>n \t<\/p>\n<li>Privat transport<\/li>\n<p>n \t<\/p>\n<li>Avgifter ing\u00e5r<\/li>\n<p>n \t<\/p>\n<li>Lunch<\/li>\n<p>n \t<\/p>\n<li>Lokal reseledare p\u00e5 spanska, engelska eller franska.<\/li>\n<p>n \t<\/p>\n<li>Vandring<\/li>\n<p>n \t<\/p>\n<li>Snorkling<\/li>\n<p>n<\/ul>\n<p>n<\/p>\n<h4><b>Inkluderat och uteslutet<\/b><\/h4>\n<p>n&nbsp;<br \/>\nn<br \/>\nn<b>Inkluderat material<\/b><br \/>\nn<\/p>\n<ol>\nn \t<\/p>\n<li>Lokal guide med erfarenhet av s\u00e4kerhet i omr\u00e5det.<\/li>\n<p>n \t<\/p>\n<li>Privat transport f\u00f6r sm\u00e5 grupper<\/li>\n<p>n \t<\/p>\n<li>Alla skatter, avgifter och hanteringsavgifter<\/li>\n<p>n \t<\/p>\n<li>Lokala skatter<\/li>\n<p>n \t<\/p>\n<li>Lunch<\/li>\n<p>n \t<\/p>\n<li>Vandring<\/li>\n<p>n \t<\/p>\n<li>Naturliga pooler<\/li>\n<p>n \t<\/p>\n<li>Snorkling<\/li>\n<p>n \t<\/p>\n<li>Alla verksamheter<\/li>\n<p>n<\/ol>\n<p>n<b>Undantag<\/b><br \/>\nn<\/p>\n<ol>\nn \t<\/p>\n<li>Dricks<\/li>\n<p>n \t<\/p>\n<li>Alla drycker<\/li>\n<p>n<\/ol>\n<p>n<\/p>\n<h4><em><strong>Avresa och \u00e5terkomst<\/strong><\/em><\/h4>\n<p>nResen\u00e4ren f\u00e5r en m\u00f6tesplats efter bokningsprocessen. Turerna b\u00f6rjar och slutar p\u00e5 dina m\u00f6tesplatser.<br \/>\nn<\/p>\n<h2 class=\"styles__heading___mD4_3\" data-radium=\"true\">Bah\u00eda de las Aguilas: Dagstur till stranden med b\u00e5t - Dagspass - Snorkling &amp; Lunch<\/h2>\n<p>n<\/p>\n<h4><em>Vad kan man f\u00f6rv\u00e4nta sig?<\/em><\/h4>\n<p>nPlaya de las Aguilas har f\u00e5tt sitt namn efter den inhemska \u00f6rnen. Turen sker i privat transport fr\u00e5n Bahia de las Aguilas d\u00e4r du kan uppt\u00e4cka de naturliga underverken p\u00e5 denna afrodisiakumstrand p\u00e5 ett mycket annorlunda och h\u00e5llbart s\u00e4tt. Tillbringa dagen p\u00e5 en naturtur i den s\u00f6dra delen av landet d\u00e4r du l\u00e4r k\u00e4nna Bahia de las Aguila, en av de vackraste str\u00e4nderna i Dominikanska republiken, d\u00e4r vi anl\u00e4nder med motorb\u00e5t till denna paradisiska strand, ett omr\u00e5de som \u00e4r helt skyddat av milj\u00f6lagstiftningen. P\u00e5 Bahia de las Aguilas, ett obebott naturreservat och nationalpark, kan man koppla av och njuta av en grillad lunch i grottorna.<br \/>\nn<br \/>\nnDet lugna havet och den svaga vinden g\u00f6r att du inte beh\u00f6ver lida alltf\u00f6r mycket av solen och v\u00e4rmen. Bli uppt\u00e4cktsresande f\u00f6r en dag och uppt\u00e4ck ett ekologiskt, naturligt och helt or\u00f6rt paradis. Du kan observera mer \u00e4n 130 f\u00e5gelarter, varav 76 lever permanent i bukten, 10 \u00e4r endemiska och 47 \u00e4r migranter.<br \/>\nn<br \/>\nn08.30 - Avresa fr\u00e5n m\u00f6tesplatsen<br \/>\nn08.45 - Avf\u00e4rd med b\u00e5t fr\u00e5n byn La Cueva till Bahia de las Aguilas<br \/>\nn12.30 - Typisk lunch p\u00e5 stranden<br \/>\nn03.00 - \u00c5terv\u00e4nd till La Cueva<br \/>\nn05.30 - Ankomst till m\u00f6tesplatsen<br \/>\nn<\/p>\n<h4><em><strong>Vad ska du ta med dig?<\/strong><\/em><\/h4>\n<p>n<\/p>\n<ul>\nn \t<\/p>\n<li>Kamera<\/li>\n<p>n \t<\/p>\n<li>Repellerande knoppar<\/li>\n<p>n \t<\/p>\n<li>Solkr\u00e4m<\/li>\n<p>n \t<\/p>\n<li>Vatten<\/li>\n<p>n \t<\/p>\n<li>Hatt<\/li>\n<p>n \t<\/p>\n<li>Bekv\u00e4ma byxor<\/li>\n<p>n \t<\/p>\n<li>Vandringsskor f\u00f6r skogen<\/li>\n<p>n \t<\/p>\n<li>Sandaler till v\u00e5romr\u00e5dena.<\/li>\n<p>n \t<\/p>\n<li>Badkl\u00e4der<\/li>\n<p>n<\/ul>\n<p>n&nbsp;<br \/>\nn<\/p>\n<h4><b><i>H\u00e4mtning p\u00e5 hotellet<\/i><\/b><\/h4>\n<p>nHotellh\u00e4mtning erbjuds f\u00f6r denna resa mot extra kostnad.<br \/>\nn<br \/>\nn<b>Observera:<\/b> Om du bokar inom 24 timmar f\u00f6re avresan f\u00f6r turen\/exkursionen kan vi ordna upph\u00e4mtning p\u00e5 hotellet. Vi h\u00e4mtar bara i Pedernales-omr\u00e5det. N\u00e4r ditt k\u00f6p \u00e4r slutf\u00f6rt skickar vi dig fullst\u00e4ndig kontaktinformation (telefonnummer, e-postadress etc.) f\u00f6r v\u00e5r lokala reseguide f\u00f6r att organisera upph\u00e4mtningsarrangemang.<br \/>\nn<\/p>\n<h4><b><i>Ytterligare information Bekr\u00e4ftelse<\/i><\/b><\/h4>\n<p>n<\/p>\n<ol>\nn \t<\/p>\n<li>Biljetter \u00e4r kvittot efter att du har betalat f\u00f6r turen. Du kan visa betalningen p\u00e5 din telefon.<\/li>\n<p>n \t<\/p>\n<li>M\u00f6tesplatsen kommer att meddelas efter bokningsprocessen.<\/li>\n<p>n \t<\/p>\n<li>Barn m\u00e5ste \u00e5tf\u00f6ljas av en vuxen.<\/li>\n<p>n \t<\/p>\n<li>Inte rullstolsanpassad<\/li>\n<p>n \t<\/p>\n<li>Sp\u00e4dbarn m\u00e5ste sitta i kn\u00e4vecken<\/li>\n<p>n \t<\/p>\n<li>Rekommenderas inte f\u00f6r resen\u00e4rer med ryggproblem<\/li>\n<p>n \t<\/p>\n<li>Rekommenderas inte f\u00f6r gravida resen\u00e4rer<\/li>\n<p>n \t<\/p>\n<li>Inga hj\u00e4rtproblem eller andra allvarliga medicinska tillst\u00e5nd<\/li>\n<p>n \t<\/p>\n<li>De flesta resen\u00e4rer kan delta<\/li>\n<p>n<\/ol>\n<p>n<\/p>\n<h4><b><i>Avbokningspolicy<\/i><\/b><\/h4>\n<p>nF\u00f6r full \u00e5terbetalning, v\u00e4nligen l\u00e4s v\u00e5ra avbokningsregler\u00a0<a href=\"https:\/\/www.boattoursamana.com\/sv\/online-bokning\/\" target=\"_blank\" rel=\"noopener\" data-saferedirecturl=\"https:\/\/www.google.com\/url?q=https:\/\/www.boattoursamana.com\/online-booking\/&amp;source=gmail&amp;ust=1672449202351000&amp;usg=AOvVaw1yAeVAPktmaVCqDujgUn90\">Klicka h\u00e4r<\/a>. Pengarna g\u00e5r f\u00f6rlorade om bokningen avbokas samma dag som resan \u00e4ger rum.<\/p>\n\n\t\t<\/div>\n\t<\/div>\n<\/div><\/div><\/div><\/div>","protected":false},"excerpt":{"rendered":"<p>Compre un boleto de un d\u00eda a Bah\u00eda las \u00c1guilas desde las \u00e1reas de Pedernales. Disfruta de un d\u00eda de playa y deja fluir el \u00e1nimo, lejos de las zonas tur\u00edsticas y de todo el estr\u00e9s. Ven y descubre el Parque Nacional Jaragua y Bah\u00eda de las \u00c1guilas. Conduzca por una hermosa carretera con impresionantes vistas del peque\u00f1o puerto y el pueblo pesquero de Cabo Rojo. En Las Cuevas, abordar\u00e1 un bote que lo llevar\u00e1 en un viaje de 15 [&hellip;]<\/p>\n","protected":false},"author":2,"featured_media":0,"parent":0,"menu_order":0,"comment_status":"open","ping_status":"closed","template":"","meta":{"footnotes":""},"class_list":["post-15798","page","type-page","status-publish","hentry"],"_links":{"self":[{"href":"https:\/\/www.boattoursamana.com\/sv\/wp-json\/wp\/v2\/pages\/15798","targetHints":{"allow":["GET"]}}],"collection":[{"href":"https:\/\/www.boattoursamana.com\/sv\/wp-json\/wp\/v2\/pages"}],"about":[{"href":"https:\/\/www.boattoursamana.com\/sv\/wp-json\/wp\/v2\/types\/page"}],"author":[{"embeddable":true,"href":"https:\/\/www.boattoursamana.com\/sv\/wp-json\/wp\/v2\/users\/2"}],"replies":[{"embeddable":true,"href":"https:\/\/www.boattoursamana.com\/sv\/wp-json\/wp\/v2\/comments?post=15798"}],"version-history":[{"count":0,"href":"https:\/\/www.boattoursamana.com\/sv\/wp-json\/wp\/v2\/pages\/15798\/revisions"}],"wp:attachment":[{"href":"https:\/\/www.boattoursamana.com\/sv\/wp-json\/wp\/v2\/media?parent=15798"}],"curies":[{"name":"wp","href":"https:\/\/api.w.org\/{rel}","templated":true}]}}