{"id":15826,"date":"2023-07-15T07:44:18","date_gmt":"2023-07-15T07:44:18","guid":{"rendered":"https:\/\/www.ticketswhales.com\/los-haitises-boat-private-trip-from-la-romana\/"},"modified":"2023-07-15T07:44:18","modified_gmt":"2023-07-15T07:44:18","slug":"los-haitises-boat-private-trip-from-la-romana","status":"publish","type":"page","link":"https:\/\/www.boattoursamana.com\/sv\/los-haitises-bat-privat-resa-fran-la-romana-2","title":{"rendered":"Los Haitises Boat Privat utflykt - Fr\u00e5n La Romana"},"content":{"rendered":"<p>L\u00e4gsta pris f\u00f6r att bes\u00f6ka <strong>Nationalparken Los Haitises<\/strong> fr\u00e5n <b>La Romana <\/b>med lokalbefolkningen. Resan b\u00f6rjar i huvudhamnen i nationalparken Haitises. Resan kan b\u00f6rja fr\u00e5n 6:00 till 8:00. Plocka upp p\u00e5 La Romana omr\u00e5den. Lokal reseguide som k\u00e4nner till den underbara nationalparkens ursprungliga historia kommer att vara p\u00e5 din resa.<br \/>\nn<br \/>\nnEfter att vi startar fr\u00e5n huvudhamnen i Los Haitises nationalpark med namnet Ca\u00f1o Hondo (Deep Creek) p\u00e5 en B\u00c5T med flytv\u00e4star. Vi kommer att njuta av Red Mangroves-skogen tills vi anl\u00e4nder till San Lorenzo Bay, en liten vik in i Saman\u00e1 Bay. Och nu k\u00f6r vi! Det f\u00f6rsta fantastiska du kan se \u00e4r samlingen av en enorm bergs\u00f6 i kalksten som heter Mogotes. Ut\u00f6ver dem flyger mer \u00e4n 700 arter av v\u00e4xter och m\u00e5nga v\u00e5tmarksf\u00e5glar runt. Senare bes\u00f6k i grottor med piktogram fr\u00e5n v\u00e5ra ursprungsbefolkningar f\u00f6r 750 \u00e5r sedan.<br \/>\nn<br \/>\nn<strong>V\u00e4nligen v\u00e4lj ett datum f\u00f6r din privata resa:<\/strong><\/p>\n<p>&nbsp;<\/p>\n<div class=\"vc_row wpb_row vc_row-fluid\" ><div class=\"wpb_column vc_column_container vc_col-sm-12\"><div class=\"vc_column-inner\"><div class=\"wpb_wrapper\"><div class=\"mkdf-section-title-holder\" style=\"text-align: left\">\n\t<div class=\"mkdf-st-inner\">\n\t\t\t\t\t<h5 class=\"mkdf-st-subtitle\" >\n\t\t\t\tMangrover, lokala guider och grottor\t\t\t<\/h5>\n\t\t\t\t\t\t\t<h3 class=\"mkdf-st-title\" >\n\t\t\t\tLos Haitises B\u00e5t Privat resa - Fr\u00e5n La Romana\t\t\t<\/h3>\n\t\t\t\t\t<\/div>\n<\/div><\/div><\/div><\/div><\/div><div class=\"vc_row wpb_row vc_row-fluid\" ><div class=\"wpb_column vc_column_container vc_col-sm-12\"><div class=\"vc_column-inner\"><div class=\"wpb_wrapper\"><div class=\"vc_btn3-container vc_btn3-inline\" ><button class=\"vc_general vc_btn3 vc_btn3-size-md vc_btn3-shape-rounded vc_btn3-style-modern vc_btn3-color-green\">BOKA NU<\/button><\/div>\n\t<div class=\"wpb_text_column wpb_content_element\" >\n\t\t<div class=\"wpb_wrapper\">\n\t\t\t<p>\nn<\/p>\n<h4><b><i>\u00d6versikt <\/i><\/b><\/h4>\n<p>nOm du \u00e4r i La Romana v\u00e4lj en privat normal resa till Los Haitises nationalpark. F\u00f6lj med oss och bes\u00f6k Dominikanska republikens vackraste nationalpark, bes\u00f6ka mangrover, grottor och San Lorenzo Bay. Efter privat transport fr\u00e5n Bayahibe b\u00f6rjar denna privata b\u00e5ttur fr\u00e5n Sabana de la Mar-samh\u00e4llet som l\u00e4r sig om Sabana de la Mars historia.<br \/>\nn<\/p>\n<ul>\nn \t<\/p>\n<li style=\"font-weight: 400;\">Avgifter ing\u00e5r<\/li>\n<p>n \t<\/p>\n<li style=\"font-weight: 400;\"><span style=\"font-weight: 400;\">Guiden inneh\u00e5ller instruktioner och \u00f6vervakning<\/span><\/li>\n<p>n \t<\/p>\n<li>Lunch<\/li>\n<p>n<\/ul>\n<p>n&nbsp;<br \/>\nn<\/p>\n<h4><b>Inkluderat och uteslutet<\/b><\/h4>\n<p>n&nbsp;<br \/>\nn<br \/>\nn<b>Inkluderat material<\/b><br \/>\nn<\/p>\n<ol>\nn \t<\/p>\n<li style=\"font-weight: 400;\">Tur i Los Haitises + grottor och piktografer<\/li>\n<p>n \t<\/p>\n<li style=\"font-weight: 400;\"><span style=\"font-weight: 400;\">Alla skatter, avgifter och hanteringsavgifter<\/span><\/li>\n<p>n \t<\/p>\n<li style=\"font-weight: 400;\"><span style=\"font-weight: 400;\">Lokala skatter<\/span><\/li>\n<p>n \t<\/p>\n<li style=\"font-weight: 400;\"><span style=\"font-weight: 400;\">Alla verksamheter<\/span><\/li>\n<p>n \t<\/p>\n<li style=\"font-weight: 400;\"><span style=\"font-weight: 400;\">Lokal guide<\/span><\/li>\n<p>n \t<\/p>\n<li>Transport ing\u00e5r<\/li>\n<p>n<\/ol>\n<p>n<b> Undantag<\/b><br \/>\nn<\/p>\n<ol>\nn \t<\/p>\n<li style=\"font-weight: 400;\"><span style=\"font-weight: 400;\">Dricks<\/span><\/li>\n<p>n \t<\/p>\n<li style=\"font-weight: 400;\"><span style=\"font-weight: 400;\">Alkoholhaltiga drycker<\/span><\/li>\n<p>n<\/ol>\n<p>n&nbsp;<br \/>\nn<\/p>\n<h4><em><strong>Avresa och \u00e5terkomst<\/strong><\/em><\/h4>\n<p>n<span style=\"font-weight: 400;\">Resen\u00e4ren f\u00e5r en m\u00f6tesplats efter bokningsprocessen. Turerna startar och avslutas vid v\u00e5ra m\u00f6tesplatser.<\/span><br \/>\nn<br \/>\nn&nbsp;<br \/>\nn<\/p>\n<h4><b><i>Vad kan man f\u00f6rv\u00e4nta sig?<\/i><\/b><\/h4>\n<p>n&nbsp;<br \/>\nn<br \/>\nn<em><strong>K\u00f6p dina biljetter<\/strong><\/em> f\u00f6r att bes\u00f6ka Los Haitises National Park fr\u00e5n<strong> La Romana<\/strong> med transport ing\u00e5r till grottor, mangrover och San Lorenzo Bay.<br \/>\nn<br \/>\nn L\u00e4gsta pris att bes\u00f6ka <strong>Nationalparken Los Haitises<\/strong> fr\u00e5n <strong>Hotell i La Romana<\/strong> eller Airbnb med lokalbefolkningen.<br \/>\nn<br \/>\nnEfter att vi startar fr\u00e5n huvudhamnen i Los Haitises nationalpark med namnet Ca\u00f1o Hondo (Deep Creek) p\u00e5 en B\u00c5T med flytv\u00e4star. Vi kommer att njuta av Red Mangroves-skogen tills vi kommer till San Lorenzo Bay. Liten vik in i Saman\u00e1 Bay. Och nu k\u00f6r vi! Det f\u00f6rsta fantastiska du kan se \u00e4r samlingen av en enorm bergs\u00f6 i kalksten som heter Mogotes. ovanp\u00e5 dem mer \u00e4n 700 arter av v\u00e4xter och m\u00e5nga v\u00e5tmarksf\u00e5glar som flyger runt. Senare bes\u00f6k i grottor med piktogram fr\u00e5n v\u00e5ra ursprungsbefolkningar f\u00f6r 750 \u00e5r sedan.<br \/>\nn<br \/>\nnGenom mangroveskogen och landa vid den \u00f6ppna San Lorenzo-bukten, varifr\u00e5n du kan fotografera det karga skogslandskapet. Titta mot vattnet f\u00f6r att se <em><strong>Sj\u00f6kor<\/strong><\/em>, kr\u00e4ftdjur och <em><strong>delfiner.<\/strong><\/em><br \/>\nn<\/p>\n<div class=\"body-description secondary\">\nn<br \/>\nnNationalparkens namn kommer fr\u00e5n dess ursprungliga inv\u00e5nare, Tainoindianerna. P\u00e5 deras spr\u00e5k betyder \"Haitises\" h\u00f6gland eller kullar, en referens till kustlinjens branta geologiska formationer med kalkstenar. G\u00e5 djupare in i parken och utforska grottor som t.ex. <em><strong>Cueva de la Arena<\/strong><\/em> och <strong><em>Cueva de la L\u00ednea.<\/em><\/strong> Grottorna i reservatet anv\u00e4ndes som skydd av Taino-indianerna och senare av pirater som g\u00f6mde sig d\u00e4r. Titta efter teckningar av indianer som pryder n\u00e5gra av v\u00e4ggarna. Efter att ha bes\u00f6kt nationalparken Los Haitises \u00e5ker vi tillbaka till hamnen d\u00e4r v\u00e5r resa b\u00f6rjade.<br \/>\nn<br \/>\nn<\/div>\n<p>n&nbsp;<br \/>\nn<\/p>\n<h4><em><strong>Vad ska du ta med dig?<\/strong><\/em><\/h4>\n<p>n<\/p>\n<ul>\nn \t<\/p>\n<li style=\"font-weight: 400;\"><span style=\"font-weight: 400;\">Kamera<\/span><\/li>\n<p>n \t<\/p>\n<li style=\"font-weight: 400;\"><span style=\"font-weight: 400;\">Repellerande knoppar<\/span><\/li>\n<p>n \t<\/p>\n<li style=\"font-weight: 400;\"><span style=\"font-weight: 400;\">solkr\u00e4m<\/span><\/li>\n<p>n \t<\/p>\n<li style=\"font-weight: 400;\"><span style=\"font-weight: 400;\">Hatt<\/span><\/li>\n<p>n \t<\/p>\n<li style=\"font-weight: 400;\"><span style=\"font-weight: 400;\">Bekv\u00e4ma byxor<\/span><\/li>\n<p>n \t<\/p>\n<li style=\"font-weight: 400;\"><span style=\"font-weight: 400;\">Vandringsskor f\u00f6r skogen<\/span><\/li>\n<p>n \t<\/p>\n<li style=\"font-weight: 400;\"><span style=\"font-weight: 400;\">Sandaler till v\u00e5romr\u00e5dena.<\/span><\/li>\n<p>n \t<\/p>\n<li style=\"font-weight: 400;\"><span style=\"font-weight: 400;\">Badkl\u00e4der<\/span><\/li>\n<p>n<\/ul>\n<p>n&nbsp;<br \/>\nn<\/p>\n<h4><b><i>H\u00e4mtning p\u00e5 hotellet <\/i><\/b><\/h4>\n<p>n<span style=\"font-weight: 400;\">Hotellh\u00e4mtning erbjuds om du befinner dig i La Romana.<\/span><br \/>\nn<br \/>\nn&nbsp;<br \/>\nn<br \/>\nn<b>Observera:<\/b><span style=\"font-weight: 400;\"> Om du bokar inom 24 timmar f\u00f6re avresan f\u00f6r turen\/exkursionen kan vi ordna upph\u00e4mtning p\u00e5 hotellet mot extra avgift om du inte bor p\u00e5 hotell i La Romana. N\u00e4r ditt k\u00f6p \u00e4r slutf\u00f6rt skickar vi dig fullst\u00e4ndig kontaktinformation (telefonnummer, e-postadress etc.) f\u00f6r v\u00e5r lokala reseguide f\u00f6r att organisera upph\u00e4mtningsarrangemang.<\/span><br \/>\nn<\/p>\n<h4><b><i>Ytterligare information Bekr\u00e4ftelse <\/i><\/b><\/h4>\n<p>n<\/p>\n<ol>\nn \t<\/p>\n<li>Biljetter \u00e4r kvittot efter att du har betalat f\u00f6r turen. Du kan visa betalningen p\u00e5 din telefon.<\/li>\n<p>n \t<\/p>\n<li style=\"font-weight: 400;\"><span style=\"font-weight: 400;\">M\u00f6tesplatsen kommer att meddelas efter bokningsprocessen.<\/span><\/li>\n<p>n \t<\/p>\n<li style=\"font-weight: 400;\"><span style=\"font-weight: 400;\">Barn m\u00e5ste \u00e5tf\u00f6ljas av en vuxen.<\/span><\/li>\n<p>n \t<\/p>\n<li style=\"font-weight: 400;\"><span style=\"font-weight: 400;\"> Inte rullstolsanpassad <\/span><\/li>\n<p>n \t<\/p>\n<li style=\"font-weight: 400;\"><span style=\"font-weight: 400;\">Sp\u00e4dbarn m\u00e5ste sitta i kn\u00e4vecken <\/span><\/li>\n<p>n \t<\/p>\n<li style=\"font-weight: 400;\"><span style=\"font-weight: 400;\">Rekommenderas inte f\u00f6r resen\u00e4rer med ryggproblem<\/span><\/li>\n<p>n \t<\/p>\n<li style=\"font-weight: 400;\"><span style=\"font-weight: 400;\">Rekommenderas inte f\u00f6r gravida resen\u00e4rer <\/span><\/li>\n<p>n \t<\/p>\n<li style=\"font-weight: 400;\"><span style=\"font-weight: 400;\"> Inga hj\u00e4rtproblem eller andra allvarliga medicinska tillst\u00e5nd <\/span><\/li>\n<p>n \t<\/p>\n<li style=\"font-weight: 400;\"><span style=\"font-weight: 400;\">De flesta resen\u00e4rer kan delta<\/span><\/li>\n<p>n<\/ol>\n<p>n<\/p>\n<h4><b><i>Avbokningspolicy<\/i><\/b><\/h4>\n<p>nF\u00f6r full \u00e5terbetalning, v\u00e4nligen l\u00e4s v\u00e5ra avbokningsregler\u00a0<a href=\"https:\/\/www.boattoursamana.com\/sv\/online-bokning\/\" target=\"_blank\" rel=\"noopener\" data-saferedirecturl=\"https:\/\/www.google.com\/url?q=https:\/\/www.boattoursamana.com\/online-booking\/&amp;source=gmail&amp;ust=1672449202351000&amp;usg=AOvVaw1yAeVAPktmaVCqDujgUn90\">Klicka h\u00e4r<\/a>. Pengarna g\u00e5r f\u00f6rlorade om bokningen avbokas samma dag som resan \u00e4ger rum.<\/p>\n\n\t\t<\/div>\n\t<\/div>\n<\/div><\/div><\/div><\/div><div class=\"vc_row wpb_row vc_row-fluid\" ><div class=\"wpb_column vc_column_container vc_col-sm-12\"><div class=\"vc_column-inner\"><div class=\"wpb_wrapper\"><div class=\"vc_empty_space\"   style=\"height: 32px\"><span class=\"vc_empty_space_inner\"><\/span><\/div>\n\t<div class=\"wpb_text_column wpb_content_element\" >\n\t\t<div class=\"wpb_wrapper\">\n\t\t\t<p>\nn<\/p>\n<h4>Kontakta oss?<\/h4>\n<p>n<\/p>\n<h5>Bokning av \u00e4ventyr<\/h5>\n<p>n<em><strong>Lokalbefolkningen<\/strong>\u00a0och\u00a0<strong>Nationals<\/strong>\u00a0Guider och g\u00e4stservice<\/em><br \/>\nn<br \/>\nn<span class=\"text-turquoise\">Reservationer:<\/span>\u00a0Turer och utflykter i Dom. Rep.<br \/>\nn<br \/>\nn<img decoding=\"async\" class=\"emoji\" draggable=\"false\" src=\"https:\/\/s.w.org\/images\/core\/emoji\/11.2.0\/svg\/1f4de.svg\" alt=\" \" title=\"\">\u00a0Telefon \/ Whatsapp\u00a0\u00a0<a href=\"tel:+1-809-720-6035\">+1-809-720-6035<\/a>.<br \/>\nn<br \/>\nn<img decoding=\"async\" class=\"emoji\" draggable=\"false\" src=\"https:\/\/s.w.org\/images\/core\/emoji\/11.2.0\/svg\/1f4e9.svg\" alt=\" \" title=\"\">\u00a0<a href=\"mailto:info@bookingadventures.com.do\">info@bookingadventures.com.do<\/a><br \/>\nn<br \/>\nn<strong>Vi \u00e4r flexibla n\u00e4r det g\u00e4ller att st\u00e4lla in privata turer via Whatsapp:\u00a0<a href=\"tel:+18097206035\">+18097206035.<\/a><\/strong><\/p>\n\n\t\t<\/div>\n\t<\/div>\n<div class=\"vc_empty_space\"   style=\"height: 32px\"><span class=\"vc_empty_space_inner\"><\/span><\/div><\/div><\/div><\/div><\/div><div class=\"vc_row wpb_row vc_row-fluid\" ><div class=\"wpb_column vc_column_container vc_col-sm-12\"><div class=\"vc_column-inner\"><div class=\"wpb_wrapper\"><div class=\"mkdf-section-title-holder\" style=\"text-align: left\">\n\t<div class=\"mkdf-st-inner\">\n\t\t\t\t\t<h5 class=\"mkdf-st-subtitle\" >\n\t\t\t\tTurer och utflykter runt Cano Hondo\t\t\t<\/h5>\n\t\t\t\t\t\t\t<h3 class=\"mkdf-st-title\" >\n\t\t\t\tUtflykter till Cano Hondo\t\t\t<\/h3>\n\t\t\t\t\t\t\t<p class=\"mkdf-st-text\" >\n\t\t\t\tAndra alternativ f\u00f6r turer och utflykter i Cano Hondo-omr\u00e5det. Sabana de la mar, Republica Dominicana.\t\t\t<\/p>\n\t\t\t<\/div>\n<\/div><div class=\"vc_btn3-container vc_btn3-inline\" ><button class=\"vc_general vc_btn3 vc_btn3-size-md vc_btn3-shape-rounded vc_btn3-style-modern vc_btn3-color-green\">BOKA NU<\/button><\/div><div class=\"woocommerce columns-4\"><ul class=\"products columns-4\">\n<li class=\"product type-product post-8237 status-publish first instock product_cat-tours-excursions-los-haitises-national-park product_cat-1-sabana-de-la-mar product_cat-caves product_cat-hiking product_cat-kayaking product_cat-kayaking-los-haitises product_cat-local-tour-guides product_cat-mangroves product_cat-swimming-natural-springs product_cat-tours-and-excursions product_cat-tours-excursions-samana-bay-dominican-republic product_tag-cano-hondo product_tag-cano-hondo-hotel product_tag-cano-hondo-river product_tag-day-tour-cano-hondo product_tag-kayak-dominican-republic product_tag-kayak-los-haitises product_tag-kayak-tour product_tag-kayaking product_tag-los-haitises product_tag-los-haitises-national-park product_tag-sabana-de-la-mar product_tag-samana-excursions product_tag-samana-tours has-post-thumbnail sale shipping-taxable product-type-external\">\n\t<div class=\"mkdf-pl-inner\"><div class=\"mkdf-pl-image\"><div class=\"mkdf-pl-text\"><div class=\"mkdf-pl-text-outer\"><div class=\"mkdf-pl-text-inner\"><a href=\"https:\/\/bookingadventures.tours\/booking.php?tour_id=76244158e4bf48f84872b711d82fa754\" data-quantity=\"1\" class=\"button wp-element-button product_type_external\" data-product_id=\"8237\" data-product_sku=\"\" aria-label=\"BOKA NU\" rel=\"nofollow noopener\">BOKA NU<\/a><\/div><\/div><\/div><\/div><a href=\"https:\/\/www.boattoursamana.com\/sv\/turne\/kajakpaddling-i-los-haitises-med-tur-guide-fran-cano-hondo-2\" class=\"woocommerce-LoopProduct-link woocommerce-loop-product__link\"><\/a><\/div><div class=\"mkdf-pl-text-wrapper\"><div class=\"mkdf-pl-rating-holder\"><\/div><h4 class=\"mkdf-product-list-title\"><a href=\"https:\/\/www.boattoursamana.com\/sv\/turne\/kajakpaddling-i-los-haitises-med-tur-guide-fran-cano-hondo-2\">2 timmars kajakpaddling i Los Haitises<\/a><\/h4>\n\t<span class=\"price\"><del aria-hidden=\"true\"><span class=\"woocommerce-Price-amount amount\"><bdi><span class=\"woocommerce-Price-currencySymbol\">&#36;<\/span>59.00<\/bdi><\/span><\/del> <ins><span class=\"woocommerce-Price-amount amount\"><bdi><span class=\"woocommerce-Price-currencySymbol\">&#36;<\/span>43.50<\/bdi><\/span><\/ins><\/span>\n<\/div><\/li><li class=\"product type-product post-8855 status-publish instock product_cat-kayaking product_cat-1-sabana-de-la-mar product_cat-kayaking-los-haitises product_cat-tours-excursions-los-haitises-national-park product_cat-tours-excursions-samana-bay-dominican-republic product_tag-cano-hondo product_tag-cano-hondo-hotel product_tag-day-tour-cano-hondo product_tag-kayak-dominican-republic product_tag-kayaking-dominican-republic product_tag-kayaking-los-haitises product_tag-kayaks product_tag-los-haitises product_tag-los-haitises-national-park product_tag-los-haitises-tours product_tag-private-tours-samana product_tag-sabana-de-la-mar product_tag-samana-bay product_tag-samana-excursions has-post-thumbnail sale sold-individually shipping-taxable product-type-external\">\n\t<div class=\"mkdf-pl-inner\"><div class=\"mkdf-pl-image\"><div class=\"mkdf-pl-text\"><div class=\"mkdf-pl-text-outer\"><div class=\"mkdf-pl-text-inner\"><a href=\"https:\/\/bookingadventures.tours\/booking.php?tour_id=a9cb493d865c3629426ab07d6bacff97\" data-quantity=\"1\" class=\"button wp-element-button product_type_external\" data-product_id=\"8855\" data-product_sku=\"\" aria-label=\"BOKA NU\" rel=\"nofollow noopener\">BOKA NU<\/a><\/div><\/div><\/div><\/div><a href=\"https:\/\/www.boattoursamana.com\/sv\/turne\/kajakpaddling-i-los-haitises-med-reseledare-fran-cano-hondo-4-timmar\" class=\"woocommerce-LoopProduct-link woocommerce-loop-product__link\"><\/a><\/div><div class=\"mkdf-pl-text-wrapper\"><div class=\"mkdf-pl-rating-holder\"><\/div><h4 class=\"mkdf-product-list-title\"><a href=\"https:\/\/www.boattoursamana.com\/sv\/turne\/kajakpaddling-i-los-haitises-med-reseledare-fran-cano-hondo-4-timmar\">4 timmars kajakpaddling i Los Haitises<\/a><\/h4>\n\t<span class=\"price\"><del aria-hidden=\"true\"><span class=\"woocommerce-Price-amount amount\"><bdi><span class=\"woocommerce-Price-currencySymbol\">&#36;<\/span>70.00<\/bdi><\/span><\/del> <ins><span class=\"woocommerce-Price-amount amount\"><bdi><span class=\"woocommerce-Price-currencySymbol\">&#36;<\/span>53.50<\/bdi><\/span><\/ins><\/span>\n<\/div><\/li><li class=\"product type-product post-9453 status-publish instock product_cat-1-sabana-de-la-mar product_cat-lunch product_cat-natural-pools-los-haitises product_cat-uncategorized product_tag-altos-cano-hondo product_tag-cano-hondo product_tag-cano-hondo-day-pass product_tag-cano-hondo-sabana-de-la-mar product_tag-los-haitises product_tag-los-haitises-national-park product_tag-los-haitises-tours product_tag-paraiso-cano-hondo product_tag-parque-los-haitises product_tag-sabana-de-la-mar product_tag-samana product_tag-samana-tours has-post-thumbnail sale sold-individually shipping-taxable product-type-external\">\n\t<div class=\"mkdf-pl-inner\"><div class=\"mkdf-pl-image\"><div class=\"mkdf-pl-text\"><div class=\"mkdf-pl-text-outer\"><div class=\"mkdf-pl-text-inner\"><a href=\"https:\/\/bookingadventures.tours\/booking.php?tour_id=3719146a2c28905b1a2543d5d4629073\" data-quantity=\"1\" class=\"button wp-element-button product_type_external\" data-product_id=\"9453\" data-product_sku=\"\" aria-label=\"BOKA NU\" rel=\"nofollow noopener\">BOKA NU<\/a><\/div><\/div><\/div><\/div><a href=\"https:\/\/www.boattoursamana.com\/sv\/turne\/dag-pass-cano-hondo-naturpooler-lunch-inkluderat-3\" class=\"woocommerce-LoopProduct-link woocommerce-loop-product__link\"><\/a><\/div><div class=\"mkdf-pl-text-wrapper\"><div class=\"mkdf-pl-rating-holder\"><\/div><h4 class=\"mkdf-product-list-title\"><a href=\"https:\/\/www.boattoursamana.com\/sv\/turne\/dag-pass-cano-hondo-naturpooler-lunch-inkluderat-3\">Dagspass Ca\u00f1o Hondo - naturliga pooler och lunch ing\u00e5r<\/a><\/h4>\n\t<span class=\"price\"><del aria-hidden=\"true\"><span class=\"woocommerce-Price-amount amount\"><bdi><span class=\"woocommerce-Price-currencySymbol\">&#36;<\/span>40.00<\/bdi><\/span><\/del> <ins><span class=\"woocommerce-Price-amount amount\"><bdi><span class=\"woocommerce-Price-currencySymbol\">&#36;<\/span>25.00<\/bdi><\/span><\/ins><\/span>\n<\/div><\/li><li class=\"product type-product post-8219 status-publish last instock product_cat-tours-excursions-samana-bay-dominican-republic product_cat-1-samana product_cat-boat-trip-los-haitises product_cat-caves product_cat-hiking product_cat-kayaking product_cat-local-tour-guides product_cat-lunch product_cat-mangroves product_cat-natural-pools-los-haitises product_cat-swimming-natural-springs product_cat-tours-and-excursions product_cat-tours-excursions-los-haitises-national-park product_tag-cano-hondo product_tag-cano-hondo-hotel product_tag-cano-hondo-tours product_tag-day-tour-cano-hondo product_tag-los-haitises product_tag-los-haitises-national-park product_tag-mangroves-los-haitises product_tag-samana-bay product_tag-samana-excursions product_tag-samana-tours has-post-thumbnail sale sold-individually shipping-taxable product-type-external\">\n\t<div class=\"mkdf-pl-inner\"><div class=\"mkdf-pl-image\"><div class=\"mkdf-pl-text\"><div class=\"mkdf-pl-text-outer\"><div class=\"mkdf-pl-text-inner\"><a href=\"https:\/\/bookingadventures.tours\/booking.php?tour_id=115599b2f3856c5f8f20eead7f885855\" data-quantity=\"1\" class=\"button wp-element-button product_type_external\" data-product_id=\"8219\" data-product_sku=\"\" aria-label=\"BOKA NU\" rel=\"nofollow noopener\">BOKA NU<\/a><\/div><\/div><\/div><\/div><a href=\"https:\/\/www.boattoursamana.com\/sv\/turne\/los-haitises-nationalpark-lunch-at-cano-hondo-from-samana-port-2\" class=\"woocommerce-LoopProduct-link woocommerce-loop-product__link\"><\/a><\/div><div class=\"mkdf-pl-text-wrapper\"><div class=\"mkdf-pl-rating-holder\"><\/div><h4 class=\"mkdf-product-list-title\"><a href=\"https:\/\/www.boattoursamana.com\/sv\/turne\/los-haitises-nationalpark-lunch-at-cano-hondo-from-samana-port-2\">Los Haitises nationalpark + lunch p\u00e5 Ca\u00f1o Hondo fr\u00e5n Saman\u00e1 hamn.<\/a><\/h4>\n\t<span class=\"price\"><del aria-hidden=\"true\"><span class=\"woocommerce-Price-amount amount\"><bdi><span class=\"woocommerce-Price-currencySymbol\">&#36;<\/span>150.00<\/bdi><\/span><\/del> <ins><span class=\"woocommerce-Price-amount amount\"><bdi><span class=\"woocommerce-Price-currencySymbol\">&#36;<\/span>97.50<\/bdi><\/span><\/ins><\/span>\n<\/div><\/li><\/ul>\n<\/div><\/div><\/div><\/div><\/div><div class=\"vc_row wpb_row vc_row-fluid\" ><div class=\"wpb_column vc_column_container vc_col-sm-12\"><div class=\"vc_column-inner\"><div class=\"wpb_wrapper\"><\/div><\/div><\/div><\/div>","protected":false},"excerpt":{"rendered":"<p>Lowest price to visit Los Haitises National Park from La Romana with Locals. The Trip starts in the Main Port of\u00a0 The Haitises National Park. The trip can start from 6:00 Am to\u00a0 8:00 am. Pick up at La Romana areas. Local Tour Guide that knows the original History of the gorgeous National Park will be on your trip. n nAfter we start from the Main port of Los Haitises National Park name Ca\u00f1o Hondo (Deep Creek) on a BOAT [&hellip;]<\/p>\n","protected":false},"author":2,"featured_media":0,"parent":0,"menu_order":0,"comment_status":"open","ping_status":"closed","template":"","meta":{"footnotes":""},"class_list":["post-15826","page","type-page","status-publish","hentry"],"_links":{"self":[{"href":"https:\/\/www.boattoursamana.com\/sv\/wp-json\/wp\/v2\/pages\/15826","targetHints":{"allow":["GET"]}}],"collection":[{"href":"https:\/\/www.boattoursamana.com\/sv\/wp-json\/wp\/v2\/pages"}],"about":[{"href":"https:\/\/www.boattoursamana.com\/sv\/wp-json\/wp\/v2\/types\/page"}],"author":[{"embeddable":true,"href":"https:\/\/www.boattoursamana.com\/sv\/wp-json\/wp\/v2\/users\/2"}],"replies":[{"embeddable":true,"href":"https:\/\/www.boattoursamana.com\/sv\/wp-json\/wp\/v2\/comments?post=15826"}],"version-history":[{"count":0,"href":"https:\/\/www.boattoursamana.com\/sv\/wp-json\/wp\/v2\/pages\/15826\/revisions"}],"wp:attachment":[{"href":"https:\/\/www.boattoursamana.com\/sv\/wp-json\/wp\/v2\/media?parent=15826"}],"curies":[{"name":"wp","href":"https:\/\/api.w.org\/{rel}","templated":true}]}}