{"id":644,"date":"2017-08-07T13:32:44","date_gmt":"2017-08-07T13:32:44","guid":{"rendered":"http:\/\/roam.mikado-themes.com\/?page_id=644"},"modified":"2020-07-11T14:29:40","modified_gmt":"2020-07-11T14:29:40","slug":"what-we-offer","status":"publish","type":"page","link":"https:\/\/www.boattoursamana.com\/sv\/vad-vi-erbjuder","title":{"rendered":"Vad vi erbjuder"},"content":{"rendered":"<div class=\"mkdf-row-grid-section-wrapper\"  ><div class=\"mkdf-row-grid-section\"><div class=\"vc_row wpb_row vc_row-fluid vc_custom_1591875763632\" ><div class=\"wpb_column vc_column_container vc_col-sm-12\"><div class=\"vc_column-inner\"><div class=\"wpb_wrapper\"><div class=\"mkdf-section-title-holder\" style=\"text-align: center\">\n\t<div class=\"mkdf-st-inner\">\n\t\t\t\t\t<h5 class=\"mkdf-st-subtitle\" >\n\t\t\t\tVi \u00e4r annorlunda ...\t\t\t<\/h5>\n\t\t\t\t\t\t\t<h3 class=\"mkdf-st-title\" style=\"color: #444444\">\n\t\t\t\tF\u00f6r att vi bryr oss\t\t\t<\/h3>\n\t\t\t\t\t\t\t<p class=\"mkdf-st-text\" style=\"font-size: 16px\">\n\t\t\t\tVi behandlar inte bara v\u00e5ra kunder som bes\u00f6kare i Dominikanska republiken, vi ser dem som internationella resen\u00e4rer som v\u00e4ntar p\u00e5 sitt livs semester och det \u00e4r vad vi levererar! Det progressiva och dynamiska tillv\u00e4gag\u00e5ngss\u00e4ttet hos v\u00e5rt expertteam g\u00f6r att du kan vara s\u00e4ker p\u00e5 att vi 100% \u00e4r fast beslutna att ge dig, dina v\u00e4nner eller din familj en smidig och professionell service.\t\t\t<\/p>\n\t\t\t<\/div>\n<\/div><div class=\"vc_separator wpb_content_element vc_separator_align_center vc_sep_width_100 vc_sep_pos_align_center vc_custom_1592667744152 vc_separator-has-text\" ><span class=\"vc_sep_holder vc_sep_holder_l\"><span  style=\"border-color:#ff681a;\" class=\"vc_sep_line\"><\/span><\/span><h4>Hundratals utflykter, turer och aktiviteter f\u00f6r att du ska kunna njuta av Dominikanska republiken maximalt!<\/h4><span class=\"vc_sep_holder vc_sep_holder_r\"><span  style=\"border-color:#ff681a;\" class=\"vc_sep_line\"><\/span><\/span>\n<\/div><\/div><\/div><\/div><\/div><\/div><\/div><div class=\"mkdf-row-grid-section-wrapper mkdf-content-aligment-center\"  ><div class=\"mkdf-row-grid-section\"><div class=\"vc_row wpb_row vc_row-fluid vc_custom_1591875648069\" ><div class=\"wpb_column vc_column_container vc_col-sm-6\"><div class=\"vc_column-inner\"><div class=\"wpb_wrapper\"><div class=\"mkdf-iwt clearfix  mkdf-iwt-icon-top mkdf-iwt-icon-medium\">\n\t<div class=\"mkdf-iwt-icon\">\n\t\t\t\t\t\t\t\t\t    <span class=\"mkdf-icon-shortcode mkdf-circle   mkdf-icon-medium\" style=\"width: 100px;height: 100px;line-height: 100px;background-color: #ff681a\" data-color=\"#ffffff\">\n                    <span aria-hidden=\"true\" class=\"mkdf-icon-font-elegant icon_chat mkdf-icon-element\" style=\"color: #ffffff;font-size:34px\" ><\/span>\n                            <span class=\"mkdf-icon-shortcode-hover-layer\" ><\/span>\n            \n            <\/span>\n\t\t\t\t\t\t<\/div>\n\t<div class=\"mkdf-iwt-content\" >\n\t\t\t\t\t<h6 class=\"mkdf-iwt-title\" >\n\t\t\t\t\t\t\t\t<span class=\"mkdf-iwt-title-text\">Lokala guider<\/span>\n\t\t\t\t\t\t\t<\/h6>\n\t\t\t\t\t\t\t<p class=\"mkdf-iwt-text\" >Professionella guider som talar ditt spr\u00e5k<\/p>\n\t\t\t<\/div>\n<\/div><div class=\"vc_empty_space\"   style=\"height: 40px\"><span class=\"vc_empty_space_inner\"><\/span><\/div><\/div><\/div><\/div><div class=\"wpb_column vc_column_container vc_col-sm-6\"><div class=\"vc_column-inner\"><div class=\"wpb_wrapper\"><div class=\"mkdf-iwt clearfix  mkdf-iwt-icon-top mkdf-iwt-icon-medium\">\n\t<div class=\"mkdf-iwt-icon\">\n\t\t\t\t\t\t\t\t\t    <span class=\"mkdf-icon-shortcode mkdf-circle   mkdf-icon-medium\" style=\"width: 100px;height: 100px;line-height: 100px;background-color: #ff681a\" data-color=\"#ffffff\">\n                    <span aria-hidden=\"true\" class=\"mkdf-icon-font-elegant icon_pencil-edit mkdf-icon-element\" style=\"color: #ffffff;font-size:34px\" ><\/span>\n                            <span class=\"mkdf-icon-shortcode-hover-layer\" ><\/span>\n            \n            <\/span>\n\t\t\t\t\t\t<\/div>\n\t<div class=\"mkdf-iwt-content\" >\n\t\t\t\t\t<h6 class=\"mkdf-iwt-title\" >\n\t\t\t\t\t\t\t\t<span class=\"mkdf-iwt-title-text\">Anpassade upplevelser<\/span>\n\t\t\t\t\t\t\t<\/h6>\n\t\t\t\t\t\t\t<p class=\"mkdf-iwt-text\" >Skapa din egen upplevelse som \u00e4r skr\u00e4ddarsydd efter dina intressen, behov och din budget.<\/p>\n\t\t\t<\/div>\n<\/div><div class=\"vc_empty_space\"   style=\"height: 40px\"><span class=\"vc_empty_space_inner\"><\/span><\/div><\/div><\/div><\/div><div class=\"wpb_column vc_column_container vc_col-sm-6\"><div class=\"vc_column-inner\"><div class=\"wpb_wrapper\"><div class=\"mkdf-iwt clearfix  mkdf-iwt-icon-top mkdf-iwt-icon-medium\">\n\t<div class=\"mkdf-iwt-icon\">\n\t\t\t\t\t\t\t\t\t    <span class=\"mkdf-icon-shortcode mkdf-circle   mkdf-icon-medium\" style=\"width: 100px;height: 100px;line-height: 100px;background-color: #ff681a\" data-color=\"#ffffff\">\n                    <i class=\"mkdf-icon-font-awesome fa fa-car mkdf-icon-element\" style=\"color: #ffffff;font-size:34px\" ><\/i>\n                            <span class=\"mkdf-icon-shortcode-hover-layer\" ><\/span>\n            \n            <\/span>\n\t\t\t\t\t\t<\/div>\n\t<div class=\"mkdf-iwt-content\" >\n\t\t\t\t\t<h6 class=\"mkdf-iwt-title\" >\n\t\t\t\t\t\t\t\t<span class=\"mkdf-iwt-title-text\">Privat \u00f6verf\u00f6ring<\/span>\n\t\t\t\t\t\t\t<\/h6>\n\t\t\t\t\t\t\t<p class=\"mkdf-iwt-text\" >Professionella f\u00f6rare med din s\u00e4kerhet och komfort i fokus.<\/p>\n\t\t\t<\/div>\n<\/div><div class=\"vc_empty_space\"   style=\"height: 40px\"><span class=\"vc_empty_space_inner\"><\/span><\/div><\/div><\/div><\/div><div class=\"wpb_column vc_column_container vc_col-sm-6\"><div class=\"vc_column-inner\"><div class=\"wpb_wrapper\"><div class=\"mkdf-iwt clearfix  mkdf-iwt-icon-top mkdf-iwt-icon-medium\">\n\t<div class=\"mkdf-iwt-icon\">\n\t\t\t\t\t\t\t\t\t    <span class=\"mkdf-icon-shortcode mkdf-circle   mkdf-icon-medium\" style=\"width: 100px;height: 100px;line-height: 100px;background-color: #ff681a\" data-color=\"#ffffff\">\n                    <span aria-hidden=\"true\" class=\"mkdf-icon-linear-icons lnr lnr-map-marker mkdf-icon-element\" style=\"color: #ffffff;font-size:34px\" ><\/span>\n                            <span class=\"mkdf-icon-shortcode-hover-layer\" ><\/span>\n            \n            <\/span>\n\t\t\t\t\t\t<\/div>\n\t<div class=\"mkdf-iwt-content\" >\n\t\t\t\t\t<h6 class=\"mkdf-iwt-title\" >\n\t\t\t\t\t\t\t\t<span class=\"mkdf-iwt-title-text\">Vackra platser<\/span>\n\t\t\t\t\t\t\t<\/h6>\n\t\t\t\t\t\t\t<p class=\"mkdf-iwt-text\" >Uppt\u00e4ck hemliga platser med oss och njut p\u00e5 egen hand f\u00f6r att f\u00e5 maximalt<\/p>\n\t\t\t<\/div>\n<\/div><div class=\"vc_empty_space\"   style=\"height: 40px\"><span class=\"vc_empty_space_inner\"><\/span><\/div><\/div><\/div><\/div><\/div><\/div><\/div><div class=\"vc_row wpb_row vc_row-fluid\" ><div class=\"wpb_column vc_column_container vc_col-sm-12\"><div class=\"vc_column-inner vc_custom_1591878564878\"><div class=\"wpb_wrapper\"><div class=\"vc_separator wpb_content_element vc_separator_align_center vc_sep_width_100 vc_sep_border_width_2 vc_sep_pos_align_center vc_separator_no_text vc_custom_1591878577227  vc_custom_1591878577227\" ><span class=\"vc_sep_holder vc_sep_holder_l\"><span  style=\"border-color:#ff681a;\" class=\"vc_sep_line\"><\/span><\/span><span class=\"vc_sep_holder vc_sep_holder_r\"><span  style=\"border-color:#ff681a;\" class=\"vc_sep_line\"><\/span><\/span>\n<\/div><\/div><\/div><\/div><\/div><div class=\"mkdf-row-grid-section-wrapper\"  ><div class=\"mkdf-row-grid-section\"><div class=\"vc_row wpb_row vc_row-fluid vc_custom_1591878662778 vc_row-has-fill\" ><div class=\"wpb_column vc_column_container vc_col-sm-12 vc_col-has-fill\"><div class=\"vc_column-inner vc_custom_1591880860838\"><div class=\"wpb_wrapper\"><div class=\"mkdf-elements-holder   mkdf-two-columns  mkdf-responsive-mode-1024\" ><div class=\"mkdf-eh-item\"  data-item-class=\"mkdf-eh-custom-8634\" data-1024-1280=\"0px 5% 34px 0\" data-768-1024=\"78px 12% 19px 0\" data-680-768=\"78px 12% 19px 0\" data-680=\"78px 0% 19px 0\">\n\t<div class=\"mkdf-eh-item-inner\">\n\t\t<div class=\"mkdf-eh-item-content mkdf-eh-custom-8634\" style=\"padding: 0px 12% 41px 0\">\n\t\t\t<div class=\"mkdf-section-title-holder\" style=\"text-align: center\">\n\t<div class=\"mkdf-st-inner\">\n\t\t\t\t\t<h5 class=\"mkdf-st-subtitle\" >\n\t\t\t\tEnkelt, snabbt och s\u00e4kert\t\t\t<\/h5>\n\t\t\t\t\t\t\t<h3 class=\"mkdf-st-title\" >\n\t\t\t\tBoka online\t\t\t<\/h3>\n\t\t\t\t\t<\/div>\n<\/div><div class=\"vc_empty_space\"   style=\"height: 10px\"><span class=\"vc_empty_space_inner\"><\/span><\/div>\n\t<div class=\"wpb_text_column wpb_content_element\" >\n\t\t<div class=\"wpb_wrapper\">\n\t\t\t<p>Det \u00e4r enkelt, snabbt och s\u00e4kert att boka online hos oss. <strong>Vi erbjuder 3 olika typer av betalningsmetoder<\/strong>. Boka din tur eller utflykt online och <strong>spara din plats<\/strong>. Om du beh\u00f6ver hj\u00e4lp \u00e4r det bara att kontakta v\u00e5ra kundtj\u00e4nstspecialister som \u00e4r online dygnet runt och redo att hj\u00e4lpa dig. <strong>L\u00e4s mer<\/strong> om bokningsprocessen hos oss.<\/p>\n<p style=\"text-align: center;\"><a href=\"https:\/\/www.boattoursamana.com\/sv\/online-bokning\/\"><a itemprop=\"url\" href=\"https:\/\/www.boattoursamana.com\/sv\/online-bokning\/\" target=\"_self\"  class=\"mkdf-btn mkdf-btn-large mkdf-btn-solid mkdf-btn-custom-hover-bg mkdf-btn-custom-hover-color\" data-hover-color=\"#ffffff\" data-hover-bg-color=\"#000000\" >\n    <span class=\"mkdf-btn-text\">L\u00e4s mer<\/span>\n    <i class=\"mkdf-icon-font-awesome fa\" ><\/i><\/a><\/a><\/p>\n\n\t\t<\/div>\n\t<\/div>\n\t\t<\/div>\n\t<\/div>\n<\/div><div class=\"mkdf-eh-item\"  data-item-class=\"mkdf-eh-custom-8073\" data-1024-1280=\"95px 1% 115px\" data-768-1024=\"40px 0 115px\" data-680-768=\"40px 0 115px\" data-680=\"40px 0 115px\">\n\t<div class=\"mkdf-eh-item-inner\">\n\t\t<div class=\"mkdf-eh-item-content mkdf-eh-custom-8073\" style=\"padding: 95px 0 115px\">\n\t\t\t<div class=\"mkdf-progress-bar\">\n\t<h6 class=\"mkdf-pb-title-holder\" >\n\t\t<span class=\"mkdf-pb-title\">SNABB BOKNING<\/span>\n\t\t<span class=\"mkdf-pb-percent\">0<\/span>\n\t<\/h6>\n\t<div class=\"mkdf-pb-content-holder\" >\n\t\t<div data-percentage=\"100\" class=\"mkdf-pb-content\" ><\/div>\n\t<\/div>\n<\/div><div class=\"vc_empty_space\"   style=\"height: 20px\"><span class=\"vc_empty_space_inner\"><\/span><\/div><div class=\"mkdf-progress-bar\">\n\t<h6 class=\"mkdf-pb-title-holder\" >\n\t\t<span class=\"mkdf-pb-title\">S\u00e4ker och trygg betalning<\/span>\n\t\t<span class=\"mkdf-pb-percent\">0<\/span>\n\t<\/h6>\n\t<div class=\"mkdf-pb-content-holder\" >\n\t\t<div data-percentage=\"100\" class=\"mkdf-pb-content\" ><\/div>\n\t<\/div>\n<\/div><div class=\"vc_empty_space\"   style=\"height: 20px\"><span class=\"vc_empty_space_inner\"><\/span><\/div><div class=\"mkdf-progress-bar\">\n\t<h6 class=\"mkdf-pb-title-holder\" >\n\t\t<span class=\"mkdf-pb-title\">Avbokning SKYDD<\/span>\n\t\t<span class=\"mkdf-pb-percent\">0<\/span>\n\t<\/h6>\n\t<div class=\"mkdf-pb-content-holder\" >\n\t\t<div data-percentage=\"100\" class=\"mkdf-pb-content\" ><\/div>\n\t<\/div>\n<\/div><div class=\"vc_empty_space\"   style=\"height: 20px\"><span class=\"vc_empty_space_inner\"><\/span><\/div><div class=\"mkdf-progress-bar\">\n\t<h6 class=\"mkdf-pb-title-holder\" >\n\t\t<span class=\"mkdf-pb-title\">ST\u00d6DTEAM<\/span>\n\t\t<span class=\"mkdf-pb-percent\">0<\/span>\n\t<\/h6>\n\t<div class=\"mkdf-pb-content-holder\" >\n\t\t<div data-percentage=\"100\" class=\"mkdf-pb-content\" ><\/div>\n\t<\/div>\n<\/div>\t\t<\/div>\n\t<\/div>\n<\/div><\/div><\/div><\/div><\/div><\/div><\/div><\/div><div class=\"vc_row wpb_row vc_row-fluid\" ><div class=\"wpb_column vc_column_container vc_col-sm-12\"><div class=\"vc_column-inner vc_custom_1591880937669\"><div class=\"wpb_wrapper\"><div class=\"vc_separator wpb_content_element vc_separator_align_center vc_sep_width_100 vc_sep_border_width_2 vc_sep_pos_align_center vc_separator_no_text\" ><span class=\"vc_sep_holder vc_sep_holder_l\"><span  style=\"border-color:#ff681a;\" class=\"vc_sep_line\"><\/span><\/span><span class=\"vc_sep_holder vc_sep_holder_r\"><span  style=\"border-color:#ff681a;\" class=\"vc_sep_line\"><\/span><\/span>\n<\/div><\/div><\/div><\/div><\/div><div class=\"vc_row wpb_row vc_row-fluid\" ><div class=\"wpb_column vc_column_container vc_col-sm-12\"><div class=\"vc_column-inner\"><div class=\"wpb_wrapper\"><div class=\"mkdf-section-title-holder\" style=\"text-align: center\">\n\t<div class=\"mkdf-st-inner\">\n\t\t\t\t\t<h5 class=\"mkdf-st-subtitle\" >\n\t\t\t\tUppt\u00e4ck lokala f\u00f6retag\t\t\t<\/h5>\n\t\t\t\t\t\t\t<h3 class=\"mkdf-st-title\" >\n\t\t\t\tHitta topprankade restauranger, butiker och platser att g\u00e5 till\t\t\t<\/h3>\n\t\t\t\t\t<\/div>\n<\/div><div class=\"vc_empty_space\"   style=\"height: 32px\"><span class=\"vc_empty_space_inner\"><\/span><\/div><\/div><\/div><\/div><\/div><div class=\"vc_row wpb_row vc_row-fluid vc_custom_1594477758900 vc_row-o-full-height vc_row-o-columns-middle vc_row-flex\" style=\"background-image: url(https:\/\/www.boattoursamana.com\/wp-content\/uploads\/2017\/08\/home-2-slider-image-1-4.jpg)\"><div class=\"wpb_column vc_column_container vc_col-sm-12\"><div class=\"vc_column-inner vc_custom_1591878623025\"><div class=\"wpb_wrapper\"><div class=\"mkdf-elements-holder   mkdf-five-columns  mkdf-responsive-mode-1024\" ><div class=\"mkdf-eh-item   mkdf-horizontal-alignment-center\"  data-item-class=\"mkdf-eh-custom-6490\"   data-768-1024=\"0 0 40px\" data-680-768=\"0 0 40px\" data-680=\"0 0 40px\">\n\t<div class=\"mkdf-eh-item-inner\">\n\t\t<div class=\"mkdf-eh-item-content mkdf-eh-custom-6490\" style=\"padding: 0\">\n\t\t\t<div class=\"mkdf-counter-holder\">\n\t<div class=\"mkdf-counter-inner\">\n\t\t\t\t\t<span class=\"mkdf-counter mkdf-zero-counter\" style=\"font-size: 65px;color: #ffffff\">100<\/span>\n\t\t\t\t\t\t\t<span class=\"mkdf-counter-symbol\" style=\"font-size: 65px;color: #ffffff\">\n\t\t\t+\t\t<\/span>\n\t\t\t\t\t\t\t\t\t\t<h6 class=\"mkdf-counter-title\" style=\"color: #ffffff\">\n\t\t\t\tTURER OCH UTFLYKTER\t\t\t<\/h6>\n\t\t\t\t\t<\/div>\n<\/div><div class=\"vc_empty_space\"   style=\"height: 100px\"><span class=\"vc_empty_space_inner\"><\/span><\/div><div class=\"mkdf-counter-holder\">\n\t<div class=\"mkdf-counter-inner\">\n\t\t\t\t\t<span class=\"mkdf-counter mkdf-zero-counter\" style=\"font-size: 65px;color: #ffffff\">10<\/span>\n\t\t\t\t\t\t\t<span class=\"mkdf-counter-symbol\" style=\"font-size: 65px;color: #ffffff\">\n\t\t\tK\t\t<\/span>\n\t\t\t\t\t\t\t\t\t\t<h6 class=\"mkdf-counter-title\" style=\"color: #ffffff\">\n\t\t\t\tSHOPPING\t\t\t<\/h6>\n\t\t\t\t\t<\/div>\n<\/div><div class=\"vc_empty_space\"   style=\"height: 80px\"><span class=\"vc_empty_space_inner\"><\/span><\/div>\t\t<\/div>\n\t<\/div>\n<\/div><div class=\"mkdf-eh-item   mkdf-horizontal-alignment-center\"  data-item-class=\"mkdf-eh-custom-6107\"   data-768-1024=\"0 0 40px\" data-680-768=\"0 0 40px\" data-680=\"0 0 40px\">\n\t<div class=\"mkdf-eh-item-inner\">\n\t\t<div class=\"mkdf-eh-item-content mkdf-eh-custom-6107\" style=\"padding: 0\">\n\t\t\t<div class=\"mkdf-counter-holder\">\n\t<div class=\"mkdf-counter-inner\">\n\t\t\t\t\t<span class=\"mkdf-counter mkdf-zero-counter\" style=\"font-size: 65px;color: #ffffff\">500<\/span>\n\t\t\t\t\t\t\t<span class=\"mkdf-counter-symbol\" style=\"font-size: 65px;color: #ffffff\">\n\t\t\t+\t\t<\/span>\n\t\t\t\t\t\t\t\t\t\t<h6 class=\"mkdf-counter-title\" style=\"color: #ffffff\">\n\t\t\t\t\u00d6VERF\u00d6RINGAR\t\t\t<\/h6>\n\t\t\t\t\t<\/div>\n<\/div><div class=\"vc_empty_space\"   style=\"height: 100px\"><span class=\"vc_empty_space_inner\"><\/span><\/div><div class=\"mkdf-counter-holder\">\n\t<div class=\"mkdf-counter-inner\">\n\t\t\t\t\t<span class=\"mkdf-counter mkdf-zero-counter\" style=\"font-size: 65px;color: #ffffff\">5000<\/span>\n\t\t\t\t\t\t\t<span class=\"mkdf-counter-symbol\" style=\"font-size: 65px;color: #ffffff\">\n\t\t\t+\t\t<\/span>\n\t\t\t\t\t\t\t\t\t\t<h6 class=\"mkdf-counter-title\" style=\"color: #ffffff\">\n\t\t\t\tRESTAURANGER\t\t\t<\/h6>\n\t\t\t\t\t<\/div>\n<\/div><div class=\"vc_empty_space\"   style=\"height: 80px\"><span class=\"vc_empty_space_inner\"><\/span><\/div>\t\t<\/div>\n\t<\/div>\n<\/div><div class=\"mkdf-eh-item   mkdf-horizontal-alignment-center\"  data-item-class=\"mkdf-eh-custom-5826\"   data-768-1024=\"0 0 40px\" data-680-768=\"0 0 40px\" data-680=\"0 0 40px\">\n\t<div class=\"mkdf-eh-item-inner\">\n\t\t<div class=\"mkdf-eh-item-content mkdf-eh-custom-5826\" style=\"padding: 0\">\n\t\t\t<div class=\"mkdf-counter-holder\">\n\t<div class=\"mkdf-counter-inner\">\n\t\t\t\t\t<span class=\"mkdf-counter mkdf-zero-counter\" style=\"font-size: 65px;color: #ffffff\">11<\/span>\n\t\t\t\t\t\t\t<span class=\"mkdf-counter-symbol\" style=\"font-size: 65px;color: #ffffff\">\n\t\t\tK\t\t<\/span>\n\t\t\t\t\t\t\t\t\t\t<h6 class=\"mkdf-counter-title\" style=\"color: #ffffff\">\n\t\t\t\tBOENDE\t\t\t<\/h6>\n\t\t\t\t\t<\/div>\n<\/div><div class=\"vc_empty_space\"   style=\"height: 100px\"><span class=\"vc_empty_space_inner\"><\/span><\/div><div class=\"mkdf-counter-holder\">\n\t<div class=\"mkdf-counter-inner\">\n\t\t\t\t\t<span class=\"mkdf-counter mkdf-zero-counter\" style=\"font-size: 65px;color: #ffffff\">100<\/span>\n\t\t\t\t\t\t\t<span class=\"mkdf-counter-symbol\" style=\"font-size: 65px;color: #ffffff\">\n\t\t\t+\t\t<\/span>\n\t\t\t\t\t\t\t\t\t\t<h6 class=\"mkdf-counter-title\" style=\"color: #ffffff\">\n\t\t\t\tEVENEMANG\t\t\t<\/h6>\n\t\t\t\t\t<\/div>\n<\/div><div class=\"vc_empty_space\"   style=\"height: 80px\"><span class=\"vc_empty_space_inner\"><\/span><\/div>\t\t<\/div>\n\t<\/div>\n<\/div><div class=\"mkdf-eh-item   mkdf-horizontal-alignment-center\"  data-item-class=\"mkdf-eh-custom-3441\"   data-768-1024=\"0 0 40px\" data-680-768=\"0 0 40px\" data-680=\"0 0 40px\">\n\t<div class=\"mkdf-eh-item-inner\">\n\t\t<div class=\"mkdf-eh-item-content mkdf-eh-custom-3441\" style=\"padding: 0\">\n\t\t\t<div class=\"mkdf-counter-holder\">\n\t<div class=\"mkdf-counter-inner\">\n\t\t\t\t\t<span class=\"mkdf-counter mkdf-zero-counter\" style=\"font-size: 65px;color: #ffffff\">100<\/span>\n\t\t\t\t\t\t\t<span class=\"mkdf-counter-symbol\" style=\"font-size: 65px;color: #ffffff\">\n\t\t\tK\t\t<\/span>\n\t\t\t\t\t\t\t\t\t\t<h6 class=\"mkdf-counter-title\" style=\"color: #ffffff\">\n\t\t\t\tPLATSER\t\t\t<\/h6>\n\t\t\t\t\t<\/div>\n<\/div><div class=\"vc_empty_space\"   style=\"height: 100px\"><span class=\"vc_empty_space_inner\"><\/span><\/div><div class=\"mkdf-counter-holder\">\n\t<div class=\"mkdf-counter-inner\">\n\t\t\t\t\t<span class=\"mkdf-counter mkdf-zero-counter\" style=\"font-size: 65px;color: #ffffff\">20<\/span>\n\t\t\t\t\t\t\t<span class=\"mkdf-counter-symbol\" style=\"font-size: 65px;color: #ffffff\">\n\t\t\tK\t\t<\/span>\n\t\t\t\t\t\t\t\t\t\t<h6 class=\"mkdf-counter-title\" style=\"color: #ffffff\">\n\t\t\t\tANDRA TJ\u00c4NSTER\t\t\t<\/h6>\n\t\t\t\t\t<\/div>\n<\/div><div class=\"vc_empty_space\"   style=\"height: 90px\"><span class=\"vc_empty_space_inner\"><\/span><\/div>\t\t<\/div>\n\t<\/div>\n<\/div><\/div><\/div><\/div><\/div><\/div><div class=\"vc_row wpb_row vc_row-fluid vc_custom_1591880412702\" ><div class=\"wpb_column vc_column_container vc_col-sm-12\"><div class=\"vc_column-inner\"><div class=\"wpb_wrapper\"><div class=\"mkdf-section-title-holder\" style=\"text-align: center\">\n\t<div class=\"mkdf-st-inner\">\n\t\t\t\t\t<h5 class=\"mkdf-st-subtitle\" >\n\t\t\t\tDominikanska republiken\t\t\t<\/h5>\n\t\t\t\t\t\t\t<h3 class=\"mkdf-st-title\" >\n\t\t\t\tNytt projekt Silven International\t\t\t<\/h3>\n\t\t\t\t\t\t\t<p class=\"mkdf-st-text\" >\n\t\t\t\tAllt p\u00e5 ett och samma st\u00e4lle! Hitta topprankade restauranger, \u00f6vernattningsst\u00e4llen, hotell osv. Kolla de b\u00e4sta st\u00e4llena f\u00f6r shopping, hitta alla tj\u00e4nster. Annonsera ditt f\u00f6retag gratis hos oss.\t\t\t<\/p>\n\t\t\t<\/div>\n<\/div><div class=\"vc_empty_space\"   style=\"height: 40px\"><span class=\"vc_empty_space_inner\"><\/span><\/div><\/div><\/div><\/div><\/div><div data-vc-full-width=\"true\" data-vc-full-width-init=\"false\" data-vc-parallax=\"1.5\" data-vc-parallax-o-fade=\"on\" data-vc-parallax-image=\"\" class=\"vc_row wpb_row vc_row-fluid vc_row-has-fill vc_row-o-full-height vc_row-o-columns-middle vc_row-flex vc_general vc_parallax vc_parallax-content-moving-fade js-vc_parallax-o-fade\" ><div class=\"wpb_column vc_column_container vc_col-sm-12\"><div class=\"vc_column-inner vc_custom_1591808456895\"><div class=\"wpb_wrapper\"><div class=\"vc_row wpb_row vc_inner vc_row-fluid\" ><div class=\"wpb_column vc_column_container vc_col-sm-6\"><div class=\"vc_column-inner\"><div class=\"wpb_wrapper\">\n\t<div class=\"wpb_text_column wpb_content_element\" >\n\t\t<div class=\"wpb_wrapper\">\n\t\t\t<h3><span style=\"color: #ffffff;\">Effektivisera din verksamhet<\/span><\/h3>\n<p><span style=\"color: #ffffff;\">Vi \u00e4r lokala agenter med full service som vet hur man hittar m\u00e4nniskor och bost\u00e4der tillsammans. Vi anv\u00e4nder onlineverktyg med en o\u00f6vertr\u00e4ffad s\u00f6kkapacitet f\u00f6r att g\u00f6ra dig smartare och snabbare. Som ett resultat f\u00e5r du din listning f\u00f6r hotell, restauranger, transferer, turer och utflykter f\u00f6r att st\u00f6dja dina costumers.<\/span><\/p>\n<h3><span style=\"color: #ffffff;\">Anspr\u00e5k p\u00e5 listor<\/span><\/h3>\n<p><span style=\"color: #ffffff;\">F\u00f6r att st\u00f6dja sm\u00e5 f\u00f6retag fr\u00e5n lokalbefolkningen har vi m\u00f6jlighet att g\u00f6ra anspr\u00e5k p\u00e5 ditt eget f\u00f6retag, t.ex. hotell, restaurang eller marknad i Dominikanska republiken.<\/span><\/p>\n<p>&nbsp;<\/p>\n<p style=\"text-align: left;\"><a itemprop=\"url\" href=\"https:\/\/dominican-republic-hotels.com\/\" target=\"_self\" style=\"color: #ffffff;font-size: 14px\" class=\"mkdf-btn mkdf-btn-large mkdf-btn-solid mkdf-btn-custom-hover-color\" data-hover-color=\"#000000\" rel=\"noopener\">\n    <span class=\"mkdf-btn-text\">Kom ig\u00e5ng<\/span>\n    <i class=\"mkdf-icon-font-awesome fa\" ><\/i><\/a><\/p>\n\n\t\t<\/div>\n\t<\/div>\n<\/div><\/div><\/div><div class=\"wpb_column vc_column_container vc_col-sm-6\"><div class=\"vc_column-inner\"><div class=\"wpb_wrapper\"><\/div><\/div><\/div><div class=\"wpb_column vc_column_container vc_col-sm-12\"><div class=\"vc_column-inner\"><div class=\"wpb_wrapper\"><\/div><\/div><\/div><\/div><\/div><\/div><\/div><\/div><div class=\"vc_row-full-width vc_clearfix\"><\/div><div class=\"vc_row wpb_row vc_row-fluid\" ><div class=\"wpb_column vc_column_container vc_col-sm-4\"><div class=\"vc_column-inner\"><div class=\"wpb_wrapper\"><div class=\"mkdf-iwt clearfix  mkdf-iwt-icon-top mkdf-iwt-icon-medium\">\n\t<div class=\"mkdf-iwt-icon\">\n\t\t\t\t\t\t\t\t\t<img loading=\"lazy\" decoding=\"async\" width=\"65\" height=\"65\" src=\"https:\/\/www.boattoursamana.com\/wp-content\/uploads\/2020\/06\/hp-24-7-customer-support.png\" class=\"attachment-full size-full\" alt=\"\" title=\"\">\t\t\t\t\t\t<\/div>\n\t<div class=\"mkdf-iwt-content\" >\n\t\t\t\t\t<h6 class=\"mkdf-iwt-title\" >\n\t\t\t\t\t\t\t\t<span class=\"mkdf-iwt-title-text\">KUNDSUPPORT DYGNET RUNT<\/span>\n\t\t\t\t\t\t\t<\/h6>\n\t\t\t\t\t<\/div>\n<\/div><div class=\"vc_empty_space\"   style=\"height: 40px\"><span class=\"vc_empty_space_inner\"><\/span><\/div><\/div><\/div><\/div><div class=\"wpb_column vc_column_container vc_col-sm-4\"><div class=\"vc_column-inner\"><div class=\"wpb_wrapper\"><div class=\"mkdf-iwt clearfix  mkdf-iwt-icon-top mkdf-iwt-icon-medium\">\n\t<div class=\"mkdf-iwt-icon\">\n\t\t\t\t\t\t\t\t\t<img loading=\"lazy\" decoding=\"async\" width=\"65\" height=\"65\" src=\"https:\/\/www.boattoursamana.com\/wp-content\/uploads\/2020\/06\/hp-verified-customer-reviews.png\" class=\"attachment-full size-full\" alt=\"\" title=\"\">\t\t\t\t\t\t<\/div>\n\t<div class=\"mkdf-iwt-content\" >\n\t\t\t\t\t<h6 class=\"mkdf-iwt-title\" >\n\t\t\t\t\t\t\t\t<span class=\"mkdf-iwt-title-text\">VERIFIERADE KUNDRECENSIONER<\/span>\n\t\t\t\t\t\t\t<\/h6>\n\t\t\t\t\t<\/div>\n<\/div><div class=\"vc_empty_space\"   style=\"height: 40px\"><span class=\"vc_empty_space_inner\"><\/span><\/div><\/div><\/div><\/div><div class=\"wpb_column vc_column_container vc_col-sm-4\"><div class=\"vc_column-inner\"><div class=\"wpb_wrapper\"><div class=\"mkdf-iwt clearfix  mkdf-iwt-icon-top mkdf-iwt-icon-medium\">\n\t<div class=\"mkdf-iwt-icon\">\n\t\t\t\t\t\t\t\t\t<img loading=\"lazy\" decoding=\"async\" width=\"65\" height=\"65\" src=\"https:\/\/www.boattoursamana.com\/wp-content\/uploads\/2020\/06\/hp-hand-picked-guides.png\" class=\"attachment-full size-full\" alt=\"\" title=\"\">\t\t\t\t\t\t<\/div>\n\t<div class=\"mkdf-iwt-content\" >\n\t\t\t\t\t<h6 class=\"mkdf-iwt-title\" >\n\t\t\t\t\t\t\t\t<span class=\"mkdf-iwt-title-text\">L\u00c4GSTA PRISER<\/span>\n\t\t\t\t\t\t\t<\/h6>\n\t\t\t\t\t<\/div>\n<\/div><div class=\"vc_empty_space\"   style=\"height: 40px\"><span class=\"vc_empty_space_inner\"><\/span><\/div><\/div><\/div><\/div><\/div>","protected":false},"excerpt":{"rendered":"We are different ... Because we care We don't simply treat our clients as visitors to Dominican Republic, we see them as international travelers awaiting the vacation of a lifetime and that is what we deliver! The progressive and dynamic approach of our team of experts ensures that you can be assured of our 100% commitment to providing a seamless and professional service to you, your friends or family. Hundreds of excursions, tours and activities for you to enjoy the [...]","protected":false},"author":2,"featured_media":0,"parent":0,"menu_order":0,"comment_status":"closed","ping_status":"closed","template":"full-width.php","meta":{"footnotes":""},"class_list":["post-644","page","type-page","status-publish","hentry"],"_links":{"self":[{"href":"https:\/\/www.boattoursamana.com\/sv\/wp-json\/wp\/v2\/pages\/644","targetHints":{"allow":["GET"]}}],"collection":[{"href":"https:\/\/www.boattoursamana.com\/sv\/wp-json\/wp\/v2\/pages"}],"about":[{"href":"https:\/\/www.boattoursamana.com\/sv\/wp-json\/wp\/v2\/types\/page"}],"author":[{"embeddable":true,"href":"https:\/\/www.boattoursamana.com\/sv\/wp-json\/wp\/v2\/users\/2"}],"replies":[{"embeddable":true,"href":"https:\/\/www.boattoursamana.com\/sv\/wp-json\/wp\/v2\/comments?post=644"}],"version-history":[{"count":0,"href":"https:\/\/www.boattoursamana.com\/sv\/wp-json\/wp\/v2\/pages\/644\/revisions"}],"wp:attachment":[{"href":"https:\/\/www.boattoursamana.com\/sv\/wp-json\/wp\/v2\/media?parent=644"}],"curies":[{"name":"wp","href":"https:\/\/api.w.org\/{rel}","templated":true}]}}