{"id":11698,"date":"2020-11-17T18:37:10","date_gmt":"2020-11-17T18:37:10","guid":{"rendered":"https:\/\/www.ticketswhales.com\/?post_type=product&#038;p=11698"},"modified":"2023-11-07T21:29:33","modified_gmt":"2023-11-07T21:29:33","slug":"live-the-jungle-in-los-haitises-waterfalls-yanigua","status":"publish","type":"product","link":"https:\/\/www.boattoursamana.com\/sv\/turne\/bo-i-djungeln-i-los-haitises-vattenfall-yanigua","title":{"rendered":"Lev i djungeln i Los Haitises vattenfall Yanigua"},"content":{"rendered":"<div class=\"vc_row wpb_row vc_row-fluid\" ><div class=\"wpb_column vc_column_container vc_col-sm-12\"><div class=\"vc_column-inner\"><div class=\"wpb_wrapper\"><div class=\"mkdf-section-title-holder\" style=\"text-align: left\">\n\t<div class=\"mkdf-st-inner\">\n\t\t\t\t\t<h5 class=\"mkdf-st-subtitle\" >\n\t\t\t\tLev i djungeln i Los Haitises vattenfall\t\t\t<\/h5>\n\t\t\t\t\t\t\t<h3 class=\"mkdf-st-title\" >\n\t\t\t\tNationalparken Los Haitises\t\t\t<\/h3>\n\t\t\t\t\t<\/div>\n<\/div><div class=\"vc_btn3-container vc_btn3-inline\" ><button class=\"vc_general vc_btn3 vc_btn3-size-md vc_btn3-shape-rounded vc_btn3-style-modern vc_btn3-color-green\">BOKA NU<\/button><\/div><\/div><\/div><\/div><\/div><div class=\"vc_row wpb_row vc_row-fluid\" ><div class=\"wpb_column vc_column_container vc_col-sm-12\"><div class=\"vc_column-inner\"><div class=\"wpb_wrapper\">\n\t<div class=\"wpb_text_column wpb_content_element\" >\n\t\t<div class=\"wpb_wrapper\">\n\t\t\t<h4><\/h4>\n<h2><strong>Att leva i djungeln i Los Haitises vattenfall<\/strong><\/h2>\n<h4><b><i>\u00d6versikt <\/i><\/b><\/h4>\n<p><span style=\"font-weight: 400;\">Fly staden f\u00f6r att f\u00f6rdjupa dig i ekoturismen i provinsen Hato Mayor, den f\u00f6rsta ekoturismprovinsen i Dominikanska republiken. <\/span><span style=\"font-weight: 400;\">F\u00f6lj med oss och njut av det s\u00f6ta vattnet i Yaniguafloden, d\u00e4r El Salto och Rancho Yanigua ligger, platsen \u00e4r l\u00e4ttillg\u00e4nglig, omgiven av buskar och med mineralkol och bl\u00e5 lera i sina vatten, Yanigua \u00e4r samtidigt en vattenamfiteatern, genom att bilda jordskred eller spridning som liknar vita trappsteg, vilket ger en imponerande och spektakul\u00e4r utsikt f\u00f6r bes\u00f6karen.<\/span><\/p>\n<p>&nbsp;<\/p>\n<p><span style=\"font-weight: 400;\">En legend s\u00e4ger att vattnet i Yanigua \u00e4r d\u00e4r ciguapas tv\u00e4ttar och garvar sina manar med lera, som antas alltid ha funnits i omr\u00e5det. <\/span><span style=\"font-weight: 400;\">Under aktiviteten njut av ett terapeutiskt lerbad f\u00f6r att f\u00f6ryngra, bota akne, exfoliera, bota artrit, blodcirkulationen och \u00e5teruppliva kroppens energier. <\/span><span style=\"font-weight: 400;\">Ocks\u00e5 fr\u00e5n Tarzans hus med glasbotten, byggt p\u00e5 ett tr\u00e4d med en h\u00f6jd lika med en 7-v\u00e5ningsbyggnad. Du k\u00e4nner till kulturen i b\u00e4rnsten och kakao.<\/span><\/p>\n<p>&nbsp;<\/p>\n<h2><strong>Aktiviteten inkluderar:<\/strong><\/h2>\n<p>&nbsp;<\/p>\n<ul>\n<li style=\"font-weight: 400;\"><span style=\"font-weight: 400;\">Transfer fr\u00e5n Sabana de la Mar por<\/span><\/li>\n<li style=\"font-weight: 400;\"><span style=\"font-weight: 400;\">Vandring<\/span><\/li>\n<li style=\"font-weight: 400;\"><span style=\"font-weight: 400;\">River lera mask\u00a0<\/span><\/li>\n<li style=\"font-weight: 400;\"><span style=\"font-weight: 400;\">Lunchbuff\u00e9<\/span><\/li>\n<li style=\"font-weight: 400;\"><span style=\"font-weight: 400;\">Tr\u00e4dkoja med glasgolv<\/span><\/li>\n<li style=\"font-weight: 400;\"><span style=\"font-weight: 400;\">Kakaoprocess<\/span><\/li>\n<li style=\"font-weight: 400;\"><span style=\"font-weight: 400;\">Ekologiskt kaffe<\/span><\/li>\n<li style=\"font-weight: 400;\"><span style=\"font-weight: 400;\">Vattenfall<\/span><\/li>\n<li style=\"font-weight: 400;\"><span style=\"font-weight: 400;\">\u00a0Nationell turistguide<\/span><\/li>\n<li style=\"font-weight: 400;\"><span style=\"font-weight: 400;\">\u00a0Wifi<\/span><\/li>\n<li style=\"font-weight: 400;\"><span style=\"font-weight: 400;\">Ambar Rock-butiker<\/span><\/li>\n<\/ul>\n<p>&nbsp;<\/p>\n<p><b>Observera:<\/b><\/p>\n<p><span style=\"font-weight: 400;\">I Salto och Rancho Yanigua finns ingen telefonsignal, det \u00e4r viktigt att ta h\u00e4nsyn till extern kommunikation, men vi har ett eget privat n\u00e4tverk med internet f\u00f6r allm\u00e4nheten<\/span><\/p>\n<p>&nbsp;<\/p>\n<h4><em><strong>Vad ska du ta med dig?<\/strong><\/em><\/h4>\n<ul>\n<li style=\"font-weight: 400;\"><span style=\"font-weight: 400;\">Kamera<\/span><\/li>\n<li style=\"font-weight: 400;\"><span style=\"font-weight: 400;\">Repellerande knoppar<\/span><\/li>\n<li style=\"font-weight: 400;\"><span style=\"font-weight: 400;\">Solkr\u00e4m<\/span><\/li>\n<li style=\"font-weight: 400;\"><span style=\"font-weight: 400;\">Hatt<\/span><\/li>\n<li style=\"font-weight: 400;\"><span style=\"font-weight: 400;\">Bekv\u00e4ma byxor<\/span><\/li>\n<li style=\"font-weight: 400;\"><span style=\"font-weight: 400;\">Vandringsskor f\u00f6r skogen<\/span><\/li>\n<li style=\"font-weight: 400;\"><span style=\"font-weight: 400;\">Sandaler till v\u00e5romr\u00e5dena.<\/span><\/li>\n<li style=\"font-weight: 400;\"><span style=\"font-weight: 400;\">Badkl\u00e4der<\/span><\/li>\n<\/ul>\n<p>&nbsp;<\/p>\n<h4><b><i>H\u00e4mtning p\u00e5 hotellet <\/i><\/b><\/h4>\n<p><span style=\"font-weight: 400;\">H\u00e4mtning p\u00e5 hotell erbjuds inte f\u00f6r den h\u00e4r turen. <\/span><\/p>\n<p>&nbsp;<\/p>\n<p><b>Observera:<\/b><span style=\"font-weight: 400;\"> Om du bokar inom 24 timmar f\u00f6re turens\/utflyktens avg\u00e5ngstid kan vi ordna h\u00e4mtning p\u00e5 hotellet mot en extra avgift. N\u00e4r ditt k\u00f6p \u00e4r klart skickar vi dig fullst\u00e4ndig kontaktinformation (telefonnummer, e-postadress etc.) till v\u00e5r lokala guide f\u00f6r att organisera upph\u00e4mtning.<\/span><\/p>\n<h4><b><i>Ytterligare information Bekr\u00e4ftelse <\/i><\/b><\/h4>\n<ol>\n<li>Biljetterna \u00e4r kvittot efter att du har betalat denna turn\u00e9. Du kan visa betalningen p\u00e5 din telefon.<\/li>\n<li style=\"font-weight: 400;\"><span style=\"font-weight: 400;\">M\u00f6tesplatsen kommer att meddelas efter bokningsprocessen.<\/span><\/li>\n<li style=\"font-weight: 400;\"><span style=\"font-weight: 400;\">Barn m\u00e5ste \u00e5tf\u00f6ljas av en vuxen.<\/span><\/li>\n<li style=\"font-weight: 400;\"><span style=\"font-weight: 400;\"> Inte rullstolsanpassad <\/span><\/li>\n<li style=\"font-weight: 400;\"><span style=\"font-weight: 400;\">Sp\u00e4dbarn m\u00e5ste sitta i kn\u00e4vecken <\/span><\/li>\n<li style=\"font-weight: 400;\"><span style=\"font-weight: 400;\">Rekommenderas inte f\u00f6r resen\u00e4rer med ryggproblem<\/span><\/li>\n<li style=\"font-weight: 400;\"><span style=\"font-weight: 400;\">Rekommenderas inte f\u00f6r gravida resen\u00e4rer <\/span><\/li>\n<li style=\"font-weight: 400;\"><span style=\"font-weight: 400;\"> Inga hj\u00e4rtproblem eller andra allvarliga medicinska tillst\u00e5nd <\/span><\/li>\n<li style=\"font-weight: 400;\"><span style=\"font-weight: 400;\">De flesta resen\u00e4rer kan delta<\/span><\/li>\n<\/ol>\n<h4><b><i>Avbokningspolicy<\/i><\/b><\/h4>\n<p>F\u00f6r full \u00e5terbetalning, l\u00e4s v\u00e5r policy f\u00f6r avbokningar.\u00a0<a href=\"https:\/\/www.boattoursamana.com\/sv\/online-bokning\/\" target=\"_blank\" rel=\"noopener\" data-saferedirecturl=\"https:\/\/www.google.com\/url?q=https:\/\/www.boattoursamana.com\/online-booking\/&amp;source=gmail&amp;ust=1672449202351000&amp;usg=AOvVaw1yAeVAPktmaVCqDujgUn90\">Klicka h\u00e4r<\/a>. Pengarna g\u00e5r f\u00f6rlorade om bokningen avbokas samma dag som resan \u00e4ger rum.<\/p>\n<h4><\/h4>\n\n\t\t<\/div>\n\t<\/div>\n<\/div><\/div><\/div><\/div><div class=\"vc_row wpb_row vc_row-fluid\" ><div class=\"wpb_column vc_column_container vc_col-sm-12\"><div class=\"vc_column-inner\"><div class=\"wpb_wrapper\"><div class=\"vc_empty_space\"   style=\"height: 32px\"><span class=\"vc_empty_space_inner\"><\/span><\/div>\n\t<div class=\"wpb_text_column wpb_content_element\" >\n\t\t<div class=\"wpb_wrapper\">\n\t\t\t<h4>Kontakta oss?<\/h4>\n<h5>Bokning av \u00e4ventyr<\/h5>\n<p><em><strong>Lokalbefolkningen<\/strong>\u00a0och\u00a0<strong>Nationals<\/strong>\u00a0Guider och g\u00e4stservice<\/em><\/p>\n<p><span class=\"text-turquoise\">Reservationer:<\/span>\u00a0Turer och utflykter i Dom. Rep.<\/p>\n<p><img decoding=\"async\" class=\"emoji\" draggable=\"false\" src=\"https:\/\/s.w.org\/images\/core\/emoji\/11.2.0\/svg\/1f4de.svg\" alt=\"\ud83d\udcde\" title=\"\">\u00a0Telefon \/ Whatsapp\u00a0\u00a0<a href=\"tel:+1-809-720-6035\">+1-809-720-6035<\/a>.<\/p>\n<p><img decoding=\"async\" class=\"emoji\" draggable=\"false\" src=\"https:\/\/s.w.org\/images\/core\/emoji\/11.2.0\/svg\/1f4e9.svg\" alt=\"\ud83d\udce9\" title=\"\">\u00a0<a href=\"mailto:info@bookingadventures.com.do\">info@bookingadventures.com.do<\/a><\/p>\n<p><strong>Vi \u00e4r flexibla n\u00e4r det g\u00e4ller att st\u00e4lla in privata turer via Whatsapp:\u00a0<a href=\"tel:+18097206035\">+18097206035.<\/a><\/strong><\/p>\n\n\t\t<\/div>\n\t<\/div>\n<div class=\"vc_empty_space\"   style=\"height: 32px\"><span class=\"vc_empty_space_inner\"><\/span><\/div><\/div><\/div><\/div><\/div><div class=\"vc_row wpb_row vc_row-fluid\" ><div class=\"wpb_column vc_column_container vc_col-sm-12\"><div class=\"vc_column-inner\"><div class=\"wpb_wrapper\"><div class=\"vc_btn3-container vc_btn3-inline\" ><button class=\"vc_general vc_btn3 vc_btn3-size-md vc_btn3-shape-rounded vc_btn3-style-modern vc_btn3-color-green\">BOKA NU<\/button><\/div><\/div><\/div><\/div><\/div>","protected":false},"excerpt":{"rendered":"<p><span style=\"font-weight: 400;\"><span style=\"vertical-align: inherit;\"><span style=\"vertical-align: inherit;\">Vattenfall, Ambars Rock, Natural Mud Maks och en tr\u00e4dkoja p\u00e5 ett st\u00e4lle. Fly staden f\u00f6r att f\u00f6rdjupa dig i ekoturismen i provinsen Hato Mayor, den f\u00f6rsta ekoturismprovinsen i Dominikanska republiken. F\u00f6lj med oss och njut av det svala vattnet i Yaniguafloden, d\u00e4r El Salto och Rancho Yanigua ligger, platsen \u00e4r l\u00e4ttillg\u00e4nglig, omgiven av buskar, och med mineralkol och bl\u00e5 lera i sina vatten \u00e4r Yanigua samtidigt en amfiteater av vatten,<\/span><\/span><\/span>bildar jordskred eller rekreation som liknar vita trappsteg, vilket ger en imponerande och spektakul\u00e4r utsikt f\u00f6r bes\u00f6karen.<\/p>\n<p><em><strong>V\u00e4lj datum f\u00f6r turn\u00e9n:<\/strong><\/em><\/p>","protected":false},"featured_media":11730,"template":"","meta":[],"product_cat":[839,946,927],"product_tag":[236,223,174,840,171,613,580,581,209,440,574,614,175,186,200,187],"class_list":["post-11698","product","type-product","status-publish","has-post-thumbnail","hentry","product_cat-los-haitises-excursion","product_cat-1-sabana-de-la-mar","product_cat-hiking-los-haitises","product_tag-birdwatching","product_tag-cayo-levantado","product_tag-eco-tours","product_tag-live-the-jungle-in-los-haitises-waterfalls","product_tag-los-haitises","product_tag-los-haitises-excursiones","product_tag-los-haitises-excursions","product_tag-los-haitises-mapa","product_tag-los-haitises-national-park","product_tag-los-haitises-national-park-map","product_tag-los-haitises-national-park-tour-from-santo-domingo","product_tag-los-haitises-samana","product_tag-sabana-de-la-mar","product_tag-samana","product_tag-samana-excursions","product_tag-samana-tours"],"_links":{"self":[{"href":"https:\/\/www.boattoursamana.com\/sv\/wp-json\/wp\/v2\/product\/11698","targetHints":{"allow":["GET"]}}],"collection":[{"href":"https:\/\/www.boattoursamana.com\/sv\/wp-json\/wp\/v2\/product"}],"about":[{"href":"https:\/\/www.boattoursamana.com\/sv\/wp-json\/wp\/v2\/types\/product"}],"wp:featuredmedia":[{"embeddable":true,"href":"https:\/\/www.boattoursamana.com\/sv\/wp-json\/wp\/v2\/media\/11730"}],"wp:attachment":[{"href":"https:\/\/www.boattoursamana.com\/sv\/wp-json\/wp\/v2\/media?parent=11698"}],"wp:term":[{"taxonomy":"product_cat","embeddable":true,"href":"https:\/\/www.boattoursamana.com\/sv\/wp-json\/wp\/v2\/product_cat?post=11698"},{"taxonomy":"product_tag","embeddable":true,"href":"https:\/\/www.boattoursamana.com\/sv\/wp-json\/wp\/v2\/product_tag?post=11698"}],"curies":[{"name":"wp","href":"https:\/\/api.w.org\/{rel}","templated":true}]}}