{"id":12004,"date":"2021-01-16T16:21:26","date_gmt":"2021-01-16T16:21:26","guid":{"rendered":"https:\/\/www.ticketswhales.com\/Tours-Excursions\/uncategorized\/import-placeholder-for-8658\/"},"modified":"2023-11-07T21:11:43","modified_gmt":"2023-11-07T21:11:43","slug":"excursion-whale-watching-cayo-levantado-from-cap-cana-private-tour","status":"publish","type":"product","link":"https:\/\/www.boattoursamana.com\/sv\/turne\/utflykt-valskadning-cayo-levantado-fran-cap-cana-privat-rundtur","title":{"rendered":"Punta Cana \/ Cap Cana: Utflykt till valsk\u00e5dning + Cayo Levantado (privat tur)"},"content":{"rendered":"<div class=\"wpb_column vc_column_container vc_col-sm-12\"><div class=\"vc_column-inner\"><div class=\"wpb_wrapper\"><div class=\"vc_btn3-container vc_btn3-inline\" ><a class=\"vc_general vc_btn3 vc_btn3-size-md vc_btn3-shape-rounded vc_btn3-style-modern vc_btn3-color-green\" href=\"https:\/\/bookingadventures.tours\/booking.php?tour_id=6ed21424a849c63fc6398949d1f80266\" title=\"\" rel=\"noopener\">BOKA NU<\/a><\/div><\/div><\/div><\/div><div class=\"vc_row wpb_row vc_row-fluid\" ><div class=\"wpb_column vc_column_container vc_col-sm-12\"><div class=\"vc_column-inner\"><div class=\"wpb_wrapper\">\n\t<div class=\"wpb_text_column wpb_content_element\" >\n\t\t<div class=\"wpb_wrapper\">\n\t\t\t<div class=\"vc_row wpb_row vc_row-fluid\">\n<div class=\"wpb_column vc_column_container vc_col-sm-12\">\n<div class=\"vc_column-inner\">\n<div class=\"wpb_wrapper\">\n<div class=\"wpb_text_column wpb_content_element\">\n<div class=\"wpb_wrapper\">\n<h3>Valsk\u00e5dning + Cayo Levantado fr\u00e5n Punta Cana\/Cap Cana (privat rundtur)<\/h3>\n<p>Valsk\u00e5dning i Samanabukten med start fr\u00e5n Punta Cana\/Cap Cana hotell i Privat transport. Denna resa startar mellan 06:00 och 8:00 och slutar runt 19:00. Efter att ha avbrutit v\u00e5r b\u00e5t f\u00f6r att bes\u00f6ka valarna i deras egen livsmilj\u00f6. Efter denna valresa kommer vi att bes\u00f6ka Bacardi Island \/ Cayo Levantado (valfritt). P\u00e5 Bacardi Island serveras en lunchbuff\u00e9 av typisk dominikansk stil. N\u00e4r lunchen \u00e4r klar f\u00e5r du bada fram till 16:00. Turen kommer att avslutas i samma hamn d\u00e4r den b\u00f6rjar kl. 17.00. Efter detta tar vi dig tillbaka till ditt hotell.<\/p>\n<p>Obs: Detta \u00e4r en privat rundtur med en minimibetalning p\u00e5 540 USD. Om du \u00e4r mindre \u00e4n 4 personer, v\u00e4nligen kontakta oss s\u00e5 skickar vi en l\u00e4nk till dig d\u00e4r du kan boka denna turn\u00e9.\u00a0<strong><em>F\u00f6r att g\u00e5 med i en grupp f\u00f6r valsk\u00e5dning med upph\u00e4mtning p\u00e5 ditt hotell v\u00e4nligen<\/em>\u00a0<\/strong><a href=\"https:\/\/www.boattoursamana.com\/sv\/Tours-Excursions\/tours-excursions-samana-bay-dominican-republic\/whale-watching-2020-in-punta-cana-to-samana-bay-cayo-levantado-bacardi-island-from-hotels\/\" data-mil=\"12004\">KLICKA H\u00c4R.<\/a><\/p>\n<ul>\n<li>Valsk\u00e5dning Privat resa<\/li>\n<li>Intr\u00e4desavgifter till observatoriet<\/li>\n<li>Inkluderar lunchbuff\u00e9 p\u00e5 stranden<\/li>\n<li>Privat transfer fr\u00e5n hotell<\/li>\n<li>Privat b\u00e5ttransfer<\/li>\n<li>Kaptenen ger instruktioner och \u00f6vervakning<\/li>\n<li>Reseguide<\/li>\n<\/ul>\n<p>&nbsp;<\/p>\n<h4><b>Inkluderat och uteslutet<\/b><\/h4>\n<p>&nbsp;<\/p>\n<p><b>Inkluderat material<\/b><\/p>\n<ol>\n<li>Lunchbuff\u00e9 p\u00e5 stranden<\/li>\n<li>Reseguide<\/li>\n<li>\u00d6verf\u00f6ringsbil<\/li>\n<li>B\u00e5tresa<\/li>\n<li>Alla skatter, avgifter och hanteringsavgifter<\/li>\n<li>Lokala skatter<\/li>\n<li>Drycker<\/li>\n<\/ol>\n<p><b>Undantag<\/b><\/p>\n<ol>\n<li>Dricks<\/li>\n<li>Alkoholhaltiga drycker<\/li>\n<\/ol>\n<p>&nbsp;<\/p>\n<h4><em><strong>Avresa och \u00e5terkomst<\/strong><\/em><\/h4>\n<p>Resen\u00e4ren kommer att f\u00e5 en m\u00f6tesplats efter bokningsprocessen. Turerna startar och slutar vid m\u00f6tesplatsen.<\/p>\n<p>&nbsp;<\/p>\n<h4><b><i>Vad kan man f\u00f6rv\u00e4nta sig?<\/i><\/b><\/h4>\n<p>&nbsp;<\/p>\n<p><em><strong>K\u00f6p dina biljetter<\/strong><\/em>\u00a0f\u00f6r en dag Valsk\u00e5dning privat fr\u00e5n Cap Cana till Samanabukten, plus en underbar lunch och strandtid.<\/p>\n<p>Dagspasset f\u00f6r valsk\u00e5dning, organiserat av &quot;Booking Adventures&quot; b\u00f6rjar vid m\u00f6tesplatsen med reseguiden. Lunch p\u00e5 stranden och du kan stanna s\u00e5 l\u00e4nge du vill simma runt. Om du \u00e4r vegan kan vi ocks\u00e5 st\u00e4lla in lite mat \u00e5t dig.<\/p>\n<p><strong>Tidtabell:<\/strong><\/p>\n<p>Flexibel<\/p>\n<p>&nbsp;<\/p>\n<h4><em><strong>Vad ska du ta med dig?<\/strong><\/em><\/h4>\n<ul>\n<li>Kamera<\/li>\n<li>Repellerande knoppar<\/li>\n<li>Solkr\u00e4m<\/li>\n<li>Hatt<\/li>\n<li>Bekv\u00e4ma byxor<\/li>\n<li>Sandaler till stranden<\/li>\n<li>Badkl\u00e4der<\/li>\n<li>Kontanter f\u00f6r souvenirer<\/li>\n<\/ul>\n<p>&nbsp;<\/p>\n<h4><b><i>H\u00e4mtning p\u00e5 hotellet<\/i><\/b><\/h4>\n<p>Hotellh\u00e4mtning ing\u00e5r f\u00f6r denna turn\u00e9. Vi h\u00e4mtar p\u00e5 vilket hotell som helst i Punta Cana\/Cap Cana-omr\u00e5det.<\/p>\n<p>&nbsp;<\/p>\n<p><b>Observera:<\/b>\u00a0Om du bokar inom 24 timmar f\u00f6re avresan f\u00f6r turen\/utflykten kan vi ordna upph\u00e4mtning p\u00e5 hotellet. N\u00e4r ditt k\u00f6p \u00e4r slutf\u00f6rt skickar vi dig fullst\u00e4ndig kontaktinformation (telefonnummer, e-postadress etc.) f\u00f6r v\u00e5r lokala reseguide f\u00f6r att organisera upph\u00e4mtningsarrangemang.<\/p>\n<h4><b><i>Ytterligare information Bekr\u00e4ftelse<\/i><\/b><\/h4>\n<ol>\n<li>Biljetterna \u00e4r kvittot efter att du har betalat denna turn\u00e9. Du kan visa betalningen p\u00e5 din telefon.<\/li>\n<li>M\u00f6tesplatsen kommer att meddelas efter bokningsprocessen.<\/li>\n<li>Barn m\u00e5ste \u00e5tf\u00f6ljas av en vuxen.<\/li>\n<li>rullstolstillg\u00e4nglig<\/li>\n<li>Sp\u00e4dbarn m\u00e5ste sitta i kn\u00e4vecken<\/li>\n<li>De flesta resen\u00e4rer kan delta<\/li>\n<\/ol>\n<h4><b><i>Avbokningspolicy<\/i><\/b><\/h4>\n<p>F\u00f6r full \u00e5terbetalning m\u00e5ste du avboka minst 24 timmar f\u00f6re startdatumet f\u00f6r upplevelsen.<\/p>\n<\/div>\n<\/div>\n<\/div>\n<\/div>\n<\/div>\n<\/div>\n<div class=\"vc_row wpb_row vc_row-fluid\">\n<div class=\"wpb_column vc_column_container vc_col-sm-12\">\n<div class=\"vc_column-inner\">\n<div class=\"wpb_wrapper\">\n<div class=\"wpb_text_column wpb_content_element\">\n<div class=\"wpb_wrapper\">\n<h4>Kontakta oss?<\/h4>\n<h5><b><i>TUR VALAR SAMANA<\/i><\/b><\/h5>\n<p><em><strong>Lokalbefolkningen<\/strong>\u00a0och\u00a0<strong>Nationals<\/strong>\u00a0Guider och g\u00e4stservice<\/em><\/p>\n<p><span class=\"text-turquoise\">Reservas:<\/span>\u00a0\u00a0Tours y Excursiones en Dom. Reps.<\/p>\n<p><img decoding=\"async\" class=\"emoji\" draggable=\"false\" src=\"https:\/\/s.w.org\/images\/core\/emoji\/11.2.0\/svg\/1f4de.svg\" alt=\"\ud83d\udcde\" title=\"\">\u00a0Telefon \/ Whatsapp\u00a0\u00a0\u00a0<a href=\"tel:+1-809-720-6035\">+ 1-809-720-6035<\/a>\u00a0.<\/p>\n<p data-wp-editing=\"1\"><a href=\"mailto:Reservabatour@gmail.com\"><img decoding=\"async\" class=\"emoji\" draggable=\"false\" src=\"https:\/\/s.w.org\/images\/core\/emoji\/11.2.0\/svg\/1f4e9.svg\" alt=\"\ud83d\udce9\" title=\"\"> Reservabatour@gmail.com<\/a><\/p>\n<p>&nbsp;<\/p>\n<\/div>\n<\/div>\n<\/div>\n<\/div>\n<\/div>\n<\/div>\n\n\t\t<\/div>\n\t<\/div>\n<div class=\"vc_btn3-container vc_btn3-inline\" ><a class=\"vc_general vc_btn3 vc_btn3-size-md vc_btn3-shape-rounded vc_btn3-style-modern vc_btn3-color-green\" href=\"https:\/\/bookingadventures.tours\/booking.php?tour_id=6ed21424a849c63fc6398949d1f80266\" title=\"\" rel=\"noopener\">BOKA NU<\/a><\/div><\/div><\/div><\/div><\/div>","protected":false},"excerpt":{"rendered":"<p>Boka din resa f\u00f6r en valsk\u00e5dningsupplevelse med start fr\u00e5n Cap Cana p\u00e5 en privat resa med professionella milj\u00f6partister. Om du vill kontakta oss f\u00f6r r\u00e5d, v\u00e4nligen skicka ett e-postmeddelande, Whatsapp eller samtal tillg\u00e4ngliga. V\u00e4nligen boka dina biljetter i f\u00f6rv\u00e4g. Under vals\u00e4songen finns det m\u00e5nga bokningar och vi vill g\u00e4rna ha dina biljetter s\u00e4kra f\u00f6r dig.<\/p>\n<p>Obs: Detta \u00e4r en privat rundtur med en minsta betalning p\u00e5 4 . Om du \u00e4r mindre \u00e4n 4 personer, v\u00e4nligen kontakta oss s\u00e5 skickar vi en l\u00e4nk till dig d\u00e4r du kan boka denna turn\u00e9. F\u00f6r att g\u00e5 med i en valsk\u00e5dningsgrupp med h\u00e4mtning fr\u00e5n ditt hotell, KLICKA H\u00c4R.<\/p>\n<p><strong>Observera: Sp\u00e4dbarn (0 \u2013 23 m\u00e5nader) gratis, barn (2 \u2013 10 \u00e5r)<\/strong><\/p>\n<p><em><strong>V\u00e4lj datum f\u00f6r turn\u00e9n:<\/strong><\/em><\/p>","protected":false},"featured_media":13304,"template":"","meta":[],"product_cat":[948,655,854,855,971,968,856,662,942,664],"product_tag":[296,682,683,186,667,342,668,524,669,276,274,525,670],"class_list":["post-12004","product","type-product","status-publish","has-post-thumbnail","hentry","product_cat-1-punta-cana","product_cat-1-samana","product_cat-cap-cana-whale-watching","product_cat-outdoor-activities","product_cat-punta-cana-private-tours","product_cat-punta-cana-whale-watching","product_cat-water-activities","product_cat-whale-watching","product_cat-whale-watching-private-tours","product_cat-whale-watching-punta-cana","product_tag-day-trip-punta-cana","product_tag-private-punta-cana","product_tag-punta-cana-whale-watching","product_tag-samana","product_tag-samana-tour","product_tag-samana-whale-watching","product_tag-whale","product_tag-whale-punta-cana","product_tag-whale-sabana-de-la-mar","product_tag-whale-samana","product_tag-whale-watching-dominican-republic","product_tag-whale-watching-punta-cana","product_tag-whales-trips"],"_links":{"self":[{"href":"https:\/\/www.boattoursamana.com\/sv\/wp-json\/wp\/v2\/product\/12004","targetHints":{"allow":["GET"]}}],"collection":[{"href":"https:\/\/www.boattoursamana.com\/sv\/wp-json\/wp\/v2\/product"}],"about":[{"href":"https:\/\/www.boattoursamana.com\/sv\/wp-json\/wp\/v2\/types\/product"}],"wp:featuredmedia":[{"embeddable":true,"href":"https:\/\/www.boattoursamana.com\/sv\/wp-json\/wp\/v2\/media\/13304"}],"wp:attachment":[{"href":"https:\/\/www.boattoursamana.com\/sv\/wp-json\/wp\/v2\/media?parent=12004"}],"wp:term":[{"taxonomy":"product_cat","embeddable":true,"href":"https:\/\/www.boattoursamana.com\/sv\/wp-json\/wp\/v2\/product_cat?post=12004"},{"taxonomy":"product_tag","embeddable":true,"href":"https:\/\/www.boattoursamana.com\/sv\/wp-json\/wp\/v2\/product_tag?post=12004"}],"curies":[{"name":"wp","href":"https:\/\/api.w.org\/{rel}","templated":true}]}}