{"id":12091,"date":"2021-02-05T16:38:28","date_gmt":"2021-02-05T16:38:28","guid":{"rendered":"https:\/\/www.ticketswhales.com\/?post_type=product&#038;p=12091"},"modified":"2023-11-07T21:00:20","modified_gmt":"2023-11-07T21:00:20","slug":"27-waterfalls-buggies-tour-puerto-plata","status":"publish","type":"product","link":"https:\/\/www.boattoursamana.com\/sv\/turne\/27-vattenfall-buggies-tour-puerto-plata","title":{"rendered":"27 vattenfall Buggies (vandring och bad)"},"content":{"rendered":"<div class=\"vc_row wpb_row vc_row-fluid\" ><div class=\"wpb_column vc_column_container vc_col-sm-12\"><div class=\"vc_column-inner\"><div class=\"wpb_wrapper\"><div class=\"mkdf-section-title-holder\" style=\"text-align: left\">\n\t<div class=\"mkdf-st-inner\">\n\t\t\t\t\t<h5 class=\"mkdf-st-subtitle\" >\n\t\t\t\tLunch ing\u00e5r\t\t\t<\/h5>\n\t\t\t\t\t\t\t<h3 class=\"mkdf-st-title\" >\n\t\t\t\t27 Vattenfall Buggies Tour Puerto Plata\t\t\t<\/h3>\n\t\t\t\t\t<\/div>\n<\/div><div class=\"vc_message_box vc_message_box-standard vc_message_box-rounded vc_color-info\" ><div class=\"vc_message_box-icon\"><i class=\"fas fa-info-circle\"><\/i><\/div><p>Boka bara entr\u00e9biljetter eller med transport : <a href=\"https:\/\/www.boattoursamana.com\/sv\/?s=27+waterfalls&amp;post_type=product&amp;dgwt_wcas=1\">Klicka h\u00e4r.<\/a><\/p>\n<\/div><div class=\"vc_empty_space\"   style=\"height: 32px\"><span class=\"vc_empty_space_inner\"><\/span><\/div><\/div><\/div><\/div><\/div><div class=\"vc_row wpb_row vc_row-fluid\" ><div class=\"wpb_column vc_column_container vc_col-sm-12\"><div class=\"vc_column-inner\"><div class=\"wpb_wrapper\"><div class=\"vc_btn3-container vc_btn3-inline\" ><button class=\"vc_general vc_btn3 vc_btn3-size-md vc_btn3-shape-rounded vc_btn3-style-modern vc_btn3-color-green\">BOKA NU<\/button><\/div>\n\t<div class=\"wpb_text_column wpb_content_element\" >\n\t\t<div class=\"wpb_wrapper\">\n\t\t\t<h2 class=\"ui_header h1 attractions-product-info-ProductTitle__title--1qM0o\">27 Vattenfall Buggies Tour Puerto Plata<\/h2>\n<p><b><i>\u00d6versikt <\/i><\/b><\/p>\n<p>F\u00e5 dina biljetter till Buggies i Puerto Plata med l\u00e4gsta damajagua vattenfall pris. Damajagua omr\u00e5den med de b\u00e4sta <strong data-key=\"puerto plata waterfall excursion\">utflykt till puerto plata vattenfall.\u00a0<\/strong><\/p>\n<p>Det finns inget mer sp\u00e4nnande s\u00e4tt att utforska den vilda dominikanska landsbygden \u00e4n att \u00e5ka med en av dessa buggies p\u00e5 en tur som Locals har presenterat. Ta terr\u00e4ngbanor med 27 vattenfall i skogen som bakgrund, och bada i en flod eller p\u00e5 stranden p\u00e5 detta halvdags\u00e4ventyr p\u00e5 morgonen.<\/p>\n<p>Efter expertinstruktioner \u00e4r det dags att ge sig ut p\u00e5 stigarna och bege sig ut p\u00e5 landsbygden. Du kommer att passera palmlundar, rustik jordbruksmark och byar n\u00e4r du \u00e5ker ner p\u00e5 dammiga djungelstigar - l\u00e5ngt fr\u00e5n den upptrampade v\u00e4gen.<\/p>\n<p>Det kommer att finnas ett par pit stops d\u00e4r du kan ta en f\u00e4rsk kokosn\u00f6t om du k\u00e4nner dig t\u00f6rstig. P\u00e5 ett eller annat s\u00e4tt kommer du ocks\u00e5 att bli smutsig, s\u00e5 ta med badkl\u00e4derna och svalka dig p\u00e5 stranden eller vid en naturlig flod - ett h\u00e4rligt s\u00e4tt att damma av dig. Du f\u00e5r ocks\u00e5 sk\u00f6lja ner en sp\u00e4nnande dag med gratis iskall \u00f6l eller cocktail p\u00e5 basen. Kontakta oss f\u00f6r v\u00e5ra <strong>vattenfall i damajagua och off-road buggy combo<\/strong> .<\/p>\n<ul>\n<li style=\"font-weight: 400;\">Avgifter ing\u00e5r<\/li>\n<li>Lunch<\/li>\n<li>Snacks<\/li>\n<li style=\"font-weight: 400;\">Lokal guide p\u00e5 engelska<\/li>\n<\/ul>\n<p>&nbsp;<\/p>\n<h4><b>Inkluderat och uteslutet<\/b><\/h4>\n<p>&nbsp;<\/p>\n<p><b>Inkluderat material<\/b><\/p>\n<ol>\n<li>Lunch<\/li>\n<li style=\"font-weight: 400;\"><span style=\"font-weight: 400;\">Alla skatter, avgifter och hanteringsavgifter<\/span><\/li>\n<li style=\"font-weight: 400;\"><span style=\"font-weight: 400;\">Lokala skatter<\/span><\/li>\n<li style=\"font-weight: 400;\"><span style=\"font-weight: 400;\">Drycker<\/span><\/li>\n<li>Snacks<\/li>\n<li style=\"font-weight: 400;\"><span style=\"font-weight: 400;\">Alla verksamheter<\/span><\/li>\n<li style=\"font-weight: 400;\"><span style=\"font-weight: 400;\">Lokal guide<\/span><\/li>\n<\/ol>\n<p><b> Undantag<\/b><\/p>\n<ol>\n<li style=\"font-weight: 400;\"><span style=\"font-weight: 400;\">Dricks<\/span><\/li>\n<li>transport (fastst\u00e4lls genom att kontakta oss)<\/li>\n<li style=\"font-weight: 400;\"><span style=\"font-weight: 400;\">Alkoholhaltiga drycker<\/span><\/li>\n<\/ol>\n<p>&nbsp;<\/p>\n<p><em><strong>Avresa och \u00e5terkomst<\/strong><\/em><\/p>\n<p><span style=\"font-weight: 400;\">Resen\u00e4ren f\u00e5r en m\u00f6tesplats efter bokningsprocessen. Turerna b\u00f6rjar och slutar vid din m\u00f6tesplats.<\/span><\/p>\n<h4><\/h4>\n<h3 class=\"ui_header h1 attractions-product-info-ProductTitle__title--1qM0o\">27 vattenfall i damajagua puerto plata turer utflykter<\/h3>\n<p><b><i>Vad kan man f\u00f6rv\u00e4nta sig?<\/i><\/b><\/p>\n<div class=\"apd_content_block\" data-tab=\"TABS_OVERVIEW\"><\/div>\n<div data-tab=\"TABS_WHAT_TO_EXPECT\">\n<div class=\"ui_card attractions-card-CollapsibleProductDetailsCard__cardContainer--3r2wk attractions-card-CollapsibleProductDetailsCard__cleanslateOverrideDT--2AJh0\">\n<div class=\"attractions-card-CollapsibleCard__content--2Ws8q\">\n<div class=\"attractions-card-CollapsibleCard__contentWrap--374jk attractions-card-CollapsibleCard__titleUnderline--1uHze\">\n<div class=\"attractions-card-CollapsibleProductDetailsCard__cardContent--23ext\">\n<div class=\"common-text-ReadMore__readMore--3Iu8c common-text-ReadMore__variantFadeOut--1tInd\">\n<div class=\"common-text-ReadMore__content--2X4LR\">\n<div class=\"ui_columns is-desktop\">\n<div class=\"ui_column\">\n<p>Damajagua Buggy's<\/p>\n<p>Vi startar v\u00e5ra motorer och b\u00f6rjar en sp\u00e4nnande f\u00e4rd genom leriga stigar, tropisk skog och floder. Detta \u00e4r en tur p\u00e5 en och en halv timme som \u00e4r mellan 10 och 15 kilometer l\u00e5ng.<\/p>\n<p>Det f\u00f6rsta stoppet kommer att vara i floden Bajabonico i Bellaco Community. P\u00e5 v\u00e4gen kommer du att kunna plocka upp lite frukt och till och med \u00e4ta lokalproducerad Patty.<\/p>\n<p>Vi forts\u00e4tter p\u00e5 buggyv\u00e4gen till samh\u00e4llena Bajabonico Arriba, d\u00e4r vi kan pr\u00f6va p\u00e5\u00a0 <strong>damajagua vattenfall vattentemperatur .<\/strong> Palmar Grande och Los Felix. N\u00e4r vi k\u00f6r i dessa samh\u00e4llen m\u00e5ste vi s\u00e4nka hastigheten p\u00e5 grund av barnen, djuren och lokalbefolkningen som lever sitt normala liv.<br \/>\nVi g\u00e5r ner fr\u00e5n fordonen och f\u00e5r en chans att simma i flodens s\u00f6tvatten!<br \/>\nP\u00e5 v\u00e4gen tillbaka tar vi en extern v\u00e4g som g\u00f6r att vi kan korsa floden 12 g\u00e5nger i taget.<br \/>\nSlutligen \u00e5terv\u00e4nder vi till m\u00f6tesplatsen och du kan g\u00e5 tillbaka till din bostad och prata med dina v\u00e4nner om den h\u00e4r of\u00f6rgl\u00f6mliga turen.<\/p>\n<\/div>\n<\/div>\n<\/div>\n<\/div>\n<\/div>\n<\/div>\n<\/div>\n<\/div>\n<\/div>\n<p><em><strong>Vad ska du ta med dig?<\/strong><\/em><\/p>\n<ul>\n<li style=\"font-weight: 400;\"><span style=\"font-weight: 400;\">Kamera<\/span><\/li>\n<li style=\"font-weight: 400;\"><span style=\"font-weight: 400;\">Repellerande knoppar<\/span><\/li>\n<li style=\"font-weight: 400;\"><span style=\"font-weight: 400;\">Solkr\u00e4m<\/span><\/li>\n<li style=\"font-weight: 400;\"><span style=\"font-weight: 400;\">Hatt<\/span><\/li>\n<li style=\"font-weight: 400;\"><span style=\"font-weight: 400;\">Bekv\u00e4ma byxor<\/span><\/li>\n<li style=\"font-weight: 400;\"><span style=\"font-weight: 400;\">Vandringsskor f\u00f6r skogen<\/span><\/li>\n<li style=\"font-weight: 400;\"><span style=\"font-weight: 400;\">Sandaler till v\u00e5romr\u00e5dena.<\/span><\/li>\n<li style=\"font-weight: 400;\"><span style=\"font-weight: 400;\">Badkl\u00e4der<\/span><\/li>\n<\/ul>\n<p>&nbsp;<\/p>\n<h3><b><i>H\u00e4mtning p\u00e5 hotellet:\u00a0<\/i><\/b><\/h3>\n<p><span style=\"font-weight: 400;\"><strong>H\u00e4mtning p\u00e5 hotellet \u00e4r inte m\u00f6jligt.<\/strong> som erbjuds f\u00f6r denna resa. Vi ordnar h\u00e4mtning genom att kontakta oss via Whatsapp. Vi har erbjudanden om du kommer fr\u00e5n <strong>Amber Cove 27 vattenfall.\u00a0<\/strong><\/span><\/p>\n<p>&nbsp;<\/p>\n<p><b>Observera:<\/b><span style=\"font-weight: 400;\"> Om du bokar inom 24 timmar f\u00f6re turens\/utflyktens avg\u00e5ngstid kan vi ordna h\u00e4mtning p\u00e5 hotellet mot en extra avgift. N\u00e4r ditt k\u00f6p \u00e4r klart skickar vi dig fullst\u00e4ndig kontaktinformation (telefonnummer, e-postadress etc.) till v\u00e5r lokala guide f\u00f6r att organisera upph\u00e4mtning.<\/span><\/p>\n<p><b><i>Ytterligare information Bekr\u00e4ftelse <\/i><\/b><\/p>\n<ol>\n<li>Biljetter \u00e4r kvittot efter att du har betalat f\u00f6r turen. Du kan visa betalningen p\u00e5 din telefon.<\/li>\n<li style=\"font-weight: 400;\"><span style=\"font-weight: 400;\">M\u00f6tesplatsen kommer att meddelas efter bokningsprocessen.<\/span><\/li>\n<li style=\"font-weight: 400;\"><span style=\"font-weight: 400;\">Barn m\u00e5ste \u00e5tf\u00f6ljas av en vuxen.<\/span><\/li>\n<li style=\"font-weight: 400;\"><span style=\"font-weight: 400;\"> Inte rullstolsanpassad <\/span><\/li>\n<li style=\"font-weight: 400;\"><span style=\"font-weight: 400;\">Sp\u00e4dbarn m\u00e5ste sitta i kn\u00e4vecken <\/span><\/li>\n<li style=\"font-weight: 400;\"><span style=\"font-weight: 400;\">Rekommenderas inte f\u00f6r resen\u00e4rer med ryggproblem<\/span><\/li>\n<li style=\"font-weight: 400;\"><span style=\"font-weight: 400;\">Rekommenderas inte f\u00f6r gravida resen\u00e4rer <\/span><\/li>\n<li style=\"font-weight: 400;\"><span style=\"font-weight: 400;\"> Inga hj\u00e4rtproblem eller andra allvarliga medicinska tillst\u00e5nd <\/span><\/li>\n<li style=\"font-weight: 400;\"><span style=\"font-weight: 400;\">De flesta resen\u00e4rer kan delta<\/span><\/li>\n<\/ol>\n<h4><b><i>Avbokningspolicy<\/i><\/b><\/h4>\n<p>F\u00f6r full \u00e5terbetalning, l\u00e4s v\u00e5r policy f\u00f6r avbokningar.\u00a0<a href=\"https:\/\/www.boattoursamana.com\/sv\/online-bokning\/\" target=\"_blank\" rel=\"noopener\" data-saferedirecturl=\"https:\/\/www.google.com\/url?q=https:\/\/www.boattoursamana.com\/online-booking\/&amp;source=gmail&amp;ust=1672449202351000&amp;usg=AOvVaw1yAeVAPktmaVCqDujgUn90\">Klicka h\u00e4r<\/a>. Pengarna g\u00e5r f\u00f6rlorade om bokningen avbokas samma dag som resan \u00e4ger rum.<\/p>\n<p>&nbsp;<\/p>\n<p><em><strong>Folk s\u00f6ker ocks\u00e5 efter:\u00a0<\/strong><\/em><\/p>\n<p>\u00d6versikt Inkluderingar Undantag Avresa<\/p>\n<p>Inkluderingar Undantag Avresa Retur<\/p>\n<p>damajagua vattenfall d\u00f6dsfall<\/p>\n<p>27 vattenfall dominikanska republiken d\u00f6d<\/p>\n<p>damajagua vattenfall pris<\/p>\n<p>&nbsp;<\/p>\n\n\t\t<\/div>\n\t<\/div>\n<\/div><\/div><\/div><\/div><div class=\"vc_row wpb_row vc_row-fluid\" ><div class=\"wpb_column vc_column_container vc_col-sm-12\"><div class=\"vc_column-inner\"><div class=\"wpb_wrapper\"><div class=\"vc_btn3-container vc_btn3-inline\" ><button class=\"vc_general vc_btn3 vc_btn3-size-md vc_btn3-shape-rounded vc_btn3-style-modern vc_btn3-color-green\">BOKA NU<\/button><\/div>\n\t<div class=\"wpb_video_widget wpb_content_element vc_clearfix   vc_video-aspect-ratio-169 vc_video-el-width-100 vc_video-align-left\" >\n\t\t<div class=\"wpb_wrapper\">\n\t\t\t<h2 class=\"wpb_heading wpb_video_heading\">27 vattenfall i Damajagua Tour fr\u00e5n Puerto Plata:<\/h2>\n\t\t\t<div class=\"wpb_video_wrapper\"><iframe loading=\"lazy\" title=\"27 vattenfall i Damajagua av Booking Adventures &amp; Travel Dominican Republic\" width=\"1100\" height=\"619\" src=\"https:\/\/www.youtube.com\/embed\/AVNh_we_RQE?start=17&feature=oembed\" frameborder=\"0\" allow=\"accelerometer; autoplay; encrypted-media; gyroscope; picture-in-picture\" allowfullscreen><\/iframe><\/div>\n\t\t<\/div>\n\t<\/div>\n<\/div><\/div><\/div><\/div><div class=\"vc_row wpb_row vc_row-fluid\" ><\/div><div class=\"wpb_column vc_column_container vc_col-sm-12\"><div class=\"vc_column-inner\"><div class=\"wpb_wrapper\"><\/div><\/div><\/div><div class=\"vc_empty_space\"   style=\"height: 32px\"><span class=\"vc_empty_space_inner\"><\/span><\/div><div class=\"vc_empty_space\"   style=\"height: 32px\"><span class=\"vc_empty_space_inner\"><\/span><\/div><div class=\"vc_row wpb_row vc_row-fluid\" ><div class=\"wpb_column vc_column_container vc_col-sm-12\"><div class=\"vc_column-inner\"><div class=\"wpb_wrapper\"><div class=\"vc_btn3-container vc_btn3-inline\" ><button class=\"vc_general vc_btn3 vc_btn3-size-md vc_btn3-shape-rounded vc_btn3-style-modern vc_btn3-color-green\">BOKA NU<\/button><\/div><\/div><\/div><\/div><\/div>","protected":false},"excerpt":{"rendered":"<p>Denna utflykt fr\u00e5n 27 vattenfall i Damajagua i Puerto Plata, lunch och rundtur i de 27 vattenfallen, vandra och hoppa till floden.<\/p>\n<p>Ekologisk resa till de 27 vattenfallen i Puerto Plata. Skaffa dina biljetter till en halvdagstur h\u00e4r p\u00e5 Damajagua&#039;s Waterfall 27. Entr\u00e9biljetter med lunch och utflykt inkluderar hoppning och simning i de vackraste vattenfallen i Dominikanska republiken. Vandring och simning med s\u00e4kerhetsutrustning f\u00f6r att f\u00e5 den b\u00e4sta upplevelsen!<\/p>\n<p><strong><span style=\"vertical-align: inherit;\"><span style=\"vertical-align: inherit;\"><span style=\"vertical-align: inherit;\"><span style=\"vertical-align: inherit;\">V\u00e4lj datum f\u00f6r turn\u00e9n:\u00a0<\/span><\/span><\/span><\/span><\/strong><\/p>","protected":false},"featured_media":12093,"template":"","meta":[],"product_cat":[283,947,864,159,253,252],"product_tag":[405,865,403,402,285,407],"class_list":["post-12091","product","type-product","status-publish","has-post-thumbnail","hentry","product_cat-damajagua","product_cat-1-puerto-plata","product_cat-buggies-puerto-plata","product_cat-fees-entrace","product_cat-tours-and-excursions","product_cat-waterfalls","product_tag-amber-cove-excursions","product_tag-buggies-puerto-plata","product_tag-damajagua-national-park","product_tag-how-to-get-to-27-waterfalls-from-puerto-plata","product_tag-puerto-plata","product_tag-things-to-do-in-amber-cove"],"_links":{"self":[{"href":"https:\/\/www.boattoursamana.com\/sv\/wp-json\/wp\/v2\/product\/12091","targetHints":{"allow":["GET"]}}],"collection":[{"href":"https:\/\/www.boattoursamana.com\/sv\/wp-json\/wp\/v2\/product"}],"about":[{"href":"https:\/\/www.boattoursamana.com\/sv\/wp-json\/wp\/v2\/types\/product"}],"wp:featuredmedia":[{"embeddable":true,"href":"https:\/\/www.boattoursamana.com\/sv\/wp-json\/wp\/v2\/media\/12093"}],"wp:attachment":[{"href":"https:\/\/www.boattoursamana.com\/sv\/wp-json\/wp\/v2\/media?parent=12091"}],"wp:term":[{"taxonomy":"product_cat","embeddable":true,"href":"https:\/\/www.boattoursamana.com\/sv\/wp-json\/wp\/v2\/product_cat?post=12091"},{"taxonomy":"product_tag","embeddable":true,"href":"https:\/\/www.boattoursamana.com\/sv\/wp-json\/wp\/v2\/product_tag?post=12091"}],"curies":[{"name":"wp","href":"https:\/\/api.w.org\/{rel}","templated":true}]}}