{"id":12599,"date":"2021-07-14T08:49:06","date_gmt":"2021-07-14T08:49:06","guid":{"rendered":"https:\/\/www.ticketswhales.com\/?post_type=product&#038;p=12599"},"modified":"2023-11-06T14:45:11","modified_gmt":"2023-11-06T14:45:11","slug":"los-haitises-national-park-and-cayo-levantado-from-miches","status":"publish","type":"product","link":"https:\/\/www.boattoursamana.com\/sv\/turne\/los-haitises-nationalpark-och-cayo-levantado-fran-miches-2","title":{"rendered":"Los Haitises nationalpark och Cayo Levantado fr\u00e5n Miches"},"content":{"rendered":"<div class=\"vc_row wpb_row vc_row-fluid\" ><div class=\"wpb_column vc_column_container vc_col-sm-12\"><div class=\"vc_column-inner\"><div class=\"wpb_wrapper\"><div class=\"vc_btn3-container vc_btn3-inline\" ><button class=\"vc_general vc_btn3 vc_btn3-size-md vc_btn3-shape-rounded vc_btn3-style-modern vc_btn3-color-green\">BOKA NU<\/button><\/div>\n\t<div class=\"wpb_text_column wpb_content_element\" >\n\t\t<div class=\"wpb_wrapper\">\n\t\t\t<h2>Los Haitises nationalpark och Cayo Levantado fr\u00e5n Miches-Los Haitises nationalpark och Bacardi Island<\/h2>\n\n\t\t<\/div>\n\t<\/div>\n<\/div><\/div><\/div><\/div><div class=\"vc_row wpb_row vc_row-fluid\" ><div class=\"wpb_column vc_column_container vc_col-sm-12\"><div class=\"vc_column-inner\"><div class=\"wpb_wrapper\">\n\t<div class=\"wpb_text_column wpb_content_element\" >\n\t\t<div class=\"wpb_wrapper\">\n\t\t\t<h4><\/h4>\n<h2>Los Haitises nationalpark och Cayo Levantado fr\u00e5n Miches<\/h2>\n<h4><b><i>\u00d6versikt <\/i><\/b><\/h4>\n<p>H\u00e4mtning p\u00e5 ditt hotell i Miches och bekv\u00e4m transfer till Los Haitises nationalpark fr\u00e5n Punta Cana plus lunch p\u00e5 Bacardi Island.  F\u00f6lj med oss och bes\u00f6k Dominikanska republikens vackraste nationalpark, bes\u00f6k mangrover, grottor och San Lorenzo-bukten och korsa den vackra Saman\u00e1-bukten. Bes\u00f6k Bacardi Island, lunch p\u00e5 stranden och bad p\u00e5 en av de vackraste str\u00e4nderna i Saman\u00e1bukten. Efter detta<\/p>\n<p>Efter denna upplevelse kommer du tillbaka till Sabana de la mar-hamnen och tillbaka till Miches-omr\u00e5det.<\/p>\n<ul>\n<li style=\"font-weight: 400;\">Avgifter ing\u00e5r<\/li>\n<li>Lunch p\u00e5 Bacardi Island ing\u00e5r<\/li>\n<li style=\"font-weight: 400;\"><span style=\"font-weight: 400;\">Guiden inneh\u00e5ller instruktioner och \u00f6vervakning<\/span><\/li>\n<\/ul>\n<p>&nbsp;<\/p>\n<h4><b>Inkluderat och uteslutet<\/b><\/h4>\n<p><b>Inkluderat material<\/b><\/p>\n<ol>\n<li style=\"font-weight: 400;\">Tur i Los Haitises + grottor och piktografer<\/li>\n<li>B\u00e5tresa<\/li>\n<li>Lunch p\u00e5 Cayo Levantado (Bacardi Island) om du vill ha en liknande tur: Los Haitises + Ca\u00f1o Hondo<\/li>\n<li style=\"font-weight: 400;\"><span style=\"font-weight: 400;\">Alla skatter, avgifter och hanteringsavgifter<\/span><\/li>\n<li style=\"font-weight: 400;\"><span style=\"font-weight: 400;\">Lokala skatter<\/span><\/li>\n<li style=\"font-weight: 400;\"><span style=\"font-weight: 400;\">Drycker<\/span><\/li>\n<li style=\"font-weight: 400;\"><span style=\"font-weight: 400;\">Alla verksamheter<\/span><\/li>\n<li style=\"font-weight: 400;\"><span style=\"font-weight: 400;\">Lokal guide<\/span><\/li>\n<\/ol>\n<p><b> Undantag<\/b><\/p>\n<ol>\n<li style=\"font-weight: 400;\"><span style=\"font-weight: 400;\">Dricks<\/span><\/li>\n<li style=\"font-weight: 400;\"><span style=\"font-weight: 400;\">Alkoholhaltiga drycker<\/span><\/li>\n<\/ol>\n<p>&nbsp;<\/p>\n<h4><em><strong>Avresa och \u00e5terkomst<\/strong><\/em><\/h4>\n<p><span style=\"font-weight: 400;\">Resen\u00e4ren f\u00e5r en m\u00f6tesplats efter bokningsprocessen. Turerna b\u00f6rjar och slutar p\u00e5 v\u00e5ra m\u00f6tesplatser.<\/span><\/p>\n<p>&nbsp;<\/p>\n<h2>Los Haitises nationalpark och Cayo Levantado fr\u00e5n Miches<\/h2>\n<h4><b><i>Vad kan man f\u00f6rv\u00e4nta sig?<\/i><\/b><\/h4>\n<p><b><i>V<\/i><\/b>isiting<strong> Nationalparken Los Haitises<\/strong> med en underbar lunch p\u00e5<strong> \u00d6n Cayo Levantado<\/strong> och Simning p\u00e5 stranden. Upph\u00e4mtning i Miches och start <strong>fr\u00e5n Sabana de la mar-omr\u00e5den<\/strong> att ta en b\u00e5t med en lokal guide som bes\u00f6ker Samana bayside och en av de vackraste nationalparkerna i Dominikanska republiken. <em><strong>Haitises nationalpark<\/strong><\/em>.<\/p>\n<p>Resan, som organiseras av \"Booking Adventures\", b\u00f6rjar p\u00e5 hotell i Punta Cana med transport. F\u00f6lj med Booking Adventures och b\u00f6rja kolla in f\u00e5gelfyllda mangrover, b\u00f6ljande kullar med frodig vegetation och grottor av <em><strong>Nationalparken Los Haitises<\/strong><\/em>. Bes\u00f6k p\u00e5 en \u00f6 med f\u00e5glar runt omkring. Under h\u00e4ckningss\u00e4songen kan vi till och med se Pelecanos-ungarna p\u00e5 boet. Vi f\u00e5r en mer djupg\u00e5ende inblick i Rocky Islands och bes\u00f6ker grottorna med piktografier och petrografiska bilder fr\u00e5n ursprungsbefolkningen.<\/p>\n<p>Genom mangrovetr\u00e4sket och landar vid den \u00f6ppna San Lorenzo-bukten, d\u00e4r du kan fotografera det karga skogslandskapet. Titta ut mot vattnet f\u00f6r att se <em><strong>Sj\u00f6kor<\/strong><\/em>, kr\u00e4ftdjur och <em><strong>delfiner.<\/strong><\/em><\/p>\n<h2><strong>Grottor i nationalparken Los Haitises<\/strong><\/h2>\n<div class=\"body-description secondary\">\n<p>Nationalparkens namn kommer fr\u00e5n dess ursprungliga inv\u00e5nare, Taino-indianerna. P\u00e5 deras spr\u00e5k betyder \"Haitises\" h\u00f6gland eller kullar, vilket \u00e4r en h\u00e4nvisning till kustens branta geologiska formationer med kalksten. \u00c4ventyr djupare in i parken f\u00f6r att utforska grottor som t.ex. <em><strong>Cueva de la Arena<\/strong><\/em> och <strong><em>Cueva de la L\u00ednea.<\/em><\/strong><\/p>\n<p>Grottorna i reservatet anv\u00e4ndes som skydd av Taino-indianerna och senare av pirater som g\u00f6mde sig d\u00e4r. Titta efter teckningar av indianer som pryder n\u00e5gra av v\u00e4ggarna. Efter att ha bes\u00f6kt nationalparken Los Haitises \u00e5ker vi tillbaka till hamnen i Saman\u00e1 och passerar Saman\u00e1bukten 30 min och bes\u00f6ker Bacardi-\u00f6n. Vi kommer att \u00e4ta en typisk lunch p\u00e5 \u00f6n. Om du \u00e4r vegan \u00e4r det ingen fara, vi har ocks\u00e5 mat f\u00f6r dig!<\/p>\n<p>Efter en hel eftermiddag med bad och avkoppling p\u00e5 stranden kommer v\u00e5r guide att st\u00e4lla in tiden f\u00f6r att \u00e5ka tillbaka till hamnen i Sabana de la mar och d\u00e4refter \u00e5ka till Miches-omr\u00e5det.<\/p>\n<\/div>\n<p>Om du vill ha den h\u00e4r resan l\u00e4ngre eller kortare har vi f\u00f6ljande alternativ:<\/p>\n<ol>\n<li>Bara Los Haitises fr\u00e5n Saman\u00e1 hamn.<\/li>\n<li>Los Haitises + Ca\u00f1o Hondo fr\u00e5n Saman\u00e1 hamn.<\/li>\n<\/ol>\n<p>&nbsp;<\/p>\n<h4><em><strong>Vad ska du ta med dig?<\/strong><\/em><\/h4>\n<ul>\n<li style=\"font-weight: 400;\"><span style=\"font-weight: 400;\">Kamera<\/span><\/li>\n<li style=\"font-weight: 400;\"><span style=\"font-weight: 400;\">Repellerande knoppar<\/span><\/li>\n<li style=\"font-weight: 400;\"><span style=\"font-weight: 400;\">Solkr\u00e4m<\/span><\/li>\n<li style=\"font-weight: 400;\"><span style=\"font-weight: 400;\">Hatt<\/span><\/li>\n<li style=\"font-weight: 400;\"><span style=\"font-weight: 400;\">Bekv\u00e4ma byxor<\/span><\/li>\n<li style=\"font-weight: 400;\"><span style=\"font-weight: 400;\">Vandringsskor f\u00f6r skogen<\/span><\/li>\n<li style=\"font-weight: 400;\"><span style=\"font-weight: 400;\">Sandaler till v\u00e5romr\u00e5dena.<\/span><\/li>\n<li style=\"font-weight: 400;\"><span style=\"font-weight: 400;\">Badkl\u00e4der<\/span><\/li>\n<\/ul>\n<p>&nbsp;<\/p>\n<h4><b><i>H\u00e4mtning p\u00e5 hotellet <\/i><\/b><\/h4>\n<p><span style=\"font-weight: 400;\">H\u00e4mtning p\u00e5 hotell erbjuds inte f\u00f6r den h\u00e4r turen. <\/span><\/p>\n<p>&nbsp;<\/p>\n<p><b>Observera:<\/b><span style=\"font-weight: 400;\"> Om du bokar inom 24 timmar f\u00f6re turens\/utflyktens avg\u00e5ngstid kan vi ordna h\u00e4mtning p\u00e5 hotellet mot en extra kostnad. N\u00e4r ditt k\u00f6p \u00e4r klart skickar vi dig fullst\u00e4ndig kontaktinformation (telefonnummer, e-postadress etc.) till v\u00e5r lokala reseledare f\u00f6r att organisera upph\u00e4mtning.<\/span><\/p>\n<h4><b><i>Ytterligare information Bekr\u00e4ftelse <\/i><\/b><\/h4>\n<ol>\n<li>Biljetterna \u00e4r kvittot efter att du har betalat denna turn\u00e9. Du kan visa betalningen p\u00e5 din telefon.<\/li>\n<li style=\"font-weight: 400;\"><span style=\"font-weight: 400;\">M\u00f6tesplatsen kommer att meddelas efter bokningsprocessen.<\/span><\/li>\n<li style=\"font-weight: 400;\"><span style=\"font-weight: 400;\">Barn m\u00e5ste \u00e5tf\u00f6ljas av en vuxen.<\/span><\/li>\n<li style=\"font-weight: 400;\"><span style=\"font-weight: 400;\"> Inte rullstolsanpassad <\/span><\/li>\n<li style=\"font-weight: 400;\"><span style=\"font-weight: 400;\">Sp\u00e4dbarn m\u00e5ste sitta i kn\u00e4vecken <\/span><\/li>\n<li style=\"font-weight: 400;\"><span style=\"font-weight: 400;\">Rekommenderas inte f\u00f6r resen\u00e4rer med ryggproblem<\/span><\/li>\n<li style=\"font-weight: 400;\"><span style=\"font-weight: 400;\">Rekommenderas inte f\u00f6r gravida resen\u00e4rer <\/span><\/li>\n<li style=\"font-weight: 400;\"><span style=\"font-weight: 400;\"> Inga hj\u00e4rtproblem eller andra allvarliga medicinska tillst\u00e5nd <\/span><\/li>\n<li style=\"font-weight: 400;\"><span style=\"font-weight: 400;\">De flesta resen\u00e4rer kan delta<\/span><\/li>\n<\/ol>\n<h4><b><i>Avbokningspolicy<\/i><\/b><\/h4>\n<p>F\u00f6r full \u00e5terbetalning, l\u00e4s v\u00e5r policy f\u00f6r avbokningar.\u00a0<a href=\"https:\/\/www.boattoursamana.com\/sv\/online-bokning\/\" target=\"_blank\" rel=\"noopener\" data-saferedirecturl=\"https:\/\/www.google.com\/url?q=https:\/\/www.boattoursamana.com\/online-booking\/&amp;source=gmail&amp;ust=1672449202351000&amp;usg=AOvVaw1yAeVAPktmaVCqDujgUn90\">Klicka h\u00e4r<\/a>. Pengarna g\u00e5r f\u00f6rlorade om bokningen avbokas samma dag som resan \u00e4ger rum.<\/p>\n\n\t\t<\/div>\n\t<\/div>\n<div class=\"vc_btn3-container vc_btn3-inline\" ><button class=\"vc_general vc_btn3 vc_btn3-size-md vc_btn3-shape-rounded vc_btn3-style-modern vc_btn3-color-green\">BOKA NU<\/button><\/div>\n\t<div class=\"wpb_video_widget wpb_content_element vc_clearfix   vc_video-aspect-ratio-169 vc_video-el-width-100 vc_video-align-left\" >\n\t\t<div class=\"wpb_wrapper\">\n\t\t\t<h2 class=\"wpb_heading wpb_video_heading\">Nationalparken Los Haitises<\/h2>\n\t\t\t<div class=\"wpb_video_wrapper\"><iframe loading=\"lazy\" title=\"Los Haitises nationalpark Turer och utflykter\" width=\"1100\" height=\"619\" src=\"https:\/\/www.youtube.com\/embed\/vMI4Ou81cd4?feature=oembed\" frameborder=\"0\" allow=\"accelerometer; autoplay; encrypted-media; gyroscope; picture-in-picture\" allowfullscreen><\/iframe><\/div>\n\t\t<\/div>\n\t<\/div>\n<\/div><\/div><\/div><\/div><div class=\"wpb_column vc_column_container vc_col-sm-12\"><div class=\"vc_column-inner\"><div class=\"wpb_wrapper\"><\/div><\/div><\/div><div class=\"wpb_column vc_column_container vc_col-sm-12\"><div class=\"vc_column-inner\"><div class=\"wpb_wrapper\"><\/div><\/div><\/div><div class=\"wpb_column vc_column_container vc_col-sm-12\"><div class=\"vc_column-inner\"><div class=\"wpb_wrapper\"><\/div><\/div><\/div>","protected":false},"excerpt":{"rendered":"<p>Los Haitises nationalpark Fr\u00e5n Sabana de la Mar plus lunch p\u00e5 Bacardi Island. F\u00f6lj med oss och bes\u00f6k den vackraste nationalparken i Dominikanska republiken, bes\u00f6k mangrover, grottor och San Lorenzo Bay, samt korsa den vackra Samanabukten. F\u00f6r att bes\u00f6ka Bacardi Island, \u00e4ta lunch p\u00e5 stranden och simma vid en av de vackraste str\u00e4nderna i Samana Bay. Efter det h\u00e4r<\/p>\n<p>Efter denna upplevelse kommer du att \u00e5terv\u00e4nda till hamnen i Sabana de la Mar och senare k\u00f6ra dig till din plats i Miches.<\/p>\n<p><em><strong>V\u00e4lj datum f\u00f6r din resa:\u00a0<\/strong><\/em><\/p>","protected":false},"featured_media":11578,"template":"","meta":[],"product_cat":[254,946,928,255],"product_tag":[184,579,236,172,268,223,311,174,615,612,171,613,580,581,647,209,440,611,441,578,574,610,614,608,175,186,200,187,616],"class_list":["post-12599","product","type-product","status-publish","has-post-thumbnail","hentry","product_cat-tours-excursions-los-haitises-national-park","product_cat-1-sabana-de-la-mar","product_cat-boat-trip-los-haitises","product_cat-tours-excursions-samana-bay-dominican-republic","product_tag-bacardi-island","product_tag-bacardi-island-tours","product_tag-birdwatching","product_tag-boat-tour","product_tag-caves-los-haitises","product_tag-cayo-levantado","product_tag-cayo-levantado-tour","product_tag-eco-tours","product_tag-excursiones-a-los-haitises-y-cayo-levantado","product_tag-haitises-park-and-cayo-levantado-island","product_tag-los-haitises","product_tag-los-haitises-excursiones","product_tag-los-haitises-excursions","product_tag-los-haitises-mapa","product_tag-los-haitises-mas-cayo-levantado","product_tag-los-haitises-national-park","product_tag-los-haitises-national-park-map","product_tag-los-haitises-national-park-mas-cayo-levantado","product_tag-los-haitises-national-park-tour-from-las-terrenas","product_tag-los-haitises-national-park-tour-from-samana-port-bacardi-island-cayo-levantado","product_tag-los-haitises-national-park-tour-from-santo-domingo","product_tag-los-haitises-park-tour-cayo-levantado-island","product_tag-los-haitises-samana","product_tag-los-haitises-y-cayo-levantado","product_tag-sabana-de-la-mar","product_tag-samana","product_tag-samana-excursions","product_tag-samana-tours","product_tag-tour-los-haitises-national-park-cayo-levantado"],"_links":{"self":[{"href":"https:\/\/www.boattoursamana.com\/sv\/wp-json\/wp\/v2\/product\/12599","targetHints":{"allow":["GET"]}}],"collection":[{"href":"https:\/\/www.boattoursamana.com\/sv\/wp-json\/wp\/v2\/product"}],"about":[{"href":"https:\/\/www.boattoursamana.com\/sv\/wp-json\/wp\/v2\/types\/product"}],"wp:featuredmedia":[{"embeddable":true,"href":"https:\/\/www.boattoursamana.com\/sv\/wp-json\/wp\/v2\/media\/11578"}],"wp:attachment":[{"href":"https:\/\/www.boattoursamana.com\/sv\/wp-json\/wp\/v2\/media?parent=12599"}],"wp:term":[{"taxonomy":"product_cat","embeddable":true,"href":"https:\/\/www.boattoursamana.com\/sv\/wp-json\/wp\/v2\/product_cat?post=12599"},{"taxonomy":"product_tag","embeddable":true,"href":"https:\/\/www.boattoursamana.com\/sv\/wp-json\/wp\/v2\/product_tag?post=12599"}],"curies":[{"name":"wp","href":"https:\/\/api.w.org\/{rel}","templated":true}]}}