{"id":12626,"date":"2021-07-23T06:20:17","date_gmt":"2021-07-23T06:20:17","guid":{"rendered":"https:\/\/www.ticketswhales.com\/?post_type=product&#038;p=12626"},"modified":"2023-11-06T14:32:03","modified_gmt":"2023-11-06T14:32:03","slug":"hike-kayak-los-haitises-national-park-from-juan-dolio","status":"publish","type":"product","link":"https:\/\/www.boattoursamana.com\/sv\/turne\/vandring-kajak-los-haitises-nationalpark-fran-juan-dolio-2","title":{"rendered":"Vandra och paddla kajak i Los Haitises nationalpark fr\u00e5n Juan Dolio"},"content":{"rendered":"<div class=\"vc_row wpb_row vc_row-fluid\" ><div class=\"wpb_column vc_column_container vc_col-sm-12\"><div class=\"vc_column-inner\"><div class=\"wpb_wrapper\"><div class=\"vc_btn3-container vc_btn3-inline\" ><button class=\"vc_general vc_btn3 vc_btn3-size-md vc_btn3-shape-rounded vc_btn3-style-modern vc_btn3-color-green\">BOKA NU<\/button><\/div>\n\t<div class=\"wpb_text_column wpb_content_element\" >\n\t\t<div class=\"wpb_wrapper\">\n\t\t\t<h4><b><i>\u00d6versikt <\/i><\/b><\/h4>\n<p>Denna vandringsled + kajaktur b\u00f6rjar i Juan Dolio med transfer fr\u00e5n hotellen. Efter detta anl\u00e4nder vi till parken d\u00e4r vi kommer att vandra i cirka 2 timmar l\u00e4ngs den fuktiga skogen i Los Haitises nationalpark. Du kommer att l\u00e4ra dig om omr\u00e5dets medicinalv\u00e4xter, se den prim\u00e4ra och sekund\u00e4ra l\u00f6vskogen i Los Haitises nationalparks berg och samtidigt n\u00e5 k\u00e4llan till floden Jivales, fr\u00e5n vilken vattnet i de naturliga poolerna i Eco-lodge Ca\u00f1o Hondo kommer. Sedan tar vi den utrustning som kr\u00e4vs f\u00f6r din s\u00e4kerhet (flytv\u00e4star etc), kajaker och g\u00e5r genom mangrovetr\u00e4sk. Du kommer att se n\u00e5gra f\u00e5gelfyllda mangrover, b\u00f6ljande kullar med frodig vegetation. Genom mangrovetr\u00e4sken och land vid den \u00f6ppna San Lorenzo-bukten, varifr\u00e5n du kan fotografera det robusta skogslandskapet.<\/p>\n<p>Efter denna upplevelse kommer du tillbaka till Cano Hondo eller Sabana de la mar och k\u00f6r tillbaka till Juan Dolio-omr\u00e5dena.<\/p>\n<ul>\n<li style=\"font-weight: 400;\">Avgifter ing\u00e5r<\/li>\n<li>Vandringstur i nationalparken Los Haitises<\/li>\n<li style=\"font-weight: 400;\"><span style=\"font-weight: 400;\">Guiden inneh\u00e5ller instruktioner och \u00f6vervakning<\/span><\/li>\n<\/ul>\n<p>&nbsp;<\/p>\n<h4><b>Inkluderat och uteslutet<\/b><\/h4>\n<p>&nbsp;<\/p>\n<p><b>Inkluderat material<\/b><\/p>\n<p>&nbsp;<\/p>\n<ol>\n<li style=\"font-weight: 400;\">Nationalparken Los Haitises<\/li>\n<li>Vandring + kajak<\/li>\n<li style=\"font-weight: 400;\"><span style=\"font-weight: 400;\">Alla skatter, avgifter och hanteringsavgifter<\/span><\/li>\n<li style=\"font-weight: 400;\"><span style=\"font-weight: 400;\">Lokala skatter<\/span><\/li>\n<li style=\"font-weight: 400;\"><span style=\"font-weight: 400;\">Drycker<\/span><\/li>\n<li style=\"font-weight: 400;\"><span style=\"font-weight: 400;\">Alla verksamheter<\/span><\/li>\n<li style=\"font-weight: 400;\"><span style=\"font-weight: 400;\">Lokal guide<\/span><\/li>\n<li><span style=\"font-weight: 400;\">\u00d6verf\u00f6ring<\/span><\/li>\n<li>Lunch med lokalbefolkningen<\/li>\n<\/ol>\n<p><b> Undantag<\/b><\/p>\n<ol>\n<li style=\"font-weight: 400;\"><span style=\"font-weight: 400;\">Dricks<\/span><\/li>\n<li style=\"font-weight: 400;\"><span style=\"font-weight: 400;\">Alkoholhaltiga drycker<\/span><\/li>\n<\/ol>\n<p>&nbsp;<\/p>\n<h4><em><strong>Avresa och \u00e5terkomst<\/strong><\/em><\/h4>\n<p><span style=\"font-weight: 400;\">Resen\u00e4ren f\u00e5r en m\u00f6tesplats efter bokningsprocessen. Turerna b\u00f6rjar och slutar vid v\u00e5ra m\u00f6tesplatser.<\/span><\/p>\n<p>&nbsp;<\/p>\n<h2>Vandra och paddla kajak i Los Haitises nationalpark fr\u00e5n Juan Dolio<\/h2>\n<h4><b><i>Vad kan man f\u00f6rv\u00e4nta sig?<\/i><\/b><\/h4>\n<p>Nationalparkens namn kommer fr\u00e5n dess ursprungliga inv\u00e5nare, Tainoindianerna. P\u00e5 deras spr\u00e5k betyder \"Haitises\" h\u00f6gland eller kullar, en referens till kustlinjens branta geologiska formationer med kalkstenar. Kajakpaddling tar 2 timmar.<\/p>\n<p>L\u00e4r dig mer om historia och natur med lokala guider som vuxit upp som milj\u00f6skyddare och volont\u00e4rer inom detta projektomr\u00e5de. Turen, som organiseras av \"Booking Adventures\", b\u00f6rjar vid den m\u00f6tesplats som best\u00e4mts med reseledaren.<\/p>\n<p>Efter en inledande promenad genom \u00e5krar och jordbruksmarker kommer du att b\u00f6rja g\u00e5 genom kokosn\u00f6t- och kakaoskogen.  H\u00e4r f\u00e5r du varje minut i det prim\u00e4ra och unika skogsomr\u00e5det i Los Haitises nationalpark. Kom med Booking Adventures och b\u00f6rja kolla in n\u00e5gra endemiska f\u00e5glar, d\u00e4ggdjur och v\u00e4xtarter, b\u00f6ljande kullar med frodig vegetation och grottor av <em><strong>Nationalparken Los Haitises<\/strong><\/em>.<\/p>\n<div class=\"body-description secondary\">\n<p>Nationalparkens namn kommer fr\u00e5n dess ursprungliga inv\u00e5nare, Taino-indianerna. P\u00e5 deras spr\u00e5k betyder \"Haitises\" h\u00f6gland eller kullar, vilket \u00e4r en h\u00e4nvisning till kustens branta geologiska formationer med kalksten. Ta dig djupare in i parken f\u00f6r att utforska grottor som t.ex. <em><strong>Cueva de la Arena<\/strong><\/em> och <strong><em>Cueva de la L\u00ednea. Du kan matcha b\u00e5tturen med vandringsturen. Kontakta oss bara.<\/em><\/strong><\/p>\n<p>Grottorna i reservatet anv\u00e4ndes som skydd av Taino-indianerna och senare av g\u00f6mda pirater. Titta efter teckningar av indianer som dekorerar n\u00e5gra av v\u00e4ggarna. I regnskogen finns det mer \u00e4n 700 hundra arter av v\u00e4xter, vi f\u00f6rs\u00f6ker l\u00e4ra bes\u00f6karna om alla medicinska v\u00e4xter som vi k\u00e4nner till p\u00e5 den h\u00e4r vandringsleden.<\/p>\n<p>Kom och l\u00e4r dig, vandra och njut av den riktiga naturen i Los Haitises nationalpark.<\/p>\n<\/div>\n<p>&nbsp;<\/p>\n<h4><em><strong>Vad ska du ta med dig?<\/strong><\/em><\/h4>\n<ul>\n<li style=\"font-weight: 400;\"><span style=\"font-weight: 400;\">Kamera<\/span><\/li>\n<li style=\"font-weight: 400;\"><span style=\"font-weight: 400;\">Repellerande knoppar<\/span><\/li>\n<li style=\"font-weight: 400;\"><span style=\"font-weight: 400;\">Solkr\u00e4m<\/span><\/li>\n<li style=\"font-weight: 400;\"><span style=\"font-weight: 400;\">Hatt<\/span><\/li>\n<li style=\"font-weight: 400;\"><span style=\"font-weight: 400;\">Bekv\u00e4ma byxor<\/span><\/li>\n<li style=\"font-weight: 400;\"><span style=\"font-weight: 400;\">Vandringsskor f\u00f6r skogen<\/span><\/li>\n<li style=\"font-weight: 400;\"><span style=\"font-weight: 400;\">Sandaler till v\u00e5romr\u00e5dena.<\/span><\/li>\n<li style=\"font-weight: 400;\"><span style=\"font-weight: 400;\">Badkl\u00e4der<\/span><\/li>\n<\/ul>\n<p>&nbsp;<\/p>\n<h4><b><i>H\u00e4mtning p\u00e5 hotellet <\/i><\/b><\/h4>\n<p><span style=\"font-weight: 400;\">H\u00e4mtning p\u00e5 hotellet erbjuds f\u00f6r denna tur.\u00a0<\/span><\/p>\n<p><b>Observera:<\/b><span style=\"font-weight: 400;\"> Om du bokar inom 24 timmar f\u00f6re avresan f\u00f6r turen\/utflykten kan vi ordna upph\u00e4mtning p\u00e5 hotellet fr\u00e5n Juan Dolio-omr\u00e5det. N\u00e4r ditt k\u00f6p \u00e4r slutf\u00f6rt skickar vi dig fullst\u00e4ndig kontaktinformation (telefonnummer, e-postadress etc.) f\u00f6r v\u00e5r lokala reseguide f\u00f6r att organisera upph\u00e4mtningsarrangemang.<\/span><\/p>\n<h4><b><i>Ytterligare information Bekr\u00e4ftelse <\/i><\/b><\/h4>\n<ol>\n<li>Biljetter \u00e4r kvittot efter att du har betalat f\u00f6r turen. Du kan visa betalningen p\u00e5 din telefon.<\/li>\n<li style=\"font-weight: 400;\"><span style=\"font-weight: 400;\">M\u00f6tesplatsen kommer att meddelas efter bokningsprocessen.<\/span><\/li>\n<li style=\"font-weight: 400;\"><span style=\"font-weight: 400;\">Barn m\u00e5ste \u00e5tf\u00f6ljas av en vuxen.<\/span><\/li>\n<li style=\"font-weight: 400;\"><span style=\"font-weight: 400;\"> Inte rullstolsanpassad <\/span><\/li>\n<li style=\"font-weight: 400;\"><span style=\"font-weight: 400;\">Sp\u00e4dbarn m\u00e5ste sitta i kn\u00e4vecken <\/span><\/li>\n<li style=\"font-weight: 400;\"><span style=\"font-weight: 400;\">Rekommenderas inte f\u00f6r resen\u00e4rer med ryggproblem<\/span><\/li>\n<li style=\"font-weight: 400;\"><span style=\"font-weight: 400;\">Rekommenderas inte f\u00f6r gravida resen\u00e4rer <\/span><\/li>\n<li style=\"font-weight: 400;\"><span style=\"font-weight: 400;\"> Inga hj\u00e4rtproblem eller andra allvarliga medicinska tillst\u00e5nd <\/span><\/li>\n<li style=\"font-weight: 400;\"><span style=\"font-weight: 400;\">De flesta resen\u00e4rer kan delta<\/span><\/li>\n<\/ol>\n<h4><b><i>Avbokningspolicy<\/i><\/b><\/h4>\n<p>F\u00f6r full \u00e5terbetalning, l\u00e4s v\u00e5r policy f\u00f6r avbokningar.\u00a0<a href=\"https:\/\/www.boattoursamana.com\/sv\/online-bokning\/\" target=\"_blank\" rel=\"noopener\" data-saferedirecturl=\"https:\/\/www.google.com\/url?q=https:\/\/www.boattoursamana.com\/online-booking\/&amp;source=gmail&amp;ust=1672449202351000&amp;usg=AOvVaw1yAeVAPktmaVCqDujgUn90\">Klicka h\u00e4r<\/a>. Pengarna g\u00e5r f\u00f6rlorade om bokningen avbokas samma dag som resan \u00e4ger rum.<\/p>\n\n\t\t<\/div>\n\t<\/div>\n<\/div><\/div><\/div><\/div><div class=\"vc_row wpb_row vc_row-fluid\" ><div class=\"wpb_column vc_column_container vc_col-sm-12\"><div class=\"vc_column-inner\"><div class=\"wpb_wrapper\"><div class=\"vc_btn3-container vc_btn3-inline\" ><button class=\"vc_general vc_btn3 vc_btn3-size-md vc_btn3-shape-rounded vc_btn3-style-modern vc_btn3-color-green\">BOKA NU<\/button><\/div>\n\t<div class=\"wpb_video_widget wpb_content_element vc_clearfix   vc_video-aspect-ratio-169 vc_video-el-width-100 vc_video-align-left\" >\n\t\t<div class=\"wpb_wrapper\">\n\t\t\t<h2 class=\"wpb_heading wpb_video_heading\">Haitiserna paddla kajak<\/h2>\n\t\t\t<div class=\"wpb_video_wrapper\"><iframe loading=\"lazy\" title=\"Kajakpaddling och grottvandring i Los Haitises nationalpark, Dominikanska republiken\" width=\"1100\" height=\"619\" src=\"https:\/\/www.youtube.com\/embed\/ucU1uwB57wQ?feature=oembed\" frameborder=\"0\" allow=\"accelerometer; autoplay; clipboard-write; encrypted-media; gyroscope; picture-in-picture; web-share\" allowfullscreen><\/iframe><\/div>\n\t\t<\/div>\n\t<\/div>\n<\/div><\/div><\/div><\/div><div class=\"vc_row wpb_row vc_row-fluid\" ><\/div><div class=\"wpb_column vc_column_container vc_col-sm-12\"><div class=\"vc_column-inner\"><div class=\"wpb_wrapper\"><\/div><\/div><\/div><div class=\"vc_empty_space\"   style=\"height: 32px\"><span class=\"vc_empty_space_inner\"><\/span><\/div><div class=\"vc_empty_space\"   style=\"height: 32px\"><span class=\"vc_empty_space_inner\"><\/span><\/div><div class=\"vc_row wpb_row vc_row-fluid\" ><div class=\"wpb_column vc_column_container vc_col-sm-12\"><div class=\"vc_column-inner\"><div class=\"wpb_wrapper\"><\/div><\/div><\/div><\/div>","protected":false},"excerpt":{"rendered":"<p>Efter en bilresa fr\u00e5n Juan dolio till Sabana de la mar. vi kommer 2 timmars vandring och mangrovepaddling i Los Haitises nationalpark med en lokal reseguide fr\u00e5n Sabana de la Mar. Bes\u00f6ker omr\u00e5dena regnskog, kokosn\u00f6tter, kaffe och kakao. L\u00e4r dig om Los Haitises nationalparks ursprungliga historia.<\/p>\n<p>&nbsp;<\/p>\n<p><em><strong>V\u00e4lj datum f\u00f6r vandringsresan:<\/strong><\/em><\/p>","protected":false},"featured_media":8672,"template":"","meta":[],"product_cat":[456,946,178,927,934,254,255],"product_tag":[422,268,174,173,577,576,571,570,569,317,316,206,899,209,575,441,574,572,499,175,498,200,187,573],"class_list":["post-12626","product","type-product","status-publish","has-post-thumbnail","hentry","product_cat-day-trips","product_cat-1-sabana-de-la-mar","product_cat-hiking","product_cat-hiking-los-haitises","product_cat-kayaking-los-haitises","product_cat-tours-excursions-los-haitises-national-park","product_cat-tours-excursions-samana-bay-dominican-republic","product_tag-cano-hondo-sabana-de-la-mar","product_tag-caves-los-haitises","product_tag-eco-tours","product_tag-excursion","product_tag-hike-kayak","product_tag-hike-kayak-los-haitises-national-park","product_tag-hiking-los-haitises","product_tag-hiking-sabana-de-la-mar","product_tag-hiking-samana","product_tag-kayak-tour","product_tag-kayaking","product_tag-kayaking-los-haitises","product_tag-los-haitises-juan-dolio","product_tag-los-haitises-national-park","product_tag-los-haitises-national-park-entrance-fee","product_tag-los-haitises-national-park-tour-from-las-terrenas","product_tag-los-haitises-national-park-tour-from-santo-domingo","product_tag-los-haitises-national-park-weather","product_tag-los-haitises-sabana-de-la-mar","product_tag-sabana-de-la-mar","product_tag-sabana-de-la-mar-tour","product_tag-samana-excursions","product_tag-samana-tours","product_tag-secrets-of-los-haitises"],"_links":{"self":[{"href":"https:\/\/www.boattoursamana.com\/sv\/wp-json\/wp\/v2\/product\/12626","targetHints":{"allow":["GET"]}}],"collection":[{"href":"https:\/\/www.boattoursamana.com\/sv\/wp-json\/wp\/v2\/product"}],"about":[{"href":"https:\/\/www.boattoursamana.com\/sv\/wp-json\/wp\/v2\/types\/product"}],"wp:featuredmedia":[{"embeddable":true,"href":"https:\/\/www.boattoursamana.com\/sv\/wp-json\/wp\/v2\/media\/8672"}],"wp:attachment":[{"href":"https:\/\/www.boattoursamana.com\/sv\/wp-json\/wp\/v2\/media?parent=12626"}],"wp:term":[{"taxonomy":"product_cat","embeddable":true,"href":"https:\/\/www.boattoursamana.com\/sv\/wp-json\/wp\/v2\/product_cat?post=12626"},{"taxonomy":"product_tag","embeddable":true,"href":"https:\/\/www.boattoursamana.com\/sv\/wp-json\/wp\/v2\/product_tag?post=12626"}],"curies":[{"name":"wp","href":"https:\/\/api.w.org\/{rel}","templated":true}]}}