{"id":13290,"date":"2021-11-06T08:14:25","date_gmt":"2021-11-06T08:14:25","guid":{"rendered":"https:\/\/www.ticketswhales.com\/?post_type=product&#038;p=13290"},"modified":"2023-02-26T04:25:06","modified_gmt":"2023-02-26T04:25:06","slug":"el-limon-waterfall-cayo-levantado-from-sosua-or-cabarete-private-tour","status":"publish","type":"product","link":"https:\/\/www.boattoursamana.com\/sv\/turne\/el-limon-vattenfall-cayo-levantado-fran-sosua-eller-cabarete-privat-tur-2","title":{"rendered":"El Lim\u00f3n vattenfall och Cayo Levantado fr\u00e5n Sosua eller Cabarete privat tur"},"content":{"rendered":"<div class=\"vc_row wpb_row vc_row-fluid\" ><div class=\"wpb_column vc_column_container vc_col-sm-12\"><div class=\"vc_column-inner\"><div class=\"wpb_wrapper\"><div class=\"vc_btn3-container vc_btn3-inline\" ><button class=\"vc_general vc_btn3 vc_btn3-size-md vc_btn3-shape-rounded vc_btn3-style-modern vc_btn3-color-green\">BOKA NU<\/button><\/div><div class=\"mkdf-section-title-holder\" style=\"text-align: left\">\n\t<div class=\"mkdf-st-inner\">\n\t\t\t\t\t<h5 class=\"mkdf-st-subtitle\" >\n\t\t\t\tTransport och lunch ing\u00e5r\t\t\t<\/h5>\n\t\t\t\t\t\t\t<h3 class=\"mkdf-st-title\" >\n\t\t\t\tEl Lim\u00f3n vattenfall och Cayo Levantado fr\u00e5n Sosua eller Cabarete privat tur\t\t\t<\/h3>\n\t\t\t\t\t<\/div>\n<\/div><\/div><\/div><\/div><\/div><div class=\"vc_row wpb_row vc_row-fluid\" ><div class=\"wpb_column vc_column_container vc_col-sm-12\"><div class=\"vc_column-inner\"><div class=\"wpb_wrapper\">\n\t<div class=\"wpb_text_column wpb_content_element\" >\n\t\t<div class=\"wpb_wrapper\">\n\t\t\t<h3 class=\"LC20lb\"><\/h3>\n<h4><b><i>\u00d6versikt <\/i><\/b><\/h4>\n<p>Privat utflykt till El Limon vattenfall och Cayo Levantado (Bacardi Island) fr\u00e5n Puerto Plata. Tv\u00e5 aktiviteter p\u00e5 bara en dag, bes\u00f6ker med lokal guide sk\u00f6nheten fr\u00e5n skogen och vattenfallen fr\u00e5n El Limon Community. Du kan g\u00f6ra denna resa vandring eller ridning h\u00e4star genom kaffe och kokosn\u00f6tter v\u00e4gar. Efter att ha bes\u00f6kt El limon vattenfall kommer vi att k\u00f6ra till Samana City centrum pir och ta en b\u00e5t till Cayo Levantado \u00e4ven namn som Bacardi Island. D\u00e4r kommer vi att ha buff\u00e9 lunch och eftermiddag simning i Cayo Levantado stranden med alternativ att snorkla p\u00e5 koraller rev.<\/p>\n<p>Efter denna upplevelse kommer du tillbaka till v\u00e5r m\u00f6tesplats d\u00e4r vi h\u00e4mtar dig i Puerto Plata<\/p>\n<ul>\n<li style=\"font-weight: 400;\">Avgifter ing\u00e5r<\/li>\n<li>Lunch<\/li>\n<li>Snacks<\/li>\n<li style=\"font-weight: 400;\">Lokal guide p\u00e5 engelska eller franska<\/li>\n<li>Transport<\/li>\n<li>B\u00e5tresa<\/li>\n<\/ul>\n<p>&nbsp;<\/p>\n<h4><b>Inkluderat och uteslutet<\/b><\/h4>\n<p>&nbsp;<\/p>\n<p><b>Inkluderat material<\/b><\/p>\n<ol>\n<li style=\"font-weight: 400;\">El Limons vattenfall Vandring eller ridning<\/li>\n<li>Lunch<\/li>\n<li style=\"font-weight: 400;\"><span style=\"font-weight: 400;\">Alla skatter, avgifter och hanteringsavgifter<\/span><\/li>\n<li style=\"font-weight: 400;\"><span style=\"font-weight: 400;\">Lokala skatter<\/span><\/li>\n<li style=\"font-weight: 400;\"><span style=\"font-weight: 400;\">Drycker<\/span><\/li>\n<li>Snacks<\/li>\n<li style=\"font-weight: 400;\"><span style=\"font-weight: 400;\">Alla verksamheter<\/span><\/li>\n<li style=\"font-weight: 400;\"><span style=\"font-weight: 400;\">Lokal guide<\/span><\/li>\n<\/ol>\n<p><b> Undantag<\/b><\/p>\n<ol>\n<li style=\"font-weight: 400;\"><span style=\"font-weight: 400;\">Dricks<\/span><\/li>\n<li style=\"font-weight: 400;\"><span style=\"font-weight: 400;\">Alkoholhaltiga drycker<\/span><\/li>\n<\/ol>\n<p>&nbsp;<\/p>\n<h4><em><strong>Avresa och \u00e5terkomst<\/strong><\/em><\/h4>\n<p><span style=\"font-weight: 400;\">Resen\u00e4ren f\u00e5r en m\u00f6tesplats efter bokningsprocessen. Turerna b\u00f6rjar och slutar p\u00e5 din m\u00f6tesplats.<\/span><\/p>\n<h4><\/h4>\n<h3 class=\"LC20lb\">Vattenfallet El Lim\u00f3n + Cayo Levantado - Utflykt i Saman\u00e1<\/h3>\n<h4><b><i>Vad kan man f\u00f6rv\u00e4nta sig?<\/i><\/b><\/h4>\n<p><em><strong>K\u00f6p dina biljetter<\/strong><\/em> f\u00f6r att bes\u00f6ka El limon vattenfall plus Cayo Levantado \u00f6n med transfer inkluided fr\u00e5n Puerto Plata. Heldagsutflykt. Med start fr\u00e5n Saman\u00e1 med transport till El limon vattenfall.<\/p>\n<p>Utflykt, organiserad av \"Booking Adventures\" b\u00f6rjar vid m\u00f6tesplatsen som fastst\u00e4llts med reseledaren. F\u00f6lj med Booking Adventures p\u00e5 privata resor till El Limon-vattenfallen med en lokal reseledare. Rid- eller vandringstur genom skogen som g\u00e5r runt kanten av citronfloden, bes\u00f6ker kakao- och kaffeplantager under kokosn\u00f6tternas skuggpalmer. F\u00f6rst stannar vi vid det lilla vattenfallet d\u00e4r det vanligtvis inte finns m\u00e5nga m\u00e4nniskor och du kan simma runt. D\u00e4refter forts\u00e4tter vi till det stora vattenfallet d\u00e4r vi stannar i en timme eller mer om du vill.<\/p>\n<p>H\u00e4star eller vandring tillbaka till bilen och k\u00f6r tillbaka till Samana hamn. G\u00e5 ombord f\u00f6r att bes\u00f6ka Bacardi-\u00f6n, eftersom grillad fisk med Tostones och sallad v\u00e4ntar p\u00e5 oss f\u00f6r att ha en smaklunch eller s\u00e5 kan du f\u00e5 andra alternativ som hummer i menyn med extra avgifter.<\/p>\n<p>Bada g\u00e4rna p\u00e5 en av de vackraste str\u00e4nderna i Dominikanska republiken. Och ta tid att avsluta med v\u00e5r reseguide.<\/p>\n<p>&nbsp;<\/p>\n<h4><em><strong>Vad ska du ta med dig?<\/strong><\/em><\/h4>\n<ul>\n<li style=\"font-weight: 400;\"><span style=\"font-weight: 400;\">Kamera<\/span><\/li>\n<li style=\"font-weight: 400;\"><span style=\"font-weight: 400;\">Repellerande knoppar<\/span><\/li>\n<li style=\"font-weight: 400;\"><span style=\"font-weight: 400;\">Solkr\u00e4m<\/span><\/li>\n<li style=\"font-weight: 400;\"><span style=\"font-weight: 400;\">Hatt<\/span><\/li>\n<li style=\"font-weight: 400;\"><span style=\"font-weight: 400;\">Bekv\u00e4ma byxor<\/span><\/li>\n<li style=\"font-weight: 400;\"><span style=\"font-weight: 400;\">Vandringsskor f\u00f6r skogen<\/span><\/li>\n<li style=\"font-weight: 400;\"><span style=\"font-weight: 400;\">Sandaler till v\u00e5romr\u00e5dena.<\/span><\/li>\n<li style=\"font-weight: 400;\"><span style=\"font-weight: 400;\">Badkl\u00e4der<\/span><\/li>\n<\/ul>\n<p>&nbsp;<\/p>\n<h4><b><i>H\u00e4mtning p\u00e5 hotellet <\/i><\/b><\/h4>\n<p><span style=\"font-weight: 400;\">H\u00e4mtning p\u00e5 hotell erbjuds inte f\u00f6r den h\u00e4r turen. <\/span><\/p>\n<p>&nbsp;<\/p>\n<p><b>Observera:<\/b><span style=\"font-weight: 400;\"> Om du bokar inom 24 timmar f\u00f6re turens\/utflyktens avg\u00e5ngstid kan vi ordna h\u00e4mtning p\u00e5 hotellet mot en extra avgift. N\u00e4r ditt k\u00f6p \u00e4r klart skickar vi dig fullst\u00e4ndig kontaktinformation (telefonnummer, e-postadress etc.) till v\u00e5r lokala guide f\u00f6r att organisera upph\u00e4mtning.<\/span><\/p>\n<h4><b><i>Ytterligare information Bekr\u00e4ftelse <\/i><\/b><\/h4>\n<ol>\n<li>Biljetterna \u00e4r kvittot efter att du har betalat denna turn\u00e9. Du kan visa betalningen p\u00e5 din telefon.<\/li>\n<li style=\"font-weight: 400;\"><span style=\"font-weight: 400;\">M\u00f6tesplatsen kommer att meddelas efter bokningsprocessen.<\/span><\/li>\n<li style=\"font-weight: 400;\"><span style=\"font-weight: 400;\">Barn m\u00e5ste \u00e5tf\u00f6ljas av en vuxen.<\/span><\/li>\n<li style=\"font-weight: 400;\"><span style=\"font-weight: 400;\"> Inte rullstolsanpassad <\/span><\/li>\n<li style=\"font-weight: 400;\"><span style=\"font-weight: 400;\">Sp\u00e4dbarn m\u00e5ste sitta i kn\u00e4vecken <\/span><\/li>\n<li style=\"font-weight: 400;\"><span style=\"font-weight: 400;\">Rekommenderas inte f\u00f6r resen\u00e4rer med ryggproblem<\/span><\/li>\n<li style=\"font-weight: 400;\"><span style=\"font-weight: 400;\">Rekommenderas inte f\u00f6r gravida resen\u00e4rer <\/span><\/li>\n<li style=\"font-weight: 400;\"><span style=\"font-weight: 400;\"> Inga hj\u00e4rtproblem eller andra allvarliga medicinska tillst\u00e5nd <\/span><\/li>\n<li style=\"font-weight: 400;\"><span style=\"font-weight: 400;\">De flesta resen\u00e4rer kan delta<\/span><\/li>\n<\/ol>\n<h4><b><i>Avbokningspolicy<\/i><\/b><\/h4>\n<p>F\u00f6r full \u00e5terbetalning, l\u00e4s v\u00e5r policy f\u00f6r avbokningar.\u00a0<a href=\"https:\/\/www.boattoursamana.com\/sv\/online-bokning\/\" target=\"_blank\" rel=\"noopener\" data-saferedirecturl=\"https:\/\/www.google.com\/url?q=https:\/\/www.boattoursamana.com\/online-booking\/&amp;source=gmail&amp;ust=1672449202351000&amp;usg=AOvVaw1yAeVAPktmaVCqDujgUn90\">Klicka h\u00e4r<\/a>. Pengarna g\u00e5r f\u00f6rlorade om bokningen avbokas samma dag som resan \u00e4ger rum.<\/p>\n\n\t\t<\/div>\n\t<\/div>\n<div class=\"vc_btn3-container vc_btn3-inline\" ><button class=\"vc_general vc_btn3 vc_btn3-size-md vc_btn3-shape-rounded vc_btn3-style-modern vc_btn3-color-green\">BOKA NU<\/button><\/div><\/div><\/div><\/div><\/div><div class=\"vc_row wpb_row vc_row-fluid\" ><div class=\"wpb_column vc_column_container vc_col-sm-12\"><div class=\"vc_column-inner\"><div class=\"wpb_wrapper\">\n\t<div class=\"wpb_video_widget wpb_content_element vc_clearfix   vc_video-aspect-ratio-169 vc_video-el-width-100 vc_video-align-left\" >\n\t\t<div class=\"wpb_wrapper\">\n\t\t\t\n\t\t\t<div class=\"wpb_video_wrapper\"><iframe loading=\"lazy\" title=\"Saman\u00e1 har det - Dominikanska republiken har allt\" width=\"1100\" height=\"619\" src=\"https:\/\/www.youtube.com\/embed\/oWlwxZLQnVU?feature=oembed\" frameborder=\"0\" allow=\"accelerometer; autoplay; encrypted-media; gyroscope; picture-in-picture\" allowfullscreen><\/iframe><\/div>\n\t\t<\/div>\n\t<\/div>\n<\/div><\/div><\/div><\/div><div class=\"vc_row wpb_row vc_row-fluid\" ><div class=\"wpb_column vc_column_container vc_col-sm-12\"><div class=\"vc_column-inner\"><div class=\"wpb_wrapper\"><div class=\"vc_empty_space\"   style=\"height: 32px\"><span class=\"vc_empty_space_inner\"><\/span><\/div>\n\t<div class=\"wpb_text_column wpb_content_element\" >\n\t\t<div class=\"wpb_wrapper\">\n\t\t\t<h4>Kontakta oss?<\/h4>\n<h5>Bokning av \u00e4ventyr<\/h5>\n<p><em><strong>Lokalbefolkningen<\/strong>\u00a0och\u00a0<strong>Nationals<\/strong>\u00a0Guider och g\u00e4stservice<\/em><\/p>\n<p><span class=\"text-turquoise\">Reservationer:<\/span>\u00a0Turer och utflykter i Dom. Rep.<\/p>\n<p><img decoding=\"async\" class=\"emoji\" draggable=\"false\" src=\"https:\/\/s.w.org\/images\/core\/emoji\/11.2.0\/svg\/1f4de.svg\" alt=\"\ud83d\udcde\" title=\"\">\u00a0Telefon \/ Whatsapp\u00a0\u00a0<a href=\"tel:+1-809-720-6035\">+1-809-720-6035<\/a>.<\/p>\n<p><img decoding=\"async\" class=\"emoji\" draggable=\"false\" src=\"https:\/\/s.w.org\/images\/core\/emoji\/11.2.0\/svg\/1f4e9.svg\" alt=\"\ud83d\udce9\" title=\"\">\u00a0<a href=\"mailto:info@bookingadventures.com.do\">info@bookingadventures.com.do<\/a><\/p>\n<p><strong>Vi \u00e4r flexibla n\u00e4r det g\u00e4ller att st\u00e4lla in privata turer via Whatsapp:\u00a0<a href=\"tel:+18097206035\">+18097206035.<\/a><\/strong><\/p>\n\n\t\t<\/div>\n\t<\/div>\n<div class=\"vc_empty_space\"   style=\"height: 32px\"><span class=\"vc_empty_space_inner\"><\/span><\/div><\/div><\/div><\/div><\/div><div class=\"vc_row wpb_row vc_row-fluid\" ><div class=\"wpb_column vc_column_container vc_col-sm-12\"><div class=\"vc_column-inner\"><div class=\"wpb_wrapper\"><div class=\"vc_btn3-container vc_btn3-inline\" ><button class=\"vc_general vc_btn3 vc_btn3-size-md vc_btn3-shape-rounded vc_btn3-style-modern vc_btn3-color-green\">BOKA NU<\/button><\/div><\/div><\/div><\/div><\/div>","protected":false},"excerpt":{"rendered":"<p><span class=\"Y2IQFc\" lang=\"en\">Privat utflykt till El Lim\u00f3n och vattenfallen Cayo Levantado (Bacardi-\u00f6n) fr\u00e5n Sosua eller Cabarete. Tv\u00e5 aktiviteter p\u00e5 en dag, bes\u00f6k den vackra skogen och vattenfallen i samh\u00e4llet El Lim\u00f3n med en lokal reseledare. Du kan ta denna tur till fots eller p\u00e5 h\u00e4strygg l\u00e4ngs kaffe- och kokosn\u00f6tsstigarna. Efter bes\u00f6ket vid El Lim\u00f3n-vattenfallen \u00e5ker vi till piren i centrum av staden Saman\u00e1 och tar en b\u00e5t till Cayo Levantado, \u00e4ven kallad Bacardi-\u00f6n. D\u00e4r \u00e4ter vi lunchbuff\u00e9 och p\u00e5 eftermiddagen badar vi p\u00e5 stranden Cayo Levantado med m\u00f6jlighet att snorkla i korallreven.<\/span><\/p>\n<p>&nbsp;<\/p>\n<p><b>V\u00e4lj datum f\u00f6r resan:\u00a0<\/b><\/p>","protected":false},"featured_media":12588,"template":"","meta":[],"product_cat":[985,961,956,982,307,253,255,1000],"product_tag":[223,311,606,986,185,267,984,983,309,310,312,186,200,187],"class_list":["post-13290","product","type-product","status-publish","has-post-thumbnail","hentry","product_cat-sosua-cabarete","product_cat-el-limon-horseback-riding","product_cat-el-limon-samana","product_cat-puerto-plata-tour","product_cat-salto-el-limon-and-bacardi-island","product_cat-tours-and-excursions","product_cat-tours-excursions-samana-bay-dominican-republic","product_cat-ultimo2022","product_tag-cayo-levantado","product_tag-cayo-levantado-tour","product_tag-el-limon-tours","product_tag-el-limon-waterfall-cayo-levantado-from-sosua-or-cabarete-private-tour","product_tag-el-limon-waterfalls","product_tag-las-terrenas","product_tag-puerto-plata-excursion","product_tag-puerto-plata-tour","product_tag-salto-el-limon","product_tag-salto-el-limon-hiking","product_tag-salto-el-limon-tour","product_tag-samana","product_tag-samana-excursions","product_tag-samana-tours"],"_links":{"self":[{"href":"https:\/\/www.boattoursamana.com\/sv\/wp-json\/wp\/v2\/product\/13290","targetHints":{"allow":["GET"]}}],"collection":[{"href":"https:\/\/www.boattoursamana.com\/sv\/wp-json\/wp\/v2\/product"}],"about":[{"href":"https:\/\/www.boattoursamana.com\/sv\/wp-json\/wp\/v2\/types\/product"}],"wp:featuredmedia":[{"embeddable":true,"href":"https:\/\/www.boattoursamana.com\/sv\/wp-json\/wp\/v2\/media\/12588"}],"wp:attachment":[{"href":"https:\/\/www.boattoursamana.com\/sv\/wp-json\/wp\/v2\/media?parent=13290"}],"wp:term":[{"taxonomy":"product_cat","embeddable":true,"href":"https:\/\/www.boattoursamana.com\/sv\/wp-json\/wp\/v2\/product_cat?post=13290"},{"taxonomy":"product_tag","embeddable":true,"href":"https:\/\/www.boattoursamana.com\/sv\/wp-json\/wp\/v2\/product_tag?post=13290"}],"curies":[{"name":"wp","href":"https:\/\/api.w.org\/{rel}","templated":true}]}}