{"id":13398,"date":"2021-11-23T10:25:21","date_gmt":"2021-11-23T10:25:21","guid":{"rendered":"https:\/\/www.ticketswhales.com\/?post_type=product&#038;p=13398"},"modified":"2023-02-26T03:44:21","modified_gmt":"2023-02-26T03:44:21","slug":"private-speed-boat-lancha-samana-bay","status":"publish","type":"product","link":"https:\/\/www.boattoursamana.com\/sv\/turne\/private-speed-boat-lancha-samana-bay","title":{"rendered":"Privat snabbb\u00e5t (Lancha) i Saman\u00e1bukten"},"content":{"rendered":"<div class=\"vc_row wpb_row vc_row-fluid\" ><div class=\"wpb_column vc_column_container vc_col-sm-12\"><div class=\"vc_column-inner\"><div class=\"wpb_wrapper\"><div class=\"vc_btn3-container vc_btn3-inline\" ><button class=\"vc_general vc_btn3 vc_btn3-size-md vc_btn3-shape-rounded vc_btn3-style-modern vc_btn3-color-green\">BOKA NU<\/button><\/div>\n\t<div class=\"wpb_text_column wpb_content_element\" >\n\t\t<div class=\"wpb_wrapper\">\n\t\t\t<div class=\"custom-left\">\n<div class=\"row\">\n<div class=\"col-md-12 cust-clas\">\n<div class=\"product-header alignleft\">\n<p>SAMANA\u00a0 BOAT &#8211; RENTAL<\/p>\n<p>PRIVATE FULL DAY CHARTER SAMANA BAY<\/p>\n<p>8 HOUR TRIP- MONDAY TO SUNDAY<\/p>\n<\/div>\n<\/div>\n<\/div>\n<\/div>\n<div class=\"custom-left para-p\">\n<div class=\"info_content_label\">\n<p><label>Info:<\/label><\/p>\n<p>Rent this fabulous speed boat\u00a0 for the full day for up to 5 people to visit the <a href=\"https:\/\/www.boattoursamana.com\/sv\/destinationer\/los-haitises-nationalpark-biljetter-turer\/\" target=\"_blank\" rel=\"noopener\" data-saferedirecturl=\"https:\/\/www.google.com\/url?q=https:\/\/www.boattoursamana.com\/destinations\/los-haitises-national-park-tickets-tours\/&amp;source=gmail&amp;ust=1637749313206000&amp;usg=AOvVaw2iM1LFDbYv-Gthna0qZt2n\">Haitises<\/a> and Cayo Levantado. Also in whale watching season you can use the boat to see the whales in Samana bay.<\/p>\n<p>Includes crew, fuel and ice cooler.<\/p>\n<p>Food Options available for an extra price:<\/p>\n<p><strong>Details of the Traditional Buffet lunch, $15 USD pp:<\/strong><\/p>\n<p>-Gr\u00f6n sallad<br \/>\n-Bread<br \/>\n-Moro de Guandule (ris i dominikansk stil) med kokosn\u00f6t<br \/>\n- Pasta i tomats\u00e5s<br \/>\n-Yuca-grytor<br \/>\n-Fisk och grillad kyckling (dorado) + valfri kokosmj\u00f6lks\u00e5s<br \/>\n-F\u00e4rsk frukt<br \/>\n-1 alkoholfri dryck (l\u00e4sk eller vatten)<br \/>\n-Kaffe<\/p>\n<p><strong>Extra hummerservice + kokosgodis $19 USD (extra).<\/strong><\/p>\n<\/div>\n<p><label>Includes:<\/label>\u00a0Other services included (Crew, Fuel and Cooler with ice is included)<\/p>\n<p><label>Ing\u00e5r inte:<\/label>\u00a0Drinks or Food are NOT included<\/p>\n<p><label>Include Fuel:<\/label>\u00a0Yes<\/p>\n<\/div>\n<p>Contact us by Whatsapp: +1-809-720-6035. Best price online&#8230;<\/p>\n<p>&nbsp;<\/p>\n<h4><b><i>Avbokningspolicy<\/i><\/b><\/h4>\n<p>F\u00f6r full \u00e5terbetalning, l\u00e4s v\u00e5r policy f\u00f6r avbokningar.\u00a0<a href=\"https:\/\/www.boattoursamana.com\/sv\/online-bokning\/\" target=\"_blank\" rel=\"noopener\" data-saferedirecturl=\"https:\/\/www.google.com\/url?q=https:\/\/www.boattoursamana.com\/online-booking\/&amp;source=gmail&amp;ust=1672449202351000&amp;usg=AOvVaw1yAeVAPktmaVCqDujgUn90\">Klicka h\u00e4r<\/a>. Pengarna g\u00e5r f\u00f6rlorade om bokningen avbokas samma dag som resan \u00e4ger rum.<\/p>\n\n\t\t<\/div>\n\t<\/div>\n<\/div><\/div><\/div><\/div><div class=\"vc_row wpb_row vc_row-fluid\" ><div class=\"wpb_column vc_column_container vc_col-sm-12\"><div class=\"vc_column-inner\"><div class=\"wpb_wrapper\"><div class=\"vc_btn3-container vc_btn3-inline\" ><button class=\"vc_general vc_btn3 vc_btn3-size-md vc_btn3-shape-rounded vc_btn3-style-modern vc_btn3-color-green\">BOKA NU<\/button><\/div><\/div><\/div><\/div><\/div>","protected":false},"excerpt":{"rendered":"<p>Private Speed Boat ( Lancha) Samana Bay Rent this fabulous speed boat\u00a0 for the full day for up to 5 people to visit the <a href=\"https:\/\/www.boattoursamana.com\/sv\/destinationer\/los-haitises-nationalpark-biljetter-turer\/\" target=\"_blank\" rel=\"noopener\" data-saferedirecturl=\"https:\/\/www.google.com\/url?q=https:\/\/www.boattoursamana.com\/destinations\/los-haitises-national-park-tickets-tours\/&amp;source=gmail&amp;ust=1637749313206000&amp;usg=AOvVaw2iM1LFDbYv-Gthna0qZt2n\">Haitises<\/a> and Cayo Levantado. Also in whale watching season you can use the boat to see the whales in Samana bay.<\/p>","protected":false},"featured_media":12415,"template":"","meta":[],"product_cat":[1054,841,1000],"product_tag":[842,843,844,845],"class_list":["post-13398","product","type-product","status-publish","has-post-thumbnail","hentry","product_cat-private-speed-boat-lancha-samana-bay","product_cat-rent-catamaran-or-boat-samana","product_cat-ultimo2022","product_tag-catamaran-for-renting-samana","product_tag-samana-boat-rentals","product_tag-samana-catamaran","product_tag-samana-rentals"],"_links":{"self":[{"href":"https:\/\/www.boattoursamana.com\/sv\/wp-json\/wp\/v2\/product\/13398","targetHints":{"allow":["GET"]}}],"collection":[{"href":"https:\/\/www.boattoursamana.com\/sv\/wp-json\/wp\/v2\/product"}],"about":[{"href":"https:\/\/www.boattoursamana.com\/sv\/wp-json\/wp\/v2\/types\/product"}],"wp:featuredmedia":[{"embeddable":true,"href":"https:\/\/www.boattoursamana.com\/sv\/wp-json\/wp\/v2\/media\/12415"}],"wp:attachment":[{"href":"https:\/\/www.boattoursamana.com\/sv\/wp-json\/wp\/v2\/media?parent=13398"}],"wp:term":[{"taxonomy":"product_cat","embeddable":true,"href":"https:\/\/www.boattoursamana.com\/sv\/wp-json\/wp\/v2\/product_cat?post=13398"},{"taxonomy":"product_tag","embeddable":true,"href":"https:\/\/www.boattoursamana.com\/sv\/wp-json\/wp\/v2\/product_tag?post=13398"}],"curies":[{"name":"wp","href":"https:\/\/api.w.org\/{rel}","templated":true}]}}