{"id":13984,"date":"2022-03-17T14:52:59","date_gmt":"2022-03-17T14:52:59","guid":{"rendered":"https:\/\/www.ticketswhales.com\/?post_type=product&#038;p=13984"},"modified":"2023-10-19T15:18:55","modified_gmt":"2023-10-19T15:18:55","slug":"jarabacoa-buggy-with-baiguate-waterfall-double","status":"publish","type":"product","link":"https:\/\/www.boattoursamana.com\/sv\/turne\/jarabacoa-buggy-med-baiguate-vattenfall-dubbel-2","title":{"rendered":"Jarabacoa Buggy med Baiguate Waterfall Double"},"content":{"rendered":"<div class=\"vc_row wpb_row vc_row-fluid\" ><div class=\"wpb_column vc_column_container vc_col-sm-12\"><div class=\"vc_column-inner\"><div class=\"wpb_wrapper\"><div class=\"mkdf-section-title-holder\" style=\"text-align: left\">\n\t<div class=\"mkdf-st-inner\">\n\t\t\t\t\t<h5 class=\"mkdf-st-subtitle\" >\n\t\t\t\tBuggy - Buggy\t\t\t<\/h5>\n\t\t\t\t\t\t\t<h3 class=\"mkdf-st-title\" >\n\t\t\t\tJarabacoa med Jimenoa och Baiguate vattenfall\t\t\t<\/h3>\n\t\t\t\t\t<\/div>\n<\/div><\/div><\/div><\/div><\/div><div class=\"vc_row wpb_row vc_row-fluid\" ><div class=\"wpb_column vc_column_container vc_col-sm-12\"><div class=\"vc_column-inner\"><div class=\"wpb_wrapper\"><div class=\"vc_btn3-container vc_btn3-inline\" ><a class=\"vc_general vc_btn3 vc_btn3-size-md vc_btn3-shape-rounded vc_btn3-style-modern vc_btn3-color-green\" href=\"https:\/\/bookingadventures.tours\/booking.php?tour_id=e29316590922029738666cca35b0d5d9\" title=\"\" rel=\"noopener\">BOKA NU<\/a><\/div>\n\t<div class=\"wpb_text_column wpb_content_element\" >\n\t\t<div class=\"wpb_wrapper\">\n\t\t\t<h3 class=\"ui_header h1 attractions-product-info-ProductTitle__title--1qM0o\">Jarabacoa buggy med Baiguate Waterfall Double<\/h3>\n<h4><b><i>\u00d6versikt <\/i><\/b><\/h4>\n<p><span style=\"font-weight: 400;\">F\u00f6lj med oss och res med en lokal expert fr\u00e5n Jarabacoa och f\u00e5 den unika upplevelsen av att bes\u00f6ka de b\u00e4sta platserna fr\u00e5n ekoturismens huvudstad med start fr\u00e5n Jarabacoa, denna turn\u00e9 tar dig runt och ser det vackra landskapet i Dominikanska republikens st\u00f6rsta bergsranch. N\u00e4r du k\u00f6r runt till de olika platserna kommer du att k\u00e4nna bergsluften och njuta av den vackra naturen.\u00a0<\/span><\/p>\n<p><span style=\"font-weight: 400;\">Vi kan ta oss till de olika platserna f\u00f6r denna turn\u00e9. Du kommer att ha alternativen: Cykling, Ridning, Safari, Fyra hjul eller Buggy. K\u00f6p din biljett online nu och l\u00e5t oss ha kul att l\u00e4ra oss om Jarabacoa och Dominikanska republikens kultur n\u00e4r du reser runt till de b\u00e4sta platserna i staden.<\/span><\/p>\n<p><span style=\"font-weight: 400;\">Jarabacoa \u00e4r staden f\u00f6r det eviga v\u00e5ruppeh\u00e5llet p\u00e5 grund av v\u00e4dret och den n\u00e4st viktigaste kommunen fr\u00e5n la Vega-provinsen. Enligt historien betyder Jarabacoa &quot;plats f\u00f6r mycket vatten&quot;, den 27 september 1858 b\u00f6rjade Jarabacoa sitt liv som kommun, en kategori som erh\u00f6lls efter en karri\u00e4r som kom fr\u00e5n b\u00f6rjan av 1800-talet. Res med oss och l\u00e4r dig mer om bergen, naturen, kulturen och m\u00e4nniskorna i den norra regionen av Dominikanska republiken.\u00a0<\/span><\/p>\n<ul>\n<li style=\"font-weight: 400;\">Avgifter ing\u00e5r<\/li>\n<li>Lunch<\/li>\n<li>Snacks<\/li>\n<li style=\"font-weight: 400;\">Lokal guide p\u00e5 engelska<\/li>\n<\/ul>\n<h4><b>Inkluderat och uteslutet<\/b><\/h4>\n<p><b>Inkluderat material<\/b><\/p>\n<ol>\n<li>Lunch<\/li>\n<li style=\"font-weight: 400;\"><span style=\"font-weight: 400;\">Alla skatter, avgifter och hanteringsavgifter<\/span><\/li>\n<li style=\"font-weight: 400;\"><span style=\"font-weight: 400;\">Lokala skatter<\/span><\/li>\n<li style=\"font-weight: 400;\"><span style=\"font-weight: 400;\">Drycker<\/span><\/li>\n<li>Snacks<\/li>\n<li style=\"font-weight: 400;\"><span style=\"font-weight: 400;\">Alla verksamheter<\/span><\/li>\n<li style=\"font-weight: 400;\"><span style=\"font-weight: 400;\">Lokal guide<\/span><\/li>\n<\/ol>\n<p><b> Undantag<\/b><\/p>\n<ol>\n<li style=\"font-weight: 400;\"><span style=\"font-weight: 400;\">Dricks<\/span><\/li>\n<li>transport (fastst\u00e4lls genom att kontakta oss)<\/li>\n<li style=\"font-weight: 400;\"><span style=\"font-weight: 400;\">Alkoholhaltiga drycker<\/span><\/li>\n<\/ol>\n<h4><em><strong>Avresa och \u00e5terkomst<\/strong><\/em><\/h4>\n<p><span style=\"font-weight: 400;\">Resen\u00e4ren f\u00e5r en m\u00f6tesplats efter bokningsprocessen. Turerna b\u00f6rjar och slutar vid din m\u00f6tesplats.<\/span><\/p>\n<h3 class=\"ui_header h1 attractions-product-info-ProductTitle__title--1qM0o\">Jarabacoa buggy med Baiguate Waterfall Double<\/h3>\n<h4><b><i>Vad kan man f\u00f6rv\u00e4nta sig?<\/i><\/b><\/h4>\n<p><span style=\"font-weight: 400;\">Skaffa din biljett till Baiguate Waterfalls From Jarabacoa City by Buggy.\u00a0<\/span><\/p>\n<p><span style=\"font-weight: 400;\">N\u00e4r vi pratar om barnvagnar talar vi om ett terr\u00e4ngfordon som erbjuder s\u00e4kerhet och enkel hantering, samtidigt som anv\u00e4ndaren f\u00e5r st\u00f6rre kontakt med terr\u00e4ngen och naturen som omger honom under k\u00f6rning. K\u00e4nn vinden, solen, regnet, se landskapet vid din sida i en bekv\u00e4m och s\u00e4ker enhet utformad f\u00f6r att njuta av skogsv\u00e4gen och terr\u00e4ngen.<\/span><\/p>\n<p><span style=\"font-weight: 400;\">Denna utflykt startar fr\u00e5n en m\u00f6tesplats som du m\u00e5ste bekr\u00e4fta med v\u00e5ra resebyr\u00e5er eller din reseguide innan du g\u00e5r till n\u00e5gon plats. N\u00e4r du tr\u00e4ffar din guide f\u00e5r du en genomg\u00e5ng av turn\u00e9n och allt relaterat till din dag.<\/span><\/p>\n<p><span style=\"font-weight: 400;\">N\u00e4r alla \u00e4r redo kommer vi att b\u00f6rja v\u00e5r tur till n\u00e5gra landsbygdsomr\u00e5den i Jarabacoa Town, medan vi k\u00f6r din buggy, de gropiga v\u00e4garna och bergsluften p\u00e5 landsbygden fr\u00e5n centrala norra delen av landet kommer att visa dig sk\u00f6nheten och naturen genom detta \u00e4ventyr.<\/span><\/p>\n<p><span style=\"font-weight: 400;\">N\u00e5gra av platserna du kommer att bes\u00f6ka under denna resa \u00e4r La Confluencia d\u00e4r floden Jimenoa och Yaque Del Norte m\u00f6ts, Cieneguita och Monte Arriba.\u00a0<\/span><\/p>\n<p><span style=\"font-weight: 400;\">Efter att ha ridit i cirka 30 kilometer beger vi oss till Baiguate Waterfall f\u00f6r en 10 minuters vandring och bad i naturliga pooler.\u00a0<\/span><\/p>\n<p><span style=\"font-weight: 400;\">Under denna del av din resa kommer du att kunna bada i cirka 1 timme och ta en paus f\u00f6r att prova n\u00e5gra f\u00e4rska frukter som sk\u00f6rdats fr\u00e5n Jarabacoa bondens mark varje dag. Baiguate har ett 82 fot h\u00f6gt fall och \u00e4r det perfekta st\u00e4llet att koppla av lite innan du g\u00e5r tillbaka till stan.\u00a0\u00a0<\/span><\/p>\n<p><span style=\"font-weight: 400;\">Under denna del av din resa kommer du att kunna bada i cirka 1 timme och ta en paus f\u00f6r att prova n\u00e5gra f\u00e4rska frukter som sk\u00f6rdats fr\u00e5n Jarabacoa bondens mark varje dag. Baiguate har ett 82 fot h\u00f6gt fall och \u00e4r det perfekta st\u00e4llet att koppla av lite innan du g\u00e5r tillbaka till stan.\u00a0\u00a0<\/span><\/p>\n<p><span style=\"font-weight: 400;\">Senare efter Baiguate Waterfall kommer vi att bege oss till Ivon&#039;s f\u00f6r att prova den b\u00e4sta lokala glasssmaken, hemgjord av en lokal expert, och g\u00e5 till Duarte Central Park f\u00f6r den sista delen av din resa, detta \u00e4r en 6 timmars rundtur som ger dig m\u00f6jlighet att \u00f6vervaka Jarabacoa, denna utflykt slutar p\u00e5 samma plats som den b\u00f6rjade.<\/span><\/p>\n<p><span style=\"font-weight: 400;\">Obs: Dessa turer \u00e4r med tj\u00e4nstem\u00e4ns ekologreseguider. Boka g\u00e4rna i tid f\u00f6r i parken finns det inte f\u00f6r m\u00e5nga specialister.<\/span><\/p>\n<h4><em><strong>Vad ska du ta med dig?<\/strong><\/em><\/h4>\n<ul>\n<li style=\"font-weight: 400;\"><span style=\"font-weight: 400;\">Kamera<\/span><\/li>\n<li style=\"font-weight: 400;\"><span style=\"font-weight: 400;\">Repellerande knoppar<\/span><\/li>\n<li style=\"font-weight: 400;\"><span style=\"font-weight: 400;\">Solkr\u00e4m<\/span><\/li>\n<li style=\"font-weight: 400;\"><span style=\"font-weight: 400;\">Hatt<\/span><\/li>\n<li style=\"font-weight: 400;\"><span style=\"font-weight: 400;\">Bekv\u00e4ma byxor<\/span><\/li>\n<li style=\"font-weight: 400;\"><span style=\"font-weight: 400;\">Vandringsskor f\u00f6r skogen<\/span><\/li>\n<li style=\"font-weight: 400;\"><span style=\"font-weight: 400;\">Sandaler till v\u00e5romr\u00e5dena.<\/span><\/li>\n<li style=\"font-weight: 400;\"><span style=\"font-weight: 400;\">Badkl\u00e4der<\/span><\/li>\n<\/ul>\n<h4><b><i>H\u00e4mtning p\u00e5 hotellet <\/i><\/b><\/h4>\n<p><span style=\"font-weight: 400;\">Hotellupph\u00e4mtning erbjuds inte f\u00f6r denna turn\u00e9. Vi st\u00e4ller in Pick up genom att kontakta oss via Whatsapp.<\/span><\/p>\n<p><b>Observera:<\/b><span style=\"font-weight: 400;\"> Om du bokar inom 24 timmar f\u00f6re turens\/utflyktens avg\u00e5ngstid kan vi ordna h\u00e4mtning p\u00e5 hotellet mot en extra avgift. N\u00e4r ditt k\u00f6p \u00e4r klart skickar vi dig fullst\u00e4ndig kontaktinformation (telefonnummer, e-postadress etc.) till v\u00e5r lokala guide f\u00f6r att organisera upph\u00e4mtning.<\/span><\/p>\n<h4><b><i>Ytterligare information Bekr\u00e4ftelse <\/i><\/b><\/h4>\n<ol>\n<li>Biljetter \u00e4r kvittot efter att du har betalat f\u00f6r turen. Du kan visa betalningen p\u00e5 din telefon.<\/li>\n<li style=\"font-weight: 400;\"><span style=\"font-weight: 400;\">M\u00f6tesplatsen kommer att meddelas efter bokningsprocessen.<\/span><\/li>\n<li style=\"font-weight: 400;\"><span style=\"font-weight: 400;\">Barn m\u00e5ste \u00e5tf\u00f6ljas av en vuxen.<\/span><\/li>\n<li style=\"font-weight: 400;\"><span style=\"font-weight: 400;\"> Inte rullstolsanpassad <\/span><\/li>\n<li style=\"font-weight: 400;\"><span style=\"font-weight: 400;\">Sp\u00e4dbarn m\u00e5ste sitta i kn\u00e4vecken <\/span><\/li>\n<li style=\"font-weight: 400;\"><span style=\"font-weight: 400;\">Rekommenderas inte f\u00f6r resen\u00e4rer med ryggproblem<\/span><\/li>\n<li style=\"font-weight: 400;\"><span style=\"font-weight: 400;\">Rekommenderas inte f\u00f6r gravida resen\u00e4rer <\/span><\/li>\n<li style=\"font-weight: 400;\"><span style=\"font-weight: 400;\"> Inga hj\u00e4rtproblem eller andra allvarliga medicinska tillst\u00e5nd <\/span><\/li>\n<li style=\"font-weight: 400;\"><span style=\"font-weight: 400;\">De flesta resen\u00e4rer kan delta<\/span><\/li>\n<\/ol>\n<h4><b><i>Avbokningspolicy<\/i><\/b><\/h4>\n<p>F\u00f6r full \u00e5terbetalning, l\u00e4s v\u00e5r policy f\u00f6r avbokningar.\u00a0<a href=\"https:\/\/www.boattoursamana.com\/sv\/online-bokning\/\" target=\"_blank\" rel=\"noopener\" data-saferedirecturl=\"https:\/\/www.google.com\/url?q=https:\/\/www.boattoursamana.com\/online-booking\/&amp;source=gmail&amp;ust=1672449202351000&amp;usg=AOvVaw1yAeVAPktmaVCqDujgUn90\">Klicka h\u00e4r<\/a>. Pengarna g\u00e5r f\u00f6rlorade om bokningen avbokas samma dag som resan \u00e4ger rum.<\/p>\n\n\t\t<\/div>\n\t<\/div>\n<div class=\"vc_btn3-container vc_btn3-inline\" ><a class=\"vc_general vc_btn3 vc_btn3-size-md vc_btn3-shape-rounded vc_btn3-style-modern vc_btn3-color-green\" href=\"https:\/\/bookingadventures.tours\/booking.php?tour_id=e29316590922029738666cca35b0d5d9\" title=\"\" rel=\"noopener\">BOKA NU<\/a><\/div><\/div><\/div><\/div><\/div><div class=\"vc_row wpb_row vc_row-fluid\" ><div class=\"wpb_column vc_column_container vc_col-sm-12\"><div class=\"vc_column-inner\"><div class=\"wpb_wrapper\">\n\t<div class=\"wpb_video_widget wpb_content_element vc_clearfix   vc_video-aspect-ratio-169 vc_video-el-width-100 vc_video-align-left\" >\n\t\t<div class=\"wpb_wrapper\">\n\t\t\t<h2 class=\"wpb_heading wpb_video_heading\">Jarabacoa City Video:<\/h2>\n\t\t\t<div class=\"wpb_video_wrapper\"><iframe loading=\"lazy\" title=\"Jarabacoa, Turismo entre rios y monta\u00f1a\" width=\"1100\" height=\"619\" src=\"https:\/\/www.youtube.com\/embed\/FRHfK4RS39A?feature=oembed\" frameborder=\"0\" allow=\"accelerometer; autoplay; clipboard-write; encrypted-media; gyroscope; picture-in-picture\" allowfullscreen><\/iframe><\/div>\n\t\t<\/div>\n\t<\/div>\n<\/div><\/div><\/div><\/div><div class=\"vc_row wpb_row vc_row-fluid\" ><\/div><div class=\"wpb_column vc_column_container vc_col-sm-12\"><div class=\"vc_column-inner\"><div class=\"wpb_wrapper\"><\/div><\/div><\/div><div class=\"vc_empty_space\"   style=\"height: 32px\"><span class=\"vc_empty_space_inner\"><\/span><\/div><div class=\"vc_row wpb_row vc_row-fluid\" ><div class=\"wpb_column vc_column_container vc_col-sm-12\"><div class=\"vc_column-inner\"><div class=\"wpb_wrapper\"><div class=\"vc_btn3-container vc_btn3-inline\" ><a class=\"vc_general vc_btn3 vc_btn3-size-md vc_btn3-shape-rounded vc_btn3-style-modern vc_btn3-color-green\" href=\"https:\/\/bookingadventures.tours\/booking.php?tour_id=e29316590922029738666cca35b0d5d9\" title=\"\" rel=\"noopener\">BOKA NU<\/a><\/div><\/div><\/div><\/div><\/div>","protected":false},"excerpt":{"rendered":"<p>Join us and travel with a local expert from Jarabacoa and get the unique experience of visiting the best places in the capital of ecotourism starting from Jarabacoa, this tour will take you to know the beautiful landscape of the largest mountain ranch in the Dominican Republic. As you drive through the different locations, you will feel the mountain air and enjoy the beauty of the countryside.<\/p>\n<p><strong>V\u00e4lj datum f\u00f6r turn\u00e9n:<\/strong><\/p>","protected":false},"featured_media":12529,"template":"","meta":[],"product_cat":[946,159,889,253],"product_tag":[895,892,891,890,896,894,893],"class_list":["post-13984","product","type-product","status-publish","has-post-thumbnail","hentry","product_cat-1-sabana-de-la-mar","product_cat-fees-entrace","product_cat-jarabacoa-buggy","product_cat-tours-and-excursions","product_tag-baiguate-waterfall","product_tag-jarabacoa-buggies","product_tag-jarabacoa-buggy","product_tag-jarabacoa-tour","product_tag-jimenoa-waterfall","product_tag-salto-baiguate","product_tag-salto-jimenoa"],"_links":{"self":[{"href":"https:\/\/www.boattoursamana.com\/sv\/wp-json\/wp\/v2\/product\/13984","targetHints":{"allow":["GET"]}}],"collection":[{"href":"https:\/\/www.boattoursamana.com\/sv\/wp-json\/wp\/v2\/product"}],"about":[{"href":"https:\/\/www.boattoursamana.com\/sv\/wp-json\/wp\/v2\/types\/product"}],"wp:featuredmedia":[{"embeddable":true,"href":"https:\/\/www.boattoursamana.com\/sv\/wp-json\/wp\/v2\/media\/12529"}],"wp:attachment":[{"href":"https:\/\/www.boattoursamana.com\/sv\/wp-json\/wp\/v2\/media?parent=13984"}],"wp:term":[{"taxonomy":"product_cat","embeddable":true,"href":"https:\/\/www.boattoursamana.com\/sv\/wp-json\/wp\/v2\/product_cat?post=13984"},{"taxonomy":"product_tag","embeddable":true,"href":"https:\/\/www.boattoursamana.com\/sv\/wp-json\/wp\/v2\/product_tag?post=13984"}],"curies":[{"name":"wp","href":"https:\/\/api.w.org\/{rel}","templated":true}]}}