{"id":14291,"date":"2022-11-02T08:35:02","date_gmt":"2022-11-02T08:35:02","guid":{"rendered":"https:\/\/www.ticketswhales.com\/?post_type=product&#038;p=14291"},"modified":"2023-10-12T02:05:54","modified_gmt":"2023-10-12T02:05:54","slug":"punta-cana-los-haitises-national-park-yanigua-waterfalls-montana-redonda","status":"publish","type":"product","link":"https:\/\/www.boattoursamana.com\/sv\/turne\/punta-cana-los-haitises-nationalpark-yanigua-vattenfall-montana-redonda-2","title":{"rendered":"Punta Cana: Los Haitises nationalpark, Yanigua vattenfall och Montana Redonda"},"content":{"rendered":"<div class=\"vc_row wpb_row vc_row-fluid\" ><div class=\"wpb_column vc_column_container vc_col-sm-12\"><div class=\"vc_column-inner\"><div class=\"wpb_wrapper\"><div class=\"mkdf-section-title-holder\" style=\"text-align: left\">\n\t<div class=\"mkdf-st-inner\">\n\t\t\t\t\t<h5 class=\"mkdf-st-subtitle\" >\n\t\t\t\tTransport och lunch ing\u00e5r\t\t\t<\/h5>\n\t\t\t\t\t\t\t<h3 class=\"mkdf-st-title\" >\n\t\t\t\tPunta Cana: Nationalparken Los Haitises, vattenfallen i Yanigua och Montana Redonda\t\t\t<\/h3>\n\t\t\t\t\t<\/div>\n<\/div><\/div><\/div><\/div><\/div><div class=\"vc_row wpb_row vc_row-fluid\" ><div class=\"wpb_column vc_column_container vc_col-sm-12\"><div class=\"vc_column-inner\"><div class=\"wpb_wrapper\"><div class=\"vc_btn3-container vc_btn3-inline\" ><a class=\"vc_general vc_btn3 vc_btn3-size-md vc_btn3-shape-rounded vc_btn3-style-modern vc_btn3-color-green\" href=\"https:\/\/bookingadventures.tours\/booking.php?tour_id=8081df21d5fc51981b39e270d99ab5ab\" title=\"\" rel=\"noopener\">BOKA NU <\/a><\/div>\n\t<div class=\"wpb_text_column wpb_content_element\" >\n\t\t<div class=\"wpb_wrapper\">\n\t\t\t<h3>Punta Cana: Nationalparken Los Haitises, vattenfallen i Yanigua och Montana Redonda<\/h3>\n<h4><b><i>\u00d6versikt <\/i><\/b><\/h4>\n<p>Los Haitises National Park Tour fr\u00e5n Punta Cana Dagstur. Med start fr\u00e5n ditt hotell i Punta Cana eller Bavaro. Vi kommer att k\u00f6ra med v\u00e5r reseguide till Montana Redonda. D\u00e4r du har tid att ta fantastiska bilder fr\u00e5n en av de mest imponerande vyerna i Dominikanska republiken. Efter detta f\u00f6rsta stopp forts\u00e4tter vi att bes\u00f6ka Los Haitises nationalpark, lite snacks och typiska drinkar medan vi g\u00e5r runt mangrover, grottor och ber\u00f6mda klipp\u00f6ar som i Jurassic Park. Efter att ha bes\u00f6kt Los Haitises nationalpark v\u00e4ntar lunch p\u00e5 oss i Yanigua vattenfall. Om du \u00e4r ute efter lokal och gastronomisk lokal lunch m\u00e5ste du ha tid att simma i de unika naturliga poolerna vattnet kommer fr\u00e5n Los Haitises nationalpark.<\/p>\n<p>Efter denna upplevelse kommer du tillbaka till Punta Cana Community d\u00e4r vi h\u00e4mtar dig.<\/p>\n<ul>\n<li style=\"font-weight: 400;\">Avgifter ing\u00e5r<\/li>\n<li>Lunch<\/li>\n<li>Snacks<\/li>\n<li style=\"font-weight: 400;\">Lokal guide p\u00e5 engelska eller franska<\/li>\n<li>Transport<\/li>\n<li>B\u00e5tresa<\/li>\n<li>Montana Redonda<\/li>\n<li>Yanigua vattenfall<\/li>\n<\/ul>\n<p>&nbsp;<\/p>\n<h4><b>Inkluderat och uteslutet<\/b><\/h4>\n<p>&nbsp;<\/p>\n<p><b>Inkluderat material<\/b><\/p>\n<ol>\n<li style=\"font-weight: 400;\">Tur i Los Haitises + grottor och piktografer<\/li>\n<li>Montana Redonda<\/li>\n<li>Yanigua vattenfall<\/li>\n<li>Lunch<\/li>\n<li>H\u00e4mta hotell i Punta Cana Areas.<\/li>\n<li style=\"font-weight: 400;\"><span style=\"font-weight: 400;\">Alla skatter, avgifter och hanteringsavgifter<\/span><\/li>\n<li style=\"font-weight: 400;\"><span style=\"font-weight: 400;\">Lokala skatter<\/span><\/li>\n<li style=\"font-weight: 400;\"><span style=\"font-weight: 400;\">Drycker<\/span><\/li>\n<li>Snacks<\/li>\n<li style=\"font-weight: 400;\"><span style=\"font-weight: 400;\">Alla verksamheter<\/span><\/li>\n<li style=\"font-weight: 400;\"><span style=\"font-weight: 400;\">Lokal guide<\/span><\/li>\n<\/ol>\n<p><b> Undantag<\/b><\/p>\n<ol>\n<li style=\"font-weight: 400;\"><span style=\"font-weight: 400;\">Dricks<\/span><\/li>\n<li style=\"font-weight: 400;\"><span style=\"font-weight: 400;\">Alkoholhaltiga drycker<\/span><\/li>\n<\/ol>\n<p>&nbsp;<\/p>\n<h4><em><strong>Avresa och \u00e5terkomst<\/strong><\/em><\/h4>\n<p><span style=\"font-weight: 400;\">Resen\u00e4ren f\u00e5r en m\u00f6tesplats efter bokningsprocessen. Turerna b\u00f6rjar och slutar p\u00e5 din m\u00f6tesplats.<\/span><\/p>\n<h4><\/h4>\n<h3>Punta Cana: Nationalparken Los Haitises, vattenfallen i Yanigua och Montana Redonda<\/h3>\n<h4><b><i>Vad kan man f\u00f6rv\u00e4nta sig?<\/i><\/b><\/h4>\n<p><em><strong>K\u00f6p dina biljetter<\/strong><\/em> f\u00f6r att bes\u00f6ka Los Haitises National Park Tour fr\u00e5n Punta Cana.<\/p>\n<p>The\u00a0<strong>Dominikanska republikens tropiska natur<\/strong>\u00a0\u00e4r en av de viktigaste\u00a0<strong>turistattraktioner<\/strong>\u00a0i landet. Idag vill vi f\u00f6resl\u00e5 dig en\u00a0<strong>unik utflykt<\/strong>\u00a0som du kan g\u00f6ra fr\u00e5n Punta Cana, och det inkluderar ett bes\u00f6k p\u00e5 tre platser d\u00e4r landskapen kommer att g\u00f6ra dig m\u00e5ll\u00f6s.<\/p>\n<p>Den f\u00f6rsta av dem \u00e4r\u00a0<em>Runt berg<\/em>, en plats som har blivit k\u00e4nd de senaste \u00e5ren f\u00f6r sin\u00a0<strong>panoramautsikt<\/strong>\u00a0\u00f6ver Karibien, d\u00e4r\u00a0<strong>\u00f6gonblicksbilder p\u00e5 en gunga<\/strong>\u00a0som ser mot horisonten har gjort den till en av de\u00a0<strong>mest fotograferade platser i Dominikanska republiken<\/strong>.<\/p>\n<p><strong>Nationalparken Los Haitises<\/strong>\u00a0\u00e4r v\u00e5r n\u00e4sta destination p\u00e5 kartan, ett omr\u00e5de d\u00e4r\u00a0<strong>havet, mangrove, djungler<\/strong>\u00a0och \u00e4ven\u00a0<strong>arkeologiska l\u00e4mningar<\/strong>\u00a0g\u00f6md i grottor, avsl\u00f6ja alla\u00a0<strong>naturlig charm som landet erbjuder<\/strong>. Dess sm\u00e5 kullar fulla av v\u00e4xtlighet \u00e4r ocks\u00e5 den perfekta platsen f\u00f6r f\u00e5gelsk\u00e5dning som du bara hittar h\u00e4r.<\/p>\n<p>Inne i parken finns en till\u00a0<strong>magisk plats: Yanigua Ranch Waterfalls<\/strong>. Detta spektakul\u00e4ra vattenfall \u00e4r\u00a0<strong>perfekt st\u00e4lle att koppla fr\u00e5n<\/strong>\u00a0fr\u00e5n turistmassorna i Punta Cana, omgiven av en tjock vegetation som f\u00e5r oss att tro att vi \u00e4r mer \u00e4n 100 kilometer fr\u00e5n n\u00e4rmaste stad, \u00e4ven om det verkligen inte \u00e4r s\u00e5.<\/p>\n<div class=\"body-description secondary\">\n<p>Efter lunch \u00e5ker vi tillbaka till Punta Cana!!<\/p>\n<h2 id=\"headline-62-1277\" class=\"ct-headline\">Resv\u00e4g f\u00f6r turn\u00e9n<\/h2>\n<div id=\"_rich_text-77-1277\" class=\"oxy-rich-text\">\n<p>Resplanen f\u00f6r denna utflykt \u00e4r som f\u00f6ljer:<\/p>\n<ul>\n<li><strong>06:50<\/strong>\u00a0\u2013 H\u00e4mtar dig p\u00e5 ditt hotell.<\/li>\n<li><strong>08:30<\/strong>\u00a0\u2013 Ankomst till runda berg, ett unikt landskap i hela landet.<\/li>\n<li><strong>10:30<\/strong>\u00a0\u2013 Avg\u00e5r fr\u00e5n Sabana de la Mar mot Haitises nationalpark med motorb\u00e5t. P\u00e5 v\u00e4gen f\u00e5r vi se\u00a0<strong>exotiska f\u00e5glar<\/strong>, och vi kommer fram till\u00a0<strong>grottor<\/strong>\u00a0d\u00e4r du kan se\u00a0<strong>inhemska m\u00e5lningar<\/strong>.<\/li>\n<li><strong>12:30<\/strong>\u00a0<strong>kl\u00a0<\/strong>\u2013 G\u00e5 djupt in i djungeln tills vi n\u00e5r Yanigua Ranch Waterfalls, ett perfekt st\u00e4lle att \u00e4ta lunch och ta ett dopp. Du kan ocks\u00e5 ta ett terapeutiskt lerbad.<\/li>\n<li><strong>02:00<\/strong>\u00a0<strong>kl<\/strong>\u00a0\u2013 Du kan smaka\u00a0<strong>kaffe och kakao<\/strong>\u00a0fr\u00e5n lokala g\u00e5rdar och rancher.<\/li>\n<li><strong>03:00<\/strong>\u00a0<strong>kl<\/strong>- Bes\u00f6k\u00a0<strong>bl\u00e5 b\u00e4rnstensgruva<\/strong>.<\/li>\n<li><strong>04:30<\/strong>\u00a0\u2013 Stanna vid en fotografisk utsiktspunkt d\u00e4r du kan se prakten i Haitises nationalpark.<\/li>\n<li><strong>05:00<\/strong>\u00a0\u2013 Slutligen kommer en guide att ta oss till en av platsens mest m\u00e4rkliga konstruktioner,\u00a0<em>Tarzans hus<\/em>, som ligger i ett \u00f6ver 100 fot h\u00f6gt tr\u00e4d.<\/li>\n<li><strong>06:00<\/strong>\u00a0\u2013 \u00c5terv\u00e4nd till hotellen med v\u00e5r transport.<\/li>\n<\/ul>\n<p><em>* Tiderna som anges ovan \u00e4r ungef\u00e4rliga<\/em><\/p>\n<\/div>\n<\/div>\n<p>Om du vill ha den h\u00e4r resan l\u00e4ngre eller kortare, kontakta oss bara.<\/p>\n<p>&nbsp;<\/p>\n<h4><em><strong>Vad ska du ta med dig?<\/strong><\/em><\/h4>\n<ul>\n<li style=\"font-weight: 400;\"><span style=\"font-weight: 400;\">Kamera<\/span><\/li>\n<li style=\"font-weight: 400;\"><span style=\"font-weight: 400;\">Repellerande knoppar<\/span><\/li>\n<li style=\"font-weight: 400;\"><span style=\"font-weight: 400;\">Solkr\u00e4m<\/span><\/li>\n<li style=\"font-weight: 400;\"><span style=\"font-weight: 400;\">Hatt<\/span><\/li>\n<li style=\"font-weight: 400;\"><span style=\"font-weight: 400;\">Bekv\u00e4ma byxor<\/span><\/li>\n<li style=\"font-weight: 400;\"><span style=\"font-weight: 400;\">Vandringsskor f\u00f6r skogen<\/span><\/li>\n<li style=\"font-weight: 400;\"><span style=\"font-weight: 400;\">Sandaler till v\u00e5romr\u00e5dena.<\/span><\/li>\n<li style=\"font-weight: 400;\"><span style=\"font-weight: 400;\">Badkl\u00e4der<\/span><\/li>\n<\/ul>\n<p>&nbsp;<\/p>\n<h4><b><i>H\u00e4mtning p\u00e5 hotellet <\/i><\/b><\/h4>\n<p><span style=\"font-weight: 400;\">Hotellh\u00e4mtning erbjuds f\u00f6r denna turn\u00e9. V\u00e4lj hotellnamn och tid h\u00e4r. Kontakta oss om ditt hotell inte finns med p\u00e5 listan.<\/span><\/p>\n<p>&nbsp;<\/p>\n<p><b>Observera:<\/b><span style=\"font-weight: 400;\"> Om du bokar inom 24 timmar f\u00f6re turens\/utflyktens avg\u00e5ngstid kan vi ordna h\u00e4mtning p\u00e5 hotellet. N\u00e4r ditt k\u00f6p \u00e4r klart skickar vi dig fullst\u00e4ndig kontaktinformation (telefonnummer, e-postadress etc.) till v\u00e5r lokala guide f\u00f6r att organisera upph\u00e4mtning.<\/span><\/p>\n<h4><b><i>Ytterligare information Bekr\u00e4ftelse <\/i><\/b><\/h4>\n<ol>\n<li>Biljetterna \u00e4r kvittot efter att du har betalat denna turn\u00e9. Du kan visa betalningen p\u00e5 din telefon.<\/li>\n<li style=\"font-weight: 400;\"><span style=\"font-weight: 400;\">M\u00f6tesplatsen kommer att meddelas efter bokningsprocessen.<\/span><\/li>\n<li style=\"font-weight: 400;\"><span style=\"font-weight: 400;\">Barn m\u00e5ste \u00e5tf\u00f6ljas av en vuxen.<\/span><\/li>\n<li style=\"font-weight: 400;\"><span style=\"font-weight: 400;\"> Inte rullstolsanpassad <\/span><\/li>\n<li style=\"font-weight: 400;\"><span style=\"font-weight: 400;\">Sp\u00e4dbarn m\u00e5ste sitta i kn\u00e4vecken <\/span><\/li>\n<li style=\"font-weight: 400;\"><span style=\"font-weight: 400;\">Rekommenderas inte f\u00f6r resen\u00e4rer med ryggproblem<\/span><\/li>\n<li style=\"font-weight: 400;\"><span style=\"font-weight: 400;\">Rekommenderas inte f\u00f6r gravida resen\u00e4rer <\/span><\/li>\n<li style=\"font-weight: 400;\"><span style=\"font-weight: 400;\"> Inga hj\u00e4rtproblem eller andra allvarliga medicinska tillst\u00e5nd <\/span><\/li>\n<li style=\"font-weight: 400;\"><span style=\"font-weight: 400;\">De flesta resen\u00e4rer kan delta<\/span><\/li>\n<\/ol>\n<h4><b><i>Avbokningspolicy<\/i><\/b><\/h4>\n<p>F\u00f6r full \u00e5terbetalning, l\u00e4s v\u00e5r policy f\u00f6r avbokningar.\u00a0<a href=\"https:\/\/www.boattoursamana.com\/sv\/online-bokning\/\" target=\"_blank\" rel=\"noopener\" data-saferedirecturl=\"https:\/\/www.google.com\/url?q=https:\/\/www.boattoursamana.com\/online-booking\/&amp;source=gmail&amp;ust=1672308980019000&amp;usg=AOvVaw26v5FL8g3-3hyHN76KOvdD\">Klicka h\u00e4r<\/a>. Pengarna g\u00e5r f\u00f6rlorade om bokningen avbokas samma dag som resan \u00e4ger rum.<\/p>\n\n\t\t<\/div>\n\t<\/div>\n<div class=\"vc_btn3-container vc_btn3-inline\" ><a class=\"vc_general vc_btn3 vc_btn3-size-md vc_btn3-shape-rounded vc_btn3-style-modern vc_btn3-color-green\" href=\"https:\/\/bookingadventures.tours\/booking.php?tour_id=8081df21d5fc51981b39e270d99ab5ab\" title=\"\" rel=\"noopener\">BOKA NU <\/a><\/div><\/div><\/div><\/div><\/div><div class=\"vc_row wpb_row vc_row-fluid\" ><div class=\"wpb_column vc_column_container vc_col-sm-12\"><div class=\"vc_column-inner\"><div class=\"wpb_wrapper\"><div class=\"vc_empty_space\"   style=\"height: 32px\"><span class=\"vc_empty_space_inner\"><\/span><\/div>\n\t<div class=\"wpb_video_widget wpb_content_element vc_clearfix   vc_video-aspect-ratio-169 vc_video-el-width-100 vc_video-align-left\" >\n\t\t<div class=\"wpb_wrapper\">\n\t\t\t<h2 class=\"wpb_heading wpb_video_heading\">Los Haitises National Park Video:<\/h2>\n\t\t\t<div class=\"wpb_video_wrapper\"><iframe loading=\"lazy\" title=\"Los Haitises nationalpark, turer och utflykter fr\u00e5n Samana eller Sabana de la Mar. Boka h\u00e4r:\" src=\"https:\/\/player.vimeo.com\/video\/346508015?dnt=1&amp;app_id=122963\" width=\"1100\" height=\"619\" frameborder=\"0\" allow=\"autoplay; fullscreen\" allowfullscreen><\/iframe><\/div>\n\t\t<\/div>\n\t<\/div>\n<div class=\"vc_empty_space\"   style=\"height: 32px\"><span class=\"vc_empty_space_inner\"><\/span><\/div><\/div><\/div><\/div><\/div><div class=\"vc_row wpb_row vc_row-fluid\" ><div class=\"wpb_column vc_column_container vc_col-sm-12\"><div class=\"vc_column-inner\"><div class=\"wpb_wrapper\"><div class=\"vc_empty_space\"   style=\"height: 32px\"><span class=\"vc_empty_space_inner\"><\/span><\/div>\n\t<div class=\"wpb_text_column wpb_content_element\" >\n\t\t<div class=\"wpb_wrapper\">\n\t\t\t<h4>Kontakta oss?<\/h4>\n<h5><em><strong>Bokning av \u00e4ventyr<\/strong><\/em><\/h5>\n<p><em><strong>Lokalbefolkningen<\/strong>\u00a0och\u00a0<strong>Nationals<\/strong>\u00a0Guider och g\u00e4stservice<\/em><\/p>\n<p><span class=\"text-turquoise\">Reservationer:<\/span>\u00a0Turer och utflykter i Dom. Rep.<\/p>\n<p><img decoding=\"async\" class=\"emoji\" draggable=\"false\" src=\"https:\/\/s.w.org\/images\/core\/emoji\/11.2.0\/svg\/1f4de.svg\" alt=\"\ud83d\udcde\" title=\"\">\u00a0Telefon \/ Whatsapp\u00a0\u00a0<a href=\"tel:+1-809-720-6035\">+1-809-720-6035<\/a>.<\/p>\n<p><img decoding=\"async\" class=\"emoji\" draggable=\"false\" src=\"https:\/\/s.w.org\/images\/core\/emoji\/11.2.0\/svg\/1f4e9.svg\" alt=\"\ud83d\udce9\" title=\"\">\u00a0<a href=\"mailto:info@bookingadventures.com.do\">info@bookingadventures.com.do<\/a><\/p>\n<p><strong>Vi \u00e4r flexibla n\u00e4r det g\u00e4ller att st\u00e4lla in privata turer via Whatsapp:\u00a0<a href=\"tel:+18097206035\">+18097206035.<\/a><\/strong><\/p>\n\n\t\t<\/div>\n\t<\/div>\n<div class=\"vc_empty_space\"   style=\"height: 32px\"><span class=\"vc_empty_space_inner\"><\/span><\/div><\/div><\/div><\/div><\/div>","protected":false},"excerpt":{"rendered":"<p>Utflykt fr\u00e5n Punta Cana: Los Haitises nationalpark, Yanigua vattenfall och Montana Redonda. Inkluderar lunch och transport f\u00f6r ett bes\u00f6k i de 3 huvudgrottorna, en utforskning av 2 olika mangrove-ekosystem, vyer och simbass\u00e4nger.<\/p>\n<p>Heldagsutflykt till Los Haitises nationalpark med en lokal reseguide. Bes\u00f6ker Cays i Los Haitises nationalpark, mangrover, vegetation, f\u00e5gelsk\u00e5dning, grottor, piktogram och de historiska omr\u00e5dena Sabana de la Mar i Los Haitises nationalpark. Fantastisk utsikt i Montana Redonda och lunch plus pooler i Yanigua vattenfall.<\/p>\n<p>&nbsp;<\/p>\n<p><strong>V\u00e4lj datum f\u00f6r rundturen:\u00a0<\/strong><\/p>","protected":false},"featured_media":14278,"template":"","meta":[],"product_cat":[948,946,928,168,1050,1049],"product_tag":[268,296,267,171,209,440,441,299,1052,212,297,222,298,269,1053,1051],"class_list":["post-14291","product","type-product","status-publish","has-post-thumbnail","hentry","product_cat-1-punta-cana","product_cat-1-sabana-de-la-mar","product_cat-boat-trip-los-haitises","product_cat-caves","product_cat-waterfalls-los-haitises","product_cat-yanigua-waterfalls-montana-redonda","product_tag-caves-los-haitises","product_tag-day-trip-punta-cana","product_tag-las-terrenas","product_tag-los-haitises","product_tag-los-haitises-national-park","product_tag-los-haitises-national-park-map","product_tag-los-haitises-national-park-tour-from-las-terrenas","product_tag-los-haitises-national-park-tours-excursions","product_tag-los-haitises-waterfall","product_tag-mangroves-los-haitises","product_tag-montana-redonda-tours-excursion","product_tag-punta-cana","product_tag-punta-cana-tours-excursions","product_tag-transportation-los-haitises","product_tag-waterfalls-dominican-republic","product_tag-yanigua-waterfalls"],"_links":{"self":[{"href":"https:\/\/www.boattoursamana.com\/sv\/wp-json\/wp\/v2\/product\/14291","targetHints":{"allow":["GET"]}}],"collection":[{"href":"https:\/\/www.boattoursamana.com\/sv\/wp-json\/wp\/v2\/product"}],"about":[{"href":"https:\/\/www.boattoursamana.com\/sv\/wp-json\/wp\/v2\/types\/product"}],"wp:featuredmedia":[{"embeddable":true,"href":"https:\/\/www.boattoursamana.com\/sv\/wp-json\/wp\/v2\/media\/14278"}],"wp:attachment":[{"href":"https:\/\/www.boattoursamana.com\/sv\/wp-json\/wp\/v2\/media?parent=14291"}],"wp:term":[{"taxonomy":"product_cat","embeddable":true,"href":"https:\/\/www.boattoursamana.com\/sv\/wp-json\/wp\/v2\/product_cat?post=14291"},{"taxonomy":"product_tag","embeddable":true,"href":"https:\/\/www.boattoursamana.com\/sv\/wp-json\/wp\/v2\/product_tag?post=14291"}],"curies":[{"name":"wp","href":"https:\/\/api.w.org\/{rel}","templated":true}]}}