{"id":16643,"date":"2023-11-06T07:14:14","date_gmt":"2023-11-06T07:14:14","guid":{"rendered":"https:\/\/www.ticketswhales.com\/?post_type=product&#038;p=16643"},"modified":"2023-11-06T08:59:17","modified_gmt":"2023-11-06T08:59:17","slug":"los-haitises-cueva-el-naranjo-y-laguna-cristal-from-samana","status":"publish","type":"product","link":"https:\/\/www.boattoursamana.com\/sv\/turne\/los-haitises-cueva-el-naranjo-y-laguna-cristal-fran-samana","title":{"rendered":"Los Haitises: Cueva el Naranjo y Laguna Cristal fr\u00e5n Samana"},"content":{"rendered":"<div class=\"vc_row wpb_row vc_row-fluid\" ><div class=\"wpb_column vc_column_container vc_col-sm-12\"><div class=\"vc_column-inner\"><div class=\"wpb_wrapper\">\n\t<div class=\"wpb_text_column wpb_content_element\" >\n\t\t<div class=\"wpb_wrapper\">\n\t\t\t<h2><span style=\"font-weight: 400;\">Los Haitises: Cueva el Naranjo y Laguna Cristal<\/span><\/h2>\n<p>&nbsp;<\/p>\n<p><b>\u00d6versikt<\/b><span style=\"font-weight: 400;\">\u00a0<\/span><\/p>\n<p>&nbsp;<\/p>\n<p><span style=\"font-weight: 400;\">Los Haitises National Park \u00e4r en naturskatt i Dominikanska republiken d\u00e4r 25% av s\u00f6tvattnet finns i Hispaniola, under denna upplevelse tar vi runt n\u00e5gra av de viktigaste platserna i denna fantastiska park. Skaffa din biljett f\u00f6r att utforska Ojo de Cielo-grottan, Laguna Cristal, Barracote River och Samana Bay.\u00a0<\/span><\/p>\n<p>&nbsp;<\/p>\n<p><span style=\"font-weight: 400;\">Ur hydrografisk synvinkel<\/span><span style=\"font-weight: 400;\">, Los Haitises och dess influensomr\u00e5den omfattar tv\u00e5 regioner: den nedre bass\u00e4ngen av Yunafloden och omr\u00e5det Miches och Sabana de la Mar. Yuna dr\u00e4nerar genom tv\u00e5 mynningar: Yuna sj\u00e4lv och Barracote. I omr\u00e5det finns dessutom floderna Payabo, Los Cocos och Naranjo, och Cabirma, Estero, Prieto och andra kanaler.<\/span><\/p>\n<p>&nbsp;<\/p>\n<p><span style=\"font-weight: 400;\">Om Los Haitises landskap,<\/span><span style=\"font-weight: 400;\"> f\u00f6rutom grottorna finns Ca\u00f1o Hondo, Punta Arena, Ca\u00f1o Salado, Bah\u00eda de San Lorenzo och Cayo de los P\u00e1jaros, som \u00e4r mycket imponerande landskapselement. Den senare, som ligger mellan Boca del Infierno och El Naranjo Arriba, k\u00e4nns l\u00e4tt igen p\u00e5 den n\u00e4stan permanenta n\u00e4rvaron av \u00f6ronkvistar och pelikaner.<\/span><\/p>\n<p>&nbsp;<\/p>\n<p><span style=\"font-weight: 400;\">Om Sanchez City,<\/span><span style=\"font-weight: 400;\"> Det var tidigare en liten stad som hette Las Ca\u00f1itas, men 1888 upph\u00f6jdes den till status som en kommun uppkallad efter en av Dominikanska republikens grundare, Francisco del Rosario S\u00e1nchez. Den v\u00e4xte i betydelse och befolkning efter j\u00e4rnv\u00e4gens etablering 1865. Denna linje str\u00e4ckte sig till den centrala regionen Cibao, vilket gjorde detta lilla karibiska samh\u00e4lle till den viktigaste hamnen i landet fr\u00e5n slutet av 1800-talet till b\u00f6rjan av n\u00e4sta \u00e5rhundrade. .<\/span><\/p>\n<p>&nbsp;<\/p>\n<p><span style=\"font-weight: 400;\">Om Laguna Cristal,<\/span><span style=\"font-weight: 400;\"> Laguna Cristal \u00e4r en vacker s\u00f6tvattenk\u00e4lla vid portarna till Los Haitises nationalpark, norr om provinsen Monte Plata, som har en unik sk\u00f6nhet p\u00e5 grund av sina naturliga attraktioner och den frid den ger oss. Lagunen matas av grundvatten som kommer fr\u00e5n grannparken. En liten farbar flod dyker upp ur lagunen n\u00e5gra hundra meter som matar Barracotefloden, som sedan rinner ut i San Lorenzobukten. Den skulle vara cirka 200 meter djup och 70 meter i diameter.\u00a0<\/span><\/p>\n<p>&nbsp;<\/p>\n<p><span style=\"font-weight: 400;\">El Naranjo-grottan<\/span><span style=\"font-weight: 400;\">, El Naranjo-floden, navigerbar trots sin l\u00e4ngd p\u00e5 120 meter, har sitt ursprung i en grotta och kan betraktas som en naturjuvel i Los Haitises nationalpark. Det \u00e4r en attraktion v\u00e4rd att veta, som g\u00f6r att du kan uppskatta den kortaste floden i omr\u00e5det \u00f6n, I en b\u00e5t kan du n\u00e5 till slutet av grottan d\u00e4r vattnet kommer ifr\u00e5n. Grottan \u00e4r en reservoar f\u00f6r fladderm\u00f6ss och hassvalvar och dess vatten \u00e4r hem f\u00f6r inhemska fiskarter, som i andra floder och vattendrag h\u00f6r till det f\u00f6rflutna, s\u00e5som guabina, dajaos, carpias, r\u00e4kor och krabbor.<\/span><\/p>\n<p>&nbsp;<\/p>\n<p><b>Inkluderat material<\/b><\/p>\n<p><span style=\"font-weight: 400;\">Alla skatter, avgifter och hanteringsavgifter<\/span><\/p>\n<p><span style=\"font-weight: 400;\">Lokala skatter<\/span><\/p>\n<p><span style=\"font-weight: 400;\">Tj\u00e4nstem\u00e4n Ekolog reseledare Engelska\/Spanska<\/span><\/p>\n<p><span style=\"font-weight: 400;\">Lokal transport (hotellupph\u00e4mtning)<\/span><\/p>\n<p><span style=\"font-weight: 400;\">Speed Boat<\/span><\/p>\n<p><span style=\"font-weight: 400;\">Lokal lunch<\/span><\/p>\n<p><span style=\"font-weight: 400;\">Laguna Cristal\u00a0\u00a0<\/span><\/p>\n<p><span style=\"font-weight: 400;\">Cueva del Naranjo\u00a0<\/span><\/p>\n<p>&nbsp;<\/p>\n<p><b>Undantag<\/b><\/p>\n<p>&nbsp;<\/p>\n<p><span style=\"font-weight: 400;\">Dricks<\/span><\/p>\n<p><span style=\"font-weight: 400;\">Dryck<\/span><\/p>\n<p><span style=\"font-weight: 400;\">\u00a0<\/span><\/p>\n<p>&nbsp;<\/p>\n<p><b>Avresa och \u00e5terkomst<\/b><\/p>\n<p><span style=\"font-weight: 400;\">Turn\u00e9n, organiserad av &quot;Booking Adventures&quot; b\u00f6rjar vid m\u00f6tesplatsen som st\u00e4lls in med reseguiden. Resen\u00e4ren kommer att f\u00e5 en m\u00f6tesplats efter bokningsprocessen. Turerna startar och slutar i v\u00e5ra m\u00f6tesplatser.<\/span><\/p>\n<p>&nbsp;<\/p>\n<p><b>Vad kan man f\u00f6rv\u00e4nta sig?<\/b><\/p>\n<p><span style=\"font-weight: 400;\">Skaffa din biljett till Searching For The Los Haitises: Los Haitises: Cueva el Naranjo y Laguna Cristal, denna upplevelse kommer att ge dig m\u00f6jligheten att se det mesta av den biologiska m\u00e5ngfalden p\u00e5 \u00f6n.\u00a0<\/span><\/p>\n<p>&nbsp;<\/p>\n<p><span style=\"font-weight: 400;\">Den h\u00e4r aktiviteten b\u00f6rjar fr\u00e5n din h\u00e4mtning fr\u00e5n ditt boende i n\u00e5got av dessa omr\u00e5den:<\/span><\/p>\n<ul>\n<li style=\"font-weight: 400;\" aria-level=\"1\"><span style=\"font-weight: 400;\">Las Terrenas\u00a0<\/span><\/li>\n<li style=\"font-weight: 400;\" aria-level=\"1\"><span style=\"font-weight: 400;\">Sanchez\u00a0<\/span><\/li>\n<li style=\"font-weight: 400;\" aria-level=\"1\"><span style=\"font-weight: 400;\">Las Galeras<\/span><\/li>\n<li style=\"font-weight: 400;\" aria-level=\"1\"><span style=\"font-weight: 400;\">Santa Barbara de Samana\u00a0<\/span><\/li>\n<\/ul>\n<h3><b>Schema<\/b><b>\u00a0<\/b><\/h3>\n<p><b>Sanchez Samana, Simning vid Laguna Cristal och El Naranjo River &amp; Caves\u00a0<\/b><\/p>\n<p>&nbsp;<\/p>\n<p><span style=\"font-weight: 400;\">Hotellh\u00e4mtning: b\u00f6rjar 07:00 (beroende p\u00e5 var du befinner dig). Det finns olika alternativ f\u00f6r tid vid bokningsformul\u00e4ret. Turen \u00e4r 8 timmar.\u00a0<\/span><\/p>\n<p>&nbsp;<\/p>\n<p><span style=\"font-weight: 400;\">Det h\u00e4r kommer att bli en tidig morgon f\u00f6r att h\u00e4mta dig fr\u00e5n ditt hotell och k\u00f6ra dig till v\u00e5r m\u00f6tesplats i Sanchez Samana, d\u00e4r du tr\u00e4ffar din lokala reseguide innan du g\u00e5r igenom resplanen f\u00f6r resten av dagen.\u00a0<\/span><\/p>\n<p>&nbsp;<\/p>\n<p><span style=\"font-weight: 400;\">N\u00e4r du g\u00f6r dig redo g\u00e5r vi ombord p\u00e5 v\u00e5r speedb\u00e5t f\u00f6r att bege oss till El Naranjo som \u00e4r dagens f\u00f6rsta stopp, d\u00e4r vi \u00e5ker in i grottan med b\u00e5t och simmar i s\u00f6tvattnet i \u00f6ns kortaste flod.\u00a0<\/span><\/p>\n<p>&nbsp;<\/p>\n<p><span style=\"font-weight: 400;\">Din andra b\u00e5ttur kommer att g\u00e5 genom Barracote River f\u00f6r att komma till Laguna Cristal. Vi kommer att beh\u00f6va navigera en av de st\u00f6rsta floderna i nord\u00f6stra delen av landet. P\u00e5 Cristal Area tar vi en paus f\u00f6r lunch innan vi hoppar i vattnet.<\/span><\/p>\n<p>&nbsp;<\/p>\n<p><span style=\"font-weight: 400;\">Efter att ha provat lite lokal lunch ska vi ta en siesta vid Cristal Lagoon och sedan bada, innan vi beger oss tillbaka till Sanchez Samana.\u00a0<\/span><\/p>\n<p>&nbsp;<\/p>\n<p><span style=\"font-weight: 400;\">Hotellavl\u00e4mning: 16:00 eller senare beroende p\u00e5 tidpunkten d\u00e5 du p\u00e5b\u00f6rjade resan. Turen \u00e4r totalt 8 timmar.\u00a0<\/span><\/p>\n<p>&nbsp;<\/p>\n<p><span style=\"font-weight: 400;\">Resplanens dagar och aktiviteter kan \u00e4ndras utan f\u00f6rvarning p\u00e5 grund av of\u00f6rutsedda omst\u00e4ndigheter eller h\u00e4ndelser. Se fullst\u00e4ndiga villkor f\u00f6r mer information.<\/span><\/p>\n\n\t\t<\/div>\n\t<\/div>\n<\/div><\/div><\/div><\/div>","protected":false},"excerpt":{"rendered":"<p>Bes\u00f6ker el Naranjo-floden med grottan och Cristal Lagun i Los Haitises nationalpark med lokal expertreseguide. Lunch och transport ing\u00e5r i Samanaprovinsen.<\/p>","protected":false},"featured_media":16644,"template":"","meta":[],"product_cat":[1096],"product_tag":[1097],"class_list":["post-16643","product","type-product","status-publish","has-post-thumbnail","hentry","product_cat-haitises","product_tag-haitises"],"_links":{"self":[{"href":"https:\/\/www.boattoursamana.com\/sv\/wp-json\/wp\/v2\/product\/16643","targetHints":{"allow":["GET"]}}],"collection":[{"href":"https:\/\/www.boattoursamana.com\/sv\/wp-json\/wp\/v2\/product"}],"about":[{"href":"https:\/\/www.boattoursamana.com\/sv\/wp-json\/wp\/v2\/types\/product"}],"wp:featuredmedia":[{"embeddable":true,"href":"https:\/\/www.boattoursamana.com\/sv\/wp-json\/wp\/v2\/media\/16644"}],"wp:attachment":[{"href":"https:\/\/www.boattoursamana.com\/sv\/wp-json\/wp\/v2\/media?parent=16643"}],"wp:term":[{"taxonomy":"product_cat","embeddable":true,"href":"https:\/\/www.boattoursamana.com\/sv\/wp-json\/wp\/v2\/product_cat?post=16643"},{"taxonomy":"product_tag","embeddable":true,"href":"https:\/\/www.boattoursamana.com\/sv\/wp-json\/wp\/v2\/product_tag?post=16643"}],"curies":[{"name":"wp","href":"https:\/\/api.w.org\/{rel}","templated":true}]}}