{"id":8850,"date":"2019-06-11T10:34:00","date_gmt":"2019-06-11T10:34:00","guid":{"rendered":"https:\/\/www.ticketswhales.com\/?post_type=product&#038;p=8850"},"modified":"2023-03-20T10:20:15","modified_gmt":"2023-03-20T10:20:15","slug":"ridgways-hawk-tour-bird-watching-los-haitises-national-park-tour","status":"publish","type":"product","link":"https:\/\/www.boattoursamana.com\/sv\/turne\/ridgways-hawk-tour-fagelskadning-los-haitises-nationalpark-tour","title":{"rendered":"Ridgway's Hawk Tour - F\u00e5gelsk\u00e5dning Los Haitises nationalpark Utflykt"},"content":{"rendered":"<div class=\"vc_row wpb_row vc_row-fluid\" ><div class=\"wpb_column vc_column_container vc_col-sm-12\"><div class=\"vc_column-inner\"><div class=\"wpb_wrapper\"><div class=\"mkdf-section-title-holder\" style=\"text-align: left\">\n\t<div class=\"mkdf-st-inner\">\n\t\t\t\t\t<h5 class=\"mkdf-st-subtitle\" >\n\t\t\t\tF\u00e5gelsk\u00e5dning i Los Haitises nationalpark\t\t\t<\/h5>\n\t\t\t\t\t\t\t<h3 class=\"mkdf-st-title\" >\n\t\t\t\tRidgways tur om h\u00f6kar\t\t\t<\/h3>\n\t\t\t\t\t<\/div>\n<\/div><\/div><\/div><\/div><\/div><div class=\"vc_row wpb_row vc_row-fluid\" ><div class=\"wpb_column vc_column_container vc_col-sm-12\"><div class=\"vc_column-inner\"><div class=\"wpb_wrapper\"><div class=\"vc_btn3-container vc_btn3-inline\" ><button class=\"vc_general vc_btn3 vc_btn3-size-md vc_btn3-shape-rounded vc_btn3-style-modern vc_btn3-color-green\">BOKA NU<\/button><\/div>\n\t<div class=\"wpb_text_column wpb_content_element\" >\n\t\t<div class=\"wpb_wrapper\">\n\t\t\t<h4><b><i>\u00d6versikt <\/i><\/b><\/h4>\n<section><\/section>\n<p>Ridgway&#039;s Hawk \u00e4r en kritiskt hotad art av rovf\u00e5glar som \u00e4r endemisk p\u00e5 \u00f6n Hispaniola. F\u00f6r hundra \u00e5r sedan hittades h\u00f6ken \u00f6ver hela Hispaniola, men idag finns den enda kvarvarande h\u00e4ckningspopulationen p\u00e5 cirka 300 individer i Los Haitises nationalpark i Dominikanska republiken.<\/p>\n<p>Los Haitises nationalpark \u00e4r ett popul\u00e4rt resm\u00e5l f\u00f6r natur\u00e4lskare och f\u00e5gelsk\u00e5dare och har den st\u00f6rsta betydelsen f\u00f6r biologisk m\u00e5ngfald och faunarikedom, b\u00e5de n\u00e4r det g\u00e4ller endemism och antal arter. V\u00e5rt huvudfokus \u00e4r att uppt\u00e4cka alla h\u00f6kar runt Cano Hondo-omr\u00e5dena.<\/p>\n<p>Vi bevarar Ridgway&#039;s Hawk i Los Haitises nationalpark, d\u00e4r du kan se habitatet och den intressanta historien om Ridgway&#039;s Hawks i regnskogsstigarna. Vi k\u00e4nner till fl\u00e4ckarnas livsmilj\u00f6er f\u00f6r Ridgways och Ashy Faced Owls. F\u00f6r i mer \u00e4n 15 \u00e5r som volont\u00e4rer arbetar vi f\u00f6r att skydda dessa par och individer runt om i det h\u00e4r samh\u00e4llet.<\/p>\n<p>Du kan ocks\u00e5 se andra endemiska arter runt parken. Denna turn\u00e9 fokuserar p\u00e5 naturen och \u00e4r mer koncentrerad p\u00e5 information om vilda djur. \u00c4r vanligtvis privat.<\/p>\n<h4><\/h4>\n<h4><b>Inkluderat och uteslutet<\/b><\/h4>\n<p><b>Inkluderat material<\/b><\/p>\n<ol>\n<li style=\"font-weight: 400;\">F\u00e5gelsk\u00e5dningstur + grottor och piktogram<\/li>\n<li style=\"font-weight: 400;\"><span style=\"font-weight: 400;\">Alla skatter, avgifter och hanteringsavgifter<\/span><\/li>\n<li style=\"font-weight: 400;\"><span style=\"font-weight: 400;\">Lokala skatter<\/span><\/li>\n<li style=\"font-weight: 400;\">Tj\u00e4nstem\u00e4n Ekolog reseledare<\/li>\n<\/ol>\n<p><b> Undantag<\/b><\/p>\n<ol>\n<li style=\"font-weight: 400;\"><span style=\"font-weight: 400;\">Dricks<\/span><\/li>\n<li style=\"font-weight: 400;\"><span style=\"font-weight: 400;\">\u00d6verf\u00f6ring<\/span><\/li>\n<li style=\"font-weight: 400;\"><span style=\"font-weight: 400;\">Dryck<\/span><\/li>\n<\/ol>\n<p>&nbsp;<\/p>\n<h4><em><strong>Avresa och \u00e5terkomst<\/strong><\/em><\/h4>\n<p><span style=\"font-weight: 400;\">Turn\u00e9n, organiserad av &quot;Booking Adventures&quot; b\u00f6rjar vid m\u00f6tesplatsen som st\u00e4lls in med reseguiden. Resen\u00e4ren kommer att f\u00e5 en m\u00f6tesplats efter bokningsprocessen. Turerna startar och slutar vid v\u00e5ra m\u00f6tesplatser.<\/span><\/p>\n<p>&nbsp;<\/p>\n<h4><b><i>Vad kan man f\u00f6rv\u00e4nta sig?<\/i><\/b><\/h4>\n<p><em><strong>K\u00f6p din biljett<\/strong><\/em> f\u00f6r att bevara Ridgway&#039;s Hawk i Los Haitises nationalpark.<\/p>\n<p>Denna utflykt b\u00f6rjar fr\u00e5n m\u00f6tesplatsen genom att vandra Ridgway-sp\u00e5ren till h\u00e4ckningsomr\u00e5dena. Efter 30 minuters vandring och titta p\u00e5 h\u00f6karna har vi m\u00f6jlighet att forts\u00e4tta vandra runt och leta efter papegojor, pikuletter och andra endemiska arter i Los Haitises nationalpark.<\/p>\n<p>Los Haitises nationalpark har bara tv\u00e5 sp\u00e5r f\u00f6r f\u00e5gelsk\u00e5dning i Sabana de la Mar. P\u00e5 v\u00e4gen till Los Hiatises nationalpark stannar vi p\u00e5 n\u00e5gra st\u00e4llen f\u00f6r att se fler f\u00e5glar.<\/p>\n<p>Vi kommer att bes\u00f6ka tv\u00e5 grottor, den sorgliga grottan kallas p\u00e5 spanska Cueva de la Arena; i denna grotta kan vi se petrografer fr\u00e5n Tainos-samh\u00e4llen som bodde i detta omr\u00e5de. och anv\u00e4nde grottorna som tempel.<\/p>\n<p>Efter det g\u00e5r vi vidare till Linea-grottan, den h\u00e4r med 2 243 original piktogram och v\u00e5r reseguide f\u00f6rklarar informationen fr\u00e5n arkeologen om dessa piktogram.<\/p>\n<p>Vi tar b\u00e5ten tillbaka till \u00f6n Pajaros (f\u00e5gel\u00f6n) d\u00e4r vi kan se de flesta av v\u00e5tmarksf\u00e5glarna runt Los Haitises nationalpark. Bara f\u00f6r att alla f\u00e5glar inte finns i vattnet.<\/p>\n<p>Efter 4,5 timmars l\u00e4rande om f\u00e5glar i Los Haitises nationalpark slutar denna utflykt p\u00e5 samma plats som den b\u00f6rjade.<\/p>\n<p><strong>Obs: Dessa turer \u00e4r med officiella ekologguider fr\u00e5n Los Haitises nationalpark. Meddela oss g\u00e4rna n\u00e4r du planerar att bes\u00f6ka oss!<\/strong><\/p>\n<p>&nbsp;<\/p>\n<h4><em><strong>Vad ska du ta med dig?<\/strong><\/em><\/h4>\n<ul>\n<li style=\"font-weight: 400;\"><span style=\"font-weight: 400;\">Kamera<\/span><\/li>\n<li>Binokul\u00e4r<\/li>\n<li style=\"font-weight: 400;\"><span style=\"font-weight: 400;\">Repellerande knoppar<\/span><\/li>\n<li style=\"font-weight: 400;\"><span style=\"font-weight: 400;\">solkr\u00e4m<\/span><\/li>\n<li style=\"font-weight: 400;\"><span style=\"font-weight: 400;\">Hatt<\/span><\/li>\n<li style=\"font-weight: 400;\"><span style=\"font-weight: 400;\">Bekv\u00e4ma byxor<\/span><\/li>\n<li style=\"font-weight: 400;\"><span style=\"font-weight: 400;\">Vandringsskor f\u00f6r skogen<\/span><\/li>\n<li style=\"font-weight: 400;\"><span style=\"font-weight: 400;\">Sandaler till v\u00e5romr\u00e5dena.<\/span><\/li>\n<li style=\"font-weight: 400;\"><span style=\"font-weight: 400;\">Badkl\u00e4der<\/span><\/li>\n<\/ul>\n<p>&nbsp;<\/p>\n<h4><b><i>H\u00e4mtning p\u00e5 hotellet <\/i><\/b><\/h4>\n<p><span style=\"font-weight: 400;\">H\u00e4mtning p\u00e5 hotell erbjuds inte f\u00f6r den h\u00e4r turen. <\/span><\/p>\n<p>&nbsp;<\/p>\n<p><b>Observera:<\/b><span style=\"font-weight: 400;\"> Om du bokar inom 24 timmar f\u00f6re turens\/utflyktens avg\u00e5ngstid kan vi ordna h\u00e4mtning p\u00e5 hotellet mot en extra avgift. N\u00e4r ditt k\u00f6p \u00e4r klart skickar vi dig fullst\u00e4ndig kontaktinformation (telefonnummer, e-postadress etc.) till v\u00e5r lokala guide f\u00f6r att organisera upph\u00e4mtning.<\/span><\/p>\n<h4><b><i>Ytterligare information Bekr\u00e4ftelse <\/i><\/b><\/h4>\n<ol>\n<li>Biljetter \u00e4r kvittot efter att du har betalat f\u00f6r turen. Du kan visa betalningen p\u00e5 din telefon.<\/li>\n<li style=\"font-weight: 400;\"><span style=\"font-weight: 400;\">M\u00f6tesplatsen kommer att meddelas efter bokningsprocessen.<\/span><\/li>\n<li style=\"font-weight: 400;\"><span style=\"font-weight: 400;\">Barn m\u00e5ste \u00e5tf\u00f6ljas av en vuxen.<\/span><\/li>\n<li style=\"font-weight: 400;\"><span style=\"font-weight: 400;\"> Inte rullstolsanpassad <\/span><\/li>\n<li style=\"font-weight: 400;\"><span style=\"font-weight: 400;\">Sp\u00e4dbarn m\u00e5ste sitta i kn\u00e4vecken <\/span><\/li>\n<li style=\"font-weight: 400;\"><span style=\"font-weight: 400;\">Rekommenderas inte f\u00f6r resen\u00e4rer med ryggproblem<\/span><\/li>\n<li style=\"font-weight: 400;\"><span style=\"font-weight: 400;\">Rekommenderas inte f\u00f6r gravida resen\u00e4rer <\/span><\/li>\n<li style=\"font-weight: 400;\"><span style=\"font-weight: 400;\"> Inga hj\u00e4rtproblem eller andra allvarliga medicinska tillst\u00e5nd <\/span><\/li>\n<li style=\"font-weight: 400;\"><span style=\"font-weight: 400;\">De flesta resen\u00e4rer kan delta<\/span><\/li>\n<\/ol>\n<p>Denna turn\u00e9 erbjuds till minst 2 personer och h\u00f6gst 15 personer. Vid f\u00e4rre personer, v\u00e4nligen kontakta oss.<\/p>\n<h4><b><i>Avbokningspolicy<\/i><\/b><\/h4>\n<p>F\u00f6r full \u00e5terbetalning, l\u00e4s v\u00e5r policy f\u00f6r avbokningar.\u00a0<a href=\"https:\/\/www.boattoursamana.com\/sv\/online-bokning\/\" target=\"_blank\" rel=\"noopener\" data-saferedirecturl=\"https:\/\/www.google.com\/url?q=https:\/\/www.boattoursamana.com\/online-booking\/&amp;source=gmail&amp;ust=1672529771100000&amp;usg=AOvVaw2NIGJBZ0qjB5RhPUl5Obc7\">Klicka h\u00e4r<\/a>. Pengarna g\u00e5r f\u00f6rlorade om bokningen avbokas samma dag som resan \u00e4ger rum.<\/p>\n\n\t\t<\/div>\n\t<\/div>\n<\/div><\/div><\/div><\/div><div class=\"vc_row wpb_row vc_row-fluid\" ><\/div><div class=\"wpb_column vc_column_container vc_col-sm-12\"><div class=\"vc_column-inner\"><div class=\"wpb_wrapper\"><\/div><\/div><\/div><div class=\"vc_empty_space\"   style=\"height: 32px\"><span class=\"vc_empty_space_inner\"><\/span><\/div><div class=\"vc_empty_space\"   style=\"height: 32px\"><span class=\"vc_empty_space_inner\"><\/span><\/div><div class=\"vc_row wpb_row vc_row-fluid\" ><div class=\"wpb_column vc_column_container vc_col-sm-12\"><div class=\"vc_column-inner\"><div class=\"wpb_wrapper\"><div class=\"vc_btn3-container vc_btn3-inline\" ><button class=\"vc_general vc_btn3 vc_btn3-size-md vc_btn3-shape-rounded vc_btn3-style-modern vc_btn3-color-green\">BOKA NU<\/button><\/div><\/div><\/div><\/div><\/div>","protected":false},"excerpt":{"rendered":"<p><span style=\"vertical-align: inherit;\"><span style=\"vertical-align: inherit;\">Viaje ecol\u00f3gico al Parque Nacional Los Haitises con un gu\u00eda tur\u00edstico local. <\/span><span style=\"vertical-align: inherit;\">Bes\u00f6k los halcones de Ridgway en el Parque Nacional Los Haitises y las \u00e1reas hist\u00f3ricas de Sabana de la Mar en el Parque Nacional Los Haitises.<\/span><\/span><\/p>\n<p>&nbsp;<\/p>\n<p><em><strong><span style=\"vertical-align: inherit;\"><span style=\"vertical-align: inherit;\">V\u00e4lj datum f\u00f6r turen\u00a0<\/span><\/span><\/strong><\/em><\/p>","protected":false},"featured_media":12258,"template":"","meta":[],"product_cat":[255,946,932,927,253,254],"product_tag":[237,236,171,209,239,238,175,186,199,240],"class_list":["post-8850","product","type-product","status-publish","has-post-thumbnail","hentry","product_cat-tours-excursions-samana-bay-dominican-republic","product_cat-1-sabana-de-la-mar","product_cat-birdwatching-los-haitises","product_cat-hiking-los-haitises","product_cat-tours-and-excursions","product_cat-tours-excursions-los-haitises-national-park","product_tag-birding","product_tag-birdwatching","product_tag-los-haitises","product_tag-los-haitises-national-park","product_tag-nature","product_tag-ridgways-hawk","product_tag-sabana-de-la-mar","product_tag-samana","product_tag-samana-bay","product_tag-wildlife"],"_links":{"self":[{"href":"https:\/\/www.boattoursamana.com\/sv\/wp-json\/wp\/v2\/product\/8850","targetHints":{"allow":["GET"]}}],"collection":[{"href":"https:\/\/www.boattoursamana.com\/sv\/wp-json\/wp\/v2\/product"}],"about":[{"href":"https:\/\/www.boattoursamana.com\/sv\/wp-json\/wp\/v2\/types\/product"}],"wp:featuredmedia":[{"embeddable":true,"href":"https:\/\/www.boattoursamana.com\/sv\/wp-json\/wp\/v2\/media\/12258"}],"wp:attachment":[{"href":"https:\/\/www.boattoursamana.com\/sv\/wp-json\/wp\/v2\/media?parent=8850"}],"wp:term":[{"taxonomy":"product_cat","embeddable":true,"href":"https:\/\/www.boattoursamana.com\/sv\/wp-json\/wp\/v2\/product_cat?post=8850"},{"taxonomy":"product_tag","embeddable":true,"href":"https:\/\/www.boattoursamana.com\/sv\/wp-json\/wp\/v2\/product_tag?post=8850"}],"curies":[{"name":"wp","href":"https:\/\/api.w.org\/{rel}","templated":true}]}}