{"id":9218,"date":"2019-07-18T11:24:01","date_gmt":"2019-07-18T11:24:01","guid":{"rendered":"https:\/\/www.ticketswhales.com\/?post_type=product&#038;p=9218"},"modified":"2023-02-14T18:40:51","modified_gmt":"2023-02-14T18:40:51","slug":"samana-cayo-levantado-bacardi-island-and-whale-watching-from-miches-in-catamaran","status":"publish","type":"product","link":"https:\/\/www.boattoursamana.com\/sv\/turne\/samana-cayo-levantado-bacardi-island-och-valskadning-fran-miches-i-katamaran","title":{"rendered":"Saman\u00e1 Cayo Levantado (Bacardi Island) och valsk\u00e5dning fr\u00e5n Miches i katamaran"},"content":{"rendered":"<div class=\"vc_row wpb_row vc_row-fluid\" ><div class=\"wpb_column vc_column_container vc_col-sm-12\"><div class=\"vc_column-inner\"><div class=\"wpb_wrapper\">\n\t<div class=\"wpb_text_column wpb_content_element\" >\n\t\t<div class=\"wpb_wrapper\">\n\t\t\t<p><span style=\"vertical-align: inherit;\"><span style=\"vertical-align: inherit;\"><\/p>\n\n\t\t<\/div>\n\t<\/div>\n<\/div><\/div><\/div><\/div><div class=\"vc_row wpb_row vc_row-fluid\" ><\/div><div class=\"wpb_column vc_column_container vc_col-sm-12\"><div class=\"vc_column-inner\"><div class=\"wpb_wrapper\"><\/div><\/div><\/div><div class=\"vc_row wpb_row vc_row-fluid\" ><\/div><div class=\"wpb_column vc_column_container vc_col-sm-12\"><div class=\"vc_column-inner\"><div class=\"wpb_wrapper\"><div class=\"vc_btn3-container vc_btn3-inline\" ><button class=\"vc_general vc_btn3 vc_btn3-size-md vc_btn3-shape-rounded vc_btn3-style-modern vc_btn3-color-green\">BOKA NU<\/button><\/div><\/div><\/div><\/div><div class=\"mkdf-section-title-holder\" style=\"text-align: left\">\n\t<div class=\"mkdf-st-inner\">\n\t\t\t\t\t\t\t<h3 class=\"mkdf-st-title\" >\n\t\t\t\tCayo Levantado + Avistamiento de ballenas de Miches en catamar\u00e1n\t\t\t<\/h3>\n\t\t\t\t\t<\/div>\n<\/div><div class=\"vc_empty_space\"   style=\"height: 32px\"><span class=\"vc_empty_space_inner\"><\/span><\/div>\n\t<div class=\"wpb_text_column wpb_content_element\" >\n\t\t<div class=\"wpb_wrapper\">\n\t\t\t<p>\u00a0<\/span><\/span><\/p>\n<div class=\"vc_empty_space\"><\/div>\n<div class=\"wpb_text_column wpb_content_element\">\n<div class=\"wpb_wrapper\">\n<div class=\"vc_row wpb_row vc_row-fluid\">\n<div class=\"wpb_column vc_column_container vc_col-sm-12\">\n<div class=\"vc_column-inner\">\n<div class=\"wpb_wrapper\">\n<div class=\"wpb_text_column wpb_content_element\">\n<div class=\"wpb_wrapper\">\n<div class=\"vc_row wpb_row vc_row-fluid\">\n<div class=\"wpb_column vc_column_container vc_col-sm-12\">\n<div class=\"vc_column-inner\">\n<div class=\"wpb_wrapper\">\n<div class=\"wpb_text_column wpb_content_element\">\n<div class=\"wpb_wrapper\">\n<h4><a id=\"overview\" class=\"aal_anchor\" href=\"https:\/\/www.boattoursamana.com\/sv\/turne\/samana-cayo-levantado-bacardi-island-och-valskadning-fran-miches-i-katamaran\/#overview\" aria-hidden=\"true\"><\/a><b><i>\u00d6versikt<\/i><\/b><\/h4>\n<p>Valsk\u00e5dning i Saman\u00e1-bukten med start fr\u00e5n Miches hamn i katamaran. Denna resa b\u00f6rjar kl 9:00 och slutar kl 17:00. M\u00f6tes innan i v\u00e5r hamn i Miches. Efter att ha avbrutit v\u00e5r katamaran eller b\u00e5t f\u00f6r att bes\u00f6ka valarna i deras egen livsmilj\u00f6.<\/p>\n<p>Fr\u00e5n 09:00 till 12:00 Valsk\u00e5dningsobservatorium och efter denna valresa bes\u00f6ker vi Bacardi Island \/ Cayo Levantado. P\u00e5 Bacardi Island serveras en lunchbuff\u00e9 med typisk dominikansk stil. N\u00e4r lunchen \u00e4r klar f\u00e5r du bada till 16:30. Turn\u00e9n kommer att avslutas kl. 17.00 i samma hamn d\u00e4r den b\u00f6rjar.<\/p>\n<p>Obs: Denna turn\u00e9 \u00e4r inte privat.<strong>\u00a0Kontakta oss f\u00f6r en privat rundtur.<\/strong><\/p>\n<ul>\n<li>Valsk\u00e5dningsresa<\/li>\n<li>Intr\u00e4desavgifter till observatoriet<\/li>\n<li>Inkluderar lunchbuff\u00e9 p\u00e5 stranden<\/li>\n<li>Transfer till b\u00e5t<\/li>\n<li>Kaptenen ger instruktioner och \u00f6vervakning<\/li>\n<li>Reseguide<\/li>\n<\/ul>\n<p>&nbsp;<\/p>\n<h4><a id=\"inclusions-exclusions\" class=\"aal_anchor\" href=\"https:\/\/www.boattoursamana.com\/sv\/turne\/samana-cayo-levantado-bacardi-island-och-valskadning-fran-miches-i-katamaran\/#inclusions-exclusions\" aria-hidden=\"true\"><\/a><b>Inkluderat och uteslutet<\/b><\/h4>\n<p>&nbsp;<\/p>\n<p><b>Inkluderat material<\/b><\/p>\n<p>&nbsp;<\/p>\n<ol>\n<li>Lunchbuff\u00e9 p\u00e5 stranden<\/li>\n<li>Valsk\u00e5dning<\/li>\n<li>Reseguide<\/li>\n<li>Katamaran eller b\u00e5ttur<\/li>\n<li>Alla skatter, avgifter och hanteringsavgifter<\/li>\n<li>Lokala skatter<\/li>\n<li>Drycker<\/li>\n<li>Alkoholhaltiga drycker<\/li>\n<\/ol>\n<p><b>Undantag<\/b><\/p>\n<ol>\n<li>Dricks<\/li>\n<li>\u00d6verf\u00f6ringsbil<\/li>\n<\/ol>\n<p>&nbsp;<\/p>\n<h4><a id=\"departure-return\" class=\"aal_anchor\" href=\"https:\/\/www.boattoursamana.com\/sv\/turne\/samana-cayo-levantado-bacardi-island-och-valskadning-fran-miches-i-katamaran\/#departure-return\" aria-hidden=\"true\"><\/a><em><strong>Avresa och \u00e5terkomst<\/strong><\/em><\/h4>\n<p>Resen\u00e4ren f\u00e5r en m\u00f6tesplats efter bokningsprocessen. Turerna b\u00f6rjar och slutar p\u00e5 v\u00e5ra m\u00f6tesplatser.<\/p>\n<p>&nbsp;<\/p>\n<h4><a id=\"what-to-expect\" class=\"aal_anchor\" href=\"https:\/\/www.boattoursamana.com\/sv\/turne\/samana-cayo-levantado-bacardi-island-och-valskadning-fran-miches-i-katamaran\/#what-to-expect\" aria-hidden=\"true\"><\/a><b><i>Vad kan man f\u00f6rv\u00e4nta sig?<\/i><\/b><\/h4>\n<p>&nbsp;<\/p>\n<p><em><strong>K\u00f6p dina biljetter<\/strong><\/em>\u00a0f\u00f6r en dag Valsk\u00e5dningstur i Saman\u00e1-bukten med start fr\u00e5n Miches in Catamaran med lokala drinkar plus en underbar lunch och strandtid.<\/p>\n<p>Dagspasset f\u00f6r valsk\u00e5dning, organiserat av &quot;Booking Adventures&quot; b\u00f6rjar vid m\u00f6tesplatsen med reseguiden. Lunch p\u00e5 stranden och du kan stanna s\u00e5 l\u00e4nge du vill simma runt. Om du \u00e4r vegan kan vi ocks\u00e5 st\u00e4lla in lite mat \u00e5t dig.<\/p>\n<p><strong>Tidtabell:<\/strong><\/p>\n<p>8:45\u201317:00<\/p>\n<p>&nbsp;<\/p>\n<h4><a id=\"what-you-should-bring\" class=\"aal_anchor\" href=\"https:\/\/www.boattoursamana.com\/sv\/turne\/samana-cayo-levantado-bacardi-island-och-valskadning-fran-miches-i-katamaran\/#what-you-should-bring\" aria-hidden=\"true\"><\/a><em><strong>Vad ska du ta med dig?<\/strong><\/em><\/h4>\n<ul>\n<li>Kamera<\/li>\n<li>Repellerande knoppar<\/li>\n<li>Solkr\u00e4m<\/li>\n<li>Hatt<\/li>\n<li>Bekv\u00e4ma byxor<\/li>\n<li>Sandaler till stranden<\/li>\n<li>Badkl\u00e4der<\/li>\n<li>Kontanter f\u00f6r souvenirer<\/li>\n<\/ul>\n<p>&nbsp;<\/p>\n<h4><a id=\"hotel-pickup\" class=\"aal_anchor\" href=\"https:\/\/www.boattoursamana.com\/sv\/turne\/samana-cayo-levantado-bacardi-island-och-valskadning-fran-miches-i-katamaran\/#hotel-pickup\" aria-hidden=\"true\"><\/a><b><i>H\u00e4mtning p\u00e5 hotellet<\/i><\/b><\/h4>\n<p>H\u00e4mtning p\u00e5 hotell erbjuds inte f\u00f6r den h\u00e4r turen.<\/p>\n<p>&nbsp;<\/p>\n<p><b>Observera:<\/b>\u00a0Om du bokar inom 24 timmar f\u00f6re turens\/utflyktens avg\u00e5ngstid kan vi ordna h\u00e4mtning p\u00e5 hotellet mot en extra avgift. N\u00e4r ditt k\u00f6p \u00e4r klart skickar vi dig fullst\u00e4ndig kontaktinformation (telefonnummer, e-postadress etc.) till v\u00e5r lokala guide f\u00f6r att organisera upph\u00e4mtning.<\/p>\n<h4><a id=\"additional-info-confirmation\" class=\"aal_anchor\" href=\"https:\/\/www.boattoursamana.com\/sv\/turne\/samana-cayo-levantado-bacardi-island-och-valskadning-fran-miches-i-katamaran\/#additional-info-confirmation\" aria-hidden=\"true\"><\/a><b><i>Ytterligare information Bekr\u00e4ftelse<\/i><\/b><\/h4>\n<ol>\n<li>Biljetterna \u00e4r kvittot efter att du har betalat denna turn\u00e9. Du kan visa betalningen p\u00e5 din telefon.<\/li>\n<li>M\u00f6tesplatsen kommer att meddelas efter bokningsprocessen.<\/li>\n<li>Barn m\u00e5ste \u00e5tf\u00f6ljas av en vuxen.<\/li>\n<li>rullstolstillg\u00e4nglig<\/li>\n<li>Sp\u00e4dbarn m\u00e5ste sitta i kn\u00e4vecken<\/li>\n<li>De flesta resen\u00e4rer kan delta<\/li>\n<\/ol>\n<h4><a id=\"cancellation-policy\" class=\"aal_anchor\" href=\"https:\/\/www.boattoursamana.com\/sv\/turne\/samana-cayo-levantado-bacardi-island-och-valskadning-fran-miches-i-katamaran\/#cancellation-policy\" aria-hidden=\"true\"><\/a><b><i>Avbokningspolicy<\/i><\/b><\/h4>\n<p>F\u00f6r full \u00e5terbetalning m\u00e5ste du avboka minst 24 timmar f\u00f6re startdatumet f\u00f6r upplevelsen.<\/p>\n<\/div>\n<\/div>\n<\/div>\n<\/div>\n<\/div>\n<\/div>\n<\/div>\n<\/div>\n<\/div>\n<\/div>\n<\/div>\n<\/div>\n<div class=\"vc_row wpb_row vc_row-fluid\">\n<div class=\"wpb_column vc_column_container vc_col-sm-12\">\n<div class=\"vc_column-inner\">\n<div class=\"wpb_wrapper\">\n<div class=\"vc_empty_space\"><\/div>\n<div class=\"wpb_text_column wpb_content_element\">\n<div class=\"wpb_wrapper\">\n<h4><a id=\"contact-us\" class=\"aal_anchor\" href=\"https:\/\/www.boattoursamana.com\/sv\/turne\/samana-cayo-levantado-bacardi-island-och-valskadning-fran-miches-i-katamaran\/#contact-us\" aria-hidden=\"true\"><\/a>Kontakta oss?<\/h4>\n<h5><\/h5>\n<p><em><strong>Lokalbefolkningen<\/strong>\u00a0och\u00a0<strong>Nationals<\/strong>\u00a0Guider och g\u00e4stservice<\/em><\/p>\n<p><span class=\"text-turquoise\">Reservationer:<\/span>\u00a0Turer och utflykter i Dom. Rep.<\/p>\n<p><img decoding=\"async\" class=\"emoji\" title=\"Samana Cayo Levantado (Bacardi Island) och valsk\u00e5dning fr\u00e5n Miches i katamaran 1\" draggable=\"false\" src=\"https:\/\/s.w.org\/images\/core\/emoji\/11.2.0\/svg\/1f4de.svg\" alt=\"\ud83d\udcde\" \/> Telefon \/ Whatsapp <strong><a href=\"tel:+1 (829) 318-9463\">+1 (829) 318-9463.<\/a><\/strong><\/p>\n<p><img decoding=\"async\" class=\"emoji\" title=\"Samana Cayo Levantado (Bacardi Island) och valsk\u00e5dning fr\u00e5n Miches i katamaran 2\" draggable=\"false\" src=\"https:\/\/s.w.org\/images\/core\/emoji\/11.2.0\/svg\/1f4e9.svg\" alt=\"\ud83d\udce9\" \/>\u00a0<a href=\"mailto:reservabatour@gmail.com\">reservabatour@gmail.com<\/a><\/p>\n<p><strong>Vi \u00e4r flexibla n\u00e4r det g\u00e4ller att st\u00e4lla in privata turer via Whatsapp:\u00a0<a href=\"tel:+1 (829) 318-9463\">+1 (829) 318-9463.<\/a><\/strong><\/p>\n<\/div>\n<\/div>\n<\/div>\n<\/div>\n<\/div>\n<\/div>\n<\/div>\n<\/div>\n\n\t\t<\/div>\n\t<\/div>\n<div class=\"vc_row wpb_row vc_row-fluid\" ><div class=\"wpb_column vc_column_container vc_col-sm-12\"><div class=\"vc_column-inner\"><div class=\"wpb_wrapper\"><div class=\"vc_btn3-container vc_btn3-inline\" ><button class=\"vc_general vc_btn3 vc_btn3-size-md vc_btn3-shape-rounded vc_btn3-style-modern vc_btn3-color-green\">BOKA NU<\/button><\/div><\/div><\/div><\/div><\/div>","protected":false},"excerpt":{"rendered":"<p><span style=\"vertical-align: inherit;\"><span style=\"vertical-align: inherit;\">Whale Miches Tours &amp; Excursiones. <\/span><span style=\"vertical-align: inherit;\">Reservera sus boletos para el avistamiento de ballenas en la Bah\u00eda de Saman\u00e1, comenzando desde Miches y visitando Cayo Levantado, tambi\u00e9n conocida como Isla Bacard\u00ed para una aventura con pase de un d\u00eda.<\/span><\/span><\/p>\n<p>&nbsp;<\/p>\n<p><em><strong><span style=\"vertical-align: inherit;\"><span style=\"vertical-align: inherit;\">V\u00e4lj datum f\u00f6r utflykten:<\/span><\/span><\/strong><\/em><\/p>","protected":false},"featured_media":11588,"template":"","meta":[],"product_cat":[255,937],"product_tag":[393,375,342,392,391,276,274,322,394,390],"class_list":["post-9218","product","type-product","status-publish","has-post-thumbnail","hentry","product_cat-tours-excursions-samana-bay-dominican-republic","product_cat-whale-watching-miches","product_tag-miches-whale-watching","product_tag-samana-dominican-republic","product_tag-samana-whale-watching","product_tag-samana-whale-watching-price","product_tag-things-to-do-in-dominican-republic","product_tag-whale-samana","product_tag-whale-watching-dominican-republic","product_tag-whale-watching-miches","product_tag-whale-watching-miches-dominican-republic","product_tag-when-to-see-whales-dominican-republic"],"_links":{"self":[{"href":"https:\/\/www.boattoursamana.com\/sv\/wp-json\/wp\/v2\/product\/9218","targetHints":{"allow":["GET"]}}],"collection":[{"href":"https:\/\/www.boattoursamana.com\/sv\/wp-json\/wp\/v2\/product"}],"about":[{"href":"https:\/\/www.boattoursamana.com\/sv\/wp-json\/wp\/v2\/types\/product"}],"wp:featuredmedia":[{"embeddable":true,"href":"https:\/\/www.boattoursamana.com\/sv\/wp-json\/wp\/v2\/media\/11588"}],"wp:attachment":[{"href":"https:\/\/www.boattoursamana.com\/sv\/wp-json\/wp\/v2\/media?parent=9218"}],"wp:term":[{"taxonomy":"product_cat","embeddable":true,"href":"https:\/\/www.boattoursamana.com\/sv\/wp-json\/wp\/v2\/product_cat?post=9218"},{"taxonomy":"product_tag","embeddable":true,"href":"https:\/\/www.boattoursamana.com\/sv\/wp-json\/wp\/v2\/product_tag?post=9218"}],"curies":[{"name":"wp","href":"https:\/\/api.w.org\/{rel}","templated":true}]}}