{"id":9228,"date":"2019-07-19T06:00:45","date_gmt":"2019-07-19T06:00:45","guid":{"rendered":"https:\/\/www.ticketswhales.com\/?post_type=product&#038;p=9228"},"modified":"2023-02-19T13:36:18","modified_gmt":"2023-02-19T13:36:18","slug":"cayo-levantado-whale-watching-from-samana-port-private-boat-tour","status":"publish","type":"product","link":"https:\/\/www.boattoursamana.com\/sv\/turne\/cayo-levantado-valskadning-fran-samana-hamn-privat-battur","title":{"rendered":"Privat tur Saman\u00e1 Whale Watching + Cayo Levantado (Bacardi Island) fr\u00e5n Saman\u00e1 hamn"},"content":{"rendered":"<div class=\"vc_row wpb_row vc_row-fluid\" ><div class=\"wpb_column vc_column_container vc_col-sm-12\"><div class=\"vc_column-inner\"><div class=\"wpb_wrapper\"><div class=\"vc_empty_space\"   style=\"height: 32px\"><span class=\"vc_empty_space_inner\"><\/span><\/div><div class=\"mkdf-section-title-holder\" style=\"text-align: left\">\n\t<div class=\"mkdf-st-inner\">\n\t\t\t\t\t<h5 class=\"mkdf-st-subtitle\" >\n\t\t\t\tFr\u00e5n Saman\u00e1 hamn Privat b\u00e5ttur\t\t\t<\/h5>\n\t\t\t\t\t\t\t<h3 class=\"mkdf-st-title\" >\n\t\t\t\tSamana Cayo Levantado + Valsk\u00e5dning\t\t\t<\/h3>\n\t\t\t\t\t<\/div>\n<\/div><div class=\"vc_message_box vc_message_box-standard vc_message_box-rounded vc_color-info\" ><div class=\"vc_message_box-icon\"><i class=\"fas fa-info-circle\"><\/i><\/div><p>Detta \u00e4r en privat rundtur Minst 4 personer. Att boka samma resa i katamarangrupper <a href=\"https:\/\/www.boattoursamana.com\/sv\/tours-excursions\/tours-and-excursions\/samana-whale-watching-cayo-levantado\/\">Klicka h\u00e4r.<\/a><\/p>\n<p>Om du \u00e4r mindre \u00e4n 4 personer och kommer att gilla Privat Kontakta oss.<\/p>\n<\/div><div class=\"vc_empty_space\"   style=\"height: 32px\"><span class=\"vc_empty_space_inner\"><\/span><\/div><\/div><\/div><\/div><\/div><div class=\"vc_row wpb_row vc_row-fluid\" ><div class=\"wpb_column vc_column_container vc_col-sm-12\"><div class=\"vc_column-inner\"><div class=\"wpb_wrapper\"><div class=\"vc_btn3-container vc_btn3-inline\" ><a class=\"vc_general vc_btn3 vc_btn3-size-md vc_btn3-shape-rounded vc_btn3-style-modern vc_btn3-color-green\" href=\"https:\/\/bookingadventures.tours\/booking.php?tour_id=ccd2fafcfb0614232b46b749871336cb\" title=\"BOKA NU\" rel=\"noopener\">BOKA NU<\/a><\/div>\n\t<div class=\"wpb_text_column wpb_content_element\" >\n\t\t<div class=\"wpb_wrapper\">\n\t\t\t<div class=\"vc_row wpb_row vc_row-fluid\">\n<div class=\"wpb_column vc_column_container vc_col-sm-12\">\n<div class=\"vc_column-inner\">\n<div class=\"wpb_wrapper\">\n<div class=\"wpb_text_column wpb_content_element\">\n<div class=\"wpb_wrapper\">\n<div class=\"vc_row wpb_row vc_row-fluid\">\n<div class=\"wpb_column vc_column_container vc_col-sm-12\">\n<div class=\"vc_column-inner\">\n<div class=\"wpb_wrapper\">\n<div class=\"wpb_text_column wpb_content_element\">\n<div class=\"wpb_wrapper\">\n<h4><b><i>\u00d6versikt<img decoding=\"async\" class=\"emoji\" draggable=\"false\" src=\"https:\/\/s.w.org\/images\/core\/emoji\/12.0.0-1\/svg\/1f433.svg\" alt=\"\ud83d\udc33\" title=\"\"><\/i><\/b><\/h4>\n<p><strong>Undvik stora grupper av turister<\/strong>\u00a0och g\u00f6r din valsk\u00e5dning i Saman\u00e1-bukten med start fr\u00e5n Saman\u00e1s hamn i en privat b\u00e5t. Denna resa b\u00f6rjar klockan 9:00 och slutar klockan 17:00. Men eftersom det blir en privat resa kan du st\u00e4lla in tid f\u00f6r start och slut. M\u00f6te innan i V\u00e5rt kontor bredvid Kungliga Restaurangen. Efter att ha avbrutit v\u00e5r b\u00e5t f\u00f6r att bes\u00f6ka valarna i deras egen livsmilj\u00f6. V\u00e5ra kaptener \u00e4r utbildade f\u00f6r att se till att du ser valar.<\/p>\n<p>Fr\u00e5n 09:00 till 12:00 Valsk\u00e5dningsobservatorium och efter denna valresa bes\u00f6ker vi Bacardi Island \/ Cayo Levantado. P\u00e5 Bacardi Island kommer lunchbuff\u00e9 fr\u00e5n typisk dominikansk stil att tillhandah\u00e5llas (ris, b\u00f6nor, fisk, sallader ...). N\u00e4r lunchen \u00e4r klar f\u00e5r du bada till 16:30. Turn\u00e9n kommer att avslutas kl. 17.00 i samma hamn d\u00e4r den b\u00f6rjar.<\/p>\n<p><strong>Observera:<\/strong>\u00a0Denna turn\u00e9 \u00e4r privat. (Bara du och familjen eller v\u00e4nner ombord med kapten och reseledare).<\/p>\n<ul>\n<li>Valsk\u00e5dningsresa<\/li>\n<li>Intr\u00e4desavgifter till observatoriet<\/li>\n<li>Inkluderar lunchbuff\u00e9 p\u00e5 stranden<\/li>\n<li>Transfer till b\u00e5t<\/li>\n<li>Kaptenen ger instruktioner och \u00f6vervakning<\/li>\n<li>Reseguide<\/li>\n<\/ul>\n<p>&nbsp;<\/p>\n<h4><b>Inkluderat och uteslutet<\/b><\/h4>\n<p>&nbsp;<\/p>\n<p><b>Inkluderat material<\/b><\/p>\n<p>&nbsp;<\/p>\n<ol>\n<li>Lunchbuff\u00e9 p\u00e5 stranden<\/li>\n<li>Reseguide<\/li>\n<li>Katamaran eller b\u00e5ttur<\/li>\n<li>Alla skatter, avgifter och hanteringsavgifter<\/li>\n<li>Lokala skatter<\/li>\n<li>Drycker<\/li>\n<\/ol>\n<p><b>Undantag<\/b><\/p>\n<ol>\n<li>Dricks<\/li>\n<li>\u00d6verf\u00f6ringsbil<\/li>\n<li>Alkoholhaltiga drycker<\/li>\n<\/ol>\n<p>&nbsp;<\/p>\n<h4><em><strong>Avresa och \u00e5terkomst<\/strong><\/em><\/h4>\n<p>Resen\u00e4ren f\u00e5r en m\u00f6tesplats efter bokningsprocessen. Turerna b\u00f6rjar och slutar p\u00e5 v\u00e5ra m\u00f6tesplatser.<\/p>\n<p>&nbsp;<\/p>\n<h4><b><i>Vad kan man f\u00f6rv\u00e4nta sig?<\/i><\/b><\/h4>\n<p>&nbsp;<\/p>\n<p><em><strong>K\u00f6p dina biljetter<\/strong><\/em>\u00a0f\u00f6r en dag Valsk\u00e5dning privat rundtur i Saman\u00e1-bukten plus en underbar lunch och strandtid p\u00e5 Bacardi Island.<\/p>\n<p>Dagspasset f\u00f6r valsk\u00e5dning, organiserat av &quot;Booking Adventures&quot; b\u00f6rjar vid m\u00f6tesplatsen med reseguiden. Lunch p\u00e5 stranden och du kan stanna s\u00e5 l\u00e4nge du vill simma runt. Om du \u00e4r vegan kan vi ocks\u00e5 st\u00e4lla in lite mat \u00e5t dig.<\/p>\n<p><strong>Tidtabell:<\/strong><\/p>\n<p>8:45\u201317:00<\/p>\n<p>&nbsp;<\/p>\n<h4><em><strong>Vad ska du ta med dig?<\/strong><\/em><\/h4>\n<ul>\n<li>Kamera<\/li>\n<li>Repellerande knoppar<\/li>\n<li>solkr\u00e4m<\/li>\n<li>Hatt<\/li>\n<li>Bekv\u00e4ma byxor<\/li>\n<li>Sandaler till stranden<\/li>\n<li>Badkl\u00e4der<\/li>\n<li>Kontanter f\u00f6r souvenirer<\/li>\n<\/ul>\n<p>&nbsp;<\/p>\n<h4><b><i>H\u00e4mtning p\u00e5 hotellet<\/i><\/b><\/h4>\n<p>H\u00e4mtning p\u00e5 hotell erbjuds inte f\u00f6r den h\u00e4r turen.<\/p>\n<p>&nbsp;<\/p>\n<p><b>Observera:<\/b>\u00a0Om du bokar inom 24 timmar f\u00f6re turens\/utflyktens avg\u00e5ngstid kan vi ordna h\u00e4mtning p\u00e5 hotellet mot en extra avgift. N\u00e4r ditt k\u00f6p \u00e4r klart skickar vi dig fullst\u00e4ndig kontaktinformation (telefonnummer, e-postadress etc.) till v\u00e5r lokala guide f\u00f6r att organisera upph\u00e4mtning.<\/p>\n<h4><b><i>Ytterligare information Bekr\u00e4ftelse<\/i><\/b><\/h4>\n<ol>\n<li>Biljetterna \u00e4r kvittot efter att du har betalat denna turn\u00e9. Du kan visa betalningen p\u00e5 din telefon.<\/li>\n<li>M\u00f6tesplatsen kommer att meddelas efter bokningsprocessen.<\/li>\n<li>Barn m\u00e5ste \u00e5tf\u00f6ljas av en vuxen.<\/li>\n<li>rullstolstillg\u00e4nglig<\/li>\n<li>Sp\u00e4dbarn m\u00e5ste sitta i kn\u00e4vecken<\/li>\n<li>De flesta resen\u00e4rer kan delta<\/li>\n<\/ol>\n<h4><b><i>Avbokningspolicy<\/i><\/b><\/h4>\n<p><span style=\"font-weight: 400;\">F\u00f6r full \u00e5terbetalning, l\u00e4s v\u00e5r policy f\u00f6r avbokningar.\u00a0<a href=\"https:\/\/www.boattoursamana.com\/sv\/online-bokning\/\" target=\"_blank\" rel=\"noopener\" data-saferedirecturl=\"https:\/\/www.google.com\/url?q=https:\/\/www.boattoursamana.com\/online-booking\/&amp;source=gmail&amp;ust=1672449202351000&amp;usg=AOvVaw1yAeVAPktmaVCqDujgUn90\">Klicka h\u00e4r<\/a>. Pengarna g\u00e5r f\u00f6rlorade om bokningen avbokas samma dag som resan \u00e4ger rum.<\/span><\/p>\n<\/div>\n<\/div>\n<\/div>\n<\/div>\n<\/div>\n<\/div>\n<\/div>\n<\/div>\n<\/div>\n<\/div>\n<\/div>\n<\/div>\n<div class=\"vc_row wpb_row vc_row-fluid\">\n<div class=\"wpb_column vc_column_container vc_col-sm-12\">\n<div class=\"vc_column-inner\">\n<div class=\"wpb_wrapper\">\n<div class=\"vc_empty_space\"><\/div>\n<div class=\"wpb_text_column wpb_content_element\">\n<div class=\"wpb_wrapper\">\n<h4>Kontakta oss?<\/h4>\n<h5><b><i>TUR VALAR SAMANA<\/i><\/b><\/h5>\n<p><em><strong>Lokalbefolkningen<\/strong>\u00a0och\u00a0<strong>Nationals<\/strong>\u00a0Guider och g\u00e4stservice<\/em><\/p>\n<p><span class=\"text-turquoise\">Reservationer:<\/span>\u00a0Turer och utflykter i Dom. Rep.<\/p>\n<p><img decoding=\"async\" class=\"emoji\" draggable=\"false\" src=\"https:\/\/s.w.org\/images\/core\/emoji\/11.2.0\/svg\/1f4de.svg\" alt=\"\ud83d\udcde\" title=\"\">\u00a0Telefon \/ Whatsapp\u00a0\u00a0<a href=\"tel:+1-809-720-6035\">+1-809-720-6035<\/a>.<\/p>\n<p><img decoding=\"async\" class=\"emoji\" draggable=\"false\" src=\"https:\/\/s.w.org\/images\/core\/emoji\/11.2.0\/svg\/1f4e9.svg\" alt=\"\ud83d\udce9\" title=\"\">\u00a0<a href=\"mailto:info@bookingadventures.com.do\">info@bookingadventures.com.do<\/a><\/p>\n<p><strong>Vi \u00e4r flexibla n\u00e4r det g\u00e4ller att st\u00e4lla in privata turer via Whatsapp:\u00a0<a href=\"tel:+18097206035\">+18097206035.<\/a><\/strong><\/p>\n<\/div>\n<\/div>\n<\/div>\n<\/div>\n<\/div>\n<\/div>\n\n\t\t<\/div>\n\t<\/div>\n<div class=\"vc_btn3-container vc_btn3-inline\" ><a class=\"vc_general vc_btn3 vc_btn3-size-md vc_btn3-shape-rounded vc_btn3-style-modern vc_btn3-color-green\" href=\"https:\/\/bookingadventures.tours\/booking.php?tour_id=ccd2fafcfb0614232b46b749871336cb\" title=\"BOKA NU\" rel=\"noopener\">BOKA NU<\/a><\/div><\/div><\/div><\/div><\/div>","protected":false},"excerpt":{"rendered":"<p>Privat valsk\u00e5dningsresa i Samanabukten, Dominikanska republiken med guider f\u00f6r lokalbefolkningen. St\u00e4ll g\u00e4rna in din tid f\u00f6r att komma fram eller f\u00f6r att avsluta utflykten. Lunch och tid best\u00e4mmer du sj\u00e4lv. Boka nu denna utflykt i Samanabukten f\u00f6r en bra valsk\u00e5dningsupplevelse.<\/p>\n<p>Obs: Denna turn\u00e9 \u00e4r en privat rundtur med en minimibetalning. F\u00f6r att g\u00e5 med i en grupp f\u00f6r valsk\u00e5dning till samma pris i katamaran, v\u00e4nligen\u00a0 <a href=\"https:\/\/www.boattoursamana.com\/sv\/tours-excursions\/tours-and-excursions\/samana-whale-watching-cayo-levantado\/\">KLICKA H\u00c4R.<\/a><\/p>\n<p>&nbsp;<\/p>\n<p><em><strong>V\u00e4lj datum f\u00f6r utflykten:<\/strong><\/em><\/p>","protected":false},"featured_media":12061,"template":"","meta":[],"product_cat":[255,655,942,273],"product_tag":[184,328,327,187,604,342,648,276,605,529,274],"class_list":["post-9228","product","type-product","status-publish","has-post-thumbnail","hentry","product_cat-tours-excursions-samana-bay-dominican-republic","product_cat-1-samana","product_cat-whale-watching-private-tours","product_cat-whale-watching-samana","product_tag-bacardi-island","product_tag-cayo-levantado-day-pass","product_tag-private-tours-samana","product_tag-samana-tours","product_tag-samana-whale","product_tag-samana-whale-watching","product_tag-samana-whale-watching-excursions","product_tag-whale-samana","product_tag-whale-watching","product_tag-whale-watching-2020","product_tag-whale-watching-dominican-republic"],"_links":{"self":[{"href":"https:\/\/www.boattoursamana.com\/sv\/wp-json\/wp\/v2\/product\/9228","targetHints":{"allow":["GET"]}}],"collection":[{"href":"https:\/\/www.boattoursamana.com\/sv\/wp-json\/wp\/v2\/product"}],"about":[{"href":"https:\/\/www.boattoursamana.com\/sv\/wp-json\/wp\/v2\/types\/product"}],"wp:featuredmedia":[{"embeddable":true,"href":"https:\/\/www.boattoursamana.com\/sv\/wp-json\/wp\/v2\/media\/12061"}],"wp:attachment":[{"href":"https:\/\/www.boattoursamana.com\/sv\/wp-json\/wp\/v2\/media?parent=9228"}],"wp:term":[{"taxonomy":"product_cat","embeddable":true,"href":"https:\/\/www.boattoursamana.com\/sv\/wp-json\/wp\/v2\/product_cat?post=9228"},{"taxonomy":"product_tag","embeddable":true,"href":"https:\/\/www.boattoursamana.com\/sv\/wp-json\/wp\/v2\/product_tag?post=9228"}],"curies":[{"name":"wp","href":"https:\/\/api.w.org\/{rel}","templated":true}]}}