{"id":9250,"date":"2019-08-08T07:44:23","date_gmt":"2019-08-08T07:44:23","guid":{"rendered":"https:\/\/www.ticketswhales.com\/?post_type=product&#038;p=9250"},"modified":"2023-03-21T10:45:59","modified_gmt":"2023-03-21T10:45:59","slug":"los-haitises-tour-from-santo-domingo-samana-or-sabana-de-la-mar-full-day-trip","status":"publish","type":"product","link":"https:\/\/www.boattoursamana.com\/sv\/turne\/los-haitises-tur-fran-santo-domingo-samana-eller-sabana-de-la-mar-fulldagsresa-2","title":{"rendered":"Los Haitises-tur fr\u00e5n Santo Domingo, Saman\u00e1 eller Sabana de la Mar. Heldagsutflykt."},"content":{"rendered":"<div class=\"vc_row wpb_row vc_row-fluid\" ><div class=\"wpb_column vc_column_container vc_col-sm-12\"><div class=\"vc_column-inner\"><div class=\"wpb_wrapper\"><div class=\"mkdf-section-title-holder\" style=\"text-align: left\">\n\t<div class=\"mkdf-st-inner\">\n\t\t\t\t\t<h5 class=\"mkdf-st-subtitle\" >\n\t\t\t\tTransport och lunch ing\u00e5r\t\t\t<\/h5>\n\t\t\t\t\t\t\t<h3 class=\"mkdf-st-title\" >\n\t\t\t\tLos Haitises National Park Tour fr\u00e5n Santo domingo. heldagsutflykt.\t\t\t<\/h3>\n\t\t\t\t\t<\/div>\n<\/div><\/div><\/div><\/div><\/div><div class=\"vc_row wpb_row vc_row-fluid\" ><div class=\"wpb_column vc_column_container vc_col-sm-12\"><div class=\"vc_column-inner\"><div class=\"wpb_wrapper\"><div class=\"vc_btn3-container vc_btn3-inline\" ><button class=\"vc_general vc_btn3 vc_btn3-size-md vc_btn3-shape-rounded vc_btn3-style-modern vc_btn3-color-green\">BOKA NU<\/button><\/div>\n\t<div class=\"wpb_text_column wpb_content_element\" >\n\t\t<div class=\"wpb_wrapper\">\n\t\t\t<h3><\/h3>\n<h4><b><i>\u00d6versikt <\/i><\/b><\/h4>\n<p>Los Haitises National Park Tour fr\u00e5n Santo Domingo. Heldagsutflykt. Med start fr\u00e5n ditt hotell i Santo Domingo, Boca Chica eller Juan Dolio. Vi kommer att k\u00f6ra till Samanabukten d\u00e4r b\u00e5ten eller katamaranen tar oss till Los Haitises nationalpark. Bes\u00f6k mangrover, grottor, piktogram och allt det vackraste i Los Haitis nationalpark med en lokal reseguide.<\/p>\n<p>Efter denna upplevelse kommer du tillbaka till Santo Domingo d\u00e4r vi h\u00e4mtar upp dig.<\/p>\n<ul>\n<li style=\"font-weight: 400;\">Avgifter ing\u00e5r<\/li>\n<li>Lunch<\/li>\n<li>Snacks<\/li>\n<li style=\"font-weight: 400;\">Lokal guide p\u00e5 engelska eller franska<\/li>\n<li>Transport<\/li>\n<li>B\u00e5tresa<\/li>\n<\/ul>\n<p>&nbsp;<\/p>\n<h4><b>Inkluderat och uteslutet<\/b><\/h4>\n<p>&nbsp;<\/p>\n<p><b>Inkluderat material<\/b><\/p>\n<ol>\n<li style=\"font-weight: 400;\">Tur i Los Haitises + grottor och piktografer<\/li>\n<li>Lunch<\/li>\n<li style=\"font-weight: 400;\"><span style=\"font-weight: 400;\">Alla skatter, avgifter och hanteringsavgifter<\/span><\/li>\n<li style=\"font-weight: 400;\"><span style=\"font-weight: 400;\">Lokala skatter<\/span><\/li>\n<li style=\"font-weight: 400;\"><span style=\"font-weight: 400;\">Drycker<\/span><\/li>\n<li>Snacks<\/li>\n<li style=\"font-weight: 400;\"><span style=\"font-weight: 400;\">Alla verksamheter<\/span><\/li>\n<li style=\"font-weight: 400;\"><span style=\"font-weight: 400;\">Lokal guide<\/span><\/li>\n<\/ol>\n<p><b> Undantag<\/b><\/p>\n<ol>\n<li style=\"font-weight: 400;\"><span style=\"font-weight: 400;\">Dricks<\/span><\/li>\n<li style=\"font-weight: 400;\"><span style=\"font-weight: 400;\">Alkoholhaltiga drycker<\/span><\/li>\n<\/ol>\n<h4><strong>Privat <em>Turer och utflykter <\/em>Priss\u00e4ttning fr\u00e5n Santo Domingo:<\/strong><\/h4>\n<p><strong><em>*Barn 10 \u00e5r och yngre reser gratis. (minst 2 vuxna)<br \/>\n<\/em><\/strong><\/p>\n<ul>\n<li><strong><em>2 personer privat tur &amp; utflykt: USD $210 per person<\/em><\/strong><strong><em><br \/>\n<\/em><\/strong><\/li>\n<li><strong><em>3 personer privat tur &amp; utflykt: USD $160 per person<\/em><\/strong><\/li>\n<li><strong><em>4 personer privat tur &amp; utflykt: USD $130 per person<\/em><\/strong><\/li>\n<li><strong><em>5 personer privat tur &amp; utflykt: USD $105 per person<\/em><\/strong><\/li>\n<li><strong><em>6 personer privat tur &amp; utflykt: USD $100 per person<\/em><\/strong><\/li>\n<li><strong><em>7 personer privat tur &amp; utflykt: USD $90 per person<\/em><\/strong><\/li>\n<li><strong><em>8 personer privat Tur &amp; utflykt: USD $80 per person<\/em><\/strong><\/li>\n<li><strong><em>9 eller fler personer Tur &amp; Utflykt: <a href=\"https:\/\/www.boattoursamana.com\/sv\/kontakta-oss\/\">Kontakta oss<\/a><\/em><\/strong><\/li>\n<\/ul>\n<p><strong><em>*Exkursionen startar a vid den tidpunkt som du anger\u00a0\u00a0<\/em><\/strong><\/p>\n<h4><em><strong>Avresa och \u00e5terkomst<\/strong><\/em><\/h4>\n<p><span style=\"font-weight: 400;\">Resen\u00e4ren f\u00e5r en m\u00f6tesplats efter bokningsprocessen. Turerna b\u00f6rjar och slutar p\u00e5 din m\u00f6tesplats.<\/span><\/p>\n<h4><\/h4>\n<h4><\/h4>\n<h3>Nationalparken Los Haitises fr\u00e5n Santo Domingo<\/h3>\n<h4><b><i>Vad kan man f\u00f6rv\u00e4nta sig?<\/i><\/b><\/h4>\n<p><em><strong>K\u00f6p dina biljetter<\/strong><\/em> f\u00f6r att bes\u00f6ka Los Haitises National Park Tour fr\u00e5n Santo Domingo. Heldagsutflykt. Fr\u00e5n Santo Domingo i en bekv\u00e4m transfer till Saman\u00e1 Bay. transport till hamnen f\u00f6r ombord p\u00e5 en b\u00e5t eller katamaran med en lokal reseguide bes\u00f6ker vi Los Haitises, Sabana de la Mar sida f\u00f6r att bes\u00f6ka en av de vackraste nationalparkerna i Dominikanska republiken. <strong>Los<em>\u00a0Haitises nationalpark<\/em>.<\/strong><\/p>\n<p>Turen, som organiseras av \"Booking Adventures\", b\u00f6rjar vid den m\u00f6tesplats som du best\u00e4mmer tillsammans med reseledaren. F\u00f6lj med Booking Adventures och b\u00f6rja kolla in f\u00e5gelfyllda mangroveskogar, b\u00f6ljande kullar med frodig vegetation och grottor av <em><strong>Nationalparken Los Haitises<\/strong><\/em>. Bes\u00f6k p\u00e5 en \u00f6 med f\u00e5glar runt omkring. Under h\u00e4ckningss\u00e4songen kan vi till och med se Pelecanos-ungarna p\u00e5 boet. Vi f\u00e5r en mer djupg\u00e5ende inblick i Rocky Islands och bes\u00f6ker grottorna med piktografier och petrografiska bilder fr\u00e5n ursprungsbefolkningen.<\/p>\n<p>Genom mangroven och land vid den \u00f6ppna San Lorenzo-bukten, Sabana de la Mar, varifr\u00e5n du kan fotografera det robusta skogslandskapet. Titta mot vattnet f\u00f6r att uppt\u00e4cka <em><strong>Sj\u00f6kor<\/strong><\/em>, kr\u00e4ftdjur och <em><strong>delfiner.<\/strong><\/em><\/p>\n<div class=\"body-description secondary\">\n<p>Nationalparkens namn kommer fr\u00e5n dess ursprungliga inv\u00e5nare, Tainoindianerna. P\u00e5 deras spr\u00e5k betyder \"Haitises\" h\u00f6gland eller kullar, en referens till kustens branta geologiska formationer med kalkstenar. G\u00e5 djupare in i parken och utforska grottor som Cueva San Gabriel, <em><strong>Cueva de la Arena, <\/strong><\/em>och <strong><em>Cueva de la L\u00ednea.<\/em><\/strong><\/p>\n<p>Dessa grottor i reservatet anv\u00e4ndes som skydd av Taino-indianerna och, senare, genom att g\u00f6mma pirater. Leta efter teckningar av indianer som pryder n\u00e5gra av v\u00e4ggarna. Efter att ha bes\u00f6kt Los Haitises nationalpark \u00e5ker vi tillbaka till Samana eller Sabana de la mar f\u00f6r att \u00e4ta lunch.<\/p>\n<p>Vi kommer att ha en typisk lunch, om du \u00e4r vegan, oroa dig inte vi har ocks\u00e5 mat f\u00f6r dig!<\/p>\n<p>Efter lunch \u00e5ker vi tillbaka till Santo Domingo!!<\/p>\n<\/div>\n<p>Om du vill ha den h\u00e4r resan l\u00e4ngre eller kortare har vi f\u00f6ljande alternativ:<\/p>\n<ol>\n<li><a href=\"https:\/\/www.boattoursamana.com\/sv\/turne\/the-haitises-national-park-tour-from-samana-port\/\">Bara Los Haitises fr\u00e5n Saman\u00e1 hamn.<\/a><\/li>\n<li><a href=\"https:\/\/www.boattoursamana.com\/sv\/turne\/los-haitises-nationalpark-lunch-at-cano-hondo-from-samana-port-2\/\">Los Haitises + Ca\u00f1o Hondo fr\u00e5n Saman\u00e1 hamn.<\/a><\/li>\n<\/ol>\n<p>&nbsp;<\/p>\n<h4><em><strong>Vad ska du ta med dig?<\/strong><\/em><\/h4>\n<ul>\n<li style=\"font-weight: 400;\"><span style=\"font-weight: 400;\">Kamera<\/span><\/li>\n<li style=\"font-weight: 400;\"><span style=\"font-weight: 400;\">Repellerande knoppar<\/span><\/li>\n<li style=\"font-weight: 400;\"><span style=\"font-weight: 400;\">Solkr\u00e4m<\/span><\/li>\n<li style=\"font-weight: 400;\"><span style=\"font-weight: 400;\">Hatt<\/span><\/li>\n<li style=\"font-weight: 400;\"><span style=\"font-weight: 400;\">Bekv\u00e4ma byxor<\/span><\/li>\n<li style=\"font-weight: 400;\"><span style=\"font-weight: 400;\">Vandringsskor f\u00f6r skogen<\/span><\/li>\n<li style=\"font-weight: 400;\"><span style=\"font-weight: 400;\">Sandaler till v\u00e5romr\u00e5dena.<\/span><\/li>\n<li style=\"font-weight: 400;\"><span style=\"font-weight: 400;\">Badkl\u00e4der<\/span><\/li>\n<\/ul>\n<p>&nbsp;<\/p>\n<h4><b><i>H\u00e4mtning p\u00e5 hotellet <\/i><\/b><\/h4>\n<p><span style=\"font-weight: 400;\">H\u00e4mtning p\u00e5 hotell erbjuds inte f\u00f6r den h\u00e4r turen. <\/span><\/p>\n<p>&nbsp;<\/p>\n<p><b>Observera:<\/b><span style=\"font-weight: 400;\"> Om du bokar inom 24 timmar f\u00f6re turens\/utflyktens avg\u00e5ngstid kan vi ordna h\u00e4mtning p\u00e5 hotellet mot en extra avgift. N\u00e4r ditt k\u00f6p \u00e4r klart skickar vi dig fullst\u00e4ndig kontaktinformation (telefonnummer, e-postadress etc.) till v\u00e5r lokala guide f\u00f6r att organisera upph\u00e4mtning.<\/span><\/p>\n<h4><b><i>Ytterligare information Bekr\u00e4ftelse <\/i><\/b><\/h4>\n<ol>\n<li>Biljetterna \u00e4r kvittot efter att du har betalat denna turn\u00e9. Du kan visa betalningen p\u00e5 din telefon.<\/li>\n<li style=\"font-weight: 400;\"><span style=\"font-weight: 400;\">M\u00f6tesplatsen kommer att meddelas efter bokningsprocessen.<\/span><\/li>\n<li style=\"font-weight: 400;\"><span style=\"font-weight: 400;\">Barn m\u00e5ste \u00e5tf\u00f6ljas av en vuxen.<\/span><\/li>\n<li style=\"font-weight: 400;\"><span style=\"font-weight: 400;\"> Inte rullstolsanpassad <\/span><\/li>\n<li style=\"font-weight: 400;\"><span style=\"font-weight: 400;\">Sp\u00e4dbarn m\u00e5ste sitta i kn\u00e4vecken <\/span><\/li>\n<li style=\"font-weight: 400;\"><span style=\"font-weight: 400;\">Rekommenderas inte f\u00f6r resen\u00e4rer med ryggproblem<\/span><\/li>\n<li style=\"font-weight: 400;\"><span style=\"font-weight: 400;\">Rekommenderas inte f\u00f6r gravida resen\u00e4rer <\/span><\/li>\n<li style=\"font-weight: 400;\"><span style=\"font-weight: 400;\"> Inga hj\u00e4rtproblem eller andra allvarliga medicinska tillst\u00e5nd <\/span><\/li>\n<li style=\"font-weight: 400;\"><span style=\"font-weight: 400;\">De flesta resen\u00e4rer kan delta<\/span><\/li>\n<\/ol>\n<h4><b><i>Avbokningspolicy<\/i><\/b><\/h4>\n<p>F\u00f6r full \u00e5terbetalning, l\u00e4s v\u00e5r policy f\u00f6r avbokningar.\u00a0<a href=\"https:\/\/www.boattoursamana.com\/sv\/online-bokning\/\" target=\"_blank\" rel=\"noopener\" data-saferedirecturl=\"https:\/\/www.google.com\/url?q=https:\/\/www.boattoursamana.com\/online-booking\/&amp;source=gmail&amp;ust=1672449202351000&amp;usg=AOvVaw1yAeVAPktmaVCqDujgUn90\">Klicka h\u00e4r<\/a>. Pengarna g\u00e5r f\u00f6rlorade om bokningen avbokas samma dag som resan \u00e4ger rum.<\/p>\n\n\t\t<\/div>\n\t<\/div>\n<div class=\"vc_btn3-container vc_btn3-inline\" ><button class=\"vc_general vc_btn3 vc_btn3-size-md vc_btn3-shape-rounded vc_btn3-style-modern vc_btn3-color-green\">BOKA NU<\/button><\/div><\/div><\/div><\/div><\/div><div class=\"vc_row wpb_row vc_row-fluid\" ><div class=\"wpb_column vc_column_container vc_col-sm-12\"><div class=\"vc_column-inner\"><div class=\"wpb_wrapper\">\n\t<div class=\"wpb_video_widget wpb_content_element vc_clearfix   vc_video-aspect-ratio-169 vc_video-el-width-100 vc_video-align-left\" >\n\t\t<div class=\"wpb_wrapper\">\n\t\t\t\n\t\t\t<div class=\"wpb_video_wrapper\"><iframe loading=\"lazy\" title=\"Los Haitises nationalpark, turer och utflykter fr\u00e5n Samana eller Sabana de la Mar. Boka h\u00e4r:\" src=\"https:\/\/player.vimeo.com\/video\/346508015?dnt=1&amp;app_id=122963\" width=\"1100\" height=\"619\" frameborder=\"0\" allow=\"autoplay; fullscreen\" allowfullscreen><\/iframe><\/div>\n\t\t<\/div>\n\t<\/div>\n<\/div><\/div><\/div><\/div><div class=\"vc_row wpb_row vc_row-fluid\" ><div class=\"wpb_column vc_column_container vc_col-sm-12\"><div class=\"vc_column-inner\"><div class=\"wpb_wrapper\"><div class=\"vc_empty_space\"   style=\"height: 32px\"><span class=\"vc_empty_space_inner\"><\/span><\/div>\n\t<div class=\"wpb_text_column wpb_content_element\" >\n\t\t<div class=\"wpb_wrapper\">\n\t\t\t<h4>Kontakta oss?<\/h4>\n<h5>Bokning av \u00e4ventyr<\/h5>\n<p><em><strong>Lokalbefolkningen<\/strong>\u00a0och\u00a0<strong>Nationals<\/strong>\u00a0Guider och g\u00e4stservice<\/em><\/p>\n<p><span class=\"text-turquoise\">Reservationer:<\/span>\u00a0Turer och utflykter i Dom. Rep.<\/p>\n<p><img decoding=\"async\" class=\"emoji\" draggable=\"false\" src=\"https:\/\/s.w.org\/images\/core\/emoji\/11.2.0\/svg\/1f4de.svg\" alt=\"\ud83d\udcde\" title=\"\">\u00a0Telefon \/ Whatsapp\u00a0\u00a0<a href=\"tel:+1-809-720-6035\">+1-809-720-6035<\/a>.<\/p>\n<p><img decoding=\"async\" class=\"emoji\" draggable=\"false\" src=\"https:\/\/s.w.org\/images\/core\/emoji\/11.2.0\/svg\/1f4e9.svg\" alt=\"\ud83d\udce9\" title=\"\">\u00a0<a href=\"mailto:info@bookingadventures.com.do\">info@bookingadventures.com.do<\/a><\/p>\n<p><strong>Vi \u00e4r flexibla n\u00e4r det g\u00e4ller att st\u00e4lla in privata turer via Whatsapp:\u00a0<a href=\"tel:+18097206035\">+18097206035.<\/a><\/strong><\/p>\n\n\t\t<\/div>\n\t<\/div>\n<div class=\"vc_empty_space\"   style=\"height: 32px\"><span class=\"vc_empty_space_inner\"><\/span><\/div><\/div><\/div><\/div><\/div><div class=\"vc_row wpb_row vc_row-fluid\" ><div class=\"wpb_column vc_column_container vc_col-sm-12\"><div class=\"vc_column-inner\"><div class=\"wpb_wrapper\"><div class=\"vc_btn3-container vc_btn3-inline\" ><button class=\"vc_general vc_btn3 vc_btn3-size-md vc_btn3-shape-rounded vc_btn3-style-modern vc_btn3-color-green\">BOKA NU<\/button><\/div><\/div><\/div><\/div><\/div>","protected":false},"excerpt":{"rendered":"<p>Denna utflykt fr\u00e5n Santo Domingo till Los Haitises nationalpark inkluderar lunch och transport f\u00f6r ett bes\u00f6k i de viktigaste grottorna, en utforskning av 2 olika mangroveekosystem och naturligtvis fiskef\u00e5gelsk\u00e5dning.<\/p>\n<p>Resa till Los Haitises nationalpark med en naturforskare guide. Bes\u00f6ker Cays i Los Haitises nationalpark, mangrover, vegetation, f\u00e5gelsk\u00e5dning, grottor, piktogram och de historiska omr\u00e5dena Sabana de la Mar i Los Haitises nationalpark.<\/p>\n<p>&nbsp;<\/p>\n<p><strong>V\u00e4lj datum f\u00f6r rundturen:\u00a0<\/strong><\/p>","protected":false},"featured_media":13216,"template":"","meta":[],"product_cat":[329,946,928,253],"product_tag":[268,267,171,209,212,269],"class_list":["post-9250","product","type-product","status-publish","has-post-thumbnail","hentry","product_cat-los-haitises-tour-from-santo-domingo","product_cat-1-sabana-de-la-mar","product_cat-boat-trip-los-haitises","product_cat-tours-and-excursions","product_tag-caves-los-haitises","product_tag-las-terrenas","product_tag-los-haitises","product_tag-los-haitises-national-park","product_tag-mangroves-los-haitises","product_tag-transportation-los-haitises"],"_links":{"self":[{"href":"https:\/\/www.boattoursamana.com\/sv\/wp-json\/wp\/v2\/product\/9250","targetHints":{"allow":["GET"]}}],"collection":[{"href":"https:\/\/www.boattoursamana.com\/sv\/wp-json\/wp\/v2\/product"}],"about":[{"href":"https:\/\/www.boattoursamana.com\/sv\/wp-json\/wp\/v2\/types\/product"}],"wp:featuredmedia":[{"embeddable":true,"href":"https:\/\/www.boattoursamana.com\/sv\/wp-json\/wp\/v2\/media\/13216"}],"wp:attachment":[{"href":"https:\/\/www.boattoursamana.com\/sv\/wp-json\/wp\/v2\/media?parent=9250"}],"wp:term":[{"taxonomy":"product_cat","embeddable":true,"href":"https:\/\/www.boattoursamana.com\/sv\/wp-json\/wp\/v2\/product_cat?post=9250"},{"taxonomy":"product_tag","embeddable":true,"href":"https:\/\/www.boattoursamana.com\/sv\/wp-json\/wp\/v2\/product_tag?post=9250"}],"curies":[{"name":"wp","href":"https:\/\/api.w.org\/{rel}","templated":true}]}}