{"id":9348,"date":"2017-09-05T15:29:26","date_gmt":"2017-09-05T15:29:26","guid":{"rendered":"https:\/\/www.ticketswhales.com\/?post_type=product&#038;p=9348"},"modified":"2023-08-16T22:00:06","modified_gmt":"2023-08-16T22:00:06","slug":"atv-samana-adventures-atv-tours-excursions-in-samana-dominican-republic-atv-el-valle-beach-waterfalls","status":"publish","type":"product","link":"https:\/\/www.boattoursamana.com\/sv\/turne\/atv-samana-aventyr-atv-tours-utflykter-i-samana-dominikanska-republiken-atv-el-valle-beach-vattenfall-2","title":{"rendered":"ATV Saman\u00e1 Adventures - ATV-turer och utflykter i Saman\u00e1 Dominikanska republiken. ATV + El Valle Beach och vattenfall"},"content":{"rendered":"<div class=\"vc_row wpb_row vc_row-fluid\" ><div class=\"wpb_column vc_column_container vc_col-sm-12\"><div class=\"vc_column-inner\"><div class=\"wpb_wrapper\"><div class=\"mkdf-section-title-holder\" style=\"text-align: left\">\n\t<div class=\"mkdf-st-inner\">\n\t\t\t\t\t<h5 class=\"mkdf-st-subtitle\" >\n\t\t\t\tLunch ing\u00e5r p\u00e5 stranden\t\t\t<\/h5>\n\t\t\t\t\t\t\t<h3 class=\"mkdf-st-title\" >\n\t\t\t\tATV Samana Adventures - ATV-turer och utflykter i Samana, Dominikanska republiken. ATV + El Valle strand och vattenfall\t\t\t<\/h3>\n\t\t\t\t\t<\/div>\n<\/div><\/div><\/div><\/div><\/div><div class=\"vc_row wpb_row vc_row-fluid\" ><div class=\"wpb_column vc_column_container vc_col-sm-12\"><div class=\"vc_column-inner\"><div class=\"wpb_wrapper\"><div class=\"vc_btn3-container vc_btn3-inline\" ><button class=\"vc_general vc_btn3 vc_btn3-size-md vc_btn3-shape-rounded vc_btn3-style-modern vc_btn3-color-green\">BOKA NU<\/button><\/div>\n\t<div class=\"wpb_text_column wpb_content_element\" >\n\t\t<div class=\"wpb_wrapper\">\n\t\t\t<h3 class=\"ui_header h1 attractions-product-info-ProductTitle__title--1qM0o\"><\/h3>\n<h4><b><i>\u00d6versikt <\/i><\/b><\/h4>\n<p>K\u00f6p dina biljetter till en halvdagsutflykt i Samana med ATV Tours. <span style=\"font-family: Arial, Helvetica, sans-serif;\"><span style=\"color: #4b291d;\">\u00a0T<\/span>han utflykt b\u00f6rjar p\u00e5 v\u00e5rt kontor n\u00e4ra Samana Main docka. efter att ha k\u00f6rt 30 min kommer vi att bes\u00f6ka Tree House ecologe p\u00e5 v\u00e4g till vattenfallen. Efter vandring till vattenfallen runt 10 min. <\/span><\/p>\n<p><span style=\"font-family: Arial, Helvetica, sans-serif;\">Vi \u00e4ter lunch p\u00e5 stranden El valle. Efter 4,5 timmars aktiviteter \u00e5ker vi tillbaka till v\u00e5r m\u00f6tesplats i Samana.\u00a0<\/span><\/p>\n<p>&nbsp;<\/p>\n<h4><b>Inkluderat och uteslutet<\/b><\/h4>\n<p>&nbsp;<\/p>\n<p><b>Inkluderat material<\/b><\/p>\n<ol>\n<li style=\"font-weight: 400;\">Atv 2 personer i en.<\/li>\n<li>Lunch p\u00e5 stranden<\/li>\n<li style=\"font-weight: 400;\"><span style=\"font-weight: 400;\">Alla skatter, avgifter och hanteringsavgifter<\/span><\/li>\n<li style=\"font-weight: 400;\"><span style=\"font-weight: 400;\">Lokala skatter<\/span><\/li>\n<li style=\"font-weight: 400;\"><span style=\"font-weight: 400;\">Drycker<\/span><\/li>\n<li>Snacks<\/li>\n<li>Bes\u00f6k vid vattenfall<\/li>\n<li>El Valle Strand<\/li>\n<li>Bes\u00f6k i tr\u00e4dkoja<\/li>\n<li style=\"font-weight: 400;\"><span style=\"font-weight: 400;\">Alla verksamheter<\/span><\/li>\n<li style=\"font-weight: 400;\"><span style=\"font-weight: 400;\">Lokal guide<\/span><\/li>\n<\/ol>\n<p><b> Undantag<\/b><\/p>\n<ol>\n<li style=\"font-weight: 400;\"><span style=\"font-weight: 400;\">Dricks<\/span><\/li>\n<li>transport fr\u00e5n hotell (kan fastst\u00e4llas genom att kontakta oss).<\/li>\n<li style=\"font-weight: 400;\"><span style=\"font-weight: 400;\">Alkoholhaltiga drycker<\/span><\/li>\n<\/ol>\n<p>&nbsp;<\/p>\n<h4><em><strong>Avresa och \u00e5terkomst<\/strong><\/em><\/h4>\n<p><span style=\"font-weight: 400;\">Resen\u00e4ren f\u00e5r en m\u00f6tesplats efter bokningsprocessen. Turerna b\u00f6rjar och slutar p\u00e5 din m\u00f6tesplats.<\/span><\/p>\n<h4><\/h4>\n<h3 class=\"ui_header h1 attractions-product-info-ProductTitle__title--1qM0o\">ATV Samana Adventures - ATV-turer och utflykter i Samana Dominikanska republiken. ATV + El Valle strand och vattenfall.<\/h3>\n<h4><b><i>Vad kan man f\u00f6rv\u00e4nta sig?<\/i><\/b><\/h4>\n<div data-tab=\"TABS_WHAT_TO_EXPECT\">\n<div class=\"ui_card attractions-card-CollapsibleProductDetailsCard__cardContainer--3r2wk attractions-card-CollapsibleProductDetailsCard__cleanslateOverrideDT--2AJh0\">\n<div class=\"attractions-card-CollapsibleCard__header--IDA3r\">\n<div class=\"attractions-card-CollapsibleCard__headerSection--3gTKb\"><\/div>\n<\/div>\n<div class=\"attractions-card-CollapsibleCard__content--2Ws8q\">\n<div class=\"attractions-card-CollapsibleCard__contentWrap--374jk attractions-card-CollapsibleCard__titleUnderline--1uHze\">\n<div class=\"attractions-card-CollapsibleProductDetailsCard__cardContent--23ext\">\n<div class=\"common-text-ReadMore__readMore--3Iu8c common-text-ReadMore__variantFadeOut--1tInd\">\n<div class=\"common-text-ReadMore__content--2X4LR\">\n<div class=\"ui_columns is-desktop\">\n<div class=\"ui_column\">F\u00e5 ig\u00e5ng din Atv. S\u00e5 du kommer att g\u00f6ra dig redo att \u00e5ka tv\u00e4rs \u00f6ver landet och se Saman\u00e1 Peninsula fr\u00e5n n\u00e4ra h\u00e5ll. Du kommer att k\u00f6ra ditt ATV-fordon genom en tuff terr\u00e4ng och vi kommer att bes\u00f6ka en dominikansk familj d\u00e4r vi g\u00f6r ett snabbt stopp f\u00f6r att ta n\u00e5gra bilder av Tree House Ecologe, dricka ett gott dominikanskt kaffe och njuta av uts\u00f6kt naturlig choklad.<\/div>\n<div class=\"ui_column\">D\u00e4refter forts\u00e4tter vi genom en liten by d\u00e4r du kan njuta av v\u00e4rmen fr\u00e5n den inhemska dominikanska befolkningen p\u00e5 v\u00e4gen f\u00f6r att bes\u00f6ka vattenfallen LULU, Vandring till vattenfallen 10 min och l\u00e4ra dig om skogen i Dominikanska republiken p\u00e5 en av de mest exotiska platserna i regionen.<\/div>\n<div><\/div>\n<div class=\"ui_column\">Tillbaka till v\u00e5r ATV f\u00f6r att bes\u00f6ka en av de vackraste str\u00e4nderna runt Samana. Stranden El Valle!  H\u00e4r stannar vi i ca 1 timme och 15 minuter f\u00f6r att njuta av den magiska vita sanden och det kristallklara turkosa vattnet p\u00e5 stranden Playa El Valle. D\u00e4r kan du vila, dricka, simma, utforska eller bara ligga i solen om du vill.  Buff\u00e9 kommer att vara redo med typiska dominikanska m\u00e5ltider och om du \u00e4r vegan l\u00e5t oss veta. Vi har mat f\u00f6r alla!<\/div>\n<\/div>\n<div>Efter 4,5 timmar k\u00f6r vi tillbaka till staden Samana.<\/div>\n<div class=\"ui_columns is-desktop\">\n<div class=\"ui_column\"><\/div>\n<\/div>\n<\/div>\n<\/div>\n<\/div>\n<\/div>\n<\/div>\n<\/div>\n<\/div>\n<h4><em><strong>Vad ska du ta med dig?<\/strong><\/em><\/h4>\n<ul>\n<li style=\"font-weight: 400;\"><span style=\"font-weight: 400;\">Kamera<\/span><\/li>\n<li style=\"font-weight: 400;\"><span style=\"font-weight: 400;\">Repellerande knoppar<\/span><\/li>\n<li style=\"font-weight: 400;\"><span style=\"font-weight: 400;\">Solkr\u00e4m<\/span><\/li>\n<li style=\"font-weight: 400;\"><span style=\"font-weight: 400;\">Hatt<\/span><\/li>\n<li style=\"font-weight: 400;\"><span style=\"font-weight: 400;\">Bekv\u00e4ma byxor<\/span><\/li>\n<li style=\"font-weight: 400;\"><span style=\"font-weight: 400;\">Vandringsskor f\u00f6r skogen<\/span><\/li>\n<li style=\"font-weight: 400;\"><span style=\"font-weight: 400;\">Sandaler till v\u00e5romr\u00e5dena.<\/span><\/li>\n<li style=\"font-weight: 400;\"><span style=\"font-weight: 400;\">Badkl\u00e4der<\/span><\/li>\n<\/ul>\n<p>&nbsp;<\/p>\n<h4><b><i>H\u00e4mtning p\u00e5 hotellet <\/i><\/b><\/h4>\n<p><span style=\"font-weight: 400;\">H\u00e4mtning p\u00e5 hotell erbjuds inte f\u00f6r den h\u00e4r turen. Vi ordnar h\u00e4mtning genom att kontakta oss via Whatsapp.<\/span><\/p>\n<p>&nbsp;<\/p>\n<p><b>Observera:<\/b><span style=\"font-weight: 400;\"> Om du bokar inom 24 timmar f\u00f6re turens\/utflyktens avg\u00e5ngstid kan vi ordna h\u00e4mtning p\u00e5 hotellet mot en extra avgift. N\u00e4r ditt k\u00f6p \u00e4r klart skickar vi dig fullst\u00e4ndig kontaktinformation (telefonnummer, e-postadress etc.) till v\u00e5r lokala guide f\u00f6r att organisera upph\u00e4mtning.<\/span><\/p>\n<h4><b><i>Ytterligare information Bekr\u00e4ftelse <\/i><\/b><\/h4>\n<ol>\n<li>Biljetterna \u00e4r kvittot efter att du har betalat denna turn\u00e9. Du kan visa betalningen p\u00e5 din telefon.<\/li>\n<li style=\"font-weight: 400;\"><span style=\"font-weight: 400;\">M\u00f6tesplatsen kommer att meddelas efter bokningsprocessen.<\/span><\/li>\n<li style=\"font-weight: 400;\"><span style=\"font-weight: 400;\">Barn m\u00e5ste \u00e5tf\u00f6ljas av en vuxen.<\/span><\/li>\n<li style=\"font-weight: 400;\"><span style=\"font-weight: 400;\"> Inte rullstolsanpassad <\/span><\/li>\n<li style=\"font-weight: 400;\"><span style=\"font-weight: 400;\">Sp\u00e4dbarn m\u00e5ste sitta i kn\u00e4vecken <\/span><\/li>\n<li style=\"font-weight: 400;\"><span style=\"font-weight: 400;\">Rekommenderas inte f\u00f6r resen\u00e4rer med ryggproblem<\/span><\/li>\n<li style=\"font-weight: 400;\"><span style=\"font-weight: 400;\">Rekommenderas inte f\u00f6r gravida resen\u00e4rer <\/span><\/li>\n<li style=\"font-weight: 400;\"><span style=\"font-weight: 400;\"> Inga hj\u00e4rtproblem eller andra allvarliga medicinska tillst\u00e5nd <\/span><\/li>\n<li style=\"font-weight: 400;\"><span style=\"font-weight: 400;\">De flesta resen\u00e4rer kan delta<\/span><\/li>\n<\/ol>\n<h4><b><i>Avbokningspolicy<\/i><\/b><\/h4>\n<p><span style=\"font-weight: 400;\">F\u00f6r full \u00e5terbetalning, l\u00e4s v\u00e5r policy f\u00f6r avbokningar.\u00a0<a href=\"https:\/\/www.boattoursamana.com\/sv\/online-bokning\/\" target=\"_blank\" rel=\"noopener\" data-saferedirecturl=\"https:\/\/www.google.com\/url?q=https:\/\/www.boattoursamana.com\/online-booking\/&amp;source=gmail&amp;ust=1672449202351000&amp;usg=AOvVaw1yAeVAPktmaVCqDujgUn90\">Klicka h\u00e4r<\/a>. Pengarna g\u00e5r f\u00f6rlorade om bokningen avbokas samma dag som resan \u00e4ger rum.<\/span><\/p>\n\n\t\t<\/div>\n\t<\/div>\n<\/div><\/div><\/div><\/div><div class=\"vc_row wpb_row vc_row-fluid\" ><div class=\"wpb_column vc_column_container vc_col-sm-12\"><div class=\"vc_column-inner\"><div class=\"wpb_wrapper\">\n\t<div class=\"wpb_video_widget wpb_content_element vc_clearfix   vc_video-aspect-ratio-169 vc_video-el-width-100 vc_video-align-left\" >\n\t\t<div class=\"wpb_wrapper\">\n\t\t\t<h2 class=\"wpb_heading wpb_video_heading\">Samana med Booking Adventures:<\/h2>\n\t\t\t<div class=\"wpb_video_wrapper\"><iframe loading=\"lazy\" title=\"Dominikanska destinationen Samana Zipline, ATV-utflykter\" width=\"1100\" height=\"619\" src=\"https:\/\/www.youtube.com\/embed\/8Ybh1xtnr2M?feature=oembed\" frameborder=\"0\" allow=\"accelerometer; autoplay; encrypted-media; gyroscope; picture-in-picture\" allowfullscreen><\/iframe><\/div>\n\t\t<\/div>\n\t<\/div>\n<\/div><\/div><\/div><\/div><div class=\"vc_row wpb_row vc_row-fluid\" ><div class=\"wpb_column vc_column_container vc_col-sm-12\"><div class=\"vc_column-inner\"><div class=\"wpb_wrapper\"><div class=\"vc_empty_space\"   style=\"height: 32px\"><span class=\"vc_empty_space_inner\"><\/span><\/div>\n\t<div class=\"wpb_text_column wpb_content_element\" >\n\t\t<div class=\"wpb_wrapper\">\n\t\t\t<h4>Kontakta oss?<\/h4>\n<h5><em><strong>Bokning av \u00e4ventyr<\/strong><\/em><\/h5>\n<p><em><strong>Lokalbefolkningen<\/strong>\u00a0och\u00a0<strong>Nationals<\/strong>\u00a0Guider och g\u00e4stservice<\/em><\/p>\n<p><span class=\"text-turquoise\">Reservationer:<\/span>\u00a0Turer och utflykter i Dom. Rep.<\/p>\n<p><img decoding=\"async\" class=\"emoji\" draggable=\"false\" src=\"https:\/\/s.w.org\/images\/core\/emoji\/11.2.0\/svg\/1f4de.svg\" alt=\"\ud83d\udcde\" title=\"\">\u00a0Telefon \/ Whatsapp\u00a0\u00a0<a href=\"tel:+1-809-720-6035\">+1-809-720-6035<\/a>.<\/p>\n<p><img decoding=\"async\" class=\"emoji\" draggable=\"false\" src=\"https:\/\/s.w.org\/images\/core\/emoji\/11.2.0\/svg\/1f4e9.svg\" alt=\"\ud83d\udce9\" title=\"\">\u00a0<a href=\"mailto:info@bookingadventures.com.do\">info@bookingadventures.com.do<\/a><\/p>\n<p><strong>Vi \u00e4r flexibla n\u00e4r det g\u00e4ller att st\u00e4lla in privata turer via Whatsapp:\u00a0<a href=\"tel:+18097206035\">+18097206035.<\/a><\/strong><\/p>\n\n\t\t<\/div>\n\t<\/div>\n<div class=\"vc_empty_space\"   style=\"height: 32px\"><span class=\"vc_empty_space_inner\"><\/span><\/div><\/div><\/div><\/div><\/div><div class=\"vc_row wpb_row vc_row-fluid\" ><div class=\"wpb_column vc_column_container vc_col-sm-12\"><div class=\"vc_column-inner\"><div class=\"wpb_wrapper\"><div class=\"vc_btn3-container vc_btn3-inline\" ><button class=\"vc_general vc_btn3 vc_btn3-size-md vc_btn3-shape-rounded vc_btn3-style-modern vc_btn3-color-green\">BOKA NU<\/button><\/div><\/div><\/div><\/div><\/div>","protected":false},"excerpt":{"rendered":"<div class=\"ui_columns is-desktop\">\n<div class=\"ui_column\">Denna upplevelse i Atv b\u00f6rjar i Samana City Center. K\u00f6r Atv till vattenfallen LULU, f\u00f6rbi Tree House Ecolodge fram till El Valle Beach.<\/div>\n<div class=\"ui_column\">Stranden El Valle!  Vi stannar i ca 1 timme och 15 minuter f\u00f6r att njuta av den magiska vita sanden och det kristallklara turkosa vattnet p\u00e5 stranden Playa El Valle. D\u00e4r kan du vila, dricka, simma, utforska eller bara ligga i solen om du vill. En buff\u00e9 med typiska dominikanska m\u00e5ltider kommer att st\u00e5 redo och om du \u00e4r vegan s\u00e5 l\u00e5t oss veta. Vi har mat f\u00f6r alla!<\/div>\n<div><\/div>\n<\/div>\n<div>Efter 4,5 timmar k\u00f6r vi tillbaka till staden Samana.<\/div>\n<p>. Vandring och simning med s\u00e4kerhetsutrustning f\u00f6r att f\u00e5 den b\u00e4sta upplevelsen n\u00e5gonsin!!!<\/p>\n<p>&nbsp;<\/p>\n<p><strong>V\u00e4lj datum f\u00f6r rundturen:\u00a0<\/strong><\/p>","protected":false},"featured_media":9357,"template":"","meta":[],"product_cat":[159,655,359,361,362,178,363,160,360,253,252],"product_tag":[370,368,366,367,195,371,327,186,369,200,187,372],"class_list":["post-9348","product","type-product","status-publish","has-post-thumbnail","hentry","product_cat-fees-entrace","product_cat-1-samana","product_cat-atv-adventures","product_cat-atv-fourwheels","product_cat-atv-tours-excursions-adventures","product_cat-hiking","product_cat-lulu-waterfalls","product_cat-lunch","product_cat-things-to-do-in-samana-province","product_cat-tours-and-excursions","product_cat-waterfalls","product_tag-atv-samana-excursion","product_tag-atv-tours-excursions-in-samana-dominican-republic","product_tag-atv-fourwheels","product_tag-atv-tours-excursions-adventures","product_tag-el-valle-beach","product_tag-lulu-waterfalls","product_tag-private-tours-samana","product_tag-samana","product_tag-samana-atv","product_tag-samana-excursions","product_tag-samana-tours","product_tag-tree-house-samana"],"_links":{"self":[{"href":"https:\/\/www.boattoursamana.com\/sv\/wp-json\/wp\/v2\/product\/9348","targetHints":{"allow":["GET"]}}],"collection":[{"href":"https:\/\/www.boattoursamana.com\/sv\/wp-json\/wp\/v2\/product"}],"about":[{"href":"https:\/\/www.boattoursamana.com\/sv\/wp-json\/wp\/v2\/types\/product"}],"wp:featuredmedia":[{"embeddable":true,"href":"https:\/\/www.boattoursamana.com\/sv\/wp-json\/wp\/v2\/media\/9357"}],"wp:attachment":[{"href":"https:\/\/www.boattoursamana.com\/sv\/wp-json\/wp\/v2\/media?parent=9348"}],"wp:term":[{"taxonomy":"product_cat","embeddable":true,"href":"https:\/\/www.boattoursamana.com\/sv\/wp-json\/wp\/v2\/product_cat?post=9348"},{"taxonomy":"product_tag","embeddable":true,"href":"https:\/\/www.boattoursamana.com\/sv\/wp-json\/wp\/v2\/product_tag?post=9348"}],"curies":[{"name":"wp","href":"https:\/\/api.w.org\/{rel}","templated":true}]}}