{"id":9464,"date":"2019-09-26T08:12:55","date_gmt":"2019-09-26T08:12:55","guid":{"rendered":"https:\/\/www.ticketswhales.com\/?post_type=product&#038;p=9464"},"modified":"2023-11-10T17:40:19","modified_gmt":"2023-11-10T17:40:19","slug":"media-luna-miches-half-moon-natural-pool-half-day-pass-and-snorkeling","status":"publish","type":"product","link":"https:\/\/www.boattoursamana.com\/sv\/turne\/media-luna-miches-half-moon-natural-pool-halvdagspass-och-snorkling-2","title":{"rendered":"Media Luna Miches (halvm\u00e5ne) Natural Pool halvdagspass och snorkling"},"content":{"rendered":"<div class=\"vc_row wpb_row vc_row-fluid\" ><div class=\"wpb_column vc_column_container vc_col-sm-12\"><div class=\"vc_column-inner\"><div class=\"wpb_wrapper\"><div class=\"mkdf-section-title-holder\" style=\"text-align: left\">\n\t<div class=\"mkdf-st-inner\">\n\t\t\t\t\t<h5 class=\"mkdf-st-subtitle\" >\n\t\t\t\tHalvdagspass, snorkling och bad vid den naturliga poolen\t\t\t<\/h5>\n\t\t\t\t\t\t\t<h3 class=\"mkdf-st-title\" >\n\t\t\t\tMedia Luna Miches (halvm\u00e5ne)\t\t\t<\/h3>\n\t\t\t\t\t<\/div>\n<\/div><\/div><\/div><\/div><\/div><div class=\"vc_row wpb_row vc_row-fluid\" ><div class=\"wpb_column vc_column_container vc_col-sm-12\"><div class=\"vc_column-inner\"><div class=\"wpb_wrapper\"><div class=\"vc_empty_space\"   style=\"height: 32px\"><span class=\"vc_empty_space_inner\"><\/span><\/div><\/div><\/div><\/div><\/div><div class=\"vc_row wpb_row vc_row-fluid\" ><div class=\"wpb_column vc_column_container vc_col-sm-12\"><div class=\"vc_column-inner\"><div class=\"wpb_wrapper\"><div class=\"vc_btn3-container vc_btn3-inline\" ><button class=\"vc_general vc_btn3 vc_btn3-size-md vc_btn3-shape-rounded vc_btn3-style-modern vc_btn3-color-green\">BOKA NU<\/button><\/div>\n\t<div class=\"wpb_text_column wpb_content_element\" >\n\t\t<div class=\"wpb_wrapper\">\n\t\t\t<h4><b><i>\u00d6versikt <\/i><\/b><\/h4>\n<p><span style=\"font-weight: 400;\">Om du \u00e4r h\u00e4r eller planerar att komma till Dominikanska republiken f\u00e5r du inte missa att bes\u00f6ka denna fantastiska plats ''Half Moon'' (Media Luna) med lunch inkluderad, detta \u00e4r en v\u00e4rdefull naturlig pool inne i havet dekorerad med rev, koraller och vit sand. <\/span><\/p>\n<p><span style=\"font-weight: 400;\">H\u00e4r kan vi njuta av att simma, titta p\u00e5 och ta undervattensbilder. Det \u00e4r till\u00e5tet att fotografera sj\u00f6stj\u00e4rnor i deras naturliga milj\u00f6.<\/span><\/p>\n<p>&nbsp;<\/p>\n<ul>\n<li>B\u00e5ttransfer till Media Luna<\/li>\n<li style=\"font-weight: 400;\"><span style=\"font-weight: 400;\">Kaptenen ger instruktioner och \u00f6vervakning<\/span><\/li>\n<\/ul>\n<p>&nbsp;<\/p>\n<h4><b>Inkluderat och uteslutet<\/b><\/h4>\n<p>&nbsp;<\/p>\n<p><b>Inkluderat material<\/b><\/p>\n<ol>\n<li style=\"font-weight: 400;\"><span style=\"font-weight: 400;\">Alla skatter, avgifter och hanteringsavgifter<\/span><\/li>\n<li style=\"font-weight: 400;\"><span style=\"font-weight: 400;\">Lokala skatter<\/span><\/li>\n<li style=\"font-weight: 400;\"><span style=\"font-weight: 400;\">Drycker<\/span><\/li>\n<\/ol>\n<p><b> Undantag<\/b><\/p>\n<ol>\n<li style=\"font-weight: 400;\"><span style=\"font-weight: 400;\">Dricks<\/span><\/li>\n<li style=\"font-weight: 400;\"><span style=\"font-weight: 400;\">\u00d6verf\u00f6ringsbil<\/span><\/li>\n<li>Lunch<\/li>\n<li style=\"font-weight: 400;\"><span style=\"font-weight: 400;\">Alkoholhaltiga drycker<\/span><\/li>\n<li>Lokal guide<\/li>\n<\/ol>\n<p>&nbsp;<\/p>\n<h4><em><strong>Avresa och \u00e5terkomst<\/strong><\/em><\/h4>\n<p><span style=\"font-weight: 400;\">Resen\u00e4ren f\u00e5r en m\u00f6tesplats efter bokningsprocessen. Turerna b\u00f6rjar och avslutas p\u00e5 v\u00e5ra m\u00f6tesplatser.<\/span><\/p>\n<p>&nbsp;<\/p>\n<h3>Media Luna Miches (halvm\u00e5ne) Natural Pool halvdagspass och snorkling<\/h3>\n<h4><b><i>Vad kan man f\u00f6rv\u00e4nta sig?<\/i><\/b><\/h4>\n<p>&nbsp;<\/p>\n<p>Spara dina biljetter f\u00f6r att f\u00f6lja med oss till Half Moon och njuta av en typisk lunch i Miches samh\u00e4lle. Den h\u00e4r utflykten avg\u00e5r fr\u00e5n Miches och g\u00f6r det m\u00f6jligt f\u00f6r bryggan i v\u00e4ster att g\u00e5 ombord p\u00e5 moderna katamaraner och snabbb\u00e5tar, de som har auktoriserad transport med tillst\u00e5nd att verka i turistomr\u00e5det. F\u00f6r att komma till huvudgropen m\u00e5ste man g\u00e5 genom en labyrint av vatten, omgiven av sandbankar.<\/p>\n<p>Ingen kan fly efter att ha l\u00e4rt k\u00e4nna denna vattenresurs med turistattraktion i Miches, eftersom detta \u00e4r den enda platsen i omr\u00e5det d\u00e4r turister och semesterfirare kan njuta av och st\u00f6ta p\u00e5 stj\u00e4rnor och fiskar av betydande storlek. Det \u00e4r en plats d\u00e4r vattenniv\u00e5n beror p\u00e5 horisonten av tidvattnet eller havsstr\u00f6mmarna, som n\u00e4r den \u00e4r h\u00f6g blir djupare och n\u00e4r den \u00e4r l\u00e5g minskar fl\u00f6det i bass\u00e4ngen. Att den \u00e4r g\u00f6md och att den \u00e4r tillg\u00e4nglig via havet g\u00f6r den till en magisk och jungfrulig plats, f\u00f6r de som bes\u00f6ker den vill inte l\u00e4mna den. H\u00e4r finns inga tr\u00e4d som skyddar mot solen, men vattnet \u00e4r kallt tack vare de vaggande eller gungande passadvindarna i omr\u00e5det. Det kan sammanfattas att det \u00e4r en naturlig lagun i Atlanten, som har f\u00e5tt sitt namn f\u00f6r att observerad fr\u00e5n ovan liknar en halvm\u00e5ne.<\/p>\n<p>Lokalbefolkningen kallar den ocks\u00e5 Cayo de la Media Luna, som best\u00e5r av korallrev och vit sand med kristallklart vatten som bryter naturliga v\u00e5gor som lugnar vattnet. N\u00e4r tidvattnet \u00e4r stabilt \u00e4r dess djup inte st\u00f6rre \u00e4n en meter, vilket g\u00f6r att barn och vuxna kan njuta av denna himmelska plats med saltvatten.<\/p>\n<p><strong>Tidtabell:<\/strong><\/p>\n<p>8:45 - 13:30<\/p>\n<p>&nbsp;<\/p>\n<h4><em><strong>Vad ska du ta med dig?<\/strong><\/em><\/h4>\n<ul>\n<li style=\"font-weight: 400;\"><span style=\"font-weight: 400;\">Kamera<\/span><\/li>\n<li style=\"font-weight: 400;\"><span style=\"font-weight: 400;\">Repellerande knoppar<\/span><\/li>\n<li style=\"font-weight: 400;\"><span style=\"font-weight: 400;\">solkr\u00e4m<\/span><\/li>\n<li style=\"font-weight: 400;\"><span style=\"font-weight: 400;\">Hatt<\/span><\/li>\n<li style=\"font-weight: 400;\"><span style=\"font-weight: 400;\">Bekv\u00e4ma byxor<\/span><\/li>\n<li style=\"font-weight: 400;\"><span style=\"font-weight: 400;\">Vandringsskor f\u00f6r skogen<\/span><\/li>\n<li style=\"font-weight: 400;\"><span style=\"font-weight: 400;\">Sandaler till stranden<\/span><\/li>\n<li style=\"font-weight: 400;\"><span style=\"font-weight: 400;\">Badkl\u00e4der<\/span><\/li>\n<li>Kontanter f\u00f6r souvenirer<\/li>\n<\/ul>\n<p>&nbsp;<\/p>\n<h4><b><i>H\u00e4mtning p\u00e5 hotellet <\/i><\/b><\/h4>\n<p><span style=\"font-weight: 400;\">H\u00e4mtning p\u00e5 hotell erbjuds inte f\u00f6r den h\u00e4r turen. <\/span><\/p>\n<p>&nbsp;<\/p>\n<p><b>Observera:<\/b><span style=\"font-weight: 400;\"> Om du bokar inom 24 timmar f\u00f6re turens\/utflyktens avg\u00e5ngstid kan vi ordna h\u00e4mtning p\u00e5 hotellet mot en extra avgift. N\u00e4r ditt k\u00f6p \u00e4r klart skickar vi dig fullst\u00e4ndig kontaktinformation (telefonnummer, e-postadress etc.) till v\u00e5r lokala guide f\u00f6r att organisera upph\u00e4mtning.<\/span><\/p>\n<h4><b><i>Ytterligare information Bekr\u00e4ftelse <\/i><\/b><\/h4>\n<ol>\n<li>Biljetterna \u00e4r kvittot efter att du har betalat denna turn\u00e9. Du kan visa betalningen p\u00e5 din telefon.<\/li>\n<li style=\"font-weight: 400;\"><span style=\"font-weight: 400;\">M\u00f6tesplatsen kommer att meddelas efter bokningsprocessen.<\/span><\/li>\n<li style=\"font-weight: 400;\"><span style=\"font-weight: 400;\">Barn m\u00e5ste \u00e5tf\u00f6ljas av en vuxen.<\/span><\/li>\n<li style=\"font-weight: 400;\"><span style=\"font-weight: 400;\">rullstolstillg\u00e4nglig <\/span><\/li>\n<li style=\"font-weight: 400;\"><span style=\"font-weight: 400;\">Sp\u00e4dbarn m\u00e5ste sitta i kn\u00e4vecken <\/span><\/li>\n<li style=\"font-weight: 400;\"><span style=\"font-weight: 400;\">De flesta resen\u00e4rer kan delta<\/span><\/li>\n<\/ol>\n<h4><b><i>Avbokningspolicy<\/i><\/b><\/h4>\n<p>F\u00f6r full \u00e5terbetalning, l\u00e4s v\u00e5r policy f\u00f6r avbokningar.\u00a0<a href=\"https:\/\/www.boattoursamana.com\/sv\/online-bokning\/\" target=\"_blank\" rel=\"noopener\" data-saferedirecturl=\"https:\/\/www.google.com\/url?q=https:\/\/www.boattoursamana.com\/online-booking\/&amp;source=gmail&amp;ust=1672532492004000&amp;usg=AOvVaw3ylqI1cdbIPTimEqEWneyd\">Klicka h\u00e4r<\/a>. Pengarna g\u00e5r f\u00f6rlorade om bokningen avbokas samma dag som resan \u00e4ger rum.<\/p>\n\n\t\t<\/div>\n\t<\/div>\n<\/div><\/div><\/div><\/div><div class=\"vc_row wpb_row vc_row-fluid\" ><\/div><div class=\"wpb_column vc_column_container vc_col-sm-12\"><div class=\"vc_column-inner\"><div class=\"wpb_wrapper\"><\/div><\/div><\/div><div class=\"vc_empty_space\"   style=\"height: 32px\"><span class=\"vc_empty_space_inner\"><\/span><\/div><div class=\"vc_empty_space\"   style=\"height: 32px\"><span class=\"vc_empty_space_inner\"><\/span><\/div><div class=\"vc_row wpb_row vc_row-fluid\" ><\/div><div class=\"wpb_column vc_column_container vc_col-sm-12\"><div class=\"vc_column-inner\"><div class=\"wpb_wrapper\"><\/div><\/div><\/div><div class=\"vc_row wpb_row vc_row-fluid\" ><div class=\"wpb_column vc_column_container vc_col-sm-12\"><div class=\"vc_column-inner\"><div class=\"wpb_wrapper\"><div class=\"vc_btn3-container vc_btn3-inline\" ><button class=\"vc_general vc_btn3 vc_btn3-size-md vc_btn3-shape-rounded vc_btn3-style-modern vc_btn3-color-green\">BOKA NU<\/button><\/div><\/div><\/div><\/div><\/div>","protected":false},"excerpt":{"rendered":"<p>Media Luna Miches (Halvm\u00e5ne) Halvdagskort och snorkling i den naturliga poolen. Bes\u00f6k Samana Bay fr\u00e5n Miches med lokalbefolkningen och simma mitt i Samana Bay. Sm\u00e5 omr\u00e5den med korallrev att utforska och snorkla. Media Luna \u00e4r en ny sev\u00e4rdhet i Dominikanska republiken.<\/p>\n<p><strong>V\u00e4lj turn\u00e9datum:<\/strong><\/p>","protected":false},"featured_media":9467,"template":"","meta":[],"product_cat":[430,655,170,253,254,255],"product_tag":[183,337,412,177,439,438,429,432,437,436,435,186,199,200,187,433,434],"class_list":["post-9464","product","type-product","status-publish","has-post-thumbnail","hentry","product_cat-media-luna-miches","product_cat-1-samana","product_cat-local-tour-guides","product_cat-tours-and-excursions","product_cat-tours-excursions-los-haitises-national-park","product_cat-tours-excursions-samana-bay-dominican-republic","product_tag-beach-time","product_tag-cayo-arena","product_tag-cayo-arena-samana","product_tag-locals-guides","product_tag-media-luna-el-seibo","product_tag-media-luna-in-miches","product_tag-media-luna-miches","product_tag-media-luna-snorkeling","product_tag-miches-hoteles","product_tag-miches-montana-redonda","product_tag-playa-esmeralda-miches","product_tag-samana","product_tag-samana-bay","product_tag-samana-excursions","product_tag-samana-tours","product_tag-snorkeling","product_tag-snorkeling-miches-media-luna"],"_links":{"self":[{"href":"https:\/\/www.boattoursamana.com\/sv\/wp-json\/wp\/v2\/product\/9464","targetHints":{"allow":["GET"]}}],"collection":[{"href":"https:\/\/www.boattoursamana.com\/sv\/wp-json\/wp\/v2\/product"}],"about":[{"href":"https:\/\/www.boattoursamana.com\/sv\/wp-json\/wp\/v2\/types\/product"}],"wp:featuredmedia":[{"embeddable":true,"href":"https:\/\/www.boattoursamana.com\/sv\/wp-json\/wp\/v2\/media\/9467"}],"wp:attachment":[{"href":"https:\/\/www.boattoursamana.com\/sv\/wp-json\/wp\/v2\/media?parent=9464"}],"wp:term":[{"taxonomy":"product_cat","embeddable":true,"href":"https:\/\/www.boattoursamana.com\/sv\/wp-json\/wp\/v2\/product_cat?post=9464"},{"taxonomy":"product_tag","embeddable":true,"href":"https:\/\/www.boattoursamana.com\/sv\/wp-json\/wp\/v2\/product_tag?post=9464"}],"curies":[{"name":"wp","href":"https:\/\/api.w.org\/{rel}","templated":true}]}}