{"id":9613,"date":"2019-10-11T07:35:12","date_gmt":"2019-10-11T07:35:12","guid":{"rendered":"https:\/\/www.ticketswhales.com\/?post_type=product&#038;p=9613"},"modified":"2023-11-04T16:43:25","modified_gmt":"2023-11-04T16:43:25","slug":"samana-day-trip-from-punta-cana-el-limon-waterfall-and-bacardi-island","status":"publish","type":"product","link":"https:\/\/www.boattoursamana.com\/sv\/turne\/samana-dagstur-fran-punta-cana-el-limon-vattenfall-och-bacardi-on","title":{"rendered":"Punta Cana: Saman\u00e1 dagstur - vattenfallet El Lim\u00f3n och Bacardi Island"},"content":{"rendered":"<div class=\"vc_row wpb_row vc_row-fluid\" ><div class=\"wpb_column vc_column_container vc_col-sm-12\"><div class=\"vc_column-inner\"><div class=\"wpb_wrapper\"><div class=\"mkdf-section-title-holder\" style=\"text-align: left\">\n\t<div class=\"mkdf-st-inner\">\n\t\t\t\t\t<h5 class=\"mkdf-st-subtitle\" >\n\t\t\t\t(upph\u00e4mtning i Punta Cana)\t\t\t<\/h5>\n\t\t\t\t\t\t\t<h3 class=\"mkdf-st-title\" >\n\t\t\t\tDagstur till Samana fr\u00e5n Punta Cana - vattenfallet El Limon och \u00f6n Bacardi\t\t\t<\/h3>\n\t\t\t\t\t<\/div>\n<\/div><div class=\"vc_empty_space\"   style=\"height: 32px\"><span class=\"vc_empty_space_inner\"><\/span><\/div>\n\t<div class=\"wpb_text_column wpb_content_element\" >\n\t\t<div class=\"wpb_wrapper\">\n\t\t\t<div class=\"vc_row wpb_row vc_row-fluid\">\n<div class=\"wpb_column vc_column_container vc_col-sm-12\">\n<div class=\"vc_column-inner\">\n<div class=\"wpb_wrapper\">\n<div class=\"mkdf-section-title-holder\">\n<div class=\"mkdf-st-inner\">\n<h5 class=\"mkdf-st-subtitle\">(upph\u00e4mtning i Punta Cana)<\/h5>\n<h3 class=\"mkdf-st-title\">Samana-dagstur fr\u00e5n Punta Cana \u2013 El Limon vattenfall och Bacardi Island<\/h3>\n<\/div>\n<\/div>\n<\/div>\n<\/div>\n<\/div>\n<\/div>\n<div class=\"vc_row wpb_row vc_row-fluid\"><\/div>\n<div class=\"wpb_column vc_column_container vc_col-sm-12\">\n<div class=\"vc_column-inner\">\n<div class=\"wpb_wrapper\"><\/div>\n<\/div>\n<\/div>\n<div class=\"wpb_text_column wpb_content_element\">\n<div class=\"wpb_wrapper\"><\/div>\n<\/div>\n<h4><a id=\"overview\" class=\"aal_anchor\" href=\"https:\/\/bookingadventures.com.do\/dominicantour\/samana-day-trip-from-punta-cana-el-limon-waterfall-and-bacardi-island\/#overview\" aria-hidden=\"true\" rel=\"noopener\"><\/a><b><i>\u00d6versikt<\/i><\/b><\/h4>\n<p>Om du \u00e4r i Punta Cana eller Bavaro och vill ha en dagsutflykt som betalar mindre \u00e4n vanligt, forts\u00e4tt och boka denna resa. Inom denna resa tar vi dig till Samana, d\u00e4r du p\u00e5 en katamaran f\u00f6rs till Sabana de la Mar, en township av Hato Mayor, huset i Los Haitises nationalpark. Denna resa inkluderar ett bes\u00f6k i samh\u00e4llena Samana och El Limon d\u00e4r du kommer att kunna rida eller vandra till ett vattenfall direkt efter att du har korsat Samana Bay. Lunchen kommer att serveras p\u00e5 Bacardi Island. Resorna b\u00f6rjar 06:00 och slutar 18:30. G\u00f6r din bokning nu!<\/p>\n<p>Efter denna upplevelse sl\u00e4pper vi av dig p\u00e5 ditt hotell.<\/p>\n<ul>\n<li>Avgifter ing\u00e5r<\/li>\n<li>Lunch p\u00e5 stranden ing\u00e5r<\/li>\n<li>Transfer ing\u00e5r<\/li>\n<li>Guiden inneh\u00e5ller instruktioner och \u00f6vervakning<\/li>\n<\/ul>\n<p>&nbsp;<\/p>\n<h4><a id=\"inclusions-exclusions\" class=\"aal_anchor\" href=\"https:\/\/bookingadventures.com.do\/dominicantour\/samana-day-trip-from-punta-cana-el-limon-waterfall-and-bacardi-island\/#inclusions-exclusions\" aria-hidden=\"true\" rel=\"noopener\"><\/a><b>Inkluderat och uteslutet<\/b><\/h4>\n<p>&nbsp;<\/p>\n<p><b>Inkluderat material<\/b><\/p>\n<p>&nbsp;<\/p>\n<ol>\n<li>H\u00e4mtning p\u00e5 hotellet<\/li>\n<li>Saman\u00e1bukten<\/li>\n<li>Bacardi Island, strand och lunch<\/li>\n<li>Safari till El Lim\u00f3n<\/li>\n<li>Ridning eller vandring till vattenfall<\/li>\n<li>Dominikanska cocktails<\/li>\n<li>Alla skatter, avgifter och hanteringsavgifter<\/li>\n<li>Lokala skatter<\/li>\n<li>Drycker<\/li>\n<li>Alla verksamheter<\/li>\n<li>Lokal guide<\/li>\n<\/ol>\n<p><b>Undantag<\/b><\/p>\n<ol>\n<li>Dricks<\/li>\n<li>Alkoholhaltiga drycker efter cocktails<\/li>\n<\/ol>\n<p>&nbsp;<\/p>\n<h4><a id=\"departure-return\" class=\"aal_anchor\" href=\"https:\/\/bookingadventures.com.do\/dominicantour\/samana-day-trip-from-punta-cana-el-limon-waterfall-and-bacardi-island\/#departure-return\" aria-hidden=\"true\" rel=\"noopener\"><\/a><em><strong>Avresa och \u00e5terkomst<\/strong><\/em><\/h4>\n<p>Resen\u00e4ren f\u00e5r en m\u00f6tesplats efter bokningsprocessen. Turerna b\u00f6rjar och avslutas p\u00e5 v\u00e5ra m\u00f6tesplatser.<\/p>\n<p>&nbsp;<\/p>\n<h3><a id=\"samana-day-trip-from-punta-cana-el-limon-waterfall-and-bacardi-island\" class=\"aal_anchor\" href=\"https:\/\/bookingadventures.com.do\/dominicantour\/samana-day-trip-from-punta-cana-el-limon-waterfall-and-bacardi-island\/#samana-day-trip-from-punta-cana-el-limon-waterfall-and-bacardi-island\" aria-hidden=\"true\" rel=\"noopener\"><\/a>Samana-dagstur fr\u00e5n Punta Cana \u2013 El Limon vattenfall och Bacardi Island<\/h3>\n<h4><a id=\"what-to-expect\" class=\"aal_anchor\" href=\"https:\/\/bookingadventures.com.do\/dominicantour\/samana-day-trip-from-punta-cana-el-limon-waterfall-and-bacardi-island\/#what-to-expect\" aria-hidden=\"true\" rel=\"noopener\"><\/a><b><i>Vad kan man f\u00f6rv\u00e4nta sig?<\/i><\/b><\/h4>\n<p>&nbsp;<\/p>\n<p><strong>K\u00f6p dina biljetter nu<\/strong>. Vattenfall, ridning, vandring och safariturer, simning i naturliga k\u00e4llor, lunch p\u00e5 Bacardi Island och andra roliga aktiviteter v\u00e4ntar p\u00e5 dig.<\/p>\n<p>Vi avg\u00e5r fr\u00e5n Punta Cana p\u00e5 en buss och \u00e5ker till hamnen i Samana Bay. V\u00e4l framme vid hamnen kommer vi att g\u00e5 ombord p\u00e5 en b\u00e5t eller katamaran med lokala reseguider som leder dig till samh\u00e4llet Samana. I det h\u00e4r samh\u00e4llet kommer en safaritur att ta dig runt och l\u00e4ra dig om stadens historia. Men detta \u00e4r inte allt, El Limon vattenfall \u00e4r n\u00e4sta, h\u00e4r kommer du att kunna simma och vandra eller rida. El Limon vattenfall \u00e4r ett fantastiskt naturmonument med en tropisk skog och klara naturliga k\u00e4llor. P\u00e5 v\u00e4gen tillbaka till Samana kommer vi att ha ett stopp p\u00e5 Bacardi Island d\u00e4r en lunch serveras och du kommer att kunna simma i en av de mest naturliga poolerna i Dominikanska republiken.<\/p>\n<p>&nbsp;<\/p>\n<p>Om du vill \u00e4ndra resan s\u00e5 att den blir kortare eller l\u00e4ngre, v\u00e4nligen kontakta oss.<\/p>\n<p>&nbsp;<\/p>\n<h4><a id=\"what-you-should-bring\" class=\"aal_anchor\" href=\"https:\/\/bookingadventures.com.do\/dominicantour\/samana-day-trip-from-punta-cana-el-limon-waterfall-and-bacardi-island\/#what-you-should-bring\" aria-hidden=\"true\" rel=\"noopener\"><\/a><em><strong>Vad ska du ta med dig?<\/strong><\/em><\/h4>\n<ul>\n<li>Kamera<\/li>\n<li>Repellerande knoppar<\/li>\n<li>solkr\u00e4m<\/li>\n<li>Hatt<\/li>\n<li>Bekv\u00e4ma byxor<\/li>\n<li>Vandringsskor f\u00f6r skogen<\/li>\n<li>Sandaler till v\u00e5romr\u00e5dena.<\/li>\n<li>Badkl\u00e4der<\/li>\n<\/ul>\n<p>&nbsp;<\/p>\n<h4><a id=\"hotel-pickup\" class=\"aal_anchor\" href=\"https:\/\/bookingadventures.com.do\/dominicantour\/samana-day-trip-from-punta-cana-el-limon-waterfall-and-bacardi-island\/#hotel-pickup\" aria-hidden=\"true\" rel=\"noopener\"><\/a><b><i>H\u00e4mtning p\u00e5 hotellet<\/i><\/b><\/h4>\n<p>Upph\u00e4mtning av resen\u00e4rer erbjuds!<\/p>\n<p>Vi h\u00e4mtar upp fr\u00e5n alla hotell i Punta Cana. Platsen f\u00f6r upph\u00e4mtning \u00e4r hotellets lobby<br \/>\nOm du bor i en l\u00e4genhet i omr\u00e5det kommer vi att h\u00e4mta dig vid l\u00e4genheten eller vid ing\u00e5ngen till den n\u00e4rmaste anl\u00e4ggningen... Vi st\u00e4ller in Pick up kontakta oss via Whatsapp.<\/p>\n<p><b>Observera:<\/b>\u00a0Om du bokar inom 24 timmar f\u00f6re turens\/utflyktens avg\u00e5ngstid kan vi ordna h\u00e4mtning p\u00e5 hotellet. N\u00e4r ditt k\u00f6p \u00e4r klart skickar vi dig fullst\u00e4ndig kontaktinformation (telefonnummer, e-postadress etc.) till v\u00e5r lokala guide f\u00f6r att organisera upph\u00e4mtning.<\/p>\n<h4><a id=\"additional-info-confirmation\" class=\"aal_anchor\" href=\"https:\/\/bookingadventures.com.do\/dominicantour\/samana-day-trip-from-punta-cana-el-limon-waterfall-and-bacardi-island\/#additional-info-confirmation\" aria-hidden=\"true\" rel=\"noopener\"><\/a><b><i>Ytterligare information Bekr\u00e4ftelse<\/i><\/b><\/h4>\n<ol>\n<li>Biljetterna \u00e4r kvittot efter att du har betalat denna turn\u00e9. Du kan visa betalningen p\u00e5 din telefon.<\/li>\n<li>M\u00f6tesplatsen kommer att meddelas efter bokningsprocessen.<\/li>\n<li>Barn m\u00e5ste \u00e5tf\u00f6ljas av en vuxen.<\/li>\n<li>Inte rullstolsanpassad<\/li>\n<li>Sp\u00e4dbarn m\u00e5ste sitta i kn\u00e4vecken<\/li>\n<li>Rekommenderas inte f\u00f6r resen\u00e4rer med ryggproblem<\/li>\n<li>Rekommenderas inte f\u00f6r gravida resen\u00e4rer<\/li>\n<li>Inga hj\u00e4rtproblem eller andra allvarliga medicinska tillst\u00e5nd<\/li>\n<li>De flesta resen\u00e4rer kan delta<\/li>\n<\/ol>\n\n\t\t<\/div>\n\t<\/div>\n<\/div><\/div><\/div><\/div><div class=\"wpb_column vc_column_container vc_col-sm-12\"><div class=\"vc_column-inner\"><div class=\"wpb_wrapper\"><\/div><\/div><\/div><div class=\"wpb_column vc_column_container vc_col-sm-12\"><div class=\"vc_column-inner\"><div class=\"wpb_wrapper\"><\/div><\/div><\/div>","protected":false},"excerpt":{"rendered":"<p>Om du \u00e4r i Punta Cana eller Bavaro och vill ta en dagsutflykt som betalar mindre \u00e4n vanligt, boka denna resa. Inom denna resa tar vi dig till Samana, d\u00e4r du p\u00e5 en katamaran f\u00f6rs till Sabana de la Mar, en kommun i Hato Mayor, hemvist f\u00f6r Los Haitises nationalpark. Denna resa inkluderar Safari Tour, katamaran, vattenfall och strandsim och mer. Resan b\u00f6rjar klockan 06.00 och slutar klockan 18.30.<\/p>\n<p><strong>V\u00e4lj datum f\u00f6r turn\u00e9n\u00a0<\/strong><\/p>","protected":false},"featured_media":11580,"template":"","meta":[],"product_cat":[456,948,961,959,189,972,963,190,307,253,254,255],"product_tag":[184,183,384,223,382,380,185,381,222,175,383,186,458,457,200,187],"class_list":["post-9613","product","type-product","status-publish","has-post-thumbnail","hentry","product_cat-day-trips","product_cat-1-punta-cana","product_cat-el-limon-horseback-riding","product_cat-el-limon-punta-cana","product_cat-horse-riding-to-waterfalls","product_cat-punta-cana-group-tours","product_cat-punta-cana-samana-day-trips","product_cat-safari-samana","product_cat-salto-el-limon-and-bacardi-island","product_cat-tours-and-excursions","product_cat-tours-excursions-los-haitises-national-park","product_cat-tours-excursions-samana-bay-dominican-republic","product_tag-bacardi-island","product_tag-beach-time","product_tag-cascada-el-limon-salto-el-limon-samana-republica-dominicana","product_tag-cayo-levantado","product_tag-el-limon-waterfall-bacardi-island-from-punta-cana","product_tag-el-limon-waterfall-and-bacardi-island-tour-from-punta-cana","product_tag-el-limon-waterfalls","product_tag-guided-adventures","product_tag-punta-cana","product_tag-sabana-de-la-mar","product_tag-salto-de-limon-punta-cana","product_tag-samana","product_tag-samana-day-trip-from-punta-cana","product_tag-samana-day-trip-from-punta-cana-el-limon-waterfall-and-bacardi-island","product_tag-samana-excursions","product_tag-samana-tours"],"_links":{"self":[{"href":"https:\/\/www.boattoursamana.com\/sv\/wp-json\/wp\/v2\/product\/9613","targetHints":{"allow":["GET"]}}],"collection":[{"href":"https:\/\/www.boattoursamana.com\/sv\/wp-json\/wp\/v2\/product"}],"about":[{"href":"https:\/\/www.boattoursamana.com\/sv\/wp-json\/wp\/v2\/types\/product"}],"wp:featuredmedia":[{"embeddable":true,"href":"https:\/\/www.boattoursamana.com\/sv\/wp-json\/wp\/v2\/media\/11580"}],"wp:attachment":[{"href":"https:\/\/www.boattoursamana.com\/sv\/wp-json\/wp\/v2\/media?parent=9613"}],"wp:term":[{"taxonomy":"product_cat","embeddable":true,"href":"https:\/\/www.boattoursamana.com\/sv\/wp-json\/wp\/v2\/product_cat?post=9613"},{"taxonomy":"product_tag","embeddable":true,"href":"https:\/\/www.boattoursamana.com\/sv\/wp-json\/wp\/v2\/product_tag?post=9613"}],"curies":[{"name":"wp","href":"https:\/\/api.w.org\/{rel}","templated":true}]}}