{"id":9717,"date":"2019-11-01T19:22:33","date_gmt":"2019-11-01T19:22:33","guid":{"rendered":"https:\/\/www.ticketswhales.com\/?post_type=product&#038;p=9717"},"modified":"2023-11-10T16:55:15","modified_gmt":"2023-11-10T16:55:15","slug":"whale-watching-in-punta-cana-to-samana-bay-cayo-levantado-bacardi-island-from-hotels","status":"publish","type":"product","link":"https:\/\/www.boattoursamana.com\/sv\/turne\/valskadning-i-punta-cana-till-samana-bay-cayo-levantado-bacardi-island-fran-hotell","title":{"rendered":"Valsk\u00e5dning i Punta Cana \/ Cap Cana till Saman\u00e1 Bay + Cayo Levantado (Bacardi Island) fr\u00e5n Hotels."},"content":{"rendered":"<div class=\"vc_row wpb_row vc_row-fluid\" ><div class=\"wpb_column vc_column_container vc_col-sm-12\"><div class=\"vc_column-inner\"><div class=\"wpb_wrapper\"><div class=\"mkdf-section-title-holder\" style=\"text-align: left\">\n\t<div class=\"mkdf-st-inner\">\n\t\t\t\t\t<h5 class=\"mkdf-st-subtitle\" >\n\t\t\t\tUpph\u00e4mtning fr\u00e5n hotell och Cayo Levantado (Bacardi Island).\t\t\t<\/h5>\n\t\t\t\t\t\t\t<h3 class=\"mkdf-st-title\" >\n\t\t\t\tValsk\u00e5dning 2023 i Punta Cana\/Cap Cana till Samana Bay\t\t\t<\/h3>\n\t\t\t\t\t<\/div>\n<\/div><\/div><\/div><\/div><\/div><div class=\"vc_row wpb_row vc_row-fluid\" ><div class=\"wpb_column vc_column_container vc_col-sm-12\"><div class=\"vc_column-inner\"><div class=\"wpb_wrapper\"><div class=\"vc_btn3-container vc_btn3-inline\" ><button class=\"vc_general vc_btn3 vc_btn3-size-md vc_btn3-shape-rounded vc_btn3-style-modern vc_btn3-color-green\">BOKA NU<\/button><\/div>\n\t<div class=\"wpb_text_column wpb_content_element\" >\n\t\t<div class=\"wpb_wrapper\">\n\t\t\t<div class=\"vc_row wpb_row vc_row-fluid\">\n<div class=\"wpb_column vc_column_container vc_col-sm-12\">\n<div class=\"vc_column-inner\">\n<div class=\"wpb_wrapper\">\n<div class=\"wpb_text_column wpb_content_element\">\n<div class=\"wpb_wrapper\">\n<div class=\"vc_row wpb_row vc_row-fluid\">\n<div class=\"wpb_column vc_column_container vc_col-sm-12\">\n<div class=\"vc_column-inner\">\n<div class=\"wpb_wrapper\">\n<div class=\"wpb_text_column wpb_content_element\">\n<div class=\"wpb_wrapper\">\n<h4><b><i>\u00d6versikt<img decoding=\"async\" class=\"emoji\" draggable=\"false\" src=\"https:\/\/s.w.org\/images\/core\/emoji\/12.0.0-1\/svg\/1f433.svg\" alt=\"\ud83d\udc33\" title=\"\"><\/i><\/b><\/h4>\n<p>Valar Punta Cana, valsk\u00e5dning i Saman\u00e1 Bay och bes\u00f6k Cayo Levantado under denna heldagsutflykt fr\u00e5n Punta Cana-hotellen. Res till Saman\u00e1 Bay med en bekv\u00e4m, luftkonditionerad buss och sedan transfer till en katamaranb\u00e5t i Miches. Kryssa ut i det \u00f6ppna vattnet f\u00f6r att leta efter flockar av kn\u00f6lvalar som bes\u00f6ker omr\u00e5det f\u00f6r att f\u00f6da sina ungar och kalvar. L\u00e4r dig mer om dessa marina d\u00e4ggdjurs beteende och biologi av din naturkunniga guide. Forts\u00e4tt till Cayo Levantado, eller Bacardi Island, f\u00f6r lunch p\u00e5 stranden och ett dopp i det azurbl\u00e5 vattnet innan du \u00e5terv\u00e4nder till Punta Cana.<\/p>\n<p>&nbsp;<\/p>\n<p><strong>Observera: <\/strong>Denna rundtur kan inkludera eller inte inkludera stopp vid\u00a0<strong>Vattenfallet Limon<\/strong>. F\u00f6r att boka samma resa med vattenfallen v\u00e4nligen <a href=\"https:\/\/www.boattoursamana.com\/sv\/tours-excursions\/fees-entrace\/samana-valskadning-cayo-levantado-bacardi-island-limon-vattenfall-fran-punta-cana-hotell\/\">KLICKA H\u00c4R.<\/a><\/p>\n<p>&nbsp;<\/p>\n<ul>\n<li>Valsk\u00e5dningsresa<\/li>\n<li>Intr\u00e4desavgifter till observatoriet<\/li>\n<li>Inkluderar lunchbuff\u00e9 p\u00e5 stranden<\/li>\n<li>Transfer till b\u00e5t<\/li>\n<li>Transfer fr\u00e5n hotell i Punta Cana<\/li>\n<li>Kaptenen ger instruktioner och \u00f6vervakning<\/li>\n<li>Reseguide<\/li>\n<\/ul>\n<p>&nbsp;<\/p>\n<h4><b>Inkluderat och uteslutet<\/b><\/h4>\n<p>&nbsp;<\/p>\n<p><b>Inkluderat material<\/b><\/p>\n<p>&nbsp;<\/p>\n<ol>\n<li>Lunchbuff\u00e9 p\u00e5 stranden<\/li>\n<li>Reseguide<\/li>\n<li>Katamaran eller b\u00e5ttur<\/li>\n<li>Alla skatter, avgifter och hanteringsavgifter<\/li>\n<li>Lokala skatter<\/li>\n<li>Drycker<\/li>\n<\/ol>\n<p><b>Undantag<\/b><\/p>\n<ol>\n<li>Dricks<\/li>\n<\/ol>\n<p>&nbsp;<\/p>\n<h4><em><strong>Avresa och \u00e5terkomst<\/strong><\/em><\/h4>\n<p>Hotellupph\u00e4mtning erbjuds f\u00f6r denna resa. Skriv bara namnet p\u00e5 hotellet f\u00f6r upph\u00e4mtning i Anm\u00e4rkningar. Vi h\u00e4mtar p\u00e5 alla hotell i Punta Cana.<\/p>\n<p>&nbsp;<\/p>\n<h3>Valsk\u00e5dning i Punta Cana\/Cap Cana till Samana Bay + Cayo Levantado (Bacardi Island) fr\u00e5n Hotels.<\/h3>\n<h4><b><i>Vad kan man f\u00f6rv\u00e4nta sig?<\/i><\/b><\/h4>\n<p>Kom n\u00e4ra Dominikanska republikens mjuka j\u00e4ttar i havet under denna 12-timmarsutflykt f\u00f6r att titta p\u00e5 kn\u00f6lvalar i S\u00e1mana Bay. Tillbringa en of\u00f6rgl\u00f6mlig dag med att observera de tusentals valar som flockas till \u00f6n varje \u00e5r f\u00f6r att para sig, \u00e4ta och leka i det varma tropiska vattnet. N\u00e4r du observerar dessa vackra varelser f\u00e5r du unika insikter fr\u00e5n din expertguide f\u00f6r valsk\u00e5dning. Avsluta dagen med en inkluderad lunch och strandtid p\u00e5 den vackra \u00f6n Cayo Levantado. Transport tur och retur till hotellet ing\u00e5r ocks\u00e5.<\/p>\n<p>Fr\u00e5n kl. 9.00 till kl. 12.00 valsk\u00e5dning observatorium och efter denna valresa kommer vi att bes\u00f6ka Bacardi Island \/ Cayo Levantado. P\u00e5 Bacardi Island serveras en lunchbuff\u00e9 i typisk dominikansk stil (ris, b\u00f6nor, fisk, sallader ...). N\u00e4r lunchen \u00e4r klar f\u00e5r du simma fram till 16:30. Turen avslutas kl. 17.00 i samma hamn d\u00e4r den b\u00f6rjar ombord p\u00e5 v\u00e5r katamaran och buss tillbaka till Punta Cana Hotels.<\/p>\n<p>Denna rundtur kan inkludera eller inte inkludera stopp vid\u00a0<strong>Vattenfallet Limon<\/strong>. F\u00f6r att boka samma resa med vattenfallen v\u00e4nligen <a href=\"https:\/\/www.boattoursamana.com\/sv\/tours-excursions\/fees-entrace\/samana-valskadning-cayo-levantado-bacardi-island-limon-vattenfall-fran-punta-cana-hotell\/\">KLICKA H\u00c4R.<\/a><\/p>\n<p><strong>Tidtabell:<\/strong><\/p>\n<p>6:00 - 7:00 Upph\u00e4mtning av kunderna fr\u00e5n de olika hotellen<br \/>\n07:00 Avresa till Las Canitas i Sabana de la mar<br \/>\n08:15 Ankomst till den privata bryggan<br \/>\n08:15 - 8:40 Frukost (sm\u00f6rg\u00e5sar, muffins, te, kaffe, juice)<br \/>\n8:45 Ombordstigning f\u00f6r att p\u00e5b\u00f6rja v\u00e5r resa till kn\u00f6lvalarnas fristad i Samana<br \/>\n11:00 S\u00f6k efter valar under en 45-minutersperiod - detta \u00e4r den tid som f\u00f6ljer av regeringens regler.<br \/>\n11:45 P\u00e5 v\u00e4g till Cayo Levantado i Samanabukten<br \/>\n12:30 Ankomst till Cayo Levantado<br \/>\n13:00 Lunch (lunchbuff\u00e9, typiskt dominikanskt)*<br \/>\n13:45 - 15:30 Fritid i Cayo Levantado<br \/>\n15:00 - 15:45 Ombord igen riktning tillbaka till Miches<br \/>\n17:00 Ankomst till Miches och avresa till hotellen i Punta Cana<br \/>\n19:30 - 20:00 Ankomst till hotellen i Punta Cana<\/p>\n<p><strong>* Lunchmeny (typiskt dominikanskt)<br \/>\n<\/strong>Ris, grillad kyckling eller grillad fisk, sallad, gr\u00f6nsaker, f\u00e4rsk frukt.<\/p>\n<p><strong>*Kunder som v\u00e4ljer att l\u00e4gga till stoppet vid vattenfallet El Limon efter valsk\u00e5dningen kommer att flytta till vattenfallet ad kommer att ha mindre tid att spendera i Cayo Levantado.<\/strong><\/p>\n<p>Denna rundtur kan inkludera eller inte inkludera stopp vid\u00a0<strong>Vattenfallet Limon<\/strong>. F\u00f6r att boka samma resa med vattenfallen v\u00e4nligen <a href=\"https:\/\/www.boattoursamana.com\/sv\/tours-excursions\/fees-entrace\/samana-valskadning-cayo-levantado-bacardi-island-limon-vattenfall-fran-punta-cana-hotell\/\">KLICKA H\u00c4R.<\/a><\/p>\n<p>&nbsp;<\/p>\n<h4><em><strong>Vad ska du ta med dig?<\/strong><\/em><\/h4>\n<ul>\n<li>Kamera<\/li>\n<li>Repellerande knoppar<\/li>\n<li>solkr\u00e4m<\/li>\n<li>Hatt<\/li>\n<li>Bekv\u00e4ma byxor<\/li>\n<li>Sandaler till stranden<\/li>\n<li>Badkl\u00e4der<\/li>\n<li>Kontanter f\u00f6r souvenirer<\/li>\n<\/ul>\n<p>&nbsp;<\/p>\n<h4><b><i>H\u00e4mtning p\u00e5 hotellet<\/i><\/b><\/h4>\n<p>Hotellupph\u00e4mtning erbjuds f\u00f6r denna resa. Skriv bara namnet p\u00e5 hotellet f\u00f6r upph\u00e4mtning i Anm\u00e4rkningar. Vi h\u00e4mtar p\u00e5 alla hotell i Punta Cana.<\/p>\n<p>&nbsp;<\/p>\n<p><b>Observera:<\/b> Om du bokar inom 24 timmar f\u00f6re avresan f\u00f6r turen\/utflykten kan vi ordna upph\u00e4mtning p\u00e5 hotellet. N\u00e4r ditt k\u00f6p \u00e4r slutf\u00f6rt skickar vi dig fullst\u00e4ndig kontaktinformation (telefonnummer, e-postadress etc.) f\u00f6r v\u00e5r lokala reseguide f\u00f6r att organisera upph\u00e4mtningsarrangemang.<\/p>\n<h4><b><i>Ytterligare information Bekr\u00e4ftelse<\/i><\/b><\/h4>\n<ol>\n<li>Biljetterna \u00e4r kvittot efter att du har betalat denna turn\u00e9. Du kan visa betalningen p\u00e5 din telefon.<\/li>\n<li>M\u00f6tesplatsen kommer att meddelas efter bokningsprocessen.<\/li>\n<li>Barn m\u00e5ste \u00e5tf\u00f6ljas av en vuxen.<\/li>\n<li>rullstolstillg\u00e4nglig<\/li>\n<li>Sp\u00e4dbarn m\u00e5ste sitta i kn\u00e4vecken<\/li>\n<li>De flesta resen\u00e4rer kan delta<\/li>\n<\/ol>\n<h5><b><i>Avbokningspolicy<\/i><\/b><\/h5>\n<p>F\u00f6r full \u00e5terbetalning, l\u00e4s v\u00e5r policy f\u00f6r avbokningar.\u00a0<a href=\"https:\/\/www.boattoursamana.com\/sv\/online-bokning\/\" target=\"_blank\" rel=\"noopener\" data-saferedirecturl=\"https:\/\/www.google.com\/url?q=https:\/\/www.boattoursamana.com\/online-booking\/&amp;source=gmail&amp;ust=1672532492004000&amp;usg=AOvVaw3ylqI1cdbIPTimEqEWneyd\">Klicka h\u00e4r<\/a>. Pengarna g\u00e5r f\u00f6rlorade om bokningen avbokas samma dag som resan \u00e4ger rum.<\/p>\n<\/div>\n<\/div>\n<\/div>\n<\/div>\n<\/div>\n<\/div>\n<\/div>\n<\/div>\n<\/div>\n<\/div>\n<\/div>\n<\/div>\n<div class=\"vc_row wpb_row vc_row-fluid\">\n<div class=\"wpb_column vc_column_container vc_col-sm-12\">\n<div class=\"vc_column-inner\">\n<div class=\"wpb_wrapper\">\n<div class=\"vc_empty_space\"><\/div>\n<div class=\"wpb_text_column wpb_content_element\">\n<div class=\"wpb_wrapper\">\n<h4>Kontakta oss?<\/h4>\n<h5><b><i>TUR VALAR SAMANA<\/i><\/b><\/h5>\n<p><em><strong>Lokalbefolkningen<\/strong>\u00a0och\u00a0<strong>Nationals<\/strong>\u00a0Guider och g\u00e4stservice<\/em><\/p>\n<p><span class=\"text-turquoise\">Reservationer:<\/span>\u00a0Turer och utflykter i Dom. Rep.<\/p>\n<p><img decoding=\"async\" class=\"emoji\" draggable=\"false\" src=\"https:\/\/s.w.org\/images\/core\/emoji\/11.2.0\/svg\/1f4de.svg\" alt=\"\ud83d\udcde\" title=\"\">\u00a0Telefon \/ Whatsapp\u00a0\u00a0<a href=\"tel:+1-809-720-6035\">+1-809-720-6035<\/a>.<\/p>\n<p><img decoding=\"async\" class=\"emoji\" draggable=\"false\" src=\"https:\/\/s.w.org\/images\/core\/emoji\/11.2.0\/svg\/1f4e9.svg\" alt=\"\ud83d\udce9\" title=\"\">\u00a0<a href=\"mailto:info@bookingadventures.com.do\">info@bookingadventures.com.do<\/a><\/p>\n<p><strong>Vi \u00e4r flexibla n\u00e4r det g\u00e4ller att st\u00e4lla in privata turer via Whatsapp:\u00a0<a href=\"tel:+18097206035\">+18097206035.<\/a><\/strong><\/p>\n<\/div>\n<\/div>\n<\/div>\n<\/div>\n<\/div>\n<\/div>\n\n\t\t<\/div>\n\t<\/div>\n<\/div><\/div><\/div><\/div><div class=\"vc_row wpb_row vc_row-fluid\" ><div class=\"wpb_column vc_column_container vc_col-sm-12\"><div class=\"vc_column-inner\"><div class=\"wpb_wrapper\"><div class=\"vc_btn3-container vc_btn3-inline\" ><button class=\"vc_general vc_btn3 vc_btn3-size-md vc_btn3-shape-rounded vc_btn3-style-modern vc_btn3-color-green\">BOKA NU<\/button><\/div><\/div><\/div><\/div><\/div>","protected":false},"excerpt":{"rendered":"<p>Fr\u00e5n hotellen i Punta Cana njuter vi av de vackra landskapen i den orientaliska bergskedjan n\u00e4r vi k\u00f6r norr om Punta Cana innan vi kommer fram till den lilla fiskebyn Miches vid Samanabuktens s\u00f6dra strand. D\u00e4r \u00e4ter du en snabb frukost innan du g\u00e5r ombord p\u00e5 b\u00e5ten till Samana. Vi kryssar djupt in i bukten f\u00f6r att titta p\u00e5 valar. Vi kommer f\u00f6rst till Cayo Levantado, \u00e4ven k\u00e4nd som Bacardi Island p\u00e5 grund av dess stora likhet med str\u00e4nderna som Bacardi Rum en g\u00e5ng anv\u00e4nde f\u00f6r sina ber\u00f6mda reklamfilmer. Cayo Levantado \u00e4r inget annat \u00e4n en tropisk oas - en liten \u00f6 mitt ute i havet med turkost vatten och vit sand.<\/p>\n<p>Denna rundtur kan inkludera eller inte inkludera stopp vid\u00a0<strong>Vattenfallet Limon<\/strong>. F\u00f6r att boka samma resa med vattenfall v\u00e4nligen <a href=\"https:\/\/www.boattoursamana.com\/sv\/tours-excursions\/fees-entrace\/samana-valskadning-cayo-levantado-bacardi-island-limon-vattenfall-fran-punta-cana-hotell\/\">KLICKA H\u00c4R.<\/a><\/p>\n<p>&nbsp;<\/p>\n<p>&nbsp;<\/p>\n<p><em><strong>V\u00e4lj datum f\u00f6r utflykten:<\/strong><\/em><\/p>","protected":false},"featured_media":12053,"template":"","meta":[],"product_cat":[294,948,972,968,255,664],"product_tag":[631,184,328,480,296,428,327,222,527,313,199,526,458,342,524,276,529,528,274,525],"class_list":["post-9717","product","type-product","status-publish","has-post-thumbnail","hentry","product_cat-tours-excursions-punta-cana-dominican-republic","product_cat-1-punta-cana","product_cat-punta-cana-group-tours","product_cat-punta-cana-whale-watching","product_cat-tours-excursions-samana-bay-dominican-republic","product_cat-whale-watching-punta-cana","product_tag-631","product_tag-bacardi-island","product_tag-cayo-levantado-day-pass","product_tag-cheap-punta-cana-excursions","product_tag-day-trip-punta-cana","product_tag-half-day-whale-watching-miches","product_tag-private-tours-samana","product_tag-punta-cana","product_tag-punta-cana-activities","product_tag-punta-cana-tours","product_tag-samana-bay","product_tag-samana-day-trip","product_tag-samana-day-trip-from-punta-cana","product_tag-samana-whale-watching","product_tag-whale-punta-cana","product_tag-whale-samana","product_tag-whale-watching-2020","product_tag-whale-watching-2020-in-punta-cana-to-samana-bay-cayo-levantado-bacardi-island-from-hotels","product_tag-whale-watching-dominican-republic","product_tag-whale-watching-punta-cana"],"_links":{"self":[{"href":"https:\/\/www.boattoursamana.com\/sv\/wp-json\/wp\/v2\/product\/9717","targetHints":{"allow":["GET"]}}],"collection":[{"href":"https:\/\/www.boattoursamana.com\/sv\/wp-json\/wp\/v2\/product"}],"about":[{"href":"https:\/\/www.boattoursamana.com\/sv\/wp-json\/wp\/v2\/types\/product"}],"wp:featuredmedia":[{"embeddable":true,"href":"https:\/\/www.boattoursamana.com\/sv\/wp-json\/wp\/v2\/media\/12053"}],"wp:attachment":[{"href":"https:\/\/www.boattoursamana.com\/sv\/wp-json\/wp\/v2\/media?parent=9717"}],"wp:term":[{"taxonomy":"product_cat","embeddable":true,"href":"https:\/\/www.boattoursamana.com\/sv\/wp-json\/wp\/v2\/product_cat?post=9717"},{"taxonomy":"product_tag","embeddable":true,"href":"https:\/\/www.boattoursamana.com\/sv\/wp-json\/wp\/v2\/product_tag?post=9717"}],"curies":[{"name":"wp","href":"https:\/\/api.w.org\/{rel}","templated":true}]}}