{"id":9918,"date":"2020-03-29T08:08:03","date_gmt":"2020-03-29T08:08:03","guid":{"rendered":"https:\/\/www.ticketswhales.com\/Tours-Excursions\/uncategorized\/import-placeholder-for-9917\/"},"modified":"2023-11-10T16:12:30","modified_gmt":"2023-11-10T16:12:30","slug":"birdwatching-punta-cana-birding-tours-from-punta-cana-to-los-haitises-national-park","status":"publish","type":"product","link":"https:\/\/www.boattoursamana.com\/sv\/turne\/birdwatching-punta-cana-birding-tours-from-punta-cana-to-los-haitises-national-park-2","title":{"rendered":"F\u00e5gelsk\u00e5dning i Punta Cana - F\u00e5gelsk\u00e5dningsturer fr\u00e5n Punta Cana till Los Haitises nationalpark"},"content":{"rendered":"<div class=\"vc_row wpb_row vc_row-fluid\" ><div class=\"wpb_column vc_column_container vc_col-sm-12\"><div class=\"vc_column-inner\"><div class=\"wpb_wrapper\">\n\t<div class=\"wpb_text_column wpb_content_element\" >\n\t\t<div class=\"wpb_wrapper\">\n\t\t\t<div class=\"vc_row wpb_row vc_row-fluid\">\n<div class=\"wpb_column vc_column_container vc_col-sm-12\">\n<div class=\"vc_column-inner\">\n<div class=\"wpb_wrapper\">\n<div class=\"mkdf-section-title-holder\">\n<div class=\"mkdf-st-inner\">\n<h5 class=\"mkdf-st-subtitle\">F\u00e5gelsk\u00e5dning i Los Haitises nationalpark<\/h5>\n<h2 class=\"mkdf-st-title\">F\u00e5gelsk\u00e5dningsturer fr\u00e5n Punta Cana till Los Haitises nationalpark<\/h2>\n<\/div>\n<\/div>\n<\/div>\n<\/div>\n<\/div>\n<\/div>\n<div class=\"vc_row wpb_row vc_row-fluid\">\n<div class=\"wpb_column vc_column_container vc_col-sm-12\">\n<div class=\"vc_column-inner\">\n<div class=\"wpb_wrapper\">\n<div class=\"wpb_text_column wpb_content_element\">\n<div class=\"wpb_wrapper\">\n<h4><b><i>\u00d6versikt<\/i><\/b><\/h4>\n<section><\/section>\n<p>Endast bes\u00f6k som erbjuds i Dominikanska republiken med nationella och lokala turistguider certifierade av turistministeriet i Dominikanska republiken. Kontakta direkta lokala experter och bes\u00f6k Los Haitises, nationalpark. Medan de flesta beger sig ut med b\u00e5t f\u00f6r att utforska parken och dess grottor, \u00f6ar. Vi kommer att fokusera p\u00e5 ornitologstudierna i Los Haitises nationalpark. Njuter av och l\u00e4r dig om projekt f\u00f6r skydd av vilda djur p\u00e5 privata resor.<\/p>\n<p>Vi bevarar 110 f\u00e5gelarter som du kan hitta i Los Haitises nationalpark. G\u00e5r genom denna magiska skog p\u00e5 jakt efter papegojor, Todys, Ridgway&#039;s Hawks, tanagers, kolibrier och mycket mer. Ge intressant historia om alla dessa f\u00e5glar som du kan se p\u00e5 Humit-leden. Vi k\u00e4nner till fl\u00e4ckarnas livsmilj\u00f6er f\u00f6r Ridgway&#039;s, Ashy Faced Owls och andra endemiska arter. Denna turn\u00e9 fokuserar p\u00e5 naturen och \u00e4r mer koncentrerad p\u00e5 informationen om vilda djur med f\u00f6rv\u00e4ntade lokala reseguider certifierade som ornitolog.<\/p>\n<p><strong>Vanligtvis \u00e4r det en privat rundtur f\u00f6r en verkligt h\u00f6gkvalitativ upplevelse.<\/strong><\/p>\n<p>Kolla h\u00e4r listan \u00f6ver de vanligaste f\u00e5glarna p\u00e5 v\u00e5ra resor:\u00a0<a href=\"https:\/\/avibase.bsc-eoc.org\/checklist.jsp?lang=ES&amp;p2=1&amp;list=clements&amp;synlang=EN&amp;region=DO0005&amp;version=text&amp;lifelist=&amp;highlight=0\" target=\"_blank\" rel=\"noopener\"><strong>KLICKA H\u00c4R<\/strong><\/a><\/p>\n<h4><\/h4>\n<h4><b>Inkluderat och uteslutet<\/b><\/h4>\n<p><b>Inkluderat material<\/b><\/p>\n<ol>\n<li>3 timmars f\u00e5gelvandring p\u00e5 parkens stigar<\/li>\n<li>Alla skatter, avgifter och hanteringsavgifter<\/li>\n<li>Lokala skatter<\/li>\n<li>Lunch<\/li>\n<li>Tj\u00e4nstem\u00e4n Ekolog reseledare Engelska\/Spanska<\/li>\n<li>Transfer fr\u00e5n Punta Cana<\/li>\n<\/ol>\n<p><b>Undantag<\/b><\/p>\n<ol>\n<li>Dricks<\/li>\n<li>Alkoholhaltiga drycker<\/li>\n<\/ol>\n<p>&nbsp;<\/p>\n<h4><a id=\"departure-return\" class=\"aal_anchor\" href=\"https:\/\/www.boattoursamana.com\/sv\/tours-excursions\/fees-entrace\/birdwatching-punta-cana-birding-tours-from-punta-cana-to-los-haitises-national-park-2\/#departure-return\" target=\"_blank\" rel=\"noopener\" aria-hidden=\"true\"><\/a><em><strong>Avresa och \u00e5terkomst<\/strong><\/em><\/h4>\n<p>Turn\u00e9n, som organiseras av &quot;Booking Adventures locals Ornithologist Tour Guides&quot; b\u00f6rjar vid m\u00f6tesplatsen med reseguiden. Resen\u00e4ren kommer att f\u00e5 en m\u00f6tesplats efter bokningsprocessen. Turerna startar och slutar vid v\u00e5ra m\u00f6tesplatser.<\/p>\n<p>&nbsp;<\/p>\n<h4><a id=\"what-to-expect\" class=\"aal_anchor\" href=\"https:\/\/www.boattoursamana.com\/sv\/tours-excursions\/fees-entrace\/birdwatching-punta-cana-birding-tours-from-punta-cana-to-los-haitises-national-park-2\/#what-to-expect\" target=\"_blank\" rel=\"noopener\" aria-hidden=\"true\"><\/a><b><i>Vad kan man f\u00f6rv\u00e4nta sig?<\/i><\/b><\/h4>\n<p><em><strong>K\u00f6p din biljett<\/strong><\/em>\u00a0f\u00f6r f\u00e5gelsk\u00e5dning i Los Haitises nationalpark fr\u00e5n Punta Cana. Resan fr\u00e5n Punta cana till nationalparken tar cirka 1:45 minuter. N\u00e4r du anl\u00e4nder till parken f\u00e5r vi 30 minuters vandring och titta p\u00e5 h\u00f6karna, vi har m\u00f6jlighet att forts\u00e4tta vandra runt och leta efter papegojor, pikuletter och andra endemiska arter i Los Haitises nationalpark.<\/p>\n<p>Los Haitises nationalpark har bara tv\u00e5 sp\u00e5r f\u00f6r f\u00e5gelsk\u00e5dning i Sabana de la Mar. P\u00e5 v\u00e4gen till Los Hiatises nationalpark stannar vi p\u00e5 n\u00e5gra st\u00e4llen f\u00f6r att se fler f\u00e5glar.<\/p>\n<p>Efter 4 och en halv timmes l\u00e4rande om f\u00e5glar i Los Haitises nationalpark slutar denna utflykt p\u00e5 samma plats som den b\u00f6rjade.<\/p>\n<p><strong>Obs: Dessa turer \u00e4r med officiella ekologiska reseledare. V\u00e4nligen boka i god tid eftersom det inte finns s\u00e5 m\u00e5nga specialister i parken.<\/strong><\/p>\n<p>&nbsp;<\/p>\n<h4><a id=\"what-you-should-bring\" class=\"aal_anchor\" href=\"https:\/\/www.boattoursamana.com\/sv\/tours-excursions\/fees-entrace\/birdwatching-punta-cana-birding-tours-from-punta-cana-to-los-haitises-national-park-2\/#what-you-should-bring\" target=\"_blank\" rel=\"noopener\" aria-hidden=\"true\"><\/a><em><strong>Vad ska du ta med dig?<\/strong><\/em><\/h4>\n<ul>\n<li>Kamera<\/li>\n<li>Binokul\u00e4r<\/li>\n<li>Repellerande knoppar<\/li>\n<li>solkr\u00e4m<\/li>\n<li>Hatt<\/li>\n<li>Bekv\u00e4ma byxor<\/li>\n<li>Vandringsskor f\u00f6r skogen<\/li>\n<li>Sandaler till v\u00e5romr\u00e5dena.<\/li>\n<li>Badkl\u00e4der<\/li>\n<\/ul>\n<p>&nbsp;<\/p>\n<h4><a id=\"hotel-pickup\" class=\"aal_anchor\" href=\"https:\/\/www.boattoursamana.com\/sv\/tours-excursions\/fees-entrace\/birdwatching-punta-cana-birding-tours-from-punta-cana-to-los-haitises-national-park-2\/#hotel-pickup\" target=\"_blank\" rel=\"noopener\" aria-hidden=\"true\"><\/a><b><i>Pickup hotell<\/i><\/b><\/h4>\n<p>H\u00e4mtning p\u00e5 hotellet erbjuds f\u00f6r denna tur.<\/p>\n<p><b>Observera:<\/b>\u00a0Om du bokar inom 24 timmar efter turn\u00e9ns\/utflyktens avg\u00e5ngstid, kan vi ordna hotellh\u00e4mtning i Punta Cana. N\u00e4r ditt k\u00f6p \u00e4r klart skickar vi fullst\u00e4ndig kontaktinformation (telefonnummer, e-postadress, etc.) till dig f\u00f6r att v\u00e5r lokala reseguide ska kunna ordna h\u00e4mtning.<\/p>\n<h4><a id=\"additional-info-confirmation\" class=\"aal_anchor\" href=\"https:\/\/www.boattoursamana.com\/sv\/tours-excursions\/fees-entrace\/birdwatching-punta-cana-birding-tours-from-punta-cana-to-los-haitises-national-park-2\/#additional-info-confirmation\" target=\"_blank\" rel=\"noopener\" aria-hidden=\"true\"><\/a><b><i>Ytterligare information Bekr\u00e4ftelse<\/i><\/b><\/h4>\n<ol>\n<li>Biljetter \u00e4r kvittot efter att du har betalat f\u00f6r turen. Du kan visa betalningen p\u00e5 din telefon.<\/li>\n<li>M\u00f6tespunkt kommer att tas emot efter bokningsprocessen.<\/li>\n<li>Barn m\u00e5ste \u00e5tf\u00f6ljas av en vuxen.<\/li>\n<li>Inte rullstolsanpassad<\/li>\n<li>Sp\u00e4dbarn m\u00e5ste sitta i kn\u00e4vecken<\/li>\n<li>Rekommenderas inte f\u00f6r resen\u00e4rer med ryggproblem<\/li>\n<li>Rekommenderas inte f\u00f6r gravida resen\u00e4rer<\/li>\n<li>Inga hj\u00e4rtproblem eller andra allvarliga medicinska tillst\u00e5nd<\/li>\n<li>De flesta resen\u00e4rer kan delta<\/li>\n<\/ol>\n<p>Denna turn\u00e9 erbjuds till minst 2 personer och max 15 personer. Vid f\u00e4rre personer, v\u00e4nligen kontakta oss.<\/p>\n<h4><a id=\"cancellation-policy\" class=\"aal_anchor\" href=\"https:\/\/www.boattoursamana.com\/sv\/tours-excursions\/fees-entrace\/birdwatching-punta-cana-birding-tours-from-punta-cana-to-los-haitises-national-park-2\/#cancellation-policy\" target=\"_blank\" rel=\"noopener\" aria-hidden=\"true\"><\/a><b><i>Avbokningspolicy<\/i><\/b><\/h4>\n<p>F\u00f6r full \u00e5terbetalning m\u00e5ste du avboka minst 24 timmar f\u00f6re startdatumet f\u00f6r upplevelsen.<\/p>\n<\/div>\n<\/div>\n<\/div>\n<\/div>\n<\/div>\n<\/div>\n<div class=\"vc_row wpb_row vc_row-fluid\">\n<div class=\"wpb_column vc_column_container vc_col-sm-12\">\n<div class=\"vc_column-inner\">\n<div class=\"wpb_wrapper\">\n<div class=\"wpb_text_column wpb_content_element\">\n<div class=\"wpb_wrapper\">\n<h4>Kontakta oss?<\/h4>\n<h5><em><strong>Bokning av \u00e4ventyr<\/strong><\/em><\/h5>\n<p><em><strong>Lokalbefolkningen<\/strong>\u00a0och\u00a0<strong>Nationals<\/strong>\u00a0Guider och g\u00e4stservice<\/em><\/p>\n<p><span class=\"text-turquoise\">Reservationer:<\/span>\u00a0Turer och utflykter i Dom. Rep.<\/p>\n<p>\ud83d\udcde Tel \/ Whatsapp\u00a0\u00a0<a href=\"tel: 1-809-720-6035\">+1-809-720-6035<\/a>.<\/p>\n<p>\ud83d\udce9\u00a0<a href=\"mailto:info@bookingadventures.com.do\">info@bookingadventures.com.do<\/a><\/p>\n<p><strong>Vi \u00e4r flexibla n\u00e4r det g\u00e4ller att st\u00e4lla in privata turer via Whatsapp:\u00a0<a href=\"tel: 18097206035\">+18097206035.<\/a><\/strong><\/p>\n<\/div>\n<\/div>\n<\/div>\n<\/div>\n<\/div>\n<\/div>\n\n\t\t<\/div>\n\t<\/div>\n<\/div><\/div><\/div><\/div><div class=\"wpb_column vc_column_container vc_col-sm-12\"><div class=\"vc_column-inner\"><div class=\"wpb_wrapper\"><\/div><\/div><\/div><div class=\"wpb_column vc_column_container vc_col-sm-12\"><div class=\"vc_column-inner\"><div class=\"wpb_wrapper\"><\/div><\/div><\/div>","protected":false},"excerpt":{"rendered":"<p><span style=\"vertical-align: inherit;\"><span style=\"vertical-align: inherit;\">F\u00e5gelsk\u00e5dning: Hel morgon p\u00e5 regnskogslederna i Los Haitises nationalpark. Denna park har ett brett utbud av f\u00e5gel- och djurarter och \u00e4r en favorit bland f\u00e5gelsk\u00e5dare. \u00c4ven om antalet ses kan vara h\u00f6gre \u00e4n p\u00e5 andra h\u00e5ll, betyder Cano Hondos l\u00e4ge i ett lite fuktigt omr\u00e5de av landet att regnskogen \u00e4r mer \u00f6ppen med f\u00e4rre kakao- och kaffeplantager, vilket g\u00f6r det l\u00e4ttare att uppt\u00e4cka vilda djur.<\/span><\/span><\/p>\n<p>Detta \u00e4r en privat resa. Du kan v\u00e4lja en tidpunkt f\u00f6r att b\u00f6rja f\u00e5gelsk\u00e5dningen och n\u00e4r du ska \u00e5terv\u00e4nda till Punta Cana.<\/p>\n<p><strong>V\u00e4lj datum f\u00f6r aktiviteten:<\/strong><\/p>","protected":false},"featured_media":9763,"template":"","meta":[],"product_cat":[178,948,946,932,168,159,927,170,169,773,971,964,253,254,255],"product_tag":[586,237,582,584,628,236,583,625,630,629,585,171,624,209,627,239,238,175,240],"class_list":["post-9918","product","type-product","status-publish","has-post-thumbnail","hentry","product_cat-hiking","product_cat-1-punta-cana","product_cat-1-sabana-de-la-mar","product_cat-birdwatching-los-haitises","product_cat-caves","product_cat-fees-entrace","product_cat-hiking-los-haitises","product_cat-local-tour-guides","product_cat-mangroves","product_cat-private-tours-excursions","product_cat-punta-cana-private-tours","product_cat-punta-cana-los-haitises","product_cat-tours-and-excursions","product_cat-tours-excursions-los-haitises-national-park","product_cat-tours-excursions-samana-bay-dominican-republic","product_tag-biding-sabana-de-la-mar","product_tag-birding","product_tag-birding-dominican-republic","product_tag-birding-in-los-haitises","product_tag-los-haitises-national-park-birding-tour-from-punta-cana","product_tag-birdwatching","product_tag-birdwatching-dominicana","product_tag-birdwtaching","product_tag-carretera-cano-hondo","product_tag-eco-lodge-paraiso-cano-hondo","product_tag-hire-a-guide-in-los-haitises","product_tag-los-haitises","product_tag-los-haitises-birding","product_tag-los-haitises-national-park","product_tag-los-haitises-national-park-cano-hondo","product_tag-nature","product_tag-ridgways-hawk","product_tag-sabana-de-la-mar","product_tag-wildlife"],"_links":{"self":[{"href":"https:\/\/www.boattoursamana.com\/sv\/wp-json\/wp\/v2\/product\/9918","targetHints":{"allow":["GET"]}}],"collection":[{"href":"https:\/\/www.boattoursamana.com\/sv\/wp-json\/wp\/v2\/product"}],"about":[{"href":"https:\/\/www.boattoursamana.com\/sv\/wp-json\/wp\/v2\/types\/product"}],"wp:featuredmedia":[{"embeddable":true,"href":"https:\/\/www.boattoursamana.com\/sv\/wp-json\/wp\/v2\/media\/9763"}],"wp:attachment":[{"href":"https:\/\/www.boattoursamana.com\/sv\/wp-json\/wp\/v2\/media?parent=9918"}],"wp:term":[{"taxonomy":"product_cat","embeddable":true,"href":"https:\/\/www.boattoursamana.com\/sv\/wp-json\/wp\/v2\/product_cat?post=9918"},{"taxonomy":"product_tag","embeddable":true,"href":"https:\/\/www.boattoursamana.com\/sv\/wp-json\/wp\/v2\/product_tag?post=9918"}],"curies":[{"name":"wp","href":"https:\/\/api.w.org\/{rel}","templated":true}]}}