{"id":9925,"date":"2020-03-29T08:08:21","date_gmt":"2020-03-29T08:08:21","guid":{"rendered":"https:\/\/www.ticketswhales.com\/Tours-Excursions\/uncategorized\/import-placeholder-for-10408\/"},"modified":"2023-11-10T14:42:19","modified_gmt":"2023-11-10T14:42:19","slug":"27-waterfalls-of-damajagua-tour-from-cabarete-sosua-and-puerto-plata-hotels-pick-up","status":"publish","type":"product","link":"https:\/\/www.boattoursamana.com\/sv\/turne\/27-vattenfall-i-damajagua-turne-fran-hotell-i-cabarete-sosua-och-puerto-plata","title":{"rendered":"27 vattenfall i Damajagua Tour fr\u00e5n Cabarete, Sosua och Puerto Plata. H\u00e4mtning p\u00e5 hotell."},"content":{"rendered":"<div class=\"vc_row wpb_row vc_row-fluid\" ><div class=\"wpb_column vc_column_container vc_col-sm-12\"><div class=\"vc_column-inner\"><div class=\"wpb_wrapper\"><div class=\"mkdf-section-title-holder\" style=\"text-align: left\">\n\t<div class=\"mkdf-st-inner\">\n\t\t\t\t\t<h5 class=\"mkdf-st-subtitle\" >\n\t\t\t\tTransport och lunch ing\u00e5r\t\t\t<\/h5>\n\t\t\t\t\t\t\t<h3 class=\"mkdf-st-title\" >\n\t\t\t\t27 vattenfall i Damajagua Tour fr\u00e5n Cabarete, Sosua och Puerto Plata.\t\t\t<\/h3>\n\t\t\t\t\t<\/div>\n<\/div><\/div><\/div><\/div><\/div><div class=\"vc_row wpb_row vc_row-fluid\" ><div class=\"wpb_column vc_column_container vc_col-sm-12\"><div class=\"vc_column-inner\"><div class=\"wpb_wrapper\"><div class=\"vc_btn3-container vc_btn3-inline\" ><a class=\"vc_general vc_btn3 vc_btn3-size-md vc_btn3-shape-rounded vc_btn3-style-modern vc_btn3-color-green\" href=\"https:\/\/bookingadventures.tours\/booking.php?tour_id=36f9705bcc61386d84e226d0c35f8a49\" title=\"\" rel=\"noopener\">BOKA NU<\/a><\/div>\n\t<div class=\"wpb_text_column wpb_content_element\" >\n\t\t<div class=\"wpb_wrapper\">\n\t\t\t<h3 class=\"ui_header h1 attractions-product-info-ProductTitle__title--1qM0o\"><\/h3>\n<h4><b><i>\u00d6versikt <\/i><\/b><\/h4>\n<p>Skaffa dina biljetter f\u00f6r en halvdagsutflykt h\u00e4r i vattenfallet 27 fr\u00e5n Damajagua. Entr\u00e9biljetter med lunch och utflykt inkluderar att hoppa och simma i Dominikanska republikens vackraste vattenfall. Vandring och simning med s\u00e4kerhetsutrustning f\u00f6r att f\u00e5 den b\u00e4sta upplevelsen n\u00e5gonsin!!<\/p>\n<p>Efter denna upplevelse kommer du tillbaka till platsen d\u00e4r du tr\u00e4ffar reseguiden.<\/p>\n<ul>\n<li style=\"font-weight: 400;\">Avgifter ing\u00e5r<\/li>\n<li>Lunch<\/li>\n<li>Snacks<\/li>\n<li style=\"font-weight: 400;\">Lokal guide p\u00e5 engelska<\/li>\n<\/ul>\n<p>&nbsp;<\/p>\n<h4><b>Inkluderat och uteslutet<\/b><\/h4>\n<p>&nbsp;<\/p>\n<p><b>Inkluderat material<\/b><\/p>\n<ol>\n<li>\u00a0 27 vattenfall i Damajagua (nuf\u00f6rtiden finns det bara 12 och 7 kaskadresor)<\/li>\n<li>\u00a0 Buff\u00e9 inklusive drycker och tropiska drycker<\/li>\n<li>\u00a0 Alla skatter, avgifter och hanteringsavgifter<\/li>\n<li>\u00a0 Lokala skatter<\/li>\n<li>\u00a0 Alla verksamheter<\/li>\n<li>\u00a0 Lokal guide<\/li>\n<li>\u00a0 Cigarrfabriksbes\u00f6k<\/li>\n<\/ol>\n<p><b> Undantag<\/b><\/p>\n<ol>\n<li style=\"font-weight: 400;\"><span style=\"font-weight: 400;\">Dricks<\/span><\/li>\n<\/ol>\n<h4><em><strong>Avresa och \u00e5terkomst<\/strong><\/em><\/h4>\n<p><span style=\"font-weight: 400;\">Vi har ett schema utformat f\u00f6r att h\u00e4mta och l\u00e4mna dig baserat p\u00e5 det omr\u00e5de du befinner dig i. Se den detaljerade informationen nedan i avsnittet f\u00f6r hotellh\u00e4mtning. <\/span><\/p>\n<p>Det h\u00e4r \u00e4r programmet vi har st\u00e4llt in baserat p\u00e5 dina platser. V\u00e4nligen meddela oss ditt specifika hotell s\u00e5 kontaktar vi dig f\u00f6r att ber\u00e4tta var vi kommer att tr\u00e4ffa dig.<\/p>\n<p>&nbsp;<\/p>\n<table style=\"height: 246px;\" width=\"237\">\n<tbody>\n<tr>\n<td><b>Plats<\/b><\/td>\n<td><b>Tid<\/b><\/td>\n<\/tr>\n<tr>\n<td><b>Cabarete<\/b><\/td>\n<td><b>7:45<\/b><\/td>\n<\/tr>\n<tr>\n<td><b>Sosua<\/b><\/td>\n<td><b>8:10<\/b><\/td>\n<\/tr>\n<tr>\n<td><b>Playa Dorada<\/b><\/td>\n<td><b>8:50<\/b><\/td>\n<\/tr>\n<tr>\n<td><b>Costa Dorada<\/b><\/td>\n<td><b>09:00<\/b><\/td>\n<\/tr>\n<tr>\n<td><b>Cofresi (Livsstil)<\/b><\/td>\n<td><b>9:20<\/b><\/td>\n<\/tr>\n<tr>\n<td><b>Senator<\/b><\/td>\n<td><b>9:30<\/b><\/td>\n<\/tr>\n<\/tbody>\n<\/table>\n<h4><\/h4>\n<h3 class=\"ui_header h1 attractions-product-info-ProductTitle__title--1qM0o\">27 vattenfall i Damajagua Tour fr\u00e5n Puerto Plata.<\/h3>\n<h4><b><i>Vad kan man f\u00f6rv\u00e4nta sig?<\/i><\/b><\/h4>\n<div class=\"apd_content_block\" data-tab=\"TABS_OVERVIEW\">\n<div class=\"ui_card section attractions-product-details-Overview__sectionMargin--uHktd attractions-product-details-Overview__cleanslateOverrideDT--39Ov7\">\n<p>Uppt\u00e4ck de avskilda Damajagua-vattenfallen, undang\u00f6mt i kullarna i Dominikanska republikens norra korridor, p\u00e5 denna heldagstur fr\u00e5n Puerto Plata. Utforska de tjugosju or\u00f6rda fallen, som faller \u00f6ver kalksten, med din lokala guide. F\u00e5 en kort s\u00e4kerhetsgenomg\u00e5ng, hoppa, simma och glid nerf\u00f6r naturliga vattenrutschbanor.<\/p>\n<p>Lunch och dryck ing\u00e5r. En m\u00e5ttlig 40-minuters vandring i uppf\u00f6rsbacke genom ett vackert djungellandskap tar dig till det 12:e vattenfallet eller, om du \u00e4r i utm\u00e4rkt fysisk form, v\u00e4lj att vandra hela v\u00e4gen till toppen av de 27 vattenfallen (cirka 70 minuter) och uppleva allt .<\/p>\n<p>Hur som helst, ditt riktiga n\u00f6je b\u00f6rjar n\u00e4r vi g\u00e5r tillbaka nerf\u00f6r floden och du hoppar, glider och simmar dig igenom en rad spektakul\u00e4ra vattenfall, kanjoner och azurbl\u00e5 pooler, som dyker upp med ett dumt flin p\u00e5 l\u00e4pparna och otroliga minnen att v\u00e5rda! Turerna inkluderar hopp p\u00e5 upp till 25 fot (8 meter) men oroa dig inte, om du \u00e4r obekv\u00e4m med att hoppa finns det en alternativ v\u00e4g ner.<\/p>\n<p>Efter en 15-minuters promenad tillbaka till basl\u00e4gret och byta om till dina torra kl\u00e4der, njut av en uts\u00f6kt och varierad dominikansk lunchbuff\u00e9, som inkluderar grillad kyckling och fl\u00e4sk, grytor, ris, pasta och sallader.<\/p>\n<p>Lokala romdrycker, l\u00e4sk och vatten ing\u00e5r ocks\u00e5 (\u00f6l finns tillg\u00e4ngligt men ing\u00e5r inte). Efter m\u00e5ltiden kommer du att s\u00e4ga adj\u00f6 till de lokala guiderna men minnena av denna upplevelse kommer att vara livet ut. Och detta \u00e4r inte allt, du kommer sedan att g\u00e5 till en cigarrfabrik d\u00e4r du f\u00e5r se hur de f\u00f6rbereder dem och \u00e4ven kunna f\u00e5 tag i n\u00e5gra om du \u00e4r intresserad. Kom ih\u00e5g att Dominikanska republiken \u00e4r ett av de b\u00e4sta l\u00e4nderna som tillverkar cigarrer, s\u00e5 det h\u00e4r \u00e4r din chans att l\u00e4ra av de b\u00e4sta l\u00e4rarna n\u00e5gonsin.<\/p>\n<\/div>\n<\/div>\n<h4><em><strong>Vad ska du ta med dig?<\/strong><\/em><\/h4>\n<ul>\n<li style=\"font-weight: 400;\"><span style=\"font-weight: 400;\">Kamera<\/span><\/li>\n<li style=\"font-weight: 400;\"><span style=\"font-weight: 400;\">Repellerande knoppar<\/span><\/li>\n<li style=\"font-weight: 400;\"><span style=\"font-weight: 400;\">Solkr\u00e4m<\/span><\/li>\n<li style=\"font-weight: 400;\"><span style=\"font-weight: 400;\">Hatt<\/span><\/li>\n<li style=\"font-weight: 400;\"><span style=\"font-weight: 400;\">Bekv\u00e4ma byxor<\/span><\/li>\n<li style=\"font-weight: 400;\"><span style=\"font-weight: 400;\">Vandringsskor f\u00f6r skogen<\/span><\/li>\n<li style=\"font-weight: 400;\"><span style=\"font-weight: 400;\">Sandaler till v\u00e5romr\u00e5dena.<\/span><\/li>\n<li style=\"font-weight: 400;\"><span style=\"font-weight: 400;\">Badkl\u00e4der<\/span><\/li>\n<\/ul>\n<p>&nbsp;<\/p>\n<h4><b><i>H\u00e4mtning p\u00e5 hotellet <\/i><\/b><\/h4>\n<p><span style=\"font-weight: 400;\">Hotellh\u00e4mtning erbjuds f\u00f6r denna turn\u00e9. Vi st\u00e4ller in att Pick up kontaktar oss via Whatsapp.<\/span><\/p>\n<p>&nbsp;<\/p>\n<p><b>Observera:<\/b><span style=\"font-weight: 400;\"> Om du bokar inom 24 timmar f\u00f6re turens\/utflyktens avg\u00e5ngstid kan vi ordna h\u00e4mtning p\u00e5 hotellet. N\u00e4r ditt k\u00f6p \u00e4r klart skickar vi dig fullst\u00e4ndig kontaktinformation (telefonnummer, e-postadress etc.) till v\u00e5r lokala guide f\u00f6r att organisera upph\u00e4mtning.<\/span><\/p>\n<h4><b><i>Ytterligare information Bekr\u00e4ftelse <\/i><\/b><\/h4>\n<ol>\n<li>Biljetterna \u00e4r kvittot efter att du har betalat denna turn\u00e9. Du kan visa betalningen p\u00e5 din telefon.<\/li>\n<li style=\"font-weight: 400;\"><span style=\"font-weight: 400;\">M\u00f6tesplatsen kommer att meddelas efter bokningsprocessen.<\/span><\/li>\n<li style=\"font-weight: 400;\"><span style=\"font-weight: 400;\">Barn m\u00e5ste \u00e5tf\u00f6ljas av en vuxen.<\/span><\/li>\n<li style=\"font-weight: 400;\"><span style=\"font-weight: 400;\"> Inte rullstolsanpassad <\/span><\/li>\n<li style=\"font-weight: 400;\"><span style=\"font-weight: 400;\">Sp\u00e4dbarn m\u00e5ste sitta i kn\u00e4vecken <\/span><\/li>\n<li style=\"font-weight: 400;\"><span style=\"font-weight: 400;\">Rekommenderas inte f\u00f6r resen\u00e4rer med ryggproblem<\/span><\/li>\n<li style=\"font-weight: 400;\"><span style=\"font-weight: 400;\">Rekommenderas inte f\u00f6r gravida resen\u00e4rer <\/span><\/li>\n<li style=\"font-weight: 400;\"><span style=\"font-weight: 400;\"> Inga hj\u00e4rtproblem eller andra allvarliga medicinska tillst\u00e5nd <\/span><\/li>\n<li style=\"font-weight: 400;\"><span style=\"font-weight: 400;\">De flesta resen\u00e4rer kan delta<\/span><\/li>\n<\/ol>\n<h4><b><i>Avbokningspolicy<\/i><\/b><\/h4>\n<p>F\u00f6r full \u00e5terbetalning, l\u00e4s v\u00e5r policy f\u00f6r avbokningar.\u00a0<a href=\"https:\/\/www.boattoursamana.com\/sv\/online-bokning\/\" target=\"_blank\" rel=\"noopener\" data-saferedirecturl=\"https:\/\/www.google.com\/url?q=https:\/\/www.boattoursamana.com\/online-booking\/&amp;source=gmail&amp;ust=1672449202351000&amp;usg=AOvVaw1yAeVAPktmaVCqDujgUn90\">Klicka h\u00e4r<\/a>. Pengarna g\u00e5r f\u00f6rlorade om bokningen avbokas samma dag som resan \u00e4ger rum.<\/p>\n\n\t\t<\/div>\n\t<\/div>\n<\/div><\/div><\/div><\/div><div class=\"vc_row wpb_row vc_row-fluid\" ><div class=\"wpb_column vc_column_container vc_col-sm-12\"><div class=\"vc_column-inner\"><div class=\"wpb_wrapper\"><div class=\"vc_btn3-container vc_btn3-inline\" ><a class=\"vc_general vc_btn3 vc_btn3-size-md vc_btn3-shape-rounded vc_btn3-style-modern vc_btn3-color-green\" href=\"https:\/\/bookingadventures.tours\/booking.php?tour_id=36f9705bcc61386d84e226d0c35f8a49\" title=\"\" rel=\"noopener\">BOKA NU<\/a><\/div>\n\t<div class=\"wpb_video_widget wpb_content_element vc_clearfix   vc_video-aspect-ratio-169 vc_video-el-width-100 vc_video-align-left\" >\n\t\t<div class=\"wpb_wrapper\">\n\t\t\t<h2 class=\"wpb_heading wpb_video_heading\">27 vattenfall i Damajagua Tour fr\u00e5n Puerto Plata:<\/h2>\n\t\t\t<div class=\"wpb_video_wrapper\"><iframe loading=\"lazy\" title=\"27 vattenfall i Damajagua av Booking Adventures &amp; Travel Dominican Republic\" width=\"1100\" height=\"619\" src=\"https:\/\/www.youtube.com\/embed\/AVNh_we_RQE?start=17&feature=oembed\" frameborder=\"0\" allow=\"accelerometer; autoplay; encrypted-media; gyroscope; picture-in-picture\" allowfullscreen><\/iframe><\/div>\n\t\t<\/div>\n\t<\/div>\n<\/div><\/div><\/div><\/div><div class=\"vc_row wpb_row vc_row-fluid\" ><div class=\"wpb_column vc_column_container vc_col-sm-12\"><div class=\"vc_column-inner\"><div class=\"wpb_wrapper\"><div class=\"vc_empty_space\"   style=\"height: 32px\"><span class=\"vc_empty_space_inner\"><\/span><\/div>\n\t<div class=\"wpb_text_column wpb_content_element\" >\n\t\t<div class=\"wpb_wrapper\">\n\t\t\t<h4>Kontakta oss?<\/h4>\n<h5><em><strong>Bokning av \u00e4ventyr<\/strong><\/em><\/h5>\n<p><em><strong>Lokalbefolkningen<\/strong>\u00a0och\u00a0<strong>Nationals<\/strong>\u00a0Guider och g\u00e4stservice<\/em><\/p>\n<p><span class=\"text-turquoise\">Reservationer:<\/span>\u00a0Turer och utflykter i Dom. Rep.<\/p>\n<p><img decoding=\"async\" class=\"emoji\" draggable=\"false\" src=\"https:\/\/s.w.org\/images\/core\/emoji\/11.2.0\/svg\/1f4de.svg\" alt=\"\ud83d\udcde\" title=\"\">\u00a0Telefon \/ Whatsapp\u00a0\u00a0<a href=\"tel:+1-809-720-6035\">+1-809-720-6035<\/a>.<\/p>\n<p><img decoding=\"async\" class=\"emoji\" draggable=\"false\" src=\"https:\/\/s.w.org\/images\/core\/emoji\/11.2.0\/svg\/1f4e9.svg\" alt=\"\ud83d\udce9\" title=\"\">\u00a0<a href=\"mailto:info@bookingadventures.com.do\">info@bookingadventures.com.do<\/a><\/p>\n<p><strong>Vi \u00e4r flexibla n\u00e4r det g\u00e4ller att st\u00e4lla in privata turer via Whatsapp:\u00a0<a href=\"tel:+18097206035\">+18097206035.<\/a><\/strong><\/p>\n\n\t\t<\/div>\n\t<\/div>\n<div class=\"vc_empty_space\"   style=\"height: 32px\"><span class=\"vc_empty_space_inner\"><\/span><\/div><\/div><\/div><\/div><\/div><div class=\"vc_row wpb_row vc_row-fluid\" ><div class=\"wpb_column vc_column_container vc_col-sm-12\"><div class=\"vc_column-inner\"><div class=\"wpb_wrapper\"><div class=\"vc_btn3-container vc_btn3-inline\" ><a class=\"vc_general vc_btn3 vc_btn3-size-md vc_btn3-shape-rounded vc_btn3-style-modern vc_btn3-color-green\" href=\"https:\/\/bookingadventures.tours\/booking.php?tour_id=36f9705bcc61386d84e226d0c35f8a49\" title=\"\" rel=\"noopener\">BOKA NU<\/a><\/div><\/div><\/div><\/div><\/div>","protected":false},"excerpt":{"rendered":"<p>Fr\u00e5n hotell i Cabarete, Sosua eller Puerto Plata. Denna utflykt fr\u00e5n 27 vattenfall i Damajagua i Puerto Plata, lunch och utflykt genom de 27 vattenfallen, vandring och hoppa i floden.<\/p>\n<p>Ekologisk resa till de 27 vattenfallen i Puerto Plata. Skaffa dina biljetter f\u00f6r en halvdagsutflykt h\u00e4r i vattenfallet 27 fr\u00e5n Damajagua. Entr\u00e9biljetter med lunch och utflykt inkluderar att hoppa och simma i Dominikanska republikens vackraste vattenfall. Vandring och simning med s\u00e4kerhetsutrustning f\u00f6r att f\u00e5 den b\u00e4sta upplevelsen n\u00e5gonsin!!<\/p>\n<p><em><strong>V\u00e4lj datum f\u00f6r rundturen:\u00a0<\/strong><\/em><\/p>","protected":false},"featured_media":9040,"template":"","meta":[],"product_cat":[281,947,774,1001,252],"product_tag":[286,284,292,401,290,291,406,405,404,403,288,402,287,293,285,407,289],"class_list":["post-9925","product","type-product","status-publish","has-post-thumbnail","hentry","product_cat-27-waterfalls","product_cat-1-puerto-plata","product_cat-group-tours-excursions","product_cat-puerto-plata-27-waterfalls-hike","product_cat-waterfalls","product_tag-27-charcos-de-damajagua","product_tag-27-waterfalls","product_tag-27-waterfalls-dominican-republic","product_tag-27-waterfalls-dominican-republic-facts","product_tag-27-waterfalls-excursion","product_tag-27-waterfalls-puerto-plata","product_tag-amber-cove-cruise-terminal-27-waterfalls","product_tag-amber-cove-excursions","product_tag-damajagua-falls-tours","product_tag-damajagua-national-park","product_tag-excursion-27-waterfalls","product_tag-how-to-get-to-27-waterfalls-from-puerto-plata","product_tag-jumping-27-waterfalls","product_tag-los-27-charcos-de-puerto-plata","product_tag-puerto-plata","product_tag-things-to-do-in-amber-cove","product_tag-tour-27-waterfalls"],"_links":{"self":[{"href":"https:\/\/www.boattoursamana.com\/sv\/wp-json\/wp\/v2\/product\/9925","targetHints":{"allow":["GET"]}}],"collection":[{"href":"https:\/\/www.boattoursamana.com\/sv\/wp-json\/wp\/v2\/product"}],"about":[{"href":"https:\/\/www.boattoursamana.com\/sv\/wp-json\/wp\/v2\/types\/product"}],"wp:featuredmedia":[{"embeddable":true,"href":"https:\/\/www.boattoursamana.com\/sv\/wp-json\/wp\/v2\/media\/9040"}],"wp:attachment":[{"href":"https:\/\/www.boattoursamana.com\/sv\/wp-json\/wp\/v2\/media?parent=9925"}],"wp:term":[{"taxonomy":"product_cat","embeddable":true,"href":"https:\/\/www.boattoursamana.com\/sv\/wp-json\/wp\/v2\/product_cat?post=9925"},{"taxonomy":"product_tag","embeddable":true,"href":"https:\/\/www.boattoursamana.com\/sv\/wp-json\/wp\/v2\/product_tag?post=9925"}],"curies":[{"name":"wp","href":"https:\/\/api.w.org\/{rel}","templated":true}]}}