{"id":15745,"date":"2023-07-15T07:42:45","date_gmt":"2023-07-15T07:42:45","guid":{"rendered":"https:\/\/www.ticketswhales.com\/4-hours-kayak-los-haitises\/"},"modified":"2023-07-15T07:42:45","modified_gmt":"2023-07-15T07:42:45","slug":"4-hours-kayak-los-haitises","status":"publish","type":"page","link":"https:\/\/www.boattoursamana.com\/tr\/4-saat-los-haitises-kayagi","title":{"rendered":"4 Saat Kay\u0131k Los Haitises"},"content":{"rendered":"<p><span style=\"vertical-align: inherit;\"><span style=\"vertical-align: inherit;\">Los Haitise Ulusal Park\u0131&#039;na Gezi, Cano Hondo&#039;nun la Mart b\u00f6lgesindeki Sabana partisine, mangal ziyaretlerine, Cuevas&#039;a, Piktogramlara ve Rocosas Formaciones&#039;a.<\/span><\/span><br \/>\nn<br \/>\nn<span style=\"vertical-align: inherit;\"><span style=\"vertical-align: inherit;\">Bu kay\u0131t, konfig\u00fcre edilebilir <\/span><\/span><a href=\"https:\/\/www.boattoursamana.com\/tr\/tours-excursions\/doga-yuruyusu\/yuruyus-kayik-los-haitises-milli-park\/\"><span style=\"vertical-align: inherit;\"><span style=\"vertical-align: inherit;\">klips<\/span><\/span><\/a><span style=\"vertical-align: inherit;\"><span style=\"vertical-align: inherit;\"> Senderismo <\/span><a href=\"https:\/\/www.boattoursamana.com\/tr\/tours-excursions\/doga-yuruyusu\/yuruyus-kayik-los-haitises-milli-park\/\"><span style=\"vertical-align: inherit;\">aqui. <\/span><\/a><span style=\"vertical-align: inherit;\">Haiti Ulusal Park\u0131&#039;n\u0131n ger\u00e7ek tarihiyle birlikte lugare\u00f1os ile tan\u0131\u015f\u0131n.<\/span><\/span><br \/>\nn<br \/>\nn&nbsp;<br \/>\nn<br \/>\nn<strong><span style=\"vertical-align: inherit;\"><span style=\"vertical-align: inherit;\">Tur i\u00e7in se\u00e7im yap\u0131n:<\/span><\/span><\/strong><\/p>\n<p>&nbsp;<\/p>\n<div class=\"vc_row wpb_row vc_row-fluid\" ><div class=\"wpb_column vc_column_container vc_col-sm-12\"><div class=\"vc_column-inner\"><div class=\"wpb_wrapper\"><div class=\"vc_empty_space\"   style=\"height: 32px\"><span class=\"vc_empty_space_inner\"><\/span><\/div><\/div><\/div><\/div><\/div><div class=\"vc_row wpb_row vc_row-fluid\" ><div class=\"wpb_column vc_column_container vc_col-sm-12\"><div class=\"vc_column-inner\"><div class=\"wpb_wrapper\"><div class=\"mkdf-section-title-holder\" style=\"text-align: left\">\n\t<div class=\"mkdf-st-inner\">\n\t\t\t\t\t<h5 class=\"mkdf-st-subtitle\" >\n\t\t\t\tMangrovlar, Ma\u011faralar ve daha fazlas\u0131.\t\t\t<\/h5>\n\t\t\t\t\t\t\t<h3 class=\"mkdf-st-title\" >\n\t\t\t\tCa\u00f1o Hondo&#039;dan Tur rehberi ile Los Haitises&#039;te Kayak 4 Saat\t\t\t<\/h3>\n\t\t\t\t\t<\/div>\n<\/div><\/div><\/div><\/div><\/div><div class=\"vc_row wpb_row vc_row-fluid\" ><div class=\"wpb_column vc_column_container vc_col-sm-12\"><div class=\"vc_column-inner\"><div class=\"wpb_wrapper\"><div class=\"vc_empty_space\"   style=\"height: 32px\"><span class=\"vc_empty_space_inner\"><\/span><\/div><\/div><\/div><\/div><\/div><div class=\"vc_row wpb_row vc_row-fluid\" ><div class=\"wpb_column vc_column_container vc_col-sm-12\"><div class=\"vc_column-inner\"><div class=\"wpb_wrapper\"><div class=\"vc_btn3-container vc_btn3-inline\" ><button class=\"vc_general vc_btn3 vc_btn3-size-md vc_btn3-shape-rounded vc_btn3-style-modern vc_btn3-color-green\">REZERVASYON YAP<\/button><\/div>\n\t<div class=\"wpb_text_column wpb_content_element\" >\n\t\t<div class=\"wpb_wrapper\">\n\t\t\t<p>\nn<\/p>\n<h4><b><i>genel bak\u0131\u015f <\/i><\/b><\/h4>\n<p>nLos Haitises Ulusal Park\u0131&#039;ndaki Mangrovlarda yerel bir tur rehberiyle 4 Saat Kano Gezintisi. Ca\u00f1o Hondo Nehri&#039;ndeki Mangrovlar, Ma\u011faralar, Piktograflar ve Los Haitises Milli Park\u0131, Sabana de la Mar Ca\u00f1o Hondo b\u00f6lgesindeki San Lorenzo K\u00f6rfezi&#039;ne genel bak\u0131\u015f. K\u0131sa Yolculuk Durumunda: <a href=\"https:\/\/www.boattoursamana.com\/tr\/tours-excursions\/magaralar\/cano-hondo-2den-tur-rehberiyle-los-haitiseste-kano-gezisi\/\"><em><strong>Los Haitises&#039;te Kayak 2 Saat<\/strong><\/em><\/a><br \/>\nn<\/p>\n<ul>\nn \t<\/p>\n<li style=\"font-weight: 400;\"><span style=\"font-weight: 400;\">K\u0131lavuz talimat ve Denetim sa\u011flar<\/span><\/li>\n<p>n \t<\/p>\n<li>Kanolar ve K\u00fcrekler, iki ki\u015fi i\u00e7in Doble ve yaln\u0131zca bir ki\u015fi i\u00e7in Basit olarak mevcuttur.<\/li>\n<p>n<\/ul>\n<p>n&nbsp;<br \/>\nn<\/p>\n<h4><b>Dahil Edilenler ve Hari\u00e7 Tutulanlar<\/b><\/h4>\n<p>n&nbsp;<br \/>\nn<br \/>\nn<b>Dahil olanlar<\/b><br \/>\nn<br \/>\nn&nbsp;<br \/>\nn<\/p>\n<ol>\nn \t<\/p>\n<li style=\"font-weight: 400;\">Kayak gezisi<\/li>\n<p>n \t<\/p>\n<li>Ma\u011fara turlar\u0131<\/li>\n<p>n \t<\/p>\n<li style=\"font-weight: 400;\"><span style=\"font-weight: 400;\">T\u00fcm vergiler, \u00fccretler ve i\u015flem \u00fccretleri<\/span><\/li>\n<p>n \t<\/p>\n<li style=\"font-weight: 400;\"><span style=\"font-weight: 400;\">Yerel vergiler<\/span><\/li>\n<p>n \t<\/p>\n<li style=\"font-weight: 400;\"><span style=\"font-weight: 400;\">Yerel rehber<\/span><\/li>\n<p>n<\/ol>\n<p>n<b> \u0130stisnalar<\/b><br \/>\nn<\/p>\n<ol>\nn \t<\/p>\n<li style=\"font-weight: 400;\"><span style=\"font-weight: 400;\">Bah\u015fi\u015fler<\/span><\/li>\n<p>n \t<\/p>\n<li style=\"font-weight: 400;\"><span style=\"font-weight: 400;\">Aktar<\/span><\/li>\n<p>n \t<\/p>\n<li>\u00f6\u011fle yeme\u011fi dahil de\u011fildir<\/li>\n<p>n \t<\/p>\n<li style=\"font-weight: 400;\"><span style=\"font-weight: 400;\">Alkoll\u00fc i\u00e7ecekler<\/span><\/li>\n<p>n<\/ol>\n<p>n&nbsp;<br \/>\nn<\/p>\n<h4><em><strong>Gidi\u015f &amp; D\u00f6n\u00fc\u015f<\/strong><\/em><\/h4>\n<p>n<span style=\"font-weight: 400;\">Gezgin, Rezervasyon \u0130\u015fleminden sonra bir bulu\u015fma noktas\u0131 alacakt\u0131r. Turlar bulu\u015fma noktalar\u0131m\u0131zda ba\u015flar ve biter.<\/span><br \/>\nn<br \/>\nn&nbsp;<br \/>\nn<\/p>\n<h4><b><i>Ne bekleyebilece\u011finizi?<\/i><\/b><\/h4>\n<p>n&nbsp;<br \/>\nn<br \/>\nn<em><strong>biletlerinizi al\u0131n<\/strong><\/em> yerel tur rehberi ile Cano Hondo Nehri Orman\u0131 (Mangrovlar), Rockly Adalar\u0131, Ku\u015f G\u00f6zlemcili\u011fi ve Ma\u011faralar\u0131 Kano ile 4 saatlik ziyaret i\u00e7in.<br \/>\nn<br \/>\nG\u00fcvenli\u011finiz i\u00e7in gerekli her t\u00fcrl\u00fc ekipman\u0131 ald\u0131\u011f\u0131m\u0131zda (Can yelekleri, vb.), Ca\u00f1o Hondo liman\u0131 Nehri&#039;nden Kanoya binmeye ba\u015fl\u0131yoruz.<br \/>\nn<br \/>\nn<span style=\"font-weight: 400;\">\u201cBooking Adventures\u201d taraf\u0131ndan d\u00fczenlenen tur, Tur Rehberi ile belirlenen bulu\u015fma noktas\u0131nda ba\u015flar. <\/span>Ca\u00f1o Hondo Hotels b\u00f6lgesinden veya Sabana de la Mar&#039;dan ba\u015flayarak bu pitoresk rezervde kanolara binip mangrov batakl\u0131klar\u0131ndan, antik korsan ma\u011faralar\u0131ndan ge\u00e7erek ve korunan ormanlara giderek,<br \/>\nn<\/p>\n<div class=\"body-description secondary\">\nn<br \/>\nnBooking Adventures&#039;a gelin ve ku\u015flarla dolu mangrovlar\u0131, yemye\u015fil bitki \u00f6rt\u00fcs\u00fcyle kapl\u0131 ini\u015fli \u00e7\u0131k\u0131\u015fl\u0131 tepeleri ve ma\u011faralar\u0131 incelemeye ba\u015flay\u0131n. <em><strong>Los Haitises Milli Park\u0131<\/strong><\/em>. Sabana de la Mar&#039;daki Ca\u00f1o Hondo nehrinden Kayaks Gezisi. Mangrovlar\u0131n aras\u0131ndan ve engebeli orman manzaras\u0131n\u0131 foto\u011fraflayabilece\u011finiz a\u00e7\u0131k San Lorenzo Koyu&#039;ndaki Karadan. fark etmek i\u00e7in suya bak <em><strong>denizay\u0131s\u0131<\/strong><\/em>, kabuklular ve <em><strong>yunuslar.<\/strong><\/em><br \/>\nn<br \/>\nMilli park\u0131n ad\u0131, as\u0131l sakinleri olan Taino K\u0131z\u0131lderililerinden gelmektedir. Kendi dillerinde \u201cHaitiler\u201d yaylalar veya Tepeler anlam\u0131na geliyor; k\u0131y\u0131 \u015feridinin Kire\u00e7ta\u015f\u0131 i\u00e7eren dik jeolojik olu\u015fumlar\u0131na g\u00f6nderme yap\u0131yor. gibi ma\u011faralar\u0131 ke\u015ffetmek i\u00e7in park\u0131n derinliklerine inin. <em><strong>Cueva de la Arena<\/strong><\/em> ve <strong><em>Cueva de la Linea.<\/em><\/strong> Rezervdeki ma\u011faralar, Taino K\u0131z\u0131lderilileri taraf\u0131ndan ve daha sonra korsanlar\u0131 saklayarak s\u0131\u011f\u0131nak olarak kullan\u0131ld\u0131. Baz\u0131 duvarlar\u0131 s\u00fcsleyen K\u0131z\u0131lderili \u00e7izimlerine bak\u0131n.<br \/>\nn<br \/>\nBu geziyi k\u0131sa tutmak isterseniz ikinci bir se\u00e7ene\u011fimiz var: <a href=\"https:\/\/www.boattoursamana.com\/tr\/tours-excursions\/magaralar\/cano-hondo-2den-tur-rehberiyle-los-haitiseste-kano-gezisi\/\">Los Haitises&#039;te 2 Saat Kayak\u00a0<\/a><br \/>\nn<br \/>\nnTur, Los Haitises Milli Park\u0131&#039;ndaki ba\u015flang\u0131\u00e7 noktas\u0131nda sona erer. G\u00f6rmek isteyece\u011finiz durumlara kar\u015f\u0131 bu geziyi sabah 6:00&#039;da yapman\u0131z\u0131 \u00f6neririz. <em><strong>denizay\u0131s\u0131<\/strong><\/em>, kabuklular ve <em><strong>yunuslar.<\/strong><\/em><br \/>\nn<br \/>\nn<\/div>\n<p>n<em><strong>06:00<\/strong><\/em> erken, bu y\u00fczden Los Haitises Ulusal Park\u0131&#039;nda hala tekne yok.<br \/>\nn<\/p>\n<h4><em><strong>Ne getirmelisin?<\/strong><\/em><\/h4>\n<p>n<\/p>\n<ul>\nn \t<\/p>\n<li style=\"font-weight: 400;\"><span style=\"font-weight: 400;\">Kamera<\/span><\/li>\n<p>n \t<\/p>\n<li style=\"font-weight: 400;\"><span style=\"font-weight: 400;\">Kovucu tomurcuklar<\/span><\/li>\n<p>n \t<\/p>\n<li style=\"font-weight: 400;\"><span style=\"font-weight: 400;\">G\u00fcne\u015f kremi<\/span><\/li>\n<p>n \t<\/p>\n<li style=\"font-weight: 400;\"><span style=\"font-weight: 400;\">\u015eapka<\/span><\/li>\n<p>n \t<\/p>\n<li style=\"font-weight: 400;\"><span style=\"font-weight: 400;\">rahat pantolon<\/span><\/li>\n<p>n \t<\/p>\n<li style=\"font-weight: 400;\"><span style=\"font-weight: 400;\">Sandalet\u00a0<\/span><\/li>\n<p>n \t<\/p>\n<li style=\"font-weight: 400;\"><span style=\"font-weight: 400;\">Y\u00fczme giysileri<\/span><\/li>\n<p>n<\/ul>\n<p>n&nbsp;<br \/>\nn<\/p>\n<h4><b><i>otelden alma <\/i><\/b><\/h4>\n<p>n<span style=\"font-weight: 400;\">Bu tur i\u00e7in otelden alma hizmeti sunulmamaktad\u0131r. <\/span><br \/>\nn<br \/>\nn&nbsp;<br \/>\nn<br \/>\nn<b>Not:<\/b><span style=\"font-weight: 400;\"> tur\/Gezi hareket saatinden sonraki 24 saat i\u00e7inde rezervasyon yap\u0131yorsan\u0131z, ek \u00fccret kar\u015f\u0131l\u0131\u011f\u0131nda otelden alma ayarlayabiliriz. Sat\u0131n alma i\u015fleminiz tamamland\u0131\u011f\u0131nda, teslim alma d\u00fczenlemelerini organize etmesi i\u00e7in size yerel Tur rehberimizin eksiksiz ileti\u015fim bilgilerini (telefon numaras\u0131, e-posta adresi vb.) g\u00f6nderece\u011fiz.<\/span><br \/>\nn<\/p>\n<h4><b><i>Ek Bilgi Onay\u0131 <\/i><\/b><\/h4>\n<p>n<\/p>\n<ol>\nn \t<\/p>\n<li>Biletler, bu Turu \u00f6dedikten sonra Makbuzdur. \u00d6demeyi telefonunuzda g\u00f6sterebilirsiniz.<\/li>\n<p>n \t<\/p>\n<li style=\"font-weight: 400;\"><span style=\"font-weight: 400;\">Bulu\u015fma Noktas\u0131 Rezervasyon \u0130\u015fleminden Sonra Al\u0131nacakt\u0131r.<\/span><\/li>\n<p>n \t<\/p>\n<li style=\"font-weight: 400;\"><span style=\"font-weight: 400;\">\u00c7ocuklara bir yeti\u015fkin e\u015flik etmelidir.<\/span><\/li>\n<p>n \t<\/p>\n<li style=\"font-weight: 400;\"><span style=\"font-weight: 400;\"> Tekerlekli sandalye eri\u015fimine uygun de\u011fil <\/span><\/li>\n<p>n \t<\/p>\n<li style=\"font-weight: 400;\"><span style=\"font-weight: 400;\">Bebekler kuca\u011fa oturmal\u0131 <\/span><\/li>\n<p>n \t<\/p>\n<li style=\"font-weight: 400;\"><span style=\"font-weight: 400;\">S\u0131rt sorunu olan gezginler i\u00e7in \u00f6nerilmez<\/span><\/li>\n<p>n \t<\/p>\n<li style=\"font-weight: 400;\"><span style=\"font-weight: 400;\">Hamile gezginler i\u00e7in \u00f6nerilmez <\/span><\/li>\n<p>n \t<\/p>\n<li style=\"font-weight: 400;\"><span style=\"font-weight: 400;\"> Kalp problemi veya di\u011fer ciddi t\u0131bbi durumlar yok <\/span><\/li>\n<p>n \t<\/p>\n<li style=\"font-weight: 400;\"><span style=\"font-weight: 400;\">\u00c7o\u011fu gezgin kat\u0131labilir<\/span><\/li>\n<p>n<\/ol>\n<p>n<\/p>\n<h4><b><i>\u0130ptal politikas\u0131<\/i><\/b><\/h4>\n<p>nTam para iadesi i\u00e7in l\u00fctfen \u0130ptal politikalar\u0131m\u0131z\u0131 okuyun\u00a0<a href=\"https:\/\/www.boattoursamana.com\/tr\/cevrimici-rezervasyon\/\" target=\"_blank\" rel=\"noopener\" data-saferedirecturl=\"https:\/\/www.google.com\/url?q=https:\/\/www.boattoursamana.com\/online-booking\/&amp;source=gmail&amp;ust=1672532492004000&amp;usg=AOvVaw3ylqI1cdbIPTimEqEWneyd\">Buraya T\u0131kla<\/a>. Seyahatle ayn\u0131 g\u00fcn rezervasyon iptal edilirse para kaybedilecektir.<\/p>\n\n\t\t<\/div>\n\t<\/div>\n<\/div><\/div><\/div><\/div><div class=\"vc_row wpb_row vc_row-fluid\" ><div class=\"wpb_column vc_column_container vc_col-sm-12\"><div class=\"vc_column-inner\"><div class=\"wpb_wrapper\"><div class=\"vc_empty_space\"   style=\"height: 32px\"><span class=\"vc_empty_space_inner\"><\/span><\/div>\n\t<div class=\"wpb_text_column wpb_content_element\" >\n\t\t<div class=\"wpb_wrapper\">\n\t\t\t<p>\nn<\/p>\n<h4>Bize Ula\u015f\u0131n?<\/h4>\n<p>n<\/p>\n<h5>Rezervasyon Maceralar\u0131<\/h5>\n<p>n<em><strong>Yerliler<\/strong>\u00a0ve\u00a0<strong>uyruklular<\/strong>\u00a0Tur Rehberleri ve Misafir Hizmetleri<\/em><br \/>\nn<br \/>\nn<span class=\"text-turquoise\">Rezervasyonlar:<\/span>\u00a0Dom s\u0131n\u0131rlar\u0131ndaki Turlar ve Geziler temsilci<br \/>\nn<br \/>\nn<img decoding=\"async\" class=\"emoji\" draggable=\"false\" src=\"https:\/\/s.w.org\/images\/core\/emoji\/11.2.0\/svg\/1f4de.svg\" alt=\" \" title=\"\">\u00a0Tel \/ Naber\u00a0\u00a0<a href=\"tel:+1-809-720-6035\">+1-809-720-6035<\/a>.<br \/>\nn<br \/>\nn<img decoding=\"async\" class=\"emoji\" draggable=\"false\" src=\"https:\/\/s.w.org\/images\/core\/emoji\/11.2.0\/svg\/1f4e9.svg\" alt=\" \" title=\"\">\u00a0<a href=\"mailto:info@bookingadventures.com.do\">info@bookingadventures.com.do<\/a><br \/>\nn<br \/>\nn<strong><span style=\"vertical-align: inherit;\"><span style=\"vertical-align: inherit;\">Baz\u0131 \u00f6zel yap\u0131land\u0131rmalar Whatsapp i\u00e7in esnektir:\u00a0<\/span><\/span><a href=\"tel:+18097206035\">+18097206035.<\/a><\/strong><\/p>\n\n\t\t<\/div>\n\t<\/div>\n<div class=\"vc_empty_space\"   style=\"height: 32px\"><span class=\"vc_empty_space_inner\"><\/span><\/div><\/div><\/div><\/div><\/div><div class=\"vc_row wpb_row vc_row-fluid\" ><div class=\"wpb_column vc_column_container vc_col-sm-12\"><div class=\"vc_column-inner\"><div class=\"wpb_wrapper\"><div class=\"vc_btn3-container vc_btn3-inline\" ><button class=\"vc_general vc_btn3 vc_btn3-size-md vc_btn3-shape-rounded vc_btn3-style-modern vc_btn3-color-green\">REZERVASYON YAP<\/button><\/div><\/div><\/div><\/div><\/div>","protected":false},"excerpt":{"rendered":"<p>Excursi\u00f3n al Parque Nacional Los Haitises partiendo de Sabana de la Mar en la zona de Cano Hondo, Visita de manglares, Cuevas, Pictogramas y Formaciones Rocosas. n nEste recorrido se puede configurar con el clip Senderismo aqu\u00ed. Conozca la historia real de la historia del Parque Nacional Los Haitises con los lugare\u00f1os. n n&nbsp; n nSeleccione la fecha para el Tour: &nbsp;<\/p>","protected":false},"author":2,"featured_media":0,"parent":0,"menu_order":0,"comment_status":"open","ping_status":"closed","template":"","meta":{"footnotes":""},"class_list":["post-15745","page","type-page","status-publish","hentry"],"_links":{"self":[{"href":"https:\/\/www.boattoursamana.com\/tr\/wp-json\/wp\/v2\/pages\/15745","targetHints":{"allow":["GET"]}}],"collection":[{"href":"https:\/\/www.boattoursamana.com\/tr\/wp-json\/wp\/v2\/pages"}],"about":[{"href":"https:\/\/www.boattoursamana.com\/tr\/wp-json\/wp\/v2\/types\/page"}],"author":[{"embeddable":true,"href":"https:\/\/www.boattoursamana.com\/tr\/wp-json\/wp\/v2\/users\/2"}],"replies":[{"embeddable":true,"href":"https:\/\/www.boattoursamana.com\/tr\/wp-json\/wp\/v2\/comments?post=15745"}],"version-history":[{"count":0,"href":"https:\/\/www.boattoursamana.com\/tr\/wp-json\/wp\/v2\/pages\/15745\/revisions"}],"wp:attachment":[{"href":"https:\/\/www.boattoursamana.com\/tr\/wp-json\/wp\/v2\/media?parent=15745"}],"curies":[{"name":"wp","href":"https:\/\/api.w.org\/{rel}","templated":true}]}}