{"id":15748,"date":"2023-07-15T07:42:45","date_gmt":"2023-07-15T07:42:45","guid":{"rendered":"https:\/\/www.ticketswhales.com\/private-boat-trip-2-hours-hiking-rain-forest-los-haitises\/"},"modified":"2023-07-15T07:42:45","modified_gmt":"2023-07-15T07:42:45","slug":"private-boat-trip-2-hours-hiking-rain-forest-los-haitises","status":"publish","type":"page","link":"https:\/\/www.boattoursamana.com\/tr\/ozel-tekne-gezisi-2-saat-hiking-yagmur-orman-los-haitises-2","title":{"rendered":"\u00d6zel Tekne Turu ve 2 Saat Y\u00fcr\u00fcy\u00fc\u015f Ya\u011fmur Orman\u0131 Los Haitises"},"content":{"rendered":"<p><span style=\"vertical-align: inherit;\"><span style=\"vertical-align: inherit;\">\u00a1Y aqu\u00ed vamos! <\/span><span style=\"vertical-align: inherit;\">\u0130lk olarak, Mogotes&#039;un da\u011f \u00e7ana\u011f\u0131 adas\u0131n\u0131n muazzam koleksiyonuna kar\u015f\u0131 koyabilirsiniz. <\/span><span style=\"vertical-align: inherit;\">encima de ellos de 700 m\u00e1s de plantas ve bir\u00e7ok humedales que can queredor. <\/span><span style=\"vertical-align: inherit;\">Daha sonra, 750 y\u0131l \u00f6nce yerli topluluklar\u0131n resim resimlerini ziyaret edin.<\/span><\/span><br \/>\nn<br \/>\nn<span style=\"vertical-align: inherit;\"><span style=\"vertical-align: inherit;\">Adem\u00e1s, Parque Nacional Haitises&#039;i ziyaret etmek i\u00e7in en \u00f6nemli ziyaretlerinizden biri. <\/span><span style=\"vertical-align: inherit;\">En \u00e7ok Line Cave ve Sand Cave ziyaret edilebilir. <\/span><span style=\"vertical-align: inherit;\">Los Haitises Parque Nacional&#039;in kalabal\u0131k havas\u0131nda, Ulusal Parque&#039;yi ziyaret eden birka\u00e7 saat, 2 saat caminata tatili, yeni geziler i\u00e7in en iyi e\u011flenceler. <\/span><span style=\"vertical-align: inherit;\">Bol boleto sat\u0131n al\u0131n ve Parque Nacional Haitises&#039;in tarih\u00e7esini s\u00fcsleyen e\u011flencelerle dolu.<\/span><\/span><br \/>\nn<br \/>\nn&nbsp;<br \/>\nn<br \/>\nn<strong><span style=\"vertical-align: inherit;\"><span style=\"vertical-align: inherit;\">Tur i\u00e7in bir masa se\u00e7in\u00a0<\/span><\/span><\/strong><\/p>\n<p>&nbsp;<\/p>\n<div class=\"vc_row wpb_row vc_row-fluid\" ><div class=\"wpb_column vc_column_container vc_col-sm-12\"><div class=\"vc_column-inner\"><div class=\"wpb_wrapper\"><div class=\"mkdf-section-title-holder\" style=\"text-align: left\">\n\t<div class=\"mkdf-st-inner\">\n\t\t\t\t\t<h5 class=\"mkdf-st-subtitle\" >\n\t\t\t\tNemli Orman + Ma\u011faralara Normal Gezi\t\t\t<\/h5>\n\t\t\t\t\t\t\t<h3 class=\"mkdf-st-title\" >\n\t\t\t\tLos Haitises Ulusal Park\u0131 - Sabana de la Mar&#039;dan + 2 Saat Y\u00fcr\u00fcy\u00fc\u015f\t\t\t<\/h3>\n\t\t\t\t\t<\/div>\n<\/div><\/div><\/div><\/div><\/div><div class=\"vc_row wpb_row vc_row-fluid\" ><div class=\"wpb_column vc_column_container vc_col-sm-12\"><div class=\"vc_column-inner\"><div class=\"wpb_wrapper\">\n\t<div class=\"wpb_text_column wpb_content_element\" >\n\t\t<div class=\"wpb_wrapper\">\n\t\t\t<p>\nn<\/p>\n<h4><b><i><span style=\"vertical-align: inherit;\"><span style=\"vertical-align: inherit;\">Vizyon genel <\/span><\/span><\/i><\/b><\/h4>\n<p>nHaitises Ulusal Park\u0131 orman\u0131nda iki saatlik bir y\u00fcr\u00fcy\u00fc\u015f\u00fcn tad\u0131n\u0131 \u00e7\u0131kar\u0131n. T\u0131bbi bitkiler hakk\u0131nda bilgi edinin ve yerel yerleri ziyaret edin.  Ziyaretten sonra <strong>Los Haitises Milli Park\u0131<\/strong> itibaren <strong>Sabana de la Mar<\/strong> veya <strong>Ca\u00f1o Hondo Otelleri<\/strong> Yerliler ile.<br \/>\nn<br \/>\nnTekne gezisinden sonra y\u00fcr\u00fcy\u00fc\u015f yapaca\u011f\u0131z. Los Haitises Ulusal Park\u0131'na \u00f6zel normal bir gezi.  Bizimle gelin ve Dominik Cumhuriyeti'nin en g\u00fczel milli park\u0131n\u0131 ziyaret edin, Mangrovlar\u0131, 3 Ma\u011faray\u0131 ve San Lorenzo K\u00f6rfezi'ni ziyaret edin. Bu deneyim, Sabana de la Mar'\u0131n tarihini \u00f6\u011frenen Sabana de la Mar toplulu\u011fundan ba\u015flayabilir.<br \/>\nn<\/p>\n<ul>\nn \t<\/p>\n<li>Ormanda 2 Saat Y\u00fcr\u00fcy\u00fc\u015f<\/li>\n<p>n \t<\/p>\n<li>Sabana de la Mar Tarihi<\/li>\n<p>n \t<\/p>\n<li style=\"font-weight: 400;\">\u00dccretler dahil<\/li>\n<p>n \t<\/p>\n<li style=\"font-weight: 400;\"><span style=\"font-weight: 400;\">K\u0131lavuz talimat ve Denetim sa\u011flar<\/span><\/li>\n<p>n \t<\/p>\n<li>Cano Hondo&#039;da \u00d6\u011fle Yeme\u011fine \u00d6\u011fle Yeme\u011fi Dahil De\u011fildir Bu turu se\u00e7in: <a href=\"https:\/\/www.boattoursamana.com\/tr\/tur\/sabana-de-la-mardan-kano-hondo-at-los-haitises-milli-park-ogle-yemegi-2\/\">Los Haitises Plus Cano Hondo.<\/a><\/li>\n<p>n<\/ul>\n<p>n&nbsp;<br \/>\nn<\/p>\n<h4><b>Dahil Edilenler ve Hari\u00e7 Tutulanlar<\/b><\/h4>\n<p>n&nbsp;<br \/>\nn<br \/>\nn<b>Dahil olanlar<\/b><br \/>\nn<\/p>\n<ol>\nn \t<\/p>\n<li style=\"font-weight: 400;\">Los Haitises Turu + Ma\u011faralar ve Piktograflar<\/li>\n<p>n \t<\/p>\n<li style=\"font-weight: 400;\"><span style=\"font-weight: 400;\">T\u00fcm vergiler, \u00fccretler ve i\u015flem \u00fccretleri<\/span><\/li>\n<p>n \t<\/p>\n<li style=\"font-weight: 400;\"><span style=\"font-weight: 400;\">Yerel vergiler<\/span><\/li>\n<p>n \t<\/p>\n<li style=\"font-weight: 400;\"><span style=\"font-weight: 400;\">T\u00fcm aktiviteler<\/span><\/li>\n<p>n \t<\/p>\n<li style=\"font-weight: 400;\"><span style=\"font-weight: 400;\">Yerel rehber<\/span><\/li>\n<p>n<\/ol>\n<p>n<b> \u0130stisnalar<\/b><br \/>\nn<\/p>\n<ol>\nn \t<\/p>\n<li style=\"font-weight: 400;\"><span style=\"font-weight: 400;\">Bah\u015fi\u015fler<\/span><\/li>\n<p>n \t<\/p>\n<li>Cano Hondo&#039;da \u00d6\u011fle Yeme\u011fine \u00d6\u011fle Yeme\u011fi Dahil De\u011fildir Bu turu se\u00e7in: <a href=\"https:\/\/www.boattoursamana.com\/tr\/tur\/sabana-de-la-mardan-kano-hondo-at-los-haitises-milli-park-ogle-yemegi-2\/\">Los Haitises Plus Cano Hondo.<\/a><\/li>\n<p>n \t<\/p>\n<li style=\"font-weight: 400;\"><span style=\"font-weight: 400;\">Aktar<\/span><\/li>\n<p>n \t<\/p>\n<li style=\"font-weight: 400;\"><span style=\"font-weight: 400;\">Alkoll\u00fc i\u00e7ecekler<\/span><\/li>\n<p>n<\/ol>\n<p>n&nbsp;<br \/>\nn<\/p>\n<h4><em><strong>Gidi\u015f &amp; D\u00f6n\u00fc\u015f<\/strong><\/em><\/h4>\n<p>n<span style=\"font-weight: 400;\">Gezgin, Rezervasyon \u0130\u015fleminden sonra bir bulu\u015fma noktas\u0131 alacakt\u0131r. Turlar bulu\u015fma noktalar\u0131m\u0131zda ba\u015flar ve biter.<\/span><br \/>\nn<br \/>\nn&nbsp;<br \/>\nn<\/p>\n<h4><b><i>Ne bekleyebilece\u011finizi?<\/i><\/b><\/h4>\n<p>n&nbsp;<br \/>\nn<br \/>\nn<em><strong>biletlerinizi al\u0131n<\/strong><\/em> Los Haitises Ulusal Park\u0131&#039;n\u0131n nemli orman\u0131nda iki saat y\u00fcr\u00fcy\u00fc\u015f yapt\u0131ktan sonra Ma\u011faralar, Mangrovlar ve San Lorenzo K\u00f6rfezi ile Los Haitises Ulusal Park\u0131&#039;n\u0131 ziyaret etti\u011finiz i\u00e7in.<br \/>\nn<br \/>\nn<strong>Los Haitises Milli Park\u0131<\/strong> itibaren <strong>Sabana de la Mar<\/strong> veya <strong>Ca\u00d1o Hondo Otelleri<\/strong> Yerliler ile. Gezi, Haitises Ulusal Park\u0131&#039;n\u0131n Ana Liman\u0131&#039;nda ba\u015flar. Bu gezi, muhte\u015fem Milli Park hakk\u0131nda orijinal Tarihi bilen Yerel Tur Rehberi ile sabah 10:00&#039;da ba\u015flar.<br \/>\nn<br \/>\nn Los Haitises Milli Park\u0131'n\u0131n Ca\u00f1o Hondo (Deep Creek) adl\u0131 ana liman\u0131ndan can yelekli bir TEKNE ile yola \u00e7\u0131k\u0131yoruz. San Lorenzo K\u00f6rfezi'ne varana kadar K\u0131rm\u0131z\u0131 Mangrov orman\u0131n\u0131n tad\u0131n\u0131 \u00e7\u0131karaca\u011f\u0131z. K\u00fc\u00e7\u00fck koydan Saman\u00e1 K\u00f6rfezi'ne. Ve i\u015fte gidiyoruz! G\u00f6rebilece\u011finiz ilk \u015fa\u015f\u0131rt\u0131c\u0131 \u015fey, Mogotes ad\u0131 verilen devasa kire\u00e7ta\u015f\u0131 da\u011f adas\u0131 koleksiyonudur. bunlar\u0131n \u00fczerinde 700'den fazla Bitki t\u00fcr\u00fc ve etrafta u\u00e7an bir\u00e7ok sulak alan ku\u015fu. Daha sonra 750 y\u0131l \u00f6nceki yerli topluluklar\u0131m\u0131zdan kalma piktograflar\u0131n bulundu\u011fu Ma\u011faralar\u0131 ziyaret ediyoruz.<br \/>\nn<br \/>\nn Mangrovlar\u0131n aras\u0131ndan ge\u00e7erek engebeli orman manzaras\u0131n\u0131 foto\u011fraflayabilece\u011finiz a\u00e7\u0131k San Lorenzo K\u00f6rfezi'ne inin. G\u00f6rmek i\u00e7in suya bak\u0131n <em><strong>denizay\u0131s\u0131<\/strong><\/em>, kabuklular ve <em><strong>yunuslar.<\/strong><\/em><br \/>\nn<\/p>\n<div class=\"body-description secondary\">\nn<br \/>\nnMilli park\u0131n ad\u0131 ilk sakinleri olan Taino yerlilerinden gelmektedir. Onlar\u0131n dilinde \"Haitises\", k\u0131y\u0131 \u015feridinin kire\u00e7ta\u015flar\u0131yla kapl\u0131 dik jeolojik olu\u015fumlar\u0131na bir g\u00f6nderme olarak yaylalar ya da tepeler anlam\u0131na gelmektedir. A\u015fa\u011f\u0131daki gibi ma\u011faralar\u0131 ke\u015ffetmek i\u00e7in park\u0131n daha derinlerine inin <em><strong>Cueva de la Arena<\/strong><\/em> ve <strong><em>Cueva de la Linea.<\/em><\/strong> Rezervdeki ma\u011faralar, Taino K\u0131z\u0131lderilileri taraf\u0131ndan ve daha sonra korsanlar\u0131 saklayarak s\u0131\u011f\u0131nak olarak kullan\u0131ld\u0131. Baz\u0131 duvarlar\u0131 s\u00fcsleyen K\u0131z\u0131lderili \u00e7izimlerine bak\u0131n. Los Haitises Ulusal Park\u0131 ziyaretimizin ard\u0131ndan 2 saatlik y\u00fcr\u00fcy\u00fc\u015f i\u00e7in Nemli ormana gidiyoruz ve gezimizin ba\u015flad\u0131\u011f\u0131 yere geri d\u00f6n\u00fcyoruz.<br \/>\nn<br \/>\nn<\/div>\n<p>n&nbsp;<br \/>\nn<\/p>\n<h4><em><strong>Ne getirmelisin?<\/strong><\/em><\/h4>\n<p>n<\/p>\n<ul>\nn \t<\/p>\n<li style=\"font-weight: 400;\"><span style=\"font-weight: 400;\">Kamera<\/span><\/li>\n<p>n \t<\/p>\n<li style=\"font-weight: 400;\"><span style=\"font-weight: 400;\">Kovucu tomurcuklar<\/span><\/li>\n<p>n \t<\/p>\n<li style=\"font-weight: 400;\"><span style=\"font-weight: 400;\">G\u00fcne\u015f kremi<\/span><\/li>\n<p>n \t<\/p>\n<li style=\"font-weight: 400;\"><span style=\"font-weight: 400;\">\u015eapka<\/span><\/li>\n<p>n \t<\/p>\n<li style=\"font-weight: 400;\"><span style=\"font-weight: 400;\">rahat pantolon<\/span><\/li>\n<p>n \t<\/p>\n<li style=\"font-weight: 400;\"><span style=\"font-weight: 400;\">Orman i\u00e7in y\u00fcr\u00fcy\u00fc\u015f ayakkab\u0131s\u0131<\/span><\/li>\n<p>n \t<\/p>\n<li style=\"font-weight: 400;\"><span style=\"font-weight: 400;\">Bahar b\u00f6lgelerine sandalet.<\/span><\/li>\n<p>n \t<\/p>\n<li style=\"font-weight: 400;\"><span style=\"font-weight: 400;\">Y\u00fczme giysileri<\/span><\/li>\n<p>n<\/ul>\n<p>n&nbsp;<br \/>\nn<\/p>\n<h4><b><i>otelden alma <\/i><\/b><\/h4>\n<p>n<span style=\"font-weight: 400;\">E\u011fer i\u00e7indeyseniz, otelden alma hizmeti sunulur. <a href=\"https:\/\/www.boattoursamana.com\/tr\/tur\/sabana-de-la-mardan-kano-hondo-at-los-haitises-milli-park-ogle-yemegi-2\/\">Paraiso Cano Hondo<\/a> veya <a href=\"https:\/\/www.boattoursamana.com\/tr\/tur\/sabana-de-la-mardan-kano-hondo-at-los-haitises-milli-park-ogle-yemegi-2\/\">Altos Cano Hondo Otel<\/a>. Bulu\u015fma noktam\u0131z bu otellerden 5 dakikal\u0131k y\u00fcr\u00fcme mesafesindedir.<\/span><br \/>\nn<br \/>\nn&nbsp;<br \/>\nn<br \/>\nn<b>Not:<\/b><span style=\"font-weight: 400;\"> tur\/Gezi hareket saatinden sonraki 24 saat i\u00e7inde rezervasyon yap\u0131yorsan\u0131z, Cano Hondo otellerinde de\u011filseniz ekstra \u00dccretler kar\u015f\u0131l\u0131\u011f\u0131nda otelden alma ayarlayabiliriz. Sat\u0131n alma i\u015fleminiz tamamland\u0131\u011f\u0131nda, teslim alma d\u00fczenlemelerini organize etmesi i\u00e7in size yerel Tur rehberimizin eksiksiz ileti\u015fim bilgilerini (telefon numaras\u0131, e-posta adresi vb.) g\u00f6nderece\u011fiz.<\/span><br \/>\nn<\/p>\n<h4><b><i>Ek Bilgi Onay\u0131 <\/i><\/b><\/h4>\n<p>n<\/p>\n<ol>\nn \t<\/p>\n<li>Biletler, bu Turu \u00f6dedikten sonra Makbuzdur. \u00d6demeyi telefonunuzda g\u00f6sterebilirsiniz.<\/li>\n<p>n \t<\/p>\n<li style=\"font-weight: 400;\"><span style=\"font-weight: 400;\">Bulu\u015fma Noktas\u0131 Rezervasyon \u0130\u015fleminden Sonra Al\u0131nacakt\u0131r.<\/span><\/li>\n<p>n \t<\/p>\n<li style=\"font-weight: 400;\"><span style=\"font-weight: 400;\">\u00c7ocuklara bir yeti\u015fkin e\u015flik etmelidir.<\/span><\/li>\n<p>n \t<\/p>\n<li style=\"font-weight: 400;\"><span style=\"font-weight: 400;\"> Tekerlekli sandalye eri\u015fimine uygun de\u011fil <\/span><\/li>\n<p>n \t<\/p>\n<li style=\"font-weight: 400;\"><span style=\"font-weight: 400;\">Bebekler kuca\u011fa oturmal\u0131 <\/span><\/li>\n<p>n \t<\/p>\n<li style=\"font-weight: 400;\"><span style=\"font-weight: 400;\">S\u0131rt sorunu olan gezginler i\u00e7in \u00f6nerilmez<\/span><\/li>\n<p>n \t<\/p>\n<li style=\"font-weight: 400;\"><span style=\"font-weight: 400;\">Hamile gezginler i\u00e7in \u00f6nerilmez <\/span><\/li>\n<p>n \t<\/p>\n<li style=\"font-weight: 400;\"><span style=\"font-weight: 400;\"> Kalp problemi veya di\u011fer ciddi t\u0131bbi durumlar yok <\/span><\/li>\n<p>n \t<\/p>\n<li style=\"font-weight: 400;\"><span style=\"font-weight: 400;\">\u00c7o\u011fu gezgin kat\u0131labilir<\/span><\/li>\n<p>n<\/ol>\n<p>n<\/p>\n<h4><b><i>\u0130ptal politikas\u0131<\/i><\/b><\/h4>\n<p>nTam para iadesi i\u00e7in l\u00fctfen \u0130ptal politikalar\u0131m\u0131z\u0131 okuyun\u00a0<a href=\"https:\/\/www.boattoursamana.com\/tr\/cevrimici-rezervasyon\/\" target=\"_blank\" rel=\"noopener\" data-saferedirecturl=\"https:\/\/www.google.com\/url?q=https:\/\/www.boattoursamana.com\/online-booking\/&amp;source=gmail&amp;ust=1672529771100000&amp;usg=AOvVaw2NIGJBZ0qjB5RhPUl5Obc7\">Buraya T\u0131kla<\/a>. Seyahatle ayn\u0131 g\u00fcn rezervasyon iptal edilirse para kaybedilecektir.<\/p>\n\n\t\t<\/div>\n\t<\/div>\n<\/div><\/div><\/div><\/div><div class=\"vc_row wpb_row vc_row-fluid\" ><div class=\"wpb_column vc_column_container vc_col-sm-12\"><div class=\"vc_column-inner\"><div class=\"wpb_wrapper\"><div class=\"vc_empty_space\"   style=\"height: 32px\"><span class=\"vc_empty_space_inner\"><\/span><\/div>\n\t<div class=\"wpb_video_widget wpb_content_element vc_clearfix   vc_video-aspect-ratio-169 vc_video-el-width-100 vc_video-align-left\" >\n\t\t<div class=\"wpb_wrapper\">\n\t\t\t\n\t\t\t<div class=\"wpb_video_wrapper\"><iframe loading=\"lazy\" title=\"Los Haitises Ulusal Park\u0131, Samana veya Sabana de la Mar&#039;dan Turlar ve Geziler. Buradan Rezervasyon Yap\u0131n:\" src=\"https:\/\/player.vimeo.com\/video\/346508015?dnt=1&amp;app_id=122963\" width=\"1100\" height=\"619\" frameborder=\"0\" allow=\"autoplay; fullscreen; picture-in-picture\" allowfullscreen><\/iframe><\/div>\n\t\t<\/div>\n\t<\/div>\n<\/div><\/div><\/div><\/div><div class=\"vc_row wpb_row vc_row-fluid\" ><div class=\"wpb_column vc_column_container vc_col-sm-12\"><div class=\"vc_column-inner\"><div class=\"wpb_wrapper\"><div class=\"vc_empty_space\"   style=\"height: 32px\"><span class=\"vc_empty_space_inner\"><\/span><\/div>\n\t<div class=\"wpb_text_column wpb_content_element\" >\n\t\t<div class=\"wpb_wrapper\">\n\t\t\t<p>\nn<\/p>\n<h4>Bize Ula\u015f\u0131n?<\/h4>\n<p>n<\/p>\n<h5>Rezervasyon Maceralar\u0131<\/h5>\n<p>n<em><strong>Yerliler<\/strong>\u00a0ve\u00a0<strong>uyruklular<\/strong>\u00a0Tur Rehberleri ve Misafir Hizmetleri<\/em><br \/>\nn<br \/>\nn<span class=\"text-turquoise\">Rezervasyonlar:<\/span>\u00a0Dom s\u0131n\u0131rlar\u0131ndaki Turlar ve Geziler temsilci<br \/>\nn<br \/>\nn<img decoding=\"async\" class=\"emoji\" draggable=\"false\" src=\"https:\/\/s.w.org\/images\/core\/emoji\/11.2.0\/svg\/1f4de.svg\" alt=\" \" title=\"\">\u00a0Tel \/ Naber\u00a0\u00a0<a href=\"tel:+1-809-720-6035\">+1-809-720-6035<\/a>.<br \/>\nn<br \/>\nn<img decoding=\"async\" class=\"emoji\" draggable=\"false\" src=\"https:\/\/s.w.org\/images\/core\/emoji\/11.2.0\/svg\/1f4e9.svg\" alt=\" \" title=\"\">\u00a0<a href=\"mailto:info@bookingadventures.com.do\">info@bookingadventures.com.do<\/a><br \/>\nn<br \/>\nn<strong>Whatsapp ile Esnek \u00d6zel Turlar Ayarl\u0131yoruz:\u00a0<a href=\"tel:+18097206035\">+18097206035.<\/a><\/strong><\/p>\n\n\t\t<\/div>\n\t<\/div>\n<div class=\"vc_empty_space\"   style=\"height: 32px\"><span class=\"vc_empty_space_inner\"><\/span><\/div><\/div><\/div><\/div><\/div>","protected":false},"excerpt":{"rendered":"<p>\u00a1Y aqu\u00ed vamos! Lo primero que puedes ver es la enorme colecci\u00f3n de isla monta\u00f1osa de piedra caliza llamada Mogotes. encima de ellos m\u00e1s de 700 especies de plantas y muchas aves de los humedales que vuelan alrededor. Posteriormente Visitando Cuevas con pictograf\u00edas de nuestras comunidades ind\u00edgenas hace 750 a\u00f1os. n nAdem\u00e1s, este viaje muestra que son los lugares m\u00e1s importantes para visitar en el Parque Nacional Haitises. Las dos cuevas m\u00e1s visitadas son Line Cave y Sand Cave. Luego [&hellip;]<\/p>\n","protected":false},"author":2,"featured_media":0,"parent":0,"menu_order":0,"comment_status":"open","ping_status":"closed","template":"","meta":{"footnotes":""},"class_list":["post-15748","page","type-page","status-publish","hentry"],"_links":{"self":[{"href":"https:\/\/www.boattoursamana.com\/tr\/wp-json\/wp\/v2\/pages\/15748","targetHints":{"allow":["GET"]}}],"collection":[{"href":"https:\/\/www.boattoursamana.com\/tr\/wp-json\/wp\/v2\/pages"}],"about":[{"href":"https:\/\/www.boattoursamana.com\/tr\/wp-json\/wp\/v2\/types\/page"}],"author":[{"embeddable":true,"href":"https:\/\/www.boattoursamana.com\/tr\/wp-json\/wp\/v2\/users\/2"}],"replies":[{"embeddable":true,"href":"https:\/\/www.boattoursamana.com\/tr\/wp-json\/wp\/v2\/comments?post=15748"}],"version-history":[{"count":0,"href":"https:\/\/www.boattoursamana.com\/tr\/wp-json\/wp\/v2\/pages\/15748\/revisions"}],"wp:attachment":[{"href":"https:\/\/www.boattoursamana.com\/tr\/wp-json\/wp\/v2\/media?parent=15748"}],"curies":[{"name":"wp","href":"https:\/\/api.w.org\/{rel}","templated":true}]}}