{"id":15755,"date":"2023-07-15T07:43:13","date_gmt":"2023-07-15T07:43:13","guid":{"rendered":"https:\/\/www.ticketswhales.com\/samana-cayo-levantado-bacardi-island-and-whale-watching-from-miches-in-catamaran\/"},"modified":"2023-07-15T07:43:13","modified_gmt":"2023-07-15T07:43:13","slug":"samana-cayo-levantado-bacardi-island-and-whale-watching-from-miches-in-catamaran","status":"publish","type":"page","link":"https:\/\/www.boattoursamana.com\/tr\/samana-cayo-levantado-bacardi-adasi-ve-katamarandaki-miches-izleme-balinalari-2","title":{"rendered":"Saman\u00e1 Cayo Levantado (Bacardi Adas\u0131) ve Katamaran&#039;da Miches&#039;ten Balina \u0130zleme"},"content":{"rendered":"<p><span style=\"vertical-align: inherit;\"><span style=\"vertical-align: inherit;\">Balina Miches Turlar\u0131 ve Gezileri. <\/span><span style=\"vertical-align: inherit;\">Saman\u00e1 Bah\u00eda&#039;s\u0131ndaki balolar i\u00e7in boletolar\u0131 rezerve edin, Miches desde desde ve Cayo Levantado&#039;yu ziyaret edin, bir g\u00fcn boyunca bir macera i\u00e7in Isla Bacard\u00ed ile birlikte toplant\u0131 yap\u0131n.<\/span><\/span><br \/>\nn<br \/>\nn&nbsp;<br \/>\nn<br \/>\nn<em><strong><span style=\"vertical-align: inherit;\"><span style=\"vertical-align: inherit;\">Gezi gezisini se\u00e7in:<\/span><\/span><\/strong><\/em><\/p>\n<p>&nbsp;<\/p>\n<div class=\"vc_row wpb_row vc_row-fluid\" ><div class=\"wpb_column vc_column_container vc_col-sm-12\"><div class=\"vc_column-inner\"><div class=\"wpb_wrapper\">\n\t<div class=\"wpb_text_column wpb_content_element\" >\n\t\t<div class=\"wpb_wrapper\">\n\t\t\t<p><span style=\"vertical-align: inherit;\"><span style=\"vertical-align: inherit;\"><\/p>\n\n\t\t<\/div>\n\t<\/div>\n<\/div><\/div><\/div><\/div><div class=\"vc_row wpb_row vc_row-fluid\" ><\/div><div class=\"wpb_column vc_column_container vc_col-sm-12\"><div class=\"vc_column-inner\"><div class=\"wpb_wrapper\"><\/div><\/div><\/div><div class=\"vc_row wpb_row vc_row-fluid\" ><\/div><div class=\"wpb_column vc_column_container vc_col-sm-12\"><div class=\"vc_column-inner\"><div class=\"wpb_wrapper\"><div class=\"vc_btn3-container vc_btn3-inline\" ><button class=\"vc_general vc_btn3 vc_btn3-size-md vc_btn3-shape-rounded vc_btn3-style-modern vc_btn3-color-green\">REZERVASYON YAP<\/button><\/div><\/div><\/div><\/div><div class=\"mkdf-section-title-holder\" style=\"text-align: left\">\n\t<div class=\"mkdf-st-inner\">\n\t\t\t\t\t\t\t<h3 class=\"mkdf-st-title\" >\n\t\t\t\tCayo Levantado + Katamaranda Miches Ballenas Avistamiento\t\t\t<\/h3>\n\t\t\t\t\t<\/div>\n<\/div><div class=\"vc_empty_space\"   style=\"height: 32px\"><span class=\"vc_empty_space_inner\"><\/span><\/div>\n\t<div class=\"wpb_text_column wpb_content_element\" >\n\t\t<div class=\"wpb_wrapper\">\n\t\t\t<p>\u00a0<\/span><\/span><br \/>\nn<\/p>\n<div class=\"vc_empty_space\"><\/div>\n<p>n<\/p>\n<div class=\"wpb_text_column wpb_content_element\">\nn<\/p>\n<div class=\"wpb_wrapper\">\nn<\/p>\n<div class=\"vc_row wpb_row vc_row-fluid\">\nn<\/p>\n<div class=\"wpb_column vc_column_container vc_col-sm-12\">\nn<\/p>\n<div class=\"vc_column-inner\">\nn<\/p>\n<div class=\"wpb_wrapper\">\nn<\/p>\n<div class=\"wpb_text_column wpb_content_element\">\nn<\/p>\n<div class=\"wpb_wrapper\">\nn<\/p>\n<div class=\"vc_row wpb_row vc_row-fluid\">\nn<\/p>\n<div class=\"wpb_column vc_column_container vc_col-sm-12\">\nn<\/p>\n<div class=\"vc_column-inner\">\nn<\/p>\n<div class=\"wpb_wrapper\">\nn<\/p>\n<div class=\"wpb_text_column wpb_content_element\">\nn<\/p>\n<div class=\"wpb_wrapper\">\nn<\/p>\n<h4><a id=\"overview\" class=\"aal_anchor\" href=\"https:\/\/www.boattoursamana.com\/tr\/tur\/samana-cayo-levantado-bacardi-adasi-ve-katamarandaki-miches-izleme-balinalari-2\/#overview\" aria-hidden=\"true\"><\/a><b><i>genel bak\u0131\u015f<\/i><\/b><\/h4>\n<p>nWhale watching in Saman\u00e1 bay starting from Miches port in Catamaran.\u00a0 This Trip starts at 9:00 Am and Finishes at 5:00 Pm. Meeting before in Our port at Miches. After aborting our Catamaran or Boat to visit the Whales in their own habitat.<br \/>\nn<br \/>\nnFrom 9:00 Am until 12:00-noon Whale watching observatory and After this Whale trip we will visit Bacardi Island \/ Cayo Levantado. In Bacardi Island, Lunch Buffet from typical Dominican Style will be provided. When lunch is finished you are allowed to swim until 4:30 pm. Tour will be finished at 5:00 pm at the same port where it will start.<br \/>\nn<br \/>\nnNote: This tour is Not Private.<strong>\u00a0\u00d6zel bir tur i\u00e7in l\u00fctfen bizimle ileti\u015fime ge\u00e7in.<\/strong><br \/>\nn<\/p>\n<ul>\nn \t<\/p>\n<li>Balina \u0130zleme gezisi<\/li>\n<p>n \t<\/p>\n<li>G\u00f6zlemevine giri\u015f \u00fccretleri<\/li>\n<p>n \t<\/p>\n<li>Sahilde a\u00e7\u0131k b\u00fcfe \u00f6\u011fle yeme\u011fi dahildir.<\/li>\n<p>n \t<\/p>\n<li>Tekne Transferi<\/li>\n<p>n \t<\/p>\n<li>Kaptan talimat ve Denetim sa\u011flar<\/li>\n<p>n \t<\/p>\n<li>Tur rehberi<\/li>\n<p>n<\/ul>\n<p>n&nbsp;<br \/>\nn<\/p>\n<h4><a id=\"inclusions-exclusions\" class=\"aal_anchor\" href=\"https:\/\/www.boattoursamana.com\/tr\/tur\/samana-cayo-levantado-bacardi-adasi-ve-katamarandaki-miches-izleme-balinalari-2\/#inclusions-exclusions\" aria-hidden=\"true\"><\/a><b>Dahil Edilenler ve Hari\u00e7 Tutulanlar<\/b><\/h4>\n<p>n&nbsp;<br \/>\nn<br \/>\nn<b>Dahil olanlar<\/b><br \/>\nn<br \/>\nn&nbsp;<br \/>\nn<\/p>\n<ol>\nn \t<\/p>\n<li>Sahilde a\u00e7\u0131k b\u00fcfe \u00f6\u011fle yeme\u011fi<\/li>\n<p>n \t<\/p>\n<li>balina izleme<\/li>\n<p>n \t<\/p>\n<li>Tur rehberi<\/li>\n<p>n \t<\/p>\n<li>Katamaran veya Tekne Gezisi<\/li>\n<p>n \t<\/p>\n<li>T\u00fcm vergiler, \u00fccretler ve i\u015flem \u00fccretleri<\/li>\n<p>n \t<\/p>\n<li>Yerel vergiler<\/li>\n<p>n \t<\/p>\n<li>\u0130\u00e7ecekler<\/li>\n<p>n \t<\/p>\n<li>Alkoll\u00fc i\u00e7ecekler<\/li>\n<p>n<\/ol>\n<p>n<b>\u0130stisnalar<\/b><br \/>\nn<\/p>\n<ol>\nn \t<\/p>\n<li>Bah\u015fi\u015fler<\/li>\n<p>n \t<\/p>\n<li>Transfer Arabas\u0131<\/li>\n<p>n<\/ol>\n<p>n&nbsp;<br \/>\nn<\/p>\n<h4><a id=\"departure-return\" class=\"aal_anchor\" href=\"https:\/\/www.boattoursamana.com\/tr\/tur\/samana-cayo-levantado-bacardi-adasi-ve-katamarandaki-miches-izleme-balinalari-2\/#departure-return\" aria-hidden=\"true\"><\/a><em><strong>Gidi\u015f &amp; D\u00f6n\u00fc\u015f<\/strong><\/em><\/h4>\n<p>nRezervasyon S\u00fcrecinden sonra seyahat eden ki\u015fi bir bulu\u015fma noktas\u0131na sahip olacakt\u0131r. Turlar bulu\u015fma noktalar\u0131m\u0131zda ba\u015flar ve biter.<br \/>\nn<br \/>\nn&nbsp;<br \/>\nn<\/p>\n<h4><a id=\"what-to-expect\" class=\"aal_anchor\" href=\"https:\/\/www.boattoursamana.com\/tr\/tur\/samana-cayo-levantado-bacardi-adasi-ve-katamarandaki-miches-izleme-balinalari-2\/#what-to-expect\" aria-hidden=\"true\"><\/a><b><i>Ne bekleyebilece\u011finizi?<\/i><\/b><\/h4>\n<p>n&nbsp;<br \/>\nn<br \/>\nn<em><strong>biletlerinizi al\u0131n<\/strong><\/em>\u00a0yerel i\u00e7ecekler art\u0131 harika bir \u00f6\u011fle yeme\u011fi ve plaj zaman\u0131 ile Katamaran&#039;daki Miches&#039;ten ba\u015flayarak Saman\u00e1 koyunda bir g\u00fcnl\u00fck Balina \u0130zleme turu.<br \/>\nn<br \/>\nn\u201cBooking Adventures\u201d taraf\u0131ndan d\u00fczenlenen balina izleme g\u00fcn\u00fcbirlik bilet, Tur Rehberi ile belirlenen bulu\u015fma noktas\u0131nda ba\u015flar. Plajda \u00f6\u011fle yeme\u011fi yiyebilir ve etrafta y\u00fczmek istedi\u011finiz kadar kalabilirsiniz. E\u011fer Vegan iseniz sizin i\u00e7in de yemek haz\u0131rlayabiliriz.<br \/>\nn<br \/>\nn<strong>Masa saati:<\/strong><br \/>\nn<br \/>\n08:45 \u2013 17:00<br \/>\nn<br \/>\nn&nbsp;<br \/>\nn<\/p>\n<h4><a id=\"what-you-should-bring\" class=\"aal_anchor\" href=\"https:\/\/www.boattoursamana.com\/tr\/tur\/samana-cayo-levantado-bacardi-adasi-ve-katamarandaki-miches-izleme-balinalari-2\/#what-you-should-bring\" aria-hidden=\"true\"><\/a><em><strong>Ne getirmelisin?<\/strong><\/em><\/h4>\n<p>n<\/p>\n<ul>\nn \t<\/p>\n<li>Kamera<\/li>\n<p>n \t<\/p>\n<li>Kovucu tomurcuklar<\/li>\n<p>n \t<\/p>\n<li>G\u00fcne\u015f kremi<\/li>\n<p>n \t<\/p>\n<li>\u015eapka<\/li>\n<p>n \t<\/p>\n<li>rahat pantolon<\/li>\n<p>n \t<\/p>\n<li>Sahile giden sandaletler<\/li>\n<p>n \t<\/p>\n<li>Y\u00fczme giysileri<\/li>\n<p>n \t<\/p>\n<li>Hat\u0131ra E\u015fyas\u0131 i\u00e7in nakit<\/li>\n<p>n<\/ul>\n<p>n&nbsp;<br \/>\nn<\/p>\n<h4><a id=\"hotel-pickup\" class=\"aal_anchor\" href=\"https:\/\/www.boattoursamana.com\/tr\/tur\/samana-cayo-levantado-bacardi-adasi-ve-katamarandaki-miches-izleme-balinalari-2\/#hotel-pickup\" aria-hidden=\"true\"><\/a><b><i>otelden alma<\/i><\/b><\/h4>\n<p>Bu tur i\u00e7in nHotel&#039;den ara\u00e7la alma hizmeti sunulmamaktad\u0131r.<br \/>\nn<br \/>\nn&nbsp;<br \/>\nn<br \/>\nn<b>Not:<\/b>\u00a0tur\/Gezi hareket saatinden sonraki 24 saat i\u00e7inde rezervasyon yap\u0131yorsan\u0131z, ek \u00fccret kar\u015f\u0131l\u0131\u011f\u0131nda otelden alma ayarlayabiliriz. Sat\u0131n alma i\u015fleminiz tamamland\u0131\u011f\u0131nda, teslim alma d\u00fczenlemelerini organize etmesi i\u00e7in size yerel Tur rehberimizin eksiksiz ileti\u015fim bilgilerini (telefon numaras\u0131, e-posta adresi vb.) g\u00f6nderece\u011fiz.<br \/>\nn<\/p>\n<h4><a id=\"additional-info-confirmation\" class=\"aal_anchor\" href=\"https:\/\/www.boattoursamana.com\/tr\/tur\/samana-cayo-levantado-bacardi-adasi-ve-katamarandaki-miches-izleme-balinalari-2\/#additional-info-confirmation\" aria-hidden=\"true\"><\/a><b><i>Ek Bilgi Onay\u0131<\/i><\/b><\/h4>\n<p>n<\/p>\n<ol>\nn \t<\/p>\n<li>Biletler, bu Turu \u00f6dedikten sonra Makbuzdur. \u00d6demeyi telefonunuzda g\u00f6sterebilirsiniz.<\/li>\n<p>n \t<\/p>\n<li>Bulu\u015fma Noktas\u0131 Rezervasyon \u0130\u015fleminden Sonra Al\u0131nacakt\u0131r.<\/li>\n<p>n \t<\/p>\n<li>\u00c7ocuklara bir yeti\u015fkin e\u015flik etmelidir.<\/li>\n<p>n \t<\/p>\n<li>tekerlekli sandalye eri\u015filebilir<\/li>\n<p>n \t<\/p>\n<li>Bebekler kuca\u011fa oturmal\u0131<\/li>\n<p>n \t<\/p>\n<li>\u00c7o\u011fu gezgin kat\u0131labilir<\/li>\n<p>n<\/ol>\n<p>n<\/p>\n<h4><a id=\"cancellation-policy\" class=\"aal_anchor\" href=\"https:\/\/www.boattoursamana.com\/tr\/tur\/samana-cayo-levantado-bacardi-adasi-ve-katamarandaki-miches-izleme-balinalari-2\/#cancellation-policy\" aria-hidden=\"true\"><\/a><b><i>\u0130ptal politikas\u0131<\/i><\/b><\/h4>\n<p>nTam para iadesi i\u00e7in, deneyimin ba\u015flang\u0131\u00e7 tarihinden en az 24 saat \u00f6nce iptal edin.<br \/>\nn<br \/>\nn\n<\/div>\n<p>n\n<\/p><\/div>\n<p>n\n<\/p><\/div>\n<p>n\n<\/p><\/div>\n<p>n\n<\/p><\/div>\n<p>n\n<\/p><\/div>\n<p>n\n<\/p><\/div>\n<p>n\n<\/p><\/div>\n<p>n\n<\/p><\/div>\n<p>n\n<\/p><\/div>\n<p>n\n<\/p><\/div>\n<p>n\n<\/p><\/div>\n<p>n<\/p>\n<div class=\"vc_row wpb_row vc_row-fluid\">\nn<\/p>\n<div class=\"wpb_column vc_column_container vc_col-sm-12\">\nn<\/p>\n<div class=\"vc_column-inner\">\nn<\/p>\n<div class=\"wpb_wrapper\">\nn<\/p>\n<div class=\"vc_empty_space\"><\/div>\n<p>n<\/p>\n<div class=\"wpb_text_column wpb_content_element\">\nn<\/p>\n<div class=\"wpb_wrapper\">\nn<\/p>\n<h4><a id=\"contact-us\" class=\"aal_anchor\" href=\"https:\/\/www.boattoursamana.com\/tr\/tur\/samana-cayo-levantado-bacardi-adasi-ve-katamarandaki-miches-izleme-balinalari-2\/#contact-us\" aria-hidden=\"true\"><\/a>Bize Ula\u015f\u0131n?<\/h4>\n<p>n<\/p>\n<h5><\/h5>\n<p>n<em><strong>Yerliler<\/strong>\u00a0ve\u00a0<strong>uyruklular<\/strong>\u00a0Tur Rehberleri ve Misafir Hizmetleri<\/em><br \/>\nn<br \/>\nn<span class=\"text-turquoise\">Rezervasyonlar:<\/span>\u00a0Dom s\u0131n\u0131rlar\u0131ndaki Turlar ve Geziler temsilci<br \/>\nn<br \/>\nn<img decoding=\"async\" class=\"emoji\" title=\"Samana Cayo Levantado (Bacardi Adas\u0131) ve Katamaran 1&#039;de Miches&#039;ten Balina \u0130zleme\" draggable=\"false\" src=\"https:\/\/s.w.org\/images\/core\/emoji\/11.2.0\/svg\/1f4de.svg\" alt=\" \" \/> Tel \/ Naber <strong><a href=\"tel:+1 (829) 318-9463\">+1 (829) 318-9463.<\/a><\/strong><br \/>\nn<br \/>\nn<img decoding=\"async\" class=\"emoji\" title=\"Katamaran 2&#039;de Samana Cayo Levantado (Bacardi Adas\u0131) ve Miches&#039;ten Balina \u0130zleme\" draggable=\"false\" src=\"https:\/\/s.w.org\/images\/core\/emoji\/11.2.0\/svg\/1f4e9.svg\" alt=\" \" \/>\u00a0<a href=\"mailto:reservabatour@gmail.com\">reservabatour@gmail.com<\/a><br \/>\nn<br \/>\nn<strong>Whatsapp ile Esnek \u00d6zel Turlar Ayarl\u0131yoruz:\u00a0<a href=\"tel:+1 (829) 318-9463\">+1 (829) 318-9463.<\/a><\/strong><br \/>\nn<br \/>\nn<\/div>\n<p>n\n<\/p><\/div>\n<p>n\n<\/p><\/div>\n<p>n\n<\/p><\/div>\n<p>n\n<\/p><\/div>\n<p>n\n<\/p><\/div>\n<p>n\n<\/p><\/div>\n<p>n\n<\/p><\/div>\n<p>n<\/p>\n\n\t\t<\/div>\n\t<\/div>\n<div class=\"vc_row wpb_row vc_row-fluid\" ><div class=\"wpb_column vc_column_container vc_col-sm-12\"><div class=\"vc_column-inner\"><div class=\"wpb_wrapper\"><div class=\"vc_btn3-container vc_btn3-inline\" ><button class=\"vc_general vc_btn3 vc_btn3-size-md vc_btn3-shape-rounded vc_btn3-style-modern vc_btn3-color-green\">REZERVASYON YAP<\/button><\/div><\/div><\/div><\/div><\/div>","protected":false},"excerpt":{"rendered":"<p>Whale Miches Tours &amp; Excursiones. Reserve sus boletos para el avistamiento de ballenas en la Bah\u00eda de Saman\u00e1, comenzando desde Miches y visitando Cayo Levantado, tambi\u00e9n conocida como Isla Bacard\u00ed para una aventura con pase de un d\u00eda. n n&nbsp; n nSeleccione la fecha de la excursi\u00f3n: &nbsp;<\/p>","protected":false},"author":2,"featured_media":0,"parent":0,"menu_order":0,"comment_status":"open","ping_status":"closed","template":"","meta":{"footnotes":""},"class_list":["post-15755","page","type-page","status-publish","hentry"],"_links":{"self":[{"href":"https:\/\/www.boattoursamana.com\/tr\/wp-json\/wp\/v2\/pages\/15755","targetHints":{"allow":["GET"]}}],"collection":[{"href":"https:\/\/www.boattoursamana.com\/tr\/wp-json\/wp\/v2\/pages"}],"about":[{"href":"https:\/\/www.boattoursamana.com\/tr\/wp-json\/wp\/v2\/types\/page"}],"author":[{"embeddable":true,"href":"https:\/\/www.boattoursamana.com\/tr\/wp-json\/wp\/v2\/users\/2"}],"replies":[{"embeddable":true,"href":"https:\/\/www.boattoursamana.com\/tr\/wp-json\/wp\/v2\/comments?post=15755"}],"version-history":[{"count":0,"href":"https:\/\/www.boattoursamana.com\/tr\/wp-json\/wp\/v2\/pages\/15755\/revisions"}],"wp:attachment":[{"href":"https:\/\/www.boattoursamana.com\/tr\/wp-json\/wp\/v2\/media?parent=15755"}],"curies":[{"name":"wp","href":"https:\/\/api.w.org\/{rel}","templated":true}]}}