{"id":15772,"date":"2023-07-15T07:43:40","date_gmt":"2023-07-15T07:43:40","guid":{"rendered":"https:\/\/www.ticketswhales.com\/catalina-island-altos-de-chavon-from-punta-cana-snorkeling-with-catamaran-party\/"},"modified":"2023-07-15T07:43:40","modified_gmt":"2023-07-15T07:43:40","slug":"catalina-island-altos-de-chavon-from-punta-cana-snorkeling-with-catamaran-party","status":"publish","type":"page","link":"https:\/\/www.boattoursamana.com\/tr\/catalina-ada-altos-de-chavon-dan-punta-cana-katamaran-parti-ile-snorkel-2","title":{"rendered":"Punta Cana&#039;dan Catalina Adas\u0131 ve Altos de Chavon (Katamaran Partisi ile Dal\u0131\u015f)"},"content":{"rendered":"<p>Dominik Cumhuriyeti anakaras\u0131n\u0131n sadece 1,5 mil (2,4 kilometre) a\u00e7\u0131\u011f\u0131ndaki Minik Catalina Adas\u0131 (Isla Catalina), Karayipler&#039;in turkuaz sular\u0131nda pastoral bir kum lekesidir. Kalabal\u0131k mercan resifleriyle tan\u0131nan Catalina, hareketli Punta Cana ve La Romana&#039;dan ka\u00e7mak isteyenler i\u00e7in huzurlu bir dinlenme yeridir.<br \/>\nn<br \/>\nnBizimle bir g\u00fcnl\u00fck gezi rezervasyonu yap\u0131n. Catalina Adas\u0131&#039;nda \u015enorkelli Dal\u0131\u015fla Parti Katamaran\u0131!<br \/>\nn<br \/>\nn&nbsp;<br \/>\nn<br \/>\nnL\u00fctfen Gezi Tarihini Se\u00e7iniz:<\/p>\n<p>&nbsp;<\/p>\n<div class=\"vc_row wpb_row vc_row-fluid\" ><div class=\"wpb_column vc_column_container vc_col-sm-12\"><div class=\"vc_column-inner\"><div class=\"wpb_wrapper\"><div class=\"mkdf-section-title-holder\" style=\"text-align: left\">\n\t<div class=\"mkdf-st-inner\">\n\t\t\t\t\t<h5 class=\"mkdf-st-subtitle\" >\n\t\t\t\tYar\u0131m G\u00fcn Deneyimi\t\t\t<\/h5>\n\t\t\t\t\t\t\t<h3 class=\"mkdf-st-title\" >\n\t\t\t\tCatalina Adas\u0131 ve Punta Cana&#039;dan Katamaran Partisi ile \u015enorkelle Dalma\t\t\t<\/h3>\n\t\t\t\t\t<\/div>\n<\/div><div class=\"vc_btn3-container vc_btn3-inline\" ><button class=\"vc_general vc_btn3 vc_btn3-size-md vc_btn3-shape-rounded vc_btn3-style-modern vc_btn3-color-green\">REZERVASYON YAP<\/button><\/div><\/div><\/div><\/div><\/div><div class=\"vc_row wpb_row vc_row-fluid\" ><div class=\"wpb_column vc_column_container vc_col-sm-12\"><div class=\"vc_column-inner\"><div class=\"wpb_wrapper\">\n\t<div class=\"wpb_text_column wpb_content_element\" >\n\t\t<div class=\"wpb_wrapper\">\n\t\t\t<p>\nn<\/p>\n<div class=\"vc_row wpb_row vc_row-fluid\">\nn<\/p>\n<div class=\"wpb_column vc_column_container vc_col-sm-12\">\nn<\/p>\n<div class=\"vc_column-inner\">\nn<\/p>\n<div class=\"wpb_wrapper\">\nn<\/p>\n<div class=\"wpb_text_column wpb_content_element\">\nn<\/p>\n<div class=\"wpb_wrapper\">\nn<\/p>\n<div class=\"vc_row wpb_row vc_row-fluid\">\nn<\/p>\n<div class=\"wpb_column vc_column_container vc_col-sm-12\">\nn<\/p>\n<div class=\"vc_column-inner\">\nn<\/p>\n<div class=\"wpb_wrapper\">\nn<\/p>\n<div class=\"wpb_text_column wpb_content_element\">\nn<\/p>\n<div class=\"wpb_wrapper\">\nn<\/p>\n<h4><b><i>genel bak\u0131\u015f<\/i><\/b><\/h4>\n<p>Dominik Cumhuriyeti&#039;nin \u015fnorkelle dal\u0131\u015f a\u00e7\u0131s\u0131ndan en \u00fcnl\u00fc b\u00f6lgesi olan Catalina Adas\u0131&#039;na do\u011fru berrak sularda katamaran turunun keyfini \u00e7\u0131kar\u0131yoruz.<br \/>\nn<br \/>\nG\u00fcn\u00fcn\u00fcz, otelinizin ana lobisinde veya belirtilen bulu\u015fma noktas\u0131nda kar\u015f\u0131lama ile ba\u015flar. Daha sonra canland\u0131r\u0131c\u0131 bir banyo ve baz\u0131 i\u00e7eceklerin tad\u0131n\u0131 \u00e7\u0131karmak i\u00e7in Catalina Adas\u0131&#039;na devam edece\u011fiz, bir e\u011fitmen e\u015fli\u011finde 2 \u00e7e\u015fit Snorkel yapabilen ve ard\u0131ndan sahilde lezzetli bir \u00f6\u011fle yeme\u011fi b\u00fcfesi yiyece\u011fiz ve baz\u0131 Salsa dersleri alaca\u011f\u0131z. ve Bachata, ayr\u0131ca lezzetli i\u00e7ecekler de yap\u0131yoruz. Sahilde tembel olmaktan yoruldu\u011funuzda \u015fnorkelli y\u00fczme ekipman\u0131 al\u0131n ve Catalina&#039;n\u0131n sualt\u0131 d\u00fcnyas\u0131na hayran kal\u0131n.<br \/>\nn<br \/>\n\u0130nan\u0131lmaz derecede berrak okyanus ve plaj beyaz kumlar\u0131 sizi bekliyor. Hepsi sizin i\u00e7in dahil olan bir \u015fezlongda veya \u015fnorkelde rahatlay\u0131n. M\u00fczi\u011fimizin ve dans\u0131m\u0131z\u0131n gelene\u011fini g\u00f6rece\u011finiz yerde keyif alacaks\u0131n\u0131z.<br \/>\nn<br \/>\nnDaha sonra Altos de Chavon S\u0131\u011f\u0131r ve Nehri&#039;ne gidiyoruz!<br \/>\nn<br \/>\nn<strong>Not:<\/strong> Bu tur \u00d6zel de\u011fil. \u00d6zel bir tur ayarlamak isterseniz, sadece bizimle ileti\u015fime ge\u00e7in!<br \/>\nn<\/p>\n<ul>\nn \t<\/p>\n<li>\nn<\/p>\n<div class=\"py-1 inclusions-exclusions-item d-flex\" lang=\"en-x-mtfrom-en\">\nn<\/p>\n<div class=\"d-inline-block inclusions-exclusions-text\">\u00f6zel ula\u015f\u0131m<\/div>\n<p>n\n<\/p><\/div>\n<\/li>\n<p>n \t<\/p>\n<li>Deniz Y\u0131ld\u0131z\u0131 \u0130zlemek \u0130\u00e7in Do\u011fal Y\u00fczme Havuzu<\/li>\n<p>n \t<\/p>\n<li>\u015fnorkel<\/li>\n<p>n \t<\/p>\n<li>\u00d6\u011fle yeme\u011fi<\/li>\n<p>n \t<\/p>\n<li>Tekne Katamaran Transferi<\/li>\n<p>n \t<\/p>\n<li>Kaptan talimat ve Denetim sa\u011flar<\/li>\n<p>n \t<\/p>\n<li>Tur rehberi<\/li>\n<p>n<\/ul>\n<p>n&nbsp;<br \/>\nn<\/p>\n<h4><b>Dahil Edilenler ve Hari\u00e7 Tutulanlar<\/b><\/h4>\n<p>n<b>Dahil olanlar<\/b><br \/>\nn<\/p>\n<ol>\nn \t<\/p>\n<li>Tur rehberi<\/li>\n<p>n \t<\/p>\n<li>\u015fnorkel<\/li>\n<p>n \t<\/p>\n<li>\u00d6\u011fle yeme\u011fi<\/li>\n<p>n \t<\/p>\n<li>Otellerden Al\u0131\u015f<\/li>\n<p>n \t<\/p>\n<li>Katamaran veya Tekne Gezisi<\/li>\n<p>n \t<\/p>\n<li>T\u00fcm vergiler, \u00fccretler ve i\u015flem \u00fccretleri<\/li>\n<p>n \t<\/p>\n<li>Yerel vergiler<\/li>\n<p>n \t<\/p>\n<li>\u0130\u00e7ecekler<\/li>\n<p>n<\/ol>\n<p>n<b>\u0130stisnalar<\/b><br \/>\nn<\/p>\n<ol>\nn \t<\/p>\n<li>Bah\u015fi\u015fler<\/li>\n<p>n \t<\/p>\n<li>Foto\u011fraflar<\/li>\n<p>n<\/ol>\n<p>n<\/p>\n<h4><em><strong>Gidi\u015f &amp; D\u00f6n\u00fc\u015f<\/strong><\/em><\/h4>\n<p>nRezervasyon S\u00fcrecinden sonra seyahat eden ki\u015fi bir bulu\u015fma noktas\u0131na sahip olacakt\u0131r. Turlar bulu\u015fma noktalar\u0131m\u0131zda ba\u015flar ve biter.<br \/>\nn<\/p>\n<h3>Catalina Adas\u0131 ve Punta Cana&#039;dan Katamaran Partisi ile \u015enorkelle Dal\u0131\u015f - Yar\u0131m G\u00fcn Deneyimi.<\/h3>\n<p>n<\/p>\n<h4><b><i>Ne bekleyebilece\u011finizi?<\/i><\/b><\/h4>\n<p>Punta Cana&#039;dan Catalina Adas\u0131 Gezisi s\u0131ras\u0131nda konuklar, Catalina&#039;daki canl\u0131 mercan resiflerinde \u015fnorkelli y\u00fczme, canl\u0131 bal\u0131k s\u00fcr\u00fcs\u00fc aras\u0131nda y\u00fczerek Karayipler&#039;in \u00e7arp\u0131c\u0131 su alt\u0131 faunas\u0131n\u0131n tad\u0131n\u0131 \u00e7\u0131karma f\u0131rsat\u0131na sahip olacaklar.<br \/>\nn<br \/>\nSabah saatlerinde La Romana&#039;ya do\u011fru yola \u00e7\u0131karak \u015fnorkel gezimize ba\u015fl\u0131yoruz. Rehberiniz b\u00f6lgenin tarihi, genel k\u00fclt\u00fcr\u00fc ve \u00fclkenin rom yap\u0131m teknikleri hakk\u0131nda ilgin\u00e7 bilgiler verdi\u011fi i\u00e7in s\u00fcr\u00fc\u015f s\u0131ras\u0131nda \u015feker kam\u0131\u015f\u0131 tarlalar\u0131ndan ge\u00e7ece\u011fiz. La Romana&#039;ya vard\u0131\u011f\u0131m\u0131zda Katamaran\u0131m\u0131za binip Catalina&#039;ya do\u011fru yola \u00e7\u0131k\u0131yoruz. Adadaki ilk dura\u011f\u0131m\u0131z, adadan Karayip Denizi&#039;ne uzanan g\u00f6rkemli bir mercan duvar\u0131 olan \u201cDuvar\u201d olacak.<br \/>\nn<br \/>\n\u015enorkelle y\u00fczd\u00fckten sonra, \u00f6zel bir yer olan g\u00fczel Catalina plaj\u0131na giden yola devam edeceksiniz. Var\u0131\u015fta konuklar, 2 kilometrelik beyaz kumlu plajlara ve berrak sulara, i\u00e7eceklerin sunuldu\u011fu bir plaj bara ve barbek\u00fc ile lezzetli bir Dominik \u00f6\u011fle yeme\u011fi b\u00fcfesine eri\u015febilecekler. Catalina Adas\u0131&#039;nda \u015fnorkelli y\u00fczme ve dinlenme ile ge\u00e7en inan\u0131lmaz bir g\u00fcn\u00fcn ard\u0131ndan Punta Cana&#039;ya d\u00f6nmek i\u00e7in saat 15:30 civar\u0131nda katamarana binece\u011fiz. AdaPunta Cana&#039;dan Catalina Adas\u0131 Gezisi s\u0131ras\u0131nda konuklar, Catalina&#039;daki canl\u0131 mercan resiflerinde \u015fnorkelle y\u00fczme, Karayipler&#039;in b\u00fcy\u00fcleyici sualt\u0131 faunas\u0131n\u0131n tad\u0131n\u0131 \u00e7\u0131karan canl\u0131 bal\u0131k s\u00fcr\u00fcleri aras\u0131nda y\u00fczme f\u0131rsat\u0131 bulacaklar.<br \/>\nn<br \/>\nSabah La Romana&#039;ya do\u011fru yola \u00e7\u0131karak \u015fnorkel gezisine ba\u015flayaca\u011f\u0131z. Rehberiniz b\u00f6lgenin tarihi, genel k\u00fclt\u00fcr\u00fc ve \u00fclkenin rom yap\u0131m teknikleri hakk\u0131nda ilgin\u00e7 bilgiler verirken, yolculuk s\u0131ras\u0131nda \u015feker kam\u0131\u015f\u0131 tarlalar\u0131n\u0131n yan\u0131ndan ge\u00e7ece\u011fiz. La Romana&#039;ya vard\u0131\u011f\u0131m\u0131zda Katamaran\u0131m\u0131za binip Catalina&#039;ya do\u011fru yola \u00e7\u0131kaca\u011f\u0131z.<br \/>\nn<br \/>\nAdadaki ilk dura\u011f\u0131m\u0131z, adadan Karayip Denizi&#039;ne uzanan g\u00f6rkemli bir mercan duvar\u0131 olan \u201cDuvar\u201d olacak. \u015enorkelle y\u00fczd\u00fckten sonra, \u00f6zel bir yer olan g\u00fczel Catalina plaj\u0131na giden yola devam edeceksiniz. Var\u0131\u015fta konuklar, 2 kilometrelik beyaz kumlu plajlara ve berrak sulara, i\u00e7eceklerin sunuldu\u011fu bir plaj bara ve barbek\u00fc ile lezzetli bir Dominik \u00f6\u011fle yeme\u011fi b\u00fcfesine eri\u015febilecekler. Catalina Adas\u0131&#039;nda \u015fnorkelli y\u00fczme ve dinlenme ile ge\u00e7en inan\u0131lmaz bir g\u00fcn\u00fcn ard\u0131ndan Punta Cana&#039;ya d\u00f6nmek i\u00e7in saat 15:30 civar\u0131nda katamarana binece\u011fiz.<br \/>\nn<\/p>\n<div class=\"a-text--first-content _for-copy-large l-hide-for-large\">\nn<br \/>\nnB\u0131rak<strong>\u00a0Karayip cenneti Catalina Adas\u0131 sizi b\u00fcy\u00fcleyecek\u00a0<\/strong>ve pitoresk ke\u015ffetmek\u00a0<strong>Altos de Chavon<\/strong>\u00a0La Romana&#039;dan bu ka\u00e7\u0131r\u0131lmayacak g\u00fcn\u00fcbirlik gezide.<br \/>\nn<br \/>\nn<\/div>\n<p>n<\/p>\n<div id=\"o-slider--activity-detail__container\" class=\"o-slider js-module-slider is-photos\"><\/div>\n<p>n<\/p>\n<div id=\"l-768-calendar-anchor\"><\/div>\n<p>n<\/p>\n<div id=\"new-fading-text\" class=\"new-fading-text _loaded u-no-before show-hidden-elements\">\nn<\/p>\n<div class=\"o-activity-description\">\nn<\/p>\n<h2>Catalina Adas\u0131 ve Altos de Chav\u00f3n G\u00fcnl\u00fck Gezi<\/h2>\n<p>nSabah ilk i\u015f otelinizden al\u0131nd\u0131ktan sonra maceran\u0131za ba\u015flayacak ve ilk dura\u011f\u0131n\u0131z\u0131\u00a0<strong>Altos de Chavon<\/strong>. Bunu ke\u015ffetmek i\u00e7in 40 dakikan\u0131z olacak<strong>\u00a0Akdeniz tarz\u0131 bir k\u00f6y\u00fcn g\u00fczel rekreasyonu<\/strong>\u00a0ve yan\u0131ndan akan Chav\u00f3n Nehri&#039;nin manzaras\u0131na hayran kal\u0131n. Ger\u00e7ekten b\u00fcy\u00fcleyici!<br \/>\nn<\/p>\n<p class=\"new-fading-text__hidden-element\">Turunuza devam ederken, iskelede bir iskeleye g\u00f6t\u00fcr\u00fcleceksiniz.\u00a0<strong>Salata Nehri\u00a0<\/strong>nerede senin\u00a0<strong>katamaran\u00a0<\/strong>Isla Catalina&#039;ya yelken a\u00e7man\u0131z i\u00e7in sizi bekliyor olacak. Yakla\u015f\u0131k 40 dakika s\u00fcrecek olan yolculu\u011funuz s\u0131ras\u0131nda teknede bir i\u00e7kinin tad\u0131n\u0131 \u00e7\u0131kar\u0131rken, muhte\u015fem manzaralara hayran kalacaks\u0131n\u0131z.\u00a0<strong>\u0131\u015f\u0131lt\u0131l\u0131 Karayip Denizi&#039;nin delici mavisi<\/strong>.<\/p>\n<p>n<\/p>\n<p class=\"new-fading-text__hidden-element\">Hedefinize yakla\u015f\u0131rken, do\u011frudan La Pared veya The Wall olarak bilinen mercan resifine gideceksiniz.\u00a0<strong>Denize serinletici bir dal\u0131\u015f yaparak serinleyin ve inan\u0131lmaz deniz ya\u015fam\u0131 aras\u0131nda \u015fnorkel yap\u0131n<\/strong>. Katamaran&#039;a d\u00f6nmeden ve Catalina Adas\u0131&#039;ndaki iskeleye demir atmadan \u00f6nce 40 dakika sualt\u0131n\u0131 ke\u015ffederek ge\u00e7irin.<\/p>\n<p>n<\/p>\n<p class=\"new-fading-text__hidden-element\">Ayaklar\u0131n\u0131z karada, muhte\u015fem deniz manzaral\u0131 k\u00fc\u00e7\u00fck bir restorana g\u00f6t\u00fcr\u00fcleceksiniz.\u00a0<strong>lezzetli a\u00e7\u0131k b\u00fcfe \u00f6\u011fle yeme\u011fi<\/strong>. Yenilenen enerjiyle, bundan en iyi \u015fekilde yararlanmak i\u00e7in \u00fc\u00e7 saatlik bo\u015f zaman\u0131n\u0131z olacak.\u00a0<strong>cennet beyaz kumlu plajlar<\/strong>. \u0130ster rahatlay\u0131p g\u00fcne\u015flenmeyi, ister k\u00fcrek s\u00f6rf\u00fc gibi e\u011flenceli bir aktivite yapmay\u0131 tercih edin, unutulmaz bir \u00f6\u011fleden sonra ge\u00e7ireceksiniz.<\/p>\n<p>n<\/p>\n<p class=\"new-fading-text__hidden-element\">G\u00fcn\u00fcn sonunda, otelinize b\u0131rak\u0131laca\u011f\u0131n\u0131z La Romana&#039;ya geri d\u00f6nmek i\u00e7in katamarana d\u00f6neceksiniz.<\/p>\n<p>n<br \/>\nn\n<\/div>\n<p>n\n<\/p><\/div>\n<p>n&nbsp;<br \/>\nn<br \/>\nn<strong>Masa saati:<\/strong><br \/>\nn<br \/>\n07.00 \u2013 16.30<br \/>\nn<br \/>\nn&nbsp;<br \/>\nn<br \/>\nn<\/div>\n<p>nSaat otellerden ayr\u0131l\u0131\u015f saatine g\u00f6re de\u011fi\u015fiklik g\u00f6sterebilir.<br \/>\nn<\/p>\n<div class=\"wpb_wrapper\">\nn<br \/>\nn&nbsp;<br \/>\nn<\/p>\n<h4><em><strong>Ne getirmelisin?<\/strong><\/em><\/h4>\n<p>n<\/p>\n<ul>\nn \t<\/p>\n<li>Kamera<\/li>\n<p>n \t<\/p>\n<li>Kovucu tomurcuklar<\/li>\n<p>n \t<\/p>\n<li>G\u00fcne\u015f kremi<\/li>\n<p>n \t<\/p>\n<li>\u015eapka<\/li>\n<p>n \t<\/p>\n<li>rahat pantolon<\/li>\n<p>n \t<\/p>\n<li>Y\u00fczme giysileri<\/li>\n<p>n \t<\/p>\n<li>Hat\u0131ra E\u015fyas\u0131 i\u00e7in nakit<\/li>\n<p>n<\/ul>\n<p>n&nbsp;<br \/>\nn<\/p>\n<h4><b><i>otelden alma<\/i><\/b><\/h4>\n<p>Bu tur i\u00e7in nHotel&#039;den ara\u00e7la alma hizmeti sunulmaktad\u0131r. Whatsapp \u00dczerinden Ayarlayabiliriz. La Romana, Punta Cana, Bavaro ve Bayahibe Otellerinden.<br \/>\nn<br \/>\nn&nbsp;<br \/>\nn<br \/>\nn<b>Not:<\/b> tur\/Gezi hareket saatinden sonraki 24 saat i\u00e7inde rezervasyon yap\u0131yorsan\u0131z, otelden alma ayarlayabiliriz. Sat\u0131n alma i\u015fleminiz tamamland\u0131\u011f\u0131nda, yerel Tur rehberimizin kar\u015f\u0131lama d\u00fczenlemelerini organize etmesi i\u00e7in size tam ileti\u015fim bilgilerini (telefon numaras\u0131, e-posta adresi vb.) g\u00f6nderece\u011fiz.<br \/>\nn<\/p>\n<h4><b><i>Ek Bilgi Onay\u0131<\/i><\/b><\/h4>\n<p>n<\/p>\n<ol>\nn \t<\/p>\n<li>Biletler, bu Turu \u00f6dedikten sonra Makbuzdur. \u00d6demeyi telefonunuzda g\u00f6sterebilirsiniz.<\/li>\n<p>n \t<\/p>\n<li>Bulu\u015fma Noktas\u0131 Rezervasyon \u0130\u015fleminden Sonra Al\u0131nacakt\u0131r.<\/li>\n<p>n \t<\/p>\n<li>\u00c7ocuklara bir yeti\u015fkin e\u015flik etmelidir.<\/li>\n<p>n \t<\/p>\n<li>tekerlekli sandalye eri\u015filebilir<\/li>\n<p>n \t<\/p>\n<li>Bebekler kuca\u011fa oturmal\u0131<\/li>\n<p>n \t<\/p>\n<li>\u00c7o\u011fu gezgin kat\u0131labilir<\/li>\n<p>n<\/ol>\n<p>n<\/p>\n<h4><b><i>\u0130ptal politikas\u0131<\/i><\/b><\/h4>\n<p>nTam para iadesi i\u00e7in l\u00fctfen \u0130ptal politikalar\u0131m\u0131z\u0131 okuyun\u00a0<a href=\"https:\/\/www.boattoursamana.com\/tr\/cevrimici-rezervasyon\/\" target=\"_blank\" rel=\"noopener\" data-saferedirecturl=\"https:\/\/www.google.com\/url?q=https:\/\/www.boattoursamana.com\/online-booking\/&amp;source=gmail&amp;ust=1672532492004000&amp;usg=AOvVaw3ylqI1cdbIPTimEqEWneyd\">Buraya T\u0131kla<\/a>. Seyahatle ayn\u0131 g\u00fcn rezervasyon iptal edilirse para kaybedilecektir.<br \/>\nn<br \/>\nn<\/div>\n<p>n\n<\/p><\/div>\n<p>n\n<\/p><\/div>\n<p>n\n<\/p><\/div>\n<p>n\n<\/p><\/div>\n<p>n\n<\/p><\/div>\n<p>n\n<\/p><\/div>\n<p>n\n<\/p><\/div>\n<p>n\n<\/p><\/div>\n<p>n\n<\/p><\/div>\n<p>n\n<\/p><\/div>\n<p>n\n<\/p><\/div>\n<p>n<\/p>\n<div class=\"vc_row wpb_row vc_row-fluid\">\nn<\/p>\n<div class=\"wpb_column vc_column_container vc_col-sm-12\">\nn<\/p>\n<div class=\"vc_column-inner\">\nn<\/p>\n<div class=\"wpb_wrapper\">\nn<\/p>\n<div class=\"vc_empty_space\"><\/div>\n<p>n<\/p>\n<div class=\"wpb_text_column wpb_content_element\">\nn<\/p>\n<div class=\"wpb_wrapper\">\nn<\/p>\n<h4>Bize Ula\u015f\u0131n?<\/h4>\n<p>n<\/p>\n<h5><b><i>Rezervasyon Maceralar\u0131<\/i><\/b><\/h5>\n<p>n<em><strong>Yerliler<\/strong>\u00a0ve\u00a0<strong>uyruklular<\/strong>\u00a0Tur Rehberleri ve Misafir Hizmetleri<\/em><br \/>\nn<br \/>\nn<span class=\"text-turquoise\">Rezervasyonlar:<\/span>\u00a0Dom s\u0131n\u0131rlar\u0131ndaki Turlar ve Geziler temsilci<br \/>\nn<br \/>\nn<img decoding=\"async\" class=\"emoji\" src=\"https:\/\/s.w.org\/images\/core\/emoji\/11.2.0\/svg\/1f4de.svg\" alt=\" \" title=\"\">\u00a0Tel \/ Naber\u00a0\u00a0<a href=\"tel:+1-809-720-6035\">+1-809-720-6035<\/a>.<br \/>\nn<br \/>\nn<img decoding=\"async\" class=\"emoji\" src=\"https:\/\/s.w.org\/images\/core\/emoji\/11.2.0\/svg\/1f4e9.svg\" alt=\" \" title=\"\">\u00a0<a href=\"mailto:info@bookingadventures.com.do\">info@bookingadventures.com.do<\/a><br \/>\nn<br \/>\nn<strong>Whatsapp ile Esnek \u00d6zel Turlar Ayarl\u0131yoruz:\u00a0<a href=\"tel:+18097206035\">+18097206035.<\/a><\/strong><br \/>\nn<br \/>\nn<\/div>\n<p>n\n<\/p><\/div>\n<p>n\n<\/p><\/div>\n<p>n\n<\/p><\/div>\n<p>n\n<\/p><\/div>\n<p>n\n<\/p><\/div>\n<p>n<\/p>\n\n\t\t<\/div>\n\t<\/div>\n<div class=\"vc_btn3-container vc_btn3-inline\" ><button class=\"vc_general vc_btn3 vc_btn3-size-md vc_btn3-shape-rounded vc_btn3-style-modern vc_btn3-color-green\">REZERVASYON YAP<\/button><\/div><\/div><\/div><\/div><\/div><div class=\"vc_row wpb_row vc_row-fluid\" ><div class=\"wpb_column vc_column_container vc_col-sm-12\"><div class=\"vc_column-inner\"><div class=\"wpb_wrapper\"><\/div><\/div><\/div><\/div>","protected":false},"excerpt":{"rendered":"<p>Tiny Catalina Island (Isla Catalina), just 1.5 miles (2.4 kilometers) off the Dominican Republic\u2019s mainland, is an idyllic sandy speck in the turquoise Caribbean waters. Known for its well-populated coral reefs, Catalina is a peaceful respite for those looking to escape bustling Punta Cana and La Romana. n nBook a day trip with us. Catalina Island in a Party Catamaran with Snorkeling! n n&nbsp; n nPlease Select the date for The Excursion: &nbsp;<\/p>","protected":false},"author":2,"featured_media":0,"parent":0,"menu_order":0,"comment_status":"open","ping_status":"closed","template":"","meta":{"footnotes":""},"class_list":["post-15772","page","type-page","status-publish","hentry"],"_links":{"self":[{"href":"https:\/\/www.boattoursamana.com\/tr\/wp-json\/wp\/v2\/pages\/15772","targetHints":{"allow":["GET"]}}],"collection":[{"href":"https:\/\/www.boattoursamana.com\/tr\/wp-json\/wp\/v2\/pages"}],"about":[{"href":"https:\/\/www.boattoursamana.com\/tr\/wp-json\/wp\/v2\/types\/page"}],"author":[{"embeddable":true,"href":"https:\/\/www.boattoursamana.com\/tr\/wp-json\/wp\/v2\/users\/2"}],"replies":[{"embeddable":true,"href":"https:\/\/www.boattoursamana.com\/tr\/wp-json\/wp\/v2\/comments?post=15772"}],"version-history":[{"count":0,"href":"https:\/\/www.boattoursamana.com\/tr\/wp-json\/wp\/v2\/pages\/15772\/revisions"}],"wp:attachment":[{"href":"https:\/\/www.boattoursamana.com\/tr\/wp-json\/wp\/v2\/media?parent=15772"}],"curies":[{"name":"wp","href":"https:\/\/api.w.org\/{rel}","templated":true}]}}