{"id":15773,"date":"2023-07-15T07:43:40","date_gmt":"2023-07-15T07:43:40","guid":{"rendered":"https:\/\/www.ticketswhales.com\/ermitano-beach-playa-ermitano-boat-tour-and-playa-onda-half-day-trip-samana-dominican-republic\/"},"modified":"2023-08-10T18:28:51","modified_gmt":"2023-08-10T18:28:51","slug":"ermitano-beach-playa-ermitano-boat-tour-and-playa-onda-half-day-trip-samana-dominican-republic","status":"publish","type":"page","link":"https:\/\/www.boattoursamana.com\/tr\/ermitano-beach-playa-ermitano-tekne-turu-ve-playa-onda-yarim-gunluk-gezi-samana-dominik-cumhuriyeti-2","title":{"rendered":"(Ermitano Plaj\u0131) Playa Ermita\u00f1o Tekne turu ve Playa Onda, Yar\u0131m G\u00fcnl\u00fck Gezi, Saman\u00e1 \u2013 Dominik Cumhuriyeti."},"content":{"rendered":"<p><span style=\"vertical-align: inherit;\"><span style=\"vertical-align: inherit;\">Yol, bir otelde veya Las Galeras&#039;taki Saman\u00e1 b\u00f6lgesindeki bir hava liman\u0131nda tan\u0131nabilir. <\/span><span style=\"vertical-align: inherit;\">Playa El Valle&#039;de deneyim su, Saman\u00e1&#039;da bir hava ve g\u00fczel bir oyun. <\/span><span style=\"vertical-align: inherit;\">Ermitano Playa&#039;da 25 dakikal\u0131k bir yolculukta bir yolu da\u011f\u0131t\u0131n, bu ke\u015ffedilmemi\u015f bir oyun ve mavi turquesa ile bir koridordur. <\/span><span style=\"vertical-align: inherit;\">Taze hindistan cevizi suyunu da\u011f\u0131t\u0131n. <\/span><span style=\"vertical-align: inherit;\">Dominika Cumhuriyeti&#039;nin ger\u00e7ek g\u00fczelli\u011fini ve bozulmam\u0131\u015f g\u00fczelli\u011fini ke\u015ffedin ve gizli s\u0131rlar\u0131 ke\u015ffetmek i\u00e7in do\u011fal ortamlarda \u00f6zetleyin. <\/span><span style=\"vertical-align: inherit;\">Playa Onda&#039;y\u0131 g\u00f6rmek ve ziyaret etmek i\u00e7in t\u00fcm zaman\u0131n\u0131z\u0131 Playa Ermitano&#039;da ge\u00e7irin, di\u011fer hermosa playa salvaje, tek ba\u015f\u0131na 15 dakikal\u0131k bir bot. <\/span><span style=\"vertical-align: inherit;\">Playa El Valle&#039;ye geri d\u00f6n\u00fcn ve Saman\u00e1&#039;ya ilerleyin, yerel evlere gidin ve ger\u00e7ek Dominik Cumhuriyeti&#039;ni ke\u015ffedin. <\/span><span style=\"vertical-align: inherit;\">Bu, Dominika Cumhuriyeti&#039;ndeki Saman\u00e1&#039;n\u0131n ger\u00e7ek g\u00fcn ortas\u0131 bir deneyimidir.<\/span><\/span><br \/>\nn<br \/>\nn<br \/>\nn<br \/>\nn<strong><span style=\"vertical-align: inherit;\"><span style=\"vertical-align: inherit;\">Tur i\u00e7in se\u00e7im yap\u0131n:\u00a0<\/span><\/span><\/strong><\/p>\n<p>&nbsp;<\/p>\n<div class=\"vc_row wpb_row vc_row-fluid\" ><div class=\"wpb_column vc_column_container vc_col-sm-12\"><div class=\"vc_column-inner\"><div class=\"wpb_wrapper\"><div class=\"vc_btn3-container vc_btn3-inline\" ><button class=\"vc_general vc_btn3 vc_btn3-size-md vc_btn3-shape-rounded vc_btn3-style-modern vc_btn3-color-green\">REZERVASYON YAP<\/button><\/div><div class=\"mkdf-section-title-holder\" style=\"text-align: left\">\n\t<div class=\"mkdf-st-inner\">\n\t\t\t\t\t<h5 class=\"mkdf-st-subtitle\" >\n\t\t\t\t\u00d6\u011fle Yeme\u011fi, Tekne Gezisi ve Otellerden \u00d6zel Ula\u015f\u0131m.\t\t\t<\/h5>\n\t\t\t\t\t\t\t<h3 class=\"mkdf-st-title\" >\n\t\t\t\tPlaya Rinc\u00f3n, Playa Fronton + Playa Madame Beach, Saman\u00e1 - Dominik Cumhuriyeti.\t\t\t<\/h3>\n\t\t\t\t\t<\/div>\n<\/div>\n\t<div class=\"wpb_text_column wpb_content_element\" >\n\t\t<div class=\"wpb_wrapper\">\n\t\t\t<p>\nn<\/p>\n<h2 class=\"styles__heading___mD4_3\" data-radium=\"true\">(Ermitano Plaj\u0131) Playa Ermita\u00f1o tekne turu ve Playa Onda \u00d6zel Gezisi.<\/h2>\n<p>n<\/p>\n<h4><b><i>genel bak\u0131\u015f <\/i><\/b><\/h4>\n<p>Yolculuk sizi otelinizden veya Samana b\u00f6lgesindeki veya Las Galeras&#039;taki havaalan\u0131ndan almaya ba\u015flar. Deneyiminize Saman\u00e1 yak\u0131nlar\u0131ndaki g\u00fczel ve e\u015fsiz bir plaj olan Playa El Valle&#039;de ba\u015flay\u0131n. Turkuaz mavisi su ile hala ke\u015ffedilmemi\u015f ve izole bir plaj olan Playa Ermita\u00f1o&#039;ya 25 dakikal\u0131k bir tekne yolculu\u011funun keyfini \u00e7\u0131kar\u0131n. Taze hindistan cevizi suyunun tad\u0131n\u0131 \u00e7\u0131kar\u0131n. Dominik Cumhuriyeti&#039;nin ger\u00e7ek ve el de\u011fmemi\u015f g\u00fczelli\u011fini ke\u015ffedin ve yak\u0131ndaki gizli ma\u011faray\u0131 ke\u015ffederken kendinizi do\u011fan\u0131n i\u00e7ine b\u0131rak\u0131n. Playa Ermita\u00f1o&#039;da istedi\u011finiz kadar kal\u0131n ve sadece 15 dakikal\u0131k bir tekne yolculu\u011fu mesafesindeki ba\u015fka bir g\u00fczel vah\u015fi plaj olan Playa Onda&#039;y\u0131 ziyaret edin. Playa El Valle&#039;ye d\u00f6n\u00fcn ve ard\u0131ndan Saman\u00e1&#039;ya ilerleyin, yerel evleri g\u00f6r\u00fcn ve Dominik ger\u00e7ek hayat\u0131 hakk\u0131nda bilgi edinin.<br \/>\nn<br \/>\nn<br \/>\nn<\/p>\n<ul>\n<li style=\"list-style-type: none;\">\n<ul>n<\/p>\n<li>B\u00f6lgede G\u00fcvenlik deneyimine sahip Yerel Rehber.<\/li>\n<\/ul>\n<\/li>\n<\/ul>\n<p>n<\/p>\n<ul>\n<li style=\"list-style-type: none;\">\n<ul>\n<li>\u00f6zel ula\u015f\u0131m<\/li>\n<\/ul>\n<\/li>\n<\/ul>\n<p>n<\/p>\n<ul>\n<li style=\"list-style-type: none;\">\n<ul>\n<li>\u00dccretler dahil<\/li>\n<\/ul>\n<\/li>\n<\/ul>\n<p>n<\/p>\n<ul>\n<li style=\"list-style-type: none;\">\n<ul>\n<li>Sahilde \u00f6\u011fle yeme\u011fi<\/li>\n<\/ul>\n<\/li>\n<\/ul>\n<p>n<\/p>\n<ul>\n<li style=\"list-style-type: none;\">\n<ul>\n<li>\u0130spanyolca, \u0130ngilizce veya Frans\u0131zca Yerel Tur Rehberi.<\/li>\n<\/ul>\n<\/li>\n<\/ul>\n<p>n<\/p>\n<ul>\n<li style=\"list-style-type: none;\">\n<ul>\n<li>Do\u011fa y\u00fcr\u00fcy\u00fc\u015f\u00fc<\/li>\n<\/ul>\n<\/li>\n<\/ul>\n<p>n<\/p>\n<p>n<\/p>\n<h4><b>Dahil Edilenler ve Hari\u00e7 Tutulanlar<\/b><\/h4>\n<p>n<br \/>\nn<br \/>\nn<b>Dahil olanlar<\/b><br \/>\nn<\/p>\n<ol>\n<li style=\"list-style-type: none;\">\n<ol>n<\/p>\n<li><span style=\"font-weight: 400;\">B\u00f6lgede G\u00fcvenlik deneyimine sahip Yerel Rehber.<\/span><\/li>\n<\/ol>\n<\/li>\n<\/ol>\n<p>n<\/p>\n<ol>\n<li style=\"list-style-type: none;\">\n<ol>\n<li>K\u00fc\u00e7\u00fck gruplar i\u00e7in \u00f6zel ula\u015f\u0131m<\/li>\n<\/ol>\n<\/li>\n<\/ol>\n<p>n<\/p>\n<ol>\n<li style=\"list-style-type: none;\">\n<ol>\n<li style=\"font-weight: 400;\">El Rincon Plaj\u0131<\/li>\n<\/ol>\n<\/li>\n<\/ol>\n<p>n<\/p>\n<ol>\n<li style=\"list-style-type: none;\">\n<ol>\n<li>Dominik Evi \u00c7iftli\u011fi<\/li>\n<\/ol>\n<\/li>\n<\/ol>\n<p>n<\/p>\n<ol>\n<li style=\"list-style-type: none;\">\n<ol>\n<li>Cano Frio Nehri<\/li>\n<\/ol>\n<\/li>\n<\/ol>\n<p>n<\/p>\n<ol>\n<li style=\"list-style-type: none;\">\n<ol>\n<li style=\"font-weight: 400;\"><span style=\"font-weight: 400;\">T\u00fcm vergiler, \u00fccretler ve i\u015flem \u00fccretleri<\/span><\/li>\n<\/ol>\n<\/li>\n<\/ol>\n<p>n<\/p>\n<ol>\n<li style=\"list-style-type: none;\">\n<ol>\n<li style=\"font-weight: 400;\"><span style=\"font-weight: 400;\">Yerel vergiler<\/span><\/li>\n<\/ol>\n<\/li>\n<\/ol>\n<p>n<\/p>\n<ol>\n<li style=\"list-style-type: none;\">\n<ol>\n<li>Sahilde \u00f6\u011fle yeme\u011fi<\/li>\n<\/ol>\n<\/li>\n<\/ol>\n<p>n<\/p>\n<ol>\n<li style=\"list-style-type: none;\">\n<ol>\n<li>Do\u011fa y\u00fcr\u00fcy\u00fc\u015f\u00fc<\/li>\n<\/ol>\n<\/li>\n<\/ol>\n<p>n<\/p>\n<ol>\n<li style=\"list-style-type: none;\">\n<ol>\n<li style=\"font-weight: 400;\"><span style=\"font-weight: 400;\">T\u00fcm aktiviteler<\/span><\/li>\n<\/ol>\n<\/li>\n<\/ol>\n<p>n<\/p>\n<p>n<b> \u0130stisnalar<\/b><br \/>\nn<\/p>\n<ol>\n<li style=\"list-style-type: none;\">\n<ol>n<\/p>\n<li style=\"font-weight: 400;\"><span style=\"font-weight: 400;\">Bah\u015fi\u015fler<\/span><\/li>\n<\/ol>\n<\/li>\n<\/ol>\n<p>n<\/p>\n<ol>\n<li style=\"list-style-type: none;\">\n<ol>\n<li>T\u00fcm \u0130\u00e7ecekler<\/li>\n<\/ol>\n<\/li>\n<\/ol>\n<p>n<\/p>\n<p>n<\/p>\n<h4><em><strong>Gidi\u015f &amp; D\u00f6n\u00fc\u015f<\/strong><\/em><\/h4>\n<p>n<span style=\"font-weight: 400;\">Gezgin, Rezervasyon \u0130\u015fleminden sonra bir bulu\u015fma noktas\u0131 alacakt\u0131r. Turlar bulu\u015fma noktalar\u0131n\u0131zda ba\u015flar ve biter.<\/span><br \/>\nn<\/p>\n<h2 class=\"styles__heading___mD4_3\" data-radium=\"true\">(Ermitano Plaj\u0131) Playa Ermita\u00f1o tekne turu ve Playa Onda \u00d6zel Gezisi.<\/h2>\n<p>n<\/p>\n<h4><em>Ne bekleyebilece\u011finizi?<\/em><\/h4>\n<p>Samana oteller b\u00f6lgesinden ayr\u0131ld\u0131ktan ve Dominik caddelerini ge\u00e7tikten sonra, yerel ya\u015fam tarz\u0131n\u0131 g\u00f6recek ve \u00f6\u011freneceksiniz. Bu plaj, Samana Yar\u0131madas\u0131&#039;nda Playa Honda ve Playa El Valle aras\u0131nda yer almaktad\u0131r. 400 metre uzunlu\u011fa sahiptir ve etraf\u0131 resiflerle \u00e7evrilidir. Bu kumsala ula\u015fman\u0131n tek yolu, orman benzeri yo\u011fun bir patika yoldan veya bir tekne ile y\u00fcr\u00fcy\u00fc\u015f yapmakt\u0131r.<br \/>\nn<br \/>\nn<span style=\"vertical-align: inherit;\"><span style=\"vertical-align: inherit;\">Ad\u0131n tarihi b\u00fcy\u00fcleyici ve ilgi \u00e7ekicidir\u2026 Juan El Ermitano, Saman\u00e1&#039;n\u0131n en b\u00fcy\u00fck oyunca\u011f\u0131ndan bir g\u00fcn ayr\u0131larak, tutuklanarak, Fransa&#039;da korsanl\u0131k yapmaya ba\u015flad\u0131. <\/span><span style=\"vertical-align: inherit;\">1780&#039;de tek ba\u015f\u0131na ve d\u00fcnyan\u0131n ortas\u0131nda ya\u015fad\u0131\u011f\u0131n bir tarih. <\/span><span style=\"vertical-align: inherit;\">\u0130spanyollar, asombradlar ve sabitler i\u00e7in asombrados, le perdon concedieron, santo casi&#039;yi d\u00fc\u015f\u00fcn\u00fcn. <\/span><span style=\"vertical-align: inherit;\">Juan El Ermita\u00f1o, b\u00fcy\u00fck bir s\u0131r olarak korudu\u011fu bug\u00fcn korsanl\u0131k tarihi olarak: en de\u011ferli korsanl\u0131k \u00e7a\u011f\u0131n\u0131n en de\u011ferli botunu korudu.<\/span><\/span><br \/>\nn<br \/>\nOraya vard\u0131\u011f\u0131n\u0131zda \u00f6n\u00fcn\u00fczde kartpostal gibi m\u00fckemmel bir manzara g\u00f6receksiniz. Yemye\u015fil tropik bitki \u00f6rt\u00fcs\u00fc ve berrak sular\u0131n\u0131n g\u00fczelli\u011fi ile bu b\u00fcy\u00fcl\u00fc yerde d\u00fcnyada e\u015fi benzeri olmayan bir izlenime sahip olacaks\u0131n\u0131z. Bu plaj harika bir deneyimi ger\u00e7e\u011fe d\u00f6n\u00fc\u015ft\u00fcr\u00fcyor.<br \/>\nn<br \/>\nSurvivor dizisinin T\u00fcrk\u00e7e ve \u0130sve\u00e7\u00e7e versiyonu bu kumsalda \u00e7ekildi.<br \/>\nn<br \/>\nn\u201cBooking Adventures\u201d taraf\u0131ndan d\u00fczenlenen bu tur, Tur Rehberimiz ile belirlenen bulu\u015fma noktas\u0131nda ba\u015flar. Booking Adventures ile gelin ve plajda \u00f6\u011fle yeme\u011fi yiyin ve Dominik Cumhuriyeti&#039;nin Samana kentindeki en muhte\u015fem plajlardan birinin keyfini \u00e7\u0131kar\u0131n.<br \/>\nn<\/p>\n<h4><em><strong>Ne getirmelisin?<\/strong><\/em><\/h4>\n<p>n<\/p>\n<ul>\n<li style=\"list-style-type: none;\">\n<ul>n<\/p>\n<li style=\"font-weight: 400;\"><span style=\"font-weight: 400;\">Kamera<\/span><\/li>\n<\/ul>\n<\/li>\n<\/ul>\n<p>n<\/p>\n<ul>\n<li style=\"list-style-type: none;\">\n<ul>\n<li style=\"font-weight: 400;\"><span style=\"font-weight: 400;\">Kovucu tomurcuklar<\/span><\/li>\n<\/ul>\n<\/li>\n<\/ul>\n<p>n<\/p>\n<ul>\n<li style=\"list-style-type: none;\">\n<ul>\n<li style=\"font-weight: 400;\"><span style=\"font-weight: 400;\">G\u00fcne\u015f kremi<\/span><\/li>\n<\/ul>\n<\/li>\n<\/ul>\n<p>n<\/p>\n<ul>\n<li style=\"list-style-type: none;\">\n<ul>\n<li>su<\/li>\n<\/ul>\n<\/li>\n<\/ul>\n<p>n<\/p>\n<ul>\n<li style=\"list-style-type: none;\">\n<ul>\n<li style=\"font-weight: 400;\"><span style=\"font-weight: 400;\">\u015eapka<\/span><\/li>\n<\/ul>\n<\/li>\n<\/ul>\n<p>n<\/p>\n<ul>\n<li style=\"list-style-type: none;\">\n<ul>\n<li style=\"font-weight: 400;\"><span style=\"font-weight: 400;\">rahat pantolon<\/span><\/li>\n<\/ul>\n<\/li>\n<\/ul>\n<p>n<\/p>\n<ul>\n<li style=\"list-style-type: none;\">\n<ul>\n<li style=\"font-weight: 400;\"><span style=\"font-weight: 400;\">Orman i\u00e7in y\u00fcr\u00fcy\u00fc\u015f ayakkab\u0131s\u0131<\/span><\/li>\n<\/ul>\n<\/li>\n<\/ul>\n<p>n<\/p>\n<ul>\n<li style=\"list-style-type: none;\">\n<ul>\n<li style=\"font-weight: 400;\"><span style=\"font-weight: 400;\">Bahar b\u00f6lgelerine sandalet.<\/span><\/li>\n<\/ul>\n<\/li>\n<\/ul>\n<p>n<\/p>\n<ul>\n<li style=\"list-style-type: none;\">\n<ul>\n<li style=\"font-weight: 400;\"><span style=\"font-weight: 400;\">Y\u00fczme giysileri<\/span><\/li>\n<\/ul>\n<\/li>\n<\/ul>\n<p>n<\/p>\n<p>n<br \/>\nn<\/p>\n<h4><b><i>otelden alma <\/i><\/b><\/h4>\n<p>n<span style=\"font-weight: 400;\">Bu tur i\u00e7in otelden alma hizmeti sunulmaktad\u0131r. <\/span><br \/>\nn<br \/>\nn<br \/>\nn<br \/>\nn<b>Not:<\/b><span style=\"font-weight: 400;\"> Tur\/Gezi kalk\u0131\u015f saatinden sonraki 24 saat i\u00e7inde rezervasyon yap\u0131yorsan\u0131z, otelden alma ayarlayabiliriz. Sadece Samana b\u00f6lgesinden al\u0131yoruz. Sat\u0131n alma i\u015fleminiz tamamland\u0131\u011f\u0131nda, yerel Tur rehberimizin kar\u015f\u0131lama d\u00fczenlemelerini organize etmesi i\u00e7in size tam ileti\u015fim bilgilerini (telefon numaras\u0131, e-posta adresi vb.) g\u00f6nderece\u011fiz.<\/span><br \/>\nn<\/p>\n<h4><b><i>Ek Bilgi Onay\u0131 <\/i><\/b><\/h4>\n<p>n<\/p>\n<ol>\n<li style=\"list-style-type: none;\">\n<ol>n<\/p>\n<li>Biletler, bu Turu \u00f6dedikten sonra Makbuzdur. \u00d6demeyi telefonunuzda g\u00f6sterebilirsiniz.<\/li>\n<\/ol>\n<\/li>\n<\/ol>\n<p>n<\/p>\n<ol>\n<li style=\"list-style-type: none;\">\n<ol>\n<li style=\"font-weight: 400;\"><span style=\"font-weight: 400;\">Bulu\u015fma Noktas\u0131 Rezervasyon \u0130\u015fleminden Sonra Al\u0131nacakt\u0131r.<\/span><\/li>\n<\/ol>\n<\/li>\n<\/ol>\n<p>n<\/p>\n<ol>\n<li style=\"list-style-type: none;\">\n<ol>\n<li style=\"font-weight: 400;\"><span style=\"font-weight: 400;\">\u00c7ocuklara bir yeti\u015fkin e\u015flik etmelidir.<\/span><\/li>\n<\/ol>\n<\/li>\n<\/ol>\n<p>n<\/p>\n<ol>\n<li style=\"list-style-type: none;\">\n<ol>\n<li style=\"font-weight: 400;\"><span style=\"font-weight: 400;\"> Tekerlekli sandalye eri\u015fimine uygun de\u011fil <\/span><\/li>\n<\/ol>\n<\/li>\n<\/ol>\n<p>n<\/p>\n<ol>\n<li style=\"list-style-type: none;\">\n<ol>\n<li style=\"font-weight: 400;\"><span style=\"font-weight: 400;\">Bebekler kuca\u011fa oturmal\u0131 <\/span><\/li>\n<\/ol>\n<\/li>\n<\/ol>\n<p>n<\/p>\n<ol>\n<li style=\"list-style-type: none;\">\n<ol>\n<li style=\"font-weight: 400;\"><span style=\"font-weight: 400;\">S\u0131rt sorunu olan gezginler i\u00e7in \u00f6nerilmez<\/span><\/li>\n<\/ol>\n<\/li>\n<\/ol>\n<p>n<\/p>\n<ol>\n<li style=\"list-style-type: none;\">\n<ol>\n<li style=\"font-weight: 400;\"><span style=\"font-weight: 400;\">Hamile gezginler i\u00e7in \u00f6nerilmez <\/span><\/li>\n<\/ol>\n<\/li>\n<\/ol>\n<p>n<\/p>\n<ol>\n<li style=\"list-style-type: none;\">\n<ol>\n<li style=\"font-weight: 400;\"><span style=\"font-weight: 400;\"> Kalp problemi veya di\u011fer ciddi t\u0131bbi durumlar yok <\/span><\/li>\n<\/ol>\n<\/li>\n<\/ol>\n<p>n<\/p>\n<ol>\n<li style=\"list-style-type: none;\">\n<ol>\n<li style=\"font-weight: 400;\"><span style=\"font-weight: 400;\">\u00c7o\u011fu gezgin kat\u0131labilir<\/span><\/li>\n<\/ol>\n<\/li>\n<\/ol>\n<p>n<\/p>\n<p>n<\/p>\n<h4><b><i>\u0130ptal politikas\u0131<\/i><\/b><\/h4>\n<p>nTam para iadesi i\u00e7in l\u00fctfen \u0130ptal politikalar\u0131m\u0131z\u0131 okuyun\u00a0<a href=\"https:\/\/www.boattoursamana.com\/tr\/cevrimici-rezervasyon\/\" target=\"_blank\" rel=\"noopener\" data-saferedirecturl=\"https:\/\/www.google.com\/url?q=https:\/\/www.boattoursamana.com\/online-booking\/&amp;source=gmail&amp;ust=1672532492004000&amp;usg=AOvVaw3ylqI1cdbIPTimEqEWneyd\">Buraya T\u0131kla<\/a>. Seyahatle ayn\u0131 g\u00fcn rezervasyon iptal edilirse para kaybedilecektir.<\/p>\n\n\t\t<\/div>\n\t<\/div>\n<\/div><\/div><\/div><\/div><div class=\"vc_row wpb_row vc_row-fluid\" ><div class=\"wpb_column vc_column_container vc_col-sm-12\"><div class=\"vc_column-inner\"><div class=\"wpb_wrapper\">\n\t<div class=\"wpb_video_widget wpb_content_element vc_clearfix   vc_video-aspect-ratio-169 vc_video-el-width-100 vc_video-align-left\" >\n\t\t<div class=\"wpb_wrapper\">\n\t\t\t<h2 class=\"wpb_heading wpb_video_heading\">Video izle:<\/h2>\n\t\t\t<div class=\"wpb_video_wrapper\"><a href=\"https:\/\/vimeo.com\/263076708\" rel=\"noopener\">https:\/\/vimeo.com\/263076708<\/a><\/div>\n\t\t<\/div>\n\t<\/div>\n<\/div><\/div><\/div><\/div><div class=\"vc_row wpb_row vc_row-fluid\" ><div class=\"wpb_column vc_column_container vc_col-sm-12\"><div class=\"vc_column-inner\"><div class=\"wpb_wrapper\"><div class=\"vc_empty_space\"   style=\"height: 32px\"><span class=\"vc_empty_space_inner\"><\/span><\/div>\n\t<div class=\"wpb_text_column wpb_content_element\" >\n\t\t<div class=\"wpb_wrapper\">\n\t\t\t<p>\nn<\/p>\n<h4>Bize Ula\u015f\u0131n?<\/h4>\n<p>n<\/p>\n<h5>Rezervasyon Maceralar\u0131<\/h5>\n<p>n<em><strong>Yerliler<\/strong>\u00a0ve\u00a0<strong>uyruklular<\/strong>\u00a0Tur Rehberleri ve Misafir Hizmetleri<\/em><br \/>\nn<br \/>\nn<span class=\"text-turquoise\">Rezervasyonlar:<\/span>\u00a0Dom s\u0131n\u0131rlar\u0131ndaki Turlar ve Geziler temsilci<br \/>\nn<br \/>\nn<img decoding=\"async\" class=\"emoji\" draggable=\"false\" src=\"https:\/\/s.w.org\/images\/core\/emoji\/11.2.0\/svg\/1f4de.svg\" alt=\" \" title=\"\">\u00a0Tel \/ Naber\u00a0\u00a0<a href=\"tel:+1-809-720-6035\">+1-809-720-6035<\/a>.<br \/>\nn<br \/>\nn<img decoding=\"async\" class=\"emoji\" draggable=\"false\" src=\"https:\/\/s.w.org\/images\/core\/emoji\/11.2.0\/svg\/1f4e9.svg\" alt=\" \" title=\"\">\u00a0<a href=\"mailto:info@bookingadventures.com.do\">info@bookingadventures.com.do<\/a><br \/>\nn<br \/>\nn<strong>Whatsapp ile Esnek \u00d6zel Turlar Ayarl\u0131yoruz:\u00a0<a href=\"tel:+18097206035\">+18097206035.<\/a><\/strong><\/p>\n\n\t\t<\/div>\n\t<\/div>\n<div class=\"vc_empty_space\"   style=\"height: 32px\"><span class=\"vc_empty_space_inner\"><\/span><\/div><\/div><\/div><\/div><\/div><div class=\"vc_row wpb_row vc_row-fluid\" ><div class=\"wpb_column vc_column_container vc_col-sm-12\"><div class=\"vc_column-inner\"><div class=\"wpb_wrapper\"><div class=\"vc_btn3-container vc_btn3-inline\" ><button class=\"vc_general vc_btn3 vc_btn3-size-md vc_btn3-shape-rounded vc_btn3-style-modern vc_btn3-color-green\">REZERVASYON YAP<\/button><\/div><\/div><\/div><\/div><\/div>","protected":false},"excerpt":{"rendered":"<p>El viaje comienza recogi\u00e9ndolo en su hotel o en el aeropuerto en el \u00e1rea de Saman\u00e1 de Las Galeras. Comience su experiencia en Playa El Valle, una hermosa y \u00fanica playa cerca de Saman\u00e1. Disfrute de un viaje en bote de 25 minutos a Playa Ermita\u00f1o, que es una playa a\u00fan inexplorada y aislada con agua azul turquesa. Disfruta del agua de coco fresca. Descubra la belleza real e intacta de la Rep\u00fablica Dominicana y sum\u00e9rjase en la naturaleza mientras [&hellip;]<\/p>\n","protected":false},"author":2,"featured_media":0,"parent":0,"menu_order":0,"comment_status":"closed","ping_status":"closed","template":"","meta":{"footnotes":""},"class_list":["post-15773","page","type-page","status-publish","hentry"],"_links":{"self":[{"href":"https:\/\/www.boattoursamana.com\/tr\/wp-json\/wp\/v2\/pages\/15773","targetHints":{"allow":["GET"]}}],"collection":[{"href":"https:\/\/www.boattoursamana.com\/tr\/wp-json\/wp\/v2\/pages"}],"about":[{"href":"https:\/\/www.boattoursamana.com\/tr\/wp-json\/wp\/v2\/types\/page"}],"author":[{"embeddable":true,"href":"https:\/\/www.boattoursamana.com\/tr\/wp-json\/wp\/v2\/users\/2"}],"replies":[{"embeddable":true,"href":"https:\/\/www.boattoursamana.com\/tr\/wp-json\/wp\/v2\/comments?post=15773"}],"version-history":[{"count":0,"href":"https:\/\/www.boattoursamana.com\/tr\/wp-json\/wp\/v2\/pages\/15773\/revisions"}],"wp:attachment":[{"href":"https:\/\/www.boattoursamana.com\/tr\/wp-json\/wp\/v2\/media?parent=15773"}],"curies":[{"name":"wp","href":"https:\/\/api.w.org\/{rel}","templated":true}]}}