{"id":15774,"date":"2023-07-15T07:43:40","date_gmt":"2023-07-15T07:43:40","guid":{"rendered":"https:\/\/www.ticketswhales.com\/whale-watching-2023-in-punta-cana-cap-cana-to-samana-bay-cayo-levantado-bacardi-island-from-hotels\/"},"modified":"2023-07-15T07:43:40","modified_gmt":"2023-07-15T07:43:40","slug":"whale-watching-2023-in-punta-cana-cap-cana-to-samana-bay-cayo-levantado-bacardi-island-from-hotels","status":"publish","type":"page","link":"https:\/\/www.boattoursamana.com\/tr\/punta-cana-cap-canadan-samana-korfezi-cayo-levantado-bacardi-adasina-otellerden-balina-izleme-2023","title":{"rendered":"Otellerden Saman\u00e1 K\u00f6rfezi + Cayo Levantado&#039;ya (Bacardi Adas\u0131) Punta Cana \/ Cap Cana&#039;da Balina \u0130zleme 2023."},"content":{"rendered":"<p>Punta Cana otellerinden, Samana K\u00f6rfezi&#039;nin g\u00fcney k\u0131y\u0131lar\u0131ndaki k\u00fc\u00e7\u00fck bal\u0131k\u00e7\u0131 k\u00f6y\u00fc Miches&#039;e varmadan \u00f6nce Punta Cana&#039;n\u0131n kuzeyine do\u011fru ilerlerken Do\u011fu S\u0131rada\u011flar\u0131&#039;n\u0131n g\u00fczel manzaralar\u0131n\u0131n tad\u0131n\u0131 \u00e7\u0131karaca\u011f\u0131z. Samana&#039;ya giden tekneye binmeden \u00f6nce burada h\u0131zl\u0131 bir kahvalt\u0131n\u0131n tad\u0131n\u0131 \u00e7\u0131karacaks\u0131n\u0131z. Balinalar\u0131 izlemek i\u00e7in k\u00f6rfezin derinliklerine yelken a\u00e7aca\u011f\u0131z. Bacardi Rum&#039;un bir zamanlar \u00fcnl\u00fc reklamlar\u0131 i\u00e7in kulland\u0131\u011f\u0131 plajlara \u00e7ok benzemesi nedeniyle Bacardi Adas\u0131 olarak da bilinen Cayo Levantado&#039;ya ilk olarak ula\u015faca\u011f\u0131z. Cayo Levantado, okyanusun ortas\u0131nda turkuaz sular\u0131 ve beyaz kumlar\u0131 olan k\u00fc\u00e7\u00fck bir ada olan tropikal bir vahadan ba\u015fka bir \u015fey de\u011fildir.<br \/>\nn<br \/>\nnBu tur \u015fu duraklar\u0131 i\u00e7erebilir veya i\u00e7ermeyebilir:\u00a0<strong>Limon \u015eelalesi<\/strong>. \u015eelalelerle ayn\u0131 geziyi rezerve etmek i\u00e7in l\u00fctfen <a href=\"https:\/\/www.boattoursamana.com\/tr\/tours-excursions\/fees-entrace\/samana-balina-izleme-cayo-levantado-bacardi-ada-limon-selaleler-dan-punta-cana-otelleri\/\">BURAYA TIKLAYIN.<\/a><br \/>\nn<br \/>\nn&nbsp;<br \/>\nn<br \/>\nn&nbsp;<br \/>\nn<br \/>\nn<em><strong>L\u00fctfen Gezi i\u00e7in tarih se\u00e7iniz:<\/strong><\/em><\/p>\n<p>&nbsp;<\/p>\n<div class=\"vc_row wpb_row vc_row-fluid\" ><div class=\"wpb_column vc_column_container vc_col-sm-12\"><div class=\"vc_column-inner\"><div class=\"wpb_wrapper\"><div class=\"mkdf-section-title-holder\" style=\"text-align: left\">\n\t<div class=\"mkdf-st-inner\">\n\t\t\t\t\t<h5 class=\"mkdf-st-subtitle\" >\n\t\t\t\tOtellerden ve Cayo Levantado&#039;dan (Bacardi Adas\u0131) Al\u0131n.\t\t\t<\/h5>\n\t\t\t\t\t\t\t<h3 class=\"mkdf-st-title\" >\n\t\t\t\tPunta Cana\/Cap Cana&#039;dan Samana K\u00f6rfezi&#039;ne Balina \u0130zleme 2023\t\t\t<\/h3>\n\t\t\t\t\t<\/div>\n<\/div><\/div><\/div><\/div><\/div><div class=\"vc_row wpb_row vc_row-fluid\" ><div class=\"wpb_column vc_column_container vc_col-sm-12\"><div class=\"vc_column-inner\"><div class=\"wpb_wrapper\"><div class=\"vc_btn3-container vc_btn3-inline\" ><button class=\"vc_general vc_btn3 vc_btn3-size-md vc_btn3-shape-rounded vc_btn3-style-modern vc_btn3-color-green\">REZERVASYON YAP<\/button><\/div>\n\t<div class=\"wpb_text_column wpb_content_element\" >\n\t\t<div class=\"wpb_wrapper\">\n\t\t\t<p>\nn<\/p>\n<div class=\"vc_row wpb_row vc_row-fluid\">\nn<\/p>\n<div class=\"wpb_column vc_column_container vc_col-sm-12\">\nn<\/p>\n<div class=\"vc_column-inner\">\nn<\/p>\n<div class=\"wpb_wrapper\">\nn<\/p>\n<div class=\"wpb_text_column wpb_content_element\">\nn<\/p>\n<div class=\"wpb_wrapper\">\nn<\/p>\n<div class=\"vc_row wpb_row vc_row-fluid\">\nn<\/p>\n<div class=\"wpb_column vc_column_container vc_col-sm-12\">\nn<\/p>\n<div class=\"vc_column-inner\">\nn<\/p>\n<div class=\"wpb_wrapper\">\nn<\/p>\n<div class=\"wpb_text_column wpb_content_element\">\nn<\/p>\n<div class=\"wpb_wrapper\">\nn<\/p>\n<h4><b><i>genel bak\u0131\u015f<img decoding=\"async\" class=\"emoji\" draggable=\"false\" src=\"https:\/\/s.w.org\/images\/core\/emoji\/12.0.0-1\/svg\/1f433.svg\" alt=\" \" title=\"\"><\/i><\/b><\/h4>\n<p>nWhale Punta Cana, Saman\u00e1 K\u00f6rfezi&#039;nde balina g\u00f6zlemcili\u011fi yap\u0131n ve Punta Cana otellerinden yapaca\u011f\u0131n\u0131z bu tam g\u00fcnl\u00fck gezi s\u0131ras\u0131nda Cayo Levantado&#039;yu ziyaret edin. Konforlu ve klimal\u0131 bir antren\u00f6rle Saman\u00e1 koyuna seyahat edin, ard\u0131ndan Miches&#039;te bir Katamaran teknesine transfer olun. B\u00f6lgeyi \u00fcremek ve yavrular\u0131n\u0131 do\u011furmak i\u00e7in ziyaret eden kambur balina s\u00fcr\u00fclerini aramak i\u00e7in a\u00e7\u0131k sulara \u00e7\u0131k\u0131n. Bu deniz memelilerinin davran\u0131\u015flar\u0131 ve biyolojisi hakk\u0131nda uzman do\u011fa bilimci rehberinizden bilgi edinin. Punta Cana&#039;ya d\u00f6nmeden \u00f6nce sahilde \u00f6\u011fle yeme\u011fi yemek ve masmavi sulara dalmak i\u00e7in Cayo Levantado&#039;ya veya Bacardi Adas\u0131&#039;na devam edin.<br \/>\nn<br \/>\nn&nbsp;<br \/>\nn<br \/>\nn<strong>Not: <\/strong>Bu tur, dura\u011f\u0131 i\u00e7erebilir veya i\u00e7ermeyebilir.\u00a0<strong>Limon \u015eelalesi<\/strong>. \u015eelalelerle ayn\u0131 geziyi rezerve etmek i\u00e7in l\u00fctfen <a href=\"https:\/\/www.boattoursamana.com\/tr\/tours-excursions\/fees-entrace\/samana-balina-izleme-cayo-levantado-bacardi-ada-limon-selaleler-dan-punta-cana-otelleri\/\">BURAYA TIKLAYIN.<\/a><br \/>\nn<br \/>\nn&nbsp;<br \/>\nn<\/p>\n<ul>\nn \t<\/p>\n<li>Balina \u0130zleme gezisi<\/li>\n<p>n \t<\/p>\n<li>G\u00f6zlemevine giri\u015f \u00fccretleri<\/li>\n<p>n \t<\/p>\n<li>Sahilde a\u00e7\u0131k b\u00fcfe \u00f6\u011fle yeme\u011fi dahildir.<\/li>\n<p>n \t<\/p>\n<li>Tekne Transferi<\/li>\n<p>n \t<\/p>\n<li>Punta Cana Otellerinden Transfer<\/li>\n<p>n \t<\/p>\n<li>Kaptan talimat ve Denetim sa\u011flar<\/li>\n<p>n \t<\/p>\n<li>Tur rehberi<\/li>\n<p>n<\/ul>\n<p>n&nbsp;<br \/>\nn<\/p>\n<h4><b>Dahil Edilenler ve Hari\u00e7 Tutulanlar<\/b><\/h4>\n<p>n&nbsp;<br \/>\nn<br \/>\nn<b>Dahil olanlar<\/b><br \/>\nn<br \/>\nn&nbsp;<br \/>\nn<\/p>\n<ol>\nn \t<\/p>\n<li>Sahilde a\u00e7\u0131k b\u00fcfe \u00f6\u011fle yeme\u011fi<\/li>\n<p>n \t<\/p>\n<li>Tur rehberi<\/li>\n<p>n \t<\/p>\n<li>Katamaran veya Tekne Gezisi<\/li>\n<p>n \t<\/p>\n<li>T\u00fcm vergiler, \u00fccretler ve i\u015flem \u00fccretleri<\/li>\n<p>n \t<\/p>\n<li>Yerel vergiler<\/li>\n<p>n \t<\/p>\n<li>\u0130\u00e7ecekler<\/li>\n<p>n<\/ol>\n<p>n<b>\u0130stisnalar<\/b><br \/>\nn<\/p>\n<ol>\nn \t<\/p>\n<li>Bah\u015fi\u015fler<\/li>\n<p>n<\/ol>\n<p>n&nbsp;<br \/>\nn<\/p>\n<h4><em><strong>Gidi\u015f &amp; D\u00f6n\u00fc\u015f<\/strong><\/em><\/h4>\n<p>Bu tur i\u00e7in nHotel&#039;den ara\u00e7la alma hizmeti sunulmaktad\u0131r. Notlara sizi alaca\u011f\u0131n\u0131z otelin ad\u0131n\u0131 yazman\u0131z yeterli. T\u00fcm Punta Cana Otellerinden teslim al\u0131yoruz.<br \/>\nn<br \/>\nn&nbsp;<br \/>\nn<\/p>\n<h3>Otellerden Samana K\u00f6rfezi + Cayo Levantado&#039;ya (Bacardi Adas\u0131) Punta Cana\/Cap Cana&#039;da Balina \u0130zleme 2023.<\/h3>\n<p>n<\/p>\n<h4><b><i>Ne bekleyebilece\u011finizi?<\/i><\/b><\/h4>\n<p>nS\u00e1mana K\u00f6rfezi&#039;ndeki bu 12 saatlik Kambur balina izleme gezisi s\u0131ras\u0131nda Dominik Cumhuriyeti&#039;nin nazik deniz devleriyle yak\u0131nla\u015f\u0131n. S\u0131cak tropik sular\u0131nda \u00e7iftle\u015fmek, beslenmek ve oynamak i\u00e7in her y\u0131l adaya ak\u0131n eden binlerce balinay\u0131 g\u00f6zlemleyerek unutulmaz bir g\u00fcn ge\u00e7irin. Bu g\u00fczel yarat\u0131klar\u0131 g\u00f6zlemlerken, uzman balina izleme rehberinizin sundu\u011fu e\u015fsiz bilgilerin keyfine varacaks\u0131n\u0131z. G\u00fcn\u00fcn\u00fcz\u00fc, g\u00fczel Cayo Levantado Adas\u0131&#039;nda \u00f6\u011fle yeme\u011fi ve plaj zaman\u0131yla sonland\u0131r\u0131n. Otele gidi\u015f-d\u00f6n\u00fc\u015f ula\u015f\u0131m da dahildir.<br \/>\nn<br \/>\nnSaat 09:00&#039;dan \u00f6\u011flen 12:00&#039;ye kadar Balina g\u00f6zlem g\u00f6zlemevi ve bu Balina gezisinin ard\u0131ndan Bacardi Adas\u0131 \/ Cayo Levantado&#039;yu ziyaret edece\u011fiz. Bacardi Adas\u0131&#039;nda tipik Dominik Usul\u00fc \u00d6\u011fle Yeme\u011fi B\u00fcfesi sunulacakt\u0131r (Pilav, Fasulye, Bal\u0131k, Salatalar\u2026). \u00d6\u011fle yeme\u011fi bitti\u011finde saat 16:30&#039;a kadar y\u00fczmenize izin verilir. Tur, Katamaran\u0131m\u0131zla ba\u015flayaca\u011f\u0131m\u0131z ve otob\u00fcsle Punta Cana Otellerine geri d\u00f6nece\u011fimiz ayn\u0131 limanda saat 17:00&#039;de tamamlanacakt\u0131r.<br \/>\nn<br \/>\nnBu tur \u015fu duraklar\u0131 i\u00e7erebilir veya i\u00e7ermeyebilir:\u00a0<strong>Limon \u015eelalesi<\/strong>. \u015eelalelerle ayn\u0131 geziyi rezerve etmek i\u00e7in l\u00fctfen <a href=\"https:\/\/www.boattoursamana.com\/tr\/tours-excursions\/fees-entrace\/samana-balina-izleme-cayo-levantado-bacardi-ada-limon-selaleler-dan-punta-cana-otelleri\/\">BURAYA TIKLAYIN.<\/a><br \/>\nn<br \/>\nn<strong>Masa saati:<\/strong><br \/>\nn<br \/>\nn6:00 \u2013 7:00 M\u00fc\u015fterilerin farkl\u0131 otellerden al\u0131nmas\u0131<br \/>\nn07:00 Sabana de la mar&#039;daki Las Canitas&#039;a hareket<br \/>\nn08:15 \u00d6zel iskeleye var\u0131\u015f<br \/>\nn08:15 \u2013 8:40 Kahvalt\u0131 Saati (sandvi\u00e7, muffin, \u00e7ay, kahve, meyve sular\u0131)<br \/>\nn8:45 Samana&#039;daki kambur balinalar\u0131n bar\u0131na\u011f\u0131na do\u011fru yolculu\u011fumuza ba\u015flamak \u00fczere gemiye biniyoruz<br \/>\nn11:00 Balinalar\u0131 45 dakikal\u0131k bir s\u00fcre boyunca aray\u0131n - Bu, h\u00fck\u00fcmetin kurallar\u0131na g\u00f6re takip edilen zamanlamad\u0131r.<br \/>\nn11:45 Samana K\u00f6rfezi&#039;ndeki Cayo Levantado&#039;ya do\u011fru yola \u00e7\u0131k\u0131n<br \/>\nn12:30 Cayo Levantado&#039;ya var\u0131\u015f<br \/>\nn13:00 \u00d6\u011fle yeme\u011fi zaman\u0131 (\u00f6\u011fle yeme\u011fi b\u00fcfesi, tipik Dominik)*<br \/>\nn13:45 \u2013 15:30 Cayo Levantado&#039;da bo\u015f zaman<br \/>\nn15:00 \u2013 15:45 Tekrar gemide Miches&#039;e d\u00f6n\u00fc\u015f<br \/>\nn17:00 Miches&#039;e var\u0131\u015f ve Punta Cana&#039;daki otellere hareket<br \/>\nn19:30 \u2013 20:00 Punta Cana&#039;daki otellere var\u0131\u015f<br \/>\nn<br \/>\nn<strong>*\u00d6\u011fle Yeme\u011fi Men\u00fcs\u00fc (tipik Dominik)<br \/>\nn<\/strong>Pilav, \u0131zgara tavuk veya \u0131zgara bal\u0131k, salata, sebze, taze meyve.<br \/>\nn<br \/>\nn<strong>*Balina izlemenin ard\u0131ndan \u015felale El Limon&#039;daki dura\u011f\u0131 eklemeyi se\u00e7en m\u00fc\u015fteriler \u015felale reklam\u0131na ge\u00e7ecek ve Cayo Levantado&#039;da daha az zaman ge\u00e7irecekler.<\/strong><br \/>\nn<br \/>\nnBu tur \u015fu duraklar\u0131 i\u00e7erebilir veya i\u00e7ermeyebilir:\u00a0<strong>Limon \u015eelalesi<\/strong>. \u015eelalelerle ayn\u0131 geziyi rezerve etmek i\u00e7in l\u00fctfen <a href=\"https:\/\/www.boattoursamana.com\/tr\/tours-excursions\/fees-entrace\/samana-balina-izleme-cayo-levantado-bacardi-ada-limon-selaleler-dan-punta-cana-otelleri\/\">BURAYA TIKLAYIN.<\/a><br \/>\nn<br \/>\nn&nbsp;<br \/>\nn<\/p>\n<h4><em><strong>Ne getirmelisin?<\/strong><\/em><\/h4>\n<p>n<\/p>\n<ul>\nn \t<\/p>\n<li>Kamera<\/li>\n<p>n \t<\/p>\n<li>Kovucu tomurcuklar<\/li>\n<p>n \t<\/p>\n<li>G\u00fcne\u015f kremi<\/li>\n<p>n \t<\/p>\n<li>\u015eapka<\/li>\n<p>n \t<\/p>\n<li>rahat pantolon<\/li>\n<p>n \t<\/p>\n<li>Sahile giden sandaletler<\/li>\n<p>n \t<\/p>\n<li>Y\u00fczme giysileri<\/li>\n<p>n \t<\/p>\n<li>Hat\u0131ra E\u015fyas\u0131 i\u00e7in nakit<\/li>\n<p>n<\/ul>\n<p>n&nbsp;<br \/>\nn<\/p>\n<h4><b><i>otelden alma<\/i><\/b><\/h4>\n<p>Bu tur i\u00e7in nHotel&#039;den ara\u00e7la alma hizmeti sunulmaktad\u0131r. Notlara sizi alaca\u011f\u0131n\u0131z otelin ad\u0131n\u0131 yazman\u0131z yeterli. T\u00fcm Punta Cana Otellerinden teslim al\u0131yoruz.<br \/>\nn<br \/>\nn&nbsp;<br \/>\nn<br \/>\nn<b>Not:<\/b> tur\/Gezi hareket saatinden sonraki 24 saat i\u00e7inde rezervasyon yap\u0131yorsan\u0131z, otelden alma ayarlayabiliriz. Sat\u0131n alma i\u015fleminiz tamamland\u0131\u011f\u0131nda, teslim alma d\u00fczenlemelerini organize etmesi i\u00e7in size yerel Tur rehberimizin eksiksiz ileti\u015fim bilgilerini (telefon numaras\u0131, e-posta adresi vb.) g\u00f6nderece\u011fiz.<br \/>\nn<\/p>\n<h4><b><i>Ek Bilgi Onay\u0131<\/i><\/b><\/h4>\n<p>n<\/p>\n<ol>\nn \t<\/p>\n<li>Biletler, bu Turu \u00f6dedikten sonra Makbuzdur. \u00d6demeyi telefonunuzda g\u00f6sterebilirsiniz.<\/li>\n<p>n \t<\/p>\n<li>Bulu\u015fma Noktas\u0131 Rezervasyon \u0130\u015fleminden Sonra Al\u0131nacakt\u0131r.<\/li>\n<p>n \t<\/p>\n<li>\u00c7ocuklara bir yeti\u015fkin e\u015flik etmelidir.<\/li>\n<p>n \t<\/p>\n<li>tekerlekli sandalye eri\u015filebilir<\/li>\n<p>n \t<\/p>\n<li>Bebekler kuca\u011fa oturmal\u0131<\/li>\n<p>n \t<\/p>\n<li>\u00c7o\u011fu gezgin kat\u0131labilir<\/li>\n<p>n<\/ol>\n<p>n<\/p>\n<h5><b><i>\u0130ptal politikas\u0131<\/i><\/b><\/h5>\n<p>nTam para iadesi i\u00e7in l\u00fctfen \u0130ptal politikalar\u0131m\u0131z\u0131 okuyun\u00a0<a href=\"https:\/\/www.boattoursamana.com\/tr\/cevrimici-rezervasyon\/\" target=\"_blank\" rel=\"noopener\" data-saferedirecturl=\"https:\/\/www.google.com\/url?q=https:\/\/www.boattoursamana.com\/online-booking\/&amp;source=gmail&amp;ust=1672532492004000&amp;usg=AOvVaw3ylqI1cdbIPTimEqEWneyd\">Buraya T\u0131kla<\/a>. Seyahatle ayn\u0131 g\u00fcn rezervasyon iptal edilirse para kaybedilecektir.<br \/>\nn<br \/>\nn<\/div>\n<p>n\n<\/p><\/div>\n<p>n\n<\/p><\/div>\n<p>n\n<\/p><\/div>\n<p>n\n<\/p><\/div>\n<p>n\n<\/p><\/div>\n<p>n\n<\/p><\/div>\n<p>n\n<\/p><\/div>\n<p>n\n<\/p><\/div>\n<p>n\n<\/p><\/div>\n<p>n\n<\/p><\/div>\n<p>n\n<\/p><\/div>\n<p>n<\/p>\n<div class=\"vc_row wpb_row vc_row-fluid\">\nn<\/p>\n<div class=\"wpb_column vc_column_container vc_col-sm-12\">\nn<\/p>\n<div class=\"vc_column-inner\">\nn<\/p>\n<div class=\"wpb_wrapper\">\nn<\/p>\n<div class=\"vc_empty_space\"><\/div>\n<p>n<\/p>\n<div class=\"wpb_text_column wpb_content_element\">\nn<\/p>\n<div class=\"wpb_wrapper\">\nn<\/p>\n<h4>Bize Ula\u015f\u0131n?<\/h4>\n<p>n<\/p>\n<h5><b><i>TUR BAL\u0130NALARI SAMANA<\/i><\/b><\/h5>\n<p>n<em><strong>Yerliler<\/strong>\u00a0ve\u00a0<strong>uyruklular<\/strong>\u00a0Tur Rehberleri ve Misafir Hizmetleri<\/em><br \/>\nn<br \/>\nn<span class=\"text-turquoise\">Rezervasyonlar:<\/span>\u00a0Dom s\u0131n\u0131rlar\u0131ndaki Turlar ve Geziler temsilci<br \/>\nn<br \/>\nn<img decoding=\"async\" class=\"emoji\" draggable=\"false\" src=\"https:\/\/s.w.org\/images\/core\/emoji\/11.2.0\/svg\/1f4de.svg\" alt=\" \" title=\"\">\u00a0Tel \/ Naber\u00a0\u00a0<a href=\"tel:+1-809-720-6035\">+1-809-720-6035<\/a>.<br \/>\nn<br \/>\nn<img decoding=\"async\" class=\"emoji\" draggable=\"false\" src=\"https:\/\/s.w.org\/images\/core\/emoji\/11.2.0\/svg\/1f4e9.svg\" alt=\" \" title=\"\">\u00a0<a href=\"mailto:info@bookingadventures.com.do\">info@bookingadventures.com.do<\/a><br \/>\nn<br \/>\nn<strong>Whatsapp ile Esnek \u00d6zel Turlar Ayarl\u0131yoruz:\u00a0<a href=\"tel:+18097206035\">+18097206035.<\/a><\/strong><br \/>\nn<br \/>\nn<\/div>\n<p>n\n<\/p><\/div>\n<p>n\n<\/p><\/div>\n<p>n\n<\/p><\/div>\n<p>n\n<\/p><\/div>\n<p>n\n<\/p><\/div>\n<p>n<\/p>\n\n\t\t<\/div>\n\t<\/div>\n<\/div><\/div><\/div><\/div><div class=\"vc_row wpb_row vc_row-fluid\" ><div class=\"wpb_column vc_column_container vc_col-sm-12\"><div class=\"vc_column-inner\"><div class=\"wpb_wrapper\"><div class=\"vc_btn3-container vc_btn3-inline\" ><button class=\"vc_general vc_btn3 vc_btn3-size-md vc_btn3-shape-rounded vc_btn3-style-modern vc_btn3-color-green\">REZERVASYON YAP<\/button><\/div><\/div><\/div><\/div><\/div>","protected":false},"excerpt":{"rendered":"<p>From the Punta Cana hotels, we&#8217;ll enjoy the beautiful landscapes of the Oriental Mountain Range as we drive north of Punta Cana before arriving in the small fishing village of Miches at the southern shores of Samana Bay. There you will enjoy a quick breakfast prior to boarding the boat to Samana. We&#8217;ll cruise deep into the bay to whale watch. We will first reach Cayo Levantado, also known as Bacardi Island because of its close resemblance to the beaches [&hellip;]<\/p>\n","protected":false},"author":2,"featured_media":0,"parent":0,"menu_order":0,"comment_status":"open","ping_status":"closed","template":"","meta":{"footnotes":""},"class_list":["post-15774","page","type-page","status-publish","hentry"],"_links":{"self":[{"href":"https:\/\/www.boattoursamana.com\/tr\/wp-json\/wp\/v2\/pages\/15774","targetHints":{"allow":["GET"]}}],"collection":[{"href":"https:\/\/www.boattoursamana.com\/tr\/wp-json\/wp\/v2\/pages"}],"about":[{"href":"https:\/\/www.boattoursamana.com\/tr\/wp-json\/wp\/v2\/types\/page"}],"author":[{"embeddable":true,"href":"https:\/\/www.boattoursamana.com\/tr\/wp-json\/wp\/v2\/users\/2"}],"replies":[{"embeddable":true,"href":"https:\/\/www.boattoursamana.com\/tr\/wp-json\/wp\/v2\/comments?post=15774"}],"version-history":[{"count":0,"href":"https:\/\/www.boattoursamana.com\/tr\/wp-json\/wp\/v2\/pages\/15774\/revisions"}],"wp:attachment":[{"href":"https:\/\/www.boattoursamana.com\/tr\/wp-json\/wp\/v2\/media?parent=15774"}],"curies":[{"name":"wp","href":"https:\/\/api.w.org\/{rel}","templated":true}]}}