{"id":15776,"date":"2023-07-15T07:43:40","date_gmt":"2023-07-15T07:43:40","guid":{"rendered":"https:\/\/www.ticketswhales.com\/hike-kayak-los-haitises\/"},"modified":"2023-07-15T07:43:40","modified_gmt":"2023-07-15T07:43:40","slug":"hike-kayak-los-haitises","status":"publish","type":"page","link":"https:\/\/www.boattoursamana.com\/tr\/hike-kayak-los-haitises","title":{"rendered":"Y\u00fcr\u00fcy\u00fc\u015f + Kay\u0131k Los Haitises"},"content":{"rendered":"<p><span style=\"vertical-align: inherit;\"><span style=\"vertical-align: inherit;\">Mart Sabana&#039;s\u0131nda yerel bir turist rehberli\u011finde Los Haitises Ulusal Park\u0131&#039;nda 3 saat cami ve mangalda kay\u0131k. <\/span><span style=\"vertical-align: inherit;\">Selva Tropical, Cocos, Caf\u00e9 ve Cacao alanlar\u0131n\u0131 ziyaret edin. <\/span><span style=\"vertical-align: inherit;\">Parque National Los Haitises&#039;in orijinal tarihini \u00f6\u011frenin.<\/span><\/span><br \/>\nn<br \/>\nn&nbsp;<br \/>\nn<br \/>\nn<strong><span style=\"vertical-align: inherit;\"><span style=\"vertical-align: inherit;\">G\u00f6nderim yolu i\u00e7in filtreyi se\u00e7in:<\/span><\/span><\/strong><\/p>\n<p>&nbsp;<\/p>\n<div class=\"vc_row wpb_row vc_row-fluid\" ><div class=\"wpb_column vc_column_container vc_col-sm-12\"><div class=\"vc_column-inner\"><div class=\"wpb_wrapper\">\n\t<div class=\"wpb_text_column wpb_content_element\" >\n\t\t<div class=\"wpb_wrapper\">\n\t\t\t<p><span style=\"vertical-align: inherit;\"><span style=\"vertical-align: inherit;\"><\/p>\n\n\t\t<\/div>\n\t<\/div>\n<div class=\"vc_btn3-container vc_btn3-inline\" ><a class=\"vc_general vc_btn3 vc_btn3-size-md vc_btn3-shape-rounded vc_btn3-style-modern vc_btn3-color-green\" href=\"https:\/\/bookingadventures.tours\/booking.php?tour_id=214ab2ed515734864898e23b426328be\" title=\"\" rel=\"noopener\">REZERVASYON YAP<\/a><\/div><\/div><\/div><\/div><\/div><div class=\"vc_row wpb_row vc_row-fluid\" ><div class=\"wpb_column vc_column_container vc_col-sm-12\"><div class=\"vc_column-inner\"><div class=\"wpb_wrapper\">\n\t<div class=\"wpb_text_column wpb_content_element\" >\n\t\t<div class=\"wpb_wrapper\">\n\t\t\t<p>\u00a0<\/span><\/span><br \/>\nn<\/p>\n<h4><b><i><span style=\"vertical-align: inherit;\"><span style=\"vertical-align: inherit;\">Vizyon genel <\/span><\/span><\/i><\/b><\/h4>\n<p>nBu Y\u00fcr\u00fcy\u00fc\u015f Parkuru + Kano Turu Ca\u00f1o Hondo\/Sabana de La Mar liman\u0131ndan ba\u015flar. Los Haitises Milli Park\u0131&#039;ndaki Nemli Orman boyunca yakla\u015f\u0131k 3 saat y\u00fcr\u00fcy\u00fc\u015f yapaca\u011f\u0131z. Bu b\u00f6lgenin \u015fifal\u0131 bitkileri hakk\u0131nda bilgi edinecek, geni\u015f yaprakl\u0131 ormanlar\u0131n birincil ve ikincil Los Haitises Milli Park\u0131 da\u011flar\u0131n\u0131 g\u00f6recek ve ayn\u0131 zamanda Eco-lodge Ca\u00f1o Hondo&#039;nun do\u011fal havuzlar\u0131n\u0131n sular\u0131n\u0131n \u00e7\u0131kt\u0131\u011f\u0131 Jivales Nehri&#039;nin kayna\u011f\u0131na ula\u015facaks\u0131n\u0131z. Daha sonra g\u00fcvenli\u011finiz i\u00e7in gerekli ekipmanlar\u0131 (Can yele\u011fi vb), kanolar\u0131 ve mangrov batakl\u0131klar\u0131ndan ge\u00e7meyi al\u0131yoruz. Ku\u015flarla dolu mangrov a\u011fa\u00e7lar\u0131 ve yemye\u015fil bitki \u00f6rt\u00fcs\u00fcyle kapl\u0131 ini\u015fli \u00e7\u0131k\u0131\u015fl\u0131 tepeler g\u00f6receksiniz. Mangrovlar\u0131n aras\u0131ndan ve engebeli orman manzaras\u0131n\u0131 foto\u011fraflayabilece\u011finiz a\u00e7\u0131k San Lorenzo K\u00f6rfezi&#039;ndeki karadan.<br \/>\nn<br \/>\nnBu deneyimin ard\u0131ndan Cano Hondo&#039;ya veya Sabana de la mar&#039;a d\u00f6n\u00fc\u015f yapacaks\u0131n\u0131z.<br \/>\nn<\/p>\n<ul>\nn \t<\/p>\n<li style=\"font-weight: 400;\">\u00dccretler dahil<\/li>\n<p>n \t<\/p>\n<li>Los Haitises Milli Park\u0131 Y\u00fcr\u00fcy\u00fc\u015f Gezisi<\/li>\n<p>n \t<\/p>\n<li style=\"font-weight: 400;\"><span style=\"font-weight: 400;\">K\u0131lavuz talimat ve Denetim sa\u011flar<\/span><\/li>\n<p>n<\/ul>\n<p>n&nbsp;<br \/>\nn<\/p>\n<h4><b>Dahil Edilenler ve Hari\u00e7 Tutulanlar<\/b><\/h4>\n<p>n&nbsp;<br \/>\nn<br \/>\nn<b>Dahil olanlar<\/b><br \/>\nn<br \/>\nn&nbsp;<br \/>\nn<\/p>\n<ol>\nn \t<\/p>\n<li style=\"font-weight: 400;\">Los Haitises Milli Park\u0131<\/li>\n<p>n \t<\/p>\n<li>Y\u00fcr\u00fcy\u00fc\u015f + Kay\u0131k<\/li>\n<p>n \t<\/p>\n<li style=\"font-weight: 400;\"><span style=\"font-weight: 400;\">T\u00fcm vergiler, \u00fccretler ve i\u015flem \u00fccretleri<\/span><\/li>\n<p>n \t<\/p>\n<li style=\"font-weight: 400;\"><span style=\"font-weight: 400;\">Yerel vergiler<\/span><\/li>\n<p>n \t<\/p>\n<li style=\"font-weight: 400;\"><span style=\"font-weight: 400;\">\u0130\u00e7ecekler<\/span><\/li>\n<p>n \t<\/p>\n<li style=\"font-weight: 400;\"><span style=\"font-weight: 400;\">T\u00fcm aktiviteler<\/span><\/li>\n<p>n \t<\/p>\n<li style=\"font-weight: 400;\"><span style=\"font-weight: 400;\">Yerel rehber<\/span><\/li>\n<p>n<\/ol>\n<p>n<b> \u0130stisnalar<\/b><br \/>\nn<\/p>\n<ol>\nn \t<\/p>\n<li style=\"font-weight: 400;\"><span style=\"font-weight: 400;\">Bah\u015fi\u015fler<\/span><\/li>\n<p>n \t<\/p>\n<li style=\"font-weight: 400;\"><span style=\"font-weight: 400;\">Aktar<\/span><\/li>\n<p>n \t<\/p>\n<li>\u00d6\u011fle yeme\u011fi<\/li>\n<p>n \t<\/p>\n<li style=\"font-weight: 400;\"><span style=\"font-weight: 400;\">Alkoll\u00fc i\u00e7ecekler<\/span><\/li>\n<p>n<\/ol>\n<p>n&nbsp;<br \/>\nn<\/p>\n<h4><em><strong>Gidi\u015f &amp; D\u00f6n\u00fc\u015f<\/strong><\/em><\/h4>\n<p>n<span style=\"font-weight: 400;\">Gezgin, Rezervasyon \u0130\u015fleminden sonra bir bulu\u015fma noktas\u0131 alacakt\u0131r. Turlar bulu\u015fma noktalar\u0131m\u0131zda ba\u015flar ve biter.<\/span><br \/>\nn<br \/>\nn&nbsp;<br \/>\nn<\/p>\n<h2>Y\u00fcr\u00fcy\u00fc\u015f + Kay\u0131k Los Haitises Ulusal Park\u0131<\/h2>\n<p>n<\/p>\n<h4><b><i>Ne bekleyebilece\u011finizi?<\/i><\/b><\/h4>\n<p>Milli park\u0131n ad\u0131, as\u0131l sakinleri olan Taino K\u0131z\u0131lderililerinden gelmektedir. Kendi dillerinde \u201cHaitiler\u201d yaylalar veya Tepeler anlam\u0131na geliyor; k\u0131y\u0131 \u015feridinin Kire\u00e7ta\u015f\u0131 i\u00e7eren dik jeolojik olu\u015fumlar\u0131na g\u00f6nderme yap\u0131yor. Kayak yapmak 2 saat s\u00fcr\u00fcyor.<br \/>\nn<br \/>\nnBu proje alan\u0131 i\u00e7erisinde \u00c7evre Koruyucular\u0131 ve G\u00f6n\u00fcll\u00fcler olarak Yeti\u015fen Yerel Halk tur rehberleriyle Tarih ve Do\u011fay\u0131 \u00d6\u011freniyoruz. \u201cBooking Adventures\u201d taraf\u0131ndan d\u00fczenlenen tur, Tur Rehberi ile belirlenen bulu\u015fma noktas\u0131nda ba\u015fl\u0131yor.<br \/>\nn<br \/>\nTarlalar ve tar\u0131m arazileri aras\u0131nda yapaca\u011f\u0131n\u0131z ilk y\u00fcr\u00fcy\u00fc\u015f\u00fcn ard\u0131ndan Hindistan Cevizi ve Kakao Orman\u0131 boyunca y\u00fcr\u00fcmeye ba\u015flayacaks\u0131n\u0131z. Los Haitises Milli Park\u0131&#039;n\u0131n i\u00e7indeki birincil ve e\u015fsiz koruma orman\u0131 alan\u0131na her dakika girmek. Rezervasyon Maceralar\u0131 ile gelin ve baz\u0131 Endemik Ku\u015flar\u0131, Memelileri ve Bitki t\u00fcrlerini, yemye\u015fil bitki \u00f6rt\u00fcs\u00fcyle kapl\u0131 ini\u015fli \u00e7\u0131k\u0131\u015fl\u0131 tepeleri ve ma\u011faralar\u0131 incelemeye ba\u015flay\u0131n. <em><strong>Los Haitises Milli Park\u0131<\/strong><\/em>.<br \/>\nn<\/p>\n<div class=\"body-description secondary\">\nn<br \/>\nnMilli park\u0131n ad\u0131 ilk sakinleri olan Taino yerlilerinden gelmektedir. Onlar\u0131n dilinde \"Haitises\", k\u0131y\u0131 \u015feridinin kire\u00e7ta\u015flar\u0131yla kapl\u0131 dik jeolojik olu\u015fumlar\u0131na bir g\u00f6nderme olarak yaylalar ya da tepeler anlam\u0131na gelmektedir. A\u015fa\u011f\u0131daki gibi ma\u011faralar\u0131 ke\u015ffetmek i\u00e7in park\u0131n daha derinlerine inin <em><strong>Cueva de la Arena<\/strong><\/em> ve <strong><em>Cueva de la Linea. Tekne turunu Y\u00fcr\u00fcy\u00fc\u015f gezisi ile e\u015fle\u015ftirebilirsiniz. Sadece bizimle ileti\u015fime ge\u00e7in.<\/em><\/strong><br \/>\nn<br \/>\nRezervdeki ma\u011faralar Taino K\u0131z\u0131lderilileri taraf\u0131ndan ve daha sonra korsanlar\u0131n saklanmas\u0131 i\u00e7in bar\u0131nak olarak kullan\u0131ld\u0131. Baz\u0131 duvarlar\u0131 s\u00fcsleyen K\u0131z\u0131lderililerin \u00e7izimlerine bak\u0131n. Ya\u011fmur Orman\u0131&#039;nda 700&#039;den fazla bitki t\u00fcr\u00fc var, bu y\u00fcr\u00fcy\u00fc\u015f parkurunda ziyaret\u00e7ilere bildi\u011fimiz t\u00fcm t\u0131bbi bitkileri \u00f6\u011fretmeye \u00e7al\u0131\u015f\u0131yoruz.<br \/>\nn<br \/>\nn\u00d6\u011frenmeye, y\u00fcr\u00fcy\u00fc\u015fe \u00e7\u0131kmaya ve Los Haitises Milli Park\u0131&#039;n\u0131n ger\u00e7ek do\u011fas\u0131n\u0131n tad\u0131n\u0131 \u00e7\u0131karmaya gelin.<br \/>\nn<br \/>\nn<\/div>\n<p>n&nbsp;<br \/>\nn<\/p>\n<h4><em><strong>Ne getirmelisin?<\/strong><\/em><\/h4>\n<p>n<\/p>\n<ul>\nn \t<\/p>\n<li style=\"font-weight: 400;\"><span style=\"font-weight: 400;\">Kamera<\/span><\/li>\n<p>n \t<\/p>\n<li style=\"font-weight: 400;\"><span style=\"font-weight: 400;\">Kovucu tomurcuklar<\/span><\/li>\n<p>n \t<\/p>\n<li style=\"font-weight: 400;\"><span style=\"font-weight: 400;\">G\u00fcne\u015f kremi<\/span><\/li>\n<p>n \t<\/p>\n<li style=\"font-weight: 400;\"><span style=\"font-weight: 400;\">\u015eapka<\/span><\/li>\n<p>n \t<\/p>\n<li style=\"font-weight: 400;\"><span style=\"font-weight: 400;\">rahat pantolon<\/span><\/li>\n<p>n \t<\/p>\n<li style=\"font-weight: 400;\"><span style=\"font-weight: 400;\">Orman i\u00e7in y\u00fcr\u00fcy\u00fc\u015f ayakkab\u0131s\u0131<\/span><\/li>\n<p>n \t<\/p>\n<li style=\"font-weight: 400;\"><span style=\"font-weight: 400;\">Bahar b\u00f6lgelerine sandalet.<\/span><\/li>\n<p>n \t<\/p>\n<li style=\"font-weight: 400;\"><span style=\"font-weight: 400;\">Y\u00fczme giysileri<\/span><\/li>\n<p>n<\/ul>\n<p>n&nbsp;<br \/>\nn<\/p>\n<h4><b><i>otelden alma <\/i><\/b><\/h4>\n<p>n<span style=\"font-weight: 400;\">Bu tur i\u00e7in otelden alma hizmeti sunulmamaktad\u0131r. Cano Hondo Hotel&#039;de veya Sabana de la mar b\u00f6lgesindeki Otellerde iseniz.<\/span><br \/>\nn<br \/>\nn<b>Not:<\/b><span style=\"font-weight: 400;\"> Tur\/Gezi kalk\u0131\u015f saatinden sonraki 24 saat i\u00e7inde rezervasyon yap\u0131yorsan\u0131z, Dominik Cumhuriyeti&#039;nin herhangi bir yerinden ekstra \u00dccretler kar\u015f\u0131l\u0131\u011f\u0131nda otelden alma ayarlayabiliriz. Sat\u0131n alma i\u015fleminiz tamamland\u0131\u011f\u0131nda, teslim alma d\u00fczenlemelerini organize etmesi i\u00e7in size yerel Tur rehberimizin eksiksiz ileti\u015fim bilgilerini (telefon numaras\u0131, e-posta adresi vb.) g\u00f6nderece\u011fiz.<\/span><br \/>\nn<\/p>\n<h4><b><i>Ek Bilgi Onay\u0131 <\/i><\/b><\/h4>\n<p>n<\/p>\n<ol>\nn \t<\/p>\n<li>Biletler, bu Turu \u00f6dedikten sonra Makbuzdur. \u00d6demeyi telefonunuzda g\u00f6sterebilirsiniz.<\/li>\n<p>n \t<\/p>\n<li style=\"font-weight: 400;\"><span style=\"font-weight: 400;\">Bulu\u015fma Noktas\u0131 Rezervasyon \u0130\u015fleminden Sonra Al\u0131nacakt\u0131r.<\/span><\/li>\n<p>n \t<\/p>\n<li style=\"font-weight: 400;\"><span style=\"font-weight: 400;\">\u00c7ocuklara bir yeti\u015fkin e\u015flik etmelidir.<\/span><\/li>\n<p>n \t<\/p>\n<li style=\"font-weight: 400;\"><span style=\"font-weight: 400;\"> Tekerlekli sandalye eri\u015fimine uygun de\u011fil <\/span><\/li>\n<p>n \t<\/p>\n<li style=\"font-weight: 400;\"><span style=\"font-weight: 400;\">Bebekler kuca\u011fa oturmal\u0131 <\/span><\/li>\n<p>n \t<\/p>\n<li style=\"font-weight: 400;\"><span style=\"font-weight: 400;\">S\u0131rt sorunu olan gezginler i\u00e7in \u00f6nerilmez<\/span><\/li>\n<p>n \t<\/p>\n<li style=\"font-weight: 400;\"><span style=\"font-weight: 400;\">Hamile gezginler i\u00e7in \u00f6nerilmez <\/span><\/li>\n<p>n \t<\/p>\n<li style=\"font-weight: 400;\"><span style=\"font-weight: 400;\"> Kalp problemi veya di\u011fer ciddi t\u0131bbi durumlar yok <\/span><\/li>\n<p>n \t<\/p>\n<li style=\"font-weight: 400;\"><span style=\"font-weight: 400;\">\u00c7o\u011fu gezgin kat\u0131labilir<\/span><\/li>\n<p>n<\/ol>\n<p>n<\/p>\n<h4><b><i>\u0130ptal politikas\u0131<\/i><\/b><\/h4>\n<p>nTam para iadesi i\u00e7in l\u00fctfen \u0130ptal politikalar\u0131m\u0131z\u0131 okuyun\u00a0<a href=\"https:\/\/www.boattoursamana.com\/tr\/cevrimici-rezervasyon\/\" target=\"_blank\" rel=\"noopener\" data-saferedirecturl=\"https:\/\/www.google.com\/url?q=https:\/\/www.boattoursamana.com\/online-booking\/&amp;source=gmail&amp;ust=1672532492004000&amp;usg=AOvVaw3ylqI1cdbIPTimEqEWneyd\">Buraya T\u0131kla<\/a>. Seyahatle ayn\u0131 g\u00fcn rezervasyon iptal edilirse para kaybedilecektir.<\/p>\n\n\t\t<\/div>\n\t<\/div>\n<div class=\"vc_btn3-container vc_btn3-inline\" ><a class=\"vc_general vc_btn3 vc_btn3-size-md vc_btn3-shape-rounded vc_btn3-style-modern vc_btn3-color-green\" href=\"https:\/\/bookingadventures.tours\/booking.php?tour_id=214ab2ed515734864898e23b426328be\" title=\"\" rel=\"noopener\">REZERVASYON YAP<\/a><\/div><div class=\"mkdf-section-title-holder\" style=\"text-align: left\">\n\t<div class=\"mkdf-st-inner\">\n\t\t\t\t\t<h5 class=\"mkdf-st-subtitle\" >\n\t\t\t\tYa\u011fmur Orman\u0131 Y\u00fcr\u00fcy\u00fc\u015f\u00fc ve Kano\t\t\t<\/h5>\n\t\t\t\t\t\t\t<h3 class=\"mkdf-st-title\" >\n\t\t\t\tY\u00fcr\u00fcy\u00fc\u015f + Kay\u0131k Los Haitises Ulusal Park\u0131\t\t\t<\/h3>\n\t\t\t\t\t\t\t<p class=\"mkdf-st-text\" >\n\t\t\t\tBu Deneyim \u0130\u00e7in Minimum 2 Kat\u0131l\u0131mc\u0131 Gerekmektedir. 2 de\u011filseniz, l\u00fctfen bizimle ileti\u015fime ge\u00e7mekten \u00e7ekinmeyin!\t\t\t<\/p>\n\t\t\t<\/div>\n<\/div><\/div><\/div><\/div><\/div><div class=\"vc_row wpb_row vc_row-fluid\" ><div class=\"wpb_column vc_column_container vc_col-sm-12\"><div class=\"vc_column-inner\"><div class=\"wpb_wrapper\"><\/div><\/div><\/div><\/div><div class=\"vc_row wpb_row vc_row-fluid\" ><\/div><div class=\"wpb_column vc_column_container vc_col-sm-12\"><div class=\"vc_column-inner\"><div class=\"wpb_wrapper\"><\/div><\/div><\/div><div class=\"vc_empty_space\"   style=\"height: 32px\"><span class=\"vc_empty_space_inner\"><\/span><\/div><div class=\"vc_empty_space\"   style=\"height: 32px\"><span class=\"vc_empty_space_inner\"><\/span><\/div><div class=\"vc_row wpb_row vc_row-fluid\" ><div class=\"wpb_column vc_column_container vc_col-sm-12\"><div class=\"vc_column-inner\"><div class=\"wpb_wrapper\"><div class=\"vc_btn3-container vc_btn3-inline\" ><a class=\"vc_general vc_btn3 vc_btn3-size-md vc_btn3-shape-rounded vc_btn3-style-modern vc_btn3-color-green\" href=\"https:\/\/bookingadventures.tours\/booking.php?tour_id=214ab2ed515734864898e23b426328be\" title=\"\" rel=\"noopener\">REZERVASYON YAP<\/a><\/div><\/div><\/div><\/div><\/div>","protected":false},"excerpt":{"rendered":"<p>Caminata de 3 horas y kayak en manglares en el Parque Nacional Los Haitises con un gu\u00eda tur\u00edstico local desde Sabana de la mar. Visitando las \u00e1reas de Selva Tropical, Cocos, Caf\u00e9 y Cacao. Aprendiendo sobre la historia original del Parque Nacional Los Haitises. n n&nbsp; n nSeleccione la fecha para el viaje de senderismo: &nbsp;<\/p>","protected":false},"author":2,"featured_media":0,"parent":0,"menu_order":0,"comment_status":"open","ping_status":"closed","template":"","meta":{"footnotes":""},"class_list":["post-15776","page","type-page","status-publish","hentry"],"_links":{"self":[{"href":"https:\/\/www.boattoursamana.com\/tr\/wp-json\/wp\/v2\/pages\/15776","targetHints":{"allow":["GET"]}}],"collection":[{"href":"https:\/\/www.boattoursamana.com\/tr\/wp-json\/wp\/v2\/pages"}],"about":[{"href":"https:\/\/www.boattoursamana.com\/tr\/wp-json\/wp\/v2\/types\/page"}],"author":[{"embeddable":true,"href":"https:\/\/www.boattoursamana.com\/tr\/wp-json\/wp\/v2\/users\/2"}],"replies":[{"embeddable":true,"href":"https:\/\/www.boattoursamana.com\/tr\/wp-json\/wp\/v2\/comments?post=15776"}],"version-history":[{"count":0,"href":"https:\/\/www.boattoursamana.com\/tr\/wp-json\/wp\/v2\/pages\/15776\/revisions"}],"wp:attachment":[{"href":"https:\/\/www.boattoursamana.com\/tr\/wp-json\/wp\/v2\/media?parent=15776"}],"curies":[{"name":"wp","href":"https:\/\/api.w.org\/{rel}","templated":true}]}}