{"id":15780,"date":"2023-07-15T07:43:40","date_gmt":"2023-07-15T07:43:40","guid":{"rendered":"https:\/\/www.ticketswhales.com\/birdwatching-punta-cana-birding-tours-from-punta-cana-to-los-haitises-national-park\/"},"modified":"2023-07-15T07:43:40","modified_gmt":"2023-07-15T07:43:40","slug":"birdwatching-punta-cana-birding-tours-from-punta-cana-to-los-haitises-national-park","status":"publish","type":"page","link":"https:\/\/www.boattoursamana.com\/tr\/punta-cana-dan-los-haitises-ulusal-parkina-punta-cana-kus-gozlemciligi-turlari-2","title":{"rendered":"Ku\u015f G\u00f6zlemcili\u011fi Punta Cana \u2013 Punta Cana&#039;dan Los Haitises Ulusal Park\u0131&#039;na Ku\u015f G\u00f6zlemcili\u011fi Turlar\u0131"},"content":{"rendered":"<p><span style=\"vertical-align: inherit;\"><span style=\"vertical-align: inherit;\">Haitises Ulusal Parque Tropical Selva g\u00f6nderilerinde tamamlanan Ma\u00f1ana&#039;n\u0131n g\u00f6zlemi. <\/span><span style=\"vertical-align: inherit;\">Bu park, ku\u015flar\u0131n ve hayvanlar\u0131n t\u00fcrlerinin b\u00fcy\u00fck bir \u00e7e\u015fitlili\u011fidir ve ku\u015f g\u00f6zlemcilerinin favorisidir. <\/span><span style=\"vertical-align: inherit;\">Di\u011fer bir \u00e7ok a\u011fa\u00e7ta bir \u00e7ok manzaraya sahipseniz, Cano Hondo&#039;nun yerle\u015fim yeri, tropik ormanlar\u0131n en \u00f6nemli \u00f6zelli\u011fi olan kakao bitkilerinin ve kafenin, vida g\u00f6zlemini kolayla\u015ft\u0131ran bir alan\u0131n zirvesindedir. silvestre. <\/span><span style=\"vertical-align: inherit;\">Bu \u00f6zel bir yoldur. <\/span><span style=\"vertical-align: inherit;\">Punta Cana&#039;ya geri d\u00f6nmek ve onlar\u0131 g\u00f6zlemlemek i\u00e7in bir an i\u00e7in bir dokunu\u015f yapabilirsiniz.<\/span><\/span><br \/>\nn<br \/>\nn<em><strong><span style=\"vertical-align: inherit;\"><span style=\"vertical-align: inherit;\">Etkinle\u015ftirme modunu se\u00e7in.<\/span><\/span><\/strong><\/em><\/p>\n<p>&nbsp;<\/p>\n<div class=\"vc_row wpb_row vc_row-fluid\" ><div class=\"wpb_column vc_column_container vc_col-sm-12\"><div class=\"vc_column-inner\"><div class=\"wpb_wrapper\"><div class=\"mkdf-section-title-holder\" style=\"text-align: left\">\n\t<div class=\"mkdf-st-inner\">\n\t\t\t\t\t<h5 class=\"mkdf-st-subtitle\" >\n\t\t\t\tLos Haitises Milli Park\u0131&#039;nda ku\u015f g\u00f6zlemcili\u011fi\t\t\t<\/h5>\n\t\t\t\t\t\t\t<h3 class=\"mkdf-st-title\" >\n\t\t\t\tPunta Cana&#039;dan Los Haitises Ulusal Park\u0131&#039;na Ku\u015f G\u00f6zlemcili\u011fi Turlar\u0131\t\t\t<\/h3>\n\t\t\t\t\t<\/div>\n<\/div><\/div><\/div><\/div><\/div><div class=\"vc_row wpb_row vc_row-fluid\" ><\/div><div class=\"wpb_column vc_column_container vc_col-sm-12\"><div class=\"vc_column-inner\"><div class=\"wpb_wrapper\"><\/div><\/div><\/div>\n\t<div class=\"wpb_text_column wpb_content_element\" >\n\t\t<div class=\"wpb_wrapper\">\n\t\t\t<p>\nn<br \/>\nnBen metin blo\u011fuyum. Bu metni de\u011fi\u015ftirmek i\u00e7in d\u00fczenle d\u00fc\u011fmesine t\u0131klay\u0131n. Lorem ipsum dolor sit amet, consectetur adipiscing elit. Ut elit tellus, luctus nec ullamcorper mattis, pulvinar dapibus leo.<br \/>\nn<br \/>\nn<\/p>\n\n\t\t<\/div>\n\t<\/div>\n<div class=\"vc_row wpb_row vc_row-fluid\" ><\/div><div class=\"wpb_column vc_column_container vc_col-sm-12\"><div class=\"vc_column-inner\"><div class=\"wpb_wrapper\"><\/div><\/div><\/div>\n\t<div class=\"wpb_text_column wpb_content_element\" >\n\t\t<div class=\"wpb_wrapper\">\n\t\t\t<p>\nn<br \/>\nnBen metin blo\u011fuyum. Bu metni de\u011fi\u015ftirmek i\u00e7in d\u00fczenle d\u00fc\u011fmesine t\u0131klay\u0131n. Lorem ipsum dolor sit amet, consectetur adipiscing elit. Ut elit tellus, luctus nec ullamcorper mattis, pulvinar dapibus leo.<br \/>\nn<br \/>\nn<\/p>\n\n\t\t<\/div>\n\t<\/div>\n<div class=\"vc_row wpb_row vc_row-fluid\" ><div class=\"wpb_column vc_column_container vc_col-sm-12\"><div class=\"vc_column-inner\"><div class=\"wpb_wrapper\"><\/div><\/div><\/div><\/div>","protected":false},"excerpt":{"rendered":"<p>Observaci\u00f3n de aves Ma\u00f1ana completa en los senderos de la Selva Tropical del Parque Nacional Los Haitises. Este parque tiene una gran variedad de especies de aves y animales y es el favorito de los observadores de aves. Si bien el n\u00famero visto puede ser m\u00e1s alto que en otros lugares, la ubicaci\u00f3n de Cano Hondo en un \u00e1rea levemente h\u00fameda del pa\u00eds significa que la selva tropical es m\u00e1s abierta con menos plantaciones de cacao y caf\u00e9, lo que [&hellip;]<\/p>\n","protected":false},"author":2,"featured_media":0,"parent":0,"menu_order":0,"comment_status":"open","ping_status":"closed","template":"","meta":{"footnotes":""},"class_list":["post-15780","page","type-page","status-publish","hentry"],"_links":{"self":[{"href":"https:\/\/www.boattoursamana.com\/tr\/wp-json\/wp\/v2\/pages\/15780","targetHints":{"allow":["GET"]}}],"collection":[{"href":"https:\/\/www.boattoursamana.com\/tr\/wp-json\/wp\/v2\/pages"}],"about":[{"href":"https:\/\/www.boattoursamana.com\/tr\/wp-json\/wp\/v2\/types\/page"}],"author":[{"embeddable":true,"href":"https:\/\/www.boattoursamana.com\/tr\/wp-json\/wp\/v2\/users\/2"}],"replies":[{"embeddable":true,"href":"https:\/\/www.boattoursamana.com\/tr\/wp-json\/wp\/v2\/comments?post=15780"}],"version-history":[{"count":0,"href":"https:\/\/www.boattoursamana.com\/tr\/wp-json\/wp\/v2\/pages\/15780\/revisions"}],"wp:attachment":[{"href":"https:\/\/www.boattoursamana.com\/tr\/wp-json\/wp\/v2\/media?parent=15780"}],"curies":[{"name":"wp","href":"https:\/\/api.w.org\/{rel}","templated":true}]}}