{"id":15786,"date":"2023-07-15T07:43:40","date_gmt":"2023-07-15T07:43:40","guid":{"rendered":"https:\/\/www.ticketswhales.com\/saona-island-private-tour-from-boca-chica-hotels-boca-chica-lobby\/"},"modified":"2023-07-15T07:43:40","modified_gmt":"2023-07-15T07:43:40","slug":"saona-island-private-tour-from-boca-chica-hotels-boca-chica-lobby","status":"publish","type":"page","link":"https:\/\/www.boattoursamana.com\/tr\/boca-chica-hotels-boca-chica-lobisinden-saona-ada-ozel-turu-2","title":{"rendered":"Boca Chica Hotels- Boca Chica Lobby&#039;den Saona Adas\u0131 \u00d6zel Turu"},"content":{"rendered":"<p><span style=\"vertical-align: inherit;\"><span style=\"vertical-align: inherit;\"><span style=\"vertical-align: inherit;\"><span style=\"vertical-align: inherit;\">Bayahibe liman\u0131ndaki Saona adas\u0131nda bir g\u00fcn ge\u00e7irin. <\/span><\/span><\/span><span style=\"vertical-align: inherit;\"><span style=\"vertical-align: inherit;\"><span style=\"vertical-align: inherit;\">Almuerzo ve piscinas naturales dahil. <\/span><\/span><\/span><span style=\"vertical-align: inherit;\"><span style=\"vertical-align: inherit;\"><span style=\"vertical-align: inherit;\">Dominika Cumhuriyeti&#039;nin bir par\u00e7as\u0131 olarak teslim edilmesi gerekti\u011finde. <\/span><\/span><\/span><span style=\"vertical-align: inherit;\"><span style=\"vertical-align: inherit;\"><span style=\"vertical-align: inherit;\">Saona Adas\u0131&#039;ndaki en b\u00fcy\u00fck deneyimlerle basit ileti\u015fim ve deneyimler.<\/span><\/span><\/span><\/span><br \/>\nn<br \/>\nn&nbsp;<br \/>\nn<br \/>\nn<em><strong><span style=\"vertical-align: inherit;\"><span style=\"vertical-align: inherit;\"><span style=\"vertical-align: inherit;\"><span style=\"vertical-align: inherit;\">Tur i\u00e7in bir masa se\u00e7in\u00a0<\/span><\/span><\/span><\/span><\/strong><\/em><\/p>\n<p>&nbsp;<\/p>\n<div class=\"vc_row wpb_row vc_row-fluid\" ><div class=\"wpb_column vc_column_container vc_col-sm-12\"><div class=\"vc_column-inner\"><div class=\"wpb_wrapper\">\n\t<div class=\"wpb_text_column wpb_content_element\" >\n\t\t<div class=\"wpb_wrapper\">\n\t\t\t<p>\nn<\/p>\n<h2><b><i>Saona Adas\u0131 \u00d6zel Gezisi\u00a0<\/i><\/b><\/h2>\n<p>n<\/p>\n<h4><b><i>genel bak\u0131\u015f<\/i><\/b><\/h4>\n<p>n<\/p>\n<div>Teknelerde hareket ana iskeleden yap\u0131l\u0131r. <strong>bayahibe<\/strong> sabah 9:00&#039;da ve ak\u015fam 5&#039;te d\u00f6n\u00fc\u015f. E\u011fer\u00a0<b>( ba\u015fkalar\u0131ndan \u00f6zel transfer ekliyorsan\u0131z bu sefere sefer s\u00fcresi de\u011fi\u015febilir)<\/b> <span style=\"font-size: 16px;\">Bu gezi sizi d\u00fcnyan\u0131n en iyi plajlar\u0131na g\u00f6t\u00fcr\u00fcr. <strong>Saona adas\u0131<\/strong> (Isla Saona) Bayahibe kasabas\u0131ndan ba\u015flayarak, \u00f6\u011fle yeme\u011finizi adada al\u0131r ve adan\u0131n do\u011fal havuzlar\u0131nda mola verirsiniz.<strong> Cotubanama Ulusal Park\u0131<\/strong>. Dominik Cumhuriyeti&#039;nin g\u00fczel g\u00fcneydo\u011fu k\u0131y\u0131s\u0131n\u0131n keyfini \u00e7\u0131kar\u0131n, tekneye bindikten sonra bu e\u015fsiz yerin farkl\u0131 plajlar\u0131n\u0131, manzaralar\u0131n\u0131, mangrovlar\u0131n\u0131 ve kire\u00e7ta\u015f\u0131 olu\u015fumlar\u0131n\u0131 g\u00f6zlemleyerek k\u0131y\u0131 boyunca yelken a\u00e7acaks\u0131n\u0131z.\u00a0<\/span><\/div>\n<p>n<\/p>\n<div>\nn<br \/>\nn<span style=\"font-weight: 400;\">Adaya ula\u015f\u0131m yakla\u015f\u0131k 45 dakika s\u00fcr\u00fcyor ve tur s\u0131ras\u0131nda g\u00f6rme \u015fans\u0131n\u0131z olacak. <strong>mano juan<\/strong>Adada kurulmu\u015f tek topluluk olan, ayn\u0131 yerde \u00f6\u011fle yeme\u011fi yeme imkan\u0131n\u0131z var, Mano Juan&#039;a gitmemeniz durumunda, B\u00f6lgedeki farkl\u0131 plajlar\u0131 ziyaret edeceksiniz ve \u00f6\u011fle yeme\u011fi kumsalda olacak, adada \u015fnorkel yapma imkan\u0131n\u0131z da olacak.<\/span><br \/>\nn<br \/>\nn<span style=\"font-weight: 400;\">Adan\u0131n farkl\u0131 yerlerindeki gezinizi bitirdi\u011finizde, Tur Rehberi ile bulu\u015faca\u011f\u0131n\u0131z yere geri d\u00f6neceksiniz.<\/span><br \/>\nn<\/p>\n<ul>\nn \t<\/p>\n<li style=\"font-weight: 400;\"><span style=\"font-weight: 400;\">Sahilde a\u00e7\u0131k b\u00fcfe \u00f6\u011fle yeme\u011fi dahildir.<\/span><\/li>\n<p>n \t<\/p>\n<li style=\"font-weight: 400;\"><span style=\"font-weight: 400;\">Do\u011fal havuz<\/span><\/li>\n<p>n \t<\/p>\n<li style=\"font-weight: 400;\"><span style=\"font-weight: 400;\">Tekne veya katamaran ile transfer<\/span><\/li>\n<p>n \t<\/p>\n<li style=\"font-weight: 400;\"><span style=\"font-weight: 400;\">Kaptan talimat ve denetim sa\u011flar<\/span><\/li>\n<p>n<\/ul>\n<p>n\n<\/p><\/div>\n<p>n&nbsp;<br \/>\nn<\/p>\n<h2><b>Dahil Edilenler ve Hari\u00e7 Tutulanlar<\/b><\/h2>\n<p>n<b>Dahil olanlar<\/b><br \/>\nn<\/p>\n<ol>\nn \t<\/p>\n<li>S\u00fcrat Teknesi veya Katamaran gezisi (Grup b\u00fcy\u00fckl\u00fc\u011f\u00fcne ba\u011fl\u0131 olarak t\u00fcm\u00fc)<\/li>\n<p>n \t<\/p>\n<li style=\"font-weight: 400;\"><span style=\"font-weight: 400;\">Sahilde a\u00e7\u0131k b\u00fcfe \u00f6\u011fle yeme\u011fi<\/span><\/li>\n<p>n \t<\/p>\n<li>Do\u011fal havuz<\/li>\n<p>n \t<\/p>\n<li style=\"font-weight: 400;\"><span style=\"font-weight: 400;\">T\u00fcm vergiler, \u00fccretler ve i\u015flem \u00fccretleri<\/span><\/li>\n<p>n \t<\/p>\n<li style=\"font-weight: 400;\"><span style=\"font-weight: 400;\">Yerel vergiler<\/span><\/li>\n<p>n \t<\/p>\n<li style=\"font-weight: 400;\"><span style=\"font-weight: 400;\">\u0130\u00e7ecekler<\/span><\/li>\n<p>n<\/ol>\n<p>n<b> \u0130stisnalar<\/b><br \/>\nn<\/p>\n<ol>\nn \t<\/p>\n<li style=\"font-weight: 400;\"><span style=\"font-weight: 400;\">Bah\u015fi\u015fler<\/span><\/li>\n<p>n \t<\/p>\n<li>Yerel rehber<\/li>\n<p>n<\/ol>\n<p>n&nbsp;<br \/>\nn<\/p>\n<h4><em><strong>Gidi\u015f &amp; D\u00f6n\u00fc\u015f<\/strong><\/em><\/h4>\n<p>n<span style=\"font-weight: 400;\">Bulundu\u011funuz b\u00f6lgeye g\u00f6re sizi almak ve b\u0131rakmak i\u00e7in tasarlanm\u0131\u015f bir program\u0131m\u0131z var. <\/span><span style=\"font-weight: 400;\">Gezgin, Rezervasyon \u0130\u015fleminden sonra bir bulu\u015fma noktas\u0131 alacakt\u0131r. Turlar bulu\u015fma noktalar\u0131m\u0131zda ba\u015flar ve biter.<\/span><br \/>\nn<br \/>\nn&nbsp;<br \/>\nn<\/p>\n<h4><b><i>Ne bekleyebilece\u011finizi?<\/i><\/b><\/h4>\n<p>n&nbsp;<br \/>\nn<br \/>\nn<em><strong>biletlerinizi al\u0131n<\/strong><\/em> Bayahibe&#039;deki Saona adas\u0131nda (Isla Saona) bir g\u00fcnl\u00fck ge\u00e7i\u015f art\u0131 harika bir \u00f6\u011fle yeme\u011fi ve plaj zaman\u0131.<br \/>\nn<br \/>\nn<span style=\"font-weight: 400;\">\u201cBooking Adventures\u201d taraf\u0131ndan d\u00fczenlenen G\u00fcn\u00fcbirlik Gezi, Tur Rehberi ile belirlenen bulu\u015fma noktas\u0131nda ba\u015flar. <\/span>Sahilde \u00f6\u011fle yeme\u011fi ve istedi\u011finiz kadar kalabilirsiniz. Vegan iseniz sizin i\u00e7in yemek de haz\u0131rlayabiliriz.<br \/>\nn<br \/>\nBu Tekne turu Bayahibe&#039;de ba\u015fl\u0131yor ancak Grubun nerede oldu\u011funa ba\u011fl\u0131 olarak ek \u00fccret kar\u015f\u0131l\u0131\u011f\u0131nda \u00d6zel Transfer sunuyoruz.<br \/>\nn<br \/>\nn<strong>Masa saati:<\/strong><br \/>\nn<br \/>\n07:45 \u2013 18:00<br \/>\nn<br \/>\nn&nbsp;<br \/>\nn<\/p>\n<h4><em><strong>Ne getirmelisin?<\/strong><\/em><\/h4>\n<p>n<\/p>\n<ul>\nn \t<\/p>\n<li style=\"font-weight: 400;\"><span style=\"font-weight: 400;\">Kamera<\/span><\/li>\n<p>n \t<\/p>\n<li style=\"font-weight: 400;\"><span style=\"font-weight: 400;\">Kovucu tomurcuklar<\/span><\/li>\n<p>n \t<\/p>\n<li style=\"font-weight: 400;\"><span style=\"font-weight: 400;\">G\u00fcne\u015f kremi<\/span><\/li>\n<p>n \t<\/p>\n<li style=\"font-weight: 400;\"><span style=\"font-weight: 400;\">\u015eapka<\/span><\/li>\n<p>n \t<\/p>\n<li style=\"font-weight: 400;\"><span style=\"font-weight: 400;\">rahat pantolon<\/span><\/li>\n<p>n \t<\/p>\n<li style=\"font-weight: 400;\"><span style=\"font-weight: 400;\">Orman i\u00e7in y\u00fcr\u00fcy\u00fc\u015f ayakkab\u0131s\u0131<\/span><\/li>\n<p>n \t<\/p>\n<li style=\"font-weight: 400;\"><span style=\"font-weight: 400;\">Sahile giden sandaletler<\/span><\/li>\n<p>n \t<\/p>\n<li style=\"font-weight: 400;\"><span style=\"font-weight: 400;\">Y\u00fczme giysileri<\/span><\/li>\n<p>n \t<\/p>\n<li>Hat\u0131ra E\u015fyas\u0131 i\u00e7in nakit<\/li>\n<p>n<\/ul>\n<p>n&nbsp;<br \/>\nn<\/p>\n<h2><b><i>Saona Adas\u0131 g\u00fcn\u00fcbirlik gezi i\u00e7in Otelden Alma<\/i><\/b><\/h2>\n<p>n<span style=\"font-weight: 400;\">Lokasyonlar\u0131n\u0131za g\u00f6re belirledi\u011fimiz programd\u0131r. L\u00fctfen bize \u00f6zel otelinizi bildirin, sizinle nerede bulu\u015faca\u011f\u0131m\u0131z\u0131 s\u00f6ylemek i\u00e7in sizinle ileti\u015fime ge\u00e7ece\u011fiz. Bu Transfer se\u00e7enekleri ek \u00fccrete tabidir. Bu gezi Bayahibe&#039;de ba\u015fl\u0131yor.<\/span><br \/>\nn<\/p>\n<table style=\"height: 487px;\" width=\"420\">\nn<\/p>\n<tbody>\nn<\/p>\n<tr>\nn<\/p>\n<td><b>Yer<\/b><\/td>\n<p>n<\/p>\n<td><b>Zaman<\/b><\/td>\n<p>n<\/tr>\n<p>n<\/p>\n<tr>\nn<\/p>\n<td><b>Punta Cana<\/b><\/td>\n<p>n<\/p>\n<td><b>07:45<\/b><\/td>\n<p>n<\/tr>\n<p>n<\/p>\n<tr>\nn<\/p>\n<td><b>Bavaro<\/b><\/td>\n<p>n<\/p>\n<td><b>sabah 7:30<\/b><\/td>\n<p>n<\/tr>\n<p>n<\/p>\n<tr>\nn<\/p>\n<td><b>Uvero Altos<\/b><\/td>\n<p>n<\/p>\n<td><b>sabah 7.00<\/b><\/td>\n<p>n<\/tr>\n<p>n<\/p>\n<tr>\nn<\/p>\n<td><b>Kul\u00fcp Med<\/b><\/td>\n<p>n<\/p>\n<td><b>sabah 7.00<\/b><\/td>\n<p>n<\/tr>\n<p>n<\/p>\n<tr>\nn<\/p>\n<td><b>Boca Chica<\/b><\/td>\n<p>n<\/p>\n<td><b>sabah 7.00<\/b><\/td>\n<p>n<\/tr>\n<p>n<\/p>\n<tr>\nn<\/p>\n<td><b>Santo Domingo<\/b><\/td>\n<p>n<\/p>\n<td><b>06:40<\/b><\/td>\n<p>n<\/tr>\n<p>n<\/p>\n<tr>\nn<\/p>\n<td><b>Juan Doli\u00f3<\/b><\/td>\n<p>n<\/p>\n<td><b>sabah 7.00<\/b><\/td>\n<p>n<\/tr>\n<p>n<\/tbody>\n<p>n<\/table>\n<p>n&nbsp;<br \/>\nn<br \/>\nn<b>Not:<\/b><span style=\"font-weight: 400;\"> tur\/Gezi hareket saatinden sonraki 24 saat i\u00e7inde rezervasyon yap\u0131yorsan\u0131z, ek \u00fccret kar\u015f\u0131l\u0131\u011f\u0131nda otelden alma ayarlayabiliriz. Sat\u0131n alma i\u015fleminiz tamamland\u0131\u011f\u0131nda, teslim alma d\u00fczenlemelerini organize etmesi i\u00e7in size yerel Tur rehberimizin eksiksiz ileti\u015fim bilgilerini (telefon numaras\u0131, e-posta adresi vb.) g\u00f6nderece\u011fiz.<\/span><br \/>\nn<\/p>\n<h4><b><i>Ek Bilgi Onay\u0131 <\/i><\/b><\/h4>\n<p>n<\/p>\n<ol>\nn \t<\/p>\n<li>Biletler, bu Turu \u00f6dedikten sonra Makbuzdur. \u00d6demeyi telefonunuzda g\u00f6sterebilirsiniz.<\/li>\n<p>n \t<\/p>\n<li style=\"font-weight: 400;\"><span style=\"font-weight: 400;\">Bulu\u015fma Noktas\u0131 Rezervasyon \u0130\u015fleminden Sonra Al\u0131nacakt\u0131r.<\/span><\/li>\n<p>n \t<\/p>\n<li style=\"font-weight: 400;\"><span style=\"font-weight: 400;\">\u00c7ocuklara bir yeti\u015fkin e\u015flik etmelidir.<\/span><\/li>\n<p>n \t<\/p>\n<li style=\"font-weight: 400;\"><span style=\"font-weight: 400;\">tekerlekli sandalye eri\u015filebilir <\/span><\/li>\n<p>n \t<\/p>\n<li style=\"font-weight: 400;\"><span style=\"font-weight: 400;\">Bebekler kuca\u011fa oturmal\u0131 <\/span><\/li>\n<p>n \t<\/p>\n<li style=\"font-weight: 400;\"><span style=\"font-weight: 400;\">\u00c7o\u011fu gezgin kat\u0131labilir<\/span><\/li>\n<p>n<\/ol>\n<p>n<\/p>\n<h4><b><i>\u0130ptal politikas\u0131<\/i><\/b><\/h4>\n<p>nTam para iadesi i\u00e7in l\u00fctfen \u0130ptal politikalar\u0131m\u0131z\u0131 okuyun\u00a0<a href=\"https:\/\/www.boattoursamana.com\/tr\/cevrimici-rezervasyon\/\" target=\"_blank\" rel=\"noopener\" data-saferedirecturl=\"https:\/\/www.google.com\/url?q=https:\/\/www.boattoursamana.com\/online-booking\/&amp;source=gmail&amp;ust=1672449202351000&amp;usg=AOvVaw1yAeVAPktmaVCqDujgUn90\">Buraya T\u0131kla<\/a>. Seyahatle ayn\u0131 g\u00fcn rezervasyon iptal edilirse para kaybedilecektir.<br \/>\nn<br \/>\nNOT: Bu geziyi yapmak istiyorsan\u0131z ve daha fazla ayr\u0131nt\u0131 \u00f6\u011frenmek istiyorsan\u0131z,<a href=\"mailto:info@bookingadventures.com.do\">\u00a0bize e-posta ile ula\u015f\u0131n<\/a>ben<strong>\u00a0<\/strong>veya bu numaradaki do\u011frudan hizmet sohbetimiz Whatsapp arac\u0131l\u0131\u011f\u0131yla:\u00a0<strong>+1 809-720-6035<\/strong>. Hemen gelip size ki\u015fi say\u0131s\u0131na g\u00f6re fiyat teklifi verebiliriz.<br \/>\nn<br \/>\nn(Turun \u00f6zel olarak d\u00fczenlenebilmesi i\u00e7in minimum 4 ki\u015fi gerekmektedir. Daha az ki\u015fi i\u00e7in maksimum 15 ki\u015fi ile yar\u0131 \u00f6zel tur d\u00fczenleyebiliriz).<br \/>\nn<\/p>\n<div id=\"gtx-trans\" style=\"position: absolute; left: -1px; top: 1055.03px;\">\nn<\/p>\n<div class=\"gtx-trans-icon\"><\/div>\n<p>n\n<\/p><\/div>\n<p>n<\/p>\n\n\t\t<\/div>\n\t<\/div>\n<\/div><\/div><\/div><\/div><div class=\"vc_row wpb_row vc_row-fluid\" ><div class=\"wpb_column vc_column_container vc_col-sm-12\"><div class=\"vc_column-inner\"><div class=\"wpb_wrapper\"><\/div><\/div><\/div><\/div><div class=\"vc_row wpb_row vc_row-fluid\" ><div class=\"wpb_column vc_column_container vc_col-sm-12\"><div class=\"vc_column-inner\"><div class=\"wpb_wrapper\"><div class=\"vc_empty_space\"   style=\"height: 32px\"><span class=\"vc_empty_space_inner\"><\/span><\/div>\n\t<div class=\"wpb_video_widget wpb_content_element vc_clearfix   vc_video-aspect-ratio-169 vc_video-el-width-100 vc_video-align-left\" >\n\t\t<div class=\"wpb_wrapper\">\n\t\t\t<h2 class=\"wpb_heading wpb_video_heading\">Saona Adas\u0131 Turlar\u0131 ve Gezileri videosu:<\/h2>\n\t\t\t<div class=\"wpb_video_wrapper\"><iframe loading=\"lazy\" title=\"Booking Adventures ile Saola Island Tam g\u00fcn, Seyahat Dominik Cumhuriyeti\" width=\"1100\" height=\"619\" src=\"https:\/\/www.youtube.com\/embed\/sas91N4zMHo?feature=oembed\" frameborder=\"0\" allow=\"accelerometer; autoplay; clipboard-write; encrypted-media; gyroscope; picture-in-picture; web-share\" allowfullscreen><\/iframe><\/div>\n\t\t<\/div>\n\t<\/div>\n<div class=\"vc_empty_space\"   style=\"height: 32px\"><span class=\"vc_empty_space_inner\"><\/span><\/div><\/div><\/div><\/div><\/div><div class=\"vc_row wpb_row vc_row-fluid\" ><\/div><div class=\"wpb_column vc_column_container vc_col-sm-12\"><div class=\"vc_column-inner\"><div class=\"wpb_wrapper\"><\/div><\/div><\/div><div class=\"vc_empty_space\"   style=\"height: 32px\"><span class=\"vc_empty_space_inner\"><\/span><\/div><div class=\"vc_empty_space\"   style=\"height: 32px\"><span class=\"vc_empty_space_inner\"><\/span><\/div>","protected":false},"excerpt":{"rendered":"<p>Bayahibe liman\u0131ndaki Saona Adas\u0131&#039;ndan bir g\u00fcn ge\u00e7irin. Do\u011fal yiyecekler ve bal\u0131klar da buna dahildir. Bu durumda Dominika Cumhuriyeti&#039;nin ba\u015fka bir b\u00f6l\u00fcm\u00fcn\u00fcn \u00e7evrilmesi gerekiyor. Kolayca ileti\u015fime ge\u00e7in ve Isla Saona&#039;daki en \u00f6nemli deneyimi ya\u015fay\u0131n. nn n nTur i\u00e7in se\u00e7ece\u011finiz yeri se\u00e7in\u00a0 &nbsp;<\/p>","protected":false},"author":2,"featured_media":0,"parent":0,"menu_order":0,"comment_status":"open","ping_status":"closed","template":"","meta":{"footnotes":""},"class_list":["post-15786","page","type-page","status-publish","hentry"],"_links":{"self":[{"href":"https:\/\/www.boattoursamana.com\/tr\/wp-json\/wp\/v2\/pages\/15786","targetHints":{"allow":["GET"]}}],"collection":[{"href":"https:\/\/www.boattoursamana.com\/tr\/wp-json\/wp\/v2\/pages"}],"about":[{"href":"https:\/\/www.boattoursamana.com\/tr\/wp-json\/wp\/v2\/types\/page"}],"author":[{"embeddable":true,"href":"https:\/\/www.boattoursamana.com\/tr\/wp-json\/wp\/v2\/users\/2"}],"replies":[{"embeddable":true,"href":"https:\/\/www.boattoursamana.com\/tr\/wp-json\/wp\/v2\/comments?post=15786"}],"version-history":[{"count":0,"href":"https:\/\/www.boattoursamana.com\/tr\/wp-json\/wp\/v2\/pages\/15786\/revisions"}],"wp:attachment":[{"href":"https:\/\/www.boattoursamana.com\/tr\/wp-json\/wp\/v2\/media?parent=15786"}],"curies":[{"name":"wp","href":"https:\/\/api.w.org\/{rel}","templated":true}]}}