{"id":15795,"date":"2023-07-15T07:43:59","date_gmt":"2023-07-15T07:43:59","guid":{"rendered":"https:\/\/www.ticketswhales.com\/snorkel-cayo-levantado-and-farola-island-snorkeling\/"},"modified":"2023-07-15T07:43:59","modified_gmt":"2023-07-15T07:43:59","slug":"snorkel-cayo-levantado-and-farola-island-snorkeling","status":"publish","type":"page","link":"https:\/\/www.boattoursamana.com\/tr\/snorkel-cayo-levantado-ve-farola-ada-snorkel-2","title":{"rendered":"\u015enorkel Cayo Levantado ve Farola Adas\u0131 \u015enorkel"},"content":{"rendered":"<p><span style=\"vertical-align: inherit;\"><span style=\"vertical-align: inherit;\">Cayo Levantado ve Cayo Farola adas\u0131n\u0131 hat\u0131rla, albergan&#039;\u0131n s\u0131ra d\u0131\u015f\u0131 bir vida marinas\u0131 olan Saman\u00e1 Bah\u00eda&#039;s\u0131nda \u00f6zel adalar\u0131n o\u011flu, tortugas, ballenas jorobadas, langostas ve delfinler dahil!<\/span><\/span><br \/>\nn<br \/>\nn<span style=\"vertical-align: inherit;\"><span style=\"vertical-align: inherit;\">Not: Bu tur \u00f6zeldir!<\/span><\/span><br \/>\nn<br \/>\nn&nbsp;<br \/>\nn<br \/>\nn<em><strong><span style=\"vertical-align: inherit;\"><span style=\"vertical-align: inherit;\">Gezi gezisini se\u00e7in:<\/span><\/span><\/strong><\/em><\/p>\n<p>&nbsp;<\/p>\n<div class=\"vc_row wpb_row vc_row-fluid\" ><div class=\"wpb_column vc_column_container vc_col-sm-12\"><div class=\"vc_column-inner\"><div class=\"wpb_wrapper\"><div class=\"vc_empty_space\"   style=\"height: 32px\"><span class=\"vc_empty_space_inner\"><\/span><\/div><div class=\"mkdf-section-title-holder\" style=\"text-align: left\">\n\t<div class=\"mkdf-st-inner\">\n\t\t\t\t\t<h5 class=\"mkdf-st-subtitle\" >\n\t\t\t\tSaman\u00e1 liman\u0131ndan \u00d6zel Tur\t\t\t<\/h5>\n\t\t\t\t\t\t\t<h3 class=\"mkdf-st-title\" >\n\t\t\t\t\u015enorkel Cayo Levantado ve Farola Adas\u0131 \u015enorkel\t\t\t<\/h3>\n\t\t\t\t\t<\/div>\n<\/div><div class=\"vc_empty_space\"   style=\"height: 32px\"><span class=\"vc_empty_space_inner\"><\/span><\/div><\/div><\/div><\/div><\/div><div class=\"vc_row wpb_row vc_row-fluid\" ><div class=\"wpb_column vc_column_container vc_col-sm-12\"><div class=\"vc_column-inner\"><div class=\"wpb_wrapper\">\n\t<div class=\"wpb_text_column wpb_content_element\" >\n\t\t<div class=\"wpb_wrapper\">\n\t\t\t<p>\nn<\/p>\n<div class=\"vc_row wpb_row vc_row-fluid\">\nn<\/p>\n<div class=\"wpb_column vc_column_container vc_col-sm-12\">\nn<\/p>\n<div class=\"vc_column-inner\">\nn<\/p>\n<div class=\"wpb_wrapper\">\nn<\/p>\n<div class=\"wpb_text_column wpb_content_element\">\nn<\/p>\n<div class=\"wpb_wrapper\">\nn<\/p>\n<div class=\"vc_row wpb_row vc_row-fluid\">\nn<\/p>\n<div class=\"wpb_column vc_column_container vc_col-sm-12\">\nn<\/p>\n<div class=\"vc_column-inner\">\nn<\/p>\n<div class=\"wpb_wrapper\">\nn<\/p>\n<div class=\"wpb_text_column wpb_content_element\">\nn<\/p>\n<div class=\"wpb_wrapper\">\nn<\/p>\n<h4><b><i>genel bak\u0131\u015f<\/i><\/b><\/h4>\n<p>Kaplumba\u011falar, kambur balinalar, \u0131stakozlar ve yunuslar da dahil olmak \u00fczere ola\u011fan\u00fcst\u00fc deniz ya\u015fam\u0131na ev sahipli\u011fi yapan Samana K\u00f6rfezi&#039;ndeki \u00f6zel k\u00fc\u00e7\u00fck adalar olan Cayo Levantado adas\u0131n\u0131 ve Farola&#039;y\u0131 gezece\u011fiz!<br \/>\nn<br \/>\nn<strong>Not:<\/strong> Bu tur \u00d6zeldir. (Yaln\u0131zca siz ve aileniz veya arkada\u015flar\u0131n\u0131z ve Tur Rehberi).<br \/>\nn<br \/>\nn&nbsp;<br \/>\nn<\/p>\n<h4><b>Dahil Edilenler ve Hari\u00e7 Tutulanlar<\/b><\/h4>\n<p>n&nbsp;<br \/>\nn<br \/>\nn<b>Dahil olanlar<\/b><br \/>\nn<br \/>\nn&nbsp;<br \/>\nn<\/p>\n<ol>\nn \t<\/p>\n<li>Tur rehberi<\/li>\n<p>n \t<\/p>\n<li>Bot gezisi<\/li>\n<p>n \t<\/p>\n<li>Can yele\u011fi<\/li>\n<p>n \t<\/p>\n<li>\u015fnorkel seti<\/li>\n<p>n \t<\/p>\n<li>T\u00fcm vergiler, \u00fccretler ve i\u015flem \u00fccretleri<\/li>\n<p>n \t<\/p>\n<li>Yerel vergiler<\/li>\n<p>n \t<\/p>\n<li>\u0130\u00e7ecekler (Ki\u015fi ba\u015f\u0131 bir \u015fi\u015fe su)<\/li>\n<p>n<\/ol>\n<p>n<b>\u0130stisnalar<\/b><br \/>\nn<\/p>\n<ol>\nn \t<\/p>\n<li>Bah\u015fi\u015fler<\/li>\n<p>n \t<\/p>\n<li>\u00d6\u011fle Yeme\u011fi (Ekstra 15 USD) Ki\u015fi Ba\u015f\u0131.<\/li>\n<p>n \t<\/p>\n<li>Istakozlu \u00d6\u011fle Yeme\u011fi (Ekstra \u00dccret 25 USD) Ki\u015fi Ba\u015f\u0131.<\/li>\n<p>n \t<\/p>\n<li>Transfer Arabas\u0131<\/li>\n<p>n \t<\/p>\n<li>Alkoll\u00fc i\u00e7ecekler<\/li>\n<p>n<\/ol>\n<p>n&nbsp;<br \/>\nn<\/p>\n<h4><em><strong>Gidi\u015f &amp; D\u00f6n\u00fc\u015f<\/strong><\/em><\/h4>\n<p>nBu yolculuk sabah 8:03&#039;te ba\u015fl\u0131yor ve ak\u015fam 12:15 civar\u0131nda bitiyor. Ancak \u00f6zel bir gezi olaca\u011f\u0131ndan ba\u015flang\u0131\u00e7 ve biti\u015f saatlerini siz belirleyebilirsiniz.<br \/>\nn<br \/>\nnRezervasyon S\u00fcrecinden sonra seyahat eden ki\u015fi bir bulu\u015fma noktas\u0131na sahip olacakt\u0131r. Turlar bulu\u015fma noktalar\u0131m\u0131zda ba\u015flar ve biter.<br \/>\nn<br \/>\nn&nbsp;<br \/>\nn<\/p>\n<h4><b><i>Ne bekleyebilece\u011finizi?<\/i><\/b><\/h4>\n<p>Y\u00fczge\u00e7ler ve maske ile denizdeki vah\u015fi ya\u015fam\u0131n tad\u0131n\u0131 y\u00fczeyden \u00e7\u0131karmak i\u00e7in Uzman Rehber e\u015fli\u011finde \u015fnorkel gezisi; Yolculuk s\u0131ras\u0131nda iki farkl\u0131 yerde \u015fnorkelle y\u00fczerek ve ara\u00e7s\u0131z bu b\u00fcy\u00fcleyici plaj\u0131n keyfini \u00e7\u0131kararak cennet gibi Cayo Levantado adas\u0131n\u0131 ke\u015ffedece\u011fiz (S\u00fcre 4 saat).<br \/>\nn<br \/>\nnSamana ana liman\u0131ndaki bulu\u015fma noktas\u0131ndan sabah 8:30&#039;da ayr\u0131laca\u011f\u0131z, 25 dakikal\u0131k yolculu\u011fun ard\u0131ndan Cayo Farola adl\u0131 ilk \u015fnorkel noktas\u0131na varaca\u011f\u0131z, 45 dakika \u015fnorkelle dalaca\u011f\u0131z ve y\u00fczebilece\u011fimiz Cayo Levantado plaj\u0131na devam edece\u011fiz. . , biraz daha \u015fnorkelli dal\u0131\u015f yap\u0131n ya da sadece bu muhte\u015fem plaj\u0131n tad\u0131n\u0131 \u00e7\u0131kar\u0131n.<br \/>\nn<br \/>\nnSandvi\u00e7, rom, me\u015frubat ve suyun tad\u0131n\u0131 \u00e7\u0131karaca\u011f\u0131z ve g\u00fcn saat 12&#039;de Samana liman\u0131na geri d\u00f6nece\u011fiz veya Cayo levantado&#039;da konaklayaca\u011f\u0131z. Bundan sonra ba\u015flang\u0131\u00e7 noktam\u0131za d\u00f6nece\u011fiz. Dikkat edilmesi gereken di\u011fer hususlar t\u00fcm geziler tekneyle yap\u0131lmaktad\u0131r.<br \/>\nn<br \/>\nn<strong>Masa saati:<\/strong><br \/>\nn<br \/>\n08:30 \u2013 12:15<br \/>\nn<br \/>\nn&nbsp;<br \/>\nn<\/p>\n<h4><em><strong>Ne getirmelisin?<\/strong><\/em><\/h4>\n<p>n<\/p>\n<ul>\nn \t<\/p>\n<li>Kamera<\/li>\n<p>n \t<\/p>\n<li>Havlu<\/li>\n<p>n \t<\/p>\n<li>G\u00fcne\u015f korumas\u0131<\/li>\n<p>n \t<\/p>\n<li>\u015eapka<\/li>\n<p>n \t<\/p>\n<li>Rahat pantolon ve ayakkab\u0131lar<\/li>\n<p>n \t<\/p>\n<li>Sahile giden sandaletler<\/li>\n<p>n \t<\/p>\n<li>Y\u00fczme giysileri<\/li>\n<p>n \t<\/p>\n<li>Hat\u0131ra E\u015fyas\u0131 i\u00e7in nakit<\/li>\n<p>n<\/ul>\n<p>n&nbsp;<br \/>\nn<\/p>\n<h4><b><i>otelden alma<\/i><\/b><\/h4>\n<p>Bu tur i\u00e7in nHotel&#039;den ara\u00e7la alma hizmeti sunulmamaktad\u0131r.<br \/>\nn<br \/>\nn&nbsp;<br \/>\nn<br \/>\nn<b>Not:<\/b>\u00a0tur\/Gezi hareket saatinden sonraki 24 saat i\u00e7inde rezervasyon yap\u0131yorsan\u0131z, ek \u00fccret kar\u015f\u0131l\u0131\u011f\u0131nda otelden alma ayarlayabiliriz. Sat\u0131n alma i\u015fleminiz tamamland\u0131\u011f\u0131nda, teslim alma d\u00fczenlemelerini organize etmesi i\u00e7in size yerel Tur rehberimizin eksiksiz ileti\u015fim bilgilerini (telefon numaras\u0131, e-posta adresi vb.) g\u00f6nderece\u011fiz.<br \/>\nn<\/p>\n<h4><b><i>Ek Bilgi Onay\u0131<\/i><\/b><\/h4>\n<p>n<\/p>\n<ol>\nn \t<\/p>\n<li>Biletler, bu Turu \u00f6dedikten sonra Makbuzdur. \u00d6demeyi telefonunuzda g\u00f6sterebilirsiniz.<\/li>\n<p>n \t<\/p>\n<li>Bulu\u015fma Noktas\u0131 Rezervasyon \u0130\u015fleminden Sonra Al\u0131nacakt\u0131r.<\/li>\n<p>n \t<\/p>\n<li>\u00c7ocuklara bir yeti\u015fkin e\u015flik etmelidir.<\/li>\n<p>n \t<\/p>\n<li>tekerlekli sandalye eri\u015filebilir<\/li>\n<p>n \t<\/p>\n<li>Bebekler kuca\u011fa oturmal\u0131<\/li>\n<p>n \t<\/p>\n<li>\u00c7o\u011fu gezgin kat\u0131labilir<\/li>\n<p>n<\/ol>\n<p>n<\/p>\n<h4><b><i>\u0130ptal politikas\u0131<\/i><\/b><\/h4>\n<p>nTam para iadesi i\u00e7in l\u00fctfen \u0130ptal politikalar\u0131m\u0131z\u0131 okuyun\u00a0<a href=\"https:\/\/www.boattoursamana.com\/tr\/cevrimici-rezervasyon\/\" target=\"_blank\" rel=\"noopener\" data-saferedirecturl=\"https:\/\/www.google.com\/url?q=https:\/\/www.boattoursamana.com\/online-booking\/&amp;source=gmail&amp;ust=1672449202351000&amp;usg=AOvVaw1yAeVAPktmaVCqDujgUn90\">Buraya T\u0131kla<\/a>. Seyahatle ayn\u0131 g\u00fcn rezervasyon iptal edilirse para kaybedilecektir.<br \/>\nn<br \/>\nn<\/div>\n<p>n\n<\/p><\/div>\n<p>n\n<\/p><\/div>\n<p>n\n<\/p><\/div>\n<p>n\n<\/p><\/div>\n<p>n\n<\/p><\/div>\n<p>n\n<\/p><\/div>\n<p>n\n<\/p><\/div>\n<p>n\n<\/p><\/div>\n<p>n\n<\/p><\/div>\n<p>n\n<\/p><\/div>\n<p>n\n<\/p><\/div>\n<p>n<\/p>\n<div class=\"vc_row wpb_row vc_row-fluid\">\nn<\/p>\n<div class=\"wpb_column vc_column_container vc_col-sm-12\">\nn<\/p>\n<div class=\"vc_column-inner\">\nn<\/p>\n<div class=\"wpb_wrapper\">\nn<\/p>\n<div class=\"wpb_text_column wpb_content_element\">\nn<\/p>\n<div class=\"wpb_wrapper\">\nn<\/p>\n<h4>Bize Ula\u015f\u0131n?<\/h4>\n<p>n<\/p>\n<h5><b><i>Rezervasyon Maceralar\u0131<\/i><\/b><\/h5>\n<p>n<em><strong>Yerliler<\/strong>\u00a0ve\u00a0<strong>uyruklular<\/strong>\u00a0Tur Rehberleri ve Misafir Hizmetleri<\/em><br \/>\nn<br \/>\nn<span class=\"text-turquoise\">Rezervasyonlar:<\/span>\u00a0Dom s\u0131n\u0131rlar\u0131ndaki Turlar ve Geziler temsilci<br \/>\nn<br \/>\nn<img decoding=\"async\" class=\"emoji\" draggable=\"false\" src=\"https:\/\/s.w.org\/images\/core\/emoji\/11.2.0\/svg\/1f4de.svg\" alt=\" \" title=\"\">\u00a0Tel \/ Naber\u00a0\u00a0<a href=\"tel:+1-809-720-6035\">+1-809-720-6035<\/a>.<br \/>\nn<br \/>\nn<img decoding=\"async\" class=\"emoji\" draggable=\"false\" src=\"https:\/\/s.w.org\/images\/core\/emoji\/11.2.0\/svg\/1f4e9.svg\" alt=\" \" title=\"\">\u00a0<a href=\"mailto:info@bookingadventures.com.do\">info@bookingadventures.com.do<\/a><br \/>\nn<br \/>\nn<strong>Whatsapp ile Esnek \u00d6zel Turlar Ayarl\u0131yoruz:\u00a0<a href=\"tel:+18097206035\">+18097206035.<\/a><\/strong><br \/>\nn<br \/>\nn<\/div>\n<p>n\n<\/p><\/div>\n<p>n\n<\/p><\/div>\n<p>n\n<\/p><\/div>\n<p>n\n<\/p><\/div>\n<p>n\n<\/p><\/div>\n<p>n<\/p>\n\n\t\t<\/div>\n\t<\/div>\n<\/div><\/div><\/div><\/div>","protected":false},"excerpt":{"rendered":"<p>Estaremos, Cayo Levantado ve Cayo Farola Adas\u0131&#039;n\u0131 kaydetti, Saman\u00e1 Bah\u00eda&#039;s\u0131ndaki ola\u011fan\u00fcst\u00fc bir marinaya sahip \u00f6zel adalar, bunlar aras\u0131nda i\u015fkenceler, ballenas jorobadas, langostas ve delfines de var! Not: Bu tur \u00f6zeldir! n n n nGezi yolunu se\u00e7in: &nbsp;<\/p>","protected":false},"author":2,"featured_media":0,"parent":0,"menu_order":0,"comment_status":"open","ping_status":"closed","template":"","meta":{"footnotes":""},"class_list":["post-15795","page","type-page","status-publish","hentry"],"_links":{"self":[{"href":"https:\/\/www.boattoursamana.com\/tr\/wp-json\/wp\/v2\/pages\/15795","targetHints":{"allow":["GET"]}}],"collection":[{"href":"https:\/\/www.boattoursamana.com\/tr\/wp-json\/wp\/v2\/pages"}],"about":[{"href":"https:\/\/www.boattoursamana.com\/tr\/wp-json\/wp\/v2\/types\/page"}],"author":[{"embeddable":true,"href":"https:\/\/www.boattoursamana.com\/tr\/wp-json\/wp\/v2\/users\/2"}],"replies":[{"embeddable":true,"href":"https:\/\/www.boattoursamana.com\/tr\/wp-json\/wp\/v2\/comments?post=15795"}],"version-history":[{"count":0,"href":"https:\/\/www.boattoursamana.com\/tr\/wp-json\/wp\/v2\/pages\/15795\/revisions"}],"wp:attachment":[{"href":"https:\/\/www.boattoursamana.com\/tr\/wp-json\/wp\/v2\/media?parent=15795"}],"curies":[{"name":"wp","href":"https:\/\/api.w.org\/{rel}","templated":true}]}}