{"id":15798,"date":"2023-07-15T07:43:59","date_gmt":"2023-07-15T07:43:59","guid":{"rendered":"https:\/\/www.ticketswhales.com\/bahia-de-las-aguilas-beach-day-trip-by-boat-day-pass-pedernales\/"},"modified":"2023-07-15T07:43:59","modified_gmt":"2023-07-15T07:43:59","slug":"bahia-de-las-aguilas-beach-day-trip-by-boat-day-pass-pedernales","status":"publish","type":"page","link":"https:\/\/www.boattoursamana.com\/tr\/bahia-de-las-aguilas-plaj-gunluk-gezi-tekne-gunluk-gecis-pedernales-2","title":{"rendered":"Bah\u00eda de las Aguilas: Tekneyle G\u00fcn\u00fcbirlik Plaj Gezisi - G\u00fcnl\u00fck Ge\u00e7i\u015f - Pedernales"},"content":{"rendered":"<p><span style=\"vertical-align: inherit;\"><span style=\"vertical-align: inherit;\">Pedernales alanlar\u0131ndan Bah\u00eda las Aguilas desde bir g\u00fcn boleto&#039;sunu kar\u015f\u0131la\u015ft\u0131r\u0131n. <\/span><span style=\"vertical-align: inherit;\">Bir oyun g\u00fcn\u00fcn\u00fcn meyvelerini ve ate\u015fin ak\u0131\u015f\u0131n\u0131, turistik b\u00f6lgelerin lejoslar\u0131n\u0131 ve t\u00fcm a\u015fklar\u0131. <\/span><span style=\"vertical-align: inherit;\">Ven y Parque National Jaragua y Bah\u00eda de las \u00c1guilas&#039;\u0131 tan\u0131mlay\u0131n. <\/span><span style=\"vertical-align: inherit;\">Cabo Rojo&#039;nun puerto ve pueblo pesquero de manzaralar\u0131 izlenimi veren bir hermosa carretera ile birlikte. <\/span><span style=\"vertical-align: inherit;\">Las Cuevas&#039;ta, d\u00fcnyan\u0131n en b\u00fcy\u00fck do\u011fal oyunlar\u0131ndan 15 dakikal\u0131k bir yoldan ge\u00e7en bir botu iptal edin. <\/span><span style=\"vertical-align: inherit;\">Las arenas de la Bah\u00eda de las \u00c1guilas son v\u00edrgenes y la bah\u00eda cubre 8 km. <\/span><span style=\"vertical-align: inherit;\">G\u00f6k mavisi turkuaz tonlar\u0131nda par\u0131ldayan kristal berrakl\u0131\u011f\u0131nda ola\u011fan\u00fcst\u00fc bir maliyetle deney yap\u0131n, ufukta derinle\u015fir. <\/span><span style=\"vertical-align: inherit;\">Almuerzo, bir playa&#039;da dola\u015f\u0131yor, neredeyse hi\u00e7 yok ve do\u011fal bakire paran\u0131n ke\u015ffedilmesi.<\/span><\/span><br \/>\nn<br \/>\nn&nbsp;<br \/>\nn<br \/>\nn<strong><span style=\"vertical-align: inherit;\"><span style=\"vertical-align: inherit;\">Yol i\u00e7in bir g\u00fcn se\u00e7in:<\/span><\/span><\/strong><\/p>\n<p>&nbsp;<\/p>\n<div class=\"vc_row wpb_row vc_row-fluid\" ><div class=\"wpb_column vc_column_container vc_col-sm-12\"><div class=\"vc_column-inner\"><div class=\"wpb_wrapper\"><div class=\"mkdf-section-title-holder\" style=\"text-align: left\">\n\t<div class=\"mkdf-st-inner\">\n\t\t\t\t\t<h5 class=\"mkdf-st-subtitle\" >\n\t\t\t\tG\u00fcnl\u00fck Kart - \u015enorkelli Dal\u0131\u015f ve \u00d6\u011fle Yeme\u011fi\t\t\t<\/h5>\n\t\t\t\t\t\t\t<h3 class=\"mkdf-st-title\" >\n\t\t\t\tBah\u00eda de las Aguilas: Tekneyle G\u00fcn\u00fcbirlik Plaj Gezisi\t\t\t<\/h3>\n\t\t\t\t\t<\/div>\n<\/div><\/div><\/div><\/div><\/div><div class=\"vc_row wpb_row vc_row-fluid\" ><div class=\"wpb_column vc_column_container vc_col-sm-12\"><div class=\"vc_column-inner\"><div class=\"wpb_wrapper\">\n\t<div class=\"wpb_text_column wpb_content_element\" >\n\t\t<div class=\"wpb_wrapper\">\n\t\t\t<p>\nn<\/p>\n<h4><b><i>genel bak\u0131\u015f<\/i><\/b><\/h4>\n<p>nTuristik b\u00f6lgelerden ve t\u00fcm stresten uzakta, plajda bir g\u00fcn\u00fcn keyfini \u00e7\u0131kar\u0131n ve ruhunuzun ak\u0131\u015f\u0131na b\u0131rak\u0131n. Gelin ve Jaragua Ulusal park\u0131n\u0131 ve Bahia de las \u00c1guilas'\u0131 ke\u015ffedin. K\u00fc\u00e7\u00fck liman ve bal\u0131k\u00e7\u0131 k\u00f6y\u00fc Cabo Rojo'nun nefes kesici manzaras\u0131na sahip g\u00fczel bir yol boyunca ilerleyin. Las Cuevas'ta sizi d\u00fcnyan\u0131n en g\u00fczel do\u011fal plajlar\u0131ndan birine 15 dakikal\u0131k bir yolculu\u011fa \u00e7\u0131karan bir tekneye binersiniz. Bah\u00eda de las Aguilas'\u0131n kumlar\u0131 tertemizdir ve koy 8 km'lik bir alan\u0131 kaplamaktad\u0131r. Turkuazdan opal mavisine uzanan tonlarda parlayan kristal berrakl\u0131\u011f\u0131ndaki suyun ufukta eridi\u011fi ola\u011fan\u00fcst\u00fc bir k\u0131y\u0131 manzaras\u0131n\u0131 deneyimleyin. \u00d6\u011fle yeme\u011fi plajda servis edilir, y\u00fczmeye veya \u015fnorkelle dalmaya gidin ve bu el de\u011fmemi\u015f do\u011fal cenneti ke\u015ffedin.<br \/>\nn<br \/>\nn&nbsp;<br \/>\nn<\/p>\n<ul>\nn \t<\/p>\n<li>B\u00f6lgede G\u00fcvenlik deneyimine sahip Yerel Rehber.<\/li>\n<p>n \t<\/p>\n<li>\u00f6zel ula\u015f\u0131m<\/li>\n<p>n \t<\/p>\n<li>\u00dccretler dahil<\/li>\n<p>n \t<\/p>\n<li>\u00d6\u011fle yeme\u011fi<\/li>\n<p>n \t<\/p>\n<li>\u0130spanyolca, \u0130ngilizce veya Frans\u0131zca Yerel Tur Rehberi.<\/li>\n<p>n \t<\/p>\n<li>Do\u011fa y\u00fcr\u00fcy\u00fc\u015f\u00fc<\/li>\n<p>n \t<\/p>\n<li>\u015fnorkel<\/li>\n<p>n<\/ul>\n<p>n<\/p>\n<h4><b>Dahil Edilenler ve Hari\u00e7 Tutulanlar<\/b><\/h4>\n<p>n&nbsp;<br \/>\nn<br \/>\nn<b>Dahil olanlar<\/b><br \/>\nn<\/p>\n<ol>\nn \t<\/p>\n<li>B\u00f6lgede G\u00fcvenlik deneyimine sahip Yerel Rehber.<\/li>\n<p>n \t<\/p>\n<li>K\u00fc\u00e7\u00fck gruplar i\u00e7in \u00f6zel ula\u015f\u0131m<\/li>\n<p>n \t<\/p>\n<li>T\u00fcm vergiler, \u00fccretler ve i\u015flem \u00fccretleri<\/li>\n<p>n \t<\/p>\n<li>Yerel vergiler<\/li>\n<p>n \t<\/p>\n<li>\u00d6\u011fle yeme\u011fi<\/li>\n<p>n \t<\/p>\n<li>Do\u011fa y\u00fcr\u00fcy\u00fc\u015f\u00fc<\/li>\n<p>n \t<\/p>\n<li>Do\u011fal Havuzlar<\/li>\n<p>n \t<\/p>\n<li>\u015fnorkel<\/li>\n<p>n \t<\/p>\n<li>T\u00fcm aktiviteler<\/li>\n<p>n<\/ol>\n<p>n<b>\u0130stisnalar<\/b><br \/>\nn<\/p>\n<ol>\nn \t<\/p>\n<li>Bah\u015fi\u015fler<\/li>\n<p>n \t<\/p>\n<li>T\u00fcm \u0130\u00e7ecekler<\/li>\n<p>n<\/ol>\n<p>n<\/p>\n<h4><em><strong>Gidi\u015f &amp; D\u00f6n\u00fc\u015f<\/strong><\/em><\/h4>\n<p>nYolcu, Rezervasyon \u0130\u015fleminden sonra bir bulu\u015fma noktas\u0131 alacakt\u0131r. Turlar bulu\u015fma noktalar\u0131n\u0131zda ba\u015flar ve biter.<br \/>\nn<\/p>\n<h2 class=\"styles__heading___mD4_3\" data-radium=\"true\">Bah\u00eda de las Aguilas: Tekneyle G\u00fcn\u00fcbirlik Plaj Gezisi - G\u00fcnl\u00fck Kart - \u015enorkelle Dalma ve \u00d6\u011fle Yeme\u011fi<\/h2>\n<p>n<\/p>\n<h4><em>Ne bekleyebilece\u011finizi?<\/em><\/h4>\n<p>nPlaya de las Aguilas ad\u0131n\u0131 yerli kartaldan alm\u0131\u015ft\u0131r. Tur, bu afrodizyak plaj\u0131n do\u011fal harikalar\u0131n\u0131 \u00e7ok farkl\u0131 ve s\u00fcrd\u00fcr\u00fclebilir bir \u015fekilde ke\u015ffetmenizi sa\u011flayan Bahia de las Aguilas'tan \u00f6zel ula\u015f\u0131mla ger\u00e7ekle\u015ftirilmektedir. G\u00fcn\u00fc, Dominik Cumhuriyeti'nin en g\u00fczel plajlar\u0131ndan biri olan Bahia de las Aguila'y\u0131 tan\u0131yaca\u011f\u0131n\u0131z \u00fclkenin g\u00fcney kesiminde bir do\u011fa turunda ge\u00e7irin, burada \u00e7evre yasalar\u0131 ile tamamen korunan bir alan olan bu paradisiacal plaja s\u00fcrat teknesi ile ula\u015faca\u011f\u0131z. Iss\u0131z bir do\u011fa rezervi ve milli park olan Bahia de las Aguilas'ta dinlendirici bir zaman ge\u00e7irin ve ma\u011faralarda barbek\u00fc tarz\u0131 bir \u00f6\u011fle yeme\u011finin tad\u0131n\u0131 \u00e7\u0131kar\u0131n.<br \/>\nn<br \/>\nnDurgun deniz ve hafif r\u00fczgar, g\u00fcne\u015f ve s\u0131caktan \u00e7ok fazla etkilenmenizi engelleyecektir. Bir g\u00fcnl\u00fc\u011f\u00fcne ka\u015fif olun ve ekolojik, do\u011fal ve tamamen bozulmam\u0131\u015f bir cenneti ke\u015ffedin. K\u00f6rfezde 76's\u0131 s\u00fcrekli ya\u015fayan, 10'u endemik ve 47'si g\u00f6\u00e7men olmak \u00fczere 130'dan fazla ku\u015f t\u00fcr\u00fcn\u00fc g\u00f6zlemleyebilirsiniz.<br \/>\nn<br \/>\nn08.30 - Bulu\u015fma Noktas\u0131ndan Ayr\u0131l\u0131\u015f<br \/>\nn08.45 - La Cueva k\u00f6y\u00fcnden Bahia de las Aguilas'a tekne ile hareket<br \/>\nn12.30 - Sahilde tipik \u00f6\u011fle yeme\u011fi<br \/>\nn03.00 - La Cueva'ya D\u00f6n\u00fc\u015f<br \/>\nn05.30 - Bulu\u015fma Noktas\u0131na Var\u0131\u015f<br \/>\nn<\/p>\n<h4><em><strong>Ne getirmelisin?<\/strong><\/em><\/h4>\n<p>n<\/p>\n<ul>\nn \t<\/p>\n<li>Kamera<\/li>\n<p>n \t<\/p>\n<li>Kovucu tomurcuklar<\/li>\n<p>n \t<\/p>\n<li>G\u00fcne\u015f kremi<\/li>\n<p>n \t<\/p>\n<li>su<\/li>\n<p>n \t<\/p>\n<li>\u015eapka<\/li>\n<p>n \t<\/p>\n<li>rahat pantolon<\/li>\n<p>n \t<\/p>\n<li>Orman i\u00e7in y\u00fcr\u00fcy\u00fc\u015f ayakkab\u0131s\u0131<\/li>\n<p>n \t<\/p>\n<li>Bahar b\u00f6lgelerine sandalet.<\/li>\n<p>n \t<\/p>\n<li>Y\u00fczme giysileri<\/li>\n<p>n<\/ul>\n<p>n&nbsp;<br \/>\nn<\/p>\n<h4><b><i>otelden alma<\/i><\/b><\/h4>\n<p>nOtelden kar\u015f\u0131lama bu tur i\u00e7in Ekstra \u00dccret ile sunulmaktad\u0131r.<br \/>\nn<br \/>\nn<b>Not:<\/b> Tur\/Gezi hareket saatinden sonraki 24 saat i\u00e7inde rezervasyon yap\u0131yorsan\u0131z, otelden alma ayarlayabiliriz. Sadece Pedernales b\u00f6lgesinden al\u0131yoruz. Sat\u0131n alma i\u015fleminiz tamamland\u0131\u011f\u0131nda, teslim alma d\u00fczenlemelerini organize etmesi i\u00e7in size yerel Tur rehberimizin eksiksiz ileti\u015fim bilgilerini (telefon numaras\u0131, e-posta adresi vb.) g\u00f6nderece\u011fiz.<br \/>\nn<\/p>\n<h4><b><i>Ek Bilgi Onay\u0131<\/i><\/b><\/h4>\n<p>n<\/p>\n<ol>\nn \t<\/p>\n<li>Biletler, bu Tur i\u00e7in \u00f6deme yap\u0131ld\u0131ktan sonra Makbuzdur. \u00d6demeyi telefonunuzda g\u00f6sterebilirsiniz.<\/li>\n<p>n \t<\/p>\n<li>Bulu\u015fma Noktas\u0131 Rezervasyon \u0130\u015fleminden Sonra Al\u0131nacakt\u0131r.<\/li>\n<p>n \t<\/p>\n<li>\u00c7ocuklara bir yeti\u015fkin e\u015flik etmelidir.<\/li>\n<p>n \t<\/p>\n<li>Tekerlekli sandalye eri\u015fimine uygun de\u011fil<\/li>\n<p>n \t<\/p>\n<li>Bebekler kuca\u011fa oturmal\u0131<\/li>\n<p>n \t<\/p>\n<li>S\u0131rt sorunu olan gezginler i\u00e7in \u00f6nerilmez<\/li>\n<p>n \t<\/p>\n<li>Hamile gezginler i\u00e7in \u00f6nerilmez<\/li>\n<p>n \t<\/p>\n<li>Kalp problemi veya di\u011fer ciddi t\u0131bbi durumlar yok<\/li>\n<p>n \t<\/p>\n<li>\u00c7o\u011fu gezgin kat\u0131labilir<\/li>\n<p>n<\/ol>\n<p>n<\/p>\n<h4><b><i>\u0130ptal politikas\u0131<\/i><\/b><\/h4>\n<p>nTam para iadesi i\u00e7in l\u00fctfen \u0130ptal politikalar\u0131m\u0131z\u0131 okuyun\u00a0<a href=\"https:\/\/www.boattoursamana.com\/tr\/cevrimici-rezervasyon\/\" target=\"_blank\" rel=\"noopener\" data-saferedirecturl=\"https:\/\/www.google.com\/url?q=https:\/\/www.boattoursamana.com\/online-booking\/&amp;source=gmail&amp;ust=1672449202351000&amp;usg=AOvVaw1yAeVAPktmaVCqDujgUn90\">Buraya T\u0131kla<\/a>. Seyahatle ayn\u0131 g\u00fcn rezervasyon iptal edilirse para kaybedilecektir.<\/p>\n\n\t\t<\/div>\n\t<\/div>\n<\/div><\/div><\/div><\/div>","protected":false},"excerpt":{"rendered":"<p>Compre un boleto de un d\u00eda a Bah\u00eda las \u00c1guilas desde las \u00e1reas de Pedernales. Disfruta de un d\u00eda de playa y deja fluir el \u00e1nimo, lejos de las zonas tur\u00edsticas y de todo el estr\u00e9s. Ven y descubre el Parque Nacional Jaragua y Bah\u00eda de las \u00c1guilas. Conduzca por una hermosa carretera con impresionantes vistas del peque\u00f1o puerto y el pueblo pesquero de Cabo Rojo. En Las Cuevas, abordar\u00e1 un bote que lo llevar\u00e1 en un viaje de 15 [&hellip;]<\/p>\n","protected":false},"author":2,"featured_media":0,"parent":0,"menu_order":0,"comment_status":"open","ping_status":"closed","template":"","meta":{"footnotes":""},"class_list":["post-15798","page","type-page","status-publish","hentry"],"_links":{"self":[{"href":"https:\/\/www.boattoursamana.com\/tr\/wp-json\/wp\/v2\/pages\/15798","targetHints":{"allow":["GET"]}}],"collection":[{"href":"https:\/\/www.boattoursamana.com\/tr\/wp-json\/wp\/v2\/pages"}],"about":[{"href":"https:\/\/www.boattoursamana.com\/tr\/wp-json\/wp\/v2\/types\/page"}],"author":[{"embeddable":true,"href":"https:\/\/www.boattoursamana.com\/tr\/wp-json\/wp\/v2\/users\/2"}],"replies":[{"embeddable":true,"href":"https:\/\/www.boattoursamana.com\/tr\/wp-json\/wp\/v2\/comments?post=15798"}],"version-history":[{"count":0,"href":"https:\/\/www.boattoursamana.com\/tr\/wp-json\/wp\/v2\/pages\/15798\/revisions"}],"wp:attachment":[{"href":"https:\/\/www.boattoursamana.com\/tr\/wp-json\/wp\/v2\/media?parent=15798"}],"curies":[{"name":"wp","href":"https:\/\/api.w.org\/{rel}","templated":true}]}}