{"id":15802,"date":"2023-07-15T07:43:59","date_gmt":"2023-07-15T07:43:59","guid":{"rendered":"https:\/\/www.ticketswhales.com\/excursion-whale-watching-samana-bay-cano-hondo-los-haitises-from-samana-port\/"},"modified":"2023-07-15T07:43:59","modified_gmt":"2023-07-15T07:43:59","slug":"excursion-whale-watching-samana-bay-cano-hondo-los-haitises-from-samana-port","status":"publish","type":"page","link":"https:\/\/www.boattoursamana.com\/tr\/gezi-balina-izleme-samana-bay-cano-hondo-los-haitises-from-samana-port-2","title":{"rendered":"Saman\u00e1 Liman\u0131&#039;ndan Saman\u00e1 K\u00f6rfezi&#039;ni \u0130zleyen Gezi Balinas\u0131 + Ca\u00f1o Hondo + Los Haitises"},"content":{"rendered":"<p><span style=\"vertical-align: inherit;\"><span style=\"vertical-align: inherit;\">Bu, Ca\u00f1o Hondo ve Los Haitises Ulusal Park\u0131&#039;ndaki ekolojik albergue&#039;deki almuerzo&#039;daki balolar g\u00f6zlemevinde \u00f6zel bir gezidir. <\/span><span style=\"vertical-align: inherit;\">\u00c7o\u011fu zaman, profesyonel ekolojistler ve balen avc\u0131lar\u0131 ile tek ba\u015f\u0131na bir ya\u015famda inan\u0131lmaz bir deneyim ya\u015fars\u0131n\u0131z. <\/span><span style=\"vertical-align: inherit;\">Bir telefon g\u00f6r\u00fc\u015fmesi yapmak i\u00e7in bir ki\u015fiyle ileti\u015fime ge\u00e7mek istiyorsan\u0131z, uygun bir elektronik, Whatsapp veya mevcut aramalar\u0131 k\u0131skan\u0131n. <\/span><span style=\"vertical-align: inherit;\">Boletos&#039;u zaman\u0131nda rezerve etmek i\u00e7in tercih edin.<\/span><\/span><br \/>\nn<br \/>\nn&nbsp;<br \/>\nn<br \/>\nn<em><strong><span style=\"vertical-align: inherit;\"><span style=\"vertical-align: inherit;\">Gezi gezisini se\u00e7in:<\/span><\/span><\/strong><\/em><\/p>\n<p>&nbsp;<\/p>\n<div class=\"vc_row wpb_row vc_row-fluid\" ><\/div><div class=\"wpb_column vc_column_container vc_col-sm-12\"><div class=\"vc_column-inner\"><div class=\"wpb_wrapper\"><\/div><\/div><\/div><div class=\"mkdf-section-title-holder\" style=\"text-align: left\">\n\t<div class=\"mkdf-st-inner\">\n\t\t\t\t\t<h5 class=\"mkdf-st-subtitle\" >\n\t\t\t\tTurlar ve Geziler\t\t\t<\/h5>\n\t\t\t\t\t\t\t<h3 class=\"mkdf-st-title\" >\n\t\t\t\tGezi Balinas\u0131 Samana K\u00f6rfezi&#039;ni \u0130zleme + Cano Hondo + Samana liman\u0131ndan Los Haitises\t\t\t<\/h3>\n\t\t\t\t\t<\/div>\n<\/div>\n\t<div class=\"wpb_text_column wpb_content_element\" >\n\t\t<div class=\"wpb_wrapper\">\n\t\t\t<p>\nn<\/p>\n<div class=\"vc_row wpb_row vc_row-fluid\">\nn<\/p>\n<div class=\"wpb_column vc_column_container vc_col-sm-12\">\nn<\/p>\n<div class=\"vc_column-inner\">\nn<\/p>\n<div class=\"wpb_wrapper\">\nn<\/p>\n<div class=\"wpb_text_column wpb_content_element\">\nn<\/p>\n<div class=\"wpb_wrapper\">\nn<\/p>\n<h3><\/h3>\n<p>nWhale watching in Saman\u00e1 starts from Saman\u00e1 port after Whale watching we will across the bay to visit Ca\u00f1o Hondo Natural pools plus Lunch and Full trip in Los Haitises National Park.<br \/>\nn<br \/>\nnThis Trip will start at 9:00 Am and Finish at 5:00 Pm. Meeting before in Our Office. After aborting our Private Boat to visit Whales in their own habitat. From 9:00 Am until 11:00 am Whale observatory and After this Whale watching trip we will visit Ca\u00f1o Hondo for Lunch plus swimming in natural pools and finishing with a full trip to Los Haitises National Park. This excursion will end at the same port from where will start at 5:00 pm.<br \/>\nn<br \/>\nn<strong>Not: Bu \u00d6zel bir gezidir.\u00a0<\/strong><br \/>\nn<\/p>\n<ul>\nn \t<\/p>\n<li>Balina \u0130zleme gezisi<\/li>\n<p>n \t<\/p>\n<li>Los Haitises Ulusal Park\u0131 Turu<\/li>\n<p>n \t<\/p>\n<li>Ca\u00f1o Hondo, \u00d6\u011fle Yeme\u011fi ve Havuzlar<\/li>\n<p>n \t<\/p>\n<li>G\u00f6zlemevine giri\u015f \u00fccretleri<\/li>\n<p>n \t<\/p>\n<li>Tekne Transferi<\/li>\n<p>n \t<\/p>\n<li>Kaptan talimat ve Denetim sa\u011flar<\/li>\n<p>n \t<\/p>\n<li>Tur rehberi<\/li>\n<p>n<\/ul>\n<p>n&nbsp;<br \/>\nn<\/p>\n<h4><b>Dahil Edilenler ve Hari\u00e7 Tutulanlar<\/b><\/h4>\n<p>n&nbsp;<br \/>\nn<br \/>\nn<b>Dahil olanlar<\/b><br \/>\nn<\/p>\n<ol>\nn \t<\/p>\n<li>Ca\u00f1o Hondo&#039;da a\u00e7\u0131k b\u00fcfe \u00f6\u011fle yeme\u011fi<\/li>\n<p>n \t<\/p>\n<li>Do\u011fal Havuzlar<\/li>\n<p>n \t<\/p>\n<li>Balina Saman\u00e1 k\u00f6rfezini izliyor<\/li>\n<p>n \t<\/p>\n<li>Los Haitises Ulusal Park\u0131, Ma\u011faralar, Mangrovlar ve San Lorenzo K\u00f6rfezi<\/li>\n<p>n \t<\/p>\n<li>Tur rehberi<\/li>\n<p>n \t<\/p>\n<li>Katamaran veya Tekne Gezisi<\/li>\n<p>n \t<\/p>\n<li>T\u00fcm vergiler, \u00fccretler ve i\u015flem \u00fccretleri<\/li>\n<p>n \t<\/p>\n<li>Yerel vergiler<\/li>\n<p>n \t<\/p>\n<li>\u0130\u00e7ecekler<\/li>\n<p>n<\/ol>\n<p>n<b>\u0130stisnalar<\/b><br \/>\nn<\/p>\n<ol>\nn \t<\/p>\n<li>Bah\u015fi\u015fler<\/li>\n<p>n \t<\/p>\n<li>Transfer Arabas\u0131<\/li>\n<p>n \t<\/p>\n<li>Alkoll\u00fc i\u00e7ecekler<\/li>\n<p>n<\/ol>\n<p>n&nbsp;<br \/>\nn<\/p>\n<h4><em><strong>Gidi\u015f &amp; D\u00f6n\u00fc\u015f<\/strong><\/em><\/h4>\n<p>nRezervasyon S\u00fcrecinden sonra seyahat eden ki\u015fi bir bulu\u015fma noktas\u0131na sahip olacakt\u0131r. Turlar bulu\u015fma noktalar\u0131m\u0131zda ba\u015flar ve biter.<br \/>\nn<br \/>\nn&nbsp;<br \/>\nn<\/p>\n<h4><b><i>Ne bekleyebilece\u011finizi?<\/i><\/b><\/h4>\n<p>n&nbsp;<br \/>\nn<br \/>\nn<em><strong>biletlerinizi al\u0131n<\/strong><\/em> Samana k\u00f6rfezinde bir g\u00fcnl\u00fck Balina \u0130zleme turu art\u0131 harika bir \u00f6\u011fle yeme\u011fi ve plaj zaman\u0131 ve Los Haitises Ulusal Park\u0131 ziyareti i\u00e7in.<br \/>\nn<br \/>\nn\u201cBooking Adventures\u201d taraf\u0131ndan d\u00fczenlenen balina izleme g\u00fcn\u00fcbirlik bilet, Tur Rehberi ile belirlenen bulu\u015fma noktas\u0131nda ba\u015flar. Plajda \u00f6\u011fle yeme\u011fi yiyebilir ve etrafta y\u00fczmek istedi\u011finiz kadar kalabilirsiniz. E\u011fer Vegan iseniz sizin i\u00e7in de yemek haz\u0131rlayabiliriz.<br \/>\nn<br \/>\nn<strong>Masa saati:<\/strong><br \/>\nn<br \/>\n08:45 \u2013 17:00<br \/>\nn<br \/>\nn&nbsp;<br \/>\nn<\/p>\n<h4><em><strong>Ne getirmelisin?<\/strong><\/em><\/h4>\n<p>n<\/p>\n<ul>\nn \t<\/p>\n<li>Kamera<\/li>\n<p>n \t<\/p>\n<li>Kovucu tomurcuklar<\/li>\n<p>n \t<\/p>\n<li>G\u00fcne\u015f kremi<\/li>\n<p>n \t<\/p>\n<li>\u015eapka<\/li>\n<p>n \t<\/p>\n<li>rahat pantolon<\/li>\n<p>n \t<\/p>\n<li>Sahile giden sandaletler<\/li>\n<p>n \t<\/p>\n<li>Y\u00fczme giysileri<\/li>\n<p>n \t<\/p>\n<li>Hat\u0131ra E\u015fyas\u0131 i\u00e7in nakit<\/li>\n<p>n<\/ul>\n<p>n&nbsp;<br \/>\nn<\/p>\n<h4><b><i>otelden alma<\/i><\/b><\/h4>\n<p>Bu tur i\u00e7in nHotel&#039;den ara\u00e7la alma hizmeti sunulmamaktad\u0131r.<br \/>\nn<br \/>\nn&nbsp;<br \/>\nn<br \/>\nn<b>Not:<\/b>\u00a0tur\/Gezi hareket saatinden sonraki 24 saat i\u00e7inde rezervasyon yap\u0131yorsan\u0131z, ek \u00fccret kar\u015f\u0131l\u0131\u011f\u0131nda otelden alma ayarlayabiliriz. Sat\u0131n alma i\u015fleminiz tamamland\u0131\u011f\u0131nda, teslim alma d\u00fczenlemelerini organize etmesi i\u00e7in size yerel Tur rehberimizin eksiksiz ileti\u015fim bilgilerini (telefon numaras\u0131, e-posta adresi vb.) g\u00f6nderece\u011fiz.<br \/>\nn<\/p>\n<h4><b><i>Ek Bilgi Onay\u0131<\/i><\/b><\/h4>\n<p>n<\/p>\n<ol>\nn \t<\/p>\n<li>Biletler, bu Turu \u00f6dedikten sonra Makbuzdur. \u00d6demeyi telefonunuzda g\u00f6sterebilirsiniz.<\/li>\n<p>n \t<\/p>\n<li>Bulu\u015fma Noktas\u0131 Rezervasyon \u0130\u015fleminden Sonra Al\u0131nacakt\u0131r.<\/li>\n<p>n \t<\/p>\n<li>\u00c7ocuklara bir yeti\u015fkin e\u015flik etmelidir.<\/li>\n<p>n \t<\/p>\n<li>tekerlekli sandalye eri\u015filebilir<\/li>\n<p>n \t<\/p>\n<li>Bebekler kuca\u011fa oturmal\u0131<\/li>\n<p>n \t<\/p>\n<li>\u00c7o\u011fu gezgin kat\u0131labilir<\/li>\n<p>n<\/ol>\n<p>n<\/p>\n<h4><b><i>\u0130ptal politikas\u0131<\/i><\/b><\/h4>\n<p>nTam para iadesi i\u00e7in l\u00fctfen \u0130ptal politikalar\u0131m\u0131z\u0131 okuyun\u00a0<a href=\"https:\/\/www.boattoursamana.com\/tr\/cevrimici-rezervasyon\/\" target=\"_blank\" rel=\"noopener\" data-saferedirecturl=\"https:\/\/www.google.com\/url?q=https:\/\/www.boattoursamana.com\/online-booking\/&amp;source=gmail&amp;ust=1672449202351000&amp;usg=AOvVaw1yAeVAPktmaVCqDujgUn90\">Buraya T\u0131kla<\/a>. Seyahatle ayn\u0131 g\u00fcn rezervasyon iptal edilirse para kaybedilecektir.<br \/>\nn<br \/>\nn<\/div>\n<p>n\n<\/p><\/div>\n<p>n\n<\/p><\/div>\n<p>n\n<\/p><\/div>\n<p>n\n<\/p><\/div>\n<p>n\n<\/p><\/div>\n<p>n<\/p>\n<div class=\"vc_row wpb_row vc_row-fluid\">\nn<\/p>\n<div class=\"wpb_column vc_column_container vc_col-sm-12\">\nn<\/p>\n<div class=\"vc_column-inner\">\nn<\/p>\n<div class=\"wpb_wrapper\">\nn<\/p>\n<div class=\"wpb_text_column wpb_content_element\">\nn<\/p>\n<div class=\"wpb_wrapper\">\nn<\/p>\n<h4>Bize Ula\u015f\u0131n?<\/h4>\n<p>n<\/p>\n<h5><b><i>TUR BAL\u0130NALARI SAMANA<\/i><\/b><\/h5>\n<p>n<em><strong>Yerliler<\/strong>\u00a0ve\u00a0<strong>uyruklular<\/strong>\u00a0Tur Rehberleri ve Misafir Hizmetleri<\/em><br \/>\nn<br \/>\nn<span class=\"text-turquoise\">Rezervasyonlar:<\/span>\u00a0Dom s\u0131n\u0131rlar\u0131ndaki Turlar ve Geziler temsilci<br \/>\nn<br \/>\nn<img decoding=\"async\" class=\"emoji\" draggable=\"false\" src=\"https:\/\/s.w.org\/images\/core\/emoji\/11.2.0\/svg\/1f4de.svg\" alt=\" \" title=\"\">\u00a0Tel \/ Naber\u00a0\u00a0<a href=\"tel:+1-809-720-6035\">+1-809-720-6035<\/a>.<br \/>\nn<br \/>\nn<img decoding=\"async\" class=\"emoji\" draggable=\"false\" src=\"https:\/\/s.w.org\/images\/core\/emoji\/11.2.0\/svg\/1f4e9.svg\" alt=\" \" title=\"\">\u00a0<a href=\"mailto:info@bookingadventures.com.do\">info@bookingadventures.com.do<\/a><br \/>\nn<br \/>\nn<strong>Whatsapp ile Esnek \u00d6zel Turlar Ayarl\u0131yoruz:\u00a0<a href=\"tel:+18097206035\">+18097206035.<\/a><\/strong><br \/>\nn<br \/>\nn<\/div>\n<p>n\n<\/p><\/div>\n<p>n\n<\/p><\/div>\n<p>n\n<\/p><\/div>\n<p>n\n<\/p><\/div>\n<p>n\n<\/p><\/div>\n<p>n<\/p>\n\n\t\t<\/div>\n\t<\/div>\n<div class=\"mkdf-section-title-holder\" style=\"text-align: left\">\n\t<div class=\"mkdf-st-inner\">\n\t\t\t\t\t<h5 class=\"mkdf-st-subtitle\" >\n\t\t\t\t\u00d6zel Turlar ve Geziler\t\t\t<\/h5>\n\t\t\t\t\t\t\t<h3 class=\"mkdf-st-title\" >\n\t\t\t\tSamana Liman\u0131&#039;ndan Samana K\u00f6rfezi&#039;ni \u0130zleyen \u00d6zel Gezi Balinas\u0131 + Cano Hondo + Los Haitises\t\t\t<\/h3>\n\t\t\t\t\t<\/div>\n<\/div>\n\t<div class=\"wpb_text_column wpb_content_element\" >\n\t\t<div class=\"wpb_wrapper\">\n\t\t\t<p>\nn<br \/>\nnBen metin blo\u011fuyum. Bu metni de\u011fi\u015ftirmek i\u00e7in d\u00fczenle d\u00fc\u011fmesine t\u0131klay\u0131n. Lorem ipsum dolor sit amet, consectetur adipiscing elit. Ut elit tellus, luctus nec ullamcorper mattis, pulvinar dapibus leo.<br \/>\nn<br \/>\nn<\/p>\n\n\t\t<\/div>\n\t<\/div>","protected":false},"excerpt":{"rendered":"<p>Esta es una excursi\u00f3n privada al observatorio de avistamiento de ballenas despu\u00e9s del almuerzo en el albergue ecol\u00f3gico Ca\u00f1o Hondo y el Parque Nacional Los Haitises. Nadie m\u00e1s ofrece esta incre\u00edble experiencia en un viaje de un solo d\u00eda con gu\u00edas profesionales ecologistas en el avistamiento de ballenas. Si desea ponerse en contacto con nosotros para recibir asesoramiento, env\u00ede un correo electr\u00f3nico, Whatsapp o Llamadas disponibles. Por favor reserve sus boletos con tiempo. n n&nbsp; n nSeleccione la fecha de [&hellip;]<\/p>\n","protected":false},"author":2,"featured_media":0,"parent":0,"menu_order":0,"comment_status":"open","ping_status":"closed","template":"","meta":{"footnotes":""},"class_list":["post-15802","page","type-page","status-publish","hentry"],"_links":{"self":[{"href":"https:\/\/www.boattoursamana.com\/tr\/wp-json\/wp\/v2\/pages\/15802","targetHints":{"allow":["GET"]}}],"collection":[{"href":"https:\/\/www.boattoursamana.com\/tr\/wp-json\/wp\/v2\/pages"}],"about":[{"href":"https:\/\/www.boattoursamana.com\/tr\/wp-json\/wp\/v2\/types\/page"}],"author":[{"embeddable":true,"href":"https:\/\/www.boattoursamana.com\/tr\/wp-json\/wp\/v2\/users\/2"}],"replies":[{"embeddable":true,"href":"https:\/\/www.boattoursamana.com\/tr\/wp-json\/wp\/v2\/comments?post=15802"}],"version-history":[{"count":0,"href":"https:\/\/www.boattoursamana.com\/tr\/wp-json\/wp\/v2\/pages\/15802\/revisions"}],"wp:attachment":[{"href":"https:\/\/www.boattoursamana.com\/tr\/wp-json\/wp\/v2\/media?parent=15802"}],"curies":[{"name":"wp","href":"https:\/\/api.w.org\/{rel}","templated":true}]}}