{"id":15807,"date":"2023-07-15T07:43:59","date_gmt":"2023-07-15T07:43:59","guid":{"rendered":"https:\/\/www.ticketswhales.com\/saona-island-rentals-rent-a-private-boat\/"},"modified":"2023-07-15T07:43:59","modified_gmt":"2023-07-15T07:43:59","slug":"saona-island-rentals-rent-a-private-boat","status":"publish","type":"page","link":"https:\/\/www.boattoursamana.com\/tr\/saona-ada-kiralama-ozel-tekne-kiralama-2","title":{"rendered":"Saona Island Rentals \u2013 \u00d6zel bir tekne kiralay\u0131n"},"content":{"rendered":"<p>&nbsp;<\/p>\n<div class=\"vc_row wpb_row vc_row-fluid\" > <div class=\"wpb_column vc_column_container vc_col-sm-12\"><div class=\"vc_column-inner\"><div class=\"wpb_wrapper\"> \n\t<div class=\"wpb_text_column wpb_content_element\" >\n\t\t<div class=\"wpb_wrapper\">\n\t\t\t\n\t\t<\/div>\n\t<\/div>\n <\/div><\/div><\/div> <\/div> <div class=\"wpb_column vc_column_container vc_col-sm-12\"><div class=\"vc_column-inner\"><div class=\"wpb_wrapper\"> <div class=\"vc_btn3-container vc_btn3-inline\" ><button class=\"vc_general vc_btn3 vc_btn3-size-md vc_btn3-shape-rounded vc_btn3-style-modern vc_btn3-color-green\">REZERVASYON YAP<\/button><\/div> <\/div><\/div><\/div> <div class=\"vc_tta-container\" data-vc-action=\"collapse\"><div class=\"vc_general vc_tta vc_tta-tabs vc_tta-color-grey vc_tta-style-classic vc_tta-shape-rounded vc_tta-spacing-1 vc_tta-tabs-position-top vc_tta-controls-align-left\"><div class=\"vc_tta-tabs-container\"><ul class=\"vc_tta-tabs-list\"><\/ul><\/div><div class=\"vc_tta-panels-container\"><div class=\"vc_tta-panels\"> <\/div><\/div><\/div><\/div> <div class=\"vc_tta-panel vc_active\" id=\"1616582286467-74629ea8-fd69\" data-vc-content=\".vc_tta-panel-body\"><div class=\"vc_tta-panel-heading\"><h4 class=\"vc_tta-panel-title\"><a href=\"#1616582286467-74629ea8-fd69\" data-vc-accordion data-vc-container=\".vc_tta-container\"><span class=\"vc_tta-title-text\">A\u00e7\u0131klama<\/span><\/a><\/h4><\/div><div class=\"vc_tta-panel-body\"> \n\t<div class=\"wpb_text_column wpb_content_element\" >\n\t\t<div class=\"wpb_wrapper\">\n\t\t\t<p>\nn<\/p>\n<div class=\"custom-left\">\nn<\/p>\n<div class=\"row\">\nn<\/p>\n<div class=\"col-md-12 cust-clas\">\nn<\/p>\n<div class=\"product-header alignleft\">\nn<br \/>\nnSAONA ADASI - TEKNE - K\u0130RALAMA<br \/>\nn<br \/>\nn SAONA ADASI'NA TAM G\u00dcN \u00d6ZEL KARTER<br \/>\nn<br \/>\nnESNEK S\u00dcRE - PAZARTES\u0130DEN PAZAR G\u00dcN\u00dcNE<br \/>\nn<br \/>\nn<\/div>\n<p>n\n<\/p><\/div>\n<p>n\n<\/p><\/div>\n<p>n\n<\/p><\/div>\n<p>n<\/p>\n<div class=\"custom-left para-p\">\nn<\/p>\n<div class=\"info_content_label\">\nn<br \/>\nn&nbsp;<br \/>\nn<br \/>\nn&nbsp;<br \/>\nn<br \/>\nn&nbsp;<br \/>\nn<br \/>\nn&nbsp;<br \/>\nn<br \/>\nnSaona Adas\u0131'n\u0131 ziyaret etmek i\u00e7in bu muhte\u015fem tekneyi 16 ki\u015fiye kadar g\u00fcn boyunca kiralay\u0131n.<br \/>\nn<br \/>\nn<strong>DAH\u0130L<\/strong><br \/>\nn<\/p>\n<ul>\nn \t<\/p>\n<li>M\u00fcrettebat (Kaptan ve Kaptan Yard\u0131mc\u0131s\u0131)<\/li>\n<p>n \t<\/p>\n<li>Yak\u0131t<\/li>\n<p>n \t<\/p>\n<li>Buzlu buz so\u011futucusu<\/li>\n<p>n<\/ul>\n<p>nYiyecekler ek bir \u00fccret kar\u015f\u0131l\u0131\u011f\u0131nda temin edilebilir:<br \/>\nn<br \/>\nn<strong>Geleneksel a\u00e7\u0131k b\u00fcfe \u00f6\u011fle yeme\u011finin detaylar\u0131, $15 USD p\/p:<\/strong><br \/>\nn<br \/>\nn-Ye\u015fil salata, Rus salatas\u0131<br \/>\nn<br \/>\nn-\u015e\u00f6valye<br \/>\nn<br \/>\nn-Hindistan cevizli Moro de Guandule (Dominik usul\u00fc pirin\u00e7)<br \/>\nn<br \/>\nn-Domates soslu makarna-Kasava g\u00fcve\u00e7leri<br \/>\nn<br \/>\nn-Izgara bal\u0131k ve tavuk (dorado) + iste\u011fe ba\u011fl\u0131 hindistan cevizi s\u00fct\u00fc sosu<br \/>\nn<br \/>\nn-Taze meyve-1 alkols\u00fcz i\u00e7ecek (me\u015frubat veya su)<br \/>\nn-Kafeterya<br \/>\nn<br \/>\nn<strong>Ek \u0131stakoz servisi + hindistan cevizi \u015fekerlemesi $19 USD (ek).<\/strong><br \/>\nn<br \/>\nn<\/div>\n<p>n<strong><label>Dahil de\u011fil:<\/label><\/strong> \u0130\u00e7ecekler ve yiyecekler dahil DE\u011e\u0130LD\u0130R ve ek bir \u00fccret kar\u015f\u0131l\u0131\u011f\u0131nda d\u00fczenlenebilir.<br \/>\nn<br \/>\nn&nbsp;<br \/>\nn<br \/>\nn<\/div>\n<p>nDaha fazla bilgiye ihtiyac\u0131n\u0131z varsa veya herhangi bir sorunuz varsa, Whatsapp ile bizimle ileti\u015fime ge\u00e7mekten \u00e7ekinmeyin: +1-809-720-6035 veya canl\u0131 sohbet. \u00c7evrimi\u00e7i en iyi fiyat\u0131 sunuyoruz!<br \/>\nn<br \/>\nn&nbsp;<br \/>\nn<\/p>\n<h4><b><i>\u0130ptal politikas\u0131<\/i><\/b><\/h4>\n<p>nTam para iadesi i\u00e7in l\u00fctfen iptal politikalar\u0131m\u0131z\u0131 okuyun <a href=\"https:\/\/www.boattoursamana.com\/tr\/cevrimici-rezervasyon\/\" target=\"_blank\" rel=\"noopener\" data-saferedirecturl=\"https:\/\/www.google.com\/url?q=https:\/\/www.boattoursamana.com\/online-booking\/&amp;source=gmail&amp;ust=1672449202351000&amp;usg=AOvVaw1yAeVAPktmaVCqDujgUn90\">Buraya T\u0131kla<\/a>. Rezervasyonun seyahatle ayn\u0131 g\u00fcn iptal edilmesi durumunda para kaybedilecektir. <\/p>\n\n\t\t<\/div>\n\t<\/div>\n <\/div><\/div> <div class=\"vc_tta-panel\" id=\"1616580432722-00be9baf-46e3\" data-vc-content=\".vc_tta-panel-body\"><div class=\"vc_tta-panel-heading\"><h4 class=\"vc_tta-panel-title\"><a href=\"#1616580432722-00be9baf-46e3\" data-vc-accordion data-vc-container=\".vc_tta-container\"><span class=\"vc_tta-title-text\">Fiyat:% s<\/span><\/a><\/h4><\/div><div class=\"vc_tta-panel-body\"> <\/div><\/div> <div class=\"mkdf-section-title-holder\" style=\"text-align: center\">\n\t<div class=\"mkdf-st-inner\">\n\t\t\t\t\t\t\t<h3 class=\"mkdf-st-title\" >\n\t\t\t\tF\u0130YAT:% S\t\t\t<\/h3>\n\t\t\t\t\t<\/div>\n<\/div> <div class=\"vc_empty_space\"   style=\"height: 32px\"><span class=\"vc_empty_space_inner\"><\/span><\/div> <div class=\"vc_row wpb_row vc_row-fluid\" > <div class=\"wpb_column vc_column_container vc_col-sm-12\"><div class=\"vc_column-inner\"><div class=\"wpb_wrapper\"> <div class=\"vc_btn3-container vc_btn3-inline\" ><button class=\"vc_general vc_btn3 vc_btn3-size-md vc_btn3-shape-rounded vc_btn3-style-modern vc_btn3-color-green\">REZERVASYON YAP<\/button><\/div> <\/div><\/div><\/div> <\/div>","protected":false},"excerpt":{"rendered":"<p>&nbsp;<\/p>","protected":false},"author":2,"featured_media":0,"parent":0,"menu_order":0,"comment_status":"open","ping_status":"closed","template":"","meta":{"footnotes":""},"class_list":["post-15807","page","type-page","status-publish","hentry"],"_links":{"self":[{"href":"https:\/\/www.boattoursamana.com\/tr\/wp-json\/wp\/v2\/pages\/15807","targetHints":{"allow":["GET"]}}],"collection":[{"href":"https:\/\/www.boattoursamana.com\/tr\/wp-json\/wp\/v2\/pages"}],"about":[{"href":"https:\/\/www.boattoursamana.com\/tr\/wp-json\/wp\/v2\/types\/page"}],"author":[{"embeddable":true,"href":"https:\/\/www.boattoursamana.com\/tr\/wp-json\/wp\/v2\/users\/2"}],"replies":[{"embeddable":true,"href":"https:\/\/www.boattoursamana.com\/tr\/wp-json\/wp\/v2\/comments?post=15807"}],"version-history":[{"count":0,"href":"https:\/\/www.boattoursamana.com\/tr\/wp-json\/wp\/v2\/pages\/15807\/revisions"}],"wp:attachment":[{"href":"https:\/\/www.boattoursamana.com\/tr\/wp-json\/wp\/v2\/media?parent=15807"}],"curies":[{"name":"wp","href":"https:\/\/api.w.org\/{rel}","templated":true}]}}