{"id":15818,"date":"2023-07-15T07:44:18","date_gmt":"2023-07-15T07:44:18","guid":{"rendered":"https:\/\/www.ticketswhales.com\/las-terrenas-cayo-levantado-bacardi-island-day-trip-tour\/"},"modified":"2023-07-15T07:44:18","modified_gmt":"2023-07-15T07:44:18","slug":"las-terrenas-cayo-levantado-bacardi-island-day-trip-tour","status":"publish","type":"page","link":"https:\/\/www.boattoursamana.com\/tr\/las-terrenas-cayo-levantado-bacardi-ada-gunluk-gezi-tur-2","title":{"rendered":"Las Terrenas Cayo levantado (Bacardi Adas\u0131) G\u00fcnl\u00fck gezi Turu"},"content":{"rendered":"<p><span style=\"vertical-align: inherit;\"><span style=\"vertical-align: inherit;\"><span style=\"vertical-align: inherit;\"><span style=\"vertical-align: inherit;\">Bacard\u00ed Adas\u0131&#039;nda (Cayo Levantado) bir g\u00fcn gezisi! <\/span><\/span><\/span><span style=\"vertical-align: inherit;\"><span style=\"vertical-align: inherit;\"><span style=\"vertical-align: inherit;\">Giri\u015fleri kontrol edin ve oyun alan\u0131ndan al\u0131n. <\/span><\/span><\/span><span style=\"vertical-align: inherit;\"><span style=\"vertical-align: inherit;\"><span style=\"vertical-align: inherit;\">Bacardi Adas\u0131&#039;ndaki t\u00fcm g\u00fcnleri bir barkot veya katamaranda gezdirin. <\/span><\/span><\/span><span style=\"vertical-align: inherit;\"><span style=\"vertical-align: inherit;\"><span style=\"vertical-align: inherit;\">Saman\u00e1 bah\u00eda&#039;y\u0131 ziyaret edin ve bir teklif rezerve edin.<\/span><\/span><\/span><\/span><br \/>\nn<br \/>\nn&nbsp;<br \/>\nn<br \/>\nn<em><strong><span style=\"vertical-align: inherit;\"><span style=\"vertical-align: inherit;\"><span style=\"vertical-align: inherit;\"><span style=\"vertical-align: inherit;\">Tur i\u00e7in bir masa se\u00e7in\u00a0<\/span><\/span><\/span><\/span><\/strong><\/em><\/p>\n<p>&nbsp;<\/p>\n<div class=\"vc_row wpb_row vc_row-fluid\" ><div class=\"wpb_column vc_column_container vc_col-sm-12\"><div class=\"vc_column-inner\"><div class=\"wpb_wrapper\"><div class=\"mkdf-section-title-holder\" style=\"text-align: left\">\n\t<div class=\"mkdf-st-inner\">\n\t\t\t\t\t<h5 class=\"mkdf-st-subtitle\" >\n\t\t\t\t\u00d6\u011fle Yeme\u011fi &amp; Ula\u015f\u0131m ve Sahilde Y\u00fczme\t\t\t<\/h5>\n\t\t\t\t\t\t\t<h3 class=\"mkdf-st-title\" >\n\t\t\t\tLas Terrenas Cayo levantado (Bacardi Adas\u0131) G\u00fcnl\u00fck gezi Turu\t\t\t<\/h3>\n\t\t\t\t\t<\/div>\n<\/div><\/div><\/div><\/div><\/div><div class=\"vc_row wpb_row vc_row-fluid\" ><div class=\"wpb_column vc_column_container vc_col-sm-12\"><div class=\"vc_column-inner\"><div class=\"wpb_wrapper\"><div class=\"vc_empty_space\"   style=\"height: 32px\"><span class=\"vc_empty_space_inner\"><\/span><\/div><\/div><\/div><\/div><\/div><div class=\"vc_row wpb_row vc_row-fluid\" ><div class=\"wpb_column vc_column_container vc_col-sm-12\"><div class=\"vc_column-inner\"><div class=\"wpb_wrapper\"><div class=\"vc_btn3-container vc_btn3-inline\" ><button class=\"vc_general vc_btn3 vc_btn3-size-md vc_btn3-shape-rounded vc_btn3-style-modern vc_btn3-color-green\">REZERVASYON YAP<\/button><\/div>\n\t<div class=\"wpb_text_column wpb_content_element\" >\n\t\t<div class=\"wpb_wrapper\">\n\t\t\t<p>\nn<\/p>\n<h4><b><i>genel bak\u0131\u015f <\/i><\/b><\/h4>\n<p>nBizim <em>g\u00fcn ge\u00e7er<\/em>\u00a0ge\u00e7irmek isteyenler i\u00e7indir.\u00a0<em>g\u00fcn<\/em> las Terrenas Hotels&#039;den ula\u015f\u0131m dahil Cayo levantado&#039;da. Dominik Cumhuriyeti&#039;nin en g\u00fczel plajlar\u0131ndan birini ziyaret etmek i\u00e7in. Etrafta dola\u015fmak, y\u00fczmek, dinlenmek, serinlemek, voleybol oynamak, foto\u011fraf \u00e7ekmek, \u015fnorkel yapmak, kumsal\u0131n tad\u0131n\u0131 \u00e7\u0131karmak veya sadece g\u00f6lgede uzanmak ve serinletici bir i\u00e7ecek (Pi\u00f1a Colada, Coco Loco, Cuba Libre vb.)<br \/>\nn<\/p>\n<ul>\nn \t<\/p>\n<li style=\"font-weight: 400;\"><span style=\"font-weight: 400;\">Sahilde a\u00e7\u0131k b\u00fcfe \u00f6\u011fle yeme\u011fi dahildir.<\/span><\/li>\n<p>n \t<\/p>\n<li>Yeti\u015fkin ba\u015f\u0131na Alkoll\u00fc veya Alkols\u00fcz bir Pina Colada.<\/li>\n<p>n \t<\/p>\n<li>Tekne Transferi<\/li>\n<p>n \t<\/p>\n<li style=\"font-weight: 400;\"><span style=\"font-weight: 400;\">Kaptan talimat ve Denetim sa\u011flar<\/span><\/li>\n<p>n<\/ul>\n<p>n&nbsp;<br \/>\nn<\/p>\n<h4><b>Dahil Edilenler ve Hari\u00e7 Tutulanlar<\/b><\/h4>\n<p>n&nbsp;<br \/>\nn<br \/>\nn<b>Dahil olanlar<\/b><br \/>\nn<\/p>\n<ol>\nn \t<\/p>\n<li>Yeti\u015fkin ba\u015f\u0131na Alkoll\u00fc veya Alkols\u00fcz bir Pina Colada.<\/li>\n<p>n \t<\/p>\n<li style=\"font-weight: 400;\"><span style=\"font-weight: 400;\">Sahilde a\u00e7\u0131k b\u00fcfe \u00f6\u011fle yeme\u011fi<\/span><\/li>\n<p>n \t<\/p>\n<li style=\"font-weight: 400;\"><span style=\"font-weight: 400;\">T\u00fcm vergiler, \u00fccretler ve i\u015flem \u00fccretleri<\/span><\/li>\n<p>n \t<\/p>\n<li>Toplu ta\u015f\u0131ma<\/li>\n<p>n \t<\/p>\n<li style=\"font-weight: 400;\"><span style=\"font-weight: 400;\">Yerel vergiler<\/span><\/li>\n<p>n \t<\/p>\n<li style=\"font-weight: 400;\"><span style=\"font-weight: 400;\">\u0130\u00e7ecekler<\/span><\/li>\n<p>n<\/ol>\n<p>n<b> \u0130stisnalar<\/b><br \/>\nn<\/p>\n<ol>\nn \t<\/p>\n<li style=\"font-weight: 400;\"><span style=\"font-weight: 400;\">Bah\u015fi\u015fler<\/span><\/li>\n<p>n \t<\/p>\n<li style=\"font-weight: 400;\"><span style=\"font-weight: 400;\">Alkoll\u00fc i\u00e7ecekler<\/span><\/li>\n<p>n \t<\/p>\n<li>Yerel rehber<\/li>\n<p>n<\/ol>\n<p>n&nbsp;<br \/>\nn<\/p>\n<h4><em><strong>Gidi\u015f &amp; D\u00f6n\u00fc\u015f<\/strong><\/em><\/h4>\n<p>n<span style=\"font-weight: 400;\">Gezgin, Rezervasyon \u0130\u015fleminden sonra bir bulu\u015fma noktas\u0131 alacakt\u0131r. Turlar bulu\u015fma noktalar\u0131m\u0131zda ba\u015flar ve biter.<\/span><br \/>\nn<br \/>\nn&nbsp;<br \/>\nn<\/p>\n<h4><b><i>Ne bekleyebilece\u011finizi?<\/i><\/b><\/h4>\n<p>n&nbsp;<br \/>\nn<br \/>\nn<em><strong>biletlerinizi al\u0131n<\/strong><\/em> Samana&#039;daki Bacardi adas\u0131nda (Cayo Levantado) bir g\u00fcnl\u00fck ge\u00e7i\u015f art\u0131 Las Terrenas Otelleri veya Airbnb yerinden ba\u015flayarak harika bir \u00f6\u011fle yeme\u011fi ve plaj zaman\u0131.<br \/>\nn<br \/>\nn<span style=\"font-weight: 400;\">\u201cBooking Adventures\u201d taraf\u0131ndan d\u00fczenlenen Daypass, Tur Rehberi ile belirlenen bulu\u015fma noktas\u0131nda ba\u015flar. <\/span>Sahilde \u00f6\u011fle yeme\u011fi ve istedi\u011finiz kadar kalabilirsiniz. Vegan iseniz sizin i\u00e7in yemek de haz\u0131rlayabiliriz.<br \/>\nn<br \/>\nn<strong>Masa saati:<\/strong><br \/>\nn<br \/>\n06.45 \u2013 16.30<br \/>\nn<br \/>\nn&nbsp;<br \/>\nn<\/p>\n<h4><em><strong>Ne getirmelisin?<\/strong><\/em><\/h4>\n<p>n<\/p>\n<ul>\nn \t<\/p>\n<li style=\"font-weight: 400;\"><span style=\"font-weight: 400;\">Kamera<\/span><\/li>\n<p>n \t<\/p>\n<li style=\"font-weight: 400;\"><span style=\"font-weight: 400;\">Kovucu tomurcuklar<\/span><\/li>\n<p>n \t<\/p>\n<li style=\"font-weight: 400;\"><span style=\"font-weight: 400;\">G\u00fcne\u015f kremi<\/span><\/li>\n<p>n \t<\/p>\n<li style=\"font-weight: 400;\"><span style=\"font-weight: 400;\">\u015eapka<\/span><\/li>\n<p>n \t<\/p>\n<li style=\"font-weight: 400;\"><span style=\"font-weight: 400;\">rahat pantolon<\/span><\/li>\n<p>n \t<\/p>\n<li style=\"font-weight: 400;\"><span style=\"font-weight: 400;\">Orman i\u00e7in y\u00fcr\u00fcy\u00fc\u015f ayakkab\u0131s\u0131<\/span><\/li>\n<p>n \t<\/p>\n<li style=\"font-weight: 400;\"><span style=\"font-weight: 400;\">Sahile giden sandaletler<\/span><\/li>\n<p>n \t<\/p>\n<li style=\"font-weight: 400;\"><span style=\"font-weight: 400;\">Y\u00fczme giysileri<\/span><\/li>\n<p>n \t<\/p>\n<li>Hat\u0131ra E\u015fyas\u0131 i\u00e7in nakit<\/li>\n<p>n<\/ul>\n<p>n&nbsp;<br \/>\nn<\/p>\n<h4><b><i>otelden alma <\/i><\/b><\/h4>\n<p>n<span style=\"font-weight: 400;\">Bu tur i\u00e7in otelden veya Airbnb&#039;den ara\u00e7la alma hizmeti sunulur. <\/span><br \/>\nn<br \/>\nn&nbsp;<br \/>\nn<br \/>\nn<b>Not:<\/b><span style=\"font-weight: 400;\"> tur\/Gezi kalk\u0131\u015f saatinden sonraki 24 saat i\u00e7inde rezervasyon yap\u0131yorsan\u0131z, otelden alma i\u015flemini ayarlayabiliriz Sat\u0131n alma i\u015fleminiz tamamland\u0131ktan sonra size yerel Tur rehberimiz i\u00e7in eksiksiz ileti\u015fim bilgileri (telefon numaras\u0131, e-posta adresi vb.) g\u00f6nderece\u011fiz. alma d\u00fczenlemelerini organize etmek.<\/span><br \/>\nn<\/p>\n<h4><b><i>Ek Bilgi Onay\u0131 <\/i><\/b><\/h4>\n<p>n<\/p>\n<ol>\nn \t<\/p>\n<li>Biletler, bu Turu \u00f6dedikten sonra Makbuzdur. \u00d6demeyi telefonunuzda g\u00f6sterebilirsiniz.<\/li>\n<p>n \t<\/p>\n<li style=\"font-weight: 400;\"><span style=\"font-weight: 400;\">Bulu\u015fma Noktas\u0131 Rezervasyon \u0130\u015fleminden Sonra Al\u0131nacakt\u0131r.<\/span><\/li>\n<p>n \t<\/p>\n<li style=\"font-weight: 400;\"><span style=\"font-weight: 400;\">\u00c7ocuklara bir yeti\u015fkin e\u015flik etmelidir.<\/span><\/li>\n<p>n \t<\/p>\n<li style=\"font-weight: 400;\"><span style=\"font-weight: 400;\">tekerlekli sandalye eri\u015filebilir <\/span><\/li>\n<p>n \t<\/p>\n<li style=\"font-weight: 400;\"><span style=\"font-weight: 400;\">Bebekler kuca\u011fa oturmal\u0131 <\/span><\/li>\n<p>n \t<\/p>\n<li style=\"font-weight: 400;\"><span style=\"font-weight: 400;\">\u00c7o\u011fu gezgin kat\u0131labilir<\/span><\/li>\n<p>n<\/ol>\n<p>n<\/p>\n<h4><b><i>\u0130ptal politikas\u0131<\/i><\/b><\/h4>\n<p>nTam para iadesi i\u00e7in l\u00fctfen \u0130ptal politikalar\u0131m\u0131z\u0131 okuyun\u00a0<a href=\"https:\/\/www.boattoursamana.com\/tr\/cevrimici-rezervasyon\/\" target=\"_blank\" rel=\"noopener\" data-saferedirecturl=\"https:\/\/www.google.com\/url?q=https:\/\/www.boattoursamana.com\/online-booking\/&amp;source=gmail&amp;ust=1672449202351000&amp;usg=AOvVaw1yAeVAPktmaVCqDujgUn90\">Buraya T\u0131kla<\/a>. Seyahatle ayn\u0131 g\u00fcn rezervasyon iptal edilirse para kaybedilecektir.<\/p>\n\n\t\t<\/div>\n\t<\/div>\n<\/div><\/div><\/div><\/div><div class=\"vc_row wpb_row vc_row-fluid\" ><\/div><div class=\"wpb_column vc_column_container vc_col-sm-12\"><div class=\"vc_column-inner\"><div class=\"wpb_wrapper\"><\/div><\/div><\/div><div class=\"vc_empty_space\"   style=\"height: 32px\"><span class=\"vc_empty_space_inner\"><\/span><\/div>\n\t<div class=\"wpb_text_column wpb_content_element\" >\n\t\t<div class=\"wpb_wrapper\">\n\t\t\t<p>\nn<br \/>\nnBen metin blo\u011fuyum. Bu metni de\u011fi\u015ftirmek i\u00e7in d\u00fczenle d\u00fc\u011fmesine t\u0131klay\u0131n. Lorem ipsum dolor sit amet, consectetur adipiscing elit. Ut elit tellus, luctus nec ullamcorper mattis, pulvinar dapibus leo.<br \/>\nn<br \/>\nn<\/p>\n\n\t\t<\/div>\n\t<\/div>\n<div class=\"vc_empty_space\"   style=\"height: 32px\"><span class=\"vc_empty_space_inner\"><\/span><\/div><div class=\"vc_row wpb_row vc_row-fluid\" ><\/div><div class=\"wpb_column vc_column_container vc_col-sm-12\"><div class=\"vc_column-inner\"><div class=\"wpb_wrapper\"><\/div><\/div><\/div><div class=\"vc_row wpb_row vc_row-fluid\" ><div class=\"wpb_column vc_column_container vc_col-sm-12\"><div class=\"vc_column-inner\"><div class=\"wpb_wrapper\"><div class=\"vc_btn3-container vc_btn3-inline\" ><button class=\"vc_general vc_btn3 vc_btn3-size-md vc_btn3-shape-rounded vc_btn3-style-modern vc_btn3-color-green\">REZERVASYON YAP<\/button><\/div><\/div><\/div><\/div><\/div>","protected":false},"excerpt":{"rendered":"<p>\u00a1Excursi\u00f3n de un d\u00eda a la playa de la isla Bacard\u00ed (Cayo Levantado)! Consiga sus entradas y almuerce en la playa. Traslado en barco o catamar\u00e1n todos los d\u00edas a la isla de Bacardi. Visite la bah\u00eda de Saman\u00e1 y reserve hoy esta oferta. n n&nbsp; n nSeleccione la fecha para el tour\u00a0 &nbsp;<\/p>","protected":false},"author":2,"featured_media":0,"parent":0,"menu_order":0,"comment_status":"open","ping_status":"closed","template":"","meta":{"footnotes":""},"class_list":["post-15818","page","type-page","status-publish","hentry"],"_links":{"self":[{"href":"https:\/\/www.boattoursamana.com\/tr\/wp-json\/wp\/v2\/pages\/15818","targetHints":{"allow":["GET"]}}],"collection":[{"href":"https:\/\/www.boattoursamana.com\/tr\/wp-json\/wp\/v2\/pages"}],"about":[{"href":"https:\/\/www.boattoursamana.com\/tr\/wp-json\/wp\/v2\/types\/page"}],"author":[{"embeddable":true,"href":"https:\/\/www.boattoursamana.com\/tr\/wp-json\/wp\/v2\/users\/2"}],"replies":[{"embeddable":true,"href":"https:\/\/www.boattoursamana.com\/tr\/wp-json\/wp\/v2\/comments?post=15818"}],"version-history":[{"count":0,"href":"https:\/\/www.boattoursamana.com\/tr\/wp-json\/wp\/v2\/pages\/15818\/revisions"}],"wp:attachment":[{"href":"https:\/\/www.boattoursamana.com\/tr\/wp-json\/wp\/v2\/media?parent=15818"}],"curies":[{"name":"wp","href":"https:\/\/api.w.org\/{rel}","templated":true}]}}