{"id":15830,"date":"2023-07-15T07:44:42","date_gmt":"2023-07-15T07:44:42","guid":{"rendered":"https:\/\/www.ticketswhales.com\/las-galeras-las-7-playas-escondidas-de-samana-the-7-hidden-beaches-in-samana\/"},"modified":"2023-07-15T07:44:42","modified_gmt":"2023-07-15T07:44:42","slug":"las-galeras-las-7-playas-escondidas-de-samana-the-7-hidden-beaches-in-samana","status":"publish","type":"page","link":"https:\/\/www.boattoursamana.com\/tr\/las-galeras-las-7-playas-escondidas-de-samana-samanadaki-7-gizli-plaj","title":{"rendered":"Las Galeras: Las 7 Playas Escondidas de Saman\u00e1 \u2013 Saman\u00e1&#039;daki 7 Gizli Plaj"},"content":{"rendered":"<p><span style=\"vertical-align: inherit;\"><span style=\"vertical-align: inherit;\">Saman\u00e1&#039;y\u0131 ziyaret etmek ve orada yerel bir haciendo deneyimi deneyimi ya\u015famak istiyorsan\u0131z, Rinc\u00f3n&#039;daki bir al\u0131\u015fveri\u015f merkezindeki bir yol, hacer gerektiren yollardan biridir. <\/span><span style=\"vertical-align: inherit;\">Las Galeras&#039;taki Saman\u00e1&#039;n\u0131n 7 en iyi oyununu ziyaret edin, bir ipucunu ziyaret edebilir ve inan\u0131lmaz foto\u011fraflar elde etmek i\u00e7in m\u00fckemmel videolar\u0131 veya foto\u011fraflar\u0131 tomarlayabilirsiniz.<\/span><\/span><br \/>\nn<br \/>\nn<strong><span style=\"vertical-align: inherit;\"><span style=\"vertical-align: inherit;\">Tur i\u00e7in se\u00e7im yap\u0131n:\u00a0<\/span><\/span><\/strong><\/p>\n<p>&nbsp;<\/p>\n<div class=\"vc_row wpb_row vc_row-fluid\" ><div class=\"wpb_column vc_column_container vc_col-sm-12\"><div class=\"vc_column-inner\"><div class=\"wpb_wrapper\"><div class=\"mkdf-section-title-holder\" style=\"text-align: left\">\n\t<div class=\"mkdf-st-inner\">\n\t\t\t\t\t<h5 class=\"mkdf-st-subtitle\" >\n\t\t\t\t\u00d6\u011fle Yeme\u011fi, Tekne Gezisi ve Otellerden \u00d6zel Ula\u015f\u0131m.\t\t\t<\/h5>\n\t\t\t\t\t\t\t<h3 class=\"mkdf-st-title\" >\n\t\t\t\tPlaya Rinc\u00f3n, Playa Fronton + Playa Madame Beach, Saman\u00e1 - Dominik Cumhuriyeti.\t\t\t<\/h3>\n\t\t\t\t\t<\/div>\n<\/div>\n\t<div class=\"wpb_text_column wpb_content_element\" >\n\t\t<div class=\"wpb_wrapper\">\n\t\t\t<p>\nn<\/p>\n<h3>Playa Calet\u00f3n, Playa Escondida, Playa Colorado, Playa del Amor, Playa La Vaca, Playa la Playita Playa Brem\u00e1n.<\/h3>\n<p>n<\/p>\n<h4><b><i>genel bak\u0131\u015f <\/i><\/b><\/h4>\n<p>Saman\u00e1 yar\u0131madas\u0131ndaki en g\u00fczel gezilerden biri.<br \/>\nn<br \/>\nn<span class=\"Y2IQFc\" lang=\"en\">Saman\u00e1 Yar\u0131madas\u0131&#039;nda bulunan ve tarihin g\u00fczel s\u0131rlar\u0131n\u0131 saklayan Saman\u00e1&#039;daki 7 gizli plaj ve bu yerleri bilerek, bir halk\u0131n ge\u00e7imi i\u00e7in hayati \u00f6nem ta\u015f\u0131yan yerel ekonomiye katk\u0131da bulunuyoruz.<\/span><br \/>\nn<br \/>\nTeknede 7 plaj\u0131 ziyaret ederek e\u015fsiz atmosfere girin, Ayr\u0131ca sahildeki k\u00fc\u00e7\u00fck bir ma\u011farada y\u00fcr\u00fcy\u00fc\u015f yap\u0131n. Baz\u0131 plajlara yaln\u0131zca etraf\u0131nda \u015fnorkelli y\u00fczme yapabilece\u011finiz, bal\u0131klarla y\u00fczebilece\u011finiz ve mercanlar\u0131n\u0131 ke\u015ffedebilece\u011finiz ve rahatlay\u0131p muhte\u015fem manzaran\u0131n tad\u0131n\u0131 \u00e7\u0131karabilece\u011finiz bir mercan kayal\u0131\u011f\u0131 ile \u00e7evrili teknelerle ula\u015f\u0131labilir. Dinlenme, y\u00fczme ve ard\u0131ndan \u015fnorkelli y\u00fczme i\u00e7in ba\u015fka ve izole m\u00fckemmel bir plaj olan Playa colorado&#039;ya hareket. Burada ayr\u0131ca bir ma\u011faray\u0131 ziyaret edebilir ve harika an\u0131lar i\u00e7in harika videolar veya Foto\u011fraflar \u00e7ekebilirsiniz.<br \/>\nn<br \/>\nOrmandan \u00f6nceki son restoran olan \u201cEl Paraiso\u201dda Merengue ve Bachata sesleri e\u015fli\u011finde parmak u\u00e7lar\u0131n\u0131zla kumda \u00f6\u011fle yeme\u011fi yiyeceksiniz. D\u00f6n\u00fc\u015f yolunda El Rincon Plaj\u0131&#039;nda duraca\u011f\u0131z, burada \u00fclkenin en g\u00fczel plajlar\u0131ndan biri olarak kabul edilen do\u011fal bir inci bulacaks\u0131n\u0131z. Beyaz, ince kum, turkuaz deniz ve bir metre y\u00fcksekli\u011findeki palmiye a\u011fa\u00e7lar\u0131 kendileri i\u00e7in konu\u015fur.<br \/>\nn<br \/>\nn&nbsp;<br \/>\nn<\/p>\n<ul>\nn \t<\/p>\n<li><span style=\"font-weight: 400;\">B\u00f6lgede G\u00fcvenlik deneyimine sahip Yerel Rehber.<\/span><\/li>\n<p>n \t<\/p>\n<li style=\"font-weight: 400;\">\u00dccretler dahil<\/li>\n<p>n \t<\/p>\n<li>Sahilde \u00f6\u011fle yeme\u011fi<\/li>\n<p>n \t<\/p>\n<li>Tekne yolculu\u011fu<\/li>\n<p>n \t<\/p>\n<li style=\"font-weight: 400;\">\u0130spanyolca, \u0130ngilizce veya Frans\u0131zca Yerel Tur Rehberi.<\/li>\n<p>n \t<\/p>\n<li>Do\u011fa y\u00fcr\u00fcy\u00fc\u015f\u00fc<\/li>\n<p>n \t<\/p>\n<li>y\u00fczme<\/li>\n<p>n<\/ul>\n<p>n&nbsp;<br \/>\nn<\/p>\n<h4><b>Dahil Edilenler ve Hari\u00e7 Tutulanlar<\/b><\/h4>\n<p>n&nbsp;<br \/>\nn<br \/>\nn<b>Dahil olanlar<\/b><br \/>\nn<\/p>\n<ol>\nn \t<\/p>\n<li><span style=\"font-weight: 400;\">B\u00f6lgede G\u00fcvenlik deneyimine sahip Yerel Rehber.<\/span><\/li>\n<p>n \t<\/p>\n<li style=\"font-weight: 400;\">El Rincon Plaj\u0131<\/li>\n<p>n \t<\/p>\n<li>Kolorado Sahili<\/li>\n<p>n \t<\/p>\n<li>La Playita Plaj\u0131<\/li>\n<p>n \t<\/p>\n<li>La Vaca Plaj\u0131<\/li>\n<p>n \t<\/p>\n<li>Breman Plaj\u0131<\/li>\n<p>n \t<\/p>\n<li>Mariano Plaj\u0131<\/li>\n<p>n \t<\/p>\n<li>Caleton Plaj\u0131<\/li>\n<p>n \t<\/p>\n<li style=\"font-weight: 400;\"><span style=\"font-weight: 400;\">T\u00fcm vergiler, \u00fccretler ve i\u015flem \u00fccretleri<\/span><\/li>\n<p>n \t<\/p>\n<li style=\"font-weight: 400;\"><span style=\"font-weight: 400;\">Yerel vergiler<\/span><\/li>\n<p>n \t<\/p>\n<li>Sahilde \u00f6\u011fle yeme\u011fi<\/li>\n<p>n \t<\/p>\n<li>Do\u011fa y\u00fcr\u00fcy\u00fc\u015f\u00fc<\/li>\n<p>n \t<\/p>\n<li style=\"font-weight: 400;\"><span style=\"font-weight: 400;\">T\u00fcm aktiviteler<\/span><\/li>\n<p>n<\/ol>\n<p>n<b> \u0130stisnalar<\/b><br \/>\nn<\/p>\n<ol>\nn \t<\/p>\n<li style=\"font-weight: 400;\"><span style=\"font-weight: 400;\">Bah\u015fi\u015fler<\/span><\/li>\n<p>n<\/ol>\n<p>n<\/p>\n<h4><em><strong>Gidi\u015f &amp; D\u00f6n\u00fc\u015f<\/strong><\/em><\/h4>\n<p>n<span style=\"font-weight: 400;\">Gezgin, Rezervasyon \u0130\u015fleminden sonra bir bulu\u015fma noktas\u0131 alacakt\u0131r. Turlar bulu\u015fma noktalar\u0131n\u0131zda ba\u015flar ve biter.<\/span><br \/>\nn<\/p>\n<h3>Playa Calet\u00f3n, Playa Escondida, Playa Colorado, Playa del Amor, Playa La Vaca, Playa la Playita Playa Brem\u00e1n.<\/h3>\n<p>n<\/p>\n<h4><b><i>Ne bekleyebilece\u011finizi?<\/i><\/b><\/h4>\n<p>n<em><strong>biletlerinizi al\u0131n<\/strong><\/em> Dominik Cumhuriyeti \u00e7evresindeki en e\u015fsiz plajlardan 7&#039;sini ziyaret etti\u011finiz i\u00e7in. Ba\u015flang\u0131\u00e7 gezisi bulu\u015fma noktas\u0131 Las Galeras b\u00f6lgesinde y\u00fcr\u00fcy\u00fc\u015f ve bir g\u00fcnde Y\u00fczme 7 Plaj art\u0131 el Rincon plaj\u0131d\u0131r. \u00d6nce Duarte Ma\u011faras\u0131n\u0131 geziyoruz, y\u00fcr\u00fcy\u00fc\u015f yap\u0131yoruz ve las Galeras&#039;\u0131n en g\u00fczel ma\u011faras\u0131n\u0131 g\u00f6r\u00fcyoruz. Bu ma\u011fara ayn\u0131 manzaray\u0131 tekrarlamamak i\u00e7in 2 farkl\u0131 giri\u015fi olan 900 metredir.<br \/>\nn<br \/>\nMa\u011faray\u0131 gezdikten sonra s\u00fcrat teknesine binerek Playa Caleton&#039;u ziyaret ediyoruz. Buras\u0131 berrak sular\u0131 nedeniyle Samana&#039;n\u0131n en \u00e7ok bahsedilen plajlar\u0131ndan biridir. Gezimize Playa del Amor \u00fczerinden devam etmek i\u00e7in \u00f6nce bu plaj\u0131n keyfini \u00e7\u0131karaca\u011f\u0131z.<br \/>\nn<br \/>\nn<strong>oyun 7<\/strong><br \/>\nn<br \/>\nnPlaya Rinc\u00f3n, sahilin geli\u015fmemi\u015f bir k\u0131sm\u0131 boyunca yakla\u015f\u0131k 2,5 mil (4 kilometre) boyunca uzanan, bozulmam\u0131\u015f bir beyaz kum \u015ferididir. Hindistan cevizi a\u011fa\u00e7lar\u0131yla \u00e7evrili ve her iki ucu da da\u011f ve u\u00e7urum zirveleriyle \u00e7evrili bu g\u00f6zlerden uzak plaj, uygarl\u0131ktan kopmu\u015f ger\u00e7ek bir \u00fctopya hissi veriyor.<br \/>\nn<br \/>\nnEl Rincon plaj\u0131ndan sonra s\u00fcrat teknesiyle Las Galeras bulu\u015fma noktas\u0131na d\u00f6nece\u011fiz!<br \/>\nn<br \/>\nn\u201cBooking Adventures\u201d taraf\u0131ndan d\u00fczenlenen tur, Tur Rehberimiz ile belirlenen bulu\u015fma noktas\u0131nda ba\u015flar. Booking Adventures ile gelin ve plajda \u00f6\u011fle yeme\u011fi yiyin ve Samana, Dominik Cumhuriyeti&#039;ndeki en muhte\u015fem 7 plaj\u0131n keyfini \u00e7\u0131kar\u0131n.<br \/>\nn<\/p>\n<div class=\"body-description secondary\">\nn<br \/>\nn&nbsp;<br \/>\nn<br \/>\nn<\/div>\n<p>n<\/p>\n<h4><em><strong>Ne getirmelisin?<\/strong><\/em><\/h4>\n<p>n<\/p>\n<ul>\nn \t<\/p>\n<li style=\"font-weight: 400;\"><span style=\"font-weight: 400;\">Kamera<\/span><\/li>\n<p>n \t<\/p>\n<li style=\"font-weight: 400;\"><span style=\"font-weight: 400;\">Kovucu tomurcuklar<\/span><\/li>\n<p>n \t<\/p>\n<li style=\"font-weight: 400;\"><span style=\"font-weight: 400;\">G\u00fcne\u015f kremi<\/span><\/li>\n<p>n \t<\/p>\n<li>su<\/li>\n<p>n \t<\/p>\n<li style=\"font-weight: 400;\"><span style=\"font-weight: 400;\">\u015eapka<\/span><\/li>\n<p>n \t<\/p>\n<li style=\"font-weight: 400;\"><span style=\"font-weight: 400;\">rahat pantolon<\/span><\/li>\n<p>n \t<\/p>\n<li style=\"font-weight: 400;\"><span style=\"font-weight: 400;\">Orman i\u00e7in y\u00fcr\u00fcy\u00fc\u015f ayakkab\u0131s\u0131<\/span><\/li>\n<p>n \t<\/p>\n<li style=\"font-weight: 400;\"><span style=\"font-weight: 400;\">Bahar b\u00f6lgelerine sandalet.<\/span><\/li>\n<p>n \t<\/p>\n<li style=\"font-weight: 400;\"><span style=\"font-weight: 400;\">Y\u00fczme giysileri<\/span><\/li>\n<p>n<\/ul>\n<p>n&nbsp;<br \/>\nn<\/p>\n<h4><b><i>otelden alma <\/i><\/b><\/h4>\n<p>n<span style=\"font-weight: 400;\">Otelden alma bu tura dahil de\u011fildir. <\/span><br \/>\nn<br \/>\nn&nbsp;<br \/>\nn<br \/>\nn<b>Not:<\/b><span style=\"font-weight: 400;\"> Tur\/Gezi hareket saatinden sonraki 24 saat i\u00e7inde rezervasyon yap\u0131yorsan\u0131z, ek \u00fccret kar\u015f\u0131l\u0131\u011f\u0131nda otelden alma ayarlayabiliriz. Sadece Samana b\u00f6lgesinden al\u0131yoruz. Sat\u0131n alma i\u015fleminiz tamamland\u0131\u011f\u0131nda, yerel Tur rehberimizin kar\u015f\u0131lama d\u00fczenlemelerini organize etmesi i\u00e7in size tam ileti\u015fim bilgilerini (telefon numaras\u0131, e-posta adresi vb.) g\u00f6nderece\u011fiz.<\/span><br \/>\nn<\/p>\n<h4><b><i>Ek Bilgi Onay\u0131 <\/i><\/b><\/h4>\n<p>n<\/p>\n<ol>\nn \t<\/p>\n<li>Biletler, bu Turu \u00f6dedikten sonra Makbuzdur. \u00d6demeyi telefonunuzda g\u00f6sterebilirsiniz.<\/li>\n<p>n \t<\/p>\n<li style=\"font-weight: 400;\"><span style=\"font-weight: 400;\">Bulu\u015fma Noktas\u0131 Rezervasyon \u0130\u015fleminden Sonra Al\u0131nacakt\u0131r.<\/span><\/li>\n<p>n \t<\/p>\n<li style=\"font-weight: 400;\"><span style=\"font-weight: 400;\">\u00c7ocuklara bir yeti\u015fkin e\u015flik etmelidir.<\/span><\/li>\n<p>n \t<\/p>\n<li style=\"font-weight: 400;\"><span style=\"font-weight: 400;\"> Tekerlekli sandalye eri\u015fimine uygun de\u011fil <\/span><\/li>\n<p>n \t<\/p>\n<li style=\"font-weight: 400;\"><span style=\"font-weight: 400;\">Bebekler kuca\u011fa oturmal\u0131 <\/span><\/li>\n<p>n \t<\/p>\n<li style=\"font-weight: 400;\"><span style=\"font-weight: 400;\">S\u0131rt sorunu olan gezginler i\u00e7in \u00f6nerilmez<\/span><\/li>\n<p>n \t<\/p>\n<li style=\"font-weight: 400;\"><span style=\"font-weight: 400;\">Hamile gezginler i\u00e7in \u00f6nerilmez <\/span><\/li>\n<p>n \t<\/p>\n<li style=\"font-weight: 400;\"><span style=\"font-weight: 400;\"> Kalp problemi veya di\u011fer ciddi t\u0131bbi durumlar yok <\/span><\/li>\n<p>n \t<\/p>\n<li style=\"font-weight: 400;\"><span style=\"font-weight: 400;\">\u00c7o\u011fu gezgin kat\u0131labilir<\/span><\/li>\n<p>n<\/ol>\n<p>n<\/p>\n<h4><b><i>\u0130ptal politikas\u0131<\/i><\/b><\/h4>\n<p>nTam para iadesi i\u00e7in l\u00fctfen \u0130ptal politikalar\u0131m\u0131z\u0131 okuyun\u00a0<a href=\"https:\/\/www.boattoursamana.com\/tr\/cevrimici-rezervasyon\/\" target=\"_blank\" rel=\"noopener\" data-saferedirecturl=\"https:\/\/www.google.com\/url?q=https:\/\/www.boattoursamana.com\/online-booking\/&amp;source=gmail&amp;ust=1672449202351000&amp;usg=AOvVaw1yAeVAPktmaVCqDujgUn90\">Buraya T\u0131kla<\/a>. Seyahatle ayn\u0131 g\u00fcn rezervasyon iptal edilirse para kaybedilecektir.<\/p>\n\n\t\t<\/div>\n\t<\/div>\n<\/div><\/div><\/div><\/div><div class=\"vc_row wpb_row vc_row-fluid\" ><div class=\"wpb_column vc_column_container vc_col-sm-12\"><div class=\"vc_column-inner\"><div class=\"wpb_wrapper\">\n\t<div class=\"wpb_video_widget wpb_content_element vc_clearfix   vc_video-aspect-ratio-169 vc_video-el-width-100 vc_video-align-left\" >\n\t\t<div class=\"wpb_wrapper\">\n\t\t\t<h2 class=\"wpb_heading wpb_video_heading\">Boca del diablo ve Fronton plaj\u0131<\/h2>\n\t\t\t<div class=\"wpb_video_wrapper\"><iframe loading=\"lazy\" title=\"Saman\u00e1 Yar\u0131madas\u0131, Dominik Cumhuriyeti (DJI Phantom 4 4K)\" width=\"1100\" height=\"619\" src=\"https:\/\/www.youtube.com\/embed\/DYDXVm8Q_iM?feature=oembed\" frameborder=\"0\" allow=\"accelerometer; autoplay; clipboard-write; encrypted-media; gyroscope; picture-in-picture; web-share\" allowfullscreen><\/iframe><\/div>\n\t\t<\/div>\n\t<\/div>\n<\/div><\/div><\/div><\/div><div class=\"vc_row wpb_row vc_row-fluid\" ><\/div><div class=\"wpb_column vc_column_container vc_col-sm-12\"><div class=\"vc_column-inner\"><div class=\"wpb_wrapper\"><\/div><\/div><\/div><div class=\"vc_empty_space\"   style=\"height: 32px\"><span class=\"vc_empty_space_inner\"><\/span><\/div>\n\t<div class=\"wpb_text_column wpb_content_element\" >\n\t\t<div class=\"wpb_wrapper\">\n\t\t\t<p>\nn<br \/>\nnBen metin blo\u011fuyum. Bu metni de\u011fi\u015ftirmek i\u00e7in d\u00fczenle d\u00fc\u011fmesine t\u0131klay\u0131n. Lorem ipsum dolor sit amet, consectetur adipiscing elit. Ut elit tellus, luctus nec ullamcorper mattis, pulvinar dapibus leo.<br \/>\nn<br \/>\nn<\/p>\n\n\t\t<\/div>\n\t<\/div>\n<div class=\"vc_empty_space\"   style=\"height: 32px\"><span class=\"vc_empty_space_inner\"><\/span><\/div>","protected":false},"excerpt":{"rendered":"<p>E\u011fer Saman\u00e1&#039;y\u0131 ziyaret ettiyseniz ve yerel bir konaklama deneyimi ya\u015fad\u0131ysan\u0131z, Rinc\u00f3n Playa&#039;da bir barco yolu daha fazla bir yol, bu da gerekli olan yol. Las Galeras b\u00f6lgesinde Saman\u00e1&#039;n\u0131n 7 oyununu ziyaret edin, bir ipucunu ziyaret edebilir ve inan\u0131lmaz miktarda kurtarmak i\u00e7in m\u00fckemmel videolar ve foto\u011fraflar toplayabilirsiniz. n Tur i\u00e7in se\u00e7ece\u011finiz yeri se\u00e7in:\u00a0 &nbsp;<\/p>","protected":false},"author":2,"featured_media":0,"parent":0,"menu_order":0,"comment_status":"open","ping_status":"closed","template":"","meta":{"footnotes":""},"class_list":["post-15830","page","type-page","status-publish","hentry"],"_links":{"self":[{"href":"https:\/\/www.boattoursamana.com\/tr\/wp-json\/wp\/v2\/pages\/15830","targetHints":{"allow":["GET"]}}],"collection":[{"href":"https:\/\/www.boattoursamana.com\/tr\/wp-json\/wp\/v2\/pages"}],"about":[{"href":"https:\/\/www.boattoursamana.com\/tr\/wp-json\/wp\/v2\/types\/page"}],"author":[{"embeddable":true,"href":"https:\/\/www.boattoursamana.com\/tr\/wp-json\/wp\/v2\/users\/2"}],"replies":[{"embeddable":true,"href":"https:\/\/www.boattoursamana.com\/tr\/wp-json\/wp\/v2\/comments?post=15830"}],"version-history":[{"count":0,"href":"https:\/\/www.boattoursamana.com\/tr\/wp-json\/wp\/v2\/pages\/15830\/revisions"}],"wp:attachment":[{"href":"https:\/\/www.boattoursamana.com\/tr\/wp-json\/wp\/v2\/media?parent=15830"}],"curies":[{"name":"wp","href":"https:\/\/api.w.org\/{rel}","templated":true}]}}