{"id":15862,"date":"2023-07-15T07:45:08","date_gmt":"2023-07-15T07:45:08","guid":{"rendered":"https:\/\/www.ticketswhales.com\/zipline-punta-cana-ziplining-in-the-jungle\/"},"modified":"2023-07-15T07:45:08","modified_gmt":"2023-07-15T07:45:08","slug":"zipline-punta-cana-ziplining-in-the-jungle","status":"publish","type":"page","link":"https:\/\/www.boattoursamana.com\/tr\/zipline-punta-cana-ormanda-ziplining-2","title":{"rendered":"Zipline Punta Cana \u2013 Ormanda Ziplining"},"content":{"rendered":"<p>Punta Cana&#039;daki nihai macera i\u00e7in 12 hatl\u0131 \u00e7elik halatl\u0131 parkurumuzu deneyin! Da\u011f parkurumuz ayr\u0131ca 18 platforma sahiptir ve Dominik Cumhuriyeti ve Karayipler&#039;deki en uzun iki hatta ev sahipli\u011fi yapmaktad\u0131r. En uzunu 800 metre olan \u00e7ift hatl\u0131 kablolara t\u0131rmanma ekipmanlar\u0131 ile g\u00fcvenle ba\u011flanacaks\u0131n\u0131z!<br \/>\nn<br \/>\nn<em><strong>L\u00fctfen Tur i\u00e7in tarih se\u00e7iniz\u00a0<\/strong><\/em><\/p>\n<p>&nbsp;<\/p>\n<div class=\"vc_row wpb_row vc_row-fluid\" ><div class=\"wpb_column vc_column_container vc_col-sm-12\"><div class=\"vc_column-inner\"><div class=\"wpb_wrapper\"><div class=\"mkdf-section-title-holder\" style=\"text-align: left\">\n\t<div class=\"mkdf-st-inner\">\n\t\t\t\t\t<h5 class=\"mkdf-st-subtitle\" >\n\t\t\t\tPunta Cana Otellerinden\t\t\t<\/h5>\n\t\t\t\t\t\t\t<h3 class=\"mkdf-st-title\" >\n\t\t\t\tZipline Punta Cana - Ormanda Ziplining\t\t\t<\/h3>\n\t\t\t\t\t\t\t<p class=\"mkdf-st-text\" >\n\t\t\t\tNot: Bu tur sabah 07:00&#039;de ba\u015flamaktad\u0131r. Al\u0131m Otellerin Nerede Oldu\u011funa Ba\u011fl\u0131 Olarak Saat De\u011fi\u015febilir. A\u00e7\u0131klamam\u0131zda listelenmeyen Alanlarda Al\u0131m i\u00e7in ekstra \u00fccret.\t\t\t<\/p>\n\t\t\t<\/div>\n<\/div><\/div><\/div><\/div><\/div><div class=\"vc_row wpb_row vc_row-fluid\" ><div class=\"wpb_column vc_column_container vc_col-sm-12\"><div class=\"vc_column-inner\"><div class=\"wpb_wrapper\"><div class=\"vc_empty_space\"   style=\"height: 32px\"><span class=\"vc_empty_space_inner\"><\/span><\/div><\/div><\/div><\/div><\/div><div class=\"vc_row wpb_row vc_row-fluid\" ><div class=\"wpb_column vc_column_container vc_col-sm-12\"><div class=\"vc_column-inner\"><div class=\"wpb_wrapper\"><div class=\"vc_btn3-container vc_btn3-inline\" ><button class=\"vc_general vc_btn3 vc_btn3-size-md vc_btn3-shape-rounded vc_btn3-style-modern vc_btn3-color-green\">REZERVASYON YAP<\/button><\/div>\n\t<div class=\"wpb_text_column wpb_content_element\" >\n\t\t<div class=\"wpb_wrapper\">\n\t\t\t<p>\nn<\/p>\n<h4><b><i>genel bak\u0131\u015f <\/i><\/b><\/h4>\n<p>n<\/p>\n<div>\nn<br \/>\nn Karayipler&#039;in en uzun ziplinelar\u0131ndan baz\u0131lar\u0131nda ya\u011fmur ormanlar\u0131n\u0131n g\u00f6lgesinde u\u00e7un. Ormanda yan yana dizilmi\u015f 12 kablo \u00fczerinden platformdan platforma ge\u00e7in, b\u00f6ylece partnerinizle birlikte z\u0131playabilirsiniz.<br \/>\nn<br \/>\nnUzman macera rehberleri, u\u00e7u\u015ftan \u00f6nce bir g\u00fcvenlik brifingi verir ve tam bir g\u00fcvenlik kontrol\u00fc ger\u00e7ekle\u015ftirir. Yol boyunca tropik ormandaki yerel bitki \u00f6rt\u00fcs\u00fc ve faunaya dikkat edin.<br \/>\nn<\/p>\n<ul>\nn \t<\/p>\n<li>Karayipler&#039;in en uzun \u00e7elik halatlar\u0131ndan baz\u0131lar\u0131n\u0131n havadan g\u00f6r\u00fcnt\u00fcleri<\/li>\n<p>n \t<\/p>\n<li>Ya\u011fmur ormanlar\u0131nda yerel flora ve faunay\u0131 g\u00f6r\u00fcn<\/li>\n<p>n \t<\/p>\n<li>Profesyonel rehberler g\u00fcvenlik brifingi ve ekipman\u0131 sa\u011flar<\/li>\n<p>n \t<\/p>\n<li>Otelden alma ve b\u0131rakma dahil<\/li>\n<p>n<\/ul>\n<p>n\n<\/p><\/div>\n<p>n&nbsp;<br \/>\nn<\/p>\n<h4><b>Dahil Edilenler ve Hari\u00e7 Tutulanlar<\/b><\/h4>\n<p>n&nbsp;<br \/>\nn<br \/>\nn<b>Dahil olanlar<\/b><br \/>\nn<br \/>\nn&nbsp;<br \/>\nn<\/p>\n<ol>\nn \t<\/p>\n<li>ZIPLINE Turu<\/li>\n<p>n \t<\/p>\n<li>Otelinizden otob\u00fcsle alma<\/li>\n<p>n \t<\/p>\n<li style=\"font-weight: 400;\"><span style=\"font-weight: 400;\">T\u00fcm vergiler, \u00fccretler ve i\u015flem \u00fccretleri<\/span><\/li>\n<p>n \t<\/p>\n<li style=\"font-weight: 400;\"><span style=\"font-weight: 400;\">Yerel vergiler<\/span><\/li>\n<p>n \t<\/p>\n<li style=\"font-weight: 400;\"><span style=\"font-weight: 400;\">\u0130\u00e7ecekler<\/span><\/li>\n<p>n<\/ol>\n<p>n<b> \u0130stisnalar<\/b><br \/>\nn<\/p>\n<ol>\nn \t<\/p>\n<li style=\"font-weight: 400;\"><span style=\"font-weight: 400;\">Bah\u015fi\u015fler<\/span><\/li>\n<p>n \t<\/p>\n<li>\nn<\/p>\n<div class=\"py-1 inclusions-exclusions-item d-flex\">\nn<\/p>\n<div class=\"d-inline-block inclusions-exclusions-text\">Alkoll\u00fc i\u00e7ecekler (sat\u0131n al\u0131nabilir)<\/div>\n<p>n\n<\/p><\/div>\n<\/li>\n<p>n \t<\/p>\n<li>\u00d6\u011fle yeme\u011fi<\/li>\n<p>n<\/ol>\n<p>n&nbsp;<br \/>\nn<\/p>\n<h4><em><strong>Gidi\u015f &amp; D\u00f6n\u00fc\u015f<\/strong><\/em><\/h4>\n<p>n<span style=\"font-weight: 400;\">Gezgin, Rezervasyon \u0130\u015fleminden sonra bir bulu\u015fma noktas\u0131 alacakt\u0131r. Turlar bulu\u015fma noktalar\u0131m\u0131zda ba\u015flar ve biter.<\/span><br \/>\nn<br \/>\nn&nbsp;<br \/>\nn<\/p>\n<h4><b><i>Ne bekleyebilece\u011finizi?<\/i><\/b><\/h4>\n<p>nKosta Rika&#039;n\u0131n en deneyimli Zip Lines pist in\u015faat\u00e7\u0131lar\u0131ndan biri taraf\u0131ndan in\u015fa edilen ve ACCT (M\u00fccadele Kurslar\u0131 Teknolojisi Derne\u011fi) taraf\u0131ndan onaylanan Dominik Cumhuriyeti&#039;ndeki ilk Zip Line Turunu ziyaret edin. Tesislerimize yapaca\u011f\u0131n\u0131z 45 dakikal\u0131k yolculukta g\u00fczel manzaralar\u0131n ve ilgin\u00e7 k\u00fclt\u00fcr\u00fcn tad\u0131n\u0131 \u00e7\u0131kar\u0131n.<br \/>\nn<br \/>\nOrada uzman g\u00f6lgelik rehberlerimiz aktivite ve ekipmanlar hakk\u0131nda bilmeniz gerekenleri size anlatacakt\u0131r. G\u00fcvenlik brifinginden ve okul hatt\u0131m\u0131zdan sonra ilk platforma haz\u0131rs\u0131n\u0131z. T\u0131rmanma ekipman\u0131yla \u00e7ift hatl\u0131 kablolara g\u00fcvenli bir \u015fekilde ba\u011flanan tek yapman\u0131z gereken atlamak ve s\u00fcr\u00fc\u015f\u00fcn tad\u0131n\u0131 \u00e7\u0131karmak.<br \/>\nn<br \/>\nnTur, 18 platforma yay\u0131lm\u0131\u015f 12 hattan olu\u015fuyor. Kursu tamamlamak i\u00e7in bir saatten bir saat 30 dakikaya kadar bir s\u00fcreye ihtiyac\u0131n\u0131z olacak ancak endi\u015felenmeyin, ilk kablolar g\u00fcveninizi olu\u015fturmak i\u00e7in \u00e7ok uzun veya h\u0131zl\u0131 de\u011fil.<br \/>\nn<br \/>\nn6 numaral\u0131 kabloya ula\u015ft\u0131\u011f\u0131n\u0131zda saatte 55 km h\u0131za ula\u015fabiliyorsunuz. 9 numaral\u0131 kablomuz en y\u00fcksek kablomuz olup, 11 numaral\u0131 kablo ise 800 metre ile \u00fclkedeki tek yan yana kablodur. Sonunda taze meyveler servis ediyoruz.<br \/>\nn<br \/>\nn<strong>Masa saati:<\/strong><br \/>\nn<br \/>\n07:00 \u2013 14:00\u2026 Bulundu\u011funuz Punta Cana&#039;ya ba\u011fl\u0131 olarak saat de\u011fi\u015fimi.<br \/>\nn<br \/>\nn&nbsp;<br \/>\nn<\/p>\n<h4><em><strong>Ne getirmelisin?<\/strong><\/em><\/h4>\n<p>n<\/p>\n<ul>\nn \t<\/p>\n<li style=\"font-weight: 400;\"><span style=\"font-weight: 400;\">Kamera<\/span><\/li>\n<p>n \t<\/p>\n<li style=\"font-weight: 400;\"><span style=\"font-weight: 400;\">Kovucu tomurcuklar<\/span><\/li>\n<p>n \t<\/p>\n<li style=\"font-weight: 400;\"><span style=\"font-weight: 400;\">G\u00fcne\u015f kremi<\/span><\/li>\n<p>n \t<\/p>\n<li style=\"font-weight: 400;\"><span style=\"font-weight: 400;\">\u015eapka<\/span><\/li>\n<p>n \t<\/p>\n<li style=\"font-weight: 400;\"><span style=\"font-weight: 400;\">rahat pantolon<\/span><\/li>\n<p>n \t<\/p>\n<li style=\"font-weight: 400;\"><span style=\"font-weight: 400;\">Orman i\u00e7in y\u00fcr\u00fcy\u00fc\u015f ayakkab\u0131s\u0131<\/span><\/li>\n<p>n \t<\/p>\n<li style=\"font-weight: 400;\"><span style=\"font-weight: 400;\">Sahile giden sandaletler<\/span><\/li>\n<p>n \t<\/p>\n<li style=\"font-weight: 400;\"><span style=\"font-weight: 400;\">Y\u00fczme giysileri<\/span><\/li>\n<p>n \t<\/p>\n<li>Hat\u0131ra E\u015fyas\u0131 i\u00e7in nakit<\/li>\n<p>n<\/ul>\n<p>n&nbsp;<br \/>\nn<\/p>\n<h4><b><i>otelden alma <\/i><\/b><\/h4>\n<p>n<span style=\"font-weight: 400;\">Gezgin alma sunulmaktad\u0131r!<\/span><br \/>\nn<br \/>\nn<span style=\"font-weight: 400;\">Punta Cana&#039;daki t\u00fcm Otellerden al\u0131yoruz. Al\u0131\u015f Yeri Otel Lobisidir<br \/>\nnB\u00f6lgede bir apartman dairesinde kal\u0131yorsan\u0131z, sizi apartman dairesinden veya en yak\u0131n tesisin giri\u015finden al\u0131yoruz. WhatsApp ile bize ula\u015farak Teslim Al ayar\u0131n\u0131 yap\u0131yoruz.<\/span><br \/>\nn<br \/>\nn<b>Not:<\/b><span style=\"font-weight: 400;\"> Tur\/Gezi kalk\u0131\u015f saatinden sonraki 24 saat i\u00e7inde rezervasyon yap\u0131yorsan\u0131z, otelden alma ayarlayabiliriz. Sat\u0131n alma i\u015fleminiz tamamland\u0131\u011f\u0131nda, teslim alma d\u00fczenlemelerini organize etmesi i\u00e7in size yerel Tur rehberimizin eksiksiz ileti\u015fim bilgilerini (telefon numaras\u0131, e-posta adresi vb.) g\u00f6nderece\u011fiz.<\/span><br \/>\nn<\/p>\n<h4><b><i>Ek Bilgi Onay\u0131 <\/i><\/b><\/h4>\n<p>n<\/p>\n<ol>\nn \t<\/p>\n<li>Biletler, bu Turu \u00f6dedikten sonra Makbuzdur. \u00d6demeyi telefonunuzda g\u00f6sterebilirsiniz.<\/li>\n<p>n \t<\/p>\n<li style=\"font-weight: 400;\"><span style=\"font-weight: 400;\">Bulu\u015fma Noktas\u0131 Rezervasyon \u0130\u015fleminden Sonra Al\u0131nacakt\u0131r.<\/span><\/li>\n<p>n \t<\/p>\n<li style=\"font-weight: 400;\"><span style=\"font-weight: 400;\">tekerlekli sandalye eri\u015filebilir <\/span><\/li>\n<p>n \t<\/p>\n<li style=\"font-weight: 400;\"><span style=\"font-weight: 400;\">Bebekler kuca\u011fa oturmal\u0131 <\/span><\/li>\n<p>n \t<\/p>\n<li style=\"font-weight: 400;\"><span style=\"font-weight: 400;\">\u00c7o\u011fu gezgin kat\u0131labilir<\/span><\/li>\n<p>n \t<\/p>\n<li><strong>Hamile kad\u0131n<\/strong>\u00a0bu aktivitede yer alamaz.<\/li>\n<p>n<\/ol>\n<p>n<\/p>\n<h4><b><i>\u0130ptal politikas\u0131<\/i><\/b><\/h4>\n<p>nTam para iadesi i\u00e7in l\u00fctfen \u0130ptal politikalar\u0131m\u0131z\u0131 okuyun\u00a0<a href=\"https:\/\/www.boattoursamana.com\/tr\/cevrimici-rezervasyon\/\" target=\"_blank\" rel=\"noopener\" data-saferedirecturl=\"https:\/\/www.google.com\/url?q=https:\/\/www.boattoursamana.com\/online-booking\/&amp;source=gmail&amp;ust=1672449202351000&amp;usg=AOvVaw1yAeVAPktmaVCqDujgUn90\">Buraya T\u0131kla<\/a>. Seyahatle ayn\u0131 g\u00fcn rezervasyon iptal edilirse para kaybedilecektir.<\/p>\n\n\t\t<\/div>\n\t<\/div>\n<div class=\"vc_btn3-container vc_btn3-inline\" ><button class=\"vc_general vc_btn3 vc_btn3-size-md vc_btn3-shape-rounded vc_btn3-style-modern vc_btn3-color-green\">REZERVASYON YAP<\/button><\/div><\/div><\/div><\/div><\/div><div class=\"vc_row wpb_row vc_row-fluid\" ><div class=\"wpb_column vc_column_container vc_col-sm-12\"><div class=\"vc_column-inner\"><div class=\"wpb_wrapper\">\n\t<div class=\"wpb_text_column wpb_content_element\" >\n\t\t<div class=\"wpb_wrapper\">\n\t\t\t<p>\nn<\/p>\n<h4>Bize Ula\u015f\u0131n?<\/h4>\n<p>n<\/p>\n<h5><em><strong>Rezervasyon Maceralar\u0131<\/strong><\/em><\/h5>\n<p>n<em><strong>Yerliler<\/strong> ve <strong>uyruklular<\/strong> Tur Rehberleri ve Misafir Hizmetleri<\/em><br \/>\nn<br \/>\nn<span class=\"text-turquoise\">Rezervasyonlar:<\/span> Dom s\u0131n\u0131rlar\u0131ndaki Turlar ve Geziler temsilci<\/p>\n\n\t\t<\/div>\n\t<\/div>\n<\/div><\/div><\/div><\/div><div class=\"vc_row wpb_row vc_row-fluid\" ><div class=\"wpb_column vc_column_container vc_col-sm-12\"><div class=\"vc_column-inner\"><div class=\"wpb_wrapper\"><div class=\"vc_empty_space\"   style=\"height: 32px\"><span class=\"vc_empty_space_inner\"><\/span><\/div>\n\t<div class=\"wpb_text_column wpb_content_element\" >\n\t\t<div class=\"wpb_wrapper\">\n\t\t\t<p>\nn<\/p>\n<h4>Bize Ula\u015f\u0131n?<\/h4>\n<p>n<\/p>\n<h5>Rezervasyon Maceralar\u0131<\/h5>\n<p>n<em><strong>Yerliler<\/strong>\u00a0ve\u00a0<strong>uyruklular<\/strong>\u00a0Tur Rehberleri ve Misafir Hizmetleri<\/em><br \/>\nn<br \/>\nn<span class=\"text-turquoise\">Rezervasyonlar:<\/span>\u00a0Dom s\u0131n\u0131rlar\u0131ndaki Turlar ve Geziler temsilci<br \/>\nn<br \/>\nn<img decoding=\"async\" class=\"emoji\" draggable=\"false\" src=\"https:\/\/s.w.org\/images\/core\/emoji\/11.2.0\/svg\/1f4de.svg\" alt=\" \" title=\"\">\u00a0Tel \/ Naber\u00a0\u00a0<a href=\"tel:+1-809-720-6035\">+1-809-720-6035<\/a>.<br \/>\nn<br \/>\nn<img decoding=\"async\" class=\"emoji\" draggable=\"false\" src=\"https:\/\/s.w.org\/images\/core\/emoji\/11.2.0\/svg\/1f4e9.svg\" alt=\" \" title=\"\">\u00a0<a href=\"mailto:info@bookingadventures.com.do\">info@bookingadventures.com.do<\/a><br \/>\nn<br \/>\nn<strong>Whatsapp ile Esnek \u00d6zel Turlar Ayarl\u0131yoruz:\u00a0<a href=\"tel:+18097206035\">+18097206035.<\/a><\/strong><\/p>\n\n\t\t<\/div>\n\t<\/div>\n<div class=\"vc_empty_space\"   style=\"height: 32px\"><span class=\"vc_empty_space_inner\"><\/span><\/div><\/div><\/div><\/div><\/div><div class=\"vc_row wpb_row vc_row-fluid\" ><div class=\"wpb_column vc_column_container vc_col-sm-12\"><div class=\"vc_column-inner\"><div class=\"wpb_wrapper\"><div class=\"vc_btn3-container vc_btn3-inline\" ><button class=\"vc_general vc_btn3 vc_btn3-size-md vc_btn3-shape-rounded vc_btn3-style-modern vc_btn3-color-green\">REZERVASYON YAP<\/button><\/div><\/div><\/div><\/div><\/div>","protected":false},"excerpt":{"rendered":"<p>For the ultimate adventure in Punta Cana, try our 12-line zip line course! Our mountain course also has 18 platforms and is home to the two longest lines in the Dominican Republic and in the Caribbean. You\u2019re safely attached with climbing gear to the double line cables with the longest one being 800 meters long! n nPlease Select date for The Tour\u00a0 &nbsp;<\/p>","protected":false},"author":2,"featured_media":0,"parent":0,"menu_order":0,"comment_status":"open","ping_status":"closed","template":"","meta":{"footnotes":""},"class_list":["post-15862","page","type-page","status-publish","hentry"],"_links":{"self":[{"href":"https:\/\/www.boattoursamana.com\/tr\/wp-json\/wp\/v2\/pages\/15862","targetHints":{"allow":["GET"]}}],"collection":[{"href":"https:\/\/www.boattoursamana.com\/tr\/wp-json\/wp\/v2\/pages"}],"about":[{"href":"https:\/\/www.boattoursamana.com\/tr\/wp-json\/wp\/v2\/types\/page"}],"author":[{"embeddable":true,"href":"https:\/\/www.boattoursamana.com\/tr\/wp-json\/wp\/v2\/users\/2"}],"replies":[{"embeddable":true,"href":"https:\/\/www.boattoursamana.com\/tr\/wp-json\/wp\/v2\/comments?post=15862"}],"version-history":[{"count":0,"href":"https:\/\/www.boattoursamana.com\/tr\/wp-json\/wp\/v2\/pages\/15862\/revisions"}],"wp:attachment":[{"href":"https:\/\/www.boattoursamana.com\/tr\/wp-json\/wp\/v2\/media?parent=15862"}],"curies":[{"name":"wp","href":"https:\/\/api.w.org\/{rel}","templated":true}]}}