{"id":15864,"date":"2023-07-15T07:45:08","date_gmt":"2023-07-15T07:45:08","guid":{"rendered":"https:\/\/www.ticketswhales.com\/las-terrenas-los-haitises-bacardi-island-cayo-levantado\/"},"modified":"2023-07-15T07:45:08","modified_gmt":"2023-07-15T07:45:08","slug":"las-terrenas-los-haitises-bacardi-island-cayo-levantado","status":"publish","type":"page","link":"https:\/\/www.boattoursamana.com\/tr\/las-terrenas-los-haitises-bacardi-adasi-cayo-levantado","title":{"rendered":"Las Terrenas: Los Haitises ve Bacardi Adas\u0131 (Cayo Levantado)"},"content":{"rendered":"<p id=\"tw-target-text\" class=\"tw-data-text tw-text-large tw-ta\" dir=\"ltr\" data-placeholder=\"Translation\"><span class=\"Y2IQFc\" lang=\"en\">Las Terrenas&#039;tan Los Haitises ve Cayo Levantado&#039;ya Gezi, Yerel Turist Rehberi ile Los Haitises Ulusal Park\u0131&#039;na Ekolojik Gezi. Los Haitises Ulusal Park\u0131&#039;ndaki Anahtarlar\u0131, Mangrovlar\u0131, Bitki \u00d6rt\u00fcs\u00fcn\u00fc, Ku\u015f G\u00f6zlemcili\u011fi, Ma\u011faralar\u0131, Piktogramlar\u0131 ve Los Haitises Ulusal Park\u0131&#039;ndaki Sabana de la Mar&#039;\u0131n tarihi b\u00f6lgelerini ziyaret etmek. Los Haitises&#039;ten sonra Bacardi Adas\u0131&#039;ndaki sahilde \u00f6\u011fle yeme\u011fi yedik. Bizimle Puerto Saman\u00e1 + Bacard\u00ed Adas\u0131&#039;ndan (Cayo Levantado) Los Haitises Ulusal Park\u0131 Turu. <\/span><\/p>\n<p>n<\/p>\n<p class=\"tw-data-text tw-text-large tw-ta\" dir=\"ltr\" data-placeholder=\"Translation\"><strong><span class=\"Y2IQFc\" lang=\"en\">Tur i\u00e7in tarih se\u00e7in:<\/span><\/strong><\/p>\n<p>&nbsp;<\/p>\n<div class=\"vc_row wpb_row vc_row-fluid\" ><div class=\"wpb_column vc_column_container vc_col-sm-12\"><div class=\"vc_column-inner\"><div class=\"wpb_wrapper\"><div class=\"mkdf-section-title-holder\" style=\"text-align: left\">\n\t<div class=\"mkdf-st-inner\">\n\t\t\t\t\t<h5 class=\"mkdf-st-subtitle\" >\n\t\t\t\tYerlilerle Eko Turlar\t\t\t<\/h5>\n\t\t\t\t\t\t\t<h3 class=\"mkdf-st-title\" >\n\t\t\t\tLas Terrenas&#039;tan Los Haitises ve Bacardi Adas\u0131 (Cayo Levantado)\t\t\t<\/h3>\n\t\t\t\t\t\t\t<p class=\"mkdf-st-text\" >\n\t\t\t\tLas Terrenas&#039;taysan\u0131z. Bu, Cayo Levantado&#039;da \u00d6\u011fle Yeme\u011fi ile en iyi G\u00fcnl\u00fck Gezi. Sabah 8:00 civar\u0131nda Las Terrenas&#039;taki Otellerden al\u0131n ve ak\u015fam 5:20&#039;de bitirin.\t\t\t<\/p>\n\t\t\t<\/div>\n<\/div><\/div><\/div><\/div><\/div><div class=\"vc_row wpb_row vc_row-fluid\" ><div class=\"wpb_column vc_column_container vc_col-sm-12\"><div class=\"vc_column-inner\"><div class=\"wpb_wrapper\">\n\t<div class=\"wpb_text_column wpb_content_element\" >\n\t\t<div class=\"wpb_wrapper\">\n\t\t\t<p>\nn<\/p>\n<h4><\/h4>\n<p>n<\/p>\n<h2>Las Terrenas&#039;tan Los Haitises ve Bacardi Adas\u0131 (Cayo Levantado)<\/h2>\n<p>n<\/p>\n<h4><b><i>genel bak\u0131\u015f <\/i><\/b><\/h4>\n<p>nLos Haitises Milli Park\u0131, Saman\u00e1 Liman\u0131&#039;ndan ba\u015flayarak Bacardi Adas\u0131&#039;nda \u00f6\u011fle yeme\u011fi. Bizimle gelin ve Dominik Cumhuriyeti&#039;nin en g\u00fczel milli park\u0131n\u0131 ziyaret edin, Mangrovlar\u0131, Ma\u011faralar\u0131 ve San Lorenzo K\u00f6rfezi&#039;ni ziyaret edin ve muhte\u015fem Saman\u00e1 koyunu ge\u00e7in. Daha sonra Bacardi adas\u0131n\u0131 ziyaret etmek i\u00e7in Saman\u00e1 b\u00f6lgesine d\u00f6n\u00fc\u015f, plajda \u00f6\u011fle yeme\u011fi yeme ve Saman\u00e1 K\u00f6rfezi&#039;nin en g\u00fczel plajlar\u0131ndan birinde y\u00fczme.<br \/>\nn<br \/>\nnBu deneyimin ard\u0131ndan Saman\u00e1 liman\u0131na geri d\u00f6neceksiniz.<br \/>\nn<\/p>\n<ul>\nn \t<\/p>\n<li style=\"font-weight: 400;\">\u00dccretler dahil<\/li>\n<p>n \t<\/p>\n<li>Bacardi adas\u0131nda \u00f6\u011fle yeme\u011fi dahil<\/li>\n<p>n \t<\/p>\n<li style=\"font-weight: 400;\"><span style=\"font-weight: 400;\">K\u0131lavuz talimat ve Denetim sa\u011flar<\/span><\/li>\n<p>n<\/ul>\n<p>n&nbsp;<br \/>\nn<\/p>\n<h4><b>Dahil Edilenler ve Hari\u00e7 Tutulanlar<\/b><\/h4>\n<p>n<b>Dahil olanlar<\/b><br \/>\nn<\/p>\n<ol>\nn \t<\/p>\n<li style=\"font-weight: 400;\">Los Haitises Turu + Ma\u011faralar ve Piktograflar<\/li>\n<p>n \t<\/p>\n<li>Benzer bir tur isterseniz Cayo Levantado&#039;da (Bacardi Adas\u0131) \u00f6\u011fle yeme\u011fi: Los Haitises + Ca\u00f1o Hondo<\/li>\n<p>n \t<\/p>\n<li style=\"font-weight: 400;\"><span style=\"font-weight: 400;\">T\u00fcm vergiler, \u00fccretler ve i\u015flem \u00fccretleri<\/span><\/li>\n<p>n \t<\/p>\n<li style=\"font-weight: 400;\"><span style=\"font-weight: 400;\">Yerel vergiler<\/span><\/li>\n<p>n \t<\/p>\n<li style=\"font-weight: 400;\"><span style=\"font-weight: 400;\">\u0130\u00e7ecekler<\/span><\/li>\n<p>n \t<\/p>\n<li style=\"font-weight: 400;\"><span style=\"font-weight: 400;\">T\u00fcm aktiviteler<\/span><\/li>\n<p>n \t<\/p>\n<li>Toplu ta\u015f\u0131ma<\/li>\n<p>n \t<\/p>\n<li style=\"font-weight: 400;\"><span style=\"font-weight: 400;\">Yerel rehber<\/span><\/li>\n<p>n<\/ol>\n<p>n<b> \u0130stisnalar<\/b><br \/>\nn<\/p>\n<ol>\nn \t<\/p>\n<li style=\"font-weight: 400;\"><span style=\"font-weight: 400;\">Bah\u015fi\u015fler<\/span><\/li>\n<p>n \t<\/p>\n<li style=\"font-weight: 400;\"><span style=\"font-weight: 400;\">Alkoll\u00fc i\u00e7ecekler<\/span><\/li>\n<p>n<\/ol>\n<p>n&nbsp;<br \/>\nn<\/p>\n<h4><em><strong>Gidi\u015f &amp; D\u00f6n\u00fc\u015f<\/strong><\/em><\/h4>\n<p>n<span style=\"font-weight: 400;\">Gezgin, Rezervasyon \u0130\u015fleminden sonra bir bulu\u015fma noktas\u0131 alacakt\u0131r. Turlar bulu\u015fma noktalar\u0131m\u0131zda ba\u015flar ve biter.<\/span><br \/>\nn<br \/>\nn&nbsp;<br \/>\nn<\/p>\n<h2>Las Terrenas&#039;tan Los Haitises ve Bacardi Adas\u0131 (Cayo Levantado)<\/h2>\n<p>n<\/p>\n<h4><b><i>Ne bekleyebilece\u011finizi?<\/i><\/b><\/h4>\n<p>n<b><i>V<\/i><\/b>ziyaret etmek<strong> Los Haitises Milli Park\u0131<\/strong> harika bir \u00f6\u011fle yeme\u011fi ile<strong> Cayo Levantado adas\u0131<\/strong> ve Sahilde y\u00fczmek. Las Terrenas&#039;tan ba\u015flayarak\u00a0 <strong>Saman\u00e1 liman\u0131 ve<\/strong> Dominik Cumhuriyeti&#039;nin en g\u00fczel milli parklar\u0131ndan birini ziyaret etmek i\u00e7in Yerel bir rehber e\u015fli\u011finde bir Tekne veya Katamaranla Saman\u00e1 koyundan Sabana de la Mar taraf\u0131na ge\u00e7iyoruz. <em><strong>Haiti Ulusal Park\u0131<\/strong><\/em>.<br \/>\nn<br \/>\nn\u201cBooking Adventures\u201d taraf\u0131ndan d\u00fczenlenen tur, Tur Rehberi ile belirlenen bulu\u015fma noktas\u0131nda ba\u015flar. Booking Adventures ile gelin ve ku\u015flarla dolu mangrovlar\u0131, yemye\u015fil bitki \u00f6rt\u00fcs\u00fcyle kapl\u0131 ini\u015fli \u00e7\u0131k\u0131\u015fl\u0131 tepeleri ve ma\u011faralar\u0131 incelemeye ba\u015flay\u0131n. <em><strong>Los Haitises Milli Park\u0131<\/strong><\/em>. Etrafta ku\u015flarla Ada&#039;y\u0131 ziyaret etmek. Hatta yumurtlama mevsiminde yuvalarda Pelecanos civcivlerini bile g\u00f6rebiliriz. Rocky Adalar\u0131&#039;n\u0131n i\u00e7ine daha fazla girmek ve yerli halktan resim ve petrograflarla Ma\u011faralar\u0131 ziyaret etmek.<br \/>\nn<br \/>\nn Mangrovlar\u0131n aras\u0131ndan ge\u00e7erek engebeli orman manzaras\u0131n\u0131 foto\u011fraflayabilece\u011finiz a\u00e7\u0131k San Lorenzo K\u00f6rfezi'ne inin. G\u00f6rmek i\u00e7in suya bak\u0131n <em><strong>denizay\u0131s\u0131<\/strong><\/em>, kabuklular ve <em><strong>yunuslar.<\/strong><\/em><br \/>\nn<\/p>\n<h2><strong>Los Haitises Ulusal Park\u0131 s\u0131n\u0131rlar\u0131ndaki Ma\u011faralar<\/strong><\/h2>\n<p>n<\/p>\n<div class=\"body-description secondary\">\nn<br \/>\nMilli park\u0131n ad\u0131, as\u0131l sakinleri olan Taino K\u0131z\u0131lderililerinden gelmektedir. Kendi dillerinde \u201cHaitiler\u201d yaylalar veya Tepeler anlam\u0131na geliyor; k\u0131y\u0131 \u015feridinin Kire\u00e7ta\u015f\u0131 i\u00e7eren dik jeolojik olu\u015fumlar\u0131na g\u00f6nderme yap\u0131yor. gibi ma\u011faralar\u0131 ke\u015ffetmek i\u00e7in park\u0131n derinliklerine do\u011fru maceraya \u00e7\u0131k\u0131n <em><strong>Cueva de la Arena<\/strong><\/em> ve <strong><em>Cueva de la Linea.<\/em><\/strong><br \/>\nn<br \/>\nRezervdeki ma\u011faralar Taino K\u0131z\u0131lderilileri taraf\u0131ndan ve daha sonra korsanlar\u0131n saklanmas\u0131 i\u00e7in bar\u0131nak olarak kullan\u0131ld\u0131. Baz\u0131 duvarlar\u0131 s\u00fcsleyen K\u0131z\u0131lderililerin \u00e7izimlerine bak\u0131n. Los Haitises Milli Park\u0131&#039;n\u0131 ziyaret ettikten sonra 30 dakika sonra Saman\u00e1 k\u00f6rfezini ge\u00e7ip Bacardi adas\u0131n\u0131 ziyaret ederek Saman\u00e1 liman\u0131na d\u00f6nece\u011fiz. Adada tipik bir \u00f6\u011fle yeme\u011fi yiyece\u011fiz. E\u011fer vegansan\u0131z endi\u015felenmeyin sizin i\u00e7in de yiyeceklerimiz var!<br \/>\nn<br \/>\nT\u00fcm \u00f6\u011fleden sonra y\u00fczd\u00fckten ve kumsalda dinlendikten sonra tur rehberimiz Saman\u00e1 liman\u0131na geri d\u00f6nmek i\u00e7in zaman\u0131 ayarlayacak.<br \/>\nn<br \/>\nn<\/div>\n<p>Bu seyahatin daha uzun veya daha k\u0131sa olmas\u0131n\u0131 istemeniz durumunda \u015fu se\u00e7eneklere sahibiz:<br \/>\nn<\/p>\n<ol>\nn \t<\/p>\n<li>Saman\u00e1 Liman\u0131&#039;ndan sadece Los Haitises.<\/li>\n<p>n \t<\/p>\n<li>Saman\u00e1 Liman\u0131&#039;ndan Los Haitises + Ca\u00f1o Hondo.<\/li>\n<p>n<\/ol>\n<p>n&nbsp;<br \/>\nn<\/p>\n<h4><em><strong>Ne getirmelisin?<\/strong><\/em><\/h4>\n<p>n<\/p>\n<ul>\nn \t<\/p>\n<li style=\"font-weight: 400;\"><span style=\"font-weight: 400;\">Kamera<\/span><\/li>\n<p>n \t<\/p>\n<li style=\"font-weight: 400;\"><span style=\"font-weight: 400;\">Kovucu tomurcuklar<\/span><\/li>\n<p>n \t<\/p>\n<li style=\"font-weight: 400;\"><span style=\"font-weight: 400;\">G\u00fcne\u015f kremi<\/span><\/li>\n<p>n \t<\/p>\n<li style=\"font-weight: 400;\"><span style=\"font-weight: 400;\">\u015eapka<\/span><\/li>\n<p>n \t<\/p>\n<li style=\"font-weight: 400;\"><span style=\"font-weight: 400;\">rahat pantolon<\/span><\/li>\n<p>n \t<\/p>\n<li style=\"font-weight: 400;\"><span style=\"font-weight: 400;\">Orman i\u00e7in y\u00fcr\u00fcy\u00fc\u015f ayakkab\u0131s\u0131<\/span><\/li>\n<p>n \t<\/p>\n<li style=\"font-weight: 400;\"><span style=\"font-weight: 400;\">Bahar b\u00f6lgelerine sandalet.<\/span><\/li>\n<p>n \t<\/p>\n<li style=\"font-weight: 400;\"><span style=\"font-weight: 400;\">Y\u00fczme giysileri<\/span><\/li>\n<p>n<\/ul>\n<p>n&nbsp;<br \/>\nn<\/p>\n<h4><b><i>otelden alma <\/i><\/b><\/h4>\n<p>n<span style=\"font-weight: 400;\">Las Terrenas&#039;tan otelden alma hizmeti sunulmaktad\u0131r. <\/span><br \/>\nn<br \/>\nn&nbsp;<br \/>\nn<br \/>\nn<b>Not:<\/b><span style=\"font-weight: 400;\"> Tur\/Gezi hareket saatinden sonraki 24 saat i\u00e7inde rezervasyon yap\u0131yorsan\u0131z, ek \u00fccret kar\u015f\u0131l\u0131\u011f\u0131nda otelden alma ayarlayabiliriz. Sat\u0131n alma i\u015fleminiz tamamland\u0131\u011f\u0131nda, teslim alma d\u00fczenlemelerini organize etmesi i\u00e7in size yerel Tur rehberimizin eksiksiz ileti\u015fim bilgilerini (telefon numaras\u0131, e-posta adresi vb.) g\u00f6nderece\u011fiz.<\/span><br \/>\nn<\/p>\n<h4><b><i>Ek Bilgi Onay\u0131 <\/i><\/b><\/h4>\n<p>n<\/p>\n<ol>\nn \t<\/p>\n<li>Biletler, bu Turu \u00f6dedikten sonra Makbuzdur. \u00d6demeyi telefonunuzda g\u00f6sterebilirsiniz.<\/li>\n<p>n \t<\/p>\n<li style=\"font-weight: 400;\"><span style=\"font-weight: 400;\">Bulu\u015fma Noktas\u0131 Rezervasyon \u0130\u015fleminden Sonra Al\u0131nacakt\u0131r.<\/span><\/li>\n<p>n \t<\/p>\n<li style=\"font-weight: 400;\"><span style=\"font-weight: 400;\">\u00c7ocuklara bir yeti\u015fkin e\u015flik etmelidir.<\/span><\/li>\n<p>n \t<\/p>\n<li style=\"font-weight: 400;\"><span style=\"font-weight: 400;\"> Tekerlekli sandalye eri\u015fimine uygun de\u011fil <\/span><\/li>\n<p>n \t<\/p>\n<li style=\"font-weight: 400;\"><span style=\"font-weight: 400;\">Bebekler kuca\u011fa oturmal\u0131 <\/span><\/li>\n<p>n \t<\/p>\n<li style=\"font-weight: 400;\"><span style=\"font-weight: 400;\">S\u0131rt sorunu olan gezginler i\u00e7in \u00f6nerilmez<\/span><\/li>\n<p>n \t<\/p>\n<li style=\"font-weight: 400;\"><span style=\"font-weight: 400;\">Hamile gezginler i\u00e7in \u00f6nerilmez <\/span><\/li>\n<p>n \t<\/p>\n<li style=\"font-weight: 400;\"><span style=\"font-weight: 400;\"> Kalp problemi veya di\u011fer ciddi t\u0131bbi durumlar yok <\/span><\/li>\n<p>n \t<\/p>\n<li style=\"font-weight: 400;\"><span style=\"font-weight: 400;\">\u00c7o\u011fu gezgin kat\u0131labilir<\/span><\/li>\n<p>n<\/ol>\n<p>n<\/p>\n<h4><b><i>\u0130ptal politikas\u0131<\/i><\/b><\/h4>\n<p>nTam para iadesi i\u00e7in l\u00fctfen \u0130ptal politikalar\u0131m\u0131z\u0131 okuyun\u00a0<a href=\"https:\/\/www.boattoursamana.com\/tr\/cevrimici-rezervasyon\/\" target=\"_blank\" rel=\"noopener\" data-saferedirecturl=\"https:\/\/www.google.com\/url?q=https:\/\/www.boattoursamana.com\/online-booking\/&amp;source=gmail&amp;ust=1672449202351000&amp;usg=AOvVaw1yAeVAPktmaVCqDujgUn90\">Buraya T\u0131kla<\/a>. Seyahatle ayn\u0131 g\u00fcn rezervasyon iptal edilirse para kaybedilecektir.<\/p>\n\n\t\t<\/div>\n\t<\/div>\n\n\t<div class=\"wpb_video_widget wpb_content_element vc_clearfix   vc_video-aspect-ratio-169 vc_video-el-width-100 vc_video-align-left\" >\n\t\t<div class=\"wpb_wrapper\">\n\t\t\t<h2 class=\"wpb_heading wpb_video_heading\">Los Haitises Milli Park\u0131<\/h2>\n\t\t\t<div class=\"wpb_video_wrapper\"><iframe loading=\"lazy\" title=\"Los Haitises Milli Park\u0131 Turlar\u0131 ve Gezileri\" width=\"1100\" height=\"619\" src=\"https:\/\/www.youtube.com\/embed\/vMI4Ou81cd4?feature=oembed\" frameborder=\"0\" allow=\"accelerometer; autoplay; clipboard-write; encrypted-media; gyroscope; picture-in-picture; web-share\" allowfullscreen><\/iframe><\/div>\n\t\t<\/div>\n\t<\/div>\n<\/div><\/div><\/div><\/div><div class=\"vc_row wpb_row vc_row-fluid\" ><\/div><div class=\"wpb_column vc_column_container vc_col-sm-12\"><div class=\"vc_column-inner\"><div class=\"wpb_wrapper\"><\/div><\/div><\/div><div class=\"vc_empty_space\"   style=\"height: 32px\"><span class=\"vc_empty_space_inner\"><\/span><\/div>\n\t<div class=\"wpb_text_column wpb_content_element\" >\n\t\t<div class=\"wpb_wrapper\">\n\t\t\t<p>\nn<br \/>\nnBen metin blo\u011fuyum. Bu metni de\u011fi\u015ftirmek i\u00e7in d\u00fczenle d\u00fc\u011fmesine t\u0131klay\u0131n. Lorem ipsum dolor sit amet, consectetur adipiscing elit. Ut elit tellus, luctus nec ullamcorper mattis, pulvinar dapibus leo.<br \/>\nn<br \/>\nn<\/p>\n\n\t\t<\/div>\n\t<\/div>\n<div class=\"vc_empty_space\"   style=\"height: 32px\"><span class=\"vc_empty_space_inner\"><\/span><\/div><div class=\"vc_row wpb_row vc_row-fluid\" ><\/div><div class=\"wpb_column vc_column_container vc_col-sm-12\"><div class=\"vc_column-inner\"><div class=\"wpb_wrapper\"><\/div><\/div><\/div><div class=\"mkdf-section-title-holder\" style=\"text-align: left\">\n\t<div class=\"mkdf-st-inner\">\n\t\t\t\t\t\t\t<h3 class=\"mkdf-st-title\" >\n\t\t\t\tLos Haitises ve Cayo Levantado\t\t\t<\/h3>\n\t\t\t\t\t<\/div>\n<\/div><div class=\"vc_empty_space\"   style=\"height: 32px\"><span class=\"vc_empty_space_inner\"><\/span><\/div><div class=\"vc_row wpb_row vc_row-fluid\" ><\/div><div class=\"wpb_column vc_column_container vc_col-sm-12\"><div class=\"vc_column-inner\"><div class=\"wpb_wrapper\"><\/div><\/div><\/div>","protected":false},"excerpt":{"rendered":"<p>Excursion to Los Haitises and Cayo Levantado from Las Terrenas, Ecological Trip to Los Haitises National Park with a Local Tourist Guide. Visiting the Keys in Los Haitises National Park, Mangroves, Vegetation, Bird Watching, Caves, Pictograms and the historical areas of Sabana de la Mar in Los Haitises National Park. After Los Haitises we had lunch on the beach at Bacardi Island. Book now Tour to Los Haitises National Park from Puerto Saman\u00e1 + Bacard\u00ed Island (Cayo Levantado) with us. [&hellip;]<\/p>\n","protected":false},"author":2,"featured_media":0,"parent":0,"menu_order":0,"comment_status":"open","ping_status":"closed","template":"","meta":{"footnotes":""},"class_list":["post-15864","page","type-page","status-publish","hentry"],"_links":{"self":[{"href":"https:\/\/www.boattoursamana.com\/tr\/wp-json\/wp\/v2\/pages\/15864","targetHints":{"allow":["GET"]}}],"collection":[{"href":"https:\/\/www.boattoursamana.com\/tr\/wp-json\/wp\/v2\/pages"}],"about":[{"href":"https:\/\/www.boattoursamana.com\/tr\/wp-json\/wp\/v2\/types\/page"}],"author":[{"embeddable":true,"href":"https:\/\/www.boattoursamana.com\/tr\/wp-json\/wp\/v2\/users\/2"}],"replies":[{"embeddable":true,"href":"https:\/\/www.boattoursamana.com\/tr\/wp-json\/wp\/v2\/comments?post=15864"}],"version-history":[{"count":0,"href":"https:\/\/www.boattoursamana.com\/tr\/wp-json\/wp\/v2\/pages\/15864\/revisions"}],"wp:attachment":[{"href":"https:\/\/www.boattoursamana.com\/tr\/wp-json\/wp\/v2\/media?parent=15864"}],"curies":[{"name":"wp","href":"https:\/\/api.w.org\/{rel}","templated":true}]}}