{"id":15865,"date":"2023-07-15T07:45:08","date_gmt":"2023-07-15T07:45:08","guid":{"rendered":"https:\/\/www.ticketswhales.com\/jarabacoa-buggy-with-baiguate-waterfall-double\/"},"modified":"2023-07-15T07:45:08","modified_gmt":"2023-07-15T07:45:08","slug":"jarabacoa-buggy-with-baiguate-waterfall-double","status":"publish","type":"page","link":"https:\/\/www.boattoursamana.com\/tr\/jarabacoa-buggy-ile-baiguat-selale-cift-2","title":{"rendered":"Baiguate \u015eelalesi \u00c7iftli Jarabacoa Buggy"},"content":{"rendered":"<p><span style=\"font-weight: 400;\"><span style=\"vertical-align: inherit;\"><span style=\"vertical-align: inherit;\">Jarabacoa&#039;n\u0131n yerel bir uzman\u0131yla bir araya gelip, Jarabacoa&#039;daki ekoturizmin ba\u015fkentinin en de\u011ferli ziyaret\u00e7ilerini ziyaret etme deneyimi elde etti\u011finizde, bu, Dominika Cumhuriyeti&#039;nin en b\u00fcy\u00fck da\u011flar\u0131ndaki \u00e7iftli\u011fin hermoso paisaje&#039;sini bir araya getiren bir turdur. <\/span><span style=\"vertical-align: inherit;\">Mientras, farkl\u0131 geziler i\u00e7in elveri\u015flidir, da\u011f\u0131n havas\u0131n\u0131 korur ve kamp\u0131n g\u00fczelli\u011fini bozar.\u00a0<\/span><\/span><\/span><br \/>\nn<br \/>\nn<strong><span style=\"vertical-align: inherit;\"><span style=\"vertical-align: inherit;\">Tur i\u00e7in se\u00e7im yap\u0131n:\u00a0<\/span><\/span><\/strong><\/p>\n<p>&nbsp;<\/p>\n<div class=\"vc_row wpb_row vc_row-fluid\" ><div class=\"wpb_column vc_column_container vc_col-sm-12\"><div class=\"vc_column-inner\"><div class=\"wpb_wrapper\"><div class=\"mkdf-section-title-holder\" style=\"text-align: left\">\n\t<div class=\"mkdf-st-inner\">\n\t\t\t\t\t<h5 class=\"mkdf-st-subtitle\" >\n\t\t\t\tBuggy - Arabalar\t\t\t<\/h5>\n\t\t\t\t\t\t\t<h3 class=\"mkdf-st-title\" >\n\t\t\t\tJimenoa ve Baiguate \u015eelaleleri ile Jarabacoa\t\t\t<\/h3>\n\t\t\t\t\t<\/div>\n<\/div><\/div><\/div><\/div><\/div><div class=\"vc_row wpb_row vc_row-fluid\" ><div class=\"wpb_column vc_column_container vc_col-sm-12\"><div class=\"vc_column-inner\"><div class=\"wpb_wrapper\">\n\t<div class=\"wpb_text_column wpb_content_element\" >\n\t\t<div class=\"wpb_wrapper\">\n\t\t\t<p>\nn<\/p>\n<h3 class=\"ui_header h1 attractions-product-info-ProductTitle__title--1qM0o\">Baiguate \u015eelalesi \u00c7iftli Jarabacoa arabas\u0131<\/h3>\n<p>n<\/p>\n<h4><b><i>genel bak\u0131\u015f <\/i><\/b><\/h4>\n<p>n<span style=\"font-weight: 400;\">Bize kat\u0131l\u0131n ve Jarabacoa&#039;dan yerel bir uzmanla seyahat edin ve Jarabacoa&#039;dan ba\u015flayarak ekoturizmin ba\u015fkentindeki en iyi noktalar\u0131 ziyaret etme konusunda e\u015fsiz bir deneyim ya\u015fay\u0131n. Bu tur sizi Dominik Cumhuriyeti&#039;nin en b\u00fcy\u00fck da\u011f \u00e7iftli\u011finin g\u00fczel manzaras\u0131n\u0131 g\u00f6rmeye g\u00f6t\u00fcrecek. Farkl\u0131 yerlere giderken da\u011f havas\u0131n\u0131 hissedecek ve k\u0131rlar\u0131n g\u00fczelli\u011finin tad\u0131n\u0131 \u00e7\u0131karacaks\u0131n\u0131z.\u00a0<\/span><br \/>\nn<br \/>\nn<span style=\"font-weight: 400;\">Bu tur i\u00e7in farkl\u0131 yerlere gidebiliriz. Se\u00e7enekleriniz olacak: Bisiklet, Ata Binme, Safari, D\u00f6rt Tekerlek veya Buggy. Biletinizi \u015fimdi \u00e7evrimi\u00e7i sat\u0131n al\u0131n ve \u015fehrin en iyi yerlerine seyahat ederken Jarabacoa ve Dominik Cumhuriyeti k\u00fclt\u00fcr\u00fc hakk\u0131nda e\u011flenerek \u00f6\u011frenelim.<\/span><br \/>\nn<br \/>\nn<span style=\"font-weight: 400;\">Jarabacoa, hava nedeniyle sonsuz bahar tatilinin \u015fehri ve la Vega eyaletinden en \u00f6nemli ikinci belediyedir. Tarihe g\u00f6re Jarabacoa, \u201c\u00e7ok su olan yer\u201d anlam\u0131na gelir, 27 Eyl\u00fcl 1858&#039;de Jarabacoa, 19. y\u00fczy\u0131l\u0131n ba\u015f\u0131ndan itibaren gelen bir kariyerin ard\u0131ndan elde edilen bir kategori olan belediye olarak hayat\u0131na ba\u015flad\u0131. Bizimle seyahat edin ve Dominik Cumhuriyeti&#039;nin kuzey b\u00f6lgesinin da\u011flar\u0131, do\u011fas\u0131, k\u00fclt\u00fcr\u00fc ve insanlar\u0131 hakk\u0131nda daha fazla bilgi edinin.\u00a0<\/span><br \/>\nn<\/p>\n<ul>\nn \t<\/p>\n<li style=\"font-weight: 400;\">\u00dccretler dahil<\/li>\n<p>n \t<\/p>\n<li>\u00d6\u011fle yeme\u011fi<\/li>\n<p>n \t<\/p>\n<li>at\u0131\u015ft\u0131rmal\u0131klar<\/li>\n<p>n \t<\/p>\n<li style=\"font-weight: 400;\">\u0130ngilizce Yerel Tur Rehberi<\/li>\n<p>n<\/ul>\n<p>n<\/p>\n<h4><b>Dahil Edilenler ve Hari\u00e7 Tutulanlar<\/b><\/h4>\n<p>n<b>Dahil olanlar<\/b><br \/>\nn<\/p>\n<ol>\nn \t<\/p>\n<li>\u00d6\u011fle yeme\u011fi<\/li>\n<p>n \t<\/p>\n<li style=\"font-weight: 400;\"><span style=\"font-weight: 400;\">T\u00fcm vergiler, \u00fccretler ve i\u015flem \u00fccretleri<\/span><\/li>\n<p>n \t<\/p>\n<li style=\"font-weight: 400;\"><span style=\"font-weight: 400;\">Yerel vergiler<\/span><\/li>\n<p>n \t<\/p>\n<li style=\"font-weight: 400;\"><span style=\"font-weight: 400;\">\u0130\u00e7ecekler<\/span><\/li>\n<p>n \t<\/p>\n<li>at\u0131\u015ft\u0131rmal\u0131klar<\/li>\n<p>n \t<\/p>\n<li style=\"font-weight: 400;\"><span style=\"font-weight: 400;\">T\u00fcm aktiviteler<\/span><\/li>\n<p>n \t<\/p>\n<li style=\"font-weight: 400;\"><span style=\"font-weight: 400;\">Yerel rehber<\/span><\/li>\n<p>n<\/ol>\n<p>n<b> \u0130stisnalar<\/b><br \/>\nn<\/p>\n<ol>\nn \t<\/p>\n<li style=\"font-weight: 400;\"><span style=\"font-weight: 400;\">Bah\u015fi\u015fler<\/span><\/li>\n<p>n \t<\/p>\n<li>ula\u015f\u0131m (Bizimle \u0130leti\u015fime Ge\u00e7erek Belirleyin)<\/li>\n<p>n \t<\/p>\n<li style=\"font-weight: 400;\"><span style=\"font-weight: 400;\">Alkoll\u00fc i\u00e7ecekler<\/span><\/li>\n<p>n<\/ol>\n<p>n<\/p>\n<h4><em><strong>Gidi\u015f &amp; D\u00f6n\u00fc\u015f<\/strong><\/em><\/h4>\n<p>n<span style=\"font-weight: 400;\">Gezgin, Rezervasyon \u0130\u015fleminden sonra bir bulu\u015fma noktas\u0131 alacakt\u0131r. Turlar bulu\u015fma noktalar\u0131n\u0131zda ba\u015flar ve biter.<\/span><br \/>\nn<\/p>\n<h3 class=\"ui_header h1 attractions-product-info-ProductTitle__title--1qM0o\">Baiguate \u015eelalesi \u00c7iftli Jarabacoa arabas\u0131<\/h3>\n<p>n<\/p>\n<h4><b><i>Ne bekleyebilece\u011finizi?<\/i><\/b><\/h4>\n<p>n<span style=\"font-weight: 400;\">Buggy taraf\u0131ndan Jarabacoa City&#039;den Baiguate \u015eelaleleri i\u00e7in biletinizi al\u0131n.\u00a0<\/span><br \/>\nn<br \/>\nn<span style=\"font-weight: 400;\">Buggy&#039;lerden bahsetti\u011fimizde, kullan\u0131c\u0131n\u0131n s\u00fcr\u00fc\u015f s\u0131ras\u0131nda arazi ve onu \u00e7evreleyen do\u011fa ile daha fazla temas kurmas\u0131n\u0131 sa\u011flarken g\u00fcvenlik ve kullan\u0131m kolayl\u0131\u011f\u0131 sunan bir arazi arac\u0131ndan bahsediyoruz. Orman yollar\u0131nda ve arazi d\u0131\u015f\u0131nda keyfini \u00e7\u0131karmak i\u00e7in tasarlanm\u0131\u015f konforlu ve g\u00fcvenli bir cihazda esintiyi, g\u00fcne\u015fi, ya\u011fmuru hissedin, manzaray\u0131 yan\u0131n\u0131zda g\u00f6r\u00fcn.<\/span><br \/>\nn<br \/>\nn<span style=\"font-weight: 400;\">Bu Gezi, herhangi bir yere gitmeden \u00f6nce seyahat Acentelerimiz veya Tur Rehberiniz ile onaylaman\u0131z gereken bir bulu\u015fma noktas\u0131ndan ba\u015flar. Rehberinizle tan\u0131\u015ft\u0131\u011f\u0131n\u0131zda, tur ve g\u00fcn\u00fcn\u00fczle ilgili her \u015fey hakk\u0131nda bilgi alacaks\u0131n\u0131z.<\/span><br \/>\nn<br \/>\nn<span style=\"font-weight: 400;\">Herkes haz\u0131r oldu\u011funda Jarabacoa Kasabas\u0131n\u0131n baz\u0131 k\u0131rsal b\u00f6lgelerine yolculu\u011fumuza ba\u015flayaca\u011f\u0131z, buggy araban\u0131z\u0131 s\u00fcrerken \u00fclkenin orta kuzeyindeki k\u0131rsal\u0131n engebeli yollar\u0131 ve da\u011f havas\u0131 size bu macera boyunca g\u00fczelli\u011fi ve do\u011fay\u0131 g\u00f6sterecek.<\/span><br \/>\nn<br \/>\nn<span style=\"font-weight: 400;\">Jimenoa ve Yaque Del Norte nehrinin bulu\u015ftu\u011fu La Confluencia, Cieneguita ve Monte Arriba, bu gezi s\u0131ras\u0131nda ziyaret edece\u011finiz yerlerden baz\u0131lar\u0131.\u00a0<\/span><br \/>\nn<br \/>\nn<span style=\"font-weight: 400;\">Yakla\u015f\u0131k 30 kilometre yol ald\u0131ktan sonra 10 dakikal\u0131k y\u00fcr\u00fcy\u00fc\u015f ve do\u011fal havuzlarda y\u00fczmek i\u00e7in Baiguate \u015eelalesi&#039;ne gidece\u011fiz.\u00a0<\/span><br \/>\nn<br \/>\nn<span style=\"font-weight: 400;\">Gezinizin bu b\u00f6l\u00fcm\u00fcnde, yakla\u015f\u0131k 1 saat boyunca y\u00fczmeye gidebilir ve her g\u00fcn Jarabacoa \u00e7ift\u00e7isinin arazisinden hasat edilen baz\u0131 taze meyveleri denemek i\u00e7in mola verebilirsiniz. Baiguate&#039;de 82 fit y\u00fcksekli\u011finde bir d\u00fc\u015f\u00fc\u015f var ve \u015fehre d\u00f6nmeden \u00f6nce biraz dinlenmek i\u00e7in m\u00fckemmel bir yer.\u00a0\u00a0<\/span><br \/>\nn<br \/>\nn<span style=\"font-weight: 400;\">Gezinizin bu b\u00f6l\u00fcm\u00fcnde, yakla\u015f\u0131k 1 saat boyunca y\u00fczmeye gidebilir ve her g\u00fcn Jarabacoa \u00e7ift\u00e7isinin arazisinden hasat edilen baz\u0131 taze meyveleri denemek i\u00e7in mola verebilirsiniz. Baiguate&#039;de 82 fit y\u00fcksekli\u011finde bir d\u00fc\u015f\u00fc\u015f var ve \u015fehre d\u00f6nmeden \u00f6nce biraz dinlenmek i\u00e7in m\u00fckemmel bir yer.\u00a0\u00a0<\/span><br \/>\nn<br \/>\nn<span style=\"font-weight: 400;\">Daha sonra Baiguate \u015eelalesi&#039;nden sonra, yerel bir uzman taraf\u0131ndan ev yap\u0131m\u0131 en iyi yerel dondurma lezzetini denemek i\u00e7in Ivon&#039;a gidece\u011fiz ve gezinizin son k\u0131sm\u0131 i\u00e7in Duarte Central Park&#039;a y\u00fcr\u00fcyece\u011fiz, bu size f\u0131rsat veren 6 saatlik bir tur. nezaret Jarabacoa, bu gezi ba\u015flad\u0131\u011f\u0131 yerde biter.<\/span><br \/>\nn<br \/>\nn<span style=\"font-weight: 400;\">Not: Bu turlar, Yetkililerin Ekolojist tur rehberleri e\u015fli\u011findedir. L\u00fctfen zaman\u0131nda rezervasyon yap\u0131n \u00e7\u00fcnk\u00fc parkta \u00e7ok fazla uzman yok.<\/span><br \/>\nn<\/p>\n<h4><em><strong>Ne getirmelisin?<\/strong><\/em><\/h4>\n<p>n<\/p>\n<ul>\nn \t<\/p>\n<li style=\"font-weight: 400;\"><span style=\"font-weight: 400;\">Kamera<\/span><\/li>\n<p>n \t<\/p>\n<li style=\"font-weight: 400;\"><span style=\"font-weight: 400;\">Kovucu tomurcuklar<\/span><\/li>\n<p>n \t<\/p>\n<li style=\"font-weight: 400;\"><span style=\"font-weight: 400;\">G\u00fcne\u015f kremi<\/span><\/li>\n<p>n \t<\/p>\n<li style=\"font-weight: 400;\"><span style=\"font-weight: 400;\">\u015eapka<\/span><\/li>\n<p>n \t<\/p>\n<li style=\"font-weight: 400;\"><span style=\"font-weight: 400;\">rahat pantolon<\/span><\/li>\n<p>n \t<\/p>\n<li style=\"font-weight: 400;\"><span style=\"font-weight: 400;\">Orman i\u00e7in y\u00fcr\u00fcy\u00fc\u015f ayakkab\u0131s\u0131<\/span><\/li>\n<p>n \t<\/p>\n<li style=\"font-weight: 400;\"><span style=\"font-weight: 400;\">Bahar b\u00f6lgelerine sandalet.<\/span><\/li>\n<p>n \t<\/p>\n<li style=\"font-weight: 400;\"><span style=\"font-weight: 400;\">Y\u00fczme giysileri<\/span><\/li>\n<p>n<\/ul>\n<p>n<\/p>\n<h4><b><i>otelden alma <\/i><\/b><\/h4>\n<p>n<span style=\"font-weight: 400;\">Bu tur i\u00e7in otelden alma hizmeti sunulmamaktad\u0131r. Whatsapp ile bizimle ileti\u015fime ge\u00e7erek Pick up ayar\u0131n\u0131 yapt\u0131k.<\/span><br \/>\nn<br \/>\nn<b>Not:<\/b><span style=\"font-weight: 400;\"> Tur\/Gezi hareket saatinden sonraki 24 saat i\u00e7inde rezervasyon yap\u0131yorsan\u0131z, ek \u00fccret kar\u015f\u0131l\u0131\u011f\u0131nda otelden alma ayarlayabiliriz. Sat\u0131n alma i\u015fleminiz tamamland\u0131\u011f\u0131nda, teslim alma d\u00fczenlemelerini organize etmesi i\u00e7in size yerel Tur rehberimizin eksiksiz ileti\u015fim bilgilerini (telefon numaras\u0131, e-posta adresi vb.) g\u00f6nderece\u011fiz.<\/span><br \/>\nn<\/p>\n<h4><b><i>Ek Bilgi Onay\u0131 <\/i><\/b><\/h4>\n<p>n<\/p>\n<ol>\nn \t<\/p>\n<li>Biletler, bu Tur i\u00e7in \u00f6deme yap\u0131ld\u0131ktan sonra Makbuzdur. \u00d6demeyi telefonunuzda g\u00f6sterebilirsiniz.<\/li>\n<p>n \t<\/p>\n<li style=\"font-weight: 400;\"><span style=\"font-weight: 400;\">Bulu\u015fma Noktas\u0131 Rezervasyon \u0130\u015fleminden Sonra Al\u0131nacakt\u0131r.<\/span><\/li>\n<p>n \t<\/p>\n<li style=\"font-weight: 400;\"><span style=\"font-weight: 400;\">\u00c7ocuklara bir yeti\u015fkin e\u015flik etmelidir.<\/span><\/li>\n<p>n \t<\/p>\n<li style=\"font-weight: 400;\"><span style=\"font-weight: 400;\"> Tekerlekli sandalye eri\u015fimine uygun de\u011fil <\/span><\/li>\n<p>n \t<\/p>\n<li style=\"font-weight: 400;\"><span style=\"font-weight: 400;\">Bebekler kuca\u011fa oturmal\u0131 <\/span><\/li>\n<p>n \t<\/p>\n<li style=\"font-weight: 400;\"><span style=\"font-weight: 400;\">S\u0131rt sorunu olan gezginler i\u00e7in \u00f6nerilmez<\/span><\/li>\n<p>n \t<\/p>\n<li style=\"font-weight: 400;\"><span style=\"font-weight: 400;\">Hamile gezginler i\u00e7in \u00f6nerilmez <\/span><\/li>\n<p>n \t<\/p>\n<li style=\"font-weight: 400;\"><span style=\"font-weight: 400;\"> Kalp problemi veya di\u011fer ciddi t\u0131bbi durumlar yok <\/span><\/li>\n<p>n \t<\/p>\n<li style=\"font-weight: 400;\"><span style=\"font-weight: 400;\">\u00c7o\u011fu gezgin kat\u0131labilir<\/span><\/li>\n<p>n<\/ol>\n<p>n<\/p>\n<h4><b><i>\u0130ptal politikas\u0131<\/i><\/b><\/h4>\n<p>nTam para iadesi i\u00e7in l\u00fctfen \u0130ptal politikalar\u0131m\u0131z\u0131 okuyun\u00a0<a href=\"https:\/\/www.boattoursamana.com\/tr\/cevrimici-rezervasyon\/\" target=\"_blank\" rel=\"noopener\" data-saferedirecturl=\"https:\/\/www.google.com\/url?q=https:\/\/www.boattoursamana.com\/online-booking\/&amp;source=gmail&amp;ust=1672449202351000&amp;usg=AOvVaw1yAeVAPktmaVCqDujgUn90\">Buraya T\u0131kla<\/a>. Seyahatle ayn\u0131 g\u00fcn rezervasyon iptal edilirse para kaybedilecektir.<\/p>\n\n\t\t<\/div>\n\t<\/div>\n<\/div><\/div><\/div><\/div><div class=\"vc_row wpb_row vc_row-fluid\" ><div class=\"wpb_column vc_column_container vc_col-sm-12\"><div class=\"vc_column-inner\"><div class=\"wpb_wrapper\">\n\t<div class=\"wpb_video_widget wpb_content_element vc_clearfix   vc_video-aspect-ratio-169 vc_video-el-width-100 vc_video-align-left\" >\n\t\t<div class=\"wpb_wrapper\">\n\t\t\t<h2 class=\"wpb_heading wpb_video_heading\">Jarabacoa \u015eehri Videosu:<\/h2>\n\t\t\t<div class=\"wpb_video_wrapper\"><iframe loading=\"lazy\" title=\"Jarabacoa | Puro Turismo de Monta\u00f1a\" width=\"1100\" height=\"619\" src=\"https:\/\/www.youtube.com\/embed\/FRHfK4RS39A?feature=oembed\" frameborder=\"0\" allow=\"accelerometer; autoplay; clipboard-write; encrypted-media; gyroscope; picture-in-picture; web-share\" allowfullscreen><\/iframe><\/div>\n\t\t<\/div>\n\t<\/div>\n<\/div><\/div><\/div><\/div><div class=\"vc_row wpb_row vc_row-fluid\" ><\/div><div class=\"wpb_column vc_column_container vc_col-sm-12\"><div class=\"vc_column-inner\"><div class=\"wpb_wrapper\"><\/div><\/div><\/div><div class=\"vc_empty_space\"   style=\"height: 32px\"><span class=\"vc_empty_space_inner\"><\/span><\/div>\n\t<div class=\"wpb_text_column wpb_content_element\" >\n\t\t<div class=\"wpb_wrapper\">\n\t\t\t<p>\nn<br \/>\nnBen metin blo\u011fuyum. Bu metni de\u011fi\u015ftirmek i\u00e7in d\u00fczenle d\u00fc\u011fmesine t\u0131klay\u0131n. Lorem ipsum dolor sit amet, consectetur adipiscing elit. Ut elit tellus, luctus nec ullamcorper mattis, pulvinar dapibus leo.<br \/>\nn<br \/>\nn<\/p>\n\n\t\t<\/div>\n\t<\/div>\n<div class=\"vc_empty_space\"   style=\"height: 32px\"><span class=\"vc_empty_space_inner\"><\/span><\/div>","protected":false},"excerpt":{"rendered":"<p>Jarabacoa&#039;da yerel bir uzmanla g\u00f6r\u00fc\u015ferek ve deneyim kazanarak, Jarabacoa&#039;n\u0131n en b\u00fcy\u00fck ekoturizm ba\u015fkentindeki en b\u00fcy\u00fck turistik yerleri ziyaret ederek, Dominika Cumhuriyeti&#039;nin en b\u00fcy\u00fck da\u011f \u00e7iftli\u011findeki hermoso paisaje&#039;yi bulmay\u0131 ba\u015faracaks\u0131n\u0131z. Bunlar farkl\u0131 kayaklar sa\u011flar, da\u011f\u0131n havas\u0131n\u0131 al\u0131r ve kamp g\u00fczelli\u011fini bozar. n Tur i\u00e7in se\u00e7ece\u011finiz yeri se\u00e7in:\u00a0 &nbsp;<\/p>","protected":false},"author":2,"featured_media":0,"parent":0,"menu_order":0,"comment_status":"open","ping_status":"closed","template":"","meta":{"footnotes":""},"class_list":["post-15865","page","type-page","status-publish","hentry"],"_links":{"self":[{"href":"https:\/\/www.boattoursamana.com\/tr\/wp-json\/wp\/v2\/pages\/15865","targetHints":{"allow":["GET"]}}],"collection":[{"href":"https:\/\/www.boattoursamana.com\/tr\/wp-json\/wp\/v2\/pages"}],"about":[{"href":"https:\/\/www.boattoursamana.com\/tr\/wp-json\/wp\/v2\/types\/page"}],"author":[{"embeddable":true,"href":"https:\/\/www.boattoursamana.com\/tr\/wp-json\/wp\/v2\/users\/2"}],"replies":[{"embeddable":true,"href":"https:\/\/www.boattoursamana.com\/tr\/wp-json\/wp\/v2\/comments?post=15865"}],"version-history":[{"count":0,"href":"https:\/\/www.boattoursamana.com\/tr\/wp-json\/wp\/v2\/pages\/15865\/revisions"}],"wp:attachment":[{"href":"https:\/\/www.boattoursamana.com\/tr\/wp-json\/wp\/v2\/media?parent=15865"}],"curies":[{"name":"wp","href":"https:\/\/api.w.org\/{rel}","templated":true}]}}