{"id":15879,"date":"2023-07-15T07:45:29","date_gmt":"2023-07-15T07:45:29","guid":{"rendered":"https:\/\/www.ticketswhales.com\/punta-cana-los-haitises-national-park-yanigua-waterfalls-montana-redonda\/"},"modified":"2023-07-15T07:45:29","modified_gmt":"2023-07-15T07:45:29","slug":"punta-cana-los-haitises-national-park-yanigua-waterfalls-montana-redonda","status":"publish","type":"page","link":"https:\/\/www.boattoursamana.com\/tr\/punta-cana-los-haitises-milli-park-yanigua-selaleler-montana-redonda-2","title":{"rendered":"Punta Cana: Los Haitises Ulusal Park\u0131, Yanigua \u015eelaleleri ve Montana Redonda"},"content":{"rendered":"<p>Punta Cana&#039;dan Gezi: Los Haitises Ulusal Park\u0131, Yanigua \u015eelaleleri ve Montana Redonda. 3 ana ma\u011fara ziyareti i\u00e7in \u00d6\u011fle Yeme\u011fi ve Ula\u015f\u0131m, 2 farkl\u0131 mangrov ekosisteminin ke\u015ffi, manzaralar ve Simming Havuzlar\u0131 dahildir.<br \/>\nn<br \/>\nnYerel Tur rehberi e\u015fli\u011finde Los Haitises Milli Park\u0131&#039;na Tam G\u00fcnl\u00fck Gezi. Los Haitises Milli Park\u0131&#039;ndaki Cays&#039;\u0131, Mangrovlar\u0131, Bitki \u00d6rt\u00fclerini, Ku\u015f G\u00f6zlemlerini, Ma\u011faralar\u0131, Piktograflar\u0131 ve Los Haitises Milli Park\u0131&#039;ndaki Sabana de la Mar&#039;\u0131n tarihi b\u00f6lgelerini ziyaret etmek. Montana Redonda&#039;da Muhte\u015fem Manzaralar ve \u00d6\u011fle Yeme\u011fi art\u0131 Yanigua \u015felalelerinde Y\u00fczme Havuzlar\u0131.<br \/>\nn<br \/>\nn&nbsp;<br \/>\nn<br \/>\nn<strong>L\u00fctfen Tur tarihini se\u00e7iniz:\u00a0<\/strong><\/p>\n<p>&nbsp;<\/p>\n<div class=\"vc_row wpb_row vc_row-fluid\" ><div class=\"wpb_column vc_column_container vc_col-sm-12\"><div class=\"vc_column-inner\"><div class=\"wpb_wrapper\"><div class=\"mkdf-section-title-holder\" style=\"text-align: left\">\n\t<div class=\"mkdf-st-inner\">\n\t\t\t\t\t<h5 class=\"mkdf-st-subtitle\" >\n\t\t\t\tUla\u015f\u0131m &amp; \u00d6\u011fle Yeme\u011fi Dahil\t\t\t<\/h5>\n\t\t\t\t\t\t\t<h3 class=\"mkdf-st-title\" >\n\t\t\t\tPunta Cana: Los Haitises Ulusal Park\u0131, Yanigua \u015eelaleleri ve Montana Redonda\t\t\t<\/h3>\n\t\t\t\t\t<\/div>\n<\/div><\/div><\/div><\/div><\/div><div class=\"vc_row wpb_row vc_row-fluid\" ><div class=\"wpb_column vc_column_container vc_col-sm-12\"><div class=\"vc_column-inner\"><div class=\"wpb_wrapper\">\n\t<div class=\"wpb_text_column wpb_content_element\" >\n\t\t<div class=\"wpb_wrapper\">\n\t\t\t<p>\nn<\/p>\n<h3>Punta Cana: Los Haitises Ulusal Park\u0131, Yanigua \u015eelaleleri ve Montana Redonda<\/h3>\n<p>n<\/p>\n<h4><b><i>genel bak\u0131\u015f <\/i><\/b><\/h4>\n<p>Punta Cana G\u00fcn\u00fcbirlik Gezisinden Los Haitises Milli Park\u0131 Turu. Punta Cana veya Bavaro&#039;daki otelinizden ba\u015flayarak. Tur rehberimizle Montana Redonda&#039;ya gidece\u011fiz. Dominik Cumhuriyeti&#039;nin en etkileyici manzaralar\u0131ndan birinden muhte\u015fem foto\u011fraflar \u00e7ekmeye zaman\u0131n\u0131z\u0131n oldu\u011fu yer. Bu ilk dura\u011f\u0131m\u0131z\u0131n ard\u0131ndan mangrov a\u011fa\u00e7lar\u0131n\u0131, ma\u011faralar\u0131 ve Jurassic Park&#039;taki gibi \u00fcnl\u00fc kayal\u0131k adalar\u0131 dola\u015f\u0131rken Los Haitises Milli Park\u0131&#039;n\u0131 ziyaret etmeye devam ediyoruz, baz\u0131 at\u0131\u015ft\u0131rmal\u0131klar ve tipik i\u00e7ecekler. Los Haitises Milli Park\u0131 Gezisi Sonras\u0131 Yanigua \u015felalelerinde \u00f6\u011fle yeme\u011fi bizi bekliyor. Yerel ve gastronomik yerel \u00f6\u011fle yeme\u011finin ard\u0131ndan Los Haitises Milli Park\u0131&#039;ndan gelen e\u015fsiz Do\u011fal havuzlarda y\u00fczmek i\u00e7in zaman ay\u0131rmal\u0131s\u0131n\u0131z.<br \/>\nn<br \/>\nnBu deneyimin ard\u0131ndan sizi ald\u0131\u011f\u0131m\u0131z yerden Punta Cana Toplulu\u011fu&#039;na geri d\u00f6neceksiniz.<br \/>\nn<\/p>\n<ul>\nn \t<\/p>\n<li style=\"font-weight: 400;\">\u00dccretler dahil<\/li>\n<p>n \t<\/p>\n<li>\u00d6\u011fle yeme\u011fi<\/li>\n<p>n \t<\/p>\n<li>at\u0131\u015ft\u0131rmal\u0131klar<\/li>\n<p>n \t<\/p>\n<li style=\"font-weight: 400;\">\u0130ngilizce veya Frans\u0131zca Yerel Tur Rehberi<\/li>\n<p>n \t<\/p>\n<li>Toplu ta\u015f\u0131ma<\/li>\n<p>n \t<\/p>\n<li>Bot gezisi<\/li>\n<p>n \t<\/p>\n<li>Montana Redonda<\/li>\n<p>n \t<\/p>\n<li>Yanigua \u015felalesi<\/li>\n<p>n<\/ul>\n<p>n&nbsp;<br \/>\nn<\/p>\n<h4><b>Dahil Edilenler ve Hari\u00e7 Tutulanlar<\/b><\/h4>\n<p>n&nbsp;<br \/>\nn<br \/>\nn<b>Dahil olanlar<\/b><br \/>\nn<\/p>\n<ol>\nn \t<\/p>\n<li style=\"font-weight: 400;\">Los Haitises Turu + Ma\u011faralar ve Piktograflar<\/li>\n<p>n \t<\/p>\n<li>Montana Redonda<\/li>\n<p>n \t<\/p>\n<li>Yanigua \u015eelaleleri<\/li>\n<p>n \t<\/p>\n<li>\u00d6\u011fle yeme\u011fi<\/li>\n<p>n \t<\/p>\n<li>Oteller Punta Cana B\u00f6lgelerinde Al\u0131n\u0131r.<\/li>\n<p>n \t<\/p>\n<li style=\"font-weight: 400;\"><span style=\"font-weight: 400;\">T\u00fcm vergiler, \u00fccretler ve i\u015flem \u00fccretleri<\/span><\/li>\n<p>n \t<\/p>\n<li style=\"font-weight: 400;\"><span style=\"font-weight: 400;\">Yerel vergiler<\/span><\/li>\n<p>n \t<\/p>\n<li style=\"font-weight: 400;\"><span style=\"font-weight: 400;\">\u0130\u00e7ecekler<\/span><\/li>\n<p>n \t<\/p>\n<li>at\u0131\u015ft\u0131rmal\u0131klar<\/li>\n<p>n \t<\/p>\n<li style=\"font-weight: 400;\"><span style=\"font-weight: 400;\">T\u00fcm aktiviteler<\/span><\/li>\n<p>n \t<\/p>\n<li style=\"font-weight: 400;\"><span style=\"font-weight: 400;\">Yerel rehber<\/span><\/li>\n<p>n<\/ol>\n<p>n<b> \u0130stisnalar<\/b><br \/>\nn<\/p>\n<ol>\nn \t<\/p>\n<li style=\"font-weight: 400;\"><span style=\"font-weight: 400;\">Bah\u015fi\u015fler<\/span><\/li>\n<p>n \t<\/p>\n<li style=\"font-weight: 400;\"><span style=\"font-weight: 400;\">Alkoll\u00fc i\u00e7ecekler<\/span><\/li>\n<p>n<\/ol>\n<p>n&nbsp;<br \/>\nn<\/p>\n<h4><em><strong>Gidi\u015f &amp; D\u00f6n\u00fc\u015f<\/strong><\/em><\/h4>\n<p>n<span style=\"font-weight: 400;\">Gezgin, Rezervasyon \u0130\u015fleminden sonra bir bulu\u015fma noktas\u0131 alacakt\u0131r. Turlar bulu\u015fma noktalar\u0131n\u0131zda ba\u015flar ve biter.<\/span><br \/>\nn<\/p>\n<h4><\/h4>\n<p>n<\/p>\n<h3>Punta Cana: Los Haitises Ulusal Park\u0131, Yanigua \u015eelaleleri ve Montana Redonda<\/h3>\n<p>n<\/p>\n<h4><b><i>Ne bekleyebilece\u011finizi?<\/i><\/b><\/h4>\n<p>n<em><strong>biletlerinizi al\u0131n<\/strong><\/em> Punta Cana&#039;dan Los Haitises Ulusal Park\u0131 Turunu ziyaret etti\u011finiz i\u00e7in.<br \/>\nn<br \/>\nnThe\u00a0<strong>Dominik Cumhuriyeti&#039;nin tropikal do\u011fas\u0131<\/strong>\u00a0ana biridir\u00a0<strong>turistik yerler<\/strong>\u00a0\u00fclkede. Bug\u00fcn size bir \u00f6nermek istiyoruz\u00a0<strong>benzersiz gezi<\/strong>\u00a0Punta Cana&#039;dan yapabilece\u011finiz ve buna manzaralar\u0131n sizi suskun b\u0131rakaca\u011f\u0131 \u00fc\u00e7 yeri ziyaret etmek dahildir.<br \/>\nn<br \/>\nBunlardan ilki\u00a0<em>Yuvarlak Da\u011f<\/em>son y\u0131llarda lezzetiyle \u00fcnlenen bir yer.\u00a0<strong>Panoramik manzara<\/strong>\u00a0Karayipler \u00fczerinde, nerede\u00a0<strong>sal\u0131ncakta anl\u0131k g\u00f6r\u00fcnt\u00fcler<\/strong>\u00a0ufka do\u011fru bakmas\u0131 onu\u00a0<strong>Dominik Cumhuriyeti&#039;nde en \u00e7ok foto\u011fraflanan yerler<\/strong>.<br \/>\nn<br \/>\nn<strong>Los Haitises Milli Park\u0131<\/strong>\u00a0haritadaki bir sonraki var\u0131\u015f noktam\u0131z,\u00a0<strong>deniz, mangrovlar, ormanlar<\/strong>\u00a0ve hatta\u00a0<strong>arkeolojik kal\u0131nt\u0131lar<\/strong>\u00a0ma\u011faralarda gizlenmi\u015f, her \u015feyi ortaya \u00e7\u0131kar\u00a0<strong>\u00fclkenin sundu\u011fu do\u011fal \u00e7ekicilik<\/strong>. Bitki \u00f6rt\u00fcs\u00fcyle dolu k\u00fc\u00e7\u00fck tepeleri, sadece burada bulabilece\u011finiz ku\u015f g\u00f6zlemcili\u011fi i\u00e7in de m\u00fckemmel bir yer.<br \/>\nn<br \/>\nnPark\u0131n i\u00e7inde ba\u015fka bir tane daha var\u00a0<strong>b\u00fcy\u00fcl\u00fc yer: Yanigua \u00c7iftli\u011fi \u015eelaleleri<\/strong>. Bu muhte\u015fem \u015felale,\u00a0<strong>ba\u011flant\u0131y\u0131 kesmek i\u00e7in m\u00fckemmel bir yer<\/strong>\u00a0S\u0131k bir bitki \u00f6rt\u00fcs\u00fcyle \u00e7evrili Punta Cana&#039;n\u0131n turist kalabal\u0131\u011f\u0131ndan, asl\u0131nda \u00f6yle olmasa da en yak\u0131n kasabaya 100 kilometreden fazla uzakta oldu\u011fumuzu d\u00fc\u015f\u00fcnd\u00fcr\u00fcyor.<br \/>\nn<\/p>\n<div class=\"body-description secondary\">\nn<br \/>\nn\u00d6\u011fle yeme\u011finin ard\u0131ndan Punta Cana&#039;ya d\u00f6n\u00fcyoruz!!<br \/>\nn<\/p>\n<h2 id=\"headline-62-1277\" class=\"ct-headline\">tur g\u00fczergah\u0131<\/h2>\n<p>n<\/p>\n<div id=\"_rich_text-77-1277\" class=\"oxy-rich-text\">\nn<br \/>\nnBu gezinin g\u00fczergah\u0131 a\u015fa\u011f\u0131daki gibidir:<br \/>\nn<\/p>\n<ul>\nn \t<\/p>\n<li><strong>06:50<\/strong>\u00a0\u2013 Sizi otelinizden al\u0131n.<\/li>\n<p>n \t<\/p>\n<li><strong>08:30<\/strong>\u00a0\u2013 T\u00fcm \u00fclkede e\u015fsiz bir manzara olan yuvarlak da\u011fa var\u0131\u015f.<\/li>\n<p>n \t<\/p>\n<li><strong>sabah 10:30<\/strong>\u00a0\u2013 S\u00fcrat teknesi ile Sabana de la Mar&#039;dan Haitises Ulusal Park\u0131&#039;na do\u011fru hareket edilir. yolda g\u00f6rece\u011fiz\u00a0<strong>egzotik ku\u015flar<\/strong>, ve varaca\u011f\u0131z\u00a0<strong>ma\u011faralar<\/strong>\u00a0nerede g\u00f6rebilirsin\u00a0<strong>yerli resimler<\/strong>.<\/li>\n<p>n \t<\/p>\n<li><strong>12:30<\/strong>\u00a0<strong>\u00f6\u011fleden sonra\u00a0<\/strong>\u2013 \u00d6\u011fle yeme\u011fi yemek ve suya dalmak i\u00e7in m\u00fckemmel bir yer olan Yanigua \u00c7iftli\u011fi \u015eelalelerine ula\u015fana kadar orman\u0131n derinliklerine inin. Ayr\u0131ca terap\u00f6tik bir \u00e7amur banyosu da yapabilirsiniz.<\/li>\n<p>n \t<\/p>\n<li><strong>02:00<\/strong>\u00a0<strong>\u00f6\u011fleden sonra<\/strong>\u00a0\u2013 tadabilirsiniz\u00a0<strong>kahve ve kakao<\/strong>\u00a0yerel \u00e7iftliklerden ve \u00e7iftliklerden.<\/li>\n<p>n \t<\/p>\n<li><strong>03:00<\/strong>\u00a0<strong>\u00f6\u011fleden sonra<\/strong>\u2013 ziyaret edin\u00a0<strong>mavi kehribar madeni<\/strong>.<\/li>\n<p>n \t<\/p>\n<li><strong>04:30 pm<\/strong>\u00a0\u2013 Haitises Milli Park\u0131&#039;n\u0131n ihti\u015fam\u0131n\u0131 g\u00f6rebilece\u011finiz foto\u011frafik bir bak\u0131\u015f noktas\u0131nda durun.<\/li>\n<p>n \t<\/p>\n<li><strong>05:00 pm<\/strong>\u00a0\u2013 Son olarak bir rehber bizi mekan\u0131n en merak edilen yap\u0131lar\u0131ndan birine g\u00f6t\u00fcrecek,\u00a0<em>Tarzan&#039;\u0131n evi<\/em>100 fitten y\u00fcksek bir a\u011fa\u00e7ta bulunan.<\/li>\n<p>n \t<\/p>\n<li><strong>18:00<\/strong>\u00a0\u2013 Ula\u015f\u0131m\u0131m\u0131z ile otellere d\u00f6n\u00fc\u015f.<\/li>\n<p>n<\/ul>\n<p>n<em>* Yukar\u0131da belirtilen s\u00fcreler yakla\u015f\u0131kt\u0131r.<\/em><br \/>\nn<br \/>\nn<\/div>\n<p>n\n<\/p><\/div>\n<p>Bu seyahatin daha uzun veya daha k\u0131sa olmas\u0131n\u0131 isterseniz bizimle ileti\u015fime ge\u00e7meniz yeterli.<br \/>\nn<br \/>\nn&nbsp;<br \/>\nn<\/p>\n<h4><em><strong>Ne getirmelisin?<\/strong><\/em><\/h4>\n<p>n<\/p>\n<ul>\nn \t<\/p>\n<li style=\"font-weight: 400;\"><span style=\"font-weight: 400;\">Kamera<\/span><\/li>\n<p>n \t<\/p>\n<li style=\"font-weight: 400;\"><span style=\"font-weight: 400;\">Kovucu tomurcuklar<\/span><\/li>\n<p>n \t<\/p>\n<li style=\"font-weight: 400;\"><span style=\"font-weight: 400;\">G\u00fcne\u015f kremi<\/span><\/li>\n<p>n \t<\/p>\n<li style=\"font-weight: 400;\"><span style=\"font-weight: 400;\">\u015eapka<\/span><\/li>\n<p>n \t<\/p>\n<li style=\"font-weight: 400;\"><span style=\"font-weight: 400;\">rahat pantolon<\/span><\/li>\n<p>n \t<\/p>\n<li style=\"font-weight: 400;\"><span style=\"font-weight: 400;\">Orman i\u00e7in y\u00fcr\u00fcy\u00fc\u015f ayakkab\u0131s\u0131<\/span><\/li>\n<p>n \t<\/p>\n<li style=\"font-weight: 400;\"><span style=\"font-weight: 400;\">Bahar b\u00f6lgelerine sandalet.<\/span><\/li>\n<p>n \t<\/p>\n<li style=\"font-weight: 400;\"><span style=\"font-weight: 400;\">Y\u00fczme giysileri<\/span><\/li>\n<p>n<\/ul>\n<p>n&nbsp;<br \/>\nn<\/p>\n<h4><b><i>otelden alma <\/i><\/b><\/h4>\n<p>n<span style=\"font-weight: 400;\">Bu tur i\u00e7in otelden alma hizmeti sunulmaktad\u0131r. Burada Otel Ad\u0131n\u0131 ve saatini se\u00e7in. Otelinizin listede olmamas\u0131 durumunda l\u00fctfen Bize Ula\u015f\u0131n.<\/span><br \/>\nn<br \/>\nn&nbsp;<br \/>\nn<br \/>\nn<b>Not:<\/b><span style=\"font-weight: 400;\"> Tur\/Gezi kalk\u0131\u015f saatinden sonraki 24 saat i\u00e7inde rezervasyon yap\u0131yorsan\u0131z, otelden alma ayarlayabiliriz. Sat\u0131n alma i\u015fleminiz tamamland\u0131\u011f\u0131nda, teslim alma d\u00fczenlemelerini organize etmesi i\u00e7in size yerel Tur rehberimizin eksiksiz ileti\u015fim bilgilerini (telefon numaras\u0131, e-posta adresi vb.) g\u00f6nderece\u011fiz.<\/span><br \/>\nn<\/p>\n<h4><b><i>Ek Bilgi Onay\u0131 <\/i><\/b><\/h4>\n<p>n<\/p>\n<ol>\nn \t<\/p>\n<li>Biletler, bu Turu \u00f6dedikten sonra Makbuzdur. \u00d6demeyi telefonunuzda g\u00f6sterebilirsiniz.<\/li>\n<p>n \t<\/p>\n<li style=\"font-weight: 400;\"><span style=\"font-weight: 400;\">Bulu\u015fma Noktas\u0131 Rezervasyon \u0130\u015fleminden Sonra Al\u0131nacakt\u0131r.<\/span><\/li>\n<p>n \t<\/p>\n<li style=\"font-weight: 400;\"><span style=\"font-weight: 400;\">\u00c7ocuklara bir yeti\u015fkin e\u015flik etmelidir.<\/span><\/li>\n<p>n \t<\/p>\n<li style=\"font-weight: 400;\"><span style=\"font-weight: 400;\"> Tekerlekli sandalye eri\u015fimine uygun de\u011fil <\/span><\/li>\n<p>n \t<\/p>\n<li style=\"font-weight: 400;\"><span style=\"font-weight: 400;\">Bebekler kuca\u011fa oturmal\u0131 <\/span><\/li>\n<p>n \t<\/p>\n<li style=\"font-weight: 400;\"><span style=\"font-weight: 400;\">S\u0131rt sorunu olan gezginler i\u00e7in \u00f6nerilmez<\/span><\/li>\n<p>n \t<\/p>\n<li style=\"font-weight: 400;\"><span style=\"font-weight: 400;\">Hamile gezginler i\u00e7in \u00f6nerilmez <\/span><\/li>\n<p>n \t<\/p>\n<li style=\"font-weight: 400;\"><span style=\"font-weight: 400;\"> Kalp problemi veya di\u011fer ciddi t\u0131bbi durumlar yok <\/span><\/li>\n<p>n \t<\/p>\n<li style=\"font-weight: 400;\"><span style=\"font-weight: 400;\">\u00c7o\u011fu gezgin kat\u0131labilir<\/span><\/li>\n<p>n<\/ol>\n<p>n<\/p>\n<h4><b><i>\u0130ptal politikas\u0131<\/i><\/b><\/h4>\n<p>nTam para iadesi i\u00e7in l\u00fctfen \u0130ptal politikalar\u0131m\u0131z\u0131 okuyun\u00a0<a href=\"https:\/\/www.boattoursamana.com\/tr\/cevrimici-rezervasyon\/\" target=\"_blank\" rel=\"noopener\" data-saferedirecturl=\"https:\/\/www.google.com\/url?q=https:\/\/www.boattoursamana.com\/online-booking\/&amp;source=gmail&amp;ust=1672308980019000&amp;usg=AOvVaw26v5FL8g3-3hyHN76KOvdD\">Buraya T\u0131kla<\/a>. Seyahatle ayn\u0131 g\u00fcn rezervasyon iptal edilirse para kaybedilecektir.<\/p>\n\n\t\t<\/div>\n\t<\/div>\n<\/div><\/div><\/div><\/div><div class=\"vc_row wpb_row vc_row-fluid\" ><div class=\"wpb_column vc_column_container vc_col-sm-12\"><div class=\"vc_column-inner\"><div class=\"wpb_wrapper\"><div class=\"vc_empty_space\"   style=\"height: 32px\"><span class=\"vc_empty_space_inner\"><\/span><\/div>\n\t<div class=\"wpb_video_widget wpb_content_element vc_clearfix   vc_video-aspect-ratio-169 vc_video-el-width-100 vc_video-align-left\" >\n\t\t<div class=\"wpb_wrapper\">\n\t\t\t<h2 class=\"wpb_heading wpb_video_heading\">Los Haitises Ulusal Park\u0131 Videosu:<\/h2>\n\t\t\t<div class=\"wpb_video_wrapper\"><iframe loading=\"lazy\" title=\"Los Haitises Ulusal Park\u0131, Samana veya Sabana de la Mar&#039;dan Turlar ve Geziler. Buradan Rezervasyon Yap\u0131n:\" src=\"https:\/\/player.vimeo.com\/video\/346508015?dnt=1&amp;app_id=122963\" width=\"1100\" height=\"619\" frameborder=\"0\" allow=\"autoplay; fullscreen; picture-in-picture\" allowfullscreen><\/iframe><\/div>\n\t\t<\/div>\n\t<\/div>\n<div class=\"vc_empty_space\"   style=\"height: 32px\"><span class=\"vc_empty_space_inner\"><\/span><\/div><\/div><\/div><\/div><\/div><div class=\"vc_row wpb_row vc_row-fluid\" ><div class=\"wpb_column vc_column_container vc_col-sm-12\"><div class=\"vc_column-inner\"><div class=\"wpb_wrapper\"><div class=\"vc_empty_space\"   style=\"height: 32px\"><span class=\"vc_empty_space_inner\"><\/span><\/div>\n\t<div class=\"wpb_text_column wpb_content_element\" >\n\t\t<div class=\"wpb_wrapper\">\n\t\t\t<p>\nn<\/p>\n<h4>Bize Ula\u015f\u0131n?<\/h4>\n<p>n<\/p>\n<h5><em><strong>Rezervasyon Maceralar\u0131<\/strong><\/em><\/h5>\n<p>n<em><strong>Yerliler<\/strong>\u00a0ve\u00a0<strong>uyruklular<\/strong>\u00a0Tur Rehberleri ve Misafir Hizmetleri<\/em><br \/>\nn<br \/>\nn<span class=\"text-turquoise\">Rezervasyonlar:<\/span>\u00a0Dom s\u0131n\u0131rlar\u0131ndaki Turlar ve Geziler temsilci<br \/>\nn<br \/>\nn<img decoding=\"async\" class=\"emoji\" draggable=\"false\" src=\"https:\/\/s.w.org\/images\/core\/emoji\/11.2.0\/svg\/1f4de.svg\" alt=\" \" title=\"\">\u00a0Tel \/ Naber\u00a0\u00a0<a href=\"tel:+1-809-720-6035\">+1-809-720-6035<\/a>.<br \/>\nn<br \/>\nn<img decoding=\"async\" class=\"emoji\" draggable=\"false\" src=\"https:\/\/s.w.org\/images\/core\/emoji\/11.2.0\/svg\/1f4e9.svg\" alt=\" \" title=\"\">\u00a0<a href=\"mailto:info@bookingadventures.com.do\">info@bookingadventures.com.do<\/a><br \/>\nn<br \/>\nn<strong>Whatsapp ile Esnek \u00d6zel Turlar Ayarl\u0131yoruz:\u00a0<a href=\"tel:+18097206035\">+18097206035.<\/a><\/strong><\/p>\n\n\t\t<\/div>\n\t<\/div>\n<div class=\"vc_empty_space\"   style=\"height: 32px\"><span class=\"vc_empty_space_inner\"><\/span><\/div><\/div><\/div><\/div><\/div>","protected":false},"excerpt":{"rendered":"<p>Excursion from Punta Cana: Los Haitises National Park, Yanigua Waterfalls &amp; Montana Redonda. Includes Lunch and Transportation for a visit to the 3 main caves, an exploration of 2 different mangroves ecosystems, views, and Simming Pools. n nFull Day Trip to Los Haitises National Park with a Local Tour guide. Visiting the Cays in Los Haitises National Park, Mangroves, Vegetation, Birding, Caves, Pictographs and the historical areas of Sabana de la Mar in Los Haitises National Park. Amazing Views in [&hellip;]<\/p>\n","protected":false},"author":2,"featured_media":0,"parent":0,"menu_order":0,"comment_status":"open","ping_status":"closed","template":"","meta":{"footnotes":""},"class_list":["post-15879","page","type-page","status-publish","hentry"],"_links":{"self":[{"href":"https:\/\/www.boattoursamana.com\/tr\/wp-json\/wp\/v2\/pages\/15879","targetHints":{"allow":["GET"]}}],"collection":[{"href":"https:\/\/www.boattoursamana.com\/tr\/wp-json\/wp\/v2\/pages"}],"about":[{"href":"https:\/\/www.boattoursamana.com\/tr\/wp-json\/wp\/v2\/types\/page"}],"author":[{"embeddable":true,"href":"https:\/\/www.boattoursamana.com\/tr\/wp-json\/wp\/v2\/users\/2"}],"replies":[{"embeddable":true,"href":"https:\/\/www.boattoursamana.com\/tr\/wp-json\/wp\/v2\/comments?post=15879"}],"version-history":[{"count":0,"href":"https:\/\/www.boattoursamana.com\/tr\/wp-json\/wp\/v2\/pages\/15879\/revisions"}],"wp:attachment":[{"href":"https:\/\/www.boattoursamana.com\/tr\/wp-json\/wp\/v2\/media?parent=15879"}],"curies":[{"name":"wp","href":"https:\/\/api.w.org\/{rel}","templated":true}]}}